{"id":27917,"date":"2023-07-03T11:17:39","date_gmt":"2023-07-03T09:17:39","guid":{"rendered":"https:\/\/mondopelle.it\/ueber-uns\/"},"modified":"2025-05-01T19:21:24","modified_gmt":"2025-05-01T17:21:24","slug":"ueber-uns","status":"publish","type":"page","link":"https:\/\/mondopelle.it\/de\/ueber-uns\/","title":{"rendered":"\u00dcber uns"},"content":{"rendered":"\t\t<div data-elementor-type=\"wp-page\" data-elementor-id=\"27917\" class=\"elementor elementor-27917 elementor-9033\" data-elementor-post-type=\"page\">\n\t\t\t\t<div class=\"elementor-element elementor-element-56c56bc e-flex e-con-boxed e-con e-parent\" data-id=\"56c56bc\" data-element_type=\"container\">\n\t\t\t\t\t<div class=\"e-con-inner\">\n\t\t\t\t<div class=\"elementor-element elementor-element-0ba0469 elementor-widget elementor-widget-text-editor\" data-id=\"0ba0469\" data-element_type=\"widget\" data-widget_type=\"text-editor.default\">\n\t\t\t\t<div class=\"elementor-widget-container\">\n\t\t\t\t\t\t\t\t\t<p>Aufgrund unserer jahrzehntelangen Erfahrung bei der Suche nach Unternehmen, die handgefertigte Schuhe herstellen, bieten wir Ihnen eine gro\u00dfe Auswahl an Artikeln, die mit Sorgfalt von italienischen Designern und Meistern entworfen und hergestellt werden.<\/p>\n<p>Die Materialien und die Produktion sind von hoher Qualit\u00e4t und entsprechen den geltenden Branchenvorschriften.<\/p>\n<p>Die Wahl der richtigen Taschen und Schuhe, um unser Outfit zu vervollst\u00e4ndigen, kann den entscheidenden Unterschied in Bezug auf Stil und Komfort ausmachen. Jedes Outfit erfordert eine pr\u00e4zise Kombination von Stoffen, Farben und Accessoires, daher ist es wichtig, eine vern\u00fcnftige Auswahl zu treffen. Eine gut gew\u00e4hlte Tasche kann unserem Look je nach Anlass einen Hauch von Eleganz oder L\u00e4ssigkeit verleihen. Schuhe hingegen sind das Element, das unseren Stil am meisten bestimmt und unsere Haltung und den Komfort unserer F\u00fc\u00dfe beeinflussen kann. Ein passendes Paar Schuhe gibt nicht nur Selbstvertrauen und Selbstwertgef\u00fchl, sondern erleichtert uns auch den Alltag. W\u00e4hlen Sie also sorgf\u00e4ltig die Taschen und Schuhe aus, die zu Ihrem Outfit passen, und entdecken Sie deren Sch\u00f6nheit und Komfort.<\/p>\n\t\t\t\t\t\t\t\t<\/div>\n\t\t\t\t<\/div>\n\t\t\t\t\t<\/div>\n\t\t\t\t<\/div>\n\t\t<div class=\"elementor-element elementor-element-c5ffe2d e-flex e-con-boxed e-con e-parent\" data-id=\"c5ffe2d\" data-element_type=\"container\">\n\t\t\t\t\t<div class=\"e-con-inner\">\n\t\t<div class=\"elementor-element elementor-element-3478257 e-con-full e-flex e-con e-child\" data-id=\"3478257\" data-element_type=\"container\">\n\t\t\t\t<div class=\"elementor-element elementor-element-3be2bbb elementor-widget elementor-widget-text-editor\" data-id=\"3be2bbb\" data-element_type=\"widget\" data-settings=\"{&quot;_animation_mobile&quot;:&quot;zoomIn&quot;}\" data-widget_type=\"text-editor.default\">\n\t\t\t\t<div class=\"elementor-widget-container\">\n\t\t\t\t\t\t\t\t\t<p>ALICE srl<br \/>email: mondopelle.it@gmail.com, <br \/>tel. \u202a[+39] 3389475674\u202c \u2013 Codice fiscale e Partita IVA: IT03978080400 \u2013 REA FO324723 \u2013 Capitale Sociale \u20ac 20.000,00<\/p>\t\t\t\t\t\t\t\t<\/div>\n\t\t\t\t<\/div>\n\t\t\t\t<\/div>\n\t\t\t\t\t<\/div>\n\t\t\t\t<\/div>\n\t\t\t\t<\/div>\n\t\t","protected":false},"excerpt":{"rendered":"<p>Aufgrund unserer jahrzehntelangen Erfahrung bei der Suche nach Unternehmen, die handgefertigte Schuhe herstellen, bieten wir Ihnen eine gro\u00dfe Auswahl an Artikeln, die mit Sorgfalt von italienischen Designern und Meistern entworfen und hergestellt werden. Die Materialien und die Produktion sind von hoher Qualit\u00e4t und entsprechen den geltenden Branchenvorschriften. Die Wahl der richtigen Taschen und Schuhe, um unser Outfit zu vervollst\u00e4ndigen, kann den entscheidenden Unterschied in Bezug auf Stil und Komfort ausmachen. Jedes Outfit erfordert eine pr\u00e4zise&#8230;<\/p>\n","protected":false},"author":1,"featured_media":0,"parent":0,"menu_order":0,"comment_status":"closed","ping_status":"closed","template":"","meta":{"footnotes":""},"class_list":["post-27917","page","type-page","status-publish","hentry"],"yoast_head":"<!-- This site is optimized with the Yoast SEO plugin v27.3 - https:\/\/yoast.com\/product\/yoast-seo-wordpress\/ -->\n<title>\u00dcber uns - Mondopelle<\/title>\n<meta name=\"description\" content=\"Modische Schuhe aus echtem Leder f\u00fcr Damen im Online-Verkauf mit kostenloser Lieferung und Zahlung bei Lieferung\" \/>\n<meta name=\"robots\" content=\"index, follow, max-snippet:-1, max-image-preview:large, max-video-preview:-1\" \/>\n<link rel=\"canonical\" href=\"https:\/\/mondopelle.it\/de\/ueber-uns\/\" \/>\n<meta property=\"og:locale\" content=\"de_DE\" \/>\n<meta property=\"og:type\" content=\"article\" \/>\n<meta property=\"og:title\" content=\"\u00dcber uns - Mondopelle\" \/>\n<meta property=\"og:description\" content=\"Modische Schuhe aus echtem Leder f\u00fcr Damen im Online-Verkauf mit kostenloser Lieferung und Zahlung bei Lieferung\" \/>\n<meta property=\"og:url\" content=\"https:\/\/mondopelle.it\/de\/ueber-uns\/\" \/>\n<meta property=\"og:site_name\" content=\"Mondopelle\" \/>\n<meta property=\"article:publisher\" content=\"https:\/\/www.facebook.com\/mondopelle\/\" \/>\n<meta property=\"article:modified_time\" content=\"2025-05-01T17:21:24+00:00\" \/>\n<meta name=\"twitter:card\" content=\"summary_large_image\" \/>\n<meta name=\"twitter:label1\" content=\"Gesch\u00e4tzte Lesezeit\" \/>\n\t<meta name=\"twitter:data1\" content=\"2\u00a0Minuten\" \/>\n<script type=\"application\/ld+json\" class=\"yoast-schema-graph\">{\"@context\":\"https:\\\/\\\/schema.org\",\"@graph\":[{\"@type\":\"WebPage\",\"@id\":\"https:\\\/\\\/mondopelle.it\\\/de\\\/ueber-uns\\\/\",\"url\":\"https:\\\/\\\/mondopelle.it\\\/de\\\/ueber-uns\\\/\",\"name\":\"\u00dcber uns - Mondopelle\",\"isPartOf\":{\"@id\":\"https:\\\/\\\/mondopelle.it\\\/de\\\/#website\"},\"datePublished\":\"2023-07-03T09:17:39+00:00\",\"dateModified\":\"2025-05-01T17:21:24+00:00\",\"description\":\"Modische Schuhe aus echtem Leder f\u00fcr Damen im Online-Verkauf mit kostenloser Lieferung und Zahlung bei Lieferung\",\"breadcrumb\":{\"@id\":\"https:\\\/\\\/mondopelle.it\\\/de\\\/ueber-uns\\\/#breadcrumb\"},\"inLanguage\":\"de\",\"potentialAction\":[{\"@type\":\"ReadAction\",\"target\":[\"https:\\\/\\\/mondopelle.it\\\/de\\\/ueber-uns\\\/\"]}]},{\"@type\":\"BreadcrumbList\",\"@id\":\"https:\\\/\\\/mondopelle.it\\\/de\\\/ueber-uns\\\/#breadcrumb\",\"itemListElement\":[{\"@type\":\"ListItem\",\"position\":1,\"name\":\"Start Seite\",\"item\":\"https:\\\/\\\/mondopelle.it\\\/de\\\/home-new\\\/\"},{\"@type\":\"ListItem\",\"position\":2,\"name\":\"\u00dcber uns\"}]},{\"@type\":\"WebSite\",\"@id\":\"https:\\\/\\\/mondopelle.it\\\/de\\\/#website\",\"url\":\"https:\\\/\\\/mondopelle.it\\\/de\\\/\",\"name\":\"Mondopelle\",\"description\":\"\",\"publisher\":{\"@id\":\"https:\\\/\\\/mondopelle.it\\\/de\\\/#organization\"},\"potentialAction\":[{\"@type\":\"SearchAction\",\"target\":{\"@type\":\"EntryPoint\",\"urlTemplate\":\"https:\\\/\\\/mondopelle.it\\\/de\\\/?s={search_term_string}\"},\"query-input\":{\"@type\":\"PropertyValueSpecification\",\"valueRequired\":true,\"valueName\":\"search_term_string\"}}],\"inLanguage\":\"de\"},{\"@type\":\"Organization\",\"@id\":\"https:\\\/\\\/mondopelle.it\\\/de\\\/#organization\",\"name\":\"Mondopelle\",\"url\":\"https:\\\/\\\/mondopelle.it\\\/de\\\/\",\"logo\":{\"@type\":\"ImageObject\",\"inLanguage\":\"de\",\"@id\":\"https:\\\/\\\/mondopelle.it\\\/de\\\/#\\\/schema\\\/logo\\\/image\\\/\",\"url\":\"https:\\\/\\\/mondopelle.it\\\/wp-content\\\/uploads\\\/2023\\\/07\\\/logo_mp-283x55-1.png\",\"contentUrl\":\"https:\\\/\\\/mondopelle.it\\\/wp-content\\\/uploads\\\/2023\\\/07\\\/logo_mp-283x55-1.png\",\"width\":283,\"height\":55,\"caption\":\"Mondopelle\"},\"image\":{\"@id\":\"https:\\\/\\\/mondopelle.it\\\/de\\\/#\\\/schema\\\/logo\\\/image\\\/\"},\"sameAs\":[\"https:\\\/\\\/www.facebook.com\\\/mondopelle\\\/\",\"https:\\\/\\\/www.instagram.com\\\/mondopelle\\\/\"]}]}<\/script>\n<!-- \/ Yoast SEO plugin. -->","yoast_head_json":{"title":"\u00dcber uns - Mondopelle","description":"Modische Schuhe aus echtem Leder f\u00fcr Damen im Online-Verkauf mit kostenloser Lieferung und Zahlung bei Lieferung","robots":{"index":"index","follow":"follow","max-snippet":"max-snippet:-1","max-image-preview":"max-image-preview:large","max-video-preview":"max-video-preview:-1"},"canonical":"https:\/\/mondopelle.it\/de\/ueber-uns\/","og_locale":"de_DE","og_type":"article","og_title":"\u00dcber uns - Mondopelle","og_description":"Modische Schuhe aus echtem Leder f\u00fcr Damen im Online-Verkauf mit kostenloser Lieferung und Zahlung bei Lieferung","og_url":"https:\/\/mondopelle.it\/de\/ueber-uns\/","og_site_name":"Mondopelle","article_publisher":"https:\/\/www.facebook.com\/mondopelle\/","article_modified_time":"2025-05-01T17:21:24+00:00","twitter_card":"summary_large_image","twitter_misc":{"Gesch\u00e4tzte Lesezeit":"2\u00a0Minuten"},"schema":{"@context":"https:\/\/schema.org","@graph":[{"@type":"WebPage","@id":"https:\/\/mondopelle.it\/de\/ueber-uns\/","url":"https:\/\/mondopelle.it\/de\/ueber-uns\/","name":"\u00dcber uns - Mondopelle","isPartOf":{"@id":"https:\/\/mondopelle.it\/de\/#website"},"datePublished":"2023-07-03T09:17:39+00:00","dateModified":"2025-05-01T17:21:24+00:00","description":"Modische Schuhe aus echtem Leder f\u00fcr Damen im Online-Verkauf mit kostenloser Lieferung und Zahlung bei Lieferung","breadcrumb":{"@id":"https:\/\/mondopelle.it\/de\/ueber-uns\/#breadcrumb"},"inLanguage":"de","potentialAction":[{"@type":"ReadAction","target":["https:\/\/mondopelle.it\/de\/ueber-uns\/"]}]},{"@type":"BreadcrumbList","@id":"https:\/\/mondopelle.it\/de\/ueber-uns\/#breadcrumb","itemListElement":[{"@type":"ListItem","position":1,"name":"Start Seite","item":"https:\/\/mondopelle.it\/de\/home-new\/"},{"@type":"ListItem","position":2,"name":"\u00dcber uns"}]},{"@type":"WebSite","@id":"https:\/\/mondopelle.it\/de\/#website","url":"https:\/\/mondopelle.it\/de\/","name":"Mondopelle","description":"","publisher":{"@id":"https:\/\/mondopelle.it\/de\/#organization"},"potentialAction":[{"@type":"SearchAction","target":{"@type":"EntryPoint","urlTemplate":"https:\/\/mondopelle.it\/de\/?s={search_term_string}"},"query-input":{"@type":"PropertyValueSpecification","valueRequired":true,"valueName":"search_term_string"}}],"inLanguage":"de"},{"@type":"Organization","@id":"https:\/\/mondopelle.it\/de\/#organization","name":"Mondopelle","url":"https:\/\/mondopelle.it\/de\/","logo":{"@type":"ImageObject","inLanguage":"de","@id":"https:\/\/mondopelle.it\/de\/#\/schema\/logo\/image\/","url":"https:\/\/mondopelle.it\/wp-content\/uploads\/2023\/07\/logo_mp-283x55-1.png","contentUrl":"https:\/\/mondopelle.it\/wp-content\/uploads\/2023\/07\/logo_mp-283x55-1.png","width":283,"height":55,"caption":"Mondopelle"},"image":{"@id":"https:\/\/mondopelle.it\/de\/#\/schema\/logo\/image\/"},"sameAs":["https:\/\/www.facebook.com\/mondopelle\/","https:\/\/www.instagram.com\/mondopelle\/"]}]}},"_links":{"self":[{"href":"https:\/\/mondopelle.it\/de\/wp-json\/wp\/v2\/pages\/27917","targetHints":{"allow":["GET"]}}],"collection":[{"href":"https:\/\/mondopelle.it\/de\/wp-json\/wp\/v2\/pages"}],"about":[{"href":"https:\/\/mondopelle.it\/de\/wp-json\/wp\/v2\/types\/page"}],"author":[{"embeddable":true,"href":"https:\/\/mondopelle.it\/de\/wp-json\/wp\/v2\/users\/1"}],"replies":[{"embeddable":true,"href":"https:\/\/mondopelle.it\/de\/wp-json\/wp\/v2\/comments?post=27917"}],"version-history":[{"count":0,"href":"https:\/\/mondopelle.it\/de\/wp-json\/wp\/v2\/pages\/27917\/revisions"}],"wp:attachment":[{"href":"https:\/\/mondopelle.it\/de\/wp-json\/wp\/v2\/media?parent=27917"}],"curies":[{"name":"wp","href":"https:\/\/api.w.org\/{rel}","templated":true}]}}