{"id":27954,"date":"2023-07-03T11:17:39","date_gmt":"2023-07-03T09:17:39","guid":{"rendered":"https:\/\/mondopelle.it\/zahlung-und-lieferung\/"},"modified":"2023-10-25T18:21:27","modified_gmt":"2023-10-25T16:21:27","slug":"zahlung-und-lieferung","status":"publish","type":"page","link":"https:\/\/mondopelle.it\/de\/zahlung-und-lieferung\/","title":{"rendered":"Zahlung und Lieferung"},"content":{"rendered":"\t\t<div data-elementor-type=\"wp-page\" data-elementor-id=\"27954\" class=\"elementor elementor-27954 elementor-9031\" data-elementor-post-type=\"page\">\n\t\t\t\t<div class=\"elementor-element elementor-element-4b59b79 e-flex e-con-boxed e-con e-parent\" data-id=\"4b59b79\" data-element_type=\"container\">\n\t\t\t\t\t<div class=\"e-con-inner\">\n\t\t<div class=\"elementor-element elementor-element-16206b8 e-con-full e-flex e-con e-child\" data-id=\"16206b8\" data-element_type=\"container\">\n\t\t\t\t<div class=\"elementor-element elementor-element-a71a5fe elementor-widget elementor-widget-text-editor\" data-id=\"a71a5fe\" data-element_type=\"widget\" data-widget_type=\"text-editor.default\">\n\t\t\t\t<div class=\"elementor-widget-container\">\n\t\t\t\t\t\t\t\t\t<p style=\"text-align: left;\"> Unsere Waren werden von Rimini, Italien, aus versandt und wir sind bereit, sie innerhalb von 7-14 Arbeitstagen in die ganze Welt zu liefern.<br \/> Nachdem Ihre Bestellung im Online-Shop aufgegeben wurde, wird automatisch eine Rechnung erstellt, in der der Kaufpreis (Warenwert + Versandkosten) angegeben ist.<br \/> Der Preis des Produkts beinhaltet nicht den Versand der Schuhe aus Italien.<br \/> Eine Eilversandgeb\u00fchr f\u00fcr Ihren Einkauf aus Italien wird Ihrer Bestellrechnung hinzugef\u00fcgt, die vom Zielland und dem Gewicht des Pakets abh\u00e4ngt. Je h\u00f6her das Gewicht des Pakets ist, desto g\u00fcnstiger sind die Kosten pro kg.<\/p>\n<p style=\"text-align: left;\"> Die Lieferzeiten h\u00e4ngen nur vom Kurierdienst und der Geschwindigkeit der Zollabfertigung ab. Nachdem Sie Ihre Bestellung aufgegeben und bezahlt haben, wird sich der Manager mit Ihnen in Verbindung setzen und Ihnen eine Tracking-Nummer f\u00fcr die Verfolgung auf einer beliebigen Post-Website zusenden. <\/p>\n\t\t\t\t\t\t\t\t<\/div>\n\t\t\t\t<\/div>\n\t\t\t\t<\/div>\n\t\t<div class=\"elementor-element elementor-element-8f7fa1c e-con-full e-flex e-con e-child\" data-id=\"8f7fa1c\" data-element_type=\"container\">\n\t\t\t\t<div class=\"elementor-element elementor-element-c490d2f elementor-widget elementor-widget-text-editor\" data-id=\"c490d2f\" data-element_type=\"widget\" data-widget_type=\"text-editor.default\">\n\t\t\t\t<div class=\"elementor-widget-container\">\n\t\t\t\t\t\t\t\t\t<p style=\"text-align: left;\"> Die Bestellung kann \u00fcber das System per Bankkarte MasterCard, Visa bezahlt werden. <\/p>\n<p style=\"text-align: left;\"> Auch wenn die Preise auf der Website in EUR angegeben sind,<br \/>Unser System erm\u00f6glicht es Ihnen, Ihre Bestellung in jeder beliebigen W\u00e4hrung zu bezahlen (mit MasterCARD, Visa-Karten, die internationale Zahlungen unterst\u00fctzen).<br \/>Die Umrechnung in Euro erfolgt automatisch nach dem Wechselkurs zum Zeitpunkt des Kaufs.<\/p>\n<p style=\"text-align: left;\"> Wir legen nicht nur gro\u00dfen Wert auf die Qualit\u00e4t unserer Waren, sondern auch auf die Schnelligkeit und Zuverl\u00e4ssigkeit der Lieferung. Seien Sie versichert, dass Ihre Bestellung so schnell wie m\u00f6glich bearbeitet und Ihnen auf die bestm\u00f6gliche Art und Weise zugestellt wird.<\/p>\n<p style=\"text-align: left;\">              <strong>Danke, dass Sie sich f\u00fcr unser Unternehmen entschieden haben!<\/strong><\/p>\n\t\t\t\t\t\t\t\t<\/div>\n\t\t\t\t<\/div>\n\t\t\t\t<\/div>\n\t\t\t\t\t<\/div>\n\t\t\t\t<\/div>\n\t\t<div class=\"elementor-element elementor-element-bf0c0a2 e-flex e-con-boxed e-con e-parent\" data-id=\"bf0c0a2\" data-element_type=\"container\">\n\t\t\t\t\t<div class=\"e-con-inner\">\n\t\t<div class=\"elementor-element elementor-element-d1730e6 e-con-full e-flex e-con e-child\" data-id=\"d1730e6\" data-element_type=\"container\">\n\t\t\t\t<div class=\"elementor-element elementor-element-79a69da elementor-widget elementor-widget-text-editor\" data-id=\"79a69da\" data-element_type=\"widget\" data-widget_type=\"text-editor.default\">\n\t\t\t\t<div class=\"elementor-widget-container\">\n\t\t\t\t\t\t\t\t\t<p style=\"text-align: center;\">F\u00fcr alle Informationen \u00fcber Versand, Anmeldung und Bezahlung wenden Sie sich bitte an die Gesch\u00e4ftsf\u00fchrerin Natalia Bychkova<\/p>\n\t\t\t\t\t\t\t\t<\/div>\n\t\t\t\t<\/div>\n\t\t\t\t<\/div>\n\t\t<div class=\"elementor-element elementor-element-02a0577 e-con-full e-flex e-con e-child\" data-id=\"02a0577\" data-element_type=\"container\">\n\t\t\t\t<div class=\"elementor-element elementor-element-571a3d0 etheme-parallax-floating_effects elementor-align-center elementor-widget elementor-widget-button\" data-id=\"571a3d0\" data-element_type=\"widget\" data-settings=\"{&quot;etheme_parallax&quot;:&quot;yes&quot;,&quot;etheme_parallax_type&quot;:&quot;floating_effects&quot;,&quot;etheme_parallax_floating_translate_toggle&quot;:&quot;yes&quot;,&quot;etheme_parallax_floating_translate_x&quot;:{&quot;unit&quot;:&quot;px&quot;,&quot;size&quot;:&quot;&quot;,&quot;sizes&quot;:{&quot;from&quot;:0,&quot;to&quot;:15}},&quot;etheme_parallax_floating_translate_y&quot;:{&quot;unit&quot;:&quot;px&quot;,&quot;size&quot;:&quot;&quot;,&quot;sizes&quot;:{&quot;from&quot;:0,&quot;to&quot;:15}},&quot;etheme_parallax_floating_translate_duration&quot;:{&quot;unit&quot;:&quot;px&quot;,&quot;size&quot;:1000,&quot;sizes&quot;:[]},&quot;etheme_parallax_floating_translate_delay&quot;:{&quot;unit&quot;:&quot;px&quot;,&quot;size&quot;:&quot;&quot;,&quot;sizes&quot;:[]}}\" data-widget_type=\"button.default\">\n\t\t\t\t<div class=\"elementor-widget-container\">\n\t\t\t\t\t\t\t\t\t<div class=\"elementor-button-wrapper\">\n\t\t\t\t\t<a class=\"elementor-button elementor-button-link elementor-size-lg\" href=\"\">\n\t\t\t\t\t\t<span class=\"elementor-button-content-wrapper\">\n\t\t\t\t\t\t\t\t\t<span class=\"elementor-button-text\">Kontakt mit dem Manager<\/span>\n\t\t\t\t\t<\/span>\n\t\t\t\t\t<\/a>\n\t\t\t\t<\/div>\n\t\t\t\t\t\t\t\t<\/div>\n\t\t\t\t<\/div>\n\t\t\t\t<\/div>\n\t\t\t\t\t<\/div>\n\t\t\t\t<\/div>\n\t\t\t\t<\/div>\n\t\t","protected":false},"excerpt":{"rendered":"<p>Unsere Waren werden von Rimini, Italien, aus versandt und wir sind bereit, sie innerhalb von 7-14 Arbeitstagen in die ganze Welt zu liefern. Nachdem Ihre Bestellung im Online-Shop aufgegeben wurde, wird automatisch eine Rechnung erstellt, in der der Kaufpreis (Warenwert + Versandkosten) angegeben ist. Der Preis des Produkts beinhaltet nicht den Versand der Schuhe aus Italien. Eine Eilversandgeb\u00fchr f\u00fcr Ihren Einkauf aus Italien wird Ihrer Bestellrechnung hinzugef\u00fcgt, die vom Zielland und dem Gewicht des Pakets&#8230;<\/p>\n","protected":false},"author":1,"featured_media":0,"parent":0,"menu_order":0,"comment_status":"closed","ping_status":"closed","template":"","meta":{"footnotes":""},"class_list":["post-27954","page","type-page","status-publish","hentry"],"yoast_head":"<!-- This site is optimized with the Yoast SEO plugin v27.3 - https:\/\/yoast.com\/product\/yoast-seo-wordpress\/ -->\n<title>Zahlung und Lieferung - Mondopelle<\/title>\n<meta name=\"description\" content=\"Modische Schuhe aus echtem Leder f\u00fcr Damen im Online-Verkauf mit kostenloser Lieferung und Zahlung bei Lieferung\" \/>\n<meta name=\"robots\" content=\"index, follow, max-snippet:-1, max-image-preview:large, max-video-preview:-1\" \/>\n<link rel=\"canonical\" href=\"https:\/\/mondopelle.it\/de\/zahlung-und-lieferung\/\" \/>\n<meta property=\"og:locale\" content=\"de_DE\" \/>\n<meta property=\"og:type\" content=\"article\" \/>\n<meta property=\"og:title\" content=\"Zahlung und Lieferung - Mondopelle\" \/>\n<meta property=\"og:description\" content=\"Modische Schuhe aus echtem Leder f\u00fcr Damen im Online-Verkauf mit kostenloser Lieferung und Zahlung bei Lieferung\" \/>\n<meta property=\"og:url\" content=\"https:\/\/mondopelle.it\/de\/zahlung-und-lieferung\/\" \/>\n<meta property=\"og:site_name\" content=\"Mondopelle\" \/>\n<meta property=\"article:publisher\" content=\"https:\/\/www.facebook.com\/mondopelle\/\" \/>\n<meta property=\"article:modified_time\" content=\"2023-10-25T16:21:27+00:00\" \/>\n<meta name=\"twitter:card\" content=\"summary_large_image\" \/>\n<meta name=\"twitter:label1\" content=\"Gesch\u00e4tzte Lesezeit\" \/>\n\t<meta name=\"twitter:data1\" content=\"1\u00a0Minute\" \/>\n<script type=\"application\/ld+json\" class=\"yoast-schema-graph\">{\"@context\":\"https:\\\/\\\/schema.org\",\"@graph\":[{\"@type\":\"WebPage\",\"@id\":\"https:\\\/\\\/mondopelle.it\\\/de\\\/zahlung-und-lieferung\\\/\",\"url\":\"https:\\\/\\\/mondopelle.it\\\/de\\\/zahlung-und-lieferung\\\/\",\"name\":\"Zahlung und Lieferung - Mondopelle\",\"isPartOf\":{\"@id\":\"https:\\\/\\\/mondopelle.it\\\/de\\\/#website\"},\"datePublished\":\"2023-07-03T09:17:39+00:00\",\"dateModified\":\"2023-10-25T16:21:27+00:00\",\"description\":\"Modische Schuhe aus echtem Leder f\u00fcr Damen im Online-Verkauf mit kostenloser Lieferung und Zahlung bei Lieferung\",\"breadcrumb\":{\"@id\":\"https:\\\/\\\/mondopelle.it\\\/de\\\/zahlung-und-lieferung\\\/#breadcrumb\"},\"inLanguage\":\"de\",\"potentialAction\":[{\"@type\":\"ReadAction\",\"target\":[\"https:\\\/\\\/mondopelle.it\\\/de\\\/zahlung-und-lieferung\\\/\"]}]},{\"@type\":\"BreadcrumbList\",\"@id\":\"https:\\\/\\\/mondopelle.it\\\/de\\\/zahlung-und-lieferung\\\/#breadcrumb\",\"itemListElement\":[{\"@type\":\"ListItem\",\"position\":1,\"name\":\"Start Seite\",\"item\":\"https:\\\/\\\/mondopelle.it\\\/de\\\/home-new\\\/\"},{\"@type\":\"ListItem\",\"position\":2,\"name\":\"Zahlung und Lieferung\"}]},{\"@type\":\"WebSite\",\"@id\":\"https:\\\/\\\/mondopelle.it\\\/de\\\/#website\",\"url\":\"https:\\\/\\\/mondopelle.it\\\/de\\\/\",\"name\":\"Mondopelle\",\"description\":\"\",\"publisher\":{\"@id\":\"https:\\\/\\\/mondopelle.it\\\/de\\\/#organization\"},\"potentialAction\":[{\"@type\":\"SearchAction\",\"target\":{\"@type\":\"EntryPoint\",\"urlTemplate\":\"https:\\\/\\\/mondopelle.it\\\/de\\\/?s={search_term_string}\"},\"query-input\":{\"@type\":\"PropertyValueSpecification\",\"valueRequired\":true,\"valueName\":\"search_term_string\"}}],\"inLanguage\":\"de\"},{\"@type\":\"Organization\",\"@id\":\"https:\\\/\\\/mondopelle.it\\\/de\\\/#organization\",\"name\":\"Mondopelle\",\"url\":\"https:\\\/\\\/mondopelle.it\\\/de\\\/\",\"logo\":{\"@type\":\"ImageObject\",\"inLanguage\":\"de\",\"@id\":\"https:\\\/\\\/mondopelle.it\\\/de\\\/#\\\/schema\\\/logo\\\/image\\\/\",\"url\":\"https:\\\/\\\/mondopelle.it\\\/wp-content\\\/uploads\\\/2023\\\/07\\\/logo_mp-283x55-1.png\",\"contentUrl\":\"https:\\\/\\\/mondopelle.it\\\/wp-content\\\/uploads\\\/2023\\\/07\\\/logo_mp-283x55-1.png\",\"width\":283,\"height\":55,\"caption\":\"Mondopelle\"},\"image\":{\"@id\":\"https:\\\/\\\/mondopelle.it\\\/de\\\/#\\\/schema\\\/logo\\\/image\\\/\"},\"sameAs\":[\"https:\\\/\\\/www.facebook.com\\\/mondopelle\\\/\",\"https:\\\/\\\/www.instagram.com\\\/mondopelle\\\/\"]}]}<\/script>\n<!-- \/ Yoast SEO plugin. -->","yoast_head_json":{"title":"Zahlung und Lieferung - Mondopelle","description":"Modische Schuhe aus echtem Leder f\u00fcr Damen im Online-Verkauf mit kostenloser Lieferung und Zahlung bei Lieferung","robots":{"index":"index","follow":"follow","max-snippet":"max-snippet:-1","max-image-preview":"max-image-preview:large","max-video-preview":"max-video-preview:-1"},"canonical":"https:\/\/mondopelle.it\/de\/zahlung-und-lieferung\/","og_locale":"de_DE","og_type":"article","og_title":"Zahlung und Lieferung - Mondopelle","og_description":"Modische Schuhe aus echtem Leder f\u00fcr Damen im Online-Verkauf mit kostenloser Lieferung und Zahlung bei Lieferung","og_url":"https:\/\/mondopelle.it\/de\/zahlung-und-lieferung\/","og_site_name":"Mondopelle","article_publisher":"https:\/\/www.facebook.com\/mondopelle\/","article_modified_time":"2023-10-25T16:21:27+00:00","twitter_card":"summary_large_image","twitter_misc":{"Gesch\u00e4tzte Lesezeit":"1\u00a0Minute"},"schema":{"@context":"https:\/\/schema.org","@graph":[{"@type":"WebPage","@id":"https:\/\/mondopelle.it\/de\/zahlung-und-lieferung\/","url":"https:\/\/mondopelle.it\/de\/zahlung-und-lieferung\/","name":"Zahlung und Lieferung - Mondopelle","isPartOf":{"@id":"https:\/\/mondopelle.it\/de\/#website"},"datePublished":"2023-07-03T09:17:39+00:00","dateModified":"2023-10-25T16:21:27+00:00","description":"Modische Schuhe aus echtem Leder f\u00fcr Damen im Online-Verkauf mit kostenloser Lieferung und Zahlung bei Lieferung","breadcrumb":{"@id":"https:\/\/mondopelle.it\/de\/zahlung-und-lieferung\/#breadcrumb"},"inLanguage":"de","potentialAction":[{"@type":"ReadAction","target":["https:\/\/mondopelle.it\/de\/zahlung-und-lieferung\/"]}]},{"@type":"BreadcrumbList","@id":"https:\/\/mondopelle.it\/de\/zahlung-und-lieferung\/#breadcrumb","itemListElement":[{"@type":"ListItem","position":1,"name":"Start Seite","item":"https:\/\/mondopelle.it\/de\/home-new\/"},{"@type":"ListItem","position":2,"name":"Zahlung und Lieferung"}]},{"@type":"WebSite","@id":"https:\/\/mondopelle.it\/de\/#website","url":"https:\/\/mondopelle.it\/de\/","name":"Mondopelle","description":"","publisher":{"@id":"https:\/\/mondopelle.it\/de\/#organization"},"potentialAction":[{"@type":"SearchAction","target":{"@type":"EntryPoint","urlTemplate":"https:\/\/mondopelle.it\/de\/?s={search_term_string}"},"query-input":{"@type":"PropertyValueSpecification","valueRequired":true,"valueName":"search_term_string"}}],"inLanguage":"de"},{"@type":"Organization","@id":"https:\/\/mondopelle.it\/de\/#organization","name":"Mondopelle","url":"https:\/\/mondopelle.it\/de\/","logo":{"@type":"ImageObject","inLanguage":"de","@id":"https:\/\/mondopelle.it\/de\/#\/schema\/logo\/image\/","url":"https:\/\/mondopelle.it\/wp-content\/uploads\/2023\/07\/logo_mp-283x55-1.png","contentUrl":"https:\/\/mondopelle.it\/wp-content\/uploads\/2023\/07\/logo_mp-283x55-1.png","width":283,"height":55,"caption":"Mondopelle"},"image":{"@id":"https:\/\/mondopelle.it\/de\/#\/schema\/logo\/image\/"},"sameAs":["https:\/\/www.facebook.com\/mondopelle\/","https:\/\/www.instagram.com\/mondopelle\/"]}]}},"_links":{"self":[{"href":"https:\/\/mondopelle.it\/de\/wp-json\/wp\/v2\/pages\/27954","targetHints":{"allow":["GET"]}}],"collection":[{"href":"https:\/\/mondopelle.it\/de\/wp-json\/wp\/v2\/pages"}],"about":[{"href":"https:\/\/mondopelle.it\/de\/wp-json\/wp\/v2\/types\/page"}],"author":[{"embeddable":true,"href":"https:\/\/mondopelle.it\/de\/wp-json\/wp\/v2\/users\/1"}],"replies":[{"embeddable":true,"href":"https:\/\/mondopelle.it\/de\/wp-json\/wp\/v2\/comments?post=27954"}],"version-history":[{"count":0,"href":"https:\/\/mondopelle.it\/de\/wp-json\/wp\/v2\/pages\/27954\/revisions"}],"wp:attachment":[{"href":"https:\/\/mondopelle.it\/de\/wp-json\/wp\/v2\/media?parent=27954"}],"curies":[{"name":"wp","href":"https:\/\/api.w.org\/{rel}","templated":true}]}}