{"id":50885,"date":"2024-03-10T17:43:09","date_gmt":"2024-03-10T15:43:09","guid":{"rendered":"https:\/\/mondopelle.it\/?post_type=product&#038;p=50885"},"modified":"2024-06-02T14:41:44","modified_gmt":"2024-06-02T12:41:44","slug":"schuhe-matteo-pitti-2202-copia","status":"publish","type":"product","link":"https:\/\/mondopelle.it\/de\/shop\/schuhe\/sandalen\/schuhe-matteo-pitti-2202-copia\/","title":{"rendered":"Sandalen Matteo Pitti 1803"},"content":{"rendered":"<p>Tauchen Sie ein in eine Welt voller Stil und Komfort mit unseren modischen Sandalen mit trendigem Hochplateau und elegantem, bequemem Absatz; Mit diesen Meisterwerken der Fu\u00dfbekleidung f\u00fchlen Sie sich nicht nur gro\u00df, sondern auch trendy;<\/p>\n<p>Unsere Sandalen kombinieren ein gewagtes Plateau-Design, das Ihre F\u00fc\u00dfe akzentuiert und jedem Schritt Definition verleiht; Ein hoher Absatz verleiht Ihnen nicht nur zus\u00e4tzliche Zentimeter, sondern auch Selbstbewusstsein und unterstreicht Ihre Pers\u00f6nlichkeit;<\/p>\n<p>Dar\u00fcber hinaus legen wir besonderen Wert auf den Komfort; Unsere Sandalen bieten Stabilit\u00e4t und Halt, so dass jeder Schritt sicher und bequem ist; Die verwendeten hochwertigen Materialien garantieren eine un\u00fcbertroffene Langlebigkeit und Stil;<\/p>\n<p>W\u00e4hlen Sie unsere Sandalen, um Ihrem Look einen Hauch von mutigem, modischem Stil zu verleihen und gleichzeitig ein Gef\u00fchl von Komfort und Sicherheit zu jeder Tageszeit zu erhalten; Die Blicke werden auf Sie gerichtet sein und Sie werden nicht nur die H\u00f6he, sondern auch den tadellosen Stil genie\u00dfen;<\/p>\n","protected":false},"excerpt":{"rendered":"<p>Tauchen Sie ein in eine Welt voller Stil und Komfort mit unseren modischen Sandalen mit trendigem Hochplateau und elegantem, bequemem Absatz; Mit diesen Meisterwerken der Fu\u00dfbekleidung f\u00fchlen Sie sich nicht nur gro\u00df, sondern auch trendy; Unsere Sandalen kombinieren ein gewagtes Plateau-Design, das Ihre F\u00fc\u00dfe akzentuiert und jedem Schritt Definition verleiht; Ein hoher Absatz verleiht Ihnen nicht nur zus\u00e4tzliche Zentimeter, sondern auch Selbstbewusstsein und unterstreicht Ihre Pers\u00f6nlichkeit; Dar\u00fcber hinaus legen wir besonderen Wert auf den Komfort;&#8230;<\/p>\n","protected":false},"featured_media":48693,"comment_status":"open","ping_status":"closed","template":"","meta":[],"etheme_brands":[{"term_id":1477,"name":"Matteo Pitti","slug":"matteo-pitti-de","term_group":0,"term_taxonomy_id":1477,"taxonomy":"brand","description":"Die italienische Marke Matteo Pitti ist ein Symbol f\u00fcr Raffinesse und Qualit\u00e4t in der Damenschuhszene. Matteo Pitti zeichnet sich durch eine Produktion aus, bei der die hohe Qualit\u00e4t im Vordergrund steht, und kreiert \u00e4u\u00dferst interessante und modische Modelle, die mit leuchtenden Farben und innovativen Designl\u00f6sungen die neuesten Trends verk\u00f6rpern. Jeder Schuh ist das Ergebnis einer sorgf\u00e4ltigen Suche nach Exzellenz, mit dem Ziel, die Bed\u00fcrfnisse einer stilvollen Frau zu erf\u00fcllen, die keine Kompromisse beim Komfort eingehen m\u00f6chte.\n\nDie Kollektion von Matteo Pitti ist ein Fest der Formen, Texturen und Farben, das die Blicke auf sich zieht und das Outfit mit einem unverwechselbaren Touch vervollst\u00e4ndigt. Die Schuhe zeichnen sich durch klare Linien und einzigartige Designl\u00f6sungen aus, die Eleganz und Zweckm\u00e4\u00dfigkeit vereinen und somit f\u00fcr jede Gelegenheit geeignet sind. Die Farbpalette, die stets die aktuellen Trends ber\u00fccksichtigt, bietet k\u00fchne und raffinierte Farbt\u00f6ne, die jeder Garderobe ein besonderes Element verleihen.\nDer Komfort ist nie zweitrangig: Jedes Modell wurde auf der Grundlage einer Passform entwickelt, die dauerhaften Komfort garantiert, so dass die Schuhe von morgens bis abends getragen werden k\u00f6nnen, ohne das Wohlbefinden des Fu\u00dfes zu beeintr\u00e4chtigen. Dies ist m\u00f6glich dank der Verwendung von hochwertigen Materialien und einer Passform, die sich perfekt an die Form des weiblichen Fu\u00dfes anpasst.\n\nMatteo Pitti ist also mehr als nur eine Schuhmarke: Sie ist ein Versprechen f\u00fcr Sch\u00f6nheit, Komfort und Qualit\u00e4t, das vollst\u00e4ndig in Italien hergestellt wird. Die Schuhe von Matteo Pitti sind den Frauen gewidmet, die in ihrem Stil eine Form des pers\u00f6nlichen Ausdrucks suchen, und bieten ihnen die M\u00f6glichkeit, sich in jedem Moment des Tages durch Eleganz und Originalit\u00e4t auszuzeichnen.","parent":0,"count":1,"filter":"raw"}],"product_brand":[],"product_cat":[1209,1014],"product_tag":[],"class_list":{"0":"post-50885","1":"product","2":"type-product","3":"status-publish","4":"has-post-thumbnail","6":"brand-matteo-pitti-de","7":"product_cat-sandalen","8":"product_cat-schuhe","9":"pa_cvet-viola-de","10":"pa_god-2024-de-2","11":"pa_materialotdelkisnaruzhi-lackierung","12":"pa_materialotdelkivnutri-leder","13":"pa_materialpodoshv-gummi","14":"pa_razmer-36-de","15":"pa_razmer-37-de","16":"pa_razmer-38-de","17":"pa_razmer-39-de","18":"pa_razmer-40-de","19":"pa_sezon-fruhling-sommer","20":"pa_stranaproizvoditelx-italien","21":"pa_vsotakabluka_sm-8-de","23":"first","24":"instock","25":"sale","26":"shipping-taxable","27":"purchasable","28":"product-type-variable","29":"has-default-attributes"},"yoast_head":"<!-- This site is optimized with the Yoast SEO plugin v27.5 - https:\/\/yoast.com\/product\/yoast-seo-wordpress\/ -->\n<title>Sandalen Matteo Pitti 1803 - Mondopelle<\/title>\n<meta name=\"description\" content=\"Sandalen Matteo Pitti 1803 Online-Verkauf weltweit. \u2713 Kostenloser und schneller Versand, Zahlung bei Lieferung und einfache R\u00fcckgabe. Bestellen Sie bei Mondopelle und erhalten Sie das Beste aus der Mode!\" \/>\n<meta name=\"robots\" content=\"index, follow, max-snippet:-1, max-image-preview:large, max-video-preview:-1\" \/>\n<link rel=\"canonical\" href=\"https:\/\/mondopelle.it\/de\/shop\/schuhe\/sandalen\/schuhe-matteo-pitti-2202-copia\/\" \/>\n<meta property=\"og:locale\" content=\"de_DE\" \/>\n<meta property=\"og:type\" content=\"article\" \/>\n<meta property=\"og:title\" content=\"Sandalen Matteo Pitti 1803 - Mondopelle\" \/>\n<meta property=\"og:description\" content=\"Sandalen Matteo Pitti 1803 Online-Verkauf weltweit. \u2713 Kostenloser und schneller Versand, Zahlung bei Lieferung und einfache R\u00fcckgabe. Bestellen Sie bei Mondopelle und erhalten Sie das Beste aus der Mode!\" \/>\n<meta property=\"og:url\" content=\"https:\/\/mondopelle.it\/de\/shop\/schuhe\/sandalen\/schuhe-matteo-pitti-2202-copia\/\" \/>\n<meta property=\"og:site_name\" content=\"Mondopelle\" \/>\n<meta property=\"article:publisher\" content=\"https:\/\/www.facebook.com\/mondopelle\/\" \/>\n<meta property=\"article:modified_time\" content=\"2024-06-02T12:41:44+00:00\" \/>\n<meta property=\"og:image\" content=\"https:\/\/mondopelle.it\/wp-content\/uploads\/2024\/02\/Foto-26-02-24-21-59-38-8.jpg\" \/>\n\t<meta property=\"og:image:width\" content=\"1512\" \/>\n\t<meta property=\"og:image:height\" content=\"1512\" \/>\n\t<meta property=\"og:image:type\" content=\"image\/jpeg\" \/>\n<meta name=\"twitter:card\" content=\"summary_large_image\" \/>\n<meta name=\"twitter:label1\" content=\"Gesch\u00e4tzte Lesezeit\" \/>\n\t<meta name=\"twitter:data1\" content=\"1\u00a0Minute\" \/>\n<script type=\"application\/ld+json\" class=\"yoast-schema-graph\">{\"@context\":\"https:\\\/\\\/schema.org\",\"@graph\":[{\"@type\":\"WebPage\",\"@id\":\"https:\\\/\\\/mondopelle.it\\\/de\\\/shop\\\/schuhe\\\/sandalen\\\/schuhe-matteo-pitti-2202-copia\\\/\",\"url\":\"https:\\\/\\\/mondopelle.it\\\/de\\\/shop\\\/schuhe\\\/sandalen\\\/schuhe-matteo-pitti-2202-copia\\\/\",\"name\":\"Sandalen Matteo Pitti 1803 - Mondopelle\",\"isPartOf\":{\"@id\":\"https:\\\/\\\/mondopelle.it\\\/de\\\/#website\"},\"primaryImageOfPage\":{\"@id\":\"https:\\\/\\\/mondopelle.it\\\/de\\\/shop\\\/schuhe\\\/sandalen\\\/schuhe-matteo-pitti-2202-copia\\\/#primaryimage\"},\"image\":{\"@id\":\"https:\\\/\\\/mondopelle.it\\\/de\\\/shop\\\/schuhe\\\/sandalen\\\/schuhe-matteo-pitti-2202-copia\\\/#primaryimage\"},\"thumbnailUrl\":\"https:\\\/\\\/mondopelle.it\\\/wp-content\\\/uploads\\\/2024\\\/02\\\/Foto-26-02-24-21-59-38-8.jpg\",\"datePublished\":\"2024-03-10T15:43:09+00:00\",\"dateModified\":\"2024-06-02T12:41:44+00:00\",\"description\":\"Sandalen Matteo Pitti 1803 Online-Verkauf weltweit. \u2713 Kostenloser und schneller Versand, Zahlung bei Lieferung und einfache R\u00fcckgabe. Bestellen Sie bei Mondopelle und erhalten Sie das Beste aus der Mode!\",\"breadcrumb\":{\"@id\":\"https:\\\/\\\/mondopelle.it\\\/de\\\/shop\\\/schuhe\\\/sandalen\\\/schuhe-matteo-pitti-2202-copia\\\/#breadcrumb\"},\"inLanguage\":\"de\",\"potentialAction\":[{\"@type\":\"ReadAction\",\"target\":[\"https:\\\/\\\/mondopelle.it\\\/de\\\/shop\\\/schuhe\\\/sandalen\\\/schuhe-matteo-pitti-2202-copia\\\/\"]}]},{\"@type\":\"ImageObject\",\"inLanguage\":\"de\",\"@id\":\"https:\\\/\\\/mondopelle.it\\\/de\\\/shop\\\/schuhe\\\/sandalen\\\/schuhe-matteo-pitti-2202-copia\\\/#primaryimage\",\"url\":\"https:\\\/\\\/mondopelle.it\\\/wp-content\\\/uploads\\\/2024\\\/02\\\/Foto-26-02-24-21-59-38-8.jpg\",\"contentUrl\":\"https:\\\/\\\/mondopelle.it\\\/wp-content\\\/uploads\\\/2024\\\/02\\\/Foto-26-02-24-21-59-38-8.jpg\",\"width\":1512,\"height\":1512,\"caption\":\"Sandalen Fratelli Russo Benny S2402 gr\u00fcn\"},{\"@type\":\"BreadcrumbList\",\"@id\":\"https:\\\/\\\/mondopelle.it\\\/de\\\/shop\\\/schuhe\\\/sandalen\\\/schuhe-matteo-pitti-2202-copia\\\/#breadcrumb\",\"itemListElement\":[{\"@type\":\"ListItem\",\"position\":1,\"name\":\"Start Seite\",\"item\":\"https:\\\/\\\/mondopelle.it\\\/de\\\/home-new\\\/\"},{\"@type\":\"ListItem\",\"position\":2,\"name\":\"Produkte\",\"item\":\"https:\\\/\\\/mondopelle.it\\\/de\\\/shop\\\/\"},{\"@type\":\"ListItem\",\"position\":3,\"name\":\"Sandalen Matteo Pitti 1803\"}]},{\"@type\":\"WebSite\",\"@id\":\"https:\\\/\\\/mondopelle.it\\\/de\\\/#website\",\"url\":\"https:\\\/\\\/mondopelle.it\\\/de\\\/\",\"name\":\"Mondopelle\",\"description\":\"\",\"publisher\":{\"@id\":\"https:\\\/\\\/mondopelle.it\\\/de\\\/#organization\"},\"potentialAction\":[{\"@type\":\"SearchAction\",\"target\":{\"@type\":\"EntryPoint\",\"urlTemplate\":\"https:\\\/\\\/mondopelle.it\\\/de\\\/?s={search_term_string}\"},\"query-input\":{\"@type\":\"PropertyValueSpecification\",\"valueRequired\":true,\"valueName\":\"search_term_string\"}}],\"inLanguage\":\"de\"},{\"@type\":\"Organization\",\"@id\":\"https:\\\/\\\/mondopelle.it\\\/de\\\/#organization\",\"name\":\"Mondopelle\",\"url\":\"https:\\\/\\\/mondopelle.it\\\/de\\\/\",\"logo\":{\"@type\":\"ImageObject\",\"inLanguage\":\"de\",\"@id\":\"https:\\\/\\\/mondopelle.it\\\/de\\\/#\\\/schema\\\/logo\\\/image\\\/\",\"url\":\"https:\\\/\\\/mondopelle.it\\\/wp-content\\\/uploads\\\/2023\\\/07\\\/logo_mp-283x55-1.png\",\"contentUrl\":\"https:\\\/\\\/mondopelle.it\\\/wp-content\\\/uploads\\\/2023\\\/07\\\/logo_mp-283x55-1.png\",\"width\":283,\"height\":55,\"caption\":\"Mondopelle\"},\"image\":{\"@id\":\"https:\\\/\\\/mondopelle.it\\\/de\\\/#\\\/schema\\\/logo\\\/image\\\/\"},\"sameAs\":[\"https:\\\/\\\/www.facebook.com\\\/mondopelle\\\/\",\"https:\\\/\\\/www.instagram.com\\\/mondopelle\\\/\"]}]}<\/script>\n<!-- \/ Yoast SEO plugin. -->","yoast_head_json":{"title":"Sandalen Matteo Pitti 1803 - Mondopelle","description":"Sandalen Matteo Pitti 1803 Online-Verkauf weltweit. \u2713 Kostenloser und schneller Versand, Zahlung bei Lieferung und einfache R\u00fcckgabe. Bestellen Sie bei Mondopelle und erhalten Sie das Beste aus der Mode!","robots":{"index":"index","follow":"follow","max-snippet":"max-snippet:-1","max-image-preview":"max-image-preview:large","max-video-preview":"max-video-preview:-1"},"canonical":"https:\/\/mondopelle.it\/de\/shop\/schuhe\/sandalen\/schuhe-matteo-pitti-2202-copia\/","og_locale":"de_DE","og_type":"article","og_title":"Sandalen Matteo Pitti 1803 - Mondopelle","og_description":"Sandalen Matteo Pitti 1803 Online-Verkauf weltweit. \u2713 Kostenloser und schneller Versand, Zahlung bei Lieferung und einfache R\u00fcckgabe. Bestellen Sie bei Mondopelle und erhalten Sie das Beste aus der Mode!","og_url":"https:\/\/mondopelle.it\/de\/shop\/schuhe\/sandalen\/schuhe-matteo-pitti-2202-copia\/","og_site_name":"Mondopelle","article_publisher":"https:\/\/www.facebook.com\/mondopelle\/","article_modified_time":"2024-06-02T12:41:44+00:00","og_image":[{"width":1512,"height":1512,"url":"https:\/\/mondopelle.it\/wp-content\/uploads\/2024\/02\/Foto-26-02-24-21-59-38-8.jpg","type":"image\/jpeg"}],"twitter_card":"summary_large_image","twitter_misc":{"Gesch\u00e4tzte Lesezeit":"1\u00a0Minute"},"schema":{"@context":"https:\/\/schema.org","@graph":[{"@type":"WebPage","@id":"https:\/\/mondopelle.it\/de\/shop\/schuhe\/sandalen\/schuhe-matteo-pitti-2202-copia\/","url":"https:\/\/mondopelle.it\/de\/shop\/schuhe\/sandalen\/schuhe-matteo-pitti-2202-copia\/","name":"Sandalen Matteo Pitti 1803 - Mondopelle","isPartOf":{"@id":"https:\/\/mondopelle.it\/de\/#website"},"primaryImageOfPage":{"@id":"https:\/\/mondopelle.it\/de\/shop\/schuhe\/sandalen\/schuhe-matteo-pitti-2202-copia\/#primaryimage"},"image":{"@id":"https:\/\/mondopelle.it\/de\/shop\/schuhe\/sandalen\/schuhe-matteo-pitti-2202-copia\/#primaryimage"},"thumbnailUrl":"https:\/\/mondopelle.it\/wp-content\/uploads\/2024\/02\/Foto-26-02-24-21-59-38-8.jpg","datePublished":"2024-03-10T15:43:09+00:00","dateModified":"2024-06-02T12:41:44+00:00","description":"Sandalen Matteo Pitti 1803 Online-Verkauf weltweit. \u2713 Kostenloser und schneller Versand, Zahlung bei Lieferung und einfache R\u00fcckgabe. Bestellen Sie bei Mondopelle und erhalten Sie das Beste aus der Mode!","breadcrumb":{"@id":"https:\/\/mondopelle.it\/de\/shop\/schuhe\/sandalen\/schuhe-matteo-pitti-2202-copia\/#breadcrumb"},"inLanguage":"de","potentialAction":[{"@type":"ReadAction","target":["https:\/\/mondopelle.it\/de\/shop\/schuhe\/sandalen\/schuhe-matteo-pitti-2202-copia\/"]}]},{"@type":"ImageObject","inLanguage":"de","@id":"https:\/\/mondopelle.it\/de\/shop\/schuhe\/sandalen\/schuhe-matteo-pitti-2202-copia\/#primaryimage","url":"https:\/\/mondopelle.it\/wp-content\/uploads\/2024\/02\/Foto-26-02-24-21-59-38-8.jpg","contentUrl":"https:\/\/mondopelle.it\/wp-content\/uploads\/2024\/02\/Foto-26-02-24-21-59-38-8.jpg","width":1512,"height":1512,"caption":"Sandalen Fratelli Russo Benny S2402 gr\u00fcn"},{"@type":"BreadcrumbList","@id":"https:\/\/mondopelle.it\/de\/shop\/schuhe\/sandalen\/schuhe-matteo-pitti-2202-copia\/#breadcrumb","itemListElement":[{"@type":"ListItem","position":1,"name":"Start Seite","item":"https:\/\/mondopelle.it\/de\/home-new\/"},{"@type":"ListItem","position":2,"name":"Produkte","item":"https:\/\/mondopelle.it\/de\/shop\/"},{"@type":"ListItem","position":3,"name":"Sandalen Matteo Pitti 1803"}]},{"@type":"WebSite","@id":"https:\/\/mondopelle.it\/de\/#website","url":"https:\/\/mondopelle.it\/de\/","name":"Mondopelle","description":"","publisher":{"@id":"https:\/\/mondopelle.it\/de\/#organization"},"potentialAction":[{"@type":"SearchAction","target":{"@type":"EntryPoint","urlTemplate":"https:\/\/mondopelle.it\/de\/?s={search_term_string}"},"query-input":{"@type":"PropertyValueSpecification","valueRequired":true,"valueName":"search_term_string"}}],"inLanguage":"de"},{"@type":"Organization","@id":"https:\/\/mondopelle.it\/de\/#organization","name":"Mondopelle","url":"https:\/\/mondopelle.it\/de\/","logo":{"@type":"ImageObject","inLanguage":"de","@id":"https:\/\/mondopelle.it\/de\/#\/schema\/logo\/image\/","url":"https:\/\/mondopelle.it\/wp-content\/uploads\/2023\/07\/logo_mp-283x55-1.png","contentUrl":"https:\/\/mondopelle.it\/wp-content\/uploads\/2023\/07\/logo_mp-283x55-1.png","width":283,"height":55,"caption":"Mondopelle"},"image":{"@id":"https:\/\/mondopelle.it\/de\/#\/schema\/logo\/image\/"},"sameAs":["https:\/\/www.facebook.com\/mondopelle\/","https:\/\/www.instagram.com\/mondopelle\/"]}]}},"_links":{"self":[{"href":"https:\/\/mondopelle.it\/de\/wp-json\/wp\/v2\/product\/50885","targetHints":{"allow":["GET"]}}],"collection":[{"href":"https:\/\/mondopelle.it\/de\/wp-json\/wp\/v2\/product"}],"about":[{"href":"https:\/\/mondopelle.it\/de\/wp-json\/wp\/v2\/types\/product"}],"replies":[{"embeddable":true,"href":"https:\/\/mondopelle.it\/de\/wp-json\/wp\/v2\/comments?post=50885"}],"version-history":[{"count":0,"href":"https:\/\/mondopelle.it\/de\/wp-json\/wp\/v2\/product\/50885\/revisions"}],"wp:featuredmedia":[{"embeddable":true,"href":"https:\/\/mondopelle.it\/de\/wp-json\/wp\/v2\/media\/48693"}],"wp:attachment":[{"href":"https:\/\/mondopelle.it\/de\/wp-json\/wp\/v2\/media?parent=50885"}],"wp:term":[{"taxonomy":"brand","embeddable":true,"href":"https:\/\/mondopelle.it\/de\/wp-json\/wp\/v2\/etheme_brands?post=50885"},{"taxonomy":"product_brand","embeddable":true,"href":"https:\/\/mondopelle.it\/de\/wp-json\/wp\/v2\/product_brand?post=50885"},{"taxonomy":"product_cat","embeddable":true,"href":"https:\/\/mondopelle.it\/de\/wp-json\/wp\/v2\/product_cat?post=50885"},{"taxonomy":"product_tag","embeddable":true,"href":"https:\/\/mondopelle.it\/de\/wp-json\/wp\/v2\/product_tag?post=50885"}],"curies":[{"name":"wp","href":"https:\/\/api.w.org\/{rel}","templated":true}]}}