{"id":53557,"date":"2024-03-27T19:19:10","date_gmt":"2024-03-27T17:19:10","guid":{"rendered":"https:\/\/mondopelle.it\/?post_type=product&#038;p=53557"},"modified":"2025-04-12T17:23:47","modified_gmt":"2025-04-12T15:23:47","slug":"sabot-gianluca-pisati-nacre-copia-2","status":"publish","type":"product","link":"https:\/\/mondopelle.it\/de\/shop\/schuhe\/sandalen\/sabot-gianluca-pisati-nacre-copia-2\/","title":{"rendered":"Hausschuhe Noa W20"},"content":{"rendered":"<p>Entdecken Sie die sch\u00f6nen und bequemen Lederslipper der neuen NOA-Kollektion, die Stil und Zweckm\u00e4\u00dfigkeit in sich vereinen; Diese exklusiven Lederslipper bieten dank ihres weichen und zarten Futters einen unschlagbaren Komfort; In dieser mehrfarbigen Version sind diese Flip-Flops das perfekte Accessoire f\u00fcr Ihren Alltag und f\u00fcr entspannte Momente am Strand; Verpassen Sie nicht die Gelegenheit, die NOA-Kollektion zu entdecken und Ihr Lieblingspaar auszuw\u00e4hlen;<\/p>\n","protected":false},"excerpt":{"rendered":"<p>Entdecken Sie die sch\u00f6nen und bequemen Lederslipper der neuen NOA-Kollektion, die Stil und Zweckm\u00e4\u00dfigkeit in sich vereinen; Diese exklusiven Lederslipper bieten dank ihres weichen und zarten Futters einen unschlagbaren Komfort; In dieser mehrfarbigen Version sind diese Flip-Flops das perfekte Accessoire f\u00fcr Ihren Alltag und f\u00fcr entspannte Momente am Strand; Verpassen Sie nicht die Gelegenheit, die NOA-Kollektion zu entdecken und Ihr Lieblingspaar auszuw\u00e4hlen;<\/p>\n","protected":false},"featured_media":52183,"comment_status":"open","ping_status":"closed","template":"","meta":[],"etheme_brands":[{"term_id":1141,"name":"NOA","slug":"noa-de","term_group":0,"term_taxonomy_id":1141,"taxonomy":"brand","description":"Die italienische Marke NOA ist der Ma\u00dfstab f\u00fcr Damen, die zeitlose Sch\u00f6nheit und tadellosen Komfort zu sch\u00e4tzen wissen. NOA widmet sich der Kreation von Damenschuhen, die Eleganz, raffinierte Details und maximalen Komfort vereinen und so einen raffinierten Look f\u00fcr jede Gelegenheit garantieren.\r\n\r\nDie Kollektionen von NOA zeichnen sich durch eine breite Palette von Damenmodellen aus, die auch den anspruchsvollsten Geschmack befriedigen. Von der Stiefelette bis zum Pumps, von der Ballerina bis zur Sandale, jedes Paar Schuhe wurde sorgf\u00e4ltig entworfen, um eine Kombination aus Stil und Funktionalit\u00e4t zu bieten.\r\n\r\nNOA hat sich verpflichtet, nur hochwertige Materialien zu verwenden, um sicherzustellen, dass jedes Paar Schuhe die h\u00f6chsten Standards der italienischen Handwerkskunst widerspiegelt. Raffinierte Details, elegante Akzente und eine Vielzahl von Farben machen NOA-Schuhe perfekt, um die eigene Individualit\u00e4t stilvoll zum Ausdruck zu bringen.\r\n\r\nIn unserem Outlet mondopelle.de haben Sie die M\u00f6glichkeit, die NOA-Kollektionen zu entdecken und diese hochwertigen Schuhe zu erschwinglichen Preisen zu kaufen, vor allem w\u00e4hrend der Verkaufszeiten in unserem Outlet-Shop. NOA ist die ideale Marke f\u00fcr alle, die zeitlose Eleganz und maximalen Komfort bei jedem Schritt suchen.","parent":0,"count":1,"filter":"raw"}],"product_brand":[],"product_cat":[1209,1014],"product_tag":[],"class_list":{"0":"post-53557","1":"product","2":"type-product","3":"status-publish","4":"has-post-thumbnail","6":"brand-noa-de","7":"product_cat-sandalen","8":"product_cat-schuhe","9":"pa_cvet-beige-de","10":"pa_god-2024-de-2","11":"pa_materialotdelkisnaruzhi-wildleder","12":"pa_materialotdelkivnutri-leder","13":"pa_razmer-36-de","14":"pa_razmer-37-de","15":"pa_razmer-38-de","16":"pa_razmer-39-de","17":"pa_razmer-40-de","18":"pa_razmer-41-de","19":"pa_sezon-fruhling-sommer","20":"pa_stranaproizvoditelx-italien","22":"first","23":"instock","24":"sale","25":"shipping-taxable","26":"purchasable","27":"product-type-variable","28":"has-default-attributes"},"yoast_head":"<!-- This site is optimized with the Yoast SEO plugin v27.3 - https:\/\/yoast.com\/product\/yoast-seo-wordpress\/ -->\n<title>Hausschuhe Noa W20 - Mondopelle<\/title>\n<meta name=\"description\" content=\"Hausschuhe Noa W20 Online-Verkauf weltweit. \u2713 Kostenloser und schneller Versand, Zahlung bei Lieferung und einfache R\u00fcckgabe. Bestellen Sie bei Mondopelle und erhalten Sie das Beste aus der Mode!\" \/>\n<meta name=\"robots\" content=\"index, follow, max-snippet:-1, max-image-preview:large, max-video-preview:-1\" \/>\n<link rel=\"canonical\" href=\"https:\/\/mondopelle.it\/de\/shop\/schuhe\/sandalen\/sabot-gianluca-pisati-nacre-copia-2\/\" \/>\n<meta property=\"og:locale\" content=\"de_DE\" \/>\n<meta property=\"og:type\" content=\"article\" \/>\n<meta property=\"og:title\" content=\"Hausschuhe Noa W20 - Mondopelle\" \/>\n<meta property=\"og:description\" content=\"Hausschuhe Noa W20 Online-Verkauf weltweit. \u2713 Kostenloser und schneller Versand, Zahlung bei Lieferung und einfache R\u00fcckgabe. Bestellen Sie bei Mondopelle und erhalten Sie das Beste aus der Mode!\" \/>\n<meta property=\"og:url\" content=\"https:\/\/mondopelle.it\/de\/shop\/schuhe\/sandalen\/sabot-gianluca-pisati-nacre-copia-2\/\" \/>\n<meta property=\"og:site_name\" content=\"Mondopelle\" \/>\n<meta property=\"article:publisher\" content=\"https:\/\/www.facebook.com\/mondopelle\/\" \/>\n<meta property=\"article:modified_time\" content=\"2025-04-12T15:23:47+00:00\" \/>\n<meta property=\"og:image\" content=\"https:\/\/mondopelle.it\/wp-content\/uploads\/2024\/03\/Foto-15-03-24-21-46-06-12.jpg\" \/>\n\t<meta property=\"og:image:width\" content=\"1512\" \/>\n\t<meta property=\"og:image:height\" content=\"1512\" \/>\n\t<meta property=\"og:image:type\" content=\"image\/jpeg\" \/>\n<meta name=\"twitter:card\" content=\"summary_large_image\" \/>\n<script type=\"application\/ld+json\" class=\"yoast-schema-graph\">{\"@context\":\"https:\\\/\\\/schema.org\",\"@graph\":[{\"@type\":\"WebPage\",\"@id\":\"https:\\\/\\\/mondopelle.it\\\/de\\\/shop\\\/schuhe\\\/sandalen\\\/sabot-gianluca-pisati-nacre-copia-2\\\/\",\"url\":\"https:\\\/\\\/mondopelle.it\\\/de\\\/shop\\\/schuhe\\\/sandalen\\\/sabot-gianluca-pisati-nacre-copia-2\\\/\",\"name\":\"Hausschuhe Noa W20 - Mondopelle\",\"isPartOf\":{\"@id\":\"https:\\\/\\\/mondopelle.it\\\/de\\\/#website\"},\"primaryImageOfPage\":{\"@id\":\"https:\\\/\\\/mondopelle.it\\\/de\\\/shop\\\/schuhe\\\/sandalen\\\/sabot-gianluca-pisati-nacre-copia-2\\\/#primaryimage\"},\"image\":{\"@id\":\"https:\\\/\\\/mondopelle.it\\\/de\\\/shop\\\/schuhe\\\/sandalen\\\/sabot-gianluca-pisati-nacre-copia-2\\\/#primaryimage\"},\"thumbnailUrl\":\"https:\\\/\\\/mondopelle.it\\\/wp-content\\\/uploads\\\/2024\\\/03\\\/Foto-15-03-24-21-46-06-12.jpg\",\"datePublished\":\"2024-03-27T17:19:10+00:00\",\"dateModified\":\"2025-04-12T15:23:47+00:00\",\"description\":\"Hausschuhe Noa W20 Online-Verkauf weltweit. \u2713 Kostenloser und schneller Versand, Zahlung bei Lieferung und einfache R\u00fcckgabe. Bestellen Sie bei Mondopelle und erhalten Sie das Beste aus der Mode!\",\"breadcrumb\":{\"@id\":\"https:\\\/\\\/mondopelle.it\\\/de\\\/shop\\\/schuhe\\\/sandalen\\\/sabot-gianluca-pisati-nacre-copia-2\\\/#breadcrumb\"},\"inLanguage\":\"de\",\"potentialAction\":[{\"@type\":\"ReadAction\",\"target\":[\"https:\\\/\\\/mondopelle.it\\\/de\\\/shop\\\/schuhe\\\/sandalen\\\/sabot-gianluca-pisati-nacre-copia-2\\\/\"]}]},{\"@type\":\"ImageObject\",\"inLanguage\":\"de\",\"@id\":\"https:\\\/\\\/mondopelle.it\\\/de\\\/shop\\\/schuhe\\\/sandalen\\\/sabot-gianluca-pisati-nacre-copia-2\\\/#primaryimage\",\"url\":\"https:\\\/\\\/mondopelle.it\\\/wp-content\\\/uploads\\\/2024\\\/03\\\/Foto-15-03-24-21-46-06-12.jpg\",\"contentUrl\":\"https:\\\/\\\/mondopelle.it\\\/wp-content\\\/uploads\\\/2024\\\/03\\\/Foto-15-03-24-21-46-06-12.jpg\",\"width\":1512,\"height\":1512,\"caption\":\"Mokassins Laura Bellariva 9450\"},{\"@type\":\"BreadcrumbList\",\"@id\":\"https:\\\/\\\/mondopelle.it\\\/de\\\/shop\\\/schuhe\\\/sandalen\\\/sabot-gianluca-pisati-nacre-copia-2\\\/#breadcrumb\",\"itemListElement\":[{\"@type\":\"ListItem\",\"position\":1,\"name\":\"Start Seite\",\"item\":\"https:\\\/\\\/mondopelle.it\\\/de\\\/home-new\\\/\"},{\"@type\":\"ListItem\",\"position\":2,\"name\":\"Produkte\",\"item\":\"https:\\\/\\\/mondopelle.it\\\/de\\\/shop\\\/\"},{\"@type\":\"ListItem\",\"position\":3,\"name\":\"Hausschuhe Noa W20\"}]},{\"@type\":\"WebSite\",\"@id\":\"https:\\\/\\\/mondopelle.it\\\/de\\\/#website\",\"url\":\"https:\\\/\\\/mondopelle.it\\\/de\\\/\",\"name\":\"Mondopelle\",\"description\":\"\",\"publisher\":{\"@id\":\"https:\\\/\\\/mondopelle.it\\\/de\\\/#organization\"},\"potentialAction\":[{\"@type\":\"SearchAction\",\"target\":{\"@type\":\"EntryPoint\",\"urlTemplate\":\"https:\\\/\\\/mondopelle.it\\\/de\\\/?s={search_term_string}\"},\"query-input\":{\"@type\":\"PropertyValueSpecification\",\"valueRequired\":true,\"valueName\":\"search_term_string\"}}],\"inLanguage\":\"de\"},{\"@type\":\"Organization\",\"@id\":\"https:\\\/\\\/mondopelle.it\\\/de\\\/#organization\",\"name\":\"Mondopelle\",\"url\":\"https:\\\/\\\/mondopelle.it\\\/de\\\/\",\"logo\":{\"@type\":\"ImageObject\",\"inLanguage\":\"de\",\"@id\":\"https:\\\/\\\/mondopelle.it\\\/de\\\/#\\\/schema\\\/logo\\\/image\\\/\",\"url\":\"https:\\\/\\\/mondopelle.it\\\/wp-content\\\/uploads\\\/2023\\\/07\\\/logo_mp-283x55-1.png\",\"contentUrl\":\"https:\\\/\\\/mondopelle.it\\\/wp-content\\\/uploads\\\/2023\\\/07\\\/logo_mp-283x55-1.png\",\"width\":283,\"height\":55,\"caption\":\"Mondopelle\"},\"image\":{\"@id\":\"https:\\\/\\\/mondopelle.it\\\/de\\\/#\\\/schema\\\/logo\\\/image\\\/\"},\"sameAs\":[\"https:\\\/\\\/www.facebook.com\\\/mondopelle\\\/\",\"https:\\\/\\\/www.instagram.com\\\/mondopelle\\\/\"]}]}<\/script>\n<!-- \/ Yoast SEO plugin. -->","yoast_head_json":{"title":"Hausschuhe Noa W20 - Mondopelle","description":"Hausschuhe Noa W20 Online-Verkauf weltweit. \u2713 Kostenloser und schneller Versand, Zahlung bei Lieferung und einfache R\u00fcckgabe. Bestellen Sie bei Mondopelle und erhalten Sie das Beste aus der Mode!","robots":{"index":"index","follow":"follow","max-snippet":"max-snippet:-1","max-image-preview":"max-image-preview:large","max-video-preview":"max-video-preview:-1"},"canonical":"https:\/\/mondopelle.it\/de\/shop\/schuhe\/sandalen\/sabot-gianluca-pisati-nacre-copia-2\/","og_locale":"de_DE","og_type":"article","og_title":"Hausschuhe Noa W20 - Mondopelle","og_description":"Hausschuhe Noa W20 Online-Verkauf weltweit. \u2713 Kostenloser und schneller Versand, Zahlung bei Lieferung und einfache R\u00fcckgabe. Bestellen Sie bei Mondopelle und erhalten Sie das Beste aus der Mode!","og_url":"https:\/\/mondopelle.it\/de\/shop\/schuhe\/sandalen\/sabot-gianluca-pisati-nacre-copia-2\/","og_site_name":"Mondopelle","article_publisher":"https:\/\/www.facebook.com\/mondopelle\/","article_modified_time":"2025-04-12T15:23:47+00:00","og_image":[{"width":1512,"height":1512,"url":"https:\/\/mondopelle.it\/wp-content\/uploads\/2024\/03\/Foto-15-03-24-21-46-06-12.jpg","type":"image\/jpeg"}],"twitter_card":"summary_large_image","schema":{"@context":"https:\/\/schema.org","@graph":[{"@type":"WebPage","@id":"https:\/\/mondopelle.it\/de\/shop\/schuhe\/sandalen\/sabot-gianluca-pisati-nacre-copia-2\/","url":"https:\/\/mondopelle.it\/de\/shop\/schuhe\/sandalen\/sabot-gianluca-pisati-nacre-copia-2\/","name":"Hausschuhe Noa W20 - Mondopelle","isPartOf":{"@id":"https:\/\/mondopelle.it\/de\/#website"},"primaryImageOfPage":{"@id":"https:\/\/mondopelle.it\/de\/shop\/schuhe\/sandalen\/sabot-gianluca-pisati-nacre-copia-2\/#primaryimage"},"image":{"@id":"https:\/\/mondopelle.it\/de\/shop\/schuhe\/sandalen\/sabot-gianluca-pisati-nacre-copia-2\/#primaryimage"},"thumbnailUrl":"https:\/\/mondopelle.it\/wp-content\/uploads\/2024\/03\/Foto-15-03-24-21-46-06-12.jpg","datePublished":"2024-03-27T17:19:10+00:00","dateModified":"2025-04-12T15:23:47+00:00","description":"Hausschuhe Noa W20 Online-Verkauf weltweit. \u2713 Kostenloser und schneller Versand, Zahlung bei Lieferung und einfache R\u00fcckgabe. Bestellen Sie bei Mondopelle und erhalten Sie das Beste aus der Mode!","breadcrumb":{"@id":"https:\/\/mondopelle.it\/de\/shop\/schuhe\/sandalen\/sabot-gianluca-pisati-nacre-copia-2\/#breadcrumb"},"inLanguage":"de","potentialAction":[{"@type":"ReadAction","target":["https:\/\/mondopelle.it\/de\/shop\/schuhe\/sandalen\/sabot-gianluca-pisati-nacre-copia-2\/"]}]},{"@type":"ImageObject","inLanguage":"de","@id":"https:\/\/mondopelle.it\/de\/shop\/schuhe\/sandalen\/sabot-gianluca-pisati-nacre-copia-2\/#primaryimage","url":"https:\/\/mondopelle.it\/wp-content\/uploads\/2024\/03\/Foto-15-03-24-21-46-06-12.jpg","contentUrl":"https:\/\/mondopelle.it\/wp-content\/uploads\/2024\/03\/Foto-15-03-24-21-46-06-12.jpg","width":1512,"height":1512,"caption":"Mokassins Laura Bellariva 9450"},{"@type":"BreadcrumbList","@id":"https:\/\/mondopelle.it\/de\/shop\/schuhe\/sandalen\/sabot-gianluca-pisati-nacre-copia-2\/#breadcrumb","itemListElement":[{"@type":"ListItem","position":1,"name":"Start Seite","item":"https:\/\/mondopelle.it\/de\/home-new\/"},{"@type":"ListItem","position":2,"name":"Produkte","item":"https:\/\/mondopelle.it\/de\/shop\/"},{"@type":"ListItem","position":3,"name":"Hausschuhe Noa W20"}]},{"@type":"WebSite","@id":"https:\/\/mondopelle.it\/de\/#website","url":"https:\/\/mondopelle.it\/de\/","name":"Mondopelle","description":"","publisher":{"@id":"https:\/\/mondopelle.it\/de\/#organization"},"potentialAction":[{"@type":"SearchAction","target":{"@type":"EntryPoint","urlTemplate":"https:\/\/mondopelle.it\/de\/?s={search_term_string}"},"query-input":{"@type":"PropertyValueSpecification","valueRequired":true,"valueName":"search_term_string"}}],"inLanguage":"de"},{"@type":"Organization","@id":"https:\/\/mondopelle.it\/de\/#organization","name":"Mondopelle","url":"https:\/\/mondopelle.it\/de\/","logo":{"@type":"ImageObject","inLanguage":"de","@id":"https:\/\/mondopelle.it\/de\/#\/schema\/logo\/image\/","url":"https:\/\/mondopelle.it\/wp-content\/uploads\/2023\/07\/logo_mp-283x55-1.png","contentUrl":"https:\/\/mondopelle.it\/wp-content\/uploads\/2023\/07\/logo_mp-283x55-1.png","width":283,"height":55,"caption":"Mondopelle"},"image":{"@id":"https:\/\/mondopelle.it\/de\/#\/schema\/logo\/image\/"},"sameAs":["https:\/\/www.facebook.com\/mondopelle\/","https:\/\/www.instagram.com\/mondopelle\/"]}]}},"_links":{"self":[{"href":"https:\/\/mondopelle.it\/de\/wp-json\/wp\/v2\/product\/53557","targetHints":{"allow":["GET"]}}],"collection":[{"href":"https:\/\/mondopelle.it\/de\/wp-json\/wp\/v2\/product"}],"about":[{"href":"https:\/\/mondopelle.it\/de\/wp-json\/wp\/v2\/types\/product"}],"replies":[{"embeddable":true,"href":"https:\/\/mondopelle.it\/de\/wp-json\/wp\/v2\/comments?post=53557"}],"version-history":[{"count":0,"href":"https:\/\/mondopelle.it\/de\/wp-json\/wp\/v2\/product\/53557\/revisions"}],"wp:featuredmedia":[{"embeddable":true,"href":"https:\/\/mondopelle.it\/de\/wp-json\/wp\/v2\/media\/52183"}],"wp:attachment":[{"href":"https:\/\/mondopelle.it\/de\/wp-json\/wp\/v2\/media?parent=53557"}],"wp:term":[{"taxonomy":"brand","embeddable":true,"href":"https:\/\/mondopelle.it\/de\/wp-json\/wp\/v2\/etheme_brands?post=53557"},{"taxonomy":"product_brand","embeddable":true,"href":"https:\/\/mondopelle.it\/de\/wp-json\/wp\/v2\/product_brand?post=53557"},{"taxonomy":"product_cat","embeddable":true,"href":"https:\/\/mondopelle.it\/de\/wp-json\/wp\/v2\/product_cat?post=53557"},{"taxonomy":"product_tag","embeddable":true,"href":"https:\/\/mondopelle.it\/de\/wp-json\/wp\/v2\/product_tag?post=53557"}],"curies":[{"name":"wp","href":"https:\/\/api.w.org\/{rel}","templated":true}]}}