{"id":54964,"date":"2024-04-26T20:08:58","date_gmt":"2024-04-26T18:08:58","guid":{"rendered":"https:\/\/mondopelle.it\/?post_type=product&#038;p=54964"},"modified":"2024-05-01T14:15:51","modified_gmt":"2024-05-01T12:15:51","slug":"maultiere-fratelli-russo-anna-s2405-copia","status":"publish","type":"product","link":"https:\/\/mondopelle.it\/de\/shop\/schuhe\/sandalen\/maultiere-fratelli-russo-anna-s2405-copia\/","title":{"rendered":"Slingback Fratelli Russo Anna S2403"},"content":{"rendered":"<p><span class=\"\">Die schwarzen Leder-Slingback-Schuhe mit wei\u00dfen Riemen der italienischen Marke Fratelli Russo sind eine einzigartige und raffinierte Interpretation von schlichter Eleganz. Diese Schuhe zeichnen sich durch einen schmalen 3 cm hohen Absatz in einem gl\u00e4nzenden Gr\u00fcn aus und bestechen durch ihr markantes und trendiges Design. <\/span><span class=\"\">Die Kombination aus schwarzem Leder und wei\u00dfen Riemen verleiht diesen Schuhen eine zeitlose Eleganz, w\u00e4hrend der gl\u00e4nzende gr\u00fcne Absatz einen Hauch von Originalit\u00e4t und Modernit\u00e4t verleiht. Fratelli Russo Schuhe werden aus hochwertigen Materialien und mit tadelloser Handwerkskunst hergestellt und sind ein Symbol f\u00fcr Stil und Raffinesse. <\/span><span class=\"\">Mit diesen Slingback-Schuhen von Fratelli Russo setzen Sie auf eine raffinierte und zeitgen\u00f6ssische \u00c4sthetik, die Ihre schicksten und markantesten Looks perfekt erg\u00e4nzt. Mit ihrem einzigartigen Design und der Liebe zum Detail sind diese Schuhe eine wertvolle Erg\u00e4nzung f\u00fcr die Garderobe derjenigen, die Eleganz und zeitlosen Stil suchen.<\/span><\/p>\n","protected":false},"excerpt":{"rendered":"<p>Die schwarzen Leder-Slingback-Schuhe mit wei\u00dfen Riemen der italienischen Marke Fratelli Russo sind eine einzigartige und raffinierte Interpretation von schlichter Eleganz. Diese Schuhe zeichnen sich durch einen schmalen 3 cm hohen Absatz in einem gl\u00e4nzenden Gr\u00fcn aus und bestechen durch ihr markantes und trendiges Design. Die Kombination aus schwarzem Leder und wei\u00dfen Riemen verleiht diesen Schuhen eine zeitlose Eleganz, w\u00e4hrend der gl\u00e4nzende gr\u00fcne Absatz einen Hauch von Originalit\u00e4t und Modernit\u00e4t verleiht. Fratelli Russo Schuhe werden aus&#8230;<\/p>\n","protected":false},"featured_media":48828,"comment_status":"open","ping_status":"closed","template":"","meta":[],"etheme_brands":[{"term_id":1468,"name":"Fratelli Russo","slug":"fratelli-russo-de","term_group":0,"term_taxonomy_id":1468,"taxonomy":"brand","description":"Fratelli Russo ist eine italienische Schuhmarke, die sich durch interessante, stilvolle und modische Entw\u00fcrfe auszeichnet, die die Herzen von Liebhabern hochwertiger Schuhe erobern. Diese Marke ist ein Synonym f\u00fcr Exzellenz in der Schuhindustrie und bietet Produkte, die sich nicht nur durch ihr einzigartiges und auff\u00e4lliges Design auszeichnen, sondern auch unglaublich bequem sind und mit au\u00dfergew\u00f6hnlicher Handwerkskunst hergestellt werden.\nJedes Paar Fratelli Russo-Schuhe ist das Ergebnis eines sorgf\u00e4ltigen Produktionsprozesses, der traditionelle Techniken und Innovation miteinander verbindet. Die Auswahl der Materialien ist der Schwerpunkt der Marke, die nur die weichsten und haltbarsten Leder ausw\u00e4hlt, um ein hochwertiges Endprodukt zu gew\u00e4hrleisten, das lange h\u00e4lt.\n\nKomfort ist ein weiterer Grundpfeiler f\u00fcr Fratelli Russo. Jedes Modell wird unter Ber\u00fccksichtigung der Ergonomie des Fu\u00dfes entworfen, um eine bequeme Passform zu garantieren, die es erm\u00f6glicht, die Schuhe den ganzen Tag \u00fcber zu tragen, ohne sich dabei unwohl zu f\u00fchlen. Dies ist dank der Verwendung innovativer Einlegesohlen und der sorgf\u00e4ltigen Gestaltung des Leistens m\u00f6glich, die zusammen ein unvergleichliches Komfort-Erlebnis schaffen.\n\nFratelli Russo ist mehr als nur eine Schuhmarke, es ist ein Statement f\u00fcr Stil und Qualit\u00e4t, das die Liebe und Leidenschaft f\u00fcr italienische Spitzenleistungen widerspiegelt. Die Kollektionen von Fratelli Russo sind ein perfektes Gleichgewicht zwischen Mode und Funktionalit\u00e4t und bieten Schuhe, die ein Outfit nicht nur vervollst\u00e4ndigen, sondern es aufwerten und unvergesslich machen.\n\nEin Paar Fratelli Russo-Schuhe zu tragen bedeutet, sich f\u00fcr die zeitlose Eleganz, die kompromisslose Qualit\u00e4t und den Komfort zu entscheiden, den nur italienische Handwerkskunst bieten kann. Die Marke inspiriert und innoviert weiterhin, bleibt ihrem Erbe und ihren Werten treu und erobert die F\u00fc\u00dfe und Herzen von Modeliebhabern auf der ganzen Welt.","parent":0,"count":5,"filter":"raw"}],"product_brand":[],"product_cat":[1209,1014],"product_tag":[],"class_list":{"0":"post-54964","1":"product","2":"type-product","3":"status-publish","4":"has-post-thumbnail","6":"brand-fratelli-russo-de","7":"product_cat-sandalen","8":"product_cat-schuhe","9":"pa_cvet-schwarz","10":"pa_god-2024-de-2","11":"pa_materialotdelkisnaruzhi-leder","12":"pa_materialotdelkivnutri-leder","13":"pa_materialpodoshv-leder","14":"pa_razmer-36-de","15":"pa_razmer-37-de","16":"pa_razmer-38-de","17":"pa_razmer-39-de","18":"pa_razmer-40-de","19":"pa_razmer-41-de","20":"pa_sezon-fruhling-sommer","21":"pa_stranaproizvoditelx-italien","22":"pa_vsotakabluka_sm-3-de","24":"first","25":"instock","26":"sale","27":"shipping-taxable","28":"purchasable","29":"product-type-variable","30":"has-default-attributes"},"yoast_head":"<!-- This site is optimized with the Yoast SEO plugin v27.3 - https:\/\/yoast.com\/product\/yoast-seo-wordpress\/ -->\n<title>Slingback Fratelli Russo Anna S2403 - Mondopelle<\/title>\n<meta name=\"description\" content=\"Slingback Fratelli Russo Anna S2403 Online-Verkauf weltweit. \u2713 Kostenloser und schneller Versand, Zahlung bei Lieferung und einfache R\u00fcckgabe. Bestellen Sie bei Mondopelle und erhalten Sie das Beste aus der Mode!\" \/>\n<meta name=\"robots\" content=\"index, follow, max-snippet:-1, max-image-preview:large, max-video-preview:-1\" \/>\n<link rel=\"canonical\" href=\"https:\/\/mondopelle.it\/de\/shop\/schuhe\/sandalen\/maultiere-fratelli-russo-anna-s2405-copia\/\" \/>\n<meta property=\"og:locale\" content=\"de_DE\" \/>\n<meta property=\"og:type\" content=\"article\" \/>\n<meta property=\"og:title\" content=\"Slingback Fratelli Russo Anna S2403 - Mondopelle\" \/>\n<meta property=\"og:description\" content=\"Slingback Fratelli Russo Anna S2403 Online-Verkauf weltweit. \u2713 Kostenloser und schneller Versand, Zahlung bei Lieferung und einfache R\u00fcckgabe. Bestellen Sie bei Mondopelle und erhalten Sie das Beste aus der Mode!\" \/>\n<meta property=\"og:url\" content=\"https:\/\/mondopelle.it\/de\/shop\/schuhe\/sandalen\/maultiere-fratelli-russo-anna-s2405-copia\/\" \/>\n<meta property=\"og:site_name\" content=\"Mondopelle\" \/>\n<meta property=\"article:publisher\" content=\"https:\/\/www.facebook.com\/mondopelle\/\" \/>\n<meta property=\"article:modified_time\" content=\"2024-05-01T12:15:51+00:00\" \/>\n<meta property=\"og:image\" content=\"https:\/\/mondopelle.it\/wp-content\/uploads\/2024\/02\/Foto-27-02-24-22-25-45-6.jpg\" \/>\n\t<meta property=\"og:image:width\" content=\"1512\" \/>\n\t<meta property=\"og:image:height\" content=\"1512\" \/>\n\t<meta property=\"og:image:type\" content=\"image\/jpeg\" \/>\n<meta name=\"twitter:card\" content=\"summary_large_image\" \/>\n<meta name=\"twitter:label1\" content=\"Gesch\u00e4tzte Lesezeit\" \/>\n\t<meta name=\"twitter:data1\" content=\"1\u00a0Minute\" \/>\n<script type=\"application\/ld+json\" class=\"yoast-schema-graph\">{\"@context\":\"https:\\\/\\\/schema.org\",\"@graph\":[{\"@type\":\"WebPage\",\"@id\":\"https:\\\/\\\/mondopelle.it\\\/de\\\/shop\\\/schuhe\\\/sandalen\\\/maultiere-fratelli-russo-anna-s2405-copia\\\/\",\"url\":\"https:\\\/\\\/mondopelle.it\\\/de\\\/shop\\\/schuhe\\\/sandalen\\\/maultiere-fratelli-russo-anna-s2405-copia\\\/\",\"name\":\"Slingback Fratelli Russo Anna S2403 - Mondopelle\",\"isPartOf\":{\"@id\":\"https:\\\/\\\/mondopelle.it\\\/de\\\/#website\"},\"primaryImageOfPage\":{\"@id\":\"https:\\\/\\\/mondopelle.it\\\/de\\\/shop\\\/schuhe\\\/sandalen\\\/maultiere-fratelli-russo-anna-s2405-copia\\\/#primaryimage\"},\"image\":{\"@id\":\"https:\\\/\\\/mondopelle.it\\\/de\\\/shop\\\/schuhe\\\/sandalen\\\/maultiere-fratelli-russo-anna-s2405-copia\\\/#primaryimage\"},\"thumbnailUrl\":\"https:\\\/\\\/mondopelle.it\\\/wp-content\\\/uploads\\\/2024\\\/02\\\/Foto-27-02-24-22-25-45-6.jpg\",\"datePublished\":\"2024-04-26T18:08:58+00:00\",\"dateModified\":\"2024-05-01T12:15:51+00:00\",\"description\":\"Slingback Fratelli Russo Anna S2403 Online-Verkauf weltweit. \u2713 Kostenloser und schneller Versand, Zahlung bei Lieferung und einfache R\u00fcckgabe. Bestellen Sie bei Mondopelle und erhalten Sie das Beste aus der Mode!\",\"breadcrumb\":{\"@id\":\"https:\\\/\\\/mondopelle.it\\\/de\\\/shop\\\/schuhe\\\/sandalen\\\/maultiere-fratelli-russo-anna-s2405-copia\\\/#breadcrumb\"},\"inLanguage\":\"de\",\"potentialAction\":[{\"@type\":\"ReadAction\",\"target\":[\"https:\\\/\\\/mondopelle.it\\\/de\\\/shop\\\/schuhe\\\/sandalen\\\/maultiere-fratelli-russo-anna-s2405-copia\\\/\"]}]},{\"@type\":\"ImageObject\",\"inLanguage\":\"de\",\"@id\":\"https:\\\/\\\/mondopelle.it\\\/de\\\/shop\\\/schuhe\\\/sandalen\\\/maultiere-fratelli-russo-anna-s2405-copia\\\/#primaryimage\",\"url\":\"https:\\\/\\\/mondopelle.it\\\/wp-content\\\/uploads\\\/2024\\\/02\\\/Foto-27-02-24-22-25-45-6.jpg\",\"contentUrl\":\"https:\\\/\\\/mondopelle.it\\\/wp-content\\\/uploads\\\/2024\\\/02\\\/Foto-27-02-24-22-25-45-6.jpg\",\"width\":1512,\"height\":1512,\"caption\":\"Sandalen Fratelli Russo Benny S2402 gr\u00fcn\"},{\"@type\":\"BreadcrumbList\",\"@id\":\"https:\\\/\\\/mondopelle.it\\\/de\\\/shop\\\/schuhe\\\/sandalen\\\/maultiere-fratelli-russo-anna-s2405-copia\\\/#breadcrumb\",\"itemListElement\":[{\"@type\":\"ListItem\",\"position\":1,\"name\":\"Start Seite\",\"item\":\"https:\\\/\\\/mondopelle.it\\\/de\\\/home-new\\\/\"},{\"@type\":\"ListItem\",\"position\":2,\"name\":\"Produkte\",\"item\":\"https:\\\/\\\/mondopelle.it\\\/de\\\/shop\\\/\"},{\"@type\":\"ListItem\",\"position\":3,\"name\":\"Slingback Fratelli Russo Anna S2403\"}]},{\"@type\":\"WebSite\",\"@id\":\"https:\\\/\\\/mondopelle.it\\\/de\\\/#website\",\"url\":\"https:\\\/\\\/mondopelle.it\\\/de\\\/\",\"name\":\"Mondopelle\",\"description\":\"\",\"publisher\":{\"@id\":\"https:\\\/\\\/mondopelle.it\\\/de\\\/#organization\"},\"potentialAction\":[{\"@type\":\"SearchAction\",\"target\":{\"@type\":\"EntryPoint\",\"urlTemplate\":\"https:\\\/\\\/mondopelle.it\\\/de\\\/?s={search_term_string}\"},\"query-input\":{\"@type\":\"PropertyValueSpecification\",\"valueRequired\":true,\"valueName\":\"search_term_string\"}}],\"inLanguage\":\"de\"},{\"@type\":\"Organization\",\"@id\":\"https:\\\/\\\/mondopelle.it\\\/de\\\/#organization\",\"name\":\"Mondopelle\",\"url\":\"https:\\\/\\\/mondopelle.it\\\/de\\\/\",\"logo\":{\"@type\":\"ImageObject\",\"inLanguage\":\"de\",\"@id\":\"https:\\\/\\\/mondopelle.it\\\/de\\\/#\\\/schema\\\/logo\\\/image\\\/\",\"url\":\"https:\\\/\\\/mondopelle.it\\\/wp-content\\\/uploads\\\/2023\\\/07\\\/logo_mp-283x55-1.png\",\"contentUrl\":\"https:\\\/\\\/mondopelle.it\\\/wp-content\\\/uploads\\\/2023\\\/07\\\/logo_mp-283x55-1.png\",\"width\":283,\"height\":55,\"caption\":\"Mondopelle\"},\"image\":{\"@id\":\"https:\\\/\\\/mondopelle.it\\\/de\\\/#\\\/schema\\\/logo\\\/image\\\/\"},\"sameAs\":[\"https:\\\/\\\/www.facebook.com\\\/mondopelle\\\/\",\"https:\\\/\\\/www.instagram.com\\\/mondopelle\\\/\"]}]}<\/script>\n<!-- \/ Yoast SEO plugin. -->","yoast_head_json":{"title":"Slingback Fratelli Russo Anna S2403 - Mondopelle","description":"Slingback Fratelli Russo Anna S2403 Online-Verkauf weltweit. \u2713 Kostenloser und schneller Versand, Zahlung bei Lieferung und einfache R\u00fcckgabe. Bestellen Sie bei Mondopelle und erhalten Sie das Beste aus der Mode!","robots":{"index":"index","follow":"follow","max-snippet":"max-snippet:-1","max-image-preview":"max-image-preview:large","max-video-preview":"max-video-preview:-1"},"canonical":"https:\/\/mondopelle.it\/de\/shop\/schuhe\/sandalen\/maultiere-fratelli-russo-anna-s2405-copia\/","og_locale":"de_DE","og_type":"article","og_title":"Slingback Fratelli Russo Anna S2403 - Mondopelle","og_description":"Slingback Fratelli Russo Anna S2403 Online-Verkauf weltweit. \u2713 Kostenloser und schneller Versand, Zahlung bei Lieferung und einfache R\u00fcckgabe. Bestellen Sie bei Mondopelle und erhalten Sie das Beste aus der Mode!","og_url":"https:\/\/mondopelle.it\/de\/shop\/schuhe\/sandalen\/maultiere-fratelli-russo-anna-s2405-copia\/","og_site_name":"Mondopelle","article_publisher":"https:\/\/www.facebook.com\/mondopelle\/","article_modified_time":"2024-05-01T12:15:51+00:00","og_image":[{"width":1512,"height":1512,"url":"https:\/\/mondopelle.it\/wp-content\/uploads\/2024\/02\/Foto-27-02-24-22-25-45-6.jpg","type":"image\/jpeg"}],"twitter_card":"summary_large_image","twitter_misc":{"Gesch\u00e4tzte Lesezeit":"1\u00a0Minute"},"schema":{"@context":"https:\/\/schema.org","@graph":[{"@type":"WebPage","@id":"https:\/\/mondopelle.it\/de\/shop\/schuhe\/sandalen\/maultiere-fratelli-russo-anna-s2405-copia\/","url":"https:\/\/mondopelle.it\/de\/shop\/schuhe\/sandalen\/maultiere-fratelli-russo-anna-s2405-copia\/","name":"Slingback Fratelli Russo Anna S2403 - Mondopelle","isPartOf":{"@id":"https:\/\/mondopelle.it\/de\/#website"},"primaryImageOfPage":{"@id":"https:\/\/mondopelle.it\/de\/shop\/schuhe\/sandalen\/maultiere-fratelli-russo-anna-s2405-copia\/#primaryimage"},"image":{"@id":"https:\/\/mondopelle.it\/de\/shop\/schuhe\/sandalen\/maultiere-fratelli-russo-anna-s2405-copia\/#primaryimage"},"thumbnailUrl":"https:\/\/mondopelle.it\/wp-content\/uploads\/2024\/02\/Foto-27-02-24-22-25-45-6.jpg","datePublished":"2024-04-26T18:08:58+00:00","dateModified":"2024-05-01T12:15:51+00:00","description":"Slingback Fratelli Russo Anna S2403 Online-Verkauf weltweit. \u2713 Kostenloser und schneller Versand, Zahlung bei Lieferung und einfache R\u00fcckgabe. Bestellen Sie bei Mondopelle und erhalten Sie das Beste aus der Mode!","breadcrumb":{"@id":"https:\/\/mondopelle.it\/de\/shop\/schuhe\/sandalen\/maultiere-fratelli-russo-anna-s2405-copia\/#breadcrumb"},"inLanguage":"de","potentialAction":[{"@type":"ReadAction","target":["https:\/\/mondopelle.it\/de\/shop\/schuhe\/sandalen\/maultiere-fratelli-russo-anna-s2405-copia\/"]}]},{"@type":"ImageObject","inLanguage":"de","@id":"https:\/\/mondopelle.it\/de\/shop\/schuhe\/sandalen\/maultiere-fratelli-russo-anna-s2405-copia\/#primaryimage","url":"https:\/\/mondopelle.it\/wp-content\/uploads\/2024\/02\/Foto-27-02-24-22-25-45-6.jpg","contentUrl":"https:\/\/mondopelle.it\/wp-content\/uploads\/2024\/02\/Foto-27-02-24-22-25-45-6.jpg","width":1512,"height":1512,"caption":"Sandalen Fratelli Russo Benny S2402 gr\u00fcn"},{"@type":"BreadcrumbList","@id":"https:\/\/mondopelle.it\/de\/shop\/schuhe\/sandalen\/maultiere-fratelli-russo-anna-s2405-copia\/#breadcrumb","itemListElement":[{"@type":"ListItem","position":1,"name":"Start Seite","item":"https:\/\/mondopelle.it\/de\/home-new\/"},{"@type":"ListItem","position":2,"name":"Produkte","item":"https:\/\/mondopelle.it\/de\/shop\/"},{"@type":"ListItem","position":3,"name":"Slingback Fratelli Russo Anna S2403"}]},{"@type":"WebSite","@id":"https:\/\/mondopelle.it\/de\/#website","url":"https:\/\/mondopelle.it\/de\/","name":"Mondopelle","description":"","publisher":{"@id":"https:\/\/mondopelle.it\/de\/#organization"},"potentialAction":[{"@type":"SearchAction","target":{"@type":"EntryPoint","urlTemplate":"https:\/\/mondopelle.it\/de\/?s={search_term_string}"},"query-input":{"@type":"PropertyValueSpecification","valueRequired":true,"valueName":"search_term_string"}}],"inLanguage":"de"},{"@type":"Organization","@id":"https:\/\/mondopelle.it\/de\/#organization","name":"Mondopelle","url":"https:\/\/mondopelle.it\/de\/","logo":{"@type":"ImageObject","inLanguage":"de","@id":"https:\/\/mondopelle.it\/de\/#\/schema\/logo\/image\/","url":"https:\/\/mondopelle.it\/wp-content\/uploads\/2023\/07\/logo_mp-283x55-1.png","contentUrl":"https:\/\/mondopelle.it\/wp-content\/uploads\/2023\/07\/logo_mp-283x55-1.png","width":283,"height":55,"caption":"Mondopelle"},"image":{"@id":"https:\/\/mondopelle.it\/de\/#\/schema\/logo\/image\/"},"sameAs":["https:\/\/www.facebook.com\/mondopelle\/","https:\/\/www.instagram.com\/mondopelle\/"]}]}},"_links":{"self":[{"href":"https:\/\/mondopelle.it\/de\/wp-json\/wp\/v2\/product\/54964","targetHints":{"allow":["GET"]}}],"collection":[{"href":"https:\/\/mondopelle.it\/de\/wp-json\/wp\/v2\/product"}],"about":[{"href":"https:\/\/mondopelle.it\/de\/wp-json\/wp\/v2\/types\/product"}],"replies":[{"embeddable":true,"href":"https:\/\/mondopelle.it\/de\/wp-json\/wp\/v2\/comments?post=54964"}],"version-history":[{"count":0,"href":"https:\/\/mondopelle.it\/de\/wp-json\/wp\/v2\/product\/54964\/revisions"}],"wp:featuredmedia":[{"embeddable":true,"href":"https:\/\/mondopelle.it\/de\/wp-json\/wp\/v2\/media\/48828"}],"wp:attachment":[{"href":"https:\/\/mondopelle.it\/de\/wp-json\/wp\/v2\/media?parent=54964"}],"wp:term":[{"taxonomy":"brand","embeddable":true,"href":"https:\/\/mondopelle.it\/de\/wp-json\/wp\/v2\/etheme_brands?post=54964"},{"taxonomy":"product_brand","embeddable":true,"href":"https:\/\/mondopelle.it\/de\/wp-json\/wp\/v2\/product_brand?post=54964"},{"taxonomy":"product_cat","embeddable":true,"href":"https:\/\/mondopelle.it\/de\/wp-json\/wp\/v2\/product_cat?post=54964"},{"taxonomy":"product_tag","embeddable":true,"href":"https:\/\/mondopelle.it\/de\/wp-json\/wp\/v2\/product_tag?post=54964"}],"curies":[{"name":"wp","href":"https:\/\/api.w.org\/{rel}","templated":true}]}}