{"id":57338,"date":"2024-06-15T20:11:10","date_gmt":"2024-06-15T18:11:10","guid":{"rendered":"https:\/\/mondopelle.it\/?post_type=product&#038;p=57338"},"modified":"2024-06-15T20:29:34","modified_gmt":"2024-06-15T18:29:34","slug":"schuhe-luca-grossi-ch748-copia","status":"publish","type":"product","link":"https:\/\/mondopelle.it\/de\/shop\/schuhe\/schuhe-de\/schuhe-luca-grossi-ch748-copia\/","title":{"rendered":"Schuhe Luca Grossi CH615"},"content":{"rendered":"<p>Die neue Herbst-Winter-Kollektion der toskanischen Marke Luca Grossi pr\u00e4sentiert elegante und raffinierte Schuhe. Die Schuhe sind aus weichem Lackleder gefertigt und zeichnen sich durch eine elegante goldene Schnalle aus.<br \/>\nDer bequeme, quadratische 2-cm-Absatz verleiht diesen Schuhen einen eleganten und femininen Look, der sie sowohl f\u00fcr formelle als auch f\u00fcr informelle Anl\u00e4sse geeignet macht. Die italienische Handwerkskunst und die Verwendung hochwertiger Materialien garantieren ein hervorragendes Produkt, das zum Must-Have f\u00fcr den Herbst wird.<br \/>\nDiese schwarzen Lacklederpumps von verlux sind ideal f\u00fcr alle, die einen raffinierten und trendigen Stil suchen. Ihr einzigartiges Design passt sich verschiedenen Looks an und macht sie vielseitig und leicht kombinierbar.<br \/>\nVerleihen Sie Ihrer Garderobe einen Hauch von Eleganz mit diesen pr\u00e4chtigen Schuhen von Luca Grossi. Eine Investition, die Ihnen die ganze Saison \u00fcber Stil und Komfort bietet.<\/p>\n","protected":false},"excerpt":{"rendered":"<p>Die neue Herbst-Winter-Kollektion der toskanischen Marke Luca Grossi pr\u00e4sentiert elegante und raffinierte Schuhe. Die Schuhe sind aus weichem Lackleder gefertigt und zeichnen sich durch eine elegante goldene Schnalle aus. Der bequeme, quadratische 2-cm-Absatz verleiht diesen Schuhen einen eleganten und femininen Look, der sie sowohl f\u00fcr formelle als auch f\u00fcr informelle Anl\u00e4sse geeignet macht. Die italienische Handwerkskunst und die Verwendung hochwertiger Materialien garantieren ein hervorragendes Produkt, das zum Must-Have f\u00fcr den Herbst wird. Diese schwarzen Lacklederpumps&#8230;<\/p>\n","protected":false},"featured_media":57246,"comment_status":"open","ping_status":"closed","template":"","meta":[],"etheme_brands":[],"product_brand":[],"product_cat":[1014,1057],"product_tag":[],"class_list":{"0":"post-57338","1":"product","2":"type-product","3":"status-publish","4":"has-post-thumbnail","6":"product_cat-schuhe","7":"product_cat-schuhe-de","8":"pa_cvet-schwarz","9":"pa_god-2024-de-2","10":"pa_materialotdelkisnaruzhi-lackierung","11":"pa_materialotdelkivnutri-leder","12":"pa_materialpodoshv-gummi","13":"pa_razmer-36-de","14":"pa_razmer-37-de","15":"pa_razmer-38-de","16":"pa_razmer-39-de","17":"pa_razmer-40-de","18":"pa_razmer-41-de","19":"pa_sezon-herbst-winter","20":"pa_stranaproizvoditelx-italien","21":"pa_vsotakabluka_sm-2-de","23":"first","24":"instock","25":"sale","26":"shipping-taxable","27":"purchasable","28":"product-type-variable","29":"has-default-attributes"},"yoast_head":"<!-- This site is optimized with the Yoast SEO plugin v27.5 - https:\/\/yoast.com\/product\/yoast-seo-wordpress\/ -->\n<title>Schuhe Luca Grossi CH615 - Mondopelle<\/title>\n<meta name=\"description\" content=\"Schuhe Luca Grossi CH615 Online-Verkauf weltweit. \u2713 Kostenloser und schneller Versand, Zahlung bei Lieferung und einfache R\u00fcckgabe. Bestellen Sie bei Mondopelle und erhalten Sie das Beste aus der Mode!\" \/>\n<meta name=\"robots\" content=\"index, follow, max-snippet:-1, max-image-preview:large, max-video-preview:-1\" \/>\n<link rel=\"canonical\" href=\"https:\/\/mondopelle.it\/de\/shop\/schuhe\/schuhe-de\/schuhe-luca-grossi-ch748-copia\/\" \/>\n<meta property=\"og:locale\" content=\"de_DE\" \/>\n<meta property=\"og:type\" content=\"article\" \/>\n<meta property=\"og:title\" content=\"Schuhe Luca Grossi CH615 - Mondopelle\" \/>\n<meta property=\"og:description\" content=\"Schuhe Luca Grossi CH615 Online-Verkauf weltweit. \u2713 Kostenloser und schneller Versand, Zahlung bei Lieferung und einfache R\u00fcckgabe. Bestellen Sie bei Mondopelle und erhalten Sie das Beste aus der Mode!\" \/>\n<meta property=\"og:url\" content=\"https:\/\/mondopelle.it\/de\/shop\/schuhe\/schuhe-de\/schuhe-luca-grossi-ch748-copia\/\" \/>\n<meta property=\"og:site_name\" content=\"Mondopelle\" \/>\n<meta property=\"article:publisher\" content=\"https:\/\/www.facebook.com\/mondopelle\/\" \/>\n<meta property=\"article:modified_time\" content=\"2024-06-15T18:29:34+00:00\" \/>\n<meta property=\"og:image\" content=\"https:\/\/mondopelle.it\/wp-content\/uploads\/2024\/06\/Foto-14-06-24-19-48-54-4-1.jpg\" \/>\n\t<meta property=\"og:image:width\" content=\"1353\" \/>\n\t<meta property=\"og:image:height\" content=\"1353\" \/>\n\t<meta property=\"og:image:type\" content=\"image\/jpeg\" \/>\n<meta name=\"twitter:card\" content=\"summary_large_image\" \/>\n<meta name=\"twitter:label1\" content=\"Gesch\u00e4tzte Lesezeit\" \/>\n\t<meta name=\"twitter:data1\" content=\"1\u00a0Minute\" \/>\n<script type=\"application\/ld+json\" class=\"yoast-schema-graph\">{\"@context\":\"https:\\\/\\\/schema.org\",\"@graph\":[{\"@type\":\"WebPage\",\"@id\":\"https:\\\/\\\/mondopelle.it\\\/de\\\/shop\\\/schuhe\\\/schuhe-de\\\/schuhe-luca-grossi-ch748-copia\\\/\",\"url\":\"https:\\\/\\\/mondopelle.it\\\/de\\\/shop\\\/schuhe\\\/schuhe-de\\\/schuhe-luca-grossi-ch748-copia\\\/\",\"name\":\"Schuhe Luca Grossi CH615 - Mondopelle\",\"isPartOf\":{\"@id\":\"https:\\\/\\\/mondopelle.it\\\/de\\\/#website\"},\"primaryImageOfPage\":{\"@id\":\"https:\\\/\\\/mondopelle.it\\\/de\\\/shop\\\/schuhe\\\/schuhe-de\\\/schuhe-luca-grossi-ch748-copia\\\/#primaryimage\"},\"image\":{\"@id\":\"https:\\\/\\\/mondopelle.it\\\/de\\\/shop\\\/schuhe\\\/schuhe-de\\\/schuhe-luca-grossi-ch748-copia\\\/#primaryimage\"},\"thumbnailUrl\":\"https:\\\/\\\/mondopelle.it\\\/wp-content\\\/uploads\\\/2024\\\/06\\\/Foto-14-06-24-19-48-54-4-1.jpg\",\"datePublished\":\"2024-06-15T18:11:10+00:00\",\"dateModified\":\"2024-06-15T18:29:34+00:00\",\"description\":\"Schuhe Luca Grossi CH615 Online-Verkauf weltweit. \u2713 Kostenloser und schneller Versand, Zahlung bei Lieferung und einfache R\u00fcckgabe. Bestellen Sie bei Mondopelle und erhalten Sie das Beste aus der Mode!\",\"breadcrumb\":{\"@id\":\"https:\\\/\\\/mondopelle.it\\\/de\\\/shop\\\/schuhe\\\/schuhe-de\\\/schuhe-luca-grossi-ch748-copia\\\/#breadcrumb\"},\"inLanguage\":\"de\",\"potentialAction\":[{\"@type\":\"ReadAction\",\"target\":[\"https:\\\/\\\/mondopelle.it\\\/de\\\/shop\\\/schuhe\\\/schuhe-de\\\/schuhe-luca-grossi-ch748-copia\\\/\"]}]},{\"@type\":\"ImageObject\",\"inLanguage\":\"de\",\"@id\":\"https:\\\/\\\/mondopelle.it\\\/de\\\/shop\\\/schuhe\\\/schuhe-de\\\/schuhe-luca-grossi-ch748-copia\\\/#primaryimage\",\"url\":\"https:\\\/\\\/mondopelle.it\\\/wp-content\\\/uploads\\\/2024\\\/06\\\/Foto-14-06-24-19-48-54-4-1.jpg\",\"contentUrl\":\"https:\\\/\\\/mondopelle.it\\\/wp-content\\\/uploads\\\/2024\\\/06\\\/Foto-14-06-24-19-48-54-4-1.jpg\",\"width\":1353,\"height\":1353,\"caption\":\"Schuhe Luca Grossi CH615\"},{\"@type\":\"BreadcrumbList\",\"@id\":\"https:\\\/\\\/mondopelle.it\\\/de\\\/shop\\\/schuhe\\\/schuhe-de\\\/schuhe-luca-grossi-ch748-copia\\\/#breadcrumb\",\"itemListElement\":[{\"@type\":\"ListItem\",\"position\":1,\"name\":\"Start Seite\",\"item\":\"https:\\\/\\\/mondopelle.it\\\/de\\\/home-new\\\/\"},{\"@type\":\"ListItem\",\"position\":2,\"name\":\"Produkte\",\"item\":\"https:\\\/\\\/mondopelle.it\\\/de\\\/shop\\\/\"},{\"@type\":\"ListItem\",\"position\":3,\"name\":\"Schuhe Luca Grossi CH615\"}]},{\"@type\":\"WebSite\",\"@id\":\"https:\\\/\\\/mondopelle.it\\\/de\\\/#website\",\"url\":\"https:\\\/\\\/mondopelle.it\\\/de\\\/\",\"name\":\"Mondopelle\",\"description\":\"\",\"publisher\":{\"@id\":\"https:\\\/\\\/mondopelle.it\\\/de\\\/#organization\"},\"potentialAction\":[{\"@type\":\"SearchAction\",\"target\":{\"@type\":\"EntryPoint\",\"urlTemplate\":\"https:\\\/\\\/mondopelle.it\\\/de\\\/?s={search_term_string}\"},\"query-input\":{\"@type\":\"PropertyValueSpecification\",\"valueRequired\":true,\"valueName\":\"search_term_string\"}}],\"inLanguage\":\"de\"},{\"@type\":\"Organization\",\"@id\":\"https:\\\/\\\/mondopelle.it\\\/de\\\/#organization\",\"name\":\"Mondopelle\",\"url\":\"https:\\\/\\\/mondopelle.it\\\/de\\\/\",\"logo\":{\"@type\":\"ImageObject\",\"inLanguage\":\"de\",\"@id\":\"https:\\\/\\\/mondopelle.it\\\/de\\\/#\\\/schema\\\/logo\\\/image\\\/\",\"url\":\"https:\\\/\\\/mondopelle.it\\\/wp-content\\\/uploads\\\/2023\\\/07\\\/logo_mp-283x55-1.png\",\"contentUrl\":\"https:\\\/\\\/mondopelle.it\\\/wp-content\\\/uploads\\\/2023\\\/07\\\/logo_mp-283x55-1.png\",\"width\":283,\"height\":55,\"caption\":\"Mondopelle\"},\"image\":{\"@id\":\"https:\\\/\\\/mondopelle.it\\\/de\\\/#\\\/schema\\\/logo\\\/image\\\/\"},\"sameAs\":[\"https:\\\/\\\/www.facebook.com\\\/mondopelle\\\/\",\"https:\\\/\\\/www.instagram.com\\\/mondopelle\\\/\"]}]}<\/script>\n<!-- \/ Yoast SEO plugin. -->","yoast_head_json":{"title":"Schuhe Luca Grossi CH615 - Mondopelle","description":"Schuhe Luca Grossi CH615 Online-Verkauf weltweit. \u2713 Kostenloser und schneller Versand, Zahlung bei Lieferung und einfache R\u00fcckgabe. Bestellen Sie bei Mondopelle und erhalten Sie das Beste aus der Mode!","robots":{"index":"index","follow":"follow","max-snippet":"max-snippet:-1","max-image-preview":"max-image-preview:large","max-video-preview":"max-video-preview:-1"},"canonical":"https:\/\/mondopelle.it\/de\/shop\/schuhe\/schuhe-de\/schuhe-luca-grossi-ch748-copia\/","og_locale":"de_DE","og_type":"article","og_title":"Schuhe Luca Grossi CH615 - Mondopelle","og_description":"Schuhe Luca Grossi CH615 Online-Verkauf weltweit. \u2713 Kostenloser und schneller Versand, Zahlung bei Lieferung und einfache R\u00fcckgabe. Bestellen Sie bei Mondopelle und erhalten Sie das Beste aus der Mode!","og_url":"https:\/\/mondopelle.it\/de\/shop\/schuhe\/schuhe-de\/schuhe-luca-grossi-ch748-copia\/","og_site_name":"Mondopelle","article_publisher":"https:\/\/www.facebook.com\/mondopelle\/","article_modified_time":"2024-06-15T18:29:34+00:00","og_image":[{"width":1353,"height":1353,"url":"https:\/\/mondopelle.it\/wp-content\/uploads\/2024\/06\/Foto-14-06-24-19-48-54-4-1.jpg","type":"image\/jpeg"}],"twitter_card":"summary_large_image","twitter_misc":{"Gesch\u00e4tzte Lesezeit":"1\u00a0Minute"},"schema":{"@context":"https:\/\/schema.org","@graph":[{"@type":"WebPage","@id":"https:\/\/mondopelle.it\/de\/shop\/schuhe\/schuhe-de\/schuhe-luca-grossi-ch748-copia\/","url":"https:\/\/mondopelle.it\/de\/shop\/schuhe\/schuhe-de\/schuhe-luca-grossi-ch748-copia\/","name":"Schuhe Luca Grossi CH615 - Mondopelle","isPartOf":{"@id":"https:\/\/mondopelle.it\/de\/#website"},"primaryImageOfPage":{"@id":"https:\/\/mondopelle.it\/de\/shop\/schuhe\/schuhe-de\/schuhe-luca-grossi-ch748-copia\/#primaryimage"},"image":{"@id":"https:\/\/mondopelle.it\/de\/shop\/schuhe\/schuhe-de\/schuhe-luca-grossi-ch748-copia\/#primaryimage"},"thumbnailUrl":"https:\/\/mondopelle.it\/wp-content\/uploads\/2024\/06\/Foto-14-06-24-19-48-54-4-1.jpg","datePublished":"2024-06-15T18:11:10+00:00","dateModified":"2024-06-15T18:29:34+00:00","description":"Schuhe Luca Grossi CH615 Online-Verkauf weltweit. \u2713 Kostenloser und schneller Versand, Zahlung bei Lieferung und einfache R\u00fcckgabe. Bestellen Sie bei Mondopelle und erhalten Sie das Beste aus der Mode!","breadcrumb":{"@id":"https:\/\/mondopelle.it\/de\/shop\/schuhe\/schuhe-de\/schuhe-luca-grossi-ch748-copia\/#breadcrumb"},"inLanguage":"de","potentialAction":[{"@type":"ReadAction","target":["https:\/\/mondopelle.it\/de\/shop\/schuhe\/schuhe-de\/schuhe-luca-grossi-ch748-copia\/"]}]},{"@type":"ImageObject","inLanguage":"de","@id":"https:\/\/mondopelle.it\/de\/shop\/schuhe\/schuhe-de\/schuhe-luca-grossi-ch748-copia\/#primaryimage","url":"https:\/\/mondopelle.it\/wp-content\/uploads\/2024\/06\/Foto-14-06-24-19-48-54-4-1.jpg","contentUrl":"https:\/\/mondopelle.it\/wp-content\/uploads\/2024\/06\/Foto-14-06-24-19-48-54-4-1.jpg","width":1353,"height":1353,"caption":"Schuhe Luca Grossi CH615"},{"@type":"BreadcrumbList","@id":"https:\/\/mondopelle.it\/de\/shop\/schuhe\/schuhe-de\/schuhe-luca-grossi-ch748-copia\/#breadcrumb","itemListElement":[{"@type":"ListItem","position":1,"name":"Start Seite","item":"https:\/\/mondopelle.it\/de\/home-new\/"},{"@type":"ListItem","position":2,"name":"Produkte","item":"https:\/\/mondopelle.it\/de\/shop\/"},{"@type":"ListItem","position":3,"name":"Schuhe Luca Grossi CH615"}]},{"@type":"WebSite","@id":"https:\/\/mondopelle.it\/de\/#website","url":"https:\/\/mondopelle.it\/de\/","name":"Mondopelle","description":"","publisher":{"@id":"https:\/\/mondopelle.it\/de\/#organization"},"potentialAction":[{"@type":"SearchAction","target":{"@type":"EntryPoint","urlTemplate":"https:\/\/mondopelle.it\/de\/?s={search_term_string}"},"query-input":{"@type":"PropertyValueSpecification","valueRequired":true,"valueName":"search_term_string"}}],"inLanguage":"de"},{"@type":"Organization","@id":"https:\/\/mondopelle.it\/de\/#organization","name":"Mondopelle","url":"https:\/\/mondopelle.it\/de\/","logo":{"@type":"ImageObject","inLanguage":"de","@id":"https:\/\/mondopelle.it\/de\/#\/schema\/logo\/image\/","url":"https:\/\/mondopelle.it\/wp-content\/uploads\/2023\/07\/logo_mp-283x55-1.png","contentUrl":"https:\/\/mondopelle.it\/wp-content\/uploads\/2023\/07\/logo_mp-283x55-1.png","width":283,"height":55,"caption":"Mondopelle"},"image":{"@id":"https:\/\/mondopelle.it\/de\/#\/schema\/logo\/image\/"},"sameAs":["https:\/\/www.facebook.com\/mondopelle\/","https:\/\/www.instagram.com\/mondopelle\/"]}]}},"_links":{"self":[{"href":"https:\/\/mondopelle.it\/de\/wp-json\/wp\/v2\/product\/57338","targetHints":{"allow":["GET"]}}],"collection":[{"href":"https:\/\/mondopelle.it\/de\/wp-json\/wp\/v2\/product"}],"about":[{"href":"https:\/\/mondopelle.it\/de\/wp-json\/wp\/v2\/types\/product"}],"replies":[{"embeddable":true,"href":"https:\/\/mondopelle.it\/de\/wp-json\/wp\/v2\/comments?post=57338"}],"version-history":[{"count":0,"href":"https:\/\/mondopelle.it\/de\/wp-json\/wp\/v2\/product\/57338\/revisions"}],"wp:featuredmedia":[{"embeddable":true,"href":"https:\/\/mondopelle.it\/de\/wp-json\/wp\/v2\/media\/57246"}],"wp:attachment":[{"href":"https:\/\/mondopelle.it\/de\/wp-json\/wp\/v2\/media?parent=57338"}],"wp:term":[{"taxonomy":"brand","embeddable":true,"href":"https:\/\/mondopelle.it\/de\/wp-json\/wp\/v2\/etheme_brands?post=57338"},{"taxonomy":"product_brand","embeddable":true,"href":"https:\/\/mondopelle.it\/de\/wp-json\/wp\/v2\/product_brand?post=57338"},{"taxonomy":"product_cat","embeddable":true,"href":"https:\/\/mondopelle.it\/de\/wp-json\/wp\/v2\/product_cat?post=57338"},{"taxonomy":"product_tag","embeddable":true,"href":"https:\/\/mondopelle.it\/de\/wp-json\/wp\/v2\/product_tag?post=57338"}],"curies":[{"name":"wp","href":"https:\/\/api.w.org\/{rel}","templated":true}]}}