{"id":57494,"date":"2024-06-15T21:41:37","date_gmt":"2024-06-15T19:41:37","guid":{"rendered":"https:\/\/mondopelle.it\/?post_type=product&#038;p=57494"},"modified":"2025-04-09T20:23:08","modified_gmt":"2025-04-09T18:23:08","slug":"schuhe-gianmarco-f-a030-copia","status":"publish","type":"product","link":"https:\/\/mondopelle.it\/de\/shop\/schuhe\/schuhe-de\/schuhe-gianmarco-f-a030-copia\/","title":{"rendered":"Schuhe Gianmarco F. A070"},"content":{"rendered":"<p>Die neue Herbst-Winter-Kollektion unserer Marke Gianmarco F. pr\u00e4sentiert ein Schuhmodell, das sich durch seine Eleganz und Sinnlichkeit auszeichnet. Realizzate in morbida pelle lucida di bel colore blu, queste Schuhe sono un esempio di stile e moda.<br \/>\nDer modisch schmale 5-cm-Absatz verleiht diesen Schuhen einen eleganten und femininen Look und macht sie perfekt f\u00fcr formelle und informelle Anl\u00e4sse. Die schmalen Kn\u00f6chel- und Seitenriemen verleihen einen Hauch von Sinnlichkeit und Eleganz und machen diese Schuhe zu einem Muss f\u00fcr jede Frau, die ihren Stil und ihre Pers\u00f6nlichkeit zum Ausdruck bringen m\u00f6chte.<br \/>\nDiese gl\u00e4nzenden Lederschuhe sind das ideale Accessoire f\u00fcr alle, die ein Produkt suchen, das ihre Eleganz und Sinnlichkeit zum Ausdruck bringt; Ihr einzigartiges Design passt sich verschiedenen Looks an und macht sie vielseitig und leicht kombinierbar.<br \/>\nVerleihen Sie Ihrer Garderobe einen Hauch von Eleganz mit diesen pr\u00e4chtigen Schuhen von Gianmarco F. Eine Investition, die Ihnen die ganze Saison \u00fcber Stil und Komfort bietet;<\/p>\n","protected":false},"excerpt":{"rendered":"<p>Die neue Herbst-Winter-Kollektion unserer Marke Gianmarco F. pr\u00e4sentiert ein Schuhmodell, das sich durch seine Eleganz und Sinnlichkeit auszeichnet. Realizzate in morbida pelle lucida di bel colore blu, queste Schuhe sono un esempio di stile e moda. Der modisch schmale 5-cm-Absatz verleiht diesen Schuhen einen eleganten und femininen Look und macht sie perfekt f\u00fcr formelle und informelle Anl\u00e4sse. Die schmalen Kn\u00f6chel- und Seitenriemen verleihen einen Hauch von Sinnlichkeit und Eleganz und machen diese Schuhe zu einem&#8230;<\/p>\n","protected":false},"featured_media":57535,"comment_status":"open","ping_status":"closed","template":"","meta":[],"etheme_brands":[{"term_id":1575,"name":"Gianmarco F.","slug":"gianmarco-f-de","term_group":0,"term_taxonomy_id":1575,"taxonomy":"brand","description":"Gianmarco F ist eine italienische Marke, die sich auf die Herstellung von eleganten Damenschuhen spezialisiert hat, die aus hochwertigen nat\u00fcrlichen Materialien und in handwerklicher Qualit\u00e4t gefertigt werden. Gegr\u00fcndet mit dem Ziel, modische Accessoires zu kreieren, zeichnet sich Gianmarco F durch seine Liebe zum Detail und seine Leidenschaft f\u00fcr die Herstellung einzigartiger, hochwertiger Produkte aus. Alle Gianmarco F-Schuhe werden in Italien aus hochwertigen Naturmaterialien wie weichem Leder und Naturfasern hergestellt. Gianmarco F ist die ideale Marke f\u00fcr alle, die ein Accessoire suchen, das ihren Stil und ihre Pers\u00f6nlichkeit zum Ausdruck bringt. Wenn Sie sich f\u00fcr ein Produkt von Gianmarco F entscheiden, entscheiden Sie sich f\u00fcr ein hochwertiges Produkt, das mit Leidenschaft und Liebe zum Detail hergestellt wird.","parent":0,"count":1,"filter":"raw"}],"product_brand":[],"product_cat":[1014,1057],"product_tag":[],"class_list":{"0":"post-57494","1":"product","2":"type-product","3":"status-publish","4":"has-post-thumbnail","6":"brand-gianmarco-f-de","7":"product_cat-schuhe","8":"product_cat-schuhe-de","9":"pa_cvet-blau","10":"pa_god-2024-de-2","11":"pa_materialotdelkisnaruzhi-lackierung","12":"pa_materialotdelkivnutri-leder","13":"pa_materialpodoshv-gummi","14":"pa_razmer-36-de","15":"pa_razmer-37-de","16":"pa_razmer-38-de","17":"pa_razmer-39-de","18":"pa_razmer-40-de","19":"pa_razmer-41-de","20":"pa_sezon-herbst-winter","21":"pa_stranaproizvoditelx-italien","22":"pa_vsotakabluka_sm-5-de","24":"first","25":"instock","26":"sale","27":"shipping-taxable","28":"purchasable","29":"product-type-variable","30":"has-default-attributes"},"yoast_head":"<!-- This site is optimized with the Yoast SEO plugin v27.3 - https:\/\/yoast.com\/product\/yoast-seo-wordpress\/ -->\n<title>Schuhe Gianmarco F. A070 - Mondopelle<\/title>\n<meta name=\"description\" content=\"Schuhe Gianmarco F. A070 Online-Verkauf weltweit. \u2713 Kostenloser und schneller Versand, Zahlung bei Lieferung und einfache R\u00fcckgabe. Bestellen Sie bei Mondopelle und erhalten Sie das Beste aus der Mode!\" \/>\n<meta name=\"robots\" content=\"index, follow, max-snippet:-1, max-image-preview:large, max-video-preview:-1\" \/>\n<link rel=\"canonical\" href=\"https:\/\/mondopelle.it\/de\/shop\/schuhe\/schuhe-de\/schuhe-gianmarco-f-a030-copia\/\" \/>\n<meta property=\"og:locale\" content=\"de_DE\" \/>\n<meta property=\"og:type\" content=\"article\" \/>\n<meta property=\"og:title\" content=\"Schuhe Gianmarco F. A070 - Mondopelle\" \/>\n<meta property=\"og:description\" content=\"Schuhe Gianmarco F. A070 Online-Verkauf weltweit. \u2713 Kostenloser und schneller Versand, Zahlung bei Lieferung und einfache R\u00fcckgabe. Bestellen Sie bei Mondopelle und erhalten Sie das Beste aus der Mode!\" \/>\n<meta property=\"og:url\" content=\"https:\/\/mondopelle.it\/de\/shop\/schuhe\/schuhe-de\/schuhe-gianmarco-f-a030-copia\/\" \/>\n<meta property=\"og:site_name\" content=\"Mondopelle\" \/>\n<meta property=\"article:publisher\" content=\"https:\/\/www.facebook.com\/mondopelle\/\" \/>\n<meta property=\"article:modified_time\" content=\"2025-04-09T18:23:08+00:00\" \/>\n<meta property=\"og:image\" content=\"https:\/\/mondopelle.it\/wp-content\/uploads\/2024\/06\/Foto-15-06-24-21-41-13.jpg\" \/>\n\t<meta property=\"og:image:width\" content=\"1512\" \/>\n\t<meta property=\"og:image:height\" content=\"1512\" \/>\n\t<meta property=\"og:image:type\" content=\"image\/jpeg\" \/>\n<meta name=\"twitter:card\" content=\"summary_large_image\" \/>\n<meta name=\"twitter:label1\" content=\"Gesch\u00e4tzte Lesezeit\" \/>\n\t<meta name=\"twitter:data1\" content=\"1\u00a0Minute\" \/>\n<script type=\"application\/ld+json\" class=\"yoast-schema-graph\">{\"@context\":\"https:\\\/\\\/schema.org\",\"@graph\":[{\"@type\":\"WebPage\",\"@id\":\"https:\\\/\\\/mondopelle.it\\\/de\\\/shop\\\/schuhe\\\/schuhe-de\\\/schuhe-gianmarco-f-a030-copia\\\/\",\"url\":\"https:\\\/\\\/mondopelle.it\\\/de\\\/shop\\\/schuhe\\\/schuhe-de\\\/schuhe-gianmarco-f-a030-copia\\\/\",\"name\":\"Schuhe Gianmarco F. A070 - Mondopelle\",\"isPartOf\":{\"@id\":\"https:\\\/\\\/mondopelle.it\\\/de\\\/#website\"},\"primaryImageOfPage\":{\"@id\":\"https:\\\/\\\/mondopelle.it\\\/de\\\/shop\\\/schuhe\\\/schuhe-de\\\/schuhe-gianmarco-f-a030-copia\\\/#primaryimage\"},\"image\":{\"@id\":\"https:\\\/\\\/mondopelle.it\\\/de\\\/shop\\\/schuhe\\\/schuhe-de\\\/schuhe-gianmarco-f-a030-copia\\\/#primaryimage\"},\"thumbnailUrl\":\"https:\\\/\\\/mondopelle.it\\\/wp-content\\\/uploads\\\/2024\\\/06\\\/Foto-15-06-24-21-41-13.jpg\",\"datePublished\":\"2024-06-15T19:41:37+00:00\",\"dateModified\":\"2025-04-09T18:23:08+00:00\",\"description\":\"Schuhe Gianmarco F. A070 Online-Verkauf weltweit. \u2713 Kostenloser und schneller Versand, Zahlung bei Lieferung und einfache R\u00fcckgabe. Bestellen Sie bei Mondopelle und erhalten Sie das Beste aus der Mode!\",\"breadcrumb\":{\"@id\":\"https:\\\/\\\/mondopelle.it\\\/de\\\/shop\\\/schuhe\\\/schuhe-de\\\/schuhe-gianmarco-f-a030-copia\\\/#breadcrumb\"},\"inLanguage\":\"de\",\"potentialAction\":[{\"@type\":\"ReadAction\",\"target\":[\"https:\\\/\\\/mondopelle.it\\\/de\\\/shop\\\/schuhe\\\/schuhe-de\\\/schuhe-gianmarco-f-a030-copia\\\/\"]}]},{\"@type\":\"ImageObject\",\"inLanguage\":\"de\",\"@id\":\"https:\\\/\\\/mondopelle.it\\\/de\\\/shop\\\/schuhe\\\/schuhe-de\\\/schuhe-gianmarco-f-a030-copia\\\/#primaryimage\",\"url\":\"https:\\\/\\\/mondopelle.it\\\/wp-content\\\/uploads\\\/2024\\\/06\\\/Foto-15-06-24-21-41-13.jpg\",\"contentUrl\":\"https:\\\/\\\/mondopelle.it\\\/wp-content\\\/uploads\\\/2024\\\/06\\\/Foto-15-06-24-21-41-13.jpg\",\"width\":1512,\"height\":1512,\"caption\":\"D\u00e9collet\u00e9 Gianmarco F. A030 (Copia)\"},{\"@type\":\"BreadcrumbList\",\"@id\":\"https:\\\/\\\/mondopelle.it\\\/de\\\/shop\\\/schuhe\\\/schuhe-de\\\/schuhe-gianmarco-f-a030-copia\\\/#breadcrumb\",\"itemListElement\":[{\"@type\":\"ListItem\",\"position\":1,\"name\":\"Start Seite\",\"item\":\"https:\\\/\\\/mondopelle.it\\\/de\\\/home-new\\\/\"},{\"@type\":\"ListItem\",\"position\":2,\"name\":\"Produkte\",\"item\":\"https:\\\/\\\/mondopelle.it\\\/de\\\/shop\\\/\"},{\"@type\":\"ListItem\",\"position\":3,\"name\":\"Schuhe Gianmarco F. A070\"}]},{\"@type\":\"WebSite\",\"@id\":\"https:\\\/\\\/mondopelle.it\\\/de\\\/#website\",\"url\":\"https:\\\/\\\/mondopelle.it\\\/de\\\/\",\"name\":\"Mondopelle\",\"description\":\"\",\"publisher\":{\"@id\":\"https:\\\/\\\/mondopelle.it\\\/de\\\/#organization\"},\"potentialAction\":[{\"@type\":\"SearchAction\",\"target\":{\"@type\":\"EntryPoint\",\"urlTemplate\":\"https:\\\/\\\/mondopelle.it\\\/de\\\/?s={search_term_string}\"},\"query-input\":{\"@type\":\"PropertyValueSpecification\",\"valueRequired\":true,\"valueName\":\"search_term_string\"}}],\"inLanguage\":\"de\"},{\"@type\":\"Organization\",\"@id\":\"https:\\\/\\\/mondopelle.it\\\/de\\\/#organization\",\"name\":\"Mondopelle\",\"url\":\"https:\\\/\\\/mondopelle.it\\\/de\\\/\",\"logo\":{\"@type\":\"ImageObject\",\"inLanguage\":\"de\",\"@id\":\"https:\\\/\\\/mondopelle.it\\\/de\\\/#\\\/schema\\\/logo\\\/image\\\/\",\"url\":\"https:\\\/\\\/mondopelle.it\\\/wp-content\\\/uploads\\\/2023\\\/07\\\/logo_mp-283x55-1.png\",\"contentUrl\":\"https:\\\/\\\/mondopelle.it\\\/wp-content\\\/uploads\\\/2023\\\/07\\\/logo_mp-283x55-1.png\",\"width\":283,\"height\":55,\"caption\":\"Mondopelle\"},\"image\":{\"@id\":\"https:\\\/\\\/mondopelle.it\\\/de\\\/#\\\/schema\\\/logo\\\/image\\\/\"},\"sameAs\":[\"https:\\\/\\\/www.facebook.com\\\/mondopelle\\\/\",\"https:\\\/\\\/www.instagram.com\\\/mondopelle\\\/\"]}]}<\/script>\n<!-- \/ Yoast SEO plugin. -->","yoast_head_json":{"title":"Schuhe Gianmarco F. A070 - Mondopelle","description":"Schuhe Gianmarco F. A070 Online-Verkauf weltweit. \u2713 Kostenloser und schneller Versand, Zahlung bei Lieferung und einfache R\u00fcckgabe. Bestellen Sie bei Mondopelle und erhalten Sie das Beste aus der Mode!","robots":{"index":"index","follow":"follow","max-snippet":"max-snippet:-1","max-image-preview":"max-image-preview:large","max-video-preview":"max-video-preview:-1"},"canonical":"https:\/\/mondopelle.it\/de\/shop\/schuhe\/schuhe-de\/schuhe-gianmarco-f-a030-copia\/","og_locale":"de_DE","og_type":"article","og_title":"Schuhe Gianmarco F. A070 - Mondopelle","og_description":"Schuhe Gianmarco F. A070 Online-Verkauf weltweit. \u2713 Kostenloser und schneller Versand, Zahlung bei Lieferung und einfache R\u00fcckgabe. Bestellen Sie bei Mondopelle und erhalten Sie das Beste aus der Mode!","og_url":"https:\/\/mondopelle.it\/de\/shop\/schuhe\/schuhe-de\/schuhe-gianmarco-f-a030-copia\/","og_site_name":"Mondopelle","article_publisher":"https:\/\/www.facebook.com\/mondopelle\/","article_modified_time":"2025-04-09T18:23:08+00:00","og_image":[{"width":1512,"height":1512,"url":"https:\/\/mondopelle.it\/wp-content\/uploads\/2024\/06\/Foto-15-06-24-21-41-13.jpg","type":"image\/jpeg"}],"twitter_card":"summary_large_image","twitter_misc":{"Gesch\u00e4tzte Lesezeit":"1\u00a0Minute"},"schema":{"@context":"https:\/\/schema.org","@graph":[{"@type":"WebPage","@id":"https:\/\/mondopelle.it\/de\/shop\/schuhe\/schuhe-de\/schuhe-gianmarco-f-a030-copia\/","url":"https:\/\/mondopelle.it\/de\/shop\/schuhe\/schuhe-de\/schuhe-gianmarco-f-a030-copia\/","name":"Schuhe Gianmarco F. A070 - Mondopelle","isPartOf":{"@id":"https:\/\/mondopelle.it\/de\/#website"},"primaryImageOfPage":{"@id":"https:\/\/mondopelle.it\/de\/shop\/schuhe\/schuhe-de\/schuhe-gianmarco-f-a030-copia\/#primaryimage"},"image":{"@id":"https:\/\/mondopelle.it\/de\/shop\/schuhe\/schuhe-de\/schuhe-gianmarco-f-a030-copia\/#primaryimage"},"thumbnailUrl":"https:\/\/mondopelle.it\/wp-content\/uploads\/2024\/06\/Foto-15-06-24-21-41-13.jpg","datePublished":"2024-06-15T19:41:37+00:00","dateModified":"2025-04-09T18:23:08+00:00","description":"Schuhe Gianmarco F. A070 Online-Verkauf weltweit. \u2713 Kostenloser und schneller Versand, Zahlung bei Lieferung und einfache R\u00fcckgabe. Bestellen Sie bei Mondopelle und erhalten Sie das Beste aus der Mode!","breadcrumb":{"@id":"https:\/\/mondopelle.it\/de\/shop\/schuhe\/schuhe-de\/schuhe-gianmarco-f-a030-copia\/#breadcrumb"},"inLanguage":"de","potentialAction":[{"@type":"ReadAction","target":["https:\/\/mondopelle.it\/de\/shop\/schuhe\/schuhe-de\/schuhe-gianmarco-f-a030-copia\/"]}]},{"@type":"ImageObject","inLanguage":"de","@id":"https:\/\/mondopelle.it\/de\/shop\/schuhe\/schuhe-de\/schuhe-gianmarco-f-a030-copia\/#primaryimage","url":"https:\/\/mondopelle.it\/wp-content\/uploads\/2024\/06\/Foto-15-06-24-21-41-13.jpg","contentUrl":"https:\/\/mondopelle.it\/wp-content\/uploads\/2024\/06\/Foto-15-06-24-21-41-13.jpg","width":1512,"height":1512,"caption":"D\u00e9collet\u00e9 Gianmarco F. A030 (Copia)"},{"@type":"BreadcrumbList","@id":"https:\/\/mondopelle.it\/de\/shop\/schuhe\/schuhe-de\/schuhe-gianmarco-f-a030-copia\/#breadcrumb","itemListElement":[{"@type":"ListItem","position":1,"name":"Start Seite","item":"https:\/\/mondopelle.it\/de\/home-new\/"},{"@type":"ListItem","position":2,"name":"Produkte","item":"https:\/\/mondopelle.it\/de\/shop\/"},{"@type":"ListItem","position":3,"name":"Schuhe Gianmarco F. A070"}]},{"@type":"WebSite","@id":"https:\/\/mondopelle.it\/de\/#website","url":"https:\/\/mondopelle.it\/de\/","name":"Mondopelle","description":"","publisher":{"@id":"https:\/\/mondopelle.it\/de\/#organization"},"potentialAction":[{"@type":"SearchAction","target":{"@type":"EntryPoint","urlTemplate":"https:\/\/mondopelle.it\/de\/?s={search_term_string}"},"query-input":{"@type":"PropertyValueSpecification","valueRequired":true,"valueName":"search_term_string"}}],"inLanguage":"de"},{"@type":"Organization","@id":"https:\/\/mondopelle.it\/de\/#organization","name":"Mondopelle","url":"https:\/\/mondopelle.it\/de\/","logo":{"@type":"ImageObject","inLanguage":"de","@id":"https:\/\/mondopelle.it\/de\/#\/schema\/logo\/image\/","url":"https:\/\/mondopelle.it\/wp-content\/uploads\/2023\/07\/logo_mp-283x55-1.png","contentUrl":"https:\/\/mondopelle.it\/wp-content\/uploads\/2023\/07\/logo_mp-283x55-1.png","width":283,"height":55,"caption":"Mondopelle"},"image":{"@id":"https:\/\/mondopelle.it\/de\/#\/schema\/logo\/image\/"},"sameAs":["https:\/\/www.facebook.com\/mondopelle\/","https:\/\/www.instagram.com\/mondopelle\/"]}]}},"_links":{"self":[{"href":"https:\/\/mondopelle.it\/de\/wp-json\/wp\/v2\/product\/57494","targetHints":{"allow":["GET"]}}],"collection":[{"href":"https:\/\/mondopelle.it\/de\/wp-json\/wp\/v2\/product"}],"about":[{"href":"https:\/\/mondopelle.it\/de\/wp-json\/wp\/v2\/types\/product"}],"replies":[{"embeddable":true,"href":"https:\/\/mondopelle.it\/de\/wp-json\/wp\/v2\/comments?post=57494"}],"version-history":[{"count":0,"href":"https:\/\/mondopelle.it\/de\/wp-json\/wp\/v2\/product\/57494\/revisions"}],"wp:featuredmedia":[{"embeddable":true,"href":"https:\/\/mondopelle.it\/de\/wp-json\/wp\/v2\/media\/57535"}],"wp:attachment":[{"href":"https:\/\/mondopelle.it\/de\/wp-json\/wp\/v2\/media?parent=57494"}],"wp:term":[{"taxonomy":"brand","embeddable":true,"href":"https:\/\/mondopelle.it\/de\/wp-json\/wp\/v2\/etheme_brands?post=57494"},{"taxonomy":"product_brand","embeddable":true,"href":"https:\/\/mondopelle.it\/de\/wp-json\/wp\/v2\/product_brand?post=57494"},{"taxonomy":"product_cat","embeddable":true,"href":"https:\/\/mondopelle.it\/de\/wp-json\/wp\/v2\/product_cat?post=57494"},{"taxonomy":"product_tag","embeddable":true,"href":"https:\/\/mondopelle.it\/de\/wp-json\/wp\/v2\/product_tag?post=57494"}],"curies":[{"name":"wp","href":"https:\/\/api.w.org\/{rel}","templated":true}]}}