{"id":59406,"date":"2024-08-25T22:18:47","date_gmt":"2024-08-25T20:18:47","guid":{"rendered":"https:\/\/mondopelle.it\/?post_type=product&#038;p=59406"},"modified":"2024-08-30T17:32:00","modified_gmt":"2024-08-30T15:32:00","slug":"turnschuhe-gio-pia250a-copia-copia-copia","status":"publish","type":"product","link":"https:\/\/mondopelle.it\/de\/shop\/schuhe\/turnschuhe\/turnschuhe-gio-pia250a-copia-copia-copia\/","title":{"rendered":"Turnschuhe Gio+ PIA246A"},"content":{"rendered":"<p class=\"whitespace-pre-wrap break-words\">Die taupe-beigen Turnschuhe aus der neuen GIO+ Kollektion definieren die Essenz des des modernen urbanen Stils mit einem Hauch von K\u00fchnheit. Diese innovativen Schuhe mit einem taupe-beigen Grundton und fuchsiafarbenen Accessoires, verk\u00f6rpern raffinierte Eleganz und einzigartige Gro\u00dfstadtatmosph\u00e4re. Das raffinierte Design wird durch markante Details aufgewertet: fuchsiafarbene Steinapplikationen , die f\u00fcr einen lebhaften Kontrast und ein auffallendes visuelles Interesse sorgen.  <\/p>\n<p class=\"whitespace-pre-wrap break-words\">Diese aus hochwertigen Materialien gefertigten Turnschuhe zeichnen sich durch ihr raffiniertes Design aus und bieten au\u00dfergew\u00f6hnlichen Komfort. Die beigefarbene, taupefarbene Sohle, die f\u00fcr Stabilit\u00e4t und D\u00e4mpfung sorgt, f\u00fcgt sich harmonisch in das Obermaterial des Schuhs ein und schafft eine schlanke und moderne Silhouette. Die strategisch platzierten fuchsiafarbenen Zierelemente ziehen die Blicke auf sich und verleihen dem Ensemble eine lebendige Note. Diese Schuhe sind die perfekte Wahl f\u00fcr alle, die eine mutige und modische Pers\u00f6nlichkeit zum Ausdruck bringen wollen und im Alltag gekonnt neutrale T\u00f6ne und lebendige Farbakzente kombinieren.   <\/p>\n","protected":false},"excerpt":{"rendered":"<p>Die taupe-beigen Turnschuhe aus der neuen GIO+ Kollektion definieren die Essenz des des modernen urbanen Stils mit einem Hauch von K\u00fchnheit. Diese innovativen Schuhe mit einem taupe-beigen Grundton und fuchsiafarbenen Accessoires, verk\u00f6rpern raffinierte Eleganz und einzigartige Gro\u00dfstadtatmosph\u00e4re. Das raffinierte Design wird durch markante Details aufgewertet: fuchsiafarbene Steinapplikationen , die f\u00fcr einen lebhaften Kontrast und ein auffallendes visuelles Interesse sorgen. Diese aus hochwertigen Materialien gefertigten Turnschuhe zeichnen sich durch ihr raffiniertes Design aus und bieten au\u00dfergew\u00f6hnlichen&#8230;<\/p>\n","protected":false},"featured_media":59313,"comment_status":"open","ping_status":"closed","template":"","meta":[],"etheme_brands":[{"term_id":962,"name":"Gio+","slug":"gio-de","term_group":0,"term_taxonomy_id":963,"taxonomy":"brand","description":"Gio+, die italienische Marke, die zur Avantgarde der Modewelt geh\u00f6rt, ist ein authentischer Ausdruck von Eleganz und Stil. Gio+ ist auf die Herstellung hochwertiger Schuhe spezialisiert und zeichnet sich durch seine Verbundenheit mit der italienischen Handwerkskunst und die ausschlie\u00dfliche Verwendung nat\u00fcrlicher Materialien wie feines Leder und weiches Wildleder aus.\r\n\r\nDas umfangreiche Schuhsortiment von Gio+ umfasst die neuesten Modetrends und bietet eine eklektische Auswahl, die Sneakers, Stiefel, Stiefeletten, Mokassins und vieles mehr umfasst. Jedes Modell ist ein Meisterwerk des Designs mit auff\u00e4lligen Details wie Glitzersteinen, Strasssteinen, Perlen und originellen Verzierungen. Gio+ Schuhe sind eine Ode an die Kreativit\u00e4t und Individualit\u00e4t und dr\u00fccken bei jedem Schritt einen einzigartigen Stil aus.\r\n\r\nIn unserem Online-Shop mondopelle.it k\u00f6nnen Sie in das Gio+ Erlebnis eintauchen und die neue Kollektion entdecken. Die Damenschuhe von Gio+ sind in einer Vielzahl von Stilen und Modellen erh\u00e4ltlich und garantieren einen raffinierten und modischen Look f\u00fcr jede Gelegenheit. Dank der bequemen Benutzeroberfl\u00e4che unserer Website k\u00f6nnen Sie ganz einfach die letzten Neuheiten entdecken, begeisterte Bewertungen von Kunden lesen und Gio+\u00a0Schuhe zu erschwinglichen Preisen kaufen.\r\n\r\nDie regelm\u00e4\u00dfigen Ausverk\u00e4ufe auf unserer Website erm\u00f6glichen es Ihnen, un\u00fcbersehbare Schn\u00e4ppchen zu machen, um Ihre Schuhsammlung zu erweitern\u00a0\u00a0Gio+. Hervorragende Qualit\u00e4t zu g\u00fcnstigen Preisen das kennzeichnet unser Engagement, unseren Kunden au\u00dfergew\u00f6hnliche Produkte zu bieten.\r\n\r\nDank ihres innovativen Designs und der Liebe zum Detail sprechen die Schuhe von Gio+ nicht nur die modische Jugend an, sondern auch elegante Frauen, die Schuhe suchen, die Stil und Komfort miteinander verbinden. Dank der Vielfalt an Modellen spricht Gio+ ein breites Publikum an und stellt sicher, dass jeder den perfekten Schuh f\u00fcr seinen Lebensstil finden kann.\r\n\r\nDie Entscheidung f\u00fcr\u00a0die Marke\u00a0Gio+\u00a0bedeutet, Teil einer Welt zu werden, in der Stil auf Qualit\u00e4t und Innovation trifft. Dank unseres Engagements, Gio+\u00a0an der Spitze der Mode zu halten, k\u00f6nnen wir ein unvergleichliches Online-Shopping-Erlebnis bieten. Entdecken Sie die Kollektion, finden Sie das perfekte Paar und tauchen Sie ein in die Sch\u00f6nheit und Originalit\u00e4t der Gio+ Schuhe!\r\n\r\nUnd vergessen Sie nicht, unsere Outlet-Seite zu besuchen, um unglaubliche Rabatte auf viele Ihrer Lieblingsschuhe von Gio+ zu entdecken!","parent":0,"count":16,"filter":"raw"}],"product_brand":[],"product_cat":[1014,1018],"product_tag":[],"class_list":{"0":"post-59406","1":"product","2":"type-product","3":"status-publish","4":"has-post-thumbnail","6":"brand-gio-de","7":"product_cat-schuhe","8":"product_cat-turnschuhe","9":"pa_cvet-beige-de","10":"pa_god-2024-de-2","11":"pa_materialotdelkisnaruzhi-leder","12":"pa_materialotdelkivnutri-leder","13":"pa_materialpodoshv-gummi","14":"pa_razmer-36-de","15":"pa_razmer-37-de","16":"pa_razmer-38-de","17":"pa_razmer-39-de","18":"pa_razmer-40-de","19":"pa_razmer-41-de","20":"pa_sezon-herbst-winter","21":"pa_stranaproizvoditelx-italien","23":"first","24":"instock","25":"sale","26":"shipping-taxable","27":"purchasable","28":"product-type-variable"},"yoast_head":"<!-- This site is optimized with the Yoast SEO plugin v27.3 - https:\/\/yoast.com\/product\/yoast-seo-wordpress\/ -->\n<title>Turnschuhe Gio+ PIA246A - Mondopelle<\/title>\n<meta name=\"description\" content=\"Turnschuhe Gio+ PIA246A Online-Verkauf weltweit. \u2713 Kostenloser und schneller Versand, Zahlung bei Lieferung und einfache R\u00fcckgabe. Bestellen Sie bei Mondopelle und erhalten Sie das Beste aus der Mode!\" \/>\n<meta name=\"robots\" content=\"index, follow, max-snippet:-1, max-image-preview:large, max-video-preview:-1\" \/>\n<link rel=\"canonical\" href=\"https:\/\/mondopelle.it\/de\/shop\/schuhe\/turnschuhe\/turnschuhe-gio-pia250a-copia-copia-copia\/\" \/>\n<meta property=\"og:locale\" content=\"de_DE\" \/>\n<meta property=\"og:type\" content=\"article\" \/>\n<meta property=\"og:title\" content=\"Turnschuhe Gio+ PIA246A - Mondopelle\" \/>\n<meta property=\"og:description\" content=\"Turnschuhe Gio+ PIA246A Online-Verkauf weltweit. \u2713 Kostenloser und schneller Versand, Zahlung bei Lieferung und einfache R\u00fcckgabe. Bestellen Sie bei Mondopelle und erhalten Sie das Beste aus der Mode!\" \/>\n<meta property=\"og:url\" content=\"https:\/\/mondopelle.it\/de\/shop\/schuhe\/turnschuhe\/turnschuhe-gio-pia250a-copia-copia-copia\/\" \/>\n<meta property=\"og:site_name\" content=\"Mondopelle\" \/>\n<meta property=\"article:publisher\" content=\"https:\/\/www.facebook.com\/mondopelle\/\" \/>\n<meta property=\"article:modified_time\" content=\"2024-08-30T15:32:00+00:00\" \/>\n<meta property=\"og:image\" content=\"https:\/\/mondopelle.it\/wp-content\/uploads\/2024\/08\/Foto-24-08-24-19-55-16-7.jpg\" \/>\n\t<meta property=\"og:image:width\" content=\"1512\" \/>\n\t<meta property=\"og:image:height\" content=\"1512\" \/>\n\t<meta property=\"og:image:type\" content=\"image\/jpeg\" \/>\n<meta name=\"twitter:card\" content=\"summary_large_image\" \/>\n<meta name=\"twitter:label1\" content=\"Gesch\u00e4tzte Lesezeit\" \/>\n\t<meta name=\"twitter:data1\" content=\"1\u00a0Minute\" \/>\n<script type=\"application\/ld+json\" class=\"yoast-schema-graph\">{\"@context\":\"https:\\\/\\\/schema.org\",\"@graph\":[{\"@type\":\"WebPage\",\"@id\":\"https:\\\/\\\/mondopelle.it\\\/de\\\/shop\\\/schuhe\\\/turnschuhe\\\/turnschuhe-gio-pia250a-copia-copia-copia\\\/\",\"url\":\"https:\\\/\\\/mondopelle.it\\\/de\\\/shop\\\/schuhe\\\/turnschuhe\\\/turnschuhe-gio-pia250a-copia-copia-copia\\\/\",\"name\":\"Turnschuhe Gio+ PIA246A - Mondopelle\",\"isPartOf\":{\"@id\":\"https:\\\/\\\/mondopelle.it\\\/de\\\/#website\"},\"primaryImageOfPage\":{\"@id\":\"https:\\\/\\\/mondopelle.it\\\/de\\\/shop\\\/schuhe\\\/turnschuhe\\\/turnschuhe-gio-pia250a-copia-copia-copia\\\/#primaryimage\"},\"image\":{\"@id\":\"https:\\\/\\\/mondopelle.it\\\/de\\\/shop\\\/schuhe\\\/turnschuhe\\\/turnschuhe-gio-pia250a-copia-copia-copia\\\/#primaryimage\"},\"thumbnailUrl\":\"https:\\\/\\\/mondopelle.it\\\/wp-content\\\/uploads\\\/2024\\\/08\\\/Foto-24-08-24-19-55-16-7.jpg\",\"datePublished\":\"2024-08-25T20:18:47+00:00\",\"dateModified\":\"2024-08-30T15:32:00+00:00\",\"description\":\"Turnschuhe Gio+ PIA246A Online-Verkauf weltweit. \u2713 Kostenloser und schneller Versand, Zahlung bei Lieferung und einfache R\u00fcckgabe. Bestellen Sie bei Mondopelle und erhalten Sie das Beste aus der Mode!\",\"breadcrumb\":{\"@id\":\"https:\\\/\\\/mondopelle.it\\\/de\\\/shop\\\/schuhe\\\/turnschuhe\\\/turnschuhe-gio-pia250a-copia-copia-copia\\\/#breadcrumb\"},\"inLanguage\":\"de\",\"potentialAction\":[{\"@type\":\"ReadAction\",\"target\":[\"https:\\\/\\\/mondopelle.it\\\/de\\\/shop\\\/schuhe\\\/turnschuhe\\\/turnschuhe-gio-pia250a-copia-copia-copia\\\/\"]}]},{\"@type\":\"ImageObject\",\"inLanguage\":\"de\",\"@id\":\"https:\\\/\\\/mondopelle.it\\\/de\\\/shop\\\/schuhe\\\/turnschuhe\\\/turnschuhe-gio-pia250a-copia-copia-copia\\\/#primaryimage\",\"url\":\"https:\\\/\\\/mondopelle.it\\\/wp-content\\\/uploads\\\/2024\\\/08\\\/Foto-24-08-24-19-55-16-7.jpg\",\"contentUrl\":\"https:\\\/\\\/mondopelle.it\\\/wp-content\\\/uploads\\\/2024\\\/08\\\/Foto-24-08-24-19-55-16-7.jpg\",\"width\":1512,\"height\":1512,\"caption\":\"Turnschuhe Gio+ PIA258A\"},{\"@type\":\"BreadcrumbList\",\"@id\":\"https:\\\/\\\/mondopelle.it\\\/de\\\/shop\\\/schuhe\\\/turnschuhe\\\/turnschuhe-gio-pia250a-copia-copia-copia\\\/#breadcrumb\",\"itemListElement\":[{\"@type\":\"ListItem\",\"position\":1,\"name\":\"Start Seite\",\"item\":\"https:\\\/\\\/mondopelle.it\\\/de\\\/home-new\\\/\"},{\"@type\":\"ListItem\",\"position\":2,\"name\":\"Produkte\",\"item\":\"https:\\\/\\\/mondopelle.it\\\/de\\\/shop\\\/\"},{\"@type\":\"ListItem\",\"position\":3,\"name\":\"Turnschuhe Gio+ PIA246A\"}]},{\"@type\":\"WebSite\",\"@id\":\"https:\\\/\\\/mondopelle.it\\\/de\\\/#website\",\"url\":\"https:\\\/\\\/mondopelle.it\\\/de\\\/\",\"name\":\"Mondopelle\",\"description\":\"\",\"publisher\":{\"@id\":\"https:\\\/\\\/mondopelle.it\\\/de\\\/#organization\"},\"potentialAction\":[{\"@type\":\"SearchAction\",\"target\":{\"@type\":\"EntryPoint\",\"urlTemplate\":\"https:\\\/\\\/mondopelle.it\\\/de\\\/?s={search_term_string}\"},\"query-input\":{\"@type\":\"PropertyValueSpecification\",\"valueRequired\":true,\"valueName\":\"search_term_string\"}}],\"inLanguage\":\"de\"},{\"@type\":\"Organization\",\"@id\":\"https:\\\/\\\/mondopelle.it\\\/de\\\/#organization\",\"name\":\"Mondopelle\",\"url\":\"https:\\\/\\\/mondopelle.it\\\/de\\\/\",\"logo\":{\"@type\":\"ImageObject\",\"inLanguage\":\"de\",\"@id\":\"https:\\\/\\\/mondopelle.it\\\/de\\\/#\\\/schema\\\/logo\\\/image\\\/\",\"url\":\"https:\\\/\\\/mondopelle.it\\\/wp-content\\\/uploads\\\/2023\\\/07\\\/logo_mp-283x55-1.png\",\"contentUrl\":\"https:\\\/\\\/mondopelle.it\\\/wp-content\\\/uploads\\\/2023\\\/07\\\/logo_mp-283x55-1.png\",\"width\":283,\"height\":55,\"caption\":\"Mondopelle\"},\"image\":{\"@id\":\"https:\\\/\\\/mondopelle.it\\\/de\\\/#\\\/schema\\\/logo\\\/image\\\/\"},\"sameAs\":[\"https:\\\/\\\/www.facebook.com\\\/mondopelle\\\/\",\"https:\\\/\\\/www.instagram.com\\\/mondopelle\\\/\"]}]}<\/script>\n<!-- \/ Yoast SEO plugin. -->","yoast_head_json":{"title":"Turnschuhe Gio+ PIA246A - Mondopelle","description":"Turnschuhe Gio+ PIA246A Online-Verkauf weltweit. \u2713 Kostenloser und schneller Versand, Zahlung bei Lieferung und einfache R\u00fcckgabe. Bestellen Sie bei Mondopelle und erhalten Sie das Beste aus der Mode!","robots":{"index":"index","follow":"follow","max-snippet":"max-snippet:-1","max-image-preview":"max-image-preview:large","max-video-preview":"max-video-preview:-1"},"canonical":"https:\/\/mondopelle.it\/de\/shop\/schuhe\/turnschuhe\/turnschuhe-gio-pia250a-copia-copia-copia\/","og_locale":"de_DE","og_type":"article","og_title":"Turnschuhe Gio+ PIA246A - Mondopelle","og_description":"Turnschuhe Gio+ PIA246A Online-Verkauf weltweit. \u2713 Kostenloser und schneller Versand, Zahlung bei Lieferung und einfache R\u00fcckgabe. Bestellen Sie bei Mondopelle und erhalten Sie das Beste aus der Mode!","og_url":"https:\/\/mondopelle.it\/de\/shop\/schuhe\/turnschuhe\/turnschuhe-gio-pia250a-copia-copia-copia\/","og_site_name":"Mondopelle","article_publisher":"https:\/\/www.facebook.com\/mondopelle\/","article_modified_time":"2024-08-30T15:32:00+00:00","og_image":[{"width":1512,"height":1512,"url":"https:\/\/mondopelle.it\/wp-content\/uploads\/2024\/08\/Foto-24-08-24-19-55-16-7.jpg","type":"image\/jpeg"}],"twitter_card":"summary_large_image","twitter_misc":{"Gesch\u00e4tzte Lesezeit":"1\u00a0Minute"},"schema":{"@context":"https:\/\/schema.org","@graph":[{"@type":"WebPage","@id":"https:\/\/mondopelle.it\/de\/shop\/schuhe\/turnschuhe\/turnschuhe-gio-pia250a-copia-copia-copia\/","url":"https:\/\/mondopelle.it\/de\/shop\/schuhe\/turnschuhe\/turnschuhe-gio-pia250a-copia-copia-copia\/","name":"Turnschuhe Gio+ PIA246A - Mondopelle","isPartOf":{"@id":"https:\/\/mondopelle.it\/de\/#website"},"primaryImageOfPage":{"@id":"https:\/\/mondopelle.it\/de\/shop\/schuhe\/turnschuhe\/turnschuhe-gio-pia250a-copia-copia-copia\/#primaryimage"},"image":{"@id":"https:\/\/mondopelle.it\/de\/shop\/schuhe\/turnschuhe\/turnschuhe-gio-pia250a-copia-copia-copia\/#primaryimage"},"thumbnailUrl":"https:\/\/mondopelle.it\/wp-content\/uploads\/2024\/08\/Foto-24-08-24-19-55-16-7.jpg","datePublished":"2024-08-25T20:18:47+00:00","dateModified":"2024-08-30T15:32:00+00:00","description":"Turnschuhe Gio+ PIA246A Online-Verkauf weltweit. \u2713 Kostenloser und schneller Versand, Zahlung bei Lieferung und einfache R\u00fcckgabe. Bestellen Sie bei Mondopelle und erhalten Sie das Beste aus der Mode!","breadcrumb":{"@id":"https:\/\/mondopelle.it\/de\/shop\/schuhe\/turnschuhe\/turnschuhe-gio-pia250a-copia-copia-copia\/#breadcrumb"},"inLanguage":"de","potentialAction":[{"@type":"ReadAction","target":["https:\/\/mondopelle.it\/de\/shop\/schuhe\/turnschuhe\/turnschuhe-gio-pia250a-copia-copia-copia\/"]}]},{"@type":"ImageObject","inLanguage":"de","@id":"https:\/\/mondopelle.it\/de\/shop\/schuhe\/turnschuhe\/turnschuhe-gio-pia250a-copia-copia-copia\/#primaryimage","url":"https:\/\/mondopelle.it\/wp-content\/uploads\/2024\/08\/Foto-24-08-24-19-55-16-7.jpg","contentUrl":"https:\/\/mondopelle.it\/wp-content\/uploads\/2024\/08\/Foto-24-08-24-19-55-16-7.jpg","width":1512,"height":1512,"caption":"Turnschuhe Gio+ PIA258A"},{"@type":"BreadcrumbList","@id":"https:\/\/mondopelle.it\/de\/shop\/schuhe\/turnschuhe\/turnschuhe-gio-pia250a-copia-copia-copia\/#breadcrumb","itemListElement":[{"@type":"ListItem","position":1,"name":"Start Seite","item":"https:\/\/mondopelle.it\/de\/home-new\/"},{"@type":"ListItem","position":2,"name":"Produkte","item":"https:\/\/mondopelle.it\/de\/shop\/"},{"@type":"ListItem","position":3,"name":"Turnschuhe Gio+ PIA246A"}]},{"@type":"WebSite","@id":"https:\/\/mondopelle.it\/de\/#website","url":"https:\/\/mondopelle.it\/de\/","name":"Mondopelle","description":"","publisher":{"@id":"https:\/\/mondopelle.it\/de\/#organization"},"potentialAction":[{"@type":"SearchAction","target":{"@type":"EntryPoint","urlTemplate":"https:\/\/mondopelle.it\/de\/?s={search_term_string}"},"query-input":{"@type":"PropertyValueSpecification","valueRequired":true,"valueName":"search_term_string"}}],"inLanguage":"de"},{"@type":"Organization","@id":"https:\/\/mondopelle.it\/de\/#organization","name":"Mondopelle","url":"https:\/\/mondopelle.it\/de\/","logo":{"@type":"ImageObject","inLanguage":"de","@id":"https:\/\/mondopelle.it\/de\/#\/schema\/logo\/image\/","url":"https:\/\/mondopelle.it\/wp-content\/uploads\/2023\/07\/logo_mp-283x55-1.png","contentUrl":"https:\/\/mondopelle.it\/wp-content\/uploads\/2023\/07\/logo_mp-283x55-1.png","width":283,"height":55,"caption":"Mondopelle"},"image":{"@id":"https:\/\/mondopelle.it\/de\/#\/schema\/logo\/image\/"},"sameAs":["https:\/\/www.facebook.com\/mondopelle\/","https:\/\/www.instagram.com\/mondopelle\/"]}]}},"_links":{"self":[{"href":"https:\/\/mondopelle.it\/de\/wp-json\/wp\/v2\/product\/59406","targetHints":{"allow":["GET"]}}],"collection":[{"href":"https:\/\/mondopelle.it\/de\/wp-json\/wp\/v2\/product"}],"about":[{"href":"https:\/\/mondopelle.it\/de\/wp-json\/wp\/v2\/types\/product"}],"replies":[{"embeddable":true,"href":"https:\/\/mondopelle.it\/de\/wp-json\/wp\/v2\/comments?post=59406"}],"version-history":[{"count":0,"href":"https:\/\/mondopelle.it\/de\/wp-json\/wp\/v2\/product\/59406\/revisions"}],"wp:featuredmedia":[{"embeddable":true,"href":"https:\/\/mondopelle.it\/de\/wp-json\/wp\/v2\/media\/59313"}],"wp:attachment":[{"href":"https:\/\/mondopelle.it\/de\/wp-json\/wp\/v2\/media?parent=59406"}],"wp:term":[{"taxonomy":"brand","embeddable":true,"href":"https:\/\/mondopelle.it\/de\/wp-json\/wp\/v2\/etheme_brands?post=59406"},{"taxonomy":"product_brand","embeddable":true,"href":"https:\/\/mondopelle.it\/de\/wp-json\/wp\/v2\/product_brand?post=59406"},{"taxonomy":"product_cat","embeddable":true,"href":"https:\/\/mondopelle.it\/de\/wp-json\/wp\/v2\/product_cat?post=59406"},{"taxonomy":"product_tag","embeddable":true,"href":"https:\/\/mondopelle.it\/de\/wp-json\/wp\/v2\/product_tag?post=59406"}],"curies":[{"name":"wp","href":"https:\/\/api.w.org\/{rel}","templated":true}]}}