{"id":64419,"date":"2024-08-30T21:07:56","date_gmt":"2024-08-30T19:07:56","guid":{"rendered":"https:\/\/mondopelle.it\/?post_type=product&#038;p=64419"},"modified":"2024-12-18T10:27:49","modified_gmt":"2024-12-18T08:27:49","slug":"schuhe-luca-grossi-ch615-copia-3","status":"publish","type":"product","link":"https:\/\/mondopelle.it\/de\/shop\/schuhe\/schuhe-de\/schuhe-luca-grossi-ch615-copia-3\/","title":{"rendered":"Dekollet\u00e9 Luca Grossi K787m"},"content":{"rendered":"<p>Aus der neuen Kollektion der toskanischen Marke Luca Grossi pr\u00e4sentieren wir Ihnen trendige Schuhe mit einem hohen, stabilen Absatz, mit einem Plateau , das die effektive Absatzh\u00f6he auf 7 cm reduziert und ein perfektes Gleichgewicht zwischen Stil und Komfort bietet. Die aus Lackledergefertigten Schuhe sind die Verk\u00f6rperung der zeitgen\u00f6ssischen Mode und ideal f\u00fcr alle, die einen k\u00fchnen und raffinierten Look w\u00fcnschen . Der hohe Absatz und das Plateau garantieren schlichte Eleganz ohne Kompromisse beim Komfort, Diese Schuhe sind perfekt f\u00fcr den ganzen Tag. Lackleder verleiht einen Hauch von Luxus und Modernit\u00e4t, Das macht diese Schuhe zu einem Schl\u00fcsselelement f\u00fcr jede trendbewusste Garderobe. Die Schuhe von Luca Grossi sind mit ihrer handwerklichen Qualit\u00e4t und ihrem modernen Design sind die ideale Wahl f\u00fcr alle, die Komfort und Stil bei jeder Gelegenheit kombinieren m\u00f6chten.    <\/p>\n","protected":false},"excerpt":{"rendered":"<p>Aus der neuen Kollektion der toskanischen Marke Luca Grossi pr\u00e4sentieren wir Ihnen trendige Schuhe mit einem hohen, stabilen Absatz, mit einem Plateau , das die effektive Absatzh\u00f6he auf 7 cm reduziert und ein perfektes Gleichgewicht zwischen Stil und Komfort bietet. Die aus Lackledergefertigten Schuhe sind die Verk\u00f6rperung der zeitgen\u00f6ssischen Mode und ideal f\u00fcr alle, die einen k\u00fchnen und raffinierten Look w\u00fcnschen . Der hohe Absatz und das Plateau garantieren schlichte Eleganz ohne Kompromisse beim Komfort,&#8230;<\/p>\n","protected":false},"featured_media":64480,"comment_status":"open","ping_status":"closed","template":"","meta":[],"etheme_brands":[{"term_id":1567,"name":"Luca Grossi","slug":"luca-grossi-de","term_group":0,"term_taxonomy_id":1567,"taxonomy":"brand","description":"Luca Grossi, eine italienische Qualit\u00e4tsmarke aus der Toskana, ist bekannt f\u00fcr ihre Leidenschaft, hochwertige Damenschuhe zu kreieren. Die Produkte von Luca Grossi werden aus den besten nat\u00fcrlichen Materialien wie Leder und Fellen hergestellt, die eine einzigartige und dauerhafte Qualit\u00e4t garantieren.\r\n\r\nDie Toskana mit ihrer reichen Geschichte und Kultur ist der ideale Ort f\u00fcr die Herstellung hochwertiger Produkte. Die Region ist ber\u00fchmt f\u00fcr die Produktion nat\u00fcrlicher Materialien wie Leder und H\u00e4ute, die f\u00fcr die Herstellung einzigartiger, hochwertiger Schuhe verwendet werden.\r\n\r\nDie Produkte von Luca Grossi werden mit viel Liebe zum Detail und unter Verwendung von hochwertigen Materialien hergestellt. Die verwendeten Leder und H\u00e4ute werden sorgf\u00e4ltig ausgew\u00e4hlt, um eine einzigartige und dauerhafte Qualit\u00e4t zu gew\u00e4hrleisten. Die Produktion erfolgt mit fortschrittlicher Technologie und dem Einsatz von Fachkr\u00e4ften, um eine einzigartige und individuelle Qualit\u00e4t zu gew\u00e4hrleisten.\r\n\r\nDie Schuhe von Luca Grossi sind so konzipiert, dass sie bequem und f\u00fcr verschiedene Anl\u00e4sse geeignet sind. Die Form und die Struktur der Schuhe sind so konzipiert, dass sie mehr Komfort und Sicherheit beim Tragen gew\u00e4hrleisten. Die Auswahl der Materialien und die verwendete Technologie sorgen f\u00fcr eine h\u00f6here Festigkeit und Haltbarkeit der Schuhe.\r\n\r\nWenn Sie auf der Suche nach hochwertigen Schuhen sind, ist Luca Grossi die ideale Wahl. Die Schuhe von Luca Grossi werden mit viel Liebe zum Detail und aus hochwertigen Materialien hergestellt. Die Produktion erfolgt mit fortschrittlicher Technologie und dem Einsatz von Fachkr\u00e4ften, was eine einzigartige und individuelle Qualit\u00e4t garantiert.\r\n\r\n","parent":0,"count":2,"filter":"raw"}],"product_brand":[],"product_cat":[1014,1057],"product_tag":[],"class_list":{"0":"post-64419","1":"product","2":"type-product","3":"status-publish","4":"has-post-thumbnail","6":"brand-luca-grossi-de","7":"product_cat-schuhe","8":"product_cat-schuhe-de","9":"pa_cvet-schwarz","10":"pa_god-2024-de-2","11":"pa_materialotdelkisnaruzhi-lackierung","12":"pa_materialotdelkivnutri-leder","13":"pa_materialpodoshv-gummi","14":"pa_razmer-36-de","15":"pa_razmer-37-de","16":"pa_razmer-38-de","17":"pa_razmer-39-de","18":"pa_razmer-40-de","19":"pa_razmer-41-de","20":"pa_sezon-herbst-winter","21":"pa_stranaproizvoditelx-italien","22":"pa_vsotakabluka_sm-10-de","24":"first","25":"instock","26":"sale","27":"shipping-taxable","28":"purchasable","29":"product-type-variable","30":"has-default-attributes"},"yoast_head":"<!-- This site is optimized with the Yoast SEO plugin v27.3 - https:\/\/yoast.com\/product\/yoast-seo-wordpress\/ -->\n<title>Dekollet\u00e9 Luca Grossi K787m - Mondopelle<\/title>\n<meta name=\"description\" content=\"Dekollet\u00e9 Luca Grossi K787m Online-Verkauf weltweit. \u2713 Kostenloser und schneller Versand, Zahlung bei Lieferung und einfache R\u00fcckgabe. Bestellen Sie bei Mondopelle und erhalten Sie das Beste aus der Mode!\" \/>\n<meta name=\"robots\" content=\"index, follow, max-snippet:-1, max-image-preview:large, max-video-preview:-1\" \/>\n<link rel=\"canonical\" href=\"https:\/\/mondopelle.it\/de\/shop\/schuhe\/schuhe-de\/schuhe-luca-grossi-ch615-copia-3\/\" \/>\n<meta property=\"og:locale\" content=\"de_DE\" \/>\n<meta property=\"og:type\" content=\"article\" \/>\n<meta property=\"og:title\" content=\"Dekollet\u00e9 Luca Grossi K787m - Mondopelle\" \/>\n<meta property=\"og:description\" content=\"Dekollet\u00e9 Luca Grossi K787m Online-Verkauf weltweit. \u2713 Kostenloser und schneller Versand, Zahlung bei Lieferung und einfache R\u00fcckgabe. Bestellen Sie bei Mondopelle und erhalten Sie das Beste aus der Mode!\" \/>\n<meta property=\"og:url\" content=\"https:\/\/mondopelle.it\/de\/shop\/schuhe\/schuhe-de\/schuhe-luca-grossi-ch615-copia-3\/\" \/>\n<meta property=\"og:site_name\" content=\"Mondopelle\" \/>\n<meta property=\"article:publisher\" content=\"https:\/\/www.facebook.com\/mondopelle\/\" \/>\n<meta property=\"article:modified_time\" content=\"2024-12-18T08:27:49+00:00\" \/>\n<meta property=\"og:image\" content=\"https:\/\/mondopelle.it\/wp-content\/uploads\/2024\/08\/Foto-30-08-24-21-06-53-1-1-1.jpg\" \/>\n\t<meta property=\"og:image:width\" content=\"1512\" \/>\n\t<meta property=\"og:image:height\" content=\"1512\" \/>\n\t<meta property=\"og:image:type\" content=\"image\/jpeg\" \/>\n<meta name=\"twitter:card\" content=\"summary_large_image\" \/>\n<meta name=\"twitter:label1\" content=\"Gesch\u00e4tzte Lesezeit\" \/>\n\t<meta name=\"twitter:data1\" content=\"1\u00a0Minute\" \/>\n<script type=\"application\/ld+json\" class=\"yoast-schema-graph\">{\"@context\":\"https:\\\/\\\/schema.org\",\"@graph\":[{\"@type\":\"WebPage\",\"@id\":\"https:\\\/\\\/mondopelle.it\\\/de\\\/shop\\\/schuhe\\\/schuhe-de\\\/schuhe-luca-grossi-ch615-copia-3\\\/\",\"url\":\"https:\\\/\\\/mondopelle.it\\\/de\\\/shop\\\/schuhe\\\/schuhe-de\\\/schuhe-luca-grossi-ch615-copia-3\\\/\",\"name\":\"Dekollet\u00e9 Luca Grossi K787m - Mondopelle\",\"isPartOf\":{\"@id\":\"https:\\\/\\\/mondopelle.it\\\/de\\\/#website\"},\"primaryImageOfPage\":{\"@id\":\"https:\\\/\\\/mondopelle.it\\\/de\\\/shop\\\/schuhe\\\/schuhe-de\\\/schuhe-luca-grossi-ch615-copia-3\\\/#primaryimage\"},\"image\":{\"@id\":\"https:\\\/\\\/mondopelle.it\\\/de\\\/shop\\\/schuhe\\\/schuhe-de\\\/schuhe-luca-grossi-ch615-copia-3\\\/#primaryimage\"},\"thumbnailUrl\":\"https:\\\/\\\/mondopelle.it\\\/wp-content\\\/uploads\\\/2024\\\/08\\\/Foto-30-08-24-21-06-53-1-1-1.jpg\",\"datePublished\":\"2024-08-30T19:07:56+00:00\",\"dateModified\":\"2024-12-18T08:27:49+00:00\",\"description\":\"Dekollet\u00e9 Luca Grossi K787m Online-Verkauf weltweit. \u2713 Kostenloser und schneller Versand, Zahlung bei Lieferung und einfache R\u00fcckgabe. Bestellen Sie bei Mondopelle und erhalten Sie das Beste aus der Mode!\",\"breadcrumb\":{\"@id\":\"https:\\\/\\\/mondopelle.it\\\/de\\\/shop\\\/schuhe\\\/schuhe-de\\\/schuhe-luca-grossi-ch615-copia-3\\\/#breadcrumb\"},\"inLanguage\":\"de\",\"potentialAction\":[{\"@type\":\"ReadAction\",\"target\":[\"https:\\\/\\\/mondopelle.it\\\/de\\\/shop\\\/schuhe\\\/schuhe-de\\\/schuhe-luca-grossi-ch615-copia-3\\\/\"]}]},{\"@type\":\"ImageObject\",\"inLanguage\":\"de\",\"@id\":\"https:\\\/\\\/mondopelle.it\\\/de\\\/shop\\\/schuhe\\\/schuhe-de\\\/schuhe-luca-grossi-ch615-copia-3\\\/#primaryimage\",\"url\":\"https:\\\/\\\/mondopelle.it\\\/wp-content\\\/uploads\\\/2024\\\/08\\\/Foto-30-08-24-21-06-53-1-1-1.jpg\",\"contentUrl\":\"https:\\\/\\\/mondopelle.it\\\/wp-content\\\/uploads\\\/2024\\\/08\\\/Foto-30-08-24-21-06-53-1-1-1.jpg\",\"width\":1512,\"height\":1512,\"caption\":\"Luca Grossi K787m\"},{\"@type\":\"BreadcrumbList\",\"@id\":\"https:\\\/\\\/mondopelle.it\\\/de\\\/shop\\\/schuhe\\\/schuhe-de\\\/schuhe-luca-grossi-ch615-copia-3\\\/#breadcrumb\",\"itemListElement\":[{\"@type\":\"ListItem\",\"position\":1,\"name\":\"Start Seite\",\"item\":\"https:\\\/\\\/mondopelle.it\\\/de\\\/home-new\\\/\"},{\"@type\":\"ListItem\",\"position\":2,\"name\":\"Produkte\",\"item\":\"https:\\\/\\\/mondopelle.it\\\/de\\\/shop\\\/\"},{\"@type\":\"ListItem\",\"position\":3,\"name\":\"Dekollet\u00e9 Luca Grossi K787m\"}]},{\"@type\":\"WebSite\",\"@id\":\"https:\\\/\\\/mondopelle.it\\\/de\\\/#website\",\"url\":\"https:\\\/\\\/mondopelle.it\\\/de\\\/\",\"name\":\"Mondopelle\",\"description\":\"\",\"publisher\":{\"@id\":\"https:\\\/\\\/mondopelle.it\\\/de\\\/#organization\"},\"potentialAction\":[{\"@type\":\"SearchAction\",\"target\":{\"@type\":\"EntryPoint\",\"urlTemplate\":\"https:\\\/\\\/mondopelle.it\\\/de\\\/?s={search_term_string}\"},\"query-input\":{\"@type\":\"PropertyValueSpecification\",\"valueRequired\":true,\"valueName\":\"search_term_string\"}}],\"inLanguage\":\"de\"},{\"@type\":\"Organization\",\"@id\":\"https:\\\/\\\/mondopelle.it\\\/de\\\/#organization\",\"name\":\"Mondopelle\",\"url\":\"https:\\\/\\\/mondopelle.it\\\/de\\\/\",\"logo\":{\"@type\":\"ImageObject\",\"inLanguage\":\"de\",\"@id\":\"https:\\\/\\\/mondopelle.it\\\/de\\\/#\\\/schema\\\/logo\\\/image\\\/\",\"url\":\"https:\\\/\\\/mondopelle.it\\\/wp-content\\\/uploads\\\/2023\\\/07\\\/logo_mp-283x55-1.png\",\"contentUrl\":\"https:\\\/\\\/mondopelle.it\\\/wp-content\\\/uploads\\\/2023\\\/07\\\/logo_mp-283x55-1.png\",\"width\":283,\"height\":55,\"caption\":\"Mondopelle\"},\"image\":{\"@id\":\"https:\\\/\\\/mondopelle.it\\\/de\\\/#\\\/schema\\\/logo\\\/image\\\/\"},\"sameAs\":[\"https:\\\/\\\/www.facebook.com\\\/mondopelle\\\/\",\"https:\\\/\\\/www.instagram.com\\\/mondopelle\\\/\"]}]}<\/script>\n<!-- \/ Yoast SEO plugin. -->","yoast_head_json":{"title":"Dekollet\u00e9 Luca Grossi K787m - Mondopelle","description":"Dekollet\u00e9 Luca Grossi K787m Online-Verkauf weltweit. \u2713 Kostenloser und schneller Versand, Zahlung bei Lieferung und einfache R\u00fcckgabe. Bestellen Sie bei Mondopelle und erhalten Sie das Beste aus der Mode!","robots":{"index":"index","follow":"follow","max-snippet":"max-snippet:-1","max-image-preview":"max-image-preview:large","max-video-preview":"max-video-preview:-1"},"canonical":"https:\/\/mondopelle.it\/de\/shop\/schuhe\/schuhe-de\/schuhe-luca-grossi-ch615-copia-3\/","og_locale":"de_DE","og_type":"article","og_title":"Dekollet\u00e9 Luca Grossi K787m - Mondopelle","og_description":"Dekollet\u00e9 Luca Grossi K787m Online-Verkauf weltweit. \u2713 Kostenloser und schneller Versand, Zahlung bei Lieferung und einfache R\u00fcckgabe. Bestellen Sie bei Mondopelle und erhalten Sie das Beste aus der Mode!","og_url":"https:\/\/mondopelle.it\/de\/shop\/schuhe\/schuhe-de\/schuhe-luca-grossi-ch615-copia-3\/","og_site_name":"Mondopelle","article_publisher":"https:\/\/www.facebook.com\/mondopelle\/","article_modified_time":"2024-12-18T08:27:49+00:00","og_image":[{"width":1512,"height":1512,"url":"https:\/\/mondopelle.it\/wp-content\/uploads\/2024\/08\/Foto-30-08-24-21-06-53-1-1-1.jpg","type":"image\/jpeg"}],"twitter_card":"summary_large_image","twitter_misc":{"Gesch\u00e4tzte Lesezeit":"1\u00a0Minute"},"schema":{"@context":"https:\/\/schema.org","@graph":[{"@type":"WebPage","@id":"https:\/\/mondopelle.it\/de\/shop\/schuhe\/schuhe-de\/schuhe-luca-grossi-ch615-copia-3\/","url":"https:\/\/mondopelle.it\/de\/shop\/schuhe\/schuhe-de\/schuhe-luca-grossi-ch615-copia-3\/","name":"Dekollet\u00e9 Luca Grossi K787m - Mondopelle","isPartOf":{"@id":"https:\/\/mondopelle.it\/de\/#website"},"primaryImageOfPage":{"@id":"https:\/\/mondopelle.it\/de\/shop\/schuhe\/schuhe-de\/schuhe-luca-grossi-ch615-copia-3\/#primaryimage"},"image":{"@id":"https:\/\/mondopelle.it\/de\/shop\/schuhe\/schuhe-de\/schuhe-luca-grossi-ch615-copia-3\/#primaryimage"},"thumbnailUrl":"https:\/\/mondopelle.it\/wp-content\/uploads\/2024\/08\/Foto-30-08-24-21-06-53-1-1-1.jpg","datePublished":"2024-08-30T19:07:56+00:00","dateModified":"2024-12-18T08:27:49+00:00","description":"Dekollet\u00e9 Luca Grossi K787m Online-Verkauf weltweit. \u2713 Kostenloser und schneller Versand, Zahlung bei Lieferung und einfache R\u00fcckgabe. Bestellen Sie bei Mondopelle und erhalten Sie das Beste aus der Mode!","breadcrumb":{"@id":"https:\/\/mondopelle.it\/de\/shop\/schuhe\/schuhe-de\/schuhe-luca-grossi-ch615-copia-3\/#breadcrumb"},"inLanguage":"de","potentialAction":[{"@type":"ReadAction","target":["https:\/\/mondopelle.it\/de\/shop\/schuhe\/schuhe-de\/schuhe-luca-grossi-ch615-copia-3\/"]}]},{"@type":"ImageObject","inLanguage":"de","@id":"https:\/\/mondopelle.it\/de\/shop\/schuhe\/schuhe-de\/schuhe-luca-grossi-ch615-copia-3\/#primaryimage","url":"https:\/\/mondopelle.it\/wp-content\/uploads\/2024\/08\/Foto-30-08-24-21-06-53-1-1-1.jpg","contentUrl":"https:\/\/mondopelle.it\/wp-content\/uploads\/2024\/08\/Foto-30-08-24-21-06-53-1-1-1.jpg","width":1512,"height":1512,"caption":"Luca Grossi K787m"},{"@type":"BreadcrumbList","@id":"https:\/\/mondopelle.it\/de\/shop\/schuhe\/schuhe-de\/schuhe-luca-grossi-ch615-copia-3\/#breadcrumb","itemListElement":[{"@type":"ListItem","position":1,"name":"Start Seite","item":"https:\/\/mondopelle.it\/de\/home-new\/"},{"@type":"ListItem","position":2,"name":"Produkte","item":"https:\/\/mondopelle.it\/de\/shop\/"},{"@type":"ListItem","position":3,"name":"Dekollet\u00e9 Luca Grossi K787m"}]},{"@type":"WebSite","@id":"https:\/\/mondopelle.it\/de\/#website","url":"https:\/\/mondopelle.it\/de\/","name":"Mondopelle","description":"","publisher":{"@id":"https:\/\/mondopelle.it\/de\/#organization"},"potentialAction":[{"@type":"SearchAction","target":{"@type":"EntryPoint","urlTemplate":"https:\/\/mondopelle.it\/de\/?s={search_term_string}"},"query-input":{"@type":"PropertyValueSpecification","valueRequired":true,"valueName":"search_term_string"}}],"inLanguage":"de"},{"@type":"Organization","@id":"https:\/\/mondopelle.it\/de\/#organization","name":"Mondopelle","url":"https:\/\/mondopelle.it\/de\/","logo":{"@type":"ImageObject","inLanguage":"de","@id":"https:\/\/mondopelle.it\/de\/#\/schema\/logo\/image\/","url":"https:\/\/mondopelle.it\/wp-content\/uploads\/2023\/07\/logo_mp-283x55-1.png","contentUrl":"https:\/\/mondopelle.it\/wp-content\/uploads\/2023\/07\/logo_mp-283x55-1.png","width":283,"height":55,"caption":"Mondopelle"},"image":{"@id":"https:\/\/mondopelle.it\/de\/#\/schema\/logo\/image\/"},"sameAs":["https:\/\/www.facebook.com\/mondopelle\/","https:\/\/www.instagram.com\/mondopelle\/"]}]}},"_links":{"self":[{"href":"https:\/\/mondopelle.it\/de\/wp-json\/wp\/v2\/product\/64419","targetHints":{"allow":["GET"]}}],"collection":[{"href":"https:\/\/mondopelle.it\/de\/wp-json\/wp\/v2\/product"}],"about":[{"href":"https:\/\/mondopelle.it\/de\/wp-json\/wp\/v2\/types\/product"}],"replies":[{"embeddable":true,"href":"https:\/\/mondopelle.it\/de\/wp-json\/wp\/v2\/comments?post=64419"}],"version-history":[{"count":0,"href":"https:\/\/mondopelle.it\/de\/wp-json\/wp\/v2\/product\/64419\/revisions"}],"wp:featuredmedia":[{"embeddable":true,"href":"https:\/\/mondopelle.it\/de\/wp-json\/wp\/v2\/media\/64480"}],"wp:attachment":[{"href":"https:\/\/mondopelle.it\/de\/wp-json\/wp\/v2\/media?parent=64419"}],"wp:term":[{"taxonomy":"brand","embeddable":true,"href":"https:\/\/mondopelle.it\/de\/wp-json\/wp\/v2\/etheme_brands?post=64419"},{"taxonomy":"product_brand","embeddable":true,"href":"https:\/\/mondopelle.it\/de\/wp-json\/wp\/v2\/product_brand?post=64419"},{"taxonomy":"product_cat","embeddable":true,"href":"https:\/\/mondopelle.it\/de\/wp-json\/wp\/v2\/product_cat?post=64419"},{"taxonomy":"product_tag","embeddable":true,"href":"https:\/\/mondopelle.it\/de\/wp-json\/wp\/v2\/product_tag?post=64419"}],"curies":[{"name":"wp","href":"https:\/\/api.w.org\/{rel}","templated":true}]}}