{"id":65260,"date":"2024-08-31T18:15:30","date_gmt":"2024-08-31T16:15:30","guid":{"rendered":"https:\/\/mondopelle.it\/?post_type=product&#038;p=65260"},"modified":"2025-04-10T19:54:08","modified_gmt":"2025-04-10T17:54:08","slug":"stiefeletten-evaluna-5115-copia-copia-copia-copia-copia-copia-copia-copia-2","status":"publish","type":"product","link":"https:\/\/mondopelle.it\/de\/shop\/schuhe\/stiefel\/stiefeletten-evaluna-5115-copia-copia-copia-copia-copia-copia-copia-copia-2\/","title":{"rendered":"Stiefel Marino Fabiani 3156"},"content":{"rendered":"<p>Aus der neuen Kollektion der renommierten italienischen Marke Marino Fabiani pr\u00e4sentieren wir elegante kniehohe Stiefel aus cremefarbenem Naturleder . Diese Stiefel vereinen Raffinesse und Komfort, dank eines elastischen Ledereinsatzes , der eine perfekte Passform f\u00fcr jede Wadenform garantiert. Das minimalistische Design hat einen niedrigen Absatz von 2 cm, der idealen Tragekomfort f\u00fcr den Alltag bietet , ohne auf Stil zu verzichten .Der cremefarbene Farbton verleiht ihm einen Hauch von Frische und Vielseitigkeit, perfekt, um Ihre Herbstlooks mit zeitloserEleganz zu vervollst\u00e4ndigen. Diese Stiefel von Marino Fabiani verk\u00f6rpern die Exzellenz der italienischen Handwerkskunst, Sie sind die perfekte Wahl f\u00fcr alle, die auf der Suche nach hochwertigem Schuhwerk die bei jedem Schritt Eleganz und Funktionalit\u00e4t vereinen.    <\/p>\n","protected":false},"excerpt":{"rendered":"<p>Aus der neuen Kollektion der renommierten italienischen Marke Marino Fabiani pr\u00e4sentieren wir elegante kniehohe Stiefel aus cremefarbenem Naturleder . Diese Stiefel vereinen Raffinesse und Komfort, dank eines elastischen Ledereinsatzes , der eine perfekte Passform f\u00fcr jede Wadenform garantiert. Das minimalistische Design hat einen niedrigen Absatz von 2 cm, der idealen Tragekomfort f\u00fcr den Alltag bietet , ohne auf Stil zu verzichten .Der cremefarbene Farbton verleiht ihm einen Hauch von Frische und Vielseitigkeit, perfekt, um Ihre&#8230;<\/p>\n","protected":false},"featured_media":65290,"comment_status":"open","ping_status":"closed","template":"","meta":[],"etheme_brands":[{"term_id":1061,"name":"Marino Fabiani","slug":"marino-fabiani-de","term_group":0,"term_taxonomy_id":1061,"taxonomy":"brand","description":"Marino Fabiani, die renommierte italienische Marke, dominiert die Modewelt weiterhin mit ihren au\u00dfergew\u00f6hnlichen Kollektionen, die elegante Frauen seit vielen Saisons verzaubern. Marino Fabiani widmet sich all jenen, die Komfort suchen, ohne dabei auf Raffinesse zu verzichten, und bietet eine einzigartige Kombination aus femininen Formen und pr\u00e4chtigen Abs\u00e4tzen.\r\n\r\nDie Schuhe von Marino Fabiani\u00a0dr\u00fccken einen Sinn f\u00fcr Raffinesse aus, mit Details wie eleganten Strasssteinen und einer Vielzahl von Absatzformen, die jedem Paar eine unverwechselbare Note verleihen. Jedes Modell ist so konzipiert, dass es dank innovativer Designl\u00f6sungen und tadelloser Passform maximalen Komfort bietet.\r\n\r\nDie Schuhe von Marino Fabiani sind von zeitloser Sch\u00f6nheit. Hochwertige Materialien garantieren die Langlebigkeit und Robustheit eines jeden Paares. Mit seinem Engagement f\u00fcr Qualit\u00e4t kreiert Marino Fabiani Schuhe, die sich durch ihre Eleganz und ihren Luxus auszeichnen.\r\n\r\nEntdecken Sie unsere neue Kollektion auf unserer Website mondopelle.it, wo Sie diese exklusiven Schuhe kaufen k\u00f6nnen. Entscheiden Sie sich f\u00fcr zeitlose Raffinesse: Mit Marino Fabiani ist jeder Schritt ein Statement von unvergleichlichem Stil und Komfort.","parent":0,"count":2,"filter":"raw"}],"product_brand":[],"product_cat":[1014,1017],"product_tag":[],"class_list":{"0":"post-65260","1":"product","2":"type-product","3":"status-publish","4":"has-post-thumbnail","6":"brand-marino-fabiani-de","7":"product_cat-schuhe","8":"product_cat-stiefel","9":"pa_cvet-milch","10":"pa_god-2024-de-2","11":"pa_materialotdelkisnaruzhi-leder","12":"pa_materialotdelkivnutri-leder","13":"pa_materialpodoshv-gummi","14":"pa_razmer-37-de","15":"pa_razmer-39-de","16":"pa_razmer-40-de","17":"pa_sezon-herbst-winter","18":"pa_stranaproizvoditelx-italien","19":"pa_vsotakabluka_sm-2-de","21":"first","22":"instock","23":"sale","24":"shipping-taxable","25":"purchasable","26":"product-type-variable","27":"has-default-attributes"},"yoast_head":"<!-- This site is optimized with the Yoast SEO plugin v27.5 - https:\/\/yoast.com\/product\/yoast-seo-wordpress\/ -->\n<title>Stiefel Marino Fabiani 3156 - Mondopelle<\/title>\n<meta name=\"description\" content=\"Stiefel Marino Fabiani 3156 Online-Verkauf weltweit. \u2713 Kostenloser und schneller Versand, Zahlung bei Lieferung und einfache R\u00fcckgabe. Bestellen Sie bei Mondopelle und erhalten Sie das Beste aus der Mode!\" \/>\n<meta name=\"robots\" content=\"index, follow, max-snippet:-1, max-image-preview:large, max-video-preview:-1\" \/>\n<link rel=\"canonical\" href=\"https:\/\/mondopelle.it\/de\/shop\/schuhe\/stiefel\/stiefeletten-evaluna-5115-copia-copia-copia-copia-copia-copia-copia-copia-2\/\" \/>\n<meta property=\"og:locale\" content=\"de_DE\" \/>\n<meta property=\"og:type\" content=\"article\" \/>\n<meta property=\"og:title\" content=\"Stiefel Marino Fabiani 3156 - Mondopelle\" \/>\n<meta property=\"og:description\" content=\"Stiefel Marino Fabiani 3156 Online-Verkauf weltweit. \u2713 Kostenloser und schneller Versand, Zahlung bei Lieferung und einfache R\u00fcckgabe. Bestellen Sie bei Mondopelle und erhalten Sie das Beste aus der Mode!\" \/>\n<meta property=\"og:url\" content=\"https:\/\/mondopelle.it\/de\/shop\/schuhe\/stiefel\/stiefeletten-evaluna-5115-copia-copia-copia-copia-copia-copia-copia-copia-2\/\" \/>\n<meta property=\"og:site_name\" content=\"Mondopelle\" \/>\n<meta property=\"article:publisher\" content=\"https:\/\/www.facebook.com\/mondopelle\/\" \/>\n<meta property=\"article:modified_time\" content=\"2025-04-10T17:54:08+00:00\" \/>\n<meta property=\"og:image\" content=\"https:\/\/mondopelle.it\/wp-content\/uploads\/2024\/08\/Foto-31-08-24-18-05-59.jpg\" \/>\n\t<meta property=\"og:image:width\" content=\"1512\" \/>\n\t<meta property=\"og:image:height\" content=\"1512\" \/>\n\t<meta property=\"og:image:type\" content=\"image\/jpeg\" \/>\n<meta name=\"twitter:card\" content=\"summary_large_image\" \/>\n<meta name=\"twitter:label1\" content=\"Gesch\u00e4tzte Lesezeit\" \/>\n\t<meta name=\"twitter:data1\" content=\"2\u00a0Minuten\" \/>\n<script type=\"application\/ld+json\" class=\"yoast-schema-graph\">{\"@context\":\"https:\\\/\\\/schema.org\",\"@graph\":[{\"@type\":\"WebPage\",\"@id\":\"https:\\\/\\\/mondopelle.it\\\/de\\\/shop\\\/schuhe\\\/stiefel\\\/stiefeletten-evaluna-5115-copia-copia-copia-copia-copia-copia-copia-copia-2\\\/\",\"url\":\"https:\\\/\\\/mondopelle.it\\\/de\\\/shop\\\/schuhe\\\/stiefel\\\/stiefeletten-evaluna-5115-copia-copia-copia-copia-copia-copia-copia-copia-2\\\/\",\"name\":\"Stiefel Marino Fabiani 3156 - Mondopelle\",\"isPartOf\":{\"@id\":\"https:\\\/\\\/mondopelle.it\\\/de\\\/#website\"},\"primaryImageOfPage\":{\"@id\":\"https:\\\/\\\/mondopelle.it\\\/de\\\/shop\\\/schuhe\\\/stiefel\\\/stiefeletten-evaluna-5115-copia-copia-copia-copia-copia-copia-copia-copia-2\\\/#primaryimage\"},\"image\":{\"@id\":\"https:\\\/\\\/mondopelle.it\\\/de\\\/shop\\\/schuhe\\\/stiefel\\\/stiefeletten-evaluna-5115-copia-copia-copia-copia-copia-copia-copia-copia-2\\\/#primaryimage\"},\"thumbnailUrl\":\"https:\\\/\\\/mondopelle.it\\\/wp-content\\\/uploads\\\/2024\\\/08\\\/Foto-31-08-24-18-05-59.jpg\",\"datePublished\":\"2024-08-31T16:15:30+00:00\",\"dateModified\":\"2025-04-10T17:54:08+00:00\",\"description\":\"Stiefel Marino Fabiani 3156 Online-Verkauf weltweit. \u2713 Kostenloser und schneller Versand, Zahlung bei Lieferung und einfache R\u00fcckgabe. Bestellen Sie bei Mondopelle und erhalten Sie das Beste aus der Mode!\",\"breadcrumb\":{\"@id\":\"https:\\\/\\\/mondopelle.it\\\/de\\\/shop\\\/schuhe\\\/stiefel\\\/stiefeletten-evaluna-5115-copia-copia-copia-copia-copia-copia-copia-copia-2\\\/#breadcrumb\"},\"inLanguage\":\"de\",\"potentialAction\":[{\"@type\":\"ReadAction\",\"target\":[\"https:\\\/\\\/mondopelle.it\\\/de\\\/shop\\\/schuhe\\\/stiefel\\\/stiefeletten-evaluna-5115-copia-copia-copia-copia-copia-copia-copia-copia-2\\\/\"]}]},{\"@type\":\"ImageObject\",\"inLanguage\":\"de\",\"@id\":\"https:\\\/\\\/mondopelle.it\\\/de\\\/shop\\\/schuhe\\\/stiefel\\\/stiefeletten-evaluna-5115-copia-copia-copia-copia-copia-copia-copia-copia-2\\\/#primaryimage\",\"url\":\"https:\\\/\\\/mondopelle.it\\\/wp-content\\\/uploads\\\/2024\\\/08\\\/Foto-31-08-24-18-05-59.jpg\",\"contentUrl\":\"https:\\\/\\\/mondopelle.it\\\/wp-content\\\/uploads\\\/2024\\\/08\\\/Foto-31-08-24-18-05-59.jpg\",\"width\":1512,\"height\":1512,\"caption\":\"Stivali Marino Fabiani 3026 (Copia)\"},{\"@type\":\"BreadcrumbList\",\"@id\":\"https:\\\/\\\/mondopelle.it\\\/de\\\/shop\\\/schuhe\\\/stiefel\\\/stiefeletten-evaluna-5115-copia-copia-copia-copia-copia-copia-copia-copia-2\\\/#breadcrumb\",\"itemListElement\":[{\"@type\":\"ListItem\",\"position\":1,\"name\":\"Start Seite\",\"item\":\"https:\\\/\\\/mondopelle.it\\\/de\\\/home-new\\\/\"},{\"@type\":\"ListItem\",\"position\":2,\"name\":\"Produkte\",\"item\":\"https:\\\/\\\/mondopelle.it\\\/de\\\/shop\\\/\"},{\"@type\":\"ListItem\",\"position\":3,\"name\":\"Stiefel Marino Fabiani 3156\"}]},{\"@type\":\"WebSite\",\"@id\":\"https:\\\/\\\/mondopelle.it\\\/de\\\/#website\",\"url\":\"https:\\\/\\\/mondopelle.it\\\/de\\\/\",\"name\":\"Mondopelle\",\"description\":\"\",\"publisher\":{\"@id\":\"https:\\\/\\\/mondopelle.it\\\/de\\\/#organization\"},\"potentialAction\":[{\"@type\":\"SearchAction\",\"target\":{\"@type\":\"EntryPoint\",\"urlTemplate\":\"https:\\\/\\\/mondopelle.it\\\/de\\\/?s={search_term_string}\"},\"query-input\":{\"@type\":\"PropertyValueSpecification\",\"valueRequired\":true,\"valueName\":\"search_term_string\"}}],\"inLanguage\":\"de\"},{\"@type\":\"Organization\",\"@id\":\"https:\\\/\\\/mondopelle.it\\\/de\\\/#organization\",\"name\":\"Mondopelle\",\"url\":\"https:\\\/\\\/mondopelle.it\\\/de\\\/\",\"logo\":{\"@type\":\"ImageObject\",\"inLanguage\":\"de\",\"@id\":\"https:\\\/\\\/mondopelle.it\\\/de\\\/#\\\/schema\\\/logo\\\/image\\\/\",\"url\":\"https:\\\/\\\/mondopelle.it\\\/wp-content\\\/uploads\\\/2023\\\/07\\\/logo_mp-283x55-1.png\",\"contentUrl\":\"https:\\\/\\\/mondopelle.it\\\/wp-content\\\/uploads\\\/2023\\\/07\\\/logo_mp-283x55-1.png\",\"width\":283,\"height\":55,\"caption\":\"Mondopelle\"},\"image\":{\"@id\":\"https:\\\/\\\/mondopelle.it\\\/de\\\/#\\\/schema\\\/logo\\\/image\\\/\"},\"sameAs\":[\"https:\\\/\\\/www.facebook.com\\\/mondopelle\\\/\",\"https:\\\/\\\/www.instagram.com\\\/mondopelle\\\/\"]}]}<\/script>\n<!-- \/ Yoast SEO plugin. -->","yoast_head_json":{"title":"Stiefel Marino Fabiani 3156 - Mondopelle","description":"Stiefel Marino Fabiani 3156 Online-Verkauf weltweit. \u2713 Kostenloser und schneller Versand, Zahlung bei Lieferung und einfache R\u00fcckgabe. Bestellen Sie bei Mondopelle und erhalten Sie das Beste aus der Mode!","robots":{"index":"index","follow":"follow","max-snippet":"max-snippet:-1","max-image-preview":"max-image-preview:large","max-video-preview":"max-video-preview:-1"},"canonical":"https:\/\/mondopelle.it\/de\/shop\/schuhe\/stiefel\/stiefeletten-evaluna-5115-copia-copia-copia-copia-copia-copia-copia-copia-2\/","og_locale":"de_DE","og_type":"article","og_title":"Stiefel Marino Fabiani 3156 - Mondopelle","og_description":"Stiefel Marino Fabiani 3156 Online-Verkauf weltweit. \u2713 Kostenloser und schneller Versand, Zahlung bei Lieferung und einfache R\u00fcckgabe. Bestellen Sie bei Mondopelle und erhalten Sie das Beste aus der Mode!","og_url":"https:\/\/mondopelle.it\/de\/shop\/schuhe\/stiefel\/stiefeletten-evaluna-5115-copia-copia-copia-copia-copia-copia-copia-copia-2\/","og_site_name":"Mondopelle","article_publisher":"https:\/\/www.facebook.com\/mondopelle\/","article_modified_time":"2025-04-10T17:54:08+00:00","og_image":[{"width":1512,"height":1512,"url":"https:\/\/mondopelle.it\/wp-content\/uploads\/2024\/08\/Foto-31-08-24-18-05-59.jpg","type":"image\/jpeg"}],"twitter_card":"summary_large_image","twitter_misc":{"Gesch\u00e4tzte Lesezeit":"2\u00a0Minuten"},"schema":{"@context":"https:\/\/schema.org","@graph":[{"@type":"WebPage","@id":"https:\/\/mondopelle.it\/de\/shop\/schuhe\/stiefel\/stiefeletten-evaluna-5115-copia-copia-copia-copia-copia-copia-copia-copia-2\/","url":"https:\/\/mondopelle.it\/de\/shop\/schuhe\/stiefel\/stiefeletten-evaluna-5115-copia-copia-copia-copia-copia-copia-copia-copia-2\/","name":"Stiefel Marino Fabiani 3156 - Mondopelle","isPartOf":{"@id":"https:\/\/mondopelle.it\/de\/#website"},"primaryImageOfPage":{"@id":"https:\/\/mondopelle.it\/de\/shop\/schuhe\/stiefel\/stiefeletten-evaluna-5115-copia-copia-copia-copia-copia-copia-copia-copia-2\/#primaryimage"},"image":{"@id":"https:\/\/mondopelle.it\/de\/shop\/schuhe\/stiefel\/stiefeletten-evaluna-5115-copia-copia-copia-copia-copia-copia-copia-copia-2\/#primaryimage"},"thumbnailUrl":"https:\/\/mondopelle.it\/wp-content\/uploads\/2024\/08\/Foto-31-08-24-18-05-59.jpg","datePublished":"2024-08-31T16:15:30+00:00","dateModified":"2025-04-10T17:54:08+00:00","description":"Stiefel Marino Fabiani 3156 Online-Verkauf weltweit. \u2713 Kostenloser und schneller Versand, Zahlung bei Lieferung und einfache R\u00fcckgabe. Bestellen Sie bei Mondopelle und erhalten Sie das Beste aus der Mode!","breadcrumb":{"@id":"https:\/\/mondopelle.it\/de\/shop\/schuhe\/stiefel\/stiefeletten-evaluna-5115-copia-copia-copia-copia-copia-copia-copia-copia-2\/#breadcrumb"},"inLanguage":"de","potentialAction":[{"@type":"ReadAction","target":["https:\/\/mondopelle.it\/de\/shop\/schuhe\/stiefel\/stiefeletten-evaluna-5115-copia-copia-copia-copia-copia-copia-copia-copia-2\/"]}]},{"@type":"ImageObject","inLanguage":"de","@id":"https:\/\/mondopelle.it\/de\/shop\/schuhe\/stiefel\/stiefeletten-evaluna-5115-copia-copia-copia-copia-copia-copia-copia-copia-2\/#primaryimage","url":"https:\/\/mondopelle.it\/wp-content\/uploads\/2024\/08\/Foto-31-08-24-18-05-59.jpg","contentUrl":"https:\/\/mondopelle.it\/wp-content\/uploads\/2024\/08\/Foto-31-08-24-18-05-59.jpg","width":1512,"height":1512,"caption":"Stivali Marino Fabiani 3026 (Copia)"},{"@type":"BreadcrumbList","@id":"https:\/\/mondopelle.it\/de\/shop\/schuhe\/stiefel\/stiefeletten-evaluna-5115-copia-copia-copia-copia-copia-copia-copia-copia-2\/#breadcrumb","itemListElement":[{"@type":"ListItem","position":1,"name":"Start Seite","item":"https:\/\/mondopelle.it\/de\/home-new\/"},{"@type":"ListItem","position":2,"name":"Produkte","item":"https:\/\/mondopelle.it\/de\/shop\/"},{"@type":"ListItem","position":3,"name":"Stiefel Marino Fabiani 3156"}]},{"@type":"WebSite","@id":"https:\/\/mondopelle.it\/de\/#website","url":"https:\/\/mondopelle.it\/de\/","name":"Mondopelle","description":"","publisher":{"@id":"https:\/\/mondopelle.it\/de\/#organization"},"potentialAction":[{"@type":"SearchAction","target":{"@type":"EntryPoint","urlTemplate":"https:\/\/mondopelle.it\/de\/?s={search_term_string}"},"query-input":{"@type":"PropertyValueSpecification","valueRequired":true,"valueName":"search_term_string"}}],"inLanguage":"de"},{"@type":"Organization","@id":"https:\/\/mondopelle.it\/de\/#organization","name":"Mondopelle","url":"https:\/\/mondopelle.it\/de\/","logo":{"@type":"ImageObject","inLanguage":"de","@id":"https:\/\/mondopelle.it\/de\/#\/schema\/logo\/image\/","url":"https:\/\/mondopelle.it\/wp-content\/uploads\/2023\/07\/logo_mp-283x55-1.png","contentUrl":"https:\/\/mondopelle.it\/wp-content\/uploads\/2023\/07\/logo_mp-283x55-1.png","width":283,"height":55,"caption":"Mondopelle"},"image":{"@id":"https:\/\/mondopelle.it\/de\/#\/schema\/logo\/image\/"},"sameAs":["https:\/\/www.facebook.com\/mondopelle\/","https:\/\/www.instagram.com\/mondopelle\/"]}]}},"_links":{"self":[{"href":"https:\/\/mondopelle.it\/de\/wp-json\/wp\/v2\/product\/65260","targetHints":{"allow":["GET"]}}],"collection":[{"href":"https:\/\/mondopelle.it\/de\/wp-json\/wp\/v2\/product"}],"about":[{"href":"https:\/\/mondopelle.it\/de\/wp-json\/wp\/v2\/types\/product"}],"replies":[{"embeddable":true,"href":"https:\/\/mondopelle.it\/de\/wp-json\/wp\/v2\/comments?post=65260"}],"version-history":[{"count":0,"href":"https:\/\/mondopelle.it\/de\/wp-json\/wp\/v2\/product\/65260\/revisions"}],"wp:featuredmedia":[{"embeddable":true,"href":"https:\/\/mondopelle.it\/de\/wp-json\/wp\/v2\/media\/65290"}],"wp:attachment":[{"href":"https:\/\/mondopelle.it\/de\/wp-json\/wp\/v2\/media?parent=65260"}],"wp:term":[{"taxonomy":"brand","embeddable":true,"href":"https:\/\/mondopelle.it\/de\/wp-json\/wp\/v2\/etheme_brands?post=65260"},{"taxonomy":"product_brand","embeddable":true,"href":"https:\/\/mondopelle.it\/de\/wp-json\/wp\/v2\/product_brand?post=65260"},{"taxonomy":"product_cat","embeddable":true,"href":"https:\/\/mondopelle.it\/de\/wp-json\/wp\/v2\/product_cat?post=65260"},{"taxonomy":"product_tag","embeddable":true,"href":"https:\/\/mondopelle.it\/de\/wp-json\/wp\/v2\/product_tag?post=65260"}],"curies":[{"name":"wp","href":"https:\/\/api.w.org\/{rel}","templated":true}]}}