{"id":68930,"date":"2024-10-02T23:05:25","date_gmt":"2024-10-02T21:05:25","guid":{"rendered":"https:\/\/mondopelle.it\/?post_type=product&#038;p=68930"},"modified":"2025-04-14T17:41:00","modified_gmt":"2025-04-14T15:41:00","slug":"turnschuhe-angelica-media-07f-copia","status":"publish","type":"product","link":"https:\/\/mondopelle.it\/de\/shop\/schuhe\/stiefel\/turnschuhe-angelica-media-07f-copia\/","title":{"rendered":"Stiefel Angelica Sole 02A"},"content":{"rendered":"<div class=\"font-claude-message pr-4 md:pr-9 relative leading-[1.65rem] [&amp;_pre&lt;encoded_tag_closed \/&gt;div]:bg-bg-300 [&amp;_pre]:-mr-4 md:[&amp;_pre]:-mr-9\">\n<div class=\"grid-col-1 grid gap-2.5 [&amp;_&lt;encoded_tag_closed \/&gt;_*]:min-w-0\">\n<p class=\"whitespace-pre-wrap break-words\">Entdecken Sie die brandneuen Texan-Stiefel aus der Angelica-Kollektion, ein Meisterwerk an Stil und Komfort , das die l\u00e4ssige Eleganz neu definiert. Gefertigt aus weichem Veloursleder, fangen diese Stiefel die Essenz des modernen Glamours mit einem Hauch italienischer Raffinesse ein. <\/p>\n<p class=\"whitespace-pre-wrap break-words\">Das Detail , das sie einzigartig macht , sind die kleinen Strasssteine in der gleichen Farbe, die gekonnt eingesetzt werden, um einen funkelnden und doch dezenten Effekt zu erzielen, der eine luxuri\u00f6se Aura verleiht , ohne die Vielseitigkeit des Designs zu beeintr\u00e4chtigen. Jeder Schritt wird zu einer Gelegenheit, mit subtiler Eleganz zu gl\u00e4nzen. <\/p>\n<p class=\"whitespace-pre-wrap break-words\">Mit einem bequemen 5-cm-Absatz bieten diese Texaner die ideale H\u00f6he f\u00fcr einen eleganten Auftritt , ohne auf den Komfort im Alltag zu verzichten. Die Form der Passform, das Ergebnis eines sorgf\u00e4ltigen Designs, garantiert au\u00dfergew\u00f6hnlichen Komfort auch nach stundenlangem Gebrauch. <\/p>\n<p class=\"whitespace-pre-wrap break-words\">Getreu der Qualit\u00e4tstradition der Marke, ist jedes Element dieser Stiefel aus hochwertigen Naturmaterialien gefertigt, die Langlebigkeit und unvergleichlichen Komfort garantieren.<\/p>\n<p class=\"whitespace-pre-wrap break-words\">Egal, ob Sie sie mit Jeans f\u00fcr einen l\u00e4ssig-schicken Look oder mit einem Kleid f\u00fcr einen formelleren Anlass tragen, diese Angelica Texaner werden zum Mittelpunkt eines jeden Outfits, Sie vereinen den freien Geist des Westens mit der raffinierten Eleganz des italienischen Designs.<\/p>\n<\/div>\n<\/div>\n","protected":false},"excerpt":{"rendered":"<p>Entdecken Sie die brandneuen Texan-Stiefel aus der Angelica-Kollektion, ein Meisterwerk an Stil und Komfort , das die l\u00e4ssige Eleganz neu definiert. Gefertigt aus weichem Veloursleder, fangen diese Stiefel die Essenz des modernen Glamours mit einem Hauch italienischer Raffinesse ein. Das Detail , das sie einzigartig macht , sind die kleinen Strasssteine in der gleichen Farbe, die gekonnt eingesetzt werden, um einen funkelnden und doch dezenten Effekt zu erzielen, der eine luxuri\u00f6se Aura verleiht , ohne&#8230;<\/p>\n","protected":false},"featured_media":68818,"comment_status":"open","ping_status":"closed","template":"","meta":[],"etheme_brands":[{"term_id":1082,"name":"Angelica","slug":"angelika","term_group":0,"term_taxonomy_id":1082,"taxonomy":"brand","description":"Die Marke Angelica ist, auch wenn sie nicht zu den bekanntesten geh\u00f6rt, ein verstecktes Juwel f\u00fcr Fashionistas, die bequeme und erschwingliche Schuhe suchen. Die breite Palette an Damenschuhen, darunter Turnschuhe, Pumps und Pelzstiefel, zeichnet sich durch Komfort und Stil aus und bietet eine trendige Option f\u00fcr jede Gelegenheit.\r\n\r\nAngelica hat es sich zur Aufgabe gemacht, Damenschuhe anzubieten, die ausschlie\u00dflich aus hochwertigen Naturmaterialien hergestellt werden. Jedes Paar Schuhe ist so konzipiert, dass es nicht nur Komfort f\u00fcr die F\u00fc\u00dfe bietet, sondern auch einen modischen Stil, der zu jeder Pers\u00f6nlichkeit passt.\r\n\r\nDie Angelica-Kollektion umfasst eine Vielzahl von Modellen, von vielseitigen Pelzstiefeln bis hin zu eleganten Loafers, die alle zu erschwinglichen Preisen angeboten werden. Dank unseres Engagements f\u00fcr Qualit\u00e4t und Erschwinglichkeit wollen wir Ihnen die M\u00f6glichkeit bieten, trendige Schuhe zu tragen, ohne Ihr Budget zu belasten.\r\n\r\nEntdecken Sie den Komfort und den Stil von Damenschuhen der Marke Angelica, indem Sie unser Outlet - mondopelle.it besuchen. Nutzen Sie die Ausverk\u00e4ufe und Sonderangebote in unserem Outlet, um Qualit\u00e4tsschuhe zu erschwinglichen Preisen zu kaufen. Angelica: f\u00fcr alle, die Komfort suchen, ohne auf Stil zu verzichten.","parent":0,"count":7,"filter":"raw"}],"product_brand":[],"product_cat":[1014,1017],"product_tag":[],"class_list":{"0":"post-68930","1":"product","2":"type-product","3":"status-publish","4":"has-post-thumbnail","6":"brand-angelika","7":"product_cat-schuhe","8":"product_cat-stiefel","9":"pa_cvet-braun","10":"pa_cvet-wein","11":"pa_god-2024-de-2","12":"pa_materialotdelkisnaruzhi-wildleder","13":"pa_materialotdelkivnutri-leder","14":"pa_materialpodoshv-gummi","15":"pa_razmer-36-de","16":"pa_razmer-37-de","17":"pa_razmer-38-de","18":"pa_razmer-39-de","19":"pa_razmer-40-de","20":"pa_razmer-41-de","21":"pa_sezon-herbst-winter","22":"pa_stranaproizvoditelx-italien","23":"pa_vsotakabluka_sm-5-de","25":"first","26":"instock","27":"sale","28":"shipping-taxable","29":"purchasable","30":"product-type-variable"},"yoast_head":"<!-- This site is optimized with the Yoast SEO plugin v27.5 - https:\/\/yoast.com\/product\/yoast-seo-wordpress\/ -->\n<title>Stiefel Angelica Sole 02A - Mondopelle<\/title>\n<meta name=\"description\" content=\"Stiefel Angelica Sole 02A Online-Verkauf weltweit. \u2713 Kostenloser und schneller Versand, Zahlung bei Lieferung und einfache R\u00fcckgabe. Bestellen Sie bei Mondopelle und erhalten Sie das Beste aus der Mode!\" \/>\n<meta name=\"robots\" content=\"index, follow, max-snippet:-1, max-image-preview:large, max-video-preview:-1\" \/>\n<link rel=\"canonical\" href=\"https:\/\/mondopelle.it\/de\/shop\/schuhe\/stiefel\/turnschuhe-angelica-media-07f-copia\/\" \/>\n<meta property=\"og:locale\" content=\"de_DE\" \/>\n<meta property=\"og:type\" content=\"article\" \/>\n<meta property=\"og:title\" content=\"Stiefel Angelica Sole 02A - Mondopelle\" \/>\n<meta property=\"og:description\" content=\"Stiefel Angelica Sole 02A Online-Verkauf weltweit. \u2713 Kostenloser und schneller Versand, Zahlung bei Lieferung und einfache R\u00fcckgabe. Bestellen Sie bei Mondopelle und erhalten Sie das Beste aus der Mode!\" \/>\n<meta property=\"og:url\" content=\"https:\/\/mondopelle.it\/de\/shop\/schuhe\/stiefel\/turnschuhe-angelica-media-07f-copia\/\" \/>\n<meta property=\"og:site_name\" content=\"Mondopelle\" \/>\n<meta property=\"article:publisher\" content=\"https:\/\/www.facebook.com\/mondopelle\/\" \/>\n<meta property=\"article:modified_time\" content=\"2025-04-14T15:41:00+00:00\" \/>\n<meta property=\"og:image\" content=\"https:\/\/mondopelle.it\/wp-content\/uploads\/2024\/10\/Foto-02-10-24-18-55-23-10.jpg\" \/>\n\t<meta property=\"og:image:width\" content=\"1512\" \/>\n\t<meta property=\"og:image:height\" content=\"1512\" \/>\n\t<meta property=\"og:image:type\" content=\"image\/jpeg\" \/>\n<meta name=\"twitter:card\" content=\"summary_large_image\" \/>\n<meta name=\"twitter:label1\" content=\"Gesch\u00e4tzte Lesezeit\" \/>\n\t<meta name=\"twitter:data1\" content=\"1\u00a0Minute\" \/>\n<script type=\"application\/ld+json\" class=\"yoast-schema-graph\">{\"@context\":\"https:\\\/\\\/schema.org\",\"@graph\":[{\"@type\":\"WebPage\",\"@id\":\"https:\\\/\\\/mondopelle.it\\\/de\\\/shop\\\/schuhe\\\/stiefel\\\/turnschuhe-angelica-media-07f-copia\\\/\",\"url\":\"https:\\\/\\\/mondopelle.it\\\/de\\\/shop\\\/schuhe\\\/stiefel\\\/turnschuhe-angelica-media-07f-copia\\\/\",\"name\":\"Stiefel Angelica Sole 02A - Mondopelle\",\"isPartOf\":{\"@id\":\"https:\\\/\\\/mondopelle.it\\\/de\\\/#website\"},\"primaryImageOfPage\":{\"@id\":\"https:\\\/\\\/mondopelle.it\\\/de\\\/shop\\\/schuhe\\\/stiefel\\\/turnschuhe-angelica-media-07f-copia\\\/#primaryimage\"},\"image\":{\"@id\":\"https:\\\/\\\/mondopelle.it\\\/de\\\/shop\\\/schuhe\\\/stiefel\\\/turnschuhe-angelica-media-07f-copia\\\/#primaryimage\"},\"thumbnailUrl\":\"https:\\\/\\\/mondopelle.it\\\/wp-content\\\/uploads\\\/2024\\\/10\\\/Foto-02-10-24-18-55-23-10.jpg\",\"datePublished\":\"2024-10-02T21:05:25+00:00\",\"dateModified\":\"2025-04-14T15:41:00+00:00\",\"description\":\"Stiefel Angelica Sole 02A Online-Verkauf weltweit. \u2713 Kostenloser und schneller Versand, Zahlung bei Lieferung und einfache R\u00fcckgabe. Bestellen Sie bei Mondopelle und erhalten Sie das Beste aus der Mode!\",\"breadcrumb\":{\"@id\":\"https:\\\/\\\/mondopelle.it\\\/de\\\/shop\\\/schuhe\\\/stiefel\\\/turnschuhe-angelica-media-07f-copia\\\/#breadcrumb\"},\"inLanguage\":\"de\",\"potentialAction\":[{\"@type\":\"ReadAction\",\"target\":[\"https:\\\/\\\/mondopelle.it\\\/de\\\/shop\\\/schuhe\\\/stiefel\\\/turnschuhe-angelica-media-07f-copia\\\/\"]}]},{\"@type\":\"ImageObject\",\"inLanguage\":\"de\",\"@id\":\"https:\\\/\\\/mondopelle.it\\\/de\\\/shop\\\/schuhe\\\/stiefel\\\/turnschuhe-angelica-media-07f-copia\\\/#primaryimage\",\"url\":\"https:\\\/\\\/mondopelle.it\\\/wp-content\\\/uploads\\\/2024\\\/10\\\/Foto-02-10-24-18-55-23-10.jpg\",\"contentUrl\":\"https:\\\/\\\/mondopelle.it\\\/wp-content\\\/uploads\\\/2024\\\/10\\\/Foto-02-10-24-18-55-23-10.jpg\",\"width\":1512,\"height\":1512,\"caption\":\"Turnschuhe Angelica Media 07F cavallino\"},{\"@type\":\"BreadcrumbList\",\"@id\":\"https:\\\/\\\/mondopelle.it\\\/de\\\/shop\\\/schuhe\\\/stiefel\\\/turnschuhe-angelica-media-07f-copia\\\/#breadcrumb\",\"itemListElement\":[{\"@type\":\"ListItem\",\"position\":1,\"name\":\"Start Seite\",\"item\":\"https:\\\/\\\/mondopelle.it\\\/de\\\/home-new\\\/\"},{\"@type\":\"ListItem\",\"position\":2,\"name\":\"Produkte\",\"item\":\"https:\\\/\\\/mondopelle.it\\\/de\\\/shop\\\/\"},{\"@type\":\"ListItem\",\"position\":3,\"name\":\"Stiefel Angelica Sole 02A\"}]},{\"@type\":\"WebSite\",\"@id\":\"https:\\\/\\\/mondopelle.it\\\/de\\\/#website\",\"url\":\"https:\\\/\\\/mondopelle.it\\\/de\\\/\",\"name\":\"Mondopelle\",\"description\":\"\",\"publisher\":{\"@id\":\"https:\\\/\\\/mondopelle.it\\\/de\\\/#organization\"},\"potentialAction\":[{\"@type\":\"SearchAction\",\"target\":{\"@type\":\"EntryPoint\",\"urlTemplate\":\"https:\\\/\\\/mondopelle.it\\\/de\\\/?s={search_term_string}\"},\"query-input\":{\"@type\":\"PropertyValueSpecification\",\"valueRequired\":true,\"valueName\":\"search_term_string\"}}],\"inLanguage\":\"de\"},{\"@type\":\"Organization\",\"@id\":\"https:\\\/\\\/mondopelle.it\\\/de\\\/#organization\",\"name\":\"Mondopelle\",\"url\":\"https:\\\/\\\/mondopelle.it\\\/de\\\/\",\"logo\":{\"@type\":\"ImageObject\",\"inLanguage\":\"de\",\"@id\":\"https:\\\/\\\/mondopelle.it\\\/de\\\/#\\\/schema\\\/logo\\\/image\\\/\",\"url\":\"https:\\\/\\\/mondopelle.it\\\/wp-content\\\/uploads\\\/2023\\\/07\\\/logo_mp-283x55-1.png\",\"contentUrl\":\"https:\\\/\\\/mondopelle.it\\\/wp-content\\\/uploads\\\/2023\\\/07\\\/logo_mp-283x55-1.png\",\"width\":283,\"height\":55,\"caption\":\"Mondopelle\"},\"image\":{\"@id\":\"https:\\\/\\\/mondopelle.it\\\/de\\\/#\\\/schema\\\/logo\\\/image\\\/\"},\"sameAs\":[\"https:\\\/\\\/www.facebook.com\\\/mondopelle\\\/\",\"https:\\\/\\\/www.instagram.com\\\/mondopelle\\\/\"]}]}<\/script>\n<!-- \/ Yoast SEO plugin. -->","yoast_head_json":{"title":"Stiefel Angelica Sole 02A - Mondopelle","description":"Stiefel Angelica Sole 02A Online-Verkauf weltweit. \u2713 Kostenloser und schneller Versand, Zahlung bei Lieferung und einfache R\u00fcckgabe. Bestellen Sie bei Mondopelle und erhalten Sie das Beste aus der Mode!","robots":{"index":"index","follow":"follow","max-snippet":"max-snippet:-1","max-image-preview":"max-image-preview:large","max-video-preview":"max-video-preview:-1"},"canonical":"https:\/\/mondopelle.it\/de\/shop\/schuhe\/stiefel\/turnschuhe-angelica-media-07f-copia\/","og_locale":"de_DE","og_type":"article","og_title":"Stiefel Angelica Sole 02A - Mondopelle","og_description":"Stiefel Angelica Sole 02A Online-Verkauf weltweit. \u2713 Kostenloser und schneller Versand, Zahlung bei Lieferung und einfache R\u00fcckgabe. Bestellen Sie bei Mondopelle und erhalten Sie das Beste aus der Mode!","og_url":"https:\/\/mondopelle.it\/de\/shop\/schuhe\/stiefel\/turnschuhe-angelica-media-07f-copia\/","og_site_name":"Mondopelle","article_publisher":"https:\/\/www.facebook.com\/mondopelle\/","article_modified_time":"2025-04-14T15:41:00+00:00","og_image":[{"width":1512,"height":1512,"url":"https:\/\/mondopelle.it\/wp-content\/uploads\/2024\/10\/Foto-02-10-24-18-55-23-10.jpg","type":"image\/jpeg"}],"twitter_card":"summary_large_image","twitter_misc":{"Gesch\u00e4tzte Lesezeit":"1\u00a0Minute"},"schema":{"@context":"https:\/\/schema.org","@graph":[{"@type":"WebPage","@id":"https:\/\/mondopelle.it\/de\/shop\/schuhe\/stiefel\/turnschuhe-angelica-media-07f-copia\/","url":"https:\/\/mondopelle.it\/de\/shop\/schuhe\/stiefel\/turnschuhe-angelica-media-07f-copia\/","name":"Stiefel Angelica Sole 02A - Mondopelle","isPartOf":{"@id":"https:\/\/mondopelle.it\/de\/#website"},"primaryImageOfPage":{"@id":"https:\/\/mondopelle.it\/de\/shop\/schuhe\/stiefel\/turnschuhe-angelica-media-07f-copia\/#primaryimage"},"image":{"@id":"https:\/\/mondopelle.it\/de\/shop\/schuhe\/stiefel\/turnschuhe-angelica-media-07f-copia\/#primaryimage"},"thumbnailUrl":"https:\/\/mondopelle.it\/wp-content\/uploads\/2024\/10\/Foto-02-10-24-18-55-23-10.jpg","datePublished":"2024-10-02T21:05:25+00:00","dateModified":"2025-04-14T15:41:00+00:00","description":"Stiefel Angelica Sole 02A Online-Verkauf weltweit. \u2713 Kostenloser und schneller Versand, Zahlung bei Lieferung und einfache R\u00fcckgabe. Bestellen Sie bei Mondopelle und erhalten Sie das Beste aus der Mode!","breadcrumb":{"@id":"https:\/\/mondopelle.it\/de\/shop\/schuhe\/stiefel\/turnschuhe-angelica-media-07f-copia\/#breadcrumb"},"inLanguage":"de","potentialAction":[{"@type":"ReadAction","target":["https:\/\/mondopelle.it\/de\/shop\/schuhe\/stiefel\/turnschuhe-angelica-media-07f-copia\/"]}]},{"@type":"ImageObject","inLanguage":"de","@id":"https:\/\/mondopelle.it\/de\/shop\/schuhe\/stiefel\/turnschuhe-angelica-media-07f-copia\/#primaryimage","url":"https:\/\/mondopelle.it\/wp-content\/uploads\/2024\/10\/Foto-02-10-24-18-55-23-10.jpg","contentUrl":"https:\/\/mondopelle.it\/wp-content\/uploads\/2024\/10\/Foto-02-10-24-18-55-23-10.jpg","width":1512,"height":1512,"caption":"Turnschuhe Angelica Media 07F cavallino"},{"@type":"BreadcrumbList","@id":"https:\/\/mondopelle.it\/de\/shop\/schuhe\/stiefel\/turnschuhe-angelica-media-07f-copia\/#breadcrumb","itemListElement":[{"@type":"ListItem","position":1,"name":"Start Seite","item":"https:\/\/mondopelle.it\/de\/home-new\/"},{"@type":"ListItem","position":2,"name":"Produkte","item":"https:\/\/mondopelle.it\/de\/shop\/"},{"@type":"ListItem","position":3,"name":"Stiefel Angelica Sole 02A"}]},{"@type":"WebSite","@id":"https:\/\/mondopelle.it\/de\/#website","url":"https:\/\/mondopelle.it\/de\/","name":"Mondopelle","description":"","publisher":{"@id":"https:\/\/mondopelle.it\/de\/#organization"},"potentialAction":[{"@type":"SearchAction","target":{"@type":"EntryPoint","urlTemplate":"https:\/\/mondopelle.it\/de\/?s={search_term_string}"},"query-input":{"@type":"PropertyValueSpecification","valueRequired":true,"valueName":"search_term_string"}}],"inLanguage":"de"},{"@type":"Organization","@id":"https:\/\/mondopelle.it\/de\/#organization","name":"Mondopelle","url":"https:\/\/mondopelle.it\/de\/","logo":{"@type":"ImageObject","inLanguage":"de","@id":"https:\/\/mondopelle.it\/de\/#\/schema\/logo\/image\/","url":"https:\/\/mondopelle.it\/wp-content\/uploads\/2023\/07\/logo_mp-283x55-1.png","contentUrl":"https:\/\/mondopelle.it\/wp-content\/uploads\/2023\/07\/logo_mp-283x55-1.png","width":283,"height":55,"caption":"Mondopelle"},"image":{"@id":"https:\/\/mondopelle.it\/de\/#\/schema\/logo\/image\/"},"sameAs":["https:\/\/www.facebook.com\/mondopelle\/","https:\/\/www.instagram.com\/mondopelle\/"]}]}},"_links":{"self":[{"href":"https:\/\/mondopelle.it\/de\/wp-json\/wp\/v2\/product\/68930","targetHints":{"allow":["GET"]}}],"collection":[{"href":"https:\/\/mondopelle.it\/de\/wp-json\/wp\/v2\/product"}],"about":[{"href":"https:\/\/mondopelle.it\/de\/wp-json\/wp\/v2\/types\/product"}],"replies":[{"embeddable":true,"href":"https:\/\/mondopelle.it\/de\/wp-json\/wp\/v2\/comments?post=68930"}],"version-history":[{"count":0,"href":"https:\/\/mondopelle.it\/de\/wp-json\/wp\/v2\/product\/68930\/revisions"}],"wp:featuredmedia":[{"embeddable":true,"href":"https:\/\/mondopelle.it\/de\/wp-json\/wp\/v2\/media\/68818"}],"wp:attachment":[{"href":"https:\/\/mondopelle.it\/de\/wp-json\/wp\/v2\/media?parent=68930"}],"wp:term":[{"taxonomy":"brand","embeddable":true,"href":"https:\/\/mondopelle.it\/de\/wp-json\/wp\/v2\/etheme_brands?post=68930"},{"taxonomy":"product_brand","embeddable":true,"href":"https:\/\/mondopelle.it\/de\/wp-json\/wp\/v2\/product_brand?post=68930"},{"taxonomy":"product_cat","embeddable":true,"href":"https:\/\/mondopelle.it\/de\/wp-json\/wp\/v2\/product_cat?post=68930"},{"taxonomy":"product_tag","embeddable":true,"href":"https:\/\/mondopelle.it\/de\/wp-json\/wp\/v2\/product_tag?post=68930"}],"curies":[{"name":"wp","href":"https:\/\/api.w.org\/{rel}","templated":true}]}}