{"id":69054,"date":"2024-10-04T23:36:14","date_gmt":"2024-10-04T21:36:14","guid":{"rendered":"https:\/\/mondopelle.it\/?post_type=product&#038;p=69054"},"modified":"2025-04-10T19:50:40","modified_gmt":"2025-04-10T17:50:40","slug":"tasche-sara-burglar-erika-2491-copia-2","status":"publish","type":"product","link":"https:\/\/mondopelle.it\/de\/shop\/zubehor\/taschen\/tasche-sara-burglar-erika-2491-copia-2\/","title":{"rendered":"Tasche Sara Burglar Gloria 2458"},"content":{"rendered":"<p class=\"whitespace-pre-wrap break-words\">Entdecken Sie die neueste Kreation von Sara Burglar, eine Tasche , die die Essenz der italienischen Eleganz verk\u00f6rpert. Aus feinem Naturleder gefertigt, ist diese Tasche eine perfekte Mischung aus zeitlosem Stil und moderner Funktionalit\u00e4t. <\/p>\n<p class=\"whitespace-pre-wrap break-words\">Das raffinierte Design passt sich m\u00fchelos jeder Gelegenheit an, vom Tag im B\u00fcro bis zum Abendausflug. Die Vielseitigkeit wird durch den abnehmbaren langen Schulterriemen noch unterstrichen, mit dem die Tasche je nach Stil und Bedarf \u00fcber der Schulter oder am K\u00f6rper getragen werden kann. <\/p>\n<p class=\"whitespace-pre-wrap break-words\">Erh\u00e4ltlich in drei klassischen und zeitlosen Farben:<\/p>\n<ul class=\"-mt-1 list-disc space-y-2 pl-8\">\n<li class=\"whitespace-normal break-words\">Schwarz: zeitlos und elegant, perfekt f\u00fcr jedes Outfit<\/li>\n<li class=\"whitespace-normal break-words\">Rot: mutig und leidenschaftlich, um einen Hauch von Farbe hinzuzuf\u00fcgen<\/li>\n<li class=\"whitespace-normal break-words\">Hellbeige: raffiniert und vielseitig, ideal f\u00fcr die Sommersaison<\/li>\n<\/ul>\n<p class=\"whitespace-pre-wrap break-words\">Jedes Detail dieser Sara Burglar Tasche spiegelt italienische Handwerkskunst wider, von den pr\u00e4zisen N\u00e4hten bis hin zur tadellosen Verarbeitung. Der ger\u00e4umige und gut organisierte Innenraum bietet reichlich Platz f\u00fcr all Ihre Habseligkeiten, ohne auf den \u00e4u\u00dferen Stil zu verzichten. <\/p>\n<p class=\"whitespace-pre-wrap break-words\">Ob Sie sich f\u00fcr klassisches Schwarz , kr\u00e4ftiges Rot oder raffiniertes Beige entscheiden , diese Sara Burglar Tasche wird zu Ihrem Lieblingsaccessoire und rundet jeden Look elegant ab .<\/p>\n","protected":false},"excerpt":{"rendered":"<p>Entdecken Sie die neueste Kreation von Sara Burglar, eine Tasche , die die Essenz der italienischen Eleganz verk\u00f6rpert. Aus feinem Naturleder gefertigt, ist diese Tasche eine perfekte Mischung aus zeitlosem Stil und moderner Funktionalit\u00e4t. Das raffinierte Design passt sich m\u00fchelos jeder Gelegenheit an, vom Tag im B\u00fcro bis zum Abendausflug. Die Vielseitigkeit wird durch den abnehmbaren langen Schulterriemen noch unterstrichen, mit dem die Tasche je nach Stil und Bedarf \u00fcber der Schulter oder am K\u00f6rper&#8230;<\/p>\n","protected":false},"featured_media":69069,"comment_status":"open","ping_status":"closed","template":"","meta":[],"etheme_brands":[{"term_id":952,"name":"Sara Burglar","slug":"sara-einbrecher","term_group":0,"term_taxonomy_id":952,"taxonomy":"brand","description":"<div class=\"flex-1 overflow-hidden\">\r\n<div class=\"react-scroll-to-bottom--css-mvpck-79elbk h-full\">\r\n<div class=\"react-scroll-to-bottom--css-mvpck-1n7m0yu\">\r\n<div class=\"flex flex-col pb-9 text-sm\">\r\n<div class=\"w-full text-token-text-primary\" data-testid=\"conversation-turn-35\">\r\n<div class=\"px-4 py-2 justify-center text-base md:gap-6 m-auto\">\r\n<div class=\"flex flex-1 text-base mx-auto gap-3 md:px-5 lg:px-1 xl:px-5 md:max-w-3xl group final-completion\">\r\n<div class=\"relative flex w-full flex-col lg:w-[calc(100%-115px)] agent-turn\">\r\n<div class=\"flex-col gap-1 md:gap-3\">\r\n<div class=\"flex flex-grow flex-col max-w-full\">\r\n<div class=\"min-h-[20px] text-message flex flex-col items-start gap-3 whitespace-pre-wrap break-words [.text-message+&amp;]:mt-5 overflow-x-auto\" data-message-author-role=\"assistant\" data-message-id=\"21762cae-59ed-4792-8cce-e91777a57152\">\r\n<div class=\"markdown prose w-full break-words dark:prose-invert light\">\r\n\r\n<strong>Die Exzellenz der Handtaschen von Sara Burglar: Wo Kunst auf Stil trifft<\/strong>\r\n\r\nIm Herzen Italiens entsteht ein Modeikone: die Marke Sara Burglar. Ihre Handtaschen, wahre Kunstwerke, sind das Ergebnis einer handwerklichen Tradition, die von Generation zu Generation weitergegeben wird. Den Kauf einer Sara Burglar-Handtasche zu t\u00e4tigen bedeutet, in zeitlose Eleganz einzutauchen, bei der jedes Detail eine Stil\u00e4u\u00dferung ist.\r\n\r\n<strong>Sara Burglar Handtaschen: Reine Raffinesse Made in Italy<\/strong>\r\n\r\nDie Kollektionen der Marke Sara Burglar, entstanden aus beispielloser Handwerkskunst, verk\u00f6rpern die Authentizit\u00e4t des \"Made in Italy\". Exklusiv aus hochwertigen nat\u00fcrlichen Materialien gefertigt, ist jede mit dem Sara Burglar-Label versehene Handtasche ein Meisterwerk, das sich nahtlos in Ihren Alltag integriert und bei jeder Gelegenheit Stil und Komfort gew\u00e4hrleistet.\r\n\r\n<strong>Werfen Sie einen Blick auf unsere komplette Kollektion:<\/strong>\r\n<ul>\r\n \t<li>Elegante Handtaschen: F\u00fcr anspruchsvolle Frauen, die zu jedem Zeitpunkt eine Portion Glamour suchen.<\/li>\r\n \t<li>L\u00e4ssige Handtaschen f\u00fcr den t\u00e4glichen Gebrauch: Designs, die f\u00fcr dynamische Menschen entwickelt wurden, die im t\u00e4glichen Leben nicht auf Stil verzichten m\u00f6chten.<\/li>\r\n \t<li>Business-Aktentaschen: Funktionalit\u00e4t und Eleganz vereint, um Sie an Ihren Arbeitstagen zu begleiten.<\/li>\r\n \t<li>Reise- und Koffer: Bequemlichkeit und Stil ohne Kompromisse f\u00fcr jedes Abenteuer.<\/li>\r\n<\/ul>\r\n<strong>Tragen Sie Eleganz bei sich: Accessoires f\u00fcr jede Gelegenheit<\/strong>\r\n\r\nAber Sara Burglar bietet weit mehr als einfache Handtaschen. Entdecken Sie unsere Accessoire-Reihe:\r\n<ul>\r\n \t<li>Geldb\u00f6rsen und M\u00fcnzbeutel f\u00fcr Frauen und M\u00e4nner: Perfekt f\u00fcr diejenigen, die Funktionalit\u00e4t suchen, ohne auf Stil zu verzichten.<\/li>\r\n \t<li>Elegante Rucks\u00e4cke: F\u00fcr Frauen und M\u00e4nner gleicherma\u00dfen, die Praktikabilit\u00e4t mit trendigem Design verbinden.<\/li>\r\n<\/ul>\r\n<strong>Entdecken Sie Sara Burglar: Eink\u00e4ufe im Gesch\u00e4ft und online<\/strong>\r\n\r\nTauchen Sie in unserem Gesch\u00e4ft bei mondopelle.it in das Universum der Sara Burglar-Kollektionen ein. Erkunden Sie die vielf\u00e4ltige Palette von Modellen, von legeren Designs f\u00fcr den t\u00e4glichen Gebrauch bis hin zu eleganten Abendtaschen, von Business-Aktentaschen bis zu Reise- und Koffern. Jeder Besuch ist eine Reise durch die neuen Kollektionen der Marke Sara Burglar, in denen Qualit\u00e4t und \u00c4sthetik zusammenkommen. Und f\u00fcr zus\u00e4tzlichen Komfort erkunden Sie und kaufen Sie in unserem Online-Shop ein, um Zugang zu exklusiven Kollektionen und Sonderangeboten zu erhalten, einschlie\u00dflich Rabatten in unserem Outlet. Werfen Sie einen Blick auf die Angebote mit unwiderstehlichen Rabatten und entdecken Sie die Vielfalt der Modelle zu einem vorteilhaften Preis.\r\n\r\n<strong>Authentische Erfahrungen: Sehen Sie, was unsere Kunden sagen<\/strong>\r\n\r\nLassen Sie sich von den Erfahrungen unserer Kunden inspirieren. Begeisterte Kommentare und Bewertungen finden Sie auf unserer dedizierten Testimonial-Seite, wo die Zufriedenheit derer, die sich f\u00fcr Sara Burglar entschieden haben, f\u00fcr sich spricht.\r\n\r\n<strong>Sara Burglars Verk\u00e4ufe in unserem Outlet<\/strong>\r\n\r\nF\u00fcr diejenigen, die auf der Suche nach einem Angebot sind, besuchen Sie unseren Outlet-Bereich. Hier finden Sie Rabatte und Verk\u00e4ufe auf viele unserer exklusiven Handtaschen. Sparen Sie, ohne auf Stil zu verzichten; Sie k\u00f6nnen Ihren Kauf von unserer Verkaufsseite aus t\u00e4tigen.\r\n\r\n<strong>Sara Burglar: Wo Qualit\u00e4t auf Vielseitigkeit trifft<\/strong>\r\n\r\nSara Burglar schafft nicht nur Handtaschen, sondern Stilerlebnisse. Unsere Produktion umfasst die raffiniertesten Abendtaschen, exklusiven Geldb\u00f6rsen, praktischen Rucks\u00e4cke und anspruchsvollen Reise-Handtaschen, alle aus hochwertigem Leder gefertigt. Jedes St\u00fcck ist ein Kunstwerk, eine Mischung aus Mode, Funktionalit\u00e4t und Langlebigkeit. Sara Burglar: Mehr als nur eine Handtasche, ein Symbol f\u00fcr Ihren Stil.\r\n\r\n&nbsp;\r\n\r\n<\/div>\r\n<\/div>\r\n<\/div>\r\n<div class=\"mt-1 flex justify-start gap-3 empty:hidden\">\r\n<div class=\"text-gray-400 flex self-end lg:self-center justify-center lg:justify-start mt-0 -ml-1 visible\"><button class=\"flex items-center gap-1.5 rounded-md p-1 text-xs hover:text-gray-950 dark:text-gray-400 dark:hover:text-gray-200 disabled:dark:hover:text-gray-400 md:invisible md:group-hover:visible md:group-[.final-completion]:visible\"><\/button>\r\n<div class=\"flex\"><\/div>\r\n<div class=\"flex items-center gap-1.5 text-xs\"><\/div>\r\n<\/div>\r\n<\/div>\r\n<\/div>\r\n<div class=\"absolute\">\r\n<div class=\"flex w-full gap-2 items-center justify-center\"><\/div>\r\n<\/div>\r\n<\/div>\r\n<\/div>\r\n<\/div>\r\n<\/div>\r\n<\/div>\r\n<\/div>\r\n<\/div>\r\n<\/div>\r\n<div class=\"w-full pt-2 md:pt-0 dark:border-white\/20 md:border-transparent md:dark:border-transparent md:w-[calc(100%-.5rem)]\">\r\n<div class=\"relative flex h-full flex-1 items-stretch md:flex-col\">\r\n<div class=\"flex w-full items-center\"><\/div>\r\n<\/div>\r\n<\/div>","parent":0,"count":3,"filter":"raw"}],"product_brand":[],"product_cat":[1005,999],"product_tag":[],"class_list":{"0":"post-69054","1":"product","2":"type-product","3":"status-publish","4":"has-post-thumbnail","6":"brand-sara-einbrecher","7":"product_cat-taschen","8":"product_cat-zubehor","9":"pa_cvet-beige-de","10":"pa_cvet-rot","11":"pa_cvet-schwarz","12":"pa_god-2024-de-2","13":"pa_materialotdelkisnaruzhi-lackierung","14":"pa_razmer_sm-30x20x12-de","15":"pa_sezon-herbst-winter","16":"pa_stranaproizvoditelx-italien","18":"first","19":"instock","20":"sale","21":"shipping-taxable","22":"purchasable","23":"product-type-variable"},"yoast_head":"<!-- This site is optimized with the Yoast SEO plugin v27.5 - https:\/\/yoast.com\/product\/yoast-seo-wordpress\/ -->\n<title>Tasche Sara Burglar Gloria 2458 - Mondopelle<\/title>\n<meta name=\"description\" content=\"Tasche Sara Burglar Gloria 2458 Online-Verkauf weltweit. \u2713 Kostenloser und schneller Versand, Zahlung bei Lieferung und einfache R\u00fcckgabe. Bestellen Sie bei Mondopelle und erhalten Sie das Beste aus der Mode!\" \/>\n<meta name=\"robots\" content=\"index, follow, max-snippet:-1, max-image-preview:large, max-video-preview:-1\" \/>\n<link rel=\"canonical\" href=\"https:\/\/mondopelle.it\/de\/shop\/zubehor\/taschen\/tasche-sara-burglar-erika-2491-copia-2\/\" \/>\n<meta property=\"og:locale\" content=\"de_DE\" \/>\n<meta property=\"og:type\" content=\"article\" \/>\n<meta property=\"og:title\" content=\"Tasche Sara Burglar Gloria 2458 - Mondopelle\" \/>\n<meta property=\"og:description\" content=\"Tasche Sara Burglar Gloria 2458 Online-Verkauf weltweit. \u2713 Kostenloser und schneller Versand, Zahlung bei Lieferung und einfache R\u00fcckgabe. Bestellen Sie bei Mondopelle und erhalten Sie das Beste aus der Mode!\" \/>\n<meta property=\"og:url\" content=\"https:\/\/mondopelle.it\/de\/shop\/zubehor\/taschen\/tasche-sara-burglar-erika-2491-copia-2\/\" \/>\n<meta property=\"og:site_name\" content=\"Mondopelle\" \/>\n<meta property=\"article:publisher\" content=\"https:\/\/www.facebook.com\/mondopelle\/\" \/>\n<meta property=\"article:modified_time\" content=\"2025-04-10T17:50:40+00:00\" \/>\n<meta property=\"og:image\" content=\"https:\/\/mondopelle.it\/wp-content\/uploads\/2024\/10\/Foto-04-10-24-23-34-54-1.jpg\" \/>\n\t<meta property=\"og:image:width\" content=\"1512\" \/>\n\t<meta property=\"og:image:height\" content=\"1512\" \/>\n\t<meta property=\"og:image:type\" content=\"image\/jpeg\" \/>\n<meta name=\"twitter:card\" content=\"summary_large_image\" \/>\n<meta name=\"twitter:label1\" content=\"Gesch\u00e4tzte Lesezeit\" \/>\n\t<meta name=\"twitter:data1\" content=\"1\u00a0Minute\" \/>\n<script type=\"application\/ld+json\" class=\"yoast-schema-graph\">{\"@context\":\"https:\\\/\\\/schema.org\",\"@graph\":[{\"@type\":\"WebPage\",\"@id\":\"https:\\\/\\\/mondopelle.it\\\/de\\\/shop\\\/zubehor\\\/taschen\\\/tasche-sara-burglar-erika-2491-copia-2\\\/\",\"url\":\"https:\\\/\\\/mondopelle.it\\\/de\\\/shop\\\/zubehor\\\/taschen\\\/tasche-sara-burglar-erika-2491-copia-2\\\/\",\"name\":\"Tasche Sara Burglar Gloria 2458 - Mondopelle\",\"isPartOf\":{\"@id\":\"https:\\\/\\\/mondopelle.it\\\/de\\\/#website\"},\"primaryImageOfPage\":{\"@id\":\"https:\\\/\\\/mondopelle.it\\\/de\\\/shop\\\/zubehor\\\/taschen\\\/tasche-sara-burglar-erika-2491-copia-2\\\/#primaryimage\"},\"image\":{\"@id\":\"https:\\\/\\\/mondopelle.it\\\/de\\\/shop\\\/zubehor\\\/taschen\\\/tasche-sara-burglar-erika-2491-copia-2\\\/#primaryimage\"},\"thumbnailUrl\":\"https:\\\/\\\/mondopelle.it\\\/wp-content\\\/uploads\\\/2024\\\/10\\\/Foto-04-10-24-23-34-54-1.jpg\",\"datePublished\":\"2024-10-04T21:36:14+00:00\",\"dateModified\":\"2025-04-10T17:50:40+00:00\",\"description\":\"Tasche Sara Burglar Gloria 2458 Online-Verkauf weltweit. \u2713 Kostenloser und schneller Versand, Zahlung bei Lieferung und einfache R\u00fcckgabe. Bestellen Sie bei Mondopelle und erhalten Sie das Beste aus der Mode!\",\"breadcrumb\":{\"@id\":\"https:\\\/\\\/mondopelle.it\\\/de\\\/shop\\\/zubehor\\\/taschen\\\/tasche-sara-burglar-erika-2491-copia-2\\\/#breadcrumb\"},\"inLanguage\":\"de\",\"potentialAction\":[{\"@type\":\"ReadAction\",\"target\":[\"https:\\\/\\\/mondopelle.it\\\/de\\\/shop\\\/zubehor\\\/taschen\\\/tasche-sara-burglar-erika-2491-copia-2\\\/\"]}]},{\"@type\":\"ImageObject\",\"inLanguage\":\"de\",\"@id\":\"https:\\\/\\\/mondopelle.it\\\/de\\\/shop\\\/zubehor\\\/taschen\\\/tasche-sara-burglar-erika-2491-copia-2\\\/#primaryimage\",\"url\":\"https:\\\/\\\/mondopelle.it\\\/wp-content\\\/uploads\\\/2024\\\/10\\\/Foto-04-10-24-23-34-54-1.jpg\",\"contentUrl\":\"https:\\\/\\\/mondopelle.it\\\/wp-content\\\/uploads\\\/2024\\\/10\\\/Foto-04-10-24-23-34-54-1.jpg\",\"width\":1512,\"height\":1512,\"caption\":\"Sara Einbrecher Gloria Tasche\"},{\"@type\":\"BreadcrumbList\",\"@id\":\"https:\\\/\\\/mondopelle.it\\\/de\\\/shop\\\/zubehor\\\/taschen\\\/tasche-sara-burglar-erika-2491-copia-2\\\/#breadcrumb\",\"itemListElement\":[{\"@type\":\"ListItem\",\"position\":1,\"name\":\"Start Seite\",\"item\":\"https:\\\/\\\/mondopelle.it\\\/de\\\/home-new\\\/\"},{\"@type\":\"ListItem\",\"position\":2,\"name\":\"Produkte\",\"item\":\"https:\\\/\\\/mondopelle.it\\\/de\\\/shop\\\/\"},{\"@type\":\"ListItem\",\"position\":3,\"name\":\"Tasche Sara Burglar Gloria 2458\"}]},{\"@type\":\"WebSite\",\"@id\":\"https:\\\/\\\/mondopelle.it\\\/de\\\/#website\",\"url\":\"https:\\\/\\\/mondopelle.it\\\/de\\\/\",\"name\":\"Mondopelle\",\"description\":\"\",\"publisher\":{\"@id\":\"https:\\\/\\\/mondopelle.it\\\/de\\\/#organization\"},\"potentialAction\":[{\"@type\":\"SearchAction\",\"target\":{\"@type\":\"EntryPoint\",\"urlTemplate\":\"https:\\\/\\\/mondopelle.it\\\/de\\\/?s={search_term_string}\"},\"query-input\":{\"@type\":\"PropertyValueSpecification\",\"valueRequired\":true,\"valueName\":\"search_term_string\"}}],\"inLanguage\":\"de\"},{\"@type\":\"Organization\",\"@id\":\"https:\\\/\\\/mondopelle.it\\\/de\\\/#organization\",\"name\":\"Mondopelle\",\"url\":\"https:\\\/\\\/mondopelle.it\\\/de\\\/\",\"logo\":{\"@type\":\"ImageObject\",\"inLanguage\":\"de\",\"@id\":\"https:\\\/\\\/mondopelle.it\\\/de\\\/#\\\/schema\\\/logo\\\/image\\\/\",\"url\":\"https:\\\/\\\/mondopelle.it\\\/wp-content\\\/uploads\\\/2023\\\/07\\\/logo_mp-283x55-1.png\",\"contentUrl\":\"https:\\\/\\\/mondopelle.it\\\/wp-content\\\/uploads\\\/2023\\\/07\\\/logo_mp-283x55-1.png\",\"width\":283,\"height\":55,\"caption\":\"Mondopelle\"},\"image\":{\"@id\":\"https:\\\/\\\/mondopelle.it\\\/de\\\/#\\\/schema\\\/logo\\\/image\\\/\"},\"sameAs\":[\"https:\\\/\\\/www.facebook.com\\\/mondopelle\\\/\",\"https:\\\/\\\/www.instagram.com\\\/mondopelle\\\/\"]}]}<\/script>\n<!-- \/ Yoast SEO plugin. -->","yoast_head_json":{"title":"Tasche Sara Burglar Gloria 2458 - Mondopelle","description":"Tasche Sara Burglar Gloria 2458 Online-Verkauf weltweit. \u2713 Kostenloser und schneller Versand, Zahlung bei Lieferung und einfache R\u00fcckgabe. Bestellen Sie bei Mondopelle und erhalten Sie das Beste aus der Mode!","robots":{"index":"index","follow":"follow","max-snippet":"max-snippet:-1","max-image-preview":"max-image-preview:large","max-video-preview":"max-video-preview:-1"},"canonical":"https:\/\/mondopelle.it\/de\/shop\/zubehor\/taschen\/tasche-sara-burglar-erika-2491-copia-2\/","og_locale":"de_DE","og_type":"article","og_title":"Tasche Sara Burglar Gloria 2458 - Mondopelle","og_description":"Tasche Sara Burglar Gloria 2458 Online-Verkauf weltweit. \u2713 Kostenloser und schneller Versand, Zahlung bei Lieferung und einfache R\u00fcckgabe. Bestellen Sie bei Mondopelle und erhalten Sie das Beste aus der Mode!","og_url":"https:\/\/mondopelle.it\/de\/shop\/zubehor\/taschen\/tasche-sara-burglar-erika-2491-copia-2\/","og_site_name":"Mondopelle","article_publisher":"https:\/\/www.facebook.com\/mondopelle\/","article_modified_time":"2025-04-10T17:50:40+00:00","og_image":[{"width":1512,"height":1512,"url":"https:\/\/mondopelle.it\/wp-content\/uploads\/2024\/10\/Foto-04-10-24-23-34-54-1.jpg","type":"image\/jpeg"}],"twitter_card":"summary_large_image","twitter_misc":{"Gesch\u00e4tzte Lesezeit":"1\u00a0Minute"},"schema":{"@context":"https:\/\/schema.org","@graph":[{"@type":"WebPage","@id":"https:\/\/mondopelle.it\/de\/shop\/zubehor\/taschen\/tasche-sara-burglar-erika-2491-copia-2\/","url":"https:\/\/mondopelle.it\/de\/shop\/zubehor\/taschen\/tasche-sara-burglar-erika-2491-copia-2\/","name":"Tasche Sara Burglar Gloria 2458 - Mondopelle","isPartOf":{"@id":"https:\/\/mondopelle.it\/de\/#website"},"primaryImageOfPage":{"@id":"https:\/\/mondopelle.it\/de\/shop\/zubehor\/taschen\/tasche-sara-burglar-erika-2491-copia-2\/#primaryimage"},"image":{"@id":"https:\/\/mondopelle.it\/de\/shop\/zubehor\/taschen\/tasche-sara-burglar-erika-2491-copia-2\/#primaryimage"},"thumbnailUrl":"https:\/\/mondopelle.it\/wp-content\/uploads\/2024\/10\/Foto-04-10-24-23-34-54-1.jpg","datePublished":"2024-10-04T21:36:14+00:00","dateModified":"2025-04-10T17:50:40+00:00","description":"Tasche Sara Burglar Gloria 2458 Online-Verkauf weltweit. \u2713 Kostenloser und schneller Versand, Zahlung bei Lieferung und einfache R\u00fcckgabe. Bestellen Sie bei Mondopelle und erhalten Sie das Beste aus der Mode!","breadcrumb":{"@id":"https:\/\/mondopelle.it\/de\/shop\/zubehor\/taschen\/tasche-sara-burglar-erika-2491-copia-2\/#breadcrumb"},"inLanguage":"de","potentialAction":[{"@type":"ReadAction","target":["https:\/\/mondopelle.it\/de\/shop\/zubehor\/taschen\/tasche-sara-burglar-erika-2491-copia-2\/"]}]},{"@type":"ImageObject","inLanguage":"de","@id":"https:\/\/mondopelle.it\/de\/shop\/zubehor\/taschen\/tasche-sara-burglar-erika-2491-copia-2\/#primaryimage","url":"https:\/\/mondopelle.it\/wp-content\/uploads\/2024\/10\/Foto-04-10-24-23-34-54-1.jpg","contentUrl":"https:\/\/mondopelle.it\/wp-content\/uploads\/2024\/10\/Foto-04-10-24-23-34-54-1.jpg","width":1512,"height":1512,"caption":"Sara Einbrecher Gloria Tasche"},{"@type":"BreadcrumbList","@id":"https:\/\/mondopelle.it\/de\/shop\/zubehor\/taschen\/tasche-sara-burglar-erika-2491-copia-2\/#breadcrumb","itemListElement":[{"@type":"ListItem","position":1,"name":"Start Seite","item":"https:\/\/mondopelle.it\/de\/home-new\/"},{"@type":"ListItem","position":2,"name":"Produkte","item":"https:\/\/mondopelle.it\/de\/shop\/"},{"@type":"ListItem","position":3,"name":"Tasche Sara Burglar Gloria 2458"}]},{"@type":"WebSite","@id":"https:\/\/mondopelle.it\/de\/#website","url":"https:\/\/mondopelle.it\/de\/","name":"Mondopelle","description":"","publisher":{"@id":"https:\/\/mondopelle.it\/de\/#organization"},"potentialAction":[{"@type":"SearchAction","target":{"@type":"EntryPoint","urlTemplate":"https:\/\/mondopelle.it\/de\/?s={search_term_string}"},"query-input":{"@type":"PropertyValueSpecification","valueRequired":true,"valueName":"search_term_string"}}],"inLanguage":"de"},{"@type":"Organization","@id":"https:\/\/mondopelle.it\/de\/#organization","name":"Mondopelle","url":"https:\/\/mondopelle.it\/de\/","logo":{"@type":"ImageObject","inLanguage":"de","@id":"https:\/\/mondopelle.it\/de\/#\/schema\/logo\/image\/","url":"https:\/\/mondopelle.it\/wp-content\/uploads\/2023\/07\/logo_mp-283x55-1.png","contentUrl":"https:\/\/mondopelle.it\/wp-content\/uploads\/2023\/07\/logo_mp-283x55-1.png","width":283,"height":55,"caption":"Mondopelle"},"image":{"@id":"https:\/\/mondopelle.it\/de\/#\/schema\/logo\/image\/"},"sameAs":["https:\/\/www.facebook.com\/mondopelle\/","https:\/\/www.instagram.com\/mondopelle\/"]}]}},"_links":{"self":[{"href":"https:\/\/mondopelle.it\/de\/wp-json\/wp\/v2\/product\/69054","targetHints":{"allow":["GET"]}}],"collection":[{"href":"https:\/\/mondopelle.it\/de\/wp-json\/wp\/v2\/product"}],"about":[{"href":"https:\/\/mondopelle.it\/de\/wp-json\/wp\/v2\/types\/product"}],"replies":[{"embeddable":true,"href":"https:\/\/mondopelle.it\/de\/wp-json\/wp\/v2\/comments?post=69054"}],"version-history":[{"count":0,"href":"https:\/\/mondopelle.it\/de\/wp-json\/wp\/v2\/product\/69054\/revisions"}],"wp:featuredmedia":[{"embeddable":true,"href":"https:\/\/mondopelle.it\/de\/wp-json\/wp\/v2\/media\/69069"}],"wp:attachment":[{"href":"https:\/\/mondopelle.it\/de\/wp-json\/wp\/v2\/media?parent=69054"}],"wp:term":[{"taxonomy":"brand","embeddable":true,"href":"https:\/\/mondopelle.it\/de\/wp-json\/wp\/v2\/etheme_brands?post=69054"},{"taxonomy":"product_brand","embeddable":true,"href":"https:\/\/mondopelle.it\/de\/wp-json\/wp\/v2\/product_brand?post=69054"},{"taxonomy":"product_cat","embeddable":true,"href":"https:\/\/mondopelle.it\/de\/wp-json\/wp\/v2\/product_cat?post=69054"},{"taxonomy":"product_tag","embeddable":true,"href":"https:\/\/mondopelle.it\/de\/wp-json\/wp\/v2\/product_tag?post=69054"}],"curies":[{"name":"wp","href":"https:\/\/api.w.org\/{rel}","templated":true}]}}