{"id":73345,"date":"2025-01-23T18:21:18","date_gmt":"2025-01-23T16:21:18","guid":{"rendered":"https:\/\/mondopelle.it\/?post_type=product&#038;p=73345"},"modified":"2025-04-12T17:56:23","modified_gmt":"2025-04-12T15:56:23","slug":"mokassins-letizia-ferrari-rpb14lam","status":"publish","type":"product","link":"https:\/\/mondopelle.it\/de\/shop\/schuhe\/mokassins\/mokassins-letizia-ferrari-rpb14lam\/","title":{"rendered":"Mokassins Letizia Ferrari RPB14 la"},"content":{"rendered":"<p>Diese Slipper aus der neuen Sommerkollektion der italienischen Marke Letizia Ferrari aus farbenfrohem, laminiertem, gewebtem Leder sind unglaublich leicht, sehr bequem und sehr sch\u00f6n. Perfekt f\u00fcr alle l\u00e4ssigen und formellen Anl\u00e4sse, sind diese Slipper die vielseitigste Erg\u00e4nzung f\u00fcr jede Garderobe. Aufwendig laminiertes Leder verleiht diesen zeitlosen Slippern eine einzigartige Note und sorgt daf\u00fcr, dass sie \u00fcber Jahre hinweg zu einem unverzichtbaren Begleiter werden. Das ultraweiche, geschmeidige und ungef\u00fctterte Leder passt sich Ihren F\u00fc\u00dfen an und bietet Halt und eine individuelle Passform, die mit der Zeit nur noch besser wird. Tragen Sie sie und genie\u00dfen Sie das Gef\u00fchl, auf Wolken zu gehen: Diese Loafer sind wirklich schwerelos an Ihren F\u00fc\u00dfen. Gehen Sie keine Kompromisse ein, wenn es um Stil und Komfort geht: Diese Slipper aus gewebtem, laminiertem Leder haben alles.<\/p>\n","protected":false},"excerpt":{"rendered":"<p>Diese Slipper aus der neuen Sommerkollektion der italienischen Marke Letizia Ferrari aus farbenfrohem, laminiertem, gewebtem Leder sind unglaublich leicht, sehr bequem und sehr sch\u00f6n. Perfekt f\u00fcr alle l\u00e4ssigen und formellen Anl\u00e4sse, sind diese Slipper die vielseitigste Erg\u00e4nzung f\u00fcr jede Garderobe. Aufwendig laminiertes Leder verleiht diesen zeitlosen Slippern eine einzigartige Note und sorgt daf\u00fcr, dass sie \u00fcber Jahre hinweg zu einem unverzichtbaren Begleiter werden. Das ultraweiche, geschmeidige und ungef\u00fctterte Leder passt sich Ihren F\u00fc\u00dfen an und&#8230;<\/p>\n","protected":false},"featured_media":73400,"comment_status":"open","ping_status":"closed","template":"","meta":[],"etheme_brands":[{"term_id":1451,"name":"Letizia Ferrari","slug":"letizia-ferrari-de","term_group":0,"term_taxonomy_id":1451,"taxonomy":"brand","description":"Letizia Ferrari ist einer unserer vertrauensw\u00fcrdigen Lieferanten, der eine gro\u00dfe Auswahl an bequemen Schuhen von h\u00f6chster Qualit\u00e4t anbietet.\r\n\r\nWir haben eine Leidenschaft f\u00fcr italienische Mode und glauben fest daran, dass Schuhe ein wesentliches Element sind, um jeden Look zu vervollst\u00e4ndigen. Bei Letizia Ferrari k\u00f6nnen Sie sicher sein, Schuhe zu finden, die Stil und Komfort perfekt vereinen.\r\n\r\nDie Loafer Letizia Ferrari sind ein zeitloser Klassiker. Mit handwerklichem Geschick und nur aus den besten Materialien hergestellt, sind diese Mokassins die perfekte Wahl f\u00fcr alle, die einen eleganten und raffinierten Look suchen. Ihr Komfort ist unschlagbar, dank der weichen Sohle und dem ergonomischen Design, das eine optimale Unterst\u00fctzung f\u00fcr Ihre F\u00fc\u00dfe garantiert.\r\n\r\nWenn Sie auf der Suche nach einer vielseitigeren Option sind, sind die Sandalen Letizia Ferrari genau das Richtige f\u00fcr Sie. Sie sind perfekt f\u00fcr den Sommer und lassen sich mit jedem Outfit kombinieren. Bei der gro\u00dfen Auswahl an Farben und Stilen finden Sie sicher ein Paar Sandalen, das zu Ihrem pers\u00f6nlichen Stil passt.\r\n\r\nAn Sommertagen sind die Flip-Flops Letizia Ferrari unverzichtbar. Sie sind aus leichtem, atmungsaktivem Material gefertigt, bieten maximalen Komfort und erm\u00f6glichen es Ihnen, einen frischen und modischen Stil zu tragen. Von Keilsandalen bis hin zu eleganten Flip-Flops bietet Letizia Ferrari eine Vielzahl von Optionen f\u00fcr jede Gelegenheit.\r\n\r\nEntscheiden Sie sich f\u00fcr Letizia Ferrari auf Mondopelle.it und entdecken Sie die Qualit\u00e4t und Eleganz der italienischen Schuhe. Mit einer gro\u00dfen Auswahl an Mokassins, Stiefeln, Sandalen und Hausschuhen bietet Ihnen Letizia Ferrari ein einzigartiges Einkaufserlebnis. Setzen Sie mit den Produkten von Letizia Ferrari ein stilvolles Zeichen und genie\u00dfen Sie den kompromisslosen Komfort, den Ihre F\u00fc\u00dfe verdienen.","parent":0,"count":7,"filter":"raw"}],"product_brand":[],"product_cat":[1089,1014],"product_tag":[],"class_list":{"0":"post-73345","1":"product","2":"type-product","3":"status-publish","4":"has-post-thumbnail","6":"brand-letizia-ferrari-de","7":"product_cat-mokassins","8":"product_cat-schuhe","9":"pa_cvet-azurblau","10":"pa_cvet-braun","11":"pa_cvet-dunkelgrun","12":"pa_cvet-grun","13":"pa_cvet-silber","14":"pa_cvet-viola-de","15":"pa_materialotdelkisnaruzhi-gewebtes-leder","16":"pa_materialotdelkivnutri-ungefuttert","17":"pa_materialpodoshv-leder","18":"pa_razmer-36-de","19":"pa_razmer-37-de","20":"pa_razmer-38-de","21":"pa_razmer-39-de","22":"pa_razmer-40-de","23":"pa_razmer-41-de","24":"pa_sezon-fruhling-sommer","25":"pa_stranaproizvoditelx-italien","27":"first","28":"instock","29":"sale","30":"shipping-taxable","31":"purchasable","32":"product-type-variable"},"yoast_head":"<!-- This site is optimized with the Yoast SEO plugin v27.5 - https:\/\/yoast.com\/product\/yoast-seo-wordpress\/ -->\n<title>Mokassins Letizia Ferrari RPB14 la - Mondopelle<\/title>\n<meta name=\"description\" content=\"Mokassins Letizia Ferrari RPB14 la Online-Verkauf weltweit. \u2713 Kostenloser und schneller Versand, Zahlung bei Lieferung und einfache R\u00fcckgabe. Bestellen Sie bei Mondopelle und erhalten Sie das Beste aus der Mode!\" \/>\n<meta name=\"robots\" content=\"index, follow, max-snippet:-1, max-image-preview:large, max-video-preview:-1\" \/>\n<link rel=\"canonical\" href=\"https:\/\/mondopelle.it\/de\/shop\/schuhe\/mokassins\/mokassins-letizia-ferrari-rpb14lam\/\" \/>\n<meta property=\"og:locale\" content=\"de_DE\" \/>\n<meta property=\"og:type\" content=\"article\" \/>\n<meta property=\"og:title\" content=\"Mokassins Letizia Ferrari RPB14 la - Mondopelle\" \/>\n<meta property=\"og:description\" content=\"Mokassins Letizia Ferrari RPB14 la Online-Verkauf weltweit. \u2713 Kostenloser und schneller Versand, Zahlung bei Lieferung und einfache R\u00fcckgabe. Bestellen Sie bei Mondopelle und erhalten Sie das Beste aus der Mode!\" \/>\n<meta property=\"og:url\" content=\"https:\/\/mondopelle.it\/de\/shop\/schuhe\/mokassins\/mokassins-letizia-ferrari-rpb14lam\/\" \/>\n<meta property=\"og:site_name\" content=\"Mondopelle\" \/>\n<meta property=\"article:publisher\" content=\"https:\/\/www.facebook.com\/mondopelle\/\" \/>\n<meta property=\"article:modified_time\" content=\"2025-04-12T15:56:23+00:00\" \/>\n<meta property=\"og:image\" content=\"https:\/\/mondopelle.it\/wp-content\/uploads\/2025\/01\/Foto-23-01-25-17-32-06-1.jpg\" \/>\n\t<meta property=\"og:image:width\" content=\"1512\" \/>\n\t<meta property=\"og:image:height\" content=\"1512\" \/>\n\t<meta property=\"og:image:type\" content=\"image\/jpeg\" \/>\n<meta name=\"twitter:card\" content=\"summary_large_image\" \/>\n<meta name=\"twitter:label1\" content=\"Gesch\u00e4tzte Lesezeit\" \/>\n\t<meta name=\"twitter:data1\" content=\"1\u00a0Minute\" \/>\n<script type=\"application\/ld+json\" class=\"yoast-schema-graph\">{\"@context\":\"https:\\\/\\\/schema.org\",\"@graph\":[{\"@type\":\"WebPage\",\"@id\":\"https:\\\/\\\/mondopelle.it\\\/de\\\/shop\\\/schuhe\\\/mokassins\\\/mokassins-letizia-ferrari-rpb14lam\\\/\",\"url\":\"https:\\\/\\\/mondopelle.it\\\/de\\\/shop\\\/schuhe\\\/mokassins\\\/mokassins-letizia-ferrari-rpb14lam\\\/\",\"name\":\"Mokassins Letizia Ferrari RPB14 la - Mondopelle\",\"isPartOf\":{\"@id\":\"https:\\\/\\\/mondopelle.it\\\/de\\\/#website\"},\"primaryImageOfPage\":{\"@id\":\"https:\\\/\\\/mondopelle.it\\\/de\\\/shop\\\/schuhe\\\/mokassins\\\/mokassins-letizia-ferrari-rpb14lam\\\/#primaryimage\"},\"image\":{\"@id\":\"https:\\\/\\\/mondopelle.it\\\/de\\\/shop\\\/schuhe\\\/mokassins\\\/mokassins-letizia-ferrari-rpb14lam\\\/#primaryimage\"},\"thumbnailUrl\":\"https:\\\/\\\/mondopelle.it\\\/wp-content\\\/uploads\\\/2025\\\/01\\\/Foto-23-01-25-17-32-06-1.jpg\",\"datePublished\":\"2025-01-23T16:21:18+00:00\",\"dateModified\":\"2025-04-12T15:56:23+00:00\",\"description\":\"Mokassins Letizia Ferrari RPB14 la Online-Verkauf weltweit. \u2713 Kostenloser und schneller Versand, Zahlung bei Lieferung und einfache R\u00fcckgabe. Bestellen Sie bei Mondopelle und erhalten Sie das Beste aus der Mode!\",\"breadcrumb\":{\"@id\":\"https:\\\/\\\/mondopelle.it\\\/de\\\/shop\\\/schuhe\\\/mokassins\\\/mokassins-letizia-ferrari-rpb14lam\\\/#breadcrumb\"},\"inLanguage\":\"de\",\"potentialAction\":[{\"@type\":\"ReadAction\",\"target\":[\"https:\\\/\\\/mondopelle.it\\\/de\\\/shop\\\/schuhe\\\/mokassins\\\/mokassins-letizia-ferrari-rpb14lam\\\/\"]}]},{\"@type\":\"ImageObject\",\"inLanguage\":\"de\",\"@id\":\"https:\\\/\\\/mondopelle.it\\\/de\\\/shop\\\/schuhe\\\/mokassins\\\/mokassins-letizia-ferrari-rpb14lam\\\/#primaryimage\",\"url\":\"https:\\\/\\\/mondopelle.it\\\/wp-content\\\/uploads\\\/2025\\\/01\\\/Foto-23-01-25-17-32-06-1.jpg\",\"contentUrl\":\"https:\\\/\\\/mondopelle.it\\\/wp-content\\\/uploads\\\/2025\\\/01\\\/Foto-23-01-25-17-32-06-1.jpg\",\"width\":1512,\"height\":1512},{\"@type\":\"BreadcrumbList\",\"@id\":\"https:\\\/\\\/mondopelle.it\\\/de\\\/shop\\\/schuhe\\\/mokassins\\\/mokassins-letizia-ferrari-rpb14lam\\\/#breadcrumb\",\"itemListElement\":[{\"@type\":\"ListItem\",\"position\":1,\"name\":\"Start Seite\",\"item\":\"https:\\\/\\\/mondopelle.it\\\/de\\\/home-new\\\/\"},{\"@type\":\"ListItem\",\"position\":2,\"name\":\"Produkte\",\"item\":\"https:\\\/\\\/mondopelle.it\\\/de\\\/shop\\\/\"},{\"@type\":\"ListItem\",\"position\":3,\"name\":\"Mokassins Letizia Ferrari RPB14 la\"}]},{\"@type\":\"WebSite\",\"@id\":\"https:\\\/\\\/mondopelle.it\\\/de\\\/#website\",\"url\":\"https:\\\/\\\/mondopelle.it\\\/de\\\/\",\"name\":\"Mondopelle\",\"description\":\"\",\"publisher\":{\"@id\":\"https:\\\/\\\/mondopelle.it\\\/de\\\/#organization\"},\"potentialAction\":[{\"@type\":\"SearchAction\",\"target\":{\"@type\":\"EntryPoint\",\"urlTemplate\":\"https:\\\/\\\/mondopelle.it\\\/de\\\/?s={search_term_string}\"},\"query-input\":{\"@type\":\"PropertyValueSpecification\",\"valueRequired\":true,\"valueName\":\"search_term_string\"}}],\"inLanguage\":\"de\"},{\"@type\":\"Organization\",\"@id\":\"https:\\\/\\\/mondopelle.it\\\/de\\\/#organization\",\"name\":\"Mondopelle\",\"url\":\"https:\\\/\\\/mondopelle.it\\\/de\\\/\",\"logo\":{\"@type\":\"ImageObject\",\"inLanguage\":\"de\",\"@id\":\"https:\\\/\\\/mondopelle.it\\\/de\\\/#\\\/schema\\\/logo\\\/image\\\/\",\"url\":\"https:\\\/\\\/mondopelle.it\\\/wp-content\\\/uploads\\\/2023\\\/07\\\/logo_mp-283x55-1.png\",\"contentUrl\":\"https:\\\/\\\/mondopelle.it\\\/wp-content\\\/uploads\\\/2023\\\/07\\\/logo_mp-283x55-1.png\",\"width\":283,\"height\":55,\"caption\":\"Mondopelle\"},\"image\":{\"@id\":\"https:\\\/\\\/mondopelle.it\\\/de\\\/#\\\/schema\\\/logo\\\/image\\\/\"},\"sameAs\":[\"https:\\\/\\\/www.facebook.com\\\/mondopelle\\\/\",\"https:\\\/\\\/www.instagram.com\\\/mondopelle\\\/\"]}]}<\/script>\n<!-- \/ Yoast SEO plugin. -->","yoast_head_json":{"title":"Mokassins Letizia Ferrari RPB14 la - Mondopelle","description":"Mokassins Letizia Ferrari RPB14 la Online-Verkauf weltweit. \u2713 Kostenloser und schneller Versand, Zahlung bei Lieferung und einfache R\u00fcckgabe. Bestellen Sie bei Mondopelle und erhalten Sie das Beste aus der Mode!","robots":{"index":"index","follow":"follow","max-snippet":"max-snippet:-1","max-image-preview":"max-image-preview:large","max-video-preview":"max-video-preview:-1"},"canonical":"https:\/\/mondopelle.it\/de\/shop\/schuhe\/mokassins\/mokassins-letizia-ferrari-rpb14lam\/","og_locale":"de_DE","og_type":"article","og_title":"Mokassins Letizia Ferrari RPB14 la - Mondopelle","og_description":"Mokassins Letizia Ferrari RPB14 la Online-Verkauf weltweit. \u2713 Kostenloser und schneller Versand, Zahlung bei Lieferung und einfache R\u00fcckgabe. Bestellen Sie bei Mondopelle und erhalten Sie das Beste aus der Mode!","og_url":"https:\/\/mondopelle.it\/de\/shop\/schuhe\/mokassins\/mokassins-letizia-ferrari-rpb14lam\/","og_site_name":"Mondopelle","article_publisher":"https:\/\/www.facebook.com\/mondopelle\/","article_modified_time":"2025-04-12T15:56:23+00:00","og_image":[{"width":1512,"height":1512,"url":"https:\/\/mondopelle.it\/wp-content\/uploads\/2025\/01\/Foto-23-01-25-17-32-06-1.jpg","type":"image\/jpeg"}],"twitter_card":"summary_large_image","twitter_misc":{"Gesch\u00e4tzte Lesezeit":"1\u00a0Minute"},"schema":{"@context":"https:\/\/schema.org","@graph":[{"@type":"WebPage","@id":"https:\/\/mondopelle.it\/de\/shop\/schuhe\/mokassins\/mokassins-letizia-ferrari-rpb14lam\/","url":"https:\/\/mondopelle.it\/de\/shop\/schuhe\/mokassins\/mokassins-letizia-ferrari-rpb14lam\/","name":"Mokassins Letizia Ferrari RPB14 la - Mondopelle","isPartOf":{"@id":"https:\/\/mondopelle.it\/de\/#website"},"primaryImageOfPage":{"@id":"https:\/\/mondopelle.it\/de\/shop\/schuhe\/mokassins\/mokassins-letizia-ferrari-rpb14lam\/#primaryimage"},"image":{"@id":"https:\/\/mondopelle.it\/de\/shop\/schuhe\/mokassins\/mokassins-letizia-ferrari-rpb14lam\/#primaryimage"},"thumbnailUrl":"https:\/\/mondopelle.it\/wp-content\/uploads\/2025\/01\/Foto-23-01-25-17-32-06-1.jpg","datePublished":"2025-01-23T16:21:18+00:00","dateModified":"2025-04-12T15:56:23+00:00","description":"Mokassins Letizia Ferrari RPB14 la Online-Verkauf weltweit. \u2713 Kostenloser und schneller Versand, Zahlung bei Lieferung und einfache R\u00fcckgabe. Bestellen Sie bei Mondopelle und erhalten Sie das Beste aus der Mode!","breadcrumb":{"@id":"https:\/\/mondopelle.it\/de\/shop\/schuhe\/mokassins\/mokassins-letizia-ferrari-rpb14lam\/#breadcrumb"},"inLanguage":"de","potentialAction":[{"@type":"ReadAction","target":["https:\/\/mondopelle.it\/de\/shop\/schuhe\/mokassins\/mokassins-letizia-ferrari-rpb14lam\/"]}]},{"@type":"ImageObject","inLanguage":"de","@id":"https:\/\/mondopelle.it\/de\/shop\/schuhe\/mokassins\/mokassins-letizia-ferrari-rpb14lam\/#primaryimage","url":"https:\/\/mondopelle.it\/wp-content\/uploads\/2025\/01\/Foto-23-01-25-17-32-06-1.jpg","contentUrl":"https:\/\/mondopelle.it\/wp-content\/uploads\/2025\/01\/Foto-23-01-25-17-32-06-1.jpg","width":1512,"height":1512},{"@type":"BreadcrumbList","@id":"https:\/\/mondopelle.it\/de\/shop\/schuhe\/mokassins\/mokassins-letizia-ferrari-rpb14lam\/#breadcrumb","itemListElement":[{"@type":"ListItem","position":1,"name":"Start Seite","item":"https:\/\/mondopelle.it\/de\/home-new\/"},{"@type":"ListItem","position":2,"name":"Produkte","item":"https:\/\/mondopelle.it\/de\/shop\/"},{"@type":"ListItem","position":3,"name":"Mokassins Letizia Ferrari RPB14 la"}]},{"@type":"WebSite","@id":"https:\/\/mondopelle.it\/de\/#website","url":"https:\/\/mondopelle.it\/de\/","name":"Mondopelle","description":"","publisher":{"@id":"https:\/\/mondopelle.it\/de\/#organization"},"potentialAction":[{"@type":"SearchAction","target":{"@type":"EntryPoint","urlTemplate":"https:\/\/mondopelle.it\/de\/?s={search_term_string}"},"query-input":{"@type":"PropertyValueSpecification","valueRequired":true,"valueName":"search_term_string"}}],"inLanguage":"de"},{"@type":"Organization","@id":"https:\/\/mondopelle.it\/de\/#organization","name":"Mondopelle","url":"https:\/\/mondopelle.it\/de\/","logo":{"@type":"ImageObject","inLanguage":"de","@id":"https:\/\/mondopelle.it\/de\/#\/schema\/logo\/image\/","url":"https:\/\/mondopelle.it\/wp-content\/uploads\/2023\/07\/logo_mp-283x55-1.png","contentUrl":"https:\/\/mondopelle.it\/wp-content\/uploads\/2023\/07\/logo_mp-283x55-1.png","width":283,"height":55,"caption":"Mondopelle"},"image":{"@id":"https:\/\/mondopelle.it\/de\/#\/schema\/logo\/image\/"},"sameAs":["https:\/\/www.facebook.com\/mondopelle\/","https:\/\/www.instagram.com\/mondopelle\/"]}]}},"_links":{"self":[{"href":"https:\/\/mondopelle.it\/de\/wp-json\/wp\/v2\/product\/73345","targetHints":{"allow":["GET"]}}],"collection":[{"href":"https:\/\/mondopelle.it\/de\/wp-json\/wp\/v2\/product"}],"about":[{"href":"https:\/\/mondopelle.it\/de\/wp-json\/wp\/v2\/types\/product"}],"replies":[{"embeddable":true,"href":"https:\/\/mondopelle.it\/de\/wp-json\/wp\/v2\/comments?post=73345"}],"version-history":[{"count":0,"href":"https:\/\/mondopelle.it\/de\/wp-json\/wp\/v2\/product\/73345\/revisions"}],"wp:featuredmedia":[{"embeddable":true,"href":"https:\/\/mondopelle.it\/de\/wp-json\/wp\/v2\/media\/73400"}],"wp:attachment":[{"href":"https:\/\/mondopelle.it\/de\/wp-json\/wp\/v2\/media?parent=73345"}],"wp:term":[{"taxonomy":"brand","embeddable":true,"href":"https:\/\/mondopelle.it\/de\/wp-json\/wp\/v2\/etheme_brands?post=73345"},{"taxonomy":"product_brand","embeddable":true,"href":"https:\/\/mondopelle.it\/de\/wp-json\/wp\/v2\/product_brand?post=73345"},{"taxonomy":"product_cat","embeddable":true,"href":"https:\/\/mondopelle.it\/de\/wp-json\/wp\/v2\/product_cat?post=73345"},{"taxonomy":"product_tag","embeddable":true,"href":"https:\/\/mondopelle.it\/de\/wp-json\/wp\/v2\/product_tag?post=73345"}],"curies":[{"name":"wp","href":"https:\/\/api.w.org\/{rel}","templated":true}]}}