{"id":74470,"date":"2025-01-26T15:18:50","date_gmt":"2025-01-26T13:18:50","guid":{"rendered":"https:\/\/mondopelle.it\/?post_type=product&#038;p=74470"},"modified":"2025-04-09T22:36:24","modified_gmt":"2025-04-09T20:36:24","slug":"turnschuhe-angelica-mesia-03f-jeans","status":"publish","type":"product","link":"https:\/\/mondopelle.it\/de\/shop\/schuhe\/turnschuhe\/turnschuhe-angelica-mesia-03f-jeans\/","title":{"rendered":"Turnschuhe Angelica Mesia 03F jeans"},"content":{"rendered":"<div class=\"font-claude-message pr-4 md:pr-9 relative leading-[1.65rem] [&amp;_pre&lt;encoded_tag_closed \/&gt;div]:bg-bg-300 [&amp;_pre]:-mr-4 md:[&amp;_pre]:-mr-9\">\n<div class=\"grid-col-1 grid gap-2.5 [&amp;_&lt;encoded_tag_closed \/&gt;_*]:min-w-0\">\n<div class=\"font-claude-message pr-4 md:pr-9 relative leading-[1.65rem] [&amp;_pre&lt;encoded_tag_closed \/&gt;div]:bg-bg-300 [&amp;_pre]:-mr-4 md:[&amp;_pre]:-mr-9\">\n<div class=\"grid-col-1 grid gap-2.5 [&amp;_&lt;encoded_tag_closed \/&gt;_*]:min-w-0\">\n<div class=\"font-claude-message pr-4 md:pr-9 relative leading-[1.65rem] [&amp;_pre&lt;encoded_tag_closed \/&gt;div]:bg-bg-300 [&amp;_pre]:-mr-4 md:[&amp;_pre]:-mr-9\">\n<div class=\"grid-col-1 grid gap-2.5 [&amp;_&lt;encoded_tag_closed \/&gt;_*]:min-w-0\">\n<div class=\"font-claude-message pr-4 md:pr-9 relative leading-[1.65rem] [&amp;_pre&lt;encoded_tag_closed \/&gt;div]:bg-bg-300 [&amp;_pre]:-mr-4 md:[&amp;_pre]:-mr-9\">\n<div class=\"grid-col-1 grid gap-2.5 [&amp;_&lt;encoded_tag_closed \/&gt;_*]:min-w-0\">\n<div class=\"font-claude-message pr-4 md:pr-9 relative leading-[1.65rem] [&amp;_pre&lt;encoded_tag_closed \/&gt;div]:bg-bg-300 [&amp;_pre]:-mr-4 md:[&amp;_pre]:-mr-9\">\n<div class=\"grid-col-1 grid gap-2.5 [&amp;_&lt;encoded_tag_closed \/&gt;_*]:min-w-0\">\n<div class=\"font-claude-message pr-4 md:pr-9 relative leading-[1.65rem] [&amp;_pre&lt;encoded_tag_closed \/&gt;div]:bg-bg-300 [&amp;_pre]:-mr-4 md:[&amp;_pre]:-mr-9\">\n<div class=\"grid-col-1 grid gap-2.5 [&amp;_&lt;encoded_tag_closed \/&gt;_*]:min-w-0\">\n<div class=\"font-claude-message pr-4 md:pr-9 relative leading-[1.65rem] [&amp;_pre&lt;encoded_tag_closed \/&gt;div]:bg-bg-300 [&amp;_pre]:-mr-4 md:[&amp;_pre]:-mr-9\">\n<div class=\"grid-col-1 grid gap-2.5 [&amp;_&lt;encoded_tag_closed \/&gt;_*]:min-w-0\">\n<div class=\"font-claude-message pr-4 md:pr-9 relative leading-[1.65rem] [&amp;_pre&lt;encoded_tag_closed \/&gt;div]:bg-bg-300 [&amp;_pre]:-mr-4 md:[&amp;_pre]:-mr-9\">\n<div class=\"grid-col-1 grid gap-2.5 [&amp;_&lt;encoded_tag_closed \/&gt;_*]:min-w-0\">\n<p class=\"whitespace-pre-wrap break-words\">Angelica Turnschuhe aus der neuen Sommerkollektion: eine perfekte Mischung aus Stil und Komfort. Das innovative Design kombiniert weiches denimfarbenes Wildleder mit einer eleganten wei\u00dfen Sohle mit Seildetail, die an klassische Espadrilles erinnert.<\/p>\n<p class=\"whitespace-pre-wrap break-words\">Wei\u00dfe Schn\u00fcrsenkel vervollst\u00e4ndigen dieses vielseitige Modell, ideal f\u00fcr die dynamische Frau, die es liebt, Modetrends und Zweckm\u00e4\u00dfigkeit zu kombinieren. Ein Accessoire, das die Essenz des zeitgen\u00f6ssischen italienischen Lebensstils verk\u00f6rpert.<\/p>\n<\/div>\n<\/div>\n<\/div>\n<\/div>\n<\/div>\n<\/div>\n<\/div>\n<\/div>\n<\/div>\n<\/div>\n<\/div>\n<\/div>\n<\/div>\n<\/div>\n<\/div>\n<\/div>\n","protected":false},"excerpt":{"rendered":"<p>Angelica Turnschuhe aus der neuen Sommerkollektion: eine perfekte Mischung aus Stil und Komfort. Das innovative Design kombiniert weiches denimfarbenes Wildleder mit einer eleganten wei\u00dfen Sohle mit Seildetail, die an klassische Espadrilles erinnert. Wei\u00dfe Schn\u00fcrsenkel vervollst\u00e4ndigen dieses vielseitige Modell, ideal f\u00fcr die dynamische Frau, die es liebt, Modetrends und Zweckm\u00e4\u00dfigkeit zu kombinieren. Ein Accessoire, das die Essenz des zeitgen\u00f6ssischen italienischen Lebensstils verk\u00f6rpert.<\/p>\n","protected":false},"featured_media":74540,"comment_status":"open","ping_status":"closed","template":"","meta":[],"etheme_brands":[{"term_id":1082,"name":"Angelica","slug":"angelika","term_group":0,"term_taxonomy_id":1082,"taxonomy":"brand","description":"Die Marke Angelica ist, auch wenn sie nicht zu den bekanntesten geh\u00f6rt, ein verstecktes Juwel f\u00fcr Fashionistas, die bequeme und erschwingliche Schuhe suchen. Die breite Palette an Damenschuhen, darunter Turnschuhe, Pumps und Pelzstiefel, zeichnet sich durch Komfort und Stil aus und bietet eine trendige Option f\u00fcr jede Gelegenheit.\r\n\r\nAngelica hat es sich zur Aufgabe gemacht, Damenschuhe anzubieten, die ausschlie\u00dflich aus hochwertigen Naturmaterialien hergestellt werden. Jedes Paar Schuhe ist so konzipiert, dass es nicht nur Komfort f\u00fcr die F\u00fc\u00dfe bietet, sondern auch einen modischen Stil, der zu jeder Pers\u00f6nlichkeit passt.\r\n\r\nDie Angelica-Kollektion umfasst eine Vielzahl von Modellen, von vielseitigen Pelzstiefeln bis hin zu eleganten Loafers, die alle zu erschwinglichen Preisen angeboten werden. Dank unseres Engagements f\u00fcr Qualit\u00e4t und Erschwinglichkeit wollen wir Ihnen die M\u00f6glichkeit bieten, trendige Schuhe zu tragen, ohne Ihr Budget zu belasten.\r\n\r\nEntdecken Sie den Komfort und den Stil von Damenschuhen der Marke Angelica, indem Sie unser Outlet - mondopelle.it besuchen. Nutzen Sie die Ausverk\u00e4ufe und Sonderangebote in unserem Outlet, um Qualit\u00e4tsschuhe zu erschwinglichen Preisen zu kaufen. Angelica: f\u00fcr alle, die Komfort suchen, ohne auf Stil zu verzichten.","parent":0,"count":7,"filter":"raw"}],"product_brand":[],"product_cat":[1014,1018],"product_tag":[],"class_list":{"0":"post-74470","1":"product","2":"type-product","3":"status-publish","4":"has-post-thumbnail","6":"brand-angelika","7":"product_cat-schuhe","8":"product_cat-turnschuhe","9":"pa_cvet-azurblau","10":"pa_materialotdelkisnaruzhi-wildleder","11":"pa_materialotdelkivnutri-leder","12":"pa_materialpodoshv-gummi","13":"pa_razmer-36-de","14":"pa_razmer-37-de","15":"pa_razmer-38-de","16":"pa_razmer-39-de","17":"pa_razmer-40-de","18":"pa_razmer-41-de","19":"pa_sezon-fruhling-sommer","20":"pa_stranaproizvoditelx-italien","22":"first","23":"instock","24":"sale","25":"shipping-taxable","26":"purchasable","27":"product-type-variable"},"yoast_head":"<!-- This site is optimized with the Yoast SEO plugin v27.5 - https:\/\/yoast.com\/product\/yoast-seo-wordpress\/ -->\n<title>Turnschuhe Angelica Mesia 03F jeans - Mondopelle<\/title>\n<meta name=\"description\" content=\"Turnschuhe Angelica Mesia 03F jeans Online-Verkauf weltweit. \u2713 Kostenloser und schneller Versand, Zahlung bei Lieferung und einfache R\u00fcckgabe. Bestellen Sie bei Mondopelle und erhalten Sie das Beste aus der Mode!\" \/>\n<meta name=\"robots\" content=\"index, follow, max-snippet:-1, max-image-preview:large, max-video-preview:-1\" \/>\n<link rel=\"canonical\" href=\"https:\/\/mondopelle.it\/de\/shop\/schuhe\/turnschuhe\/turnschuhe-angelica-mesia-03f-jeans\/\" \/>\n<meta property=\"og:locale\" content=\"de_DE\" \/>\n<meta property=\"og:type\" content=\"article\" \/>\n<meta property=\"og:title\" content=\"Turnschuhe Angelica Mesia 03F jeans - Mondopelle\" \/>\n<meta property=\"og:description\" content=\"Turnschuhe Angelica Mesia 03F jeans Online-Verkauf weltweit. \u2713 Kostenloser und schneller Versand, Zahlung bei Lieferung und einfache R\u00fcckgabe. Bestellen Sie bei Mondopelle und erhalten Sie das Beste aus der Mode!\" \/>\n<meta property=\"og:url\" content=\"https:\/\/mondopelle.it\/de\/shop\/schuhe\/turnschuhe\/turnschuhe-angelica-mesia-03f-jeans\/\" \/>\n<meta property=\"og:site_name\" content=\"Mondopelle\" \/>\n<meta property=\"article:publisher\" content=\"https:\/\/www.facebook.com\/mondopelle\/\" \/>\n<meta property=\"article:modified_time\" content=\"2025-04-09T20:36:24+00:00\" \/>\n<meta property=\"og:image\" content=\"https:\/\/mondopelle.it\/wp-content\/uploads\/2025\/01\/Foto-26-01-25-14-22-51.jpg\" \/>\n\t<meta property=\"og:image:width\" content=\"1512\" \/>\n\t<meta property=\"og:image:height\" content=\"1512\" \/>\n\t<meta property=\"og:image:type\" content=\"image\/jpeg\" \/>\n<meta name=\"twitter:card\" content=\"summary_large_image\" \/>\n<meta name=\"twitter:label1\" content=\"Gesch\u00e4tzte Lesezeit\" \/>\n\t<meta name=\"twitter:data1\" content=\"1\u00a0Minute\" \/>\n<script type=\"application\/ld+json\" class=\"yoast-schema-graph\">{\"@context\":\"https:\\\/\\\/schema.org\",\"@graph\":[{\"@type\":\"WebPage\",\"@id\":\"https:\\\/\\\/mondopelle.it\\\/de\\\/shop\\\/schuhe\\\/turnschuhe\\\/turnschuhe-angelica-mesia-03f-jeans\\\/\",\"url\":\"https:\\\/\\\/mondopelle.it\\\/de\\\/shop\\\/schuhe\\\/turnschuhe\\\/turnschuhe-angelica-mesia-03f-jeans\\\/\",\"name\":\"Turnschuhe Angelica Mesia 03F jeans - Mondopelle\",\"isPartOf\":{\"@id\":\"https:\\\/\\\/mondopelle.it\\\/de\\\/#website\"},\"primaryImageOfPage\":{\"@id\":\"https:\\\/\\\/mondopelle.it\\\/de\\\/shop\\\/schuhe\\\/turnschuhe\\\/turnschuhe-angelica-mesia-03f-jeans\\\/#primaryimage\"},\"image\":{\"@id\":\"https:\\\/\\\/mondopelle.it\\\/de\\\/shop\\\/schuhe\\\/turnschuhe\\\/turnschuhe-angelica-mesia-03f-jeans\\\/#primaryimage\"},\"thumbnailUrl\":\"https:\\\/\\\/mondopelle.it\\\/wp-content\\\/uploads\\\/2025\\\/01\\\/Foto-26-01-25-14-22-51.jpg\",\"datePublished\":\"2025-01-26T13:18:50+00:00\",\"dateModified\":\"2025-04-09T20:36:24+00:00\",\"description\":\"Turnschuhe Angelica Mesia 03F jeans Online-Verkauf weltweit. \u2713 Kostenloser und schneller Versand, Zahlung bei Lieferung und einfache R\u00fcckgabe. Bestellen Sie bei Mondopelle und erhalten Sie das Beste aus der Mode!\",\"breadcrumb\":{\"@id\":\"https:\\\/\\\/mondopelle.it\\\/de\\\/shop\\\/schuhe\\\/turnschuhe\\\/turnschuhe-angelica-mesia-03f-jeans\\\/#breadcrumb\"},\"inLanguage\":\"de\",\"potentialAction\":[{\"@type\":\"ReadAction\",\"target\":[\"https:\\\/\\\/mondopelle.it\\\/de\\\/shop\\\/schuhe\\\/turnschuhe\\\/turnschuhe-angelica-mesia-03f-jeans\\\/\"]}]},{\"@type\":\"ImageObject\",\"inLanguage\":\"de\",\"@id\":\"https:\\\/\\\/mondopelle.it\\\/de\\\/shop\\\/schuhe\\\/turnschuhe\\\/turnschuhe-angelica-mesia-03f-jeans\\\/#primaryimage\",\"url\":\"https:\\\/\\\/mondopelle.it\\\/wp-content\\\/uploads\\\/2025\\\/01\\\/Foto-26-01-25-14-22-51.jpg\",\"contentUrl\":\"https:\\\/\\\/mondopelle.it\\\/wp-content\\\/uploads\\\/2025\\\/01\\\/Foto-26-01-25-14-22-51.jpg\",\"width\":1512,\"height\":1512},{\"@type\":\"BreadcrumbList\",\"@id\":\"https:\\\/\\\/mondopelle.it\\\/de\\\/shop\\\/schuhe\\\/turnschuhe\\\/turnschuhe-angelica-mesia-03f-jeans\\\/#breadcrumb\",\"itemListElement\":[{\"@type\":\"ListItem\",\"position\":1,\"name\":\"Start Seite\",\"item\":\"https:\\\/\\\/mondopelle.it\\\/de\\\/home-new\\\/\"},{\"@type\":\"ListItem\",\"position\":2,\"name\":\"Produkte\",\"item\":\"https:\\\/\\\/mondopelle.it\\\/de\\\/shop\\\/\"},{\"@type\":\"ListItem\",\"position\":3,\"name\":\"Turnschuhe Angelica Mesia 03F jeans\"}]},{\"@type\":\"WebSite\",\"@id\":\"https:\\\/\\\/mondopelle.it\\\/de\\\/#website\",\"url\":\"https:\\\/\\\/mondopelle.it\\\/de\\\/\",\"name\":\"Mondopelle\",\"description\":\"\",\"publisher\":{\"@id\":\"https:\\\/\\\/mondopelle.it\\\/de\\\/#organization\"},\"potentialAction\":[{\"@type\":\"SearchAction\",\"target\":{\"@type\":\"EntryPoint\",\"urlTemplate\":\"https:\\\/\\\/mondopelle.it\\\/de\\\/?s={search_term_string}\"},\"query-input\":{\"@type\":\"PropertyValueSpecification\",\"valueRequired\":true,\"valueName\":\"search_term_string\"}}],\"inLanguage\":\"de\"},{\"@type\":\"Organization\",\"@id\":\"https:\\\/\\\/mondopelle.it\\\/de\\\/#organization\",\"name\":\"Mondopelle\",\"url\":\"https:\\\/\\\/mondopelle.it\\\/de\\\/\",\"logo\":{\"@type\":\"ImageObject\",\"inLanguage\":\"de\",\"@id\":\"https:\\\/\\\/mondopelle.it\\\/de\\\/#\\\/schema\\\/logo\\\/image\\\/\",\"url\":\"https:\\\/\\\/mondopelle.it\\\/wp-content\\\/uploads\\\/2023\\\/07\\\/logo_mp-283x55-1.png\",\"contentUrl\":\"https:\\\/\\\/mondopelle.it\\\/wp-content\\\/uploads\\\/2023\\\/07\\\/logo_mp-283x55-1.png\",\"width\":283,\"height\":55,\"caption\":\"Mondopelle\"},\"image\":{\"@id\":\"https:\\\/\\\/mondopelle.it\\\/de\\\/#\\\/schema\\\/logo\\\/image\\\/\"},\"sameAs\":[\"https:\\\/\\\/www.facebook.com\\\/mondopelle\\\/\",\"https:\\\/\\\/www.instagram.com\\\/mondopelle\\\/\"]}]}<\/script>\n<!-- \/ Yoast SEO plugin. -->","yoast_head_json":{"title":"Turnschuhe Angelica Mesia 03F jeans - Mondopelle","description":"Turnschuhe Angelica Mesia 03F jeans Online-Verkauf weltweit. \u2713 Kostenloser und schneller Versand, Zahlung bei Lieferung und einfache R\u00fcckgabe. Bestellen Sie bei Mondopelle und erhalten Sie das Beste aus der Mode!","robots":{"index":"index","follow":"follow","max-snippet":"max-snippet:-1","max-image-preview":"max-image-preview:large","max-video-preview":"max-video-preview:-1"},"canonical":"https:\/\/mondopelle.it\/de\/shop\/schuhe\/turnschuhe\/turnschuhe-angelica-mesia-03f-jeans\/","og_locale":"de_DE","og_type":"article","og_title":"Turnschuhe Angelica Mesia 03F jeans - Mondopelle","og_description":"Turnschuhe Angelica Mesia 03F jeans Online-Verkauf weltweit. \u2713 Kostenloser und schneller Versand, Zahlung bei Lieferung und einfache R\u00fcckgabe. Bestellen Sie bei Mondopelle und erhalten Sie das Beste aus der Mode!","og_url":"https:\/\/mondopelle.it\/de\/shop\/schuhe\/turnschuhe\/turnschuhe-angelica-mesia-03f-jeans\/","og_site_name":"Mondopelle","article_publisher":"https:\/\/www.facebook.com\/mondopelle\/","article_modified_time":"2025-04-09T20:36:24+00:00","og_image":[{"width":1512,"height":1512,"url":"https:\/\/mondopelle.it\/wp-content\/uploads\/2025\/01\/Foto-26-01-25-14-22-51.jpg","type":"image\/jpeg"}],"twitter_card":"summary_large_image","twitter_misc":{"Gesch\u00e4tzte Lesezeit":"1\u00a0Minute"},"schema":{"@context":"https:\/\/schema.org","@graph":[{"@type":"WebPage","@id":"https:\/\/mondopelle.it\/de\/shop\/schuhe\/turnschuhe\/turnschuhe-angelica-mesia-03f-jeans\/","url":"https:\/\/mondopelle.it\/de\/shop\/schuhe\/turnschuhe\/turnschuhe-angelica-mesia-03f-jeans\/","name":"Turnschuhe Angelica Mesia 03F jeans - Mondopelle","isPartOf":{"@id":"https:\/\/mondopelle.it\/de\/#website"},"primaryImageOfPage":{"@id":"https:\/\/mondopelle.it\/de\/shop\/schuhe\/turnschuhe\/turnschuhe-angelica-mesia-03f-jeans\/#primaryimage"},"image":{"@id":"https:\/\/mondopelle.it\/de\/shop\/schuhe\/turnschuhe\/turnschuhe-angelica-mesia-03f-jeans\/#primaryimage"},"thumbnailUrl":"https:\/\/mondopelle.it\/wp-content\/uploads\/2025\/01\/Foto-26-01-25-14-22-51.jpg","datePublished":"2025-01-26T13:18:50+00:00","dateModified":"2025-04-09T20:36:24+00:00","description":"Turnschuhe Angelica Mesia 03F jeans Online-Verkauf weltweit. \u2713 Kostenloser und schneller Versand, Zahlung bei Lieferung und einfache R\u00fcckgabe. Bestellen Sie bei Mondopelle und erhalten Sie das Beste aus der Mode!","breadcrumb":{"@id":"https:\/\/mondopelle.it\/de\/shop\/schuhe\/turnschuhe\/turnschuhe-angelica-mesia-03f-jeans\/#breadcrumb"},"inLanguage":"de","potentialAction":[{"@type":"ReadAction","target":["https:\/\/mondopelle.it\/de\/shop\/schuhe\/turnschuhe\/turnschuhe-angelica-mesia-03f-jeans\/"]}]},{"@type":"ImageObject","inLanguage":"de","@id":"https:\/\/mondopelle.it\/de\/shop\/schuhe\/turnschuhe\/turnschuhe-angelica-mesia-03f-jeans\/#primaryimage","url":"https:\/\/mondopelle.it\/wp-content\/uploads\/2025\/01\/Foto-26-01-25-14-22-51.jpg","contentUrl":"https:\/\/mondopelle.it\/wp-content\/uploads\/2025\/01\/Foto-26-01-25-14-22-51.jpg","width":1512,"height":1512},{"@type":"BreadcrumbList","@id":"https:\/\/mondopelle.it\/de\/shop\/schuhe\/turnschuhe\/turnschuhe-angelica-mesia-03f-jeans\/#breadcrumb","itemListElement":[{"@type":"ListItem","position":1,"name":"Start Seite","item":"https:\/\/mondopelle.it\/de\/home-new\/"},{"@type":"ListItem","position":2,"name":"Produkte","item":"https:\/\/mondopelle.it\/de\/shop\/"},{"@type":"ListItem","position":3,"name":"Turnschuhe Angelica Mesia 03F jeans"}]},{"@type":"WebSite","@id":"https:\/\/mondopelle.it\/de\/#website","url":"https:\/\/mondopelle.it\/de\/","name":"Mondopelle","description":"","publisher":{"@id":"https:\/\/mondopelle.it\/de\/#organization"},"potentialAction":[{"@type":"SearchAction","target":{"@type":"EntryPoint","urlTemplate":"https:\/\/mondopelle.it\/de\/?s={search_term_string}"},"query-input":{"@type":"PropertyValueSpecification","valueRequired":true,"valueName":"search_term_string"}}],"inLanguage":"de"},{"@type":"Organization","@id":"https:\/\/mondopelle.it\/de\/#organization","name":"Mondopelle","url":"https:\/\/mondopelle.it\/de\/","logo":{"@type":"ImageObject","inLanguage":"de","@id":"https:\/\/mondopelle.it\/de\/#\/schema\/logo\/image\/","url":"https:\/\/mondopelle.it\/wp-content\/uploads\/2023\/07\/logo_mp-283x55-1.png","contentUrl":"https:\/\/mondopelle.it\/wp-content\/uploads\/2023\/07\/logo_mp-283x55-1.png","width":283,"height":55,"caption":"Mondopelle"},"image":{"@id":"https:\/\/mondopelle.it\/de\/#\/schema\/logo\/image\/"},"sameAs":["https:\/\/www.facebook.com\/mondopelle\/","https:\/\/www.instagram.com\/mondopelle\/"]}]}},"_links":{"self":[{"href":"https:\/\/mondopelle.it\/de\/wp-json\/wp\/v2\/product\/74470","targetHints":{"allow":["GET"]}}],"collection":[{"href":"https:\/\/mondopelle.it\/de\/wp-json\/wp\/v2\/product"}],"about":[{"href":"https:\/\/mondopelle.it\/de\/wp-json\/wp\/v2\/types\/product"}],"replies":[{"embeddable":true,"href":"https:\/\/mondopelle.it\/de\/wp-json\/wp\/v2\/comments?post=74470"}],"version-history":[{"count":0,"href":"https:\/\/mondopelle.it\/de\/wp-json\/wp\/v2\/product\/74470\/revisions"}],"wp:featuredmedia":[{"embeddable":true,"href":"https:\/\/mondopelle.it\/de\/wp-json\/wp\/v2\/media\/74540"}],"wp:attachment":[{"href":"https:\/\/mondopelle.it\/de\/wp-json\/wp\/v2\/media?parent=74470"}],"wp:term":[{"taxonomy":"brand","embeddable":true,"href":"https:\/\/mondopelle.it\/de\/wp-json\/wp\/v2\/etheme_brands?post=74470"},{"taxonomy":"product_brand","embeddable":true,"href":"https:\/\/mondopelle.it\/de\/wp-json\/wp\/v2\/product_brand?post=74470"},{"taxonomy":"product_cat","embeddable":true,"href":"https:\/\/mondopelle.it\/de\/wp-json\/wp\/v2\/product_cat?post=74470"},{"taxonomy":"product_tag","embeddable":true,"href":"https:\/\/mondopelle.it\/de\/wp-json\/wp\/v2\/product_tag?post=74470"}],"curies":[{"name":"wp","href":"https:\/\/api.w.org\/{rel}","templated":true}]}}