{"id":75775,"date":"2025-02-09T18:48:38","date_gmt":"2025-02-09T16:48:38","guid":{"rendered":"https:\/\/mondopelle.it\/?post_type=product&#038;p=75775"},"modified":"2025-04-12T17:23:45","modified_gmt":"2025-04-12T15:23:45","slug":"flip-flops-letizia-ferrari-lns02-intrec","status":"publish","type":"product","link":"https:\/\/mondopelle.it\/de\/shop\/schuhe\/sandalen\/flip-flops-letizia-ferrari-lns02-intrec\/","title":{"rendered":"Flip-flops Letizia Ferrari Lns02 intrec"},"content":{"rendered":"<p class=\"whitespace-pre-wrap break-words\">Letizia Ferrari Sabot aus der neuen Kollektion: eine minimalistische Interpretation von zeitgen\u00f6ssischem Luxus. Das schlichte und essentielle Design in einer gewebten Version ist von den raffiniertesten Trends von Jil Sander und JW Anderson inspiriert und schafft ein zeitlos sch\u00f6nes Accessoire.<\/p>\n<p class=\"whitespace-pre-wrap break-words\">Diese Sabots aus superweichem blauem Leder und Wildleder verbinden ergonomischen Komfort mit minimalistischem Stil. Das anatomische Fu\u00dfbett mit Fu\u00dfgew\u00f6lbest\u00fctze garantiert au\u00dfergew\u00f6hnlichen Komfort, w\u00e4hrend die klaren, modernen Linien ein avantgardistisches Design definieren.<\/p>\n<p class=\"whitespace-pre-wrap break-words\">Die essentielle Silhouette und die hochwertige italienische Handwerkskunst schaffen ein vielseitiges Accessoire mit unaufdringlicher Eleganz, perfekt f\u00fcr die Frau, die diskreten Luxus und zeitgen\u00f6ssisches Design zu sch\u00e4tzen wei\u00df.<\/p>\n","protected":false},"excerpt":{"rendered":"<p>Letizia Ferrari Sabot aus der neuen Kollektion: eine minimalistische Interpretation von zeitgen\u00f6ssischem Luxus. Das schlichte und essentielle Design in einer gewebten Version ist von den raffiniertesten Trends von Jil Sander und JW Anderson inspiriert und schafft ein zeitlos sch\u00f6nes Accessoire. Diese Sabots aus superweichem blauem Leder und Wildleder verbinden ergonomischen Komfort mit minimalistischem Stil. Das anatomische Fu\u00dfbett mit Fu\u00dfgew\u00f6lbest\u00fctze garantiert au\u00dfergew\u00f6hnlichen Komfort, w\u00e4hrend die klaren, modernen Linien ein avantgardistisches Design definieren. Die essentielle Silhouette und&#8230;<\/p>\n","protected":false},"featured_media":75817,"comment_status":"open","ping_status":"closed","template":"","meta":[],"etheme_brands":[{"term_id":1451,"name":"Letizia Ferrari","slug":"letizia-ferrari-de","term_group":0,"term_taxonomy_id":1451,"taxonomy":"brand","description":"Letizia Ferrari ist einer unserer vertrauensw\u00fcrdigen Lieferanten, der eine gro\u00dfe Auswahl an bequemen Schuhen von h\u00f6chster Qualit\u00e4t anbietet.\r\n\r\nWir haben eine Leidenschaft f\u00fcr italienische Mode und glauben fest daran, dass Schuhe ein wesentliches Element sind, um jeden Look zu vervollst\u00e4ndigen. Bei Letizia Ferrari k\u00f6nnen Sie sicher sein, Schuhe zu finden, die Stil und Komfort perfekt vereinen.\r\n\r\nDie Loafer Letizia Ferrari sind ein zeitloser Klassiker. Mit handwerklichem Geschick und nur aus den besten Materialien hergestellt, sind diese Mokassins die perfekte Wahl f\u00fcr alle, die einen eleganten und raffinierten Look suchen. Ihr Komfort ist unschlagbar, dank der weichen Sohle und dem ergonomischen Design, das eine optimale Unterst\u00fctzung f\u00fcr Ihre F\u00fc\u00dfe garantiert.\r\n\r\nWenn Sie auf der Suche nach einer vielseitigeren Option sind, sind die Sandalen Letizia Ferrari genau das Richtige f\u00fcr Sie. Sie sind perfekt f\u00fcr den Sommer und lassen sich mit jedem Outfit kombinieren. Bei der gro\u00dfen Auswahl an Farben und Stilen finden Sie sicher ein Paar Sandalen, das zu Ihrem pers\u00f6nlichen Stil passt.\r\n\r\nAn Sommertagen sind die Flip-Flops Letizia Ferrari unverzichtbar. Sie sind aus leichtem, atmungsaktivem Material gefertigt, bieten maximalen Komfort und erm\u00f6glichen es Ihnen, einen frischen und modischen Stil zu tragen. Von Keilsandalen bis hin zu eleganten Flip-Flops bietet Letizia Ferrari eine Vielzahl von Optionen f\u00fcr jede Gelegenheit.\r\n\r\nEntscheiden Sie sich f\u00fcr Letizia Ferrari auf Mondopelle.it und entdecken Sie die Qualit\u00e4t und Eleganz der italienischen Schuhe. Mit einer gro\u00dfen Auswahl an Mokassins, Stiefeln, Sandalen und Hausschuhen bietet Ihnen Letizia Ferrari ein einzigartiges Einkaufserlebnis. Setzen Sie mit den Produkten von Letizia Ferrari ein stilvolles Zeichen und genie\u00dfen Sie den kompromisslosen Komfort, den Ihre F\u00fc\u00dfe verdienen.","parent":0,"count":7,"filter":"raw"}],"product_brand":[],"product_cat":[1209,1014],"product_tag":[],"class_list":{"0":"post-75775","1":"product","2":"type-product","3":"status-publish","4":"has-post-thumbnail","6":"brand-letizia-ferrari-de","7":"product_cat-sandalen","8":"product_cat-schuhe","9":"pa_cvet-azurblau","10":"pa_materialotdelkisnaruzhi-gewebtes-leder","11":"pa_materialotdelkivnutri-ungefuttert","12":"pa_materialpodoshv-gummi","13":"pa_razmer-36-de","14":"pa_razmer-37-de","15":"pa_razmer-38-de","16":"pa_razmer-39-de","17":"pa_sezon-fruhling-sommer","18":"pa_stranaproizvoditelx-italien","20":"first","21":"instock","22":"sale","23":"shipping-taxable","24":"purchasable","25":"product-type-variable","26":"has-default-attributes"},"yoast_head":"<!-- This site is optimized with the Yoast SEO plugin v27.5 - https:\/\/yoast.com\/product\/yoast-seo-wordpress\/ -->\n<title>Flip-flops Letizia Ferrari Lns02 intrec - Mondopelle<\/title>\n<meta name=\"description\" content=\"Flip-flops Letizia Ferrari Lns02 intrec Online-Verkauf weltweit. \u2713 Kostenloser und schneller Versand, Zahlung bei Lieferung und einfache R\u00fcckgabe. Bestellen Sie bei Mondopelle und erhalten Sie das Beste aus der Mode!\" \/>\n<meta name=\"robots\" content=\"index, follow, max-snippet:-1, max-image-preview:large, max-video-preview:-1\" \/>\n<link rel=\"canonical\" href=\"https:\/\/mondopelle.it\/de\/shop\/schuhe\/sandalen\/flip-flops-letizia-ferrari-lns02-intrec\/\" \/>\n<meta property=\"og:locale\" content=\"de_DE\" \/>\n<meta property=\"og:type\" content=\"article\" \/>\n<meta property=\"og:title\" content=\"Flip-flops Letizia Ferrari Lns02 intrec - Mondopelle\" \/>\n<meta property=\"og:description\" content=\"Flip-flops Letizia Ferrari Lns02 intrec Online-Verkauf weltweit. \u2713 Kostenloser und schneller Versand, Zahlung bei Lieferung und einfache R\u00fcckgabe. Bestellen Sie bei Mondopelle und erhalten Sie das Beste aus der Mode!\" \/>\n<meta property=\"og:url\" content=\"https:\/\/mondopelle.it\/de\/shop\/schuhe\/sandalen\/flip-flops-letizia-ferrari-lns02-intrec\/\" \/>\n<meta property=\"og:site_name\" content=\"Mondopelle\" \/>\n<meta property=\"article:publisher\" content=\"https:\/\/www.facebook.com\/mondopelle\/\" \/>\n<meta property=\"article:modified_time\" content=\"2025-04-12T15:23:45+00:00\" \/>\n<meta property=\"og:image\" content=\"https:\/\/mondopelle.it\/wp-content\/uploads\/2025\/02\/Foto-09-02-25-17-54-05.jpg\" \/>\n\t<meta property=\"og:image:width\" content=\"1512\" \/>\n\t<meta property=\"og:image:height\" content=\"1512\" \/>\n\t<meta property=\"og:image:type\" content=\"image\/jpeg\" \/>\n<meta name=\"twitter:card\" content=\"summary_large_image\" \/>\n<meta name=\"twitter:label1\" content=\"Gesch\u00e4tzte Lesezeit\" \/>\n\t<meta name=\"twitter:data1\" content=\"1\u00a0Minute\" \/>\n<script type=\"application\/ld+json\" class=\"yoast-schema-graph\">{\"@context\":\"https:\\\/\\\/schema.org\",\"@graph\":[{\"@type\":\"WebPage\",\"@id\":\"https:\\\/\\\/mondopelle.it\\\/de\\\/shop\\\/schuhe\\\/sandalen\\\/flip-flops-letizia-ferrari-lns02-intrec\\\/\",\"url\":\"https:\\\/\\\/mondopelle.it\\\/de\\\/shop\\\/schuhe\\\/sandalen\\\/flip-flops-letizia-ferrari-lns02-intrec\\\/\",\"name\":\"Flip-flops Letizia Ferrari Lns02 intrec - Mondopelle\",\"isPartOf\":{\"@id\":\"https:\\\/\\\/mondopelle.it\\\/de\\\/#website\"},\"primaryImageOfPage\":{\"@id\":\"https:\\\/\\\/mondopelle.it\\\/de\\\/shop\\\/schuhe\\\/sandalen\\\/flip-flops-letizia-ferrari-lns02-intrec\\\/#primaryimage\"},\"image\":{\"@id\":\"https:\\\/\\\/mondopelle.it\\\/de\\\/shop\\\/schuhe\\\/sandalen\\\/flip-flops-letizia-ferrari-lns02-intrec\\\/#primaryimage\"},\"thumbnailUrl\":\"https:\\\/\\\/mondopelle.it\\\/wp-content\\\/uploads\\\/2025\\\/02\\\/Foto-09-02-25-17-54-05.jpg\",\"datePublished\":\"2025-02-09T16:48:38+00:00\",\"dateModified\":\"2025-04-12T15:23:45+00:00\",\"description\":\"Flip-flops Letizia Ferrari Lns02 intrec Online-Verkauf weltweit. \u2713 Kostenloser und schneller Versand, Zahlung bei Lieferung und einfache R\u00fcckgabe. Bestellen Sie bei Mondopelle und erhalten Sie das Beste aus der Mode!\",\"breadcrumb\":{\"@id\":\"https:\\\/\\\/mondopelle.it\\\/de\\\/shop\\\/schuhe\\\/sandalen\\\/flip-flops-letizia-ferrari-lns02-intrec\\\/#breadcrumb\"},\"inLanguage\":\"de\",\"potentialAction\":[{\"@type\":\"ReadAction\",\"target\":[\"https:\\\/\\\/mondopelle.it\\\/de\\\/shop\\\/schuhe\\\/sandalen\\\/flip-flops-letizia-ferrari-lns02-intrec\\\/\"]}]},{\"@type\":\"ImageObject\",\"inLanguage\":\"de\",\"@id\":\"https:\\\/\\\/mondopelle.it\\\/de\\\/shop\\\/schuhe\\\/sandalen\\\/flip-flops-letizia-ferrari-lns02-intrec\\\/#primaryimage\",\"url\":\"https:\\\/\\\/mondopelle.it\\\/wp-content\\\/uploads\\\/2025\\\/02\\\/Foto-09-02-25-17-54-05.jpg\",\"contentUrl\":\"https:\\\/\\\/mondopelle.it\\\/wp-content\\\/uploads\\\/2025\\\/02\\\/Foto-09-02-25-17-54-05.jpg\",\"width\":1512,\"height\":1512},{\"@type\":\"BreadcrumbList\",\"@id\":\"https:\\\/\\\/mondopelle.it\\\/de\\\/shop\\\/schuhe\\\/sandalen\\\/flip-flops-letizia-ferrari-lns02-intrec\\\/#breadcrumb\",\"itemListElement\":[{\"@type\":\"ListItem\",\"position\":1,\"name\":\"Start Seite\",\"item\":\"https:\\\/\\\/mondopelle.it\\\/de\\\/home-new\\\/\"},{\"@type\":\"ListItem\",\"position\":2,\"name\":\"Produkte\",\"item\":\"https:\\\/\\\/mondopelle.it\\\/de\\\/shop\\\/\"},{\"@type\":\"ListItem\",\"position\":3,\"name\":\"Flip-flops Letizia Ferrari Lns02 intrec\"}]},{\"@type\":\"WebSite\",\"@id\":\"https:\\\/\\\/mondopelle.it\\\/de\\\/#website\",\"url\":\"https:\\\/\\\/mondopelle.it\\\/de\\\/\",\"name\":\"Mondopelle\",\"description\":\"\",\"publisher\":{\"@id\":\"https:\\\/\\\/mondopelle.it\\\/de\\\/#organization\"},\"potentialAction\":[{\"@type\":\"SearchAction\",\"target\":{\"@type\":\"EntryPoint\",\"urlTemplate\":\"https:\\\/\\\/mondopelle.it\\\/de\\\/?s={search_term_string}\"},\"query-input\":{\"@type\":\"PropertyValueSpecification\",\"valueRequired\":true,\"valueName\":\"search_term_string\"}}],\"inLanguage\":\"de\"},{\"@type\":\"Organization\",\"@id\":\"https:\\\/\\\/mondopelle.it\\\/de\\\/#organization\",\"name\":\"Mondopelle\",\"url\":\"https:\\\/\\\/mondopelle.it\\\/de\\\/\",\"logo\":{\"@type\":\"ImageObject\",\"inLanguage\":\"de\",\"@id\":\"https:\\\/\\\/mondopelle.it\\\/de\\\/#\\\/schema\\\/logo\\\/image\\\/\",\"url\":\"https:\\\/\\\/mondopelle.it\\\/wp-content\\\/uploads\\\/2023\\\/07\\\/logo_mp-283x55-1.png\",\"contentUrl\":\"https:\\\/\\\/mondopelle.it\\\/wp-content\\\/uploads\\\/2023\\\/07\\\/logo_mp-283x55-1.png\",\"width\":283,\"height\":55,\"caption\":\"Mondopelle\"},\"image\":{\"@id\":\"https:\\\/\\\/mondopelle.it\\\/de\\\/#\\\/schema\\\/logo\\\/image\\\/\"},\"sameAs\":[\"https:\\\/\\\/www.facebook.com\\\/mondopelle\\\/\",\"https:\\\/\\\/www.instagram.com\\\/mondopelle\\\/\"]}]}<\/script>\n<!-- \/ Yoast SEO plugin. -->","yoast_head_json":{"title":"Flip-flops Letizia Ferrari Lns02 intrec - Mondopelle","description":"Flip-flops Letizia Ferrari Lns02 intrec Online-Verkauf weltweit. \u2713 Kostenloser und schneller Versand, Zahlung bei Lieferung und einfache R\u00fcckgabe. Bestellen Sie bei Mondopelle und erhalten Sie das Beste aus der Mode!","robots":{"index":"index","follow":"follow","max-snippet":"max-snippet:-1","max-image-preview":"max-image-preview:large","max-video-preview":"max-video-preview:-1"},"canonical":"https:\/\/mondopelle.it\/de\/shop\/schuhe\/sandalen\/flip-flops-letizia-ferrari-lns02-intrec\/","og_locale":"de_DE","og_type":"article","og_title":"Flip-flops Letizia Ferrari Lns02 intrec - Mondopelle","og_description":"Flip-flops Letizia Ferrari Lns02 intrec Online-Verkauf weltweit. \u2713 Kostenloser und schneller Versand, Zahlung bei Lieferung und einfache R\u00fcckgabe. Bestellen Sie bei Mondopelle und erhalten Sie das Beste aus der Mode!","og_url":"https:\/\/mondopelle.it\/de\/shop\/schuhe\/sandalen\/flip-flops-letizia-ferrari-lns02-intrec\/","og_site_name":"Mondopelle","article_publisher":"https:\/\/www.facebook.com\/mondopelle\/","article_modified_time":"2025-04-12T15:23:45+00:00","og_image":[{"width":1512,"height":1512,"url":"https:\/\/mondopelle.it\/wp-content\/uploads\/2025\/02\/Foto-09-02-25-17-54-05.jpg","type":"image\/jpeg"}],"twitter_card":"summary_large_image","twitter_misc":{"Gesch\u00e4tzte Lesezeit":"1\u00a0Minute"},"schema":{"@context":"https:\/\/schema.org","@graph":[{"@type":"WebPage","@id":"https:\/\/mondopelle.it\/de\/shop\/schuhe\/sandalen\/flip-flops-letizia-ferrari-lns02-intrec\/","url":"https:\/\/mondopelle.it\/de\/shop\/schuhe\/sandalen\/flip-flops-letizia-ferrari-lns02-intrec\/","name":"Flip-flops Letizia Ferrari Lns02 intrec - Mondopelle","isPartOf":{"@id":"https:\/\/mondopelle.it\/de\/#website"},"primaryImageOfPage":{"@id":"https:\/\/mondopelle.it\/de\/shop\/schuhe\/sandalen\/flip-flops-letizia-ferrari-lns02-intrec\/#primaryimage"},"image":{"@id":"https:\/\/mondopelle.it\/de\/shop\/schuhe\/sandalen\/flip-flops-letizia-ferrari-lns02-intrec\/#primaryimage"},"thumbnailUrl":"https:\/\/mondopelle.it\/wp-content\/uploads\/2025\/02\/Foto-09-02-25-17-54-05.jpg","datePublished":"2025-02-09T16:48:38+00:00","dateModified":"2025-04-12T15:23:45+00:00","description":"Flip-flops Letizia Ferrari Lns02 intrec Online-Verkauf weltweit. \u2713 Kostenloser und schneller Versand, Zahlung bei Lieferung und einfache R\u00fcckgabe. Bestellen Sie bei Mondopelle und erhalten Sie das Beste aus der Mode!","breadcrumb":{"@id":"https:\/\/mondopelle.it\/de\/shop\/schuhe\/sandalen\/flip-flops-letizia-ferrari-lns02-intrec\/#breadcrumb"},"inLanguage":"de","potentialAction":[{"@type":"ReadAction","target":["https:\/\/mondopelle.it\/de\/shop\/schuhe\/sandalen\/flip-flops-letizia-ferrari-lns02-intrec\/"]}]},{"@type":"ImageObject","inLanguage":"de","@id":"https:\/\/mondopelle.it\/de\/shop\/schuhe\/sandalen\/flip-flops-letizia-ferrari-lns02-intrec\/#primaryimage","url":"https:\/\/mondopelle.it\/wp-content\/uploads\/2025\/02\/Foto-09-02-25-17-54-05.jpg","contentUrl":"https:\/\/mondopelle.it\/wp-content\/uploads\/2025\/02\/Foto-09-02-25-17-54-05.jpg","width":1512,"height":1512},{"@type":"BreadcrumbList","@id":"https:\/\/mondopelle.it\/de\/shop\/schuhe\/sandalen\/flip-flops-letizia-ferrari-lns02-intrec\/#breadcrumb","itemListElement":[{"@type":"ListItem","position":1,"name":"Start Seite","item":"https:\/\/mondopelle.it\/de\/home-new\/"},{"@type":"ListItem","position":2,"name":"Produkte","item":"https:\/\/mondopelle.it\/de\/shop\/"},{"@type":"ListItem","position":3,"name":"Flip-flops Letizia Ferrari Lns02 intrec"}]},{"@type":"WebSite","@id":"https:\/\/mondopelle.it\/de\/#website","url":"https:\/\/mondopelle.it\/de\/","name":"Mondopelle","description":"","publisher":{"@id":"https:\/\/mondopelle.it\/de\/#organization"},"potentialAction":[{"@type":"SearchAction","target":{"@type":"EntryPoint","urlTemplate":"https:\/\/mondopelle.it\/de\/?s={search_term_string}"},"query-input":{"@type":"PropertyValueSpecification","valueRequired":true,"valueName":"search_term_string"}}],"inLanguage":"de"},{"@type":"Organization","@id":"https:\/\/mondopelle.it\/de\/#organization","name":"Mondopelle","url":"https:\/\/mondopelle.it\/de\/","logo":{"@type":"ImageObject","inLanguage":"de","@id":"https:\/\/mondopelle.it\/de\/#\/schema\/logo\/image\/","url":"https:\/\/mondopelle.it\/wp-content\/uploads\/2023\/07\/logo_mp-283x55-1.png","contentUrl":"https:\/\/mondopelle.it\/wp-content\/uploads\/2023\/07\/logo_mp-283x55-1.png","width":283,"height":55,"caption":"Mondopelle"},"image":{"@id":"https:\/\/mondopelle.it\/de\/#\/schema\/logo\/image\/"},"sameAs":["https:\/\/www.facebook.com\/mondopelle\/","https:\/\/www.instagram.com\/mondopelle\/"]}]}},"_links":{"self":[{"href":"https:\/\/mondopelle.it\/de\/wp-json\/wp\/v2\/product\/75775","targetHints":{"allow":["GET"]}}],"collection":[{"href":"https:\/\/mondopelle.it\/de\/wp-json\/wp\/v2\/product"}],"about":[{"href":"https:\/\/mondopelle.it\/de\/wp-json\/wp\/v2\/types\/product"}],"replies":[{"embeddable":true,"href":"https:\/\/mondopelle.it\/de\/wp-json\/wp\/v2\/comments?post=75775"}],"version-history":[{"count":0,"href":"https:\/\/mondopelle.it\/de\/wp-json\/wp\/v2\/product\/75775\/revisions"}],"wp:featuredmedia":[{"embeddable":true,"href":"https:\/\/mondopelle.it\/de\/wp-json\/wp\/v2\/media\/75817"}],"wp:attachment":[{"href":"https:\/\/mondopelle.it\/de\/wp-json\/wp\/v2\/media?parent=75775"}],"wp:term":[{"taxonomy":"brand","embeddable":true,"href":"https:\/\/mondopelle.it\/de\/wp-json\/wp\/v2\/etheme_brands?post=75775"},{"taxonomy":"product_brand","embeddable":true,"href":"https:\/\/mondopelle.it\/de\/wp-json\/wp\/v2\/product_brand?post=75775"},{"taxonomy":"product_cat","embeddable":true,"href":"https:\/\/mondopelle.it\/de\/wp-json\/wp\/v2\/product_cat?post=75775"},{"taxonomy":"product_tag","embeddable":true,"href":"https:\/\/mondopelle.it\/de\/wp-json\/wp\/v2\/product_tag?post=75775"}],"curies":[{"name":"wp","href":"https:\/\/api.w.org\/{rel}","templated":true}]}}