{"id":77778,"date":"2025-03-29T21:58:53","date_gmt":"2025-03-29T19:58:53","guid":{"rendered":"https:\/\/mondopelle.it\/?post_type=product&#038;p=77778"},"modified":"2025-04-12T17:23:43","modified_gmt":"2025-04-12T15:23:43","slug":"ballerinas-evaluna-225","status":"publish","type":"product","link":"https:\/\/mondopelle.it\/de\/shop\/schuhe\/ballerinas\/ballerinas-evaluna-225\/","title":{"rendered":"Ballerinas Evaluna 225"},"content":{"rendered":"<p class=\"\" data-end=\"364\" data-start=\"108\"><strong data-end=\"180\" data-start=\"108\">Evaluna Slingback-Ballerinas: Kristalle auf der Spitze und Poesie in den Farben.<\/strong><br data-end=\"183\" data-start=\"180\" \/>Aus der neuen Evaluna-Kollektion, ein Modell, das auf den ersten Blick verzaubert: Slingback-Ballerinas ohne Absatz, beleuchtet durch einen Schauer von Mikrokristallen, die bei jedem Schritt funkeln.<\/p>\n<p class=\"\" data-end=\"666\" data-start=\"366\">Die zarten Flieder- und Hellblaut\u00f6ne verschmelzen wie ein Aquarell in der Morgend\u00e4mmerung und erzeugen einen \u00e4therischen und doch entschiedenen Effekt, perfekt f\u00fcr alle, die sich gerne anmutig abheben.<br data-end=\"532\" data-start=\"529\" \/>Die Slingback-Form verleiht optische Leichtigkeit und absolute Freiheit, w\u00e4hrend die italienische Handwerkskunst in jeder Naht, in jeder Kurve zu sehen ist.<\/p>\n","protected":false},"excerpt":{"rendered":"<p>Evaluna Slingback-Ballerinas: Kristalle auf der Spitze und Poesie in den Farben.Aus der neuen Evaluna-Kollektion, ein Modell, das auf den ersten Blick verzaubert: Slingback-Ballerinas ohne Absatz, beleuchtet durch einen Schauer von Mikrokristallen, die bei jedem Schritt funkeln. Die zarten Flieder- und Hellblaut\u00f6ne verschmelzen wie ein Aquarell in der Morgend\u00e4mmerung und erzeugen einen \u00e4therischen und doch entschiedenen Effekt, perfekt f\u00fcr alle, die sich gerne anmutig abheben.Die Slingback-Form verleiht optische Leichtigkeit und absolute Freiheit, w\u00e4hrend die italienische Handwerkskunst&#8230;<\/p>\n","protected":false},"featured_media":77824,"comment_status":"open","ping_status":"closed","template":"","meta":[],"etheme_brands":[{"term_id":1133,"name":"Evaluna","slug":"evaluna-de","term_group":0,"term_taxonomy_id":1133,"taxonomy":"brand","description":"De l'excellence de l'artisanat italien na\u00eet Evaluna, la marque qui incarne l'\u00e9l\u00e9gance intemporelle et la cr\u00e9ativit\u00e9 distinctive dans le monde de la chaussure f\u00e9minine. Fond\u00e9e sur une passion pour la mode sophistiqu\u00e9e, Evaluna a acquis une position prestigieuse gr\u00e2ce \u00e0 sa haute qualit\u00e9 artisanale et \u00e0 son design innovant.\r\n\r\nLa collection de chaussures pour femmes Evaluna est un voyage \u00e0 travers la f\u00e9minit\u00e9, chaque paire combinant l'artisanat italien traditionnel avec une vision moderne. Chaque mod\u00e8le est le r\u00e9sultat d'une attention m\u00e9ticuleuse aux d\u00e9tails et \u00e0 l'utilisation de mat\u00e9riaux nobles, avec une pr\u00e9dilection pour les cuirs de haute qualit\u00e9 et les tissus exclusifs.\r\n\r\nDes bottes \u00e9l\u00e9gantes aux bottines raffin\u00e9es, des escarpins et ballerines chics aux mocassins confortables, chaque paire de chaussures Evaluna est une \u0153uvre d'art qui incarne la passion pour la mode et l'artisanat italien, cr\u00e9ant un \u00e9quilibre parfait entre confort et beaut\u00e9.\r\n\r\nChoisir la marque Evaluna, c'est s'immerger dans un monde de sophistication et de style italien. Les nouvelles collections sont disponibles sur notre site mondopelle.it, tandis que notre outlet offre des opportunit\u00e9s extraordinaires d'acheter des chaussures Evaluna \u00e0 des prix avantageux, garantissant une touche de luxe italien \u00e0 votre garde-robe \u00e0 des prix abordables.\r\n\r\nPour une exp\u00e9rience compl\u00e8te, visitez notre page d'avis, o\u00f9 vous pourrez lire des t\u00e9moignages authentiques de la satisfaction de ceux qui ont choisi les chaussures Evaluna. Avec la prestigieuse marque italienne, la commodit\u00e9 d'un magasin d'usine et des prix avantageux, Evaluna vous invite \u00e0 faire de chaque pas une d\u00e9claration d'\u00e9l\u00e9gance intemporelle.","parent":0,"count":13,"filter":"raw"}],"product_brand":[],"product_cat":[1143,1014],"product_tag":[],"class_list":{"0":"post-77778","1":"product","2":"type-product","3":"status-publish","4":"has-post-thumbnail","6":"brand-evaluna-de","7":"product_cat-ballerinas","8":"product_cat-schuhe","9":"pa_cvet-azurblau","10":"pa_materialotdelkisnaruzhi-stoff","11":"pa_materialotdelkivnutri-leder","12":"pa_materialpodoshv-leder","13":"pa_razmer-36-de","14":"pa_razmer-37-de","15":"pa_razmer-38-de","16":"pa_razmer-39-de","17":"pa_razmer-40-de","18":"pa_razmer-41-de","19":"pa_sezon-fruhling-sommer","20":"pa_stranaproizvoditelx-italien","21":"pa_vsotakabluka_sm-1-de","23":"first","24":"instock","25":"sale","26":"shipping-taxable","27":"purchasable","28":"product-type-variable"},"yoast_head":"<!-- This site is optimized with the Yoast SEO plugin v27.5 - https:\/\/yoast.com\/product\/yoast-seo-wordpress\/ -->\n<title>Ballerinas Evaluna 225 - Mondopelle<\/title>\n<meta name=\"description\" content=\"Ballerinas Evaluna 225 Online-Verkauf weltweit. \u2713 Kostenloser und schneller Versand, Zahlung bei Lieferung und einfache R\u00fcckgabe. Bestellen Sie bei Mondopelle und erhalten Sie das Beste aus der Mode!\" \/>\n<meta name=\"robots\" content=\"index, follow, max-snippet:-1, max-image-preview:large, max-video-preview:-1\" \/>\n<link rel=\"canonical\" href=\"https:\/\/mondopelle.it\/de\/shop\/schuhe\/ballerinas\/ballerinas-evaluna-225\/\" \/>\n<meta property=\"og:locale\" content=\"de_DE\" \/>\n<meta property=\"og:type\" content=\"article\" \/>\n<meta property=\"og:title\" content=\"Ballerinas Evaluna 225 - Mondopelle\" \/>\n<meta property=\"og:description\" content=\"Ballerinas Evaluna 225 Online-Verkauf weltweit. \u2713 Kostenloser und schneller Versand, Zahlung bei Lieferung und einfache R\u00fcckgabe. Bestellen Sie bei Mondopelle und erhalten Sie das Beste aus der Mode!\" \/>\n<meta property=\"og:url\" content=\"https:\/\/mondopelle.it\/de\/shop\/schuhe\/ballerinas\/ballerinas-evaluna-225\/\" \/>\n<meta property=\"og:site_name\" content=\"Mondopelle\" \/>\n<meta property=\"article:publisher\" content=\"https:\/\/www.facebook.com\/mondopelle\/\" \/>\n<meta property=\"article:modified_time\" content=\"2025-04-12T15:23:43+00:00\" \/>\n<meta property=\"og:image\" content=\"https:\/\/mondopelle.it\/wp-content\/uploads\/2025\/03\/Foto-29-03-25-20-57-29-3.jpg\" \/>\n\t<meta property=\"og:image:width\" content=\"1512\" \/>\n\t<meta property=\"og:image:height\" content=\"1512\" \/>\n\t<meta property=\"og:image:type\" content=\"image\/jpeg\" \/>\n<meta name=\"twitter:card\" content=\"summary_large_image\" \/>\n<meta name=\"twitter:label1\" content=\"Gesch\u00e4tzte Lesezeit\" \/>\n\t<meta name=\"twitter:data1\" content=\"1\u00a0Minute\" \/>\n<script type=\"application\/ld+json\" class=\"yoast-schema-graph\">{\"@context\":\"https:\\\/\\\/schema.org\",\"@graph\":[{\"@type\":\"WebPage\",\"@id\":\"https:\\\/\\\/mondopelle.it\\\/de\\\/shop\\\/schuhe\\\/ballerinas\\\/ballerinas-evaluna-225\\\/\",\"url\":\"https:\\\/\\\/mondopelle.it\\\/de\\\/shop\\\/schuhe\\\/ballerinas\\\/ballerinas-evaluna-225\\\/\",\"name\":\"Ballerinas Evaluna 225 - Mondopelle\",\"isPartOf\":{\"@id\":\"https:\\\/\\\/mondopelle.it\\\/de\\\/#website\"},\"primaryImageOfPage\":{\"@id\":\"https:\\\/\\\/mondopelle.it\\\/de\\\/shop\\\/schuhe\\\/ballerinas\\\/ballerinas-evaluna-225\\\/#primaryimage\"},\"image\":{\"@id\":\"https:\\\/\\\/mondopelle.it\\\/de\\\/shop\\\/schuhe\\\/ballerinas\\\/ballerinas-evaluna-225\\\/#primaryimage\"},\"thumbnailUrl\":\"https:\\\/\\\/mondopelle.it\\\/wp-content\\\/uploads\\\/2025\\\/03\\\/Foto-29-03-25-20-57-29-3.jpg\",\"datePublished\":\"2025-03-29T19:58:53+00:00\",\"dateModified\":\"2025-04-12T15:23:43+00:00\",\"description\":\"Ballerinas Evaluna 225 Online-Verkauf weltweit. \u2713 Kostenloser und schneller Versand, Zahlung bei Lieferung und einfache R\u00fcckgabe. Bestellen Sie bei Mondopelle und erhalten Sie das Beste aus der Mode!\",\"breadcrumb\":{\"@id\":\"https:\\\/\\\/mondopelle.it\\\/de\\\/shop\\\/schuhe\\\/ballerinas\\\/ballerinas-evaluna-225\\\/#breadcrumb\"},\"inLanguage\":\"de\",\"potentialAction\":[{\"@type\":\"ReadAction\",\"target\":[\"https:\\\/\\\/mondopelle.it\\\/de\\\/shop\\\/schuhe\\\/ballerinas\\\/ballerinas-evaluna-225\\\/\"]}]},{\"@type\":\"ImageObject\",\"inLanguage\":\"de\",\"@id\":\"https:\\\/\\\/mondopelle.it\\\/de\\\/shop\\\/schuhe\\\/ballerinas\\\/ballerinas-evaluna-225\\\/#primaryimage\",\"url\":\"https:\\\/\\\/mondopelle.it\\\/wp-content\\\/uploads\\\/2025\\\/03\\\/Foto-29-03-25-20-57-29-3.jpg\",\"contentUrl\":\"https:\\\/\\\/mondopelle.it\\\/wp-content\\\/uploads\\\/2025\\\/03\\\/Foto-29-03-25-20-57-29-3.jpg\",\"width\":1512,\"height\":1512},{\"@type\":\"BreadcrumbList\",\"@id\":\"https:\\\/\\\/mondopelle.it\\\/de\\\/shop\\\/schuhe\\\/ballerinas\\\/ballerinas-evaluna-225\\\/#breadcrumb\",\"itemListElement\":[{\"@type\":\"ListItem\",\"position\":1,\"name\":\"Start Seite\",\"item\":\"https:\\\/\\\/mondopelle.it\\\/de\\\/home-new\\\/\"},{\"@type\":\"ListItem\",\"position\":2,\"name\":\"Produkte\",\"item\":\"https:\\\/\\\/mondopelle.it\\\/de\\\/shop\\\/\"},{\"@type\":\"ListItem\",\"position\":3,\"name\":\"Ballerinas Evaluna 225\"}]},{\"@type\":\"WebSite\",\"@id\":\"https:\\\/\\\/mondopelle.it\\\/de\\\/#website\",\"url\":\"https:\\\/\\\/mondopelle.it\\\/de\\\/\",\"name\":\"Mondopelle\",\"description\":\"\",\"publisher\":{\"@id\":\"https:\\\/\\\/mondopelle.it\\\/de\\\/#organization\"},\"potentialAction\":[{\"@type\":\"SearchAction\",\"target\":{\"@type\":\"EntryPoint\",\"urlTemplate\":\"https:\\\/\\\/mondopelle.it\\\/de\\\/?s={search_term_string}\"},\"query-input\":{\"@type\":\"PropertyValueSpecification\",\"valueRequired\":true,\"valueName\":\"search_term_string\"}}],\"inLanguage\":\"de\"},{\"@type\":\"Organization\",\"@id\":\"https:\\\/\\\/mondopelle.it\\\/de\\\/#organization\",\"name\":\"Mondopelle\",\"url\":\"https:\\\/\\\/mondopelle.it\\\/de\\\/\",\"logo\":{\"@type\":\"ImageObject\",\"inLanguage\":\"de\",\"@id\":\"https:\\\/\\\/mondopelle.it\\\/de\\\/#\\\/schema\\\/logo\\\/image\\\/\",\"url\":\"https:\\\/\\\/mondopelle.it\\\/wp-content\\\/uploads\\\/2023\\\/07\\\/logo_mp-283x55-1.png\",\"contentUrl\":\"https:\\\/\\\/mondopelle.it\\\/wp-content\\\/uploads\\\/2023\\\/07\\\/logo_mp-283x55-1.png\",\"width\":283,\"height\":55,\"caption\":\"Mondopelle\"},\"image\":{\"@id\":\"https:\\\/\\\/mondopelle.it\\\/de\\\/#\\\/schema\\\/logo\\\/image\\\/\"},\"sameAs\":[\"https:\\\/\\\/www.facebook.com\\\/mondopelle\\\/\",\"https:\\\/\\\/www.instagram.com\\\/mondopelle\\\/\"]}]}<\/script>\n<!-- \/ Yoast SEO plugin. -->","yoast_head_json":{"title":"Ballerinas Evaluna 225 - Mondopelle","description":"Ballerinas Evaluna 225 Online-Verkauf weltweit. \u2713 Kostenloser und schneller Versand, Zahlung bei Lieferung und einfache R\u00fcckgabe. Bestellen Sie bei Mondopelle und erhalten Sie das Beste aus der Mode!","robots":{"index":"index","follow":"follow","max-snippet":"max-snippet:-1","max-image-preview":"max-image-preview:large","max-video-preview":"max-video-preview:-1"},"canonical":"https:\/\/mondopelle.it\/de\/shop\/schuhe\/ballerinas\/ballerinas-evaluna-225\/","og_locale":"de_DE","og_type":"article","og_title":"Ballerinas Evaluna 225 - Mondopelle","og_description":"Ballerinas Evaluna 225 Online-Verkauf weltweit. \u2713 Kostenloser und schneller Versand, Zahlung bei Lieferung und einfache R\u00fcckgabe. Bestellen Sie bei Mondopelle und erhalten Sie das Beste aus der Mode!","og_url":"https:\/\/mondopelle.it\/de\/shop\/schuhe\/ballerinas\/ballerinas-evaluna-225\/","og_site_name":"Mondopelle","article_publisher":"https:\/\/www.facebook.com\/mondopelle\/","article_modified_time":"2025-04-12T15:23:43+00:00","og_image":[{"width":1512,"height":1512,"url":"https:\/\/mondopelle.it\/wp-content\/uploads\/2025\/03\/Foto-29-03-25-20-57-29-3.jpg","type":"image\/jpeg"}],"twitter_card":"summary_large_image","twitter_misc":{"Gesch\u00e4tzte Lesezeit":"1\u00a0Minute"},"schema":{"@context":"https:\/\/schema.org","@graph":[{"@type":"WebPage","@id":"https:\/\/mondopelle.it\/de\/shop\/schuhe\/ballerinas\/ballerinas-evaluna-225\/","url":"https:\/\/mondopelle.it\/de\/shop\/schuhe\/ballerinas\/ballerinas-evaluna-225\/","name":"Ballerinas Evaluna 225 - Mondopelle","isPartOf":{"@id":"https:\/\/mondopelle.it\/de\/#website"},"primaryImageOfPage":{"@id":"https:\/\/mondopelle.it\/de\/shop\/schuhe\/ballerinas\/ballerinas-evaluna-225\/#primaryimage"},"image":{"@id":"https:\/\/mondopelle.it\/de\/shop\/schuhe\/ballerinas\/ballerinas-evaluna-225\/#primaryimage"},"thumbnailUrl":"https:\/\/mondopelle.it\/wp-content\/uploads\/2025\/03\/Foto-29-03-25-20-57-29-3.jpg","datePublished":"2025-03-29T19:58:53+00:00","dateModified":"2025-04-12T15:23:43+00:00","description":"Ballerinas Evaluna 225 Online-Verkauf weltweit. \u2713 Kostenloser und schneller Versand, Zahlung bei Lieferung und einfache R\u00fcckgabe. Bestellen Sie bei Mondopelle und erhalten Sie das Beste aus der Mode!","breadcrumb":{"@id":"https:\/\/mondopelle.it\/de\/shop\/schuhe\/ballerinas\/ballerinas-evaluna-225\/#breadcrumb"},"inLanguage":"de","potentialAction":[{"@type":"ReadAction","target":["https:\/\/mondopelle.it\/de\/shop\/schuhe\/ballerinas\/ballerinas-evaluna-225\/"]}]},{"@type":"ImageObject","inLanguage":"de","@id":"https:\/\/mondopelle.it\/de\/shop\/schuhe\/ballerinas\/ballerinas-evaluna-225\/#primaryimage","url":"https:\/\/mondopelle.it\/wp-content\/uploads\/2025\/03\/Foto-29-03-25-20-57-29-3.jpg","contentUrl":"https:\/\/mondopelle.it\/wp-content\/uploads\/2025\/03\/Foto-29-03-25-20-57-29-3.jpg","width":1512,"height":1512},{"@type":"BreadcrumbList","@id":"https:\/\/mondopelle.it\/de\/shop\/schuhe\/ballerinas\/ballerinas-evaluna-225\/#breadcrumb","itemListElement":[{"@type":"ListItem","position":1,"name":"Start Seite","item":"https:\/\/mondopelle.it\/de\/home-new\/"},{"@type":"ListItem","position":2,"name":"Produkte","item":"https:\/\/mondopelle.it\/de\/shop\/"},{"@type":"ListItem","position":3,"name":"Ballerinas Evaluna 225"}]},{"@type":"WebSite","@id":"https:\/\/mondopelle.it\/de\/#website","url":"https:\/\/mondopelle.it\/de\/","name":"Mondopelle","description":"","publisher":{"@id":"https:\/\/mondopelle.it\/de\/#organization"},"potentialAction":[{"@type":"SearchAction","target":{"@type":"EntryPoint","urlTemplate":"https:\/\/mondopelle.it\/de\/?s={search_term_string}"},"query-input":{"@type":"PropertyValueSpecification","valueRequired":true,"valueName":"search_term_string"}}],"inLanguage":"de"},{"@type":"Organization","@id":"https:\/\/mondopelle.it\/de\/#organization","name":"Mondopelle","url":"https:\/\/mondopelle.it\/de\/","logo":{"@type":"ImageObject","inLanguage":"de","@id":"https:\/\/mondopelle.it\/de\/#\/schema\/logo\/image\/","url":"https:\/\/mondopelle.it\/wp-content\/uploads\/2023\/07\/logo_mp-283x55-1.png","contentUrl":"https:\/\/mondopelle.it\/wp-content\/uploads\/2023\/07\/logo_mp-283x55-1.png","width":283,"height":55,"caption":"Mondopelle"},"image":{"@id":"https:\/\/mondopelle.it\/de\/#\/schema\/logo\/image\/"},"sameAs":["https:\/\/www.facebook.com\/mondopelle\/","https:\/\/www.instagram.com\/mondopelle\/"]}]}},"_links":{"self":[{"href":"https:\/\/mondopelle.it\/de\/wp-json\/wp\/v2\/product\/77778","targetHints":{"allow":["GET"]}}],"collection":[{"href":"https:\/\/mondopelle.it\/de\/wp-json\/wp\/v2\/product"}],"about":[{"href":"https:\/\/mondopelle.it\/de\/wp-json\/wp\/v2\/types\/product"}],"replies":[{"embeddable":true,"href":"https:\/\/mondopelle.it\/de\/wp-json\/wp\/v2\/comments?post=77778"}],"version-history":[{"count":0,"href":"https:\/\/mondopelle.it\/de\/wp-json\/wp\/v2\/product\/77778\/revisions"}],"wp:featuredmedia":[{"embeddable":true,"href":"https:\/\/mondopelle.it\/de\/wp-json\/wp\/v2\/media\/77824"}],"wp:attachment":[{"href":"https:\/\/mondopelle.it\/de\/wp-json\/wp\/v2\/media?parent=77778"}],"wp:term":[{"taxonomy":"brand","embeddable":true,"href":"https:\/\/mondopelle.it\/de\/wp-json\/wp\/v2\/etheme_brands?post=77778"},{"taxonomy":"product_brand","embeddable":true,"href":"https:\/\/mondopelle.it\/de\/wp-json\/wp\/v2\/product_brand?post=77778"},{"taxonomy":"product_cat","embeddable":true,"href":"https:\/\/mondopelle.it\/de\/wp-json\/wp\/v2\/product_cat?post=77778"},{"taxonomy":"product_tag","embeddable":true,"href":"https:\/\/mondopelle.it\/de\/wp-json\/wp\/v2\/product_tag?post=77778"}],"curies":[{"name":"wp","href":"https:\/\/api.w.org\/{rel}","templated":true}]}}