{"id":80086,"date":"2025-04-21T17:25:34","date_gmt":"2025-04-21T15:25:34","guid":{"rendered":"https:\/\/mondopelle.it\/?post_type=product&#038;p=80086"},"modified":"2025-04-21T18:07:57","modified_gmt":"2025-04-21T16:07:57","slug":"rucksack-tasche-bruno-rossi-ml216","status":"publish","type":"product","link":"https:\/\/mondopelle.it\/de\/shop\/zubehor\/taschen\/rucksack-tasche-bruno-rossi-ml216\/","title":{"rendered":"Rucksack Tasche Bruno Rossi ML216"},"content":{"rendered":"<p class=\"\" data-end=\"225\" data-start=\"143\"><strong data-end=\"225\" data-start=\"143\">Bruno Rossi &#8211; wandelbare Rucksacktasche: 2 in 1, toskanisches Leder, absoluter Stil<\/strong><\/p>\n<p class=\"\" data-end=\"500\" data-start=\"227\">Funktionalit\u00e4t und Handwerkskunst treffen sich in der neuen <strong data-end=\"324\" data-start=\"280\">Rucksacktasche aus Leder von Bruno Rossi<\/strong>.<br data-end=\"328\" data-start=\"325\" \/>Ein cleveres Modell, das sich mit einer Geste von einer eleganten Handtasche in einen <strong data-end=\"435\" data-start=\"409\">praktischen Stadtrucksack<\/strong> verwandelt &#8211; ideal f\u00fcr alle, die unterwegs sind, ohne auf Stil zu verzichten.<\/p>\n<p class=\"\" data-end=\"761\" data-start=\"502\">Die Tasche aus <strong data-end=\"550\" data-start=\"516\">genarbtem italienischem Echtleder<\/strong> mit goldenen Metalldetails und doppeltem Rei\u00dfverschluss ist kompakt und ger\u00e4umig und eignet sich perfekt f\u00fcr den t\u00e4glichen Gebrauch. Erh\u00e4ltlich in drei Farbvarianten: <strong data-end=\"760\" data-start=\"708\">klassisches Schwarz, strahlendes Wei\u00df und warmes Karamell<\/strong>.<\/p>\n<p class=\"\" data-end=\"786\" data-start=\"768\"><strong data-end=\"786\" data-start=\"768\">Warum wir ihn lieben:<\/strong><\/p>\n<ul data-end=\"952\" data-start=\"787\">\n<li class=\"\" data-end=\"819\" data-start=\"787\">\n<p class=\"\" data-end=\"819\" data-start=\"789\">2-in-1-Design: Tasche und Rucksack<\/p>\n<\/li>\n<li class=\"\" data-end=\"856\" data-start=\"820\">\n<p class=\"\" data-end=\"856\" data-start=\"822\">Verstellbare und abnehmbare Schultergurte<\/p>\n<\/li>\n<li class=\"\" data-end=\"897\" data-start=\"857\">\n<p class=\"\" data-end=\"897\" data-start=\"859\">Gut organisierter und funktioneller Innenraum<\/p>\n<\/li>\n<li class=\"\" data-end=\"921\" data-start=\"898\">\n<p class=\"\" data-end=\"921\" data-start=\"900\">100% italienisches Leder<\/p>\n<\/li>\n<li class=\"\" data-end=\"952\" data-start=\"922\">\n<p class=\"\" data-end=\"952\" data-start=\"924\">Toskanische Handwerkskunst<\/p>\n<\/li>\n<\/ul>\n<p class=\"\" data-end=\"1093\" data-start=\"959\">Entdecken Sie die von <strong data-end=\"1009\" data-start=\"994\">Bruno Rossi<\/strong> neu erfundene Zweckm\u00e4\u00dfigkeit bei Mondopelle &#8211; mit <strong data-end=\"1063\" data-start=\"1030\">kostenlosem Versand in Italien<\/strong> und weltweiter Lieferung.<\/p>\n<p><span class=\"\">.<\/span><\/p>\n","protected":false},"excerpt":{"rendered":"<p>Bruno Rossi &#8211; wandelbare Rucksacktasche: 2 in 1, toskanisches Leder, absoluter Stil Funktionalit\u00e4t und Handwerkskunst treffen sich in der neuen Rucksacktasche aus Leder von Bruno Rossi.Ein cleveres Modell, das sich mit einer Geste von einer eleganten Handtasche in einen praktischen Stadtrucksack verwandelt &#8211; ideal f\u00fcr alle, die unterwegs sind, ohne auf Stil zu verzichten. Die Tasche aus genarbtem italienischem Echtleder mit goldenen Metalldetails und doppeltem Rei\u00dfverschluss ist kompakt und ger\u00e4umig und eignet sich perfekt f\u00fcr&#8230;<\/p>\n","protected":false},"featured_media":80214,"comment_status":"open","ping_status":"closed","template":"","meta":[],"etheme_brands":[{"term_id":1488,"name":"Bruno Rossi","slug":"bruno-rossi-de","term_group":0,"term_taxonomy_id":1488,"taxonomy":"brand","description":"Willkommen in der Welt von Bruno Rossi Pelletterie, einer toskanischen Spitzenmarke f\u00fcr handgefertigte Lederwaren. Gegr\u00fcndet in Florenz, im Herzen der Toskana, f\u00fchrt unser Unternehmen eine jahrhundertealte Tradition von Handwerkskunst und Leidenschaft f\u00fcr die Herstellung hochwertiger Handtaschen fort. Bruno Rossi Handtaschen sind das Ergebnis einer einzigartigen Kombination aus raffiniertem italienischen Design und traditioneller Handwerkskunst. Jedes St\u00fcck wird von unseren erfahrenen Kunsthandwerkern in Handarbeit gefertigt, die mit viel Sorgfalt und Liebe zum Detail ein luxuri\u00f6ses und langlebiges Produkt herstellen. F\u00fcr die Herstellung der Taschen werden nur die besten italienischen Materialien verwendet, die sorgf\u00e4ltig ausgew\u00e4hlt werden, um Haltbarkeit, Eleganz und Funktionalit\u00e4t zu gew\u00e4hrleisten. Jedes Modell ist so konzipiert, dass es die Bed\u00fcrfnisse derjenigen erf\u00fcllt, die ein stilvolles Accessoire suchen, das jedes Outfit mit Stil und Pers\u00f6nlichkeit vervollst\u00e4ndigt. Sich f\u00fcr eine Tasche von Bruno Rossi zu entscheiden, bedeutet, Teil einer Tradition von Exzellenz und Leidenschaft f\u00fcr Lederwaren zu werden. Entdecken Sie unsere Taschen- und Accessoires-Kollektion und lassen Sie sich von der Sch\u00f6nheit und Qualit\u00e4t der Bruno Rossi Pelletterie-Kreationen verzaubern. Entscheiden Sie sich f\u00fcr die Authentizit\u00e4t und Eleganz toskanischer Lederwaren, w\u00e4hlen Sie Bruno Rossi.","parent":0,"count":2,"filter":"raw"}],"product_brand":[],"product_cat":[1106,1005,999],"product_tag":[],"class_list":{"0":"post-80086","1":"product","2":"type-product","3":"status-publish","4":"has-post-thumbnail","6":"brand-bruno-rossi-de","7":"product_cat-rucksacke","8":"product_cat-taschen","9":"product_cat-zubehor","10":"pa_cvet-blau","11":"pa_cvet-orange-de","12":"pa_cvet-schwarz","13":"pa_cvet-weis","14":"pa_materialotdelkisnaruzhi-leder","15":"pa_razmer_sm-24x16x7-de","16":"pa_sezon-fruhling-sommer","17":"pa_stranaproizvoditelx-italien","19":"first","20":"instock","21":"sale","22":"shipping-taxable","23":"purchasable","24":"product-type-variable"},"yoast_head":"<!-- This site is optimized with the Yoast SEO plugin v27.5 - https:\/\/yoast.com\/product\/yoast-seo-wordpress\/ -->\n<title>Rucksack Tasche Bruno Rossi ML216 - Mondopelle<\/title>\n<meta name=\"description\" content=\"Rucksack Tasche Bruno Rossi ML216 Online-Verkauf weltweit. \u2713 Kostenloser und schneller Versand, Zahlung bei Lieferung und einfache R\u00fcckgabe. Bestellen Sie bei Mondopelle und erhalten Sie das Beste aus der Mode!\" \/>\n<meta name=\"robots\" content=\"index, follow, max-snippet:-1, max-image-preview:large, max-video-preview:-1\" \/>\n<link rel=\"canonical\" href=\"https:\/\/mondopelle.it\/de\/shop\/zubehor\/taschen\/rucksack-tasche-bruno-rossi-ml216\/\" \/>\n<meta property=\"og:locale\" content=\"de_DE\" \/>\n<meta property=\"og:type\" content=\"article\" \/>\n<meta property=\"og:title\" content=\"Rucksack Tasche Bruno Rossi ML216 - Mondopelle\" \/>\n<meta property=\"og:description\" content=\"Rucksack Tasche Bruno Rossi ML216 Online-Verkauf weltweit. \u2713 Kostenloser und schneller Versand, Zahlung bei Lieferung und einfache R\u00fcckgabe. Bestellen Sie bei Mondopelle und erhalten Sie das Beste aus der Mode!\" \/>\n<meta property=\"og:url\" content=\"https:\/\/mondopelle.it\/de\/shop\/zubehor\/taschen\/rucksack-tasche-bruno-rossi-ml216\/\" \/>\n<meta property=\"og:site_name\" content=\"Mondopelle\" \/>\n<meta property=\"article:publisher\" content=\"https:\/\/www.facebook.com\/mondopelle\/\" \/>\n<meta property=\"article:modified_time\" content=\"2025-04-21T16:07:57+00:00\" \/>\n<meta property=\"og:image\" content=\"https:\/\/mondopelle.it\/wp-content\/uploads\/2025\/04\/Foto-21-04-25-17-49-47-17.jpg\" \/>\n\t<meta property=\"og:image:width\" content=\"1512\" \/>\n\t<meta property=\"og:image:height\" content=\"1512\" \/>\n\t<meta property=\"og:image:type\" content=\"image\/jpeg\" \/>\n<meta name=\"twitter:card\" content=\"summary_large_image\" \/>\n<meta name=\"twitter:label1\" content=\"Gesch\u00e4tzte Lesezeit\" \/>\n\t<meta name=\"twitter:data1\" content=\"1\u00a0Minute\" \/>\n<script type=\"application\/ld+json\" class=\"yoast-schema-graph\">{\"@context\":\"https:\\\/\\\/schema.org\",\"@graph\":[{\"@type\":\"WebPage\",\"@id\":\"https:\\\/\\\/mondopelle.it\\\/de\\\/shop\\\/zubehor\\\/taschen\\\/rucksack-tasche-bruno-rossi-ml216\\\/\",\"url\":\"https:\\\/\\\/mondopelle.it\\\/de\\\/shop\\\/zubehor\\\/taschen\\\/rucksack-tasche-bruno-rossi-ml216\\\/\",\"name\":\"Rucksack Tasche Bruno Rossi ML216 - Mondopelle\",\"isPartOf\":{\"@id\":\"https:\\\/\\\/mondopelle.it\\\/de\\\/#website\"},\"primaryImageOfPage\":{\"@id\":\"https:\\\/\\\/mondopelle.it\\\/de\\\/shop\\\/zubehor\\\/taschen\\\/rucksack-tasche-bruno-rossi-ml216\\\/#primaryimage\"},\"image\":{\"@id\":\"https:\\\/\\\/mondopelle.it\\\/de\\\/shop\\\/zubehor\\\/taschen\\\/rucksack-tasche-bruno-rossi-ml216\\\/#primaryimage\"},\"thumbnailUrl\":\"https:\\\/\\\/mondopelle.it\\\/wp-content\\\/uploads\\\/2025\\\/04\\\/Foto-21-04-25-17-49-47-17.jpg\",\"datePublished\":\"2025-04-21T15:25:34+00:00\",\"dateModified\":\"2025-04-21T16:07:57+00:00\",\"description\":\"Rucksack Tasche Bruno Rossi ML216 Online-Verkauf weltweit. \u2713 Kostenloser und schneller Versand, Zahlung bei Lieferung und einfache R\u00fcckgabe. Bestellen Sie bei Mondopelle und erhalten Sie das Beste aus der Mode!\",\"breadcrumb\":{\"@id\":\"https:\\\/\\\/mondopelle.it\\\/de\\\/shop\\\/zubehor\\\/taschen\\\/rucksack-tasche-bruno-rossi-ml216\\\/#breadcrumb\"},\"inLanguage\":\"de\",\"potentialAction\":[{\"@type\":\"ReadAction\",\"target\":[\"https:\\\/\\\/mondopelle.it\\\/de\\\/shop\\\/zubehor\\\/taschen\\\/rucksack-tasche-bruno-rossi-ml216\\\/\"]}]},{\"@type\":\"ImageObject\",\"inLanguage\":\"de\",\"@id\":\"https:\\\/\\\/mondopelle.it\\\/de\\\/shop\\\/zubehor\\\/taschen\\\/rucksack-tasche-bruno-rossi-ml216\\\/#primaryimage\",\"url\":\"https:\\\/\\\/mondopelle.it\\\/wp-content\\\/uploads\\\/2025\\\/04\\\/Foto-21-04-25-17-49-47-17.jpg\",\"contentUrl\":\"https:\\\/\\\/mondopelle.it\\\/wp-content\\\/uploads\\\/2025\\\/04\\\/Foto-21-04-25-17-49-47-17.jpg\",\"width\":1512,\"height\":1512},{\"@type\":\"BreadcrumbList\",\"@id\":\"https:\\\/\\\/mondopelle.it\\\/de\\\/shop\\\/zubehor\\\/taschen\\\/rucksack-tasche-bruno-rossi-ml216\\\/#breadcrumb\",\"itemListElement\":[{\"@type\":\"ListItem\",\"position\":1,\"name\":\"Start Seite\",\"item\":\"https:\\\/\\\/mondopelle.it\\\/de\\\/home-new\\\/\"},{\"@type\":\"ListItem\",\"position\":2,\"name\":\"Produkte\",\"item\":\"https:\\\/\\\/mondopelle.it\\\/de\\\/shop\\\/\"},{\"@type\":\"ListItem\",\"position\":3,\"name\":\"Rucksack Tasche Bruno Rossi ML216\"}]},{\"@type\":\"WebSite\",\"@id\":\"https:\\\/\\\/mondopelle.it\\\/de\\\/#website\",\"url\":\"https:\\\/\\\/mondopelle.it\\\/de\\\/\",\"name\":\"Mondopelle\",\"description\":\"\",\"publisher\":{\"@id\":\"https:\\\/\\\/mondopelle.it\\\/de\\\/#organization\"},\"potentialAction\":[{\"@type\":\"SearchAction\",\"target\":{\"@type\":\"EntryPoint\",\"urlTemplate\":\"https:\\\/\\\/mondopelle.it\\\/de\\\/?s={search_term_string}\"},\"query-input\":{\"@type\":\"PropertyValueSpecification\",\"valueRequired\":true,\"valueName\":\"search_term_string\"}}],\"inLanguage\":\"de\"},{\"@type\":\"Organization\",\"@id\":\"https:\\\/\\\/mondopelle.it\\\/de\\\/#organization\",\"name\":\"Mondopelle\",\"url\":\"https:\\\/\\\/mondopelle.it\\\/de\\\/\",\"logo\":{\"@type\":\"ImageObject\",\"inLanguage\":\"de\",\"@id\":\"https:\\\/\\\/mondopelle.it\\\/de\\\/#\\\/schema\\\/logo\\\/image\\\/\",\"url\":\"https:\\\/\\\/mondopelle.it\\\/wp-content\\\/uploads\\\/2023\\\/07\\\/logo_mp-283x55-1.png\",\"contentUrl\":\"https:\\\/\\\/mondopelle.it\\\/wp-content\\\/uploads\\\/2023\\\/07\\\/logo_mp-283x55-1.png\",\"width\":283,\"height\":55,\"caption\":\"Mondopelle\"},\"image\":{\"@id\":\"https:\\\/\\\/mondopelle.it\\\/de\\\/#\\\/schema\\\/logo\\\/image\\\/\"},\"sameAs\":[\"https:\\\/\\\/www.facebook.com\\\/mondopelle\\\/\",\"https:\\\/\\\/www.instagram.com\\\/mondopelle\\\/\"]}]}<\/script>\n<!-- \/ Yoast SEO plugin. -->","yoast_head_json":{"title":"Rucksack Tasche Bruno Rossi ML216 - Mondopelle","description":"Rucksack Tasche Bruno Rossi ML216 Online-Verkauf weltweit. \u2713 Kostenloser und schneller Versand, Zahlung bei Lieferung und einfache R\u00fcckgabe. Bestellen Sie bei Mondopelle und erhalten Sie das Beste aus der Mode!","robots":{"index":"index","follow":"follow","max-snippet":"max-snippet:-1","max-image-preview":"max-image-preview:large","max-video-preview":"max-video-preview:-1"},"canonical":"https:\/\/mondopelle.it\/de\/shop\/zubehor\/taschen\/rucksack-tasche-bruno-rossi-ml216\/","og_locale":"de_DE","og_type":"article","og_title":"Rucksack Tasche Bruno Rossi ML216 - Mondopelle","og_description":"Rucksack Tasche Bruno Rossi ML216 Online-Verkauf weltweit. \u2713 Kostenloser und schneller Versand, Zahlung bei Lieferung und einfache R\u00fcckgabe. Bestellen Sie bei Mondopelle und erhalten Sie das Beste aus der Mode!","og_url":"https:\/\/mondopelle.it\/de\/shop\/zubehor\/taschen\/rucksack-tasche-bruno-rossi-ml216\/","og_site_name":"Mondopelle","article_publisher":"https:\/\/www.facebook.com\/mondopelle\/","article_modified_time":"2025-04-21T16:07:57+00:00","og_image":[{"width":1512,"height":1512,"url":"https:\/\/mondopelle.it\/wp-content\/uploads\/2025\/04\/Foto-21-04-25-17-49-47-17.jpg","type":"image\/jpeg"}],"twitter_card":"summary_large_image","twitter_misc":{"Gesch\u00e4tzte Lesezeit":"1\u00a0Minute"},"schema":{"@context":"https:\/\/schema.org","@graph":[{"@type":"WebPage","@id":"https:\/\/mondopelle.it\/de\/shop\/zubehor\/taschen\/rucksack-tasche-bruno-rossi-ml216\/","url":"https:\/\/mondopelle.it\/de\/shop\/zubehor\/taschen\/rucksack-tasche-bruno-rossi-ml216\/","name":"Rucksack Tasche Bruno Rossi ML216 - Mondopelle","isPartOf":{"@id":"https:\/\/mondopelle.it\/de\/#website"},"primaryImageOfPage":{"@id":"https:\/\/mondopelle.it\/de\/shop\/zubehor\/taschen\/rucksack-tasche-bruno-rossi-ml216\/#primaryimage"},"image":{"@id":"https:\/\/mondopelle.it\/de\/shop\/zubehor\/taschen\/rucksack-tasche-bruno-rossi-ml216\/#primaryimage"},"thumbnailUrl":"https:\/\/mondopelle.it\/wp-content\/uploads\/2025\/04\/Foto-21-04-25-17-49-47-17.jpg","datePublished":"2025-04-21T15:25:34+00:00","dateModified":"2025-04-21T16:07:57+00:00","description":"Rucksack Tasche Bruno Rossi ML216 Online-Verkauf weltweit. \u2713 Kostenloser und schneller Versand, Zahlung bei Lieferung und einfache R\u00fcckgabe. Bestellen Sie bei Mondopelle und erhalten Sie das Beste aus der Mode!","breadcrumb":{"@id":"https:\/\/mondopelle.it\/de\/shop\/zubehor\/taschen\/rucksack-tasche-bruno-rossi-ml216\/#breadcrumb"},"inLanguage":"de","potentialAction":[{"@type":"ReadAction","target":["https:\/\/mondopelle.it\/de\/shop\/zubehor\/taschen\/rucksack-tasche-bruno-rossi-ml216\/"]}]},{"@type":"ImageObject","inLanguage":"de","@id":"https:\/\/mondopelle.it\/de\/shop\/zubehor\/taschen\/rucksack-tasche-bruno-rossi-ml216\/#primaryimage","url":"https:\/\/mondopelle.it\/wp-content\/uploads\/2025\/04\/Foto-21-04-25-17-49-47-17.jpg","contentUrl":"https:\/\/mondopelle.it\/wp-content\/uploads\/2025\/04\/Foto-21-04-25-17-49-47-17.jpg","width":1512,"height":1512},{"@type":"BreadcrumbList","@id":"https:\/\/mondopelle.it\/de\/shop\/zubehor\/taschen\/rucksack-tasche-bruno-rossi-ml216\/#breadcrumb","itemListElement":[{"@type":"ListItem","position":1,"name":"Start Seite","item":"https:\/\/mondopelle.it\/de\/home-new\/"},{"@type":"ListItem","position":2,"name":"Produkte","item":"https:\/\/mondopelle.it\/de\/shop\/"},{"@type":"ListItem","position":3,"name":"Rucksack Tasche Bruno Rossi ML216"}]},{"@type":"WebSite","@id":"https:\/\/mondopelle.it\/de\/#website","url":"https:\/\/mondopelle.it\/de\/","name":"Mondopelle","description":"","publisher":{"@id":"https:\/\/mondopelle.it\/de\/#organization"},"potentialAction":[{"@type":"SearchAction","target":{"@type":"EntryPoint","urlTemplate":"https:\/\/mondopelle.it\/de\/?s={search_term_string}"},"query-input":{"@type":"PropertyValueSpecification","valueRequired":true,"valueName":"search_term_string"}}],"inLanguage":"de"},{"@type":"Organization","@id":"https:\/\/mondopelle.it\/de\/#organization","name":"Mondopelle","url":"https:\/\/mondopelle.it\/de\/","logo":{"@type":"ImageObject","inLanguage":"de","@id":"https:\/\/mondopelle.it\/de\/#\/schema\/logo\/image\/","url":"https:\/\/mondopelle.it\/wp-content\/uploads\/2023\/07\/logo_mp-283x55-1.png","contentUrl":"https:\/\/mondopelle.it\/wp-content\/uploads\/2023\/07\/logo_mp-283x55-1.png","width":283,"height":55,"caption":"Mondopelle"},"image":{"@id":"https:\/\/mondopelle.it\/de\/#\/schema\/logo\/image\/"},"sameAs":["https:\/\/www.facebook.com\/mondopelle\/","https:\/\/www.instagram.com\/mondopelle\/"]}]}},"_links":{"self":[{"href":"https:\/\/mondopelle.it\/de\/wp-json\/wp\/v2\/product\/80086","targetHints":{"allow":["GET"]}}],"collection":[{"href":"https:\/\/mondopelle.it\/de\/wp-json\/wp\/v2\/product"}],"about":[{"href":"https:\/\/mondopelle.it\/de\/wp-json\/wp\/v2\/types\/product"}],"replies":[{"embeddable":true,"href":"https:\/\/mondopelle.it\/de\/wp-json\/wp\/v2\/comments?post=80086"}],"version-history":[{"count":0,"href":"https:\/\/mondopelle.it\/de\/wp-json\/wp\/v2\/product\/80086\/revisions"}],"wp:featuredmedia":[{"embeddable":true,"href":"https:\/\/mondopelle.it\/de\/wp-json\/wp\/v2\/media\/80214"}],"wp:attachment":[{"href":"https:\/\/mondopelle.it\/de\/wp-json\/wp\/v2\/media?parent=80086"}],"wp:term":[{"taxonomy":"brand","embeddable":true,"href":"https:\/\/mondopelle.it\/de\/wp-json\/wp\/v2\/etheme_brands?post=80086"},{"taxonomy":"product_brand","embeddable":true,"href":"https:\/\/mondopelle.it\/de\/wp-json\/wp\/v2\/product_brand?post=80086"},{"taxonomy":"product_cat","embeddable":true,"href":"https:\/\/mondopelle.it\/de\/wp-json\/wp\/v2\/product_cat?post=80086"},{"taxonomy":"product_tag","embeddable":true,"href":"https:\/\/mondopelle.it\/de\/wp-json\/wp\/v2\/product_tag?post=80086"}],"curies":[{"name":"wp","href":"https:\/\/api.w.org\/{rel}","templated":true}]}}