{"id":27644,"date":"2023-08-15T00:17:36","date_gmt":"2023-08-14T22:17:36","guid":{"rendered":"https:\/\/mondopelle.it\/politique-en-matiere-de-cookies\/"},"modified":"2023-10-09T15:59:30","modified_gmt":"2023-10-09T13:59:30","slug":"politique-en-matiere-de-cookies","status":"publish","type":"page","link":"https:\/\/mondopelle.it\/fr\/politique-en-matiere-de-cookies\/","title":{"rendered":"Politique en mati\u00e8re de cookies"},"content":{"rendered":"\t\t<div data-elementor-type=\"wp-page\" data-elementor-id=\"27644\" class=\"elementor elementor-27644 elementor-20221\" data-elementor-post-type=\"page\">\n\t\t\t\t<div class=\"elementor-element elementor-element-7e77b23 e-flex e-con-boxed e-con e-parent\" data-id=\"7e77b23\" data-element_type=\"container\">\n\t\t\t\t\t<div class=\"e-con-inner\">\n\t\t\t\t<div class=\"elementor-element elementor-element-d168a27 elementor-widget elementor-widget-text-editor\" data-id=\"d168a27\" data-element_type=\"widget\" data-widget_type=\"text-editor.default\">\n\t\t\t\t<div class=\"elementor-widget-container\">\n\t\t\t\t\t\t\t\t\t<p>Suivant une politique de transparence et de loyaut\u00e9, dans le respect de la r\u00e9glementation en vigueur et en r\u00e9f\u00e9rence notamment au R\u00e8glement UE 2016\/679 (ci-apr\u00e8s d\u00e9nomm\u00e9<strong>&#8221; R\u00e8glement sur la protection de la vie priv\u00e9e<\/strong>&#8220;) et, le cas \u00e9ch\u00e9ant, au d\u00e9cret l\u00e9gislatif. 30 juin 2003 no. 196 (ci-apr\u00e8s d\u00e9nomm\u00e9e<strong>Code de protection de la vie priv\u00e9e<\/strong>&#8220;), la soci\u00e9t\u00e9  <a href=\"https:\/\/www.7pixel.it\/\" target=\"_blank\" rel=\"noopener\">Alice S.r.l.<\/a>  (ci-apr\u00e8s d\u00e9nomm\u00e9e la &#8221; Soci\u00e9t\u00e9 &#8221; ou &#8221; Alice SRL &#8220;), vous fournit un certain nombre d&#8217;informations concernant l&#8217;utilisation de cookies et d&#8217;autres outils de suivi (ci-apr\u00e8s d\u00e9nomm\u00e9s conjointement les &#8221; cookies &#8221; et les &#8221; outils de suivi &#8220;).<strong>Cookies<\/strong>&#8220;) utilis\u00e9 par le site  <a href=\"https:\/\/www.trovaprezzi.it\/\" target=\"_blank\" rel=\"noopener\">www.mondopelle.it<\/a>m\u00eame s&#8217;il est \u00e9ventuellement int\u00e9gr\u00e9 \u00e0 d&#8217;autres sites en mode co-brand\u00e9 et\/ou adapt\u00e9 aux appareils mobiles.<\/p>\n<h2>1. Responsables du traitement des donn\u00e9es<\/h2>\n<p>Le contr\u00f4leur des donn\u00e9es du site est Alice S.r.l..<\/p>\n<h2>2. Qu&#8217;est-ce qu&#8217;un cookie ?<\/h2>\n<p>Un cookie est une petite cha\u00eene de texte que les sites web (appel\u00e9s &#8220;\u00e9diteurs&#8221; ou &#8220;premi\u00e8re partie&#8221;) visit\u00e9s par l&#8217;utilisateur ou diff\u00e9rents sites web ou serveurs web (appel\u00e9s &#8220;tierces parties&#8221;) placent et stockent sur l&#8217;appareil utilis\u00e9 par l&#8217;utilisateur pour naviguer.<\/p>\n<p>Des fonctions similaires peuvent \u00eatre ex\u00e9cut\u00e9es par d&#8217;autres outils de suivi (par exemple des pixels de suivi) qui, tout en utilisant des technologies diff\u00e9rentes, permettent d&#8217;effectuer un traitement similaire au moyen de cookies.<\/p>\n<p>De plus amples informations sont disponibles \u00e0 l&#8217;adresse suivante : <a href=\"http:\/\/www.garanteprivacy.it\/cookie\" target=\"_blank\" rel=\"nofollow noopener\">www.garanteprivacy.it\/cookie.<\/a><\/p>\n<h2>3. Pourquoi et quels cookies Alice SRL utilise-t-elle ?<\/h2>\n<p>Gr\u00e2ce \u00e0 l&#8217;utilisation de cookies, Alice SRL est en mesure d&#8217;offrir \u00e0 l&#8217;utilisateur qui visite le site Mondopelle.it une exp\u00e9rience de navigation fonctionnelle et fluide, adapt\u00e9e autant que possible \u00e0 ses pr\u00e9f\u00e9rences, en \u00e9vitant, par exemple, qu&#8217;\u00e0 chaque visite, le m\u00eame utilisateur doive saisir \u00e0 nouveau les m\u00eames informations, ce qui permet d&#8217;acc\u00e9l\u00e9rer le processus de recherche des produits les plus appropri\u00e9s.<\/p>\n<p>Les cookies sur mondopelle.it peuvent \u00eatre divis\u00e9s en &#8220;first-party&#8221; et &#8220;third-party&#8221;.<\/p>\n<p>Les <strong>cookies de &#8220;premi\u00e8re partie<\/strong> &#8221; sont ceux install\u00e9s par mondopelle.it.<\/p>\n<p>Les <strong>cookies &#8220;tiers&#8221;<\/strong> sont ceux qui sont g\u00e9r\u00e9s par un site autre que celui que l&#8217;utilisateur visite.<\/p>\n<p>En fonction du but de l&#8217;utilisation, on peut distinguer les cookies de premi\u00e8re partie et les cookies de tierce partie :<\/p>\n<ul>\n<li><strong>&#8220;Cookies techniques<\/strong>&#8221; : utilis\u00e9s dans le seul but d&#8217;effectuer la transmission d&#8217;une communication sur un r\u00e9seau de communication \u00e9lectronique n\u00e9cessaire au bon fonctionnement du site et d&#8217;assurer une navigation personnalis\u00e9e \u00e0 l&#8217;utilisateur. Cette classification comprend \u00e9galement les cookies analytiques, dont les caract\u00e9ristiques sont comparables \u00e0 celles des cookies techniques. L&#8217;installation de ces cookies ne n\u00e9cessite pas le consentement pr\u00e9alable de l&#8217;utilisateur, conform\u00e9ment aux <strong>directives sur les cookies et autres outils de suivi de <\/strong>l&#8217;autorit\u00e9 italienne de protection des donn\u00e9es du 10 juin 2021.<\/li>\n<li><strong>Cookies de profilage<\/strong>utilis\u00e9es pour contr\u00f4ler l&#8217;acc\u00e8s au site et analyser le comportement des utilisateurs afin de pouvoir moduler la fourniture du service de mani\u00e8re de plus en plus personnalis\u00e9e au-del\u00e0 de ce qui est strictement n\u00e9cessaire \u00e0 la fourniture du service, ainsi que pour envoyer des messages publicitaires cibl\u00e9s, c&#8217;est-\u00e0-dire en fonction des pr\u00e9f\u00e9rences exprim\u00e9es par l&#8217;utilisateur lorsqu&#8217;il navigue sur le web. L&#8217;installation de ces cookies n\u00e9cessite toutefois le consentement explicite et libre de l&#8217;utilisateur.<\/li>\n<\/ul>\n<p>Vous trouverez ci-dessous une ventilation des cookies pr\u00e9sents sur le site.<\/p>\n<h3>3.1. Cookies sur mondopelle.it<\/h3>\n<p>Les <strong>cookies techniques<\/strong> du site, qu&#8217;ils soient de premi\u00e8re ou de tierce partie, qui sont strictement n\u00e9cessaires pour assurer le fonctionnement et la fourniture du service demand\u00e9, ont \u00e9t\u00e9 regroup\u00e9s dans la cat\u00e9gorie<strong>&#8220;Strictement n\u00e9cessaire<\/strong>&#8220;. Pour conna\u00eetre les d\u00e9tails des cookies techniques install\u00e9s et savoir qui les installe, <a id=\"ale1\" class=\"toggle_visible\" href=\"https:\/\/www.trovaprezzi.it\/utilizzo-dei-cookie#\" data-dest=\"cookie-analytics\">cliquez ici<\/a>.<\/p>\n<p>Les <strong>cookies de<\/strong> profilage de tiers du site, qui permettent de fournir \u00e0 l&#8217;utilisateur un contenu commercial personnalis\u00e9 et d&#8217;assurer la gestion, la diffusion et le suivi des publicit\u00e9s, ont \u00e9t\u00e9 regroup\u00e9s dans la cat\u00e9gorie <strong>&#8220;Profilage&#8221;<\/strong>. Pour conna\u00eetre les d\u00e9tails des cookies de profilage install\u00e9s et savoir qui les installe, <a id=\"ale2\" class=\"toggle_visible\" href=\"https:\/\/www.trovaprezzi.it\/utilizzo-dei-cookie#\" data-dest=\"cookie-profilation\">cliquez ici<\/a>.<\/p>\n<h3>3.2. Comment je g\u00e8re mes pr\u00e9f\u00e9rences<\/h3>\n<p>Vous pouvez \u00e0 tout moment modifier vos choix concernant les cookies de profilage en cliquant sur le lien &#8220;Pr\u00e9f\u00e9rences en mati\u00e8re de cookies&#8221; au bas de notre page d&#8217;accueil.<\/p>\n<p>Pour plus d&#8217;informations sur les tiers et les cookies de profilage qu&#8217;ils g\u00e8rent, veuillez consulter les liens ci-dessous.<\/p>\n<p><strong>Google<\/strong><\/p>\n<ul>\n<li><a href=\"https:\/\/tools.google.com\/dlpage\/gaoptout\" target=\"_blank\" rel=\"nofollow noopener\">Google Analytics (lien de d\u00e9sactivation)<\/a><\/li>\n<li><a href=\"https:\/\/adssettings.google.com\/anonymous\" target=\"_blank\" rel=\"nofollow noopener\">Annonces Google (lien de d\u00e9sactivation)<\/a><\/li>\n<\/ul>\n<p><strong>Facebook<\/strong><\/p>\n<ul>\n<li><a href=\"https:\/\/it-it.facebook.com\/help\/568137493302217\/list\" target=\"_blank\" rel=\"nofollow noopener\">Facebook (lien Opt Out)<\/a><\/li>\n<\/ul>\n<h2>4. Destinataires des donn\u00e9es<\/h2>\n<p>Les donn\u00e9es collect\u00e9es \u00e0 l&#8217;aide de cookies peuvent \u00eatre divulgu\u00e9es \u00e0 d&#8217;autres entit\u00e9s agissant en tant que contr\u00f4leurs de donn\u00e9es ind\u00e9pendants ou d\u00e9sign\u00e9es comme responsables du traitement des donn\u00e9es. \u00c0 titre d&#8217;exemple et sans limitation, ces personnes peuvent appartenir aux cat\u00e9gories suivantes :<\/p>\n<ol>\n<li>les soci\u00e9t\u00e9s qui fournissent des services li\u00e9s \u00e0 la fourniture, au suivi, \u00e0 l&#8217;analyse de la navigation, \u00e0 la mesure et \u00e0 l&#8217;optimisation des sites web ;<\/li>\n<li>les entreprises sp\u00e9cialis\u00e9es dans le marketing, le re-marketing, les m\u00e9dias sociaux, la gestion op\u00e9rationnelle des campagnes de communication via Internet, le courrier \u00e9lectronique et\/ou les syst\u00e8mes t\u00e9l\u00e9phoniques ;<\/li>\n<li>les soci\u00e9t\u00e9s sp\u00e9cialis\u00e9es dans la fourniture de services de traitement, de stockage et\/ou d&#8217;analyse de donn\u00e9es.<\/li>\n<\/ol>\n<h2>5. Transfert de donn\u00e9es \u00e0 l&#8217;\u00e9tranger<\/h2>\n<p>Nous vous informons que les donn\u00e9es personnelles peuvent \u00e9galement \u00eatre transf\u00e9r\u00e9es vers des pays situ\u00e9s en dehors de l&#8217;Espace \u00e9conomique europ\u00e9en (appel\u00e9s pays tiers), qui garantissent un niveau de protection des donn\u00e9es personnelles et un exercice effectif des droits des personnes concern\u00e9es, jug\u00e9s ad\u00e9quats par la Commission europ\u00e9enne au moyen d&#8217;une d\u00e9cision d&#8217;ad\u00e9quation.<\/p>\n<p>Les donn\u00e9es peuvent \u00eatre transf\u00e9r\u00e9es, en tout \u00e9tat de cause, en pr\u00e9voyant des mesures de protection ad\u00e9quates et appropri\u00e9es pour prot\u00e9ger les donn\u00e9es \u00e0 caract\u00e8re personnel et leur transfert conform\u00e9ment aux lois applicables, comme, par exemple, en adoptant et en signant les clauses contractuelles de transfert de donn\u00e9es adopt\u00e9es par la Commission europ\u00e9enne en vertu des articles 45 et 46 du r\u00e8glement g\u00e9n\u00e9ral sur la protection des donn\u00e9es de l&#8217;UE 2016\/679.<\/p>\n<p>Des copies des accords peuvent \u00eatre demand\u00e9es de la mani\u00e8re d\u00e9crite \u00e0 la section 8 du pr\u00e9sent avis.<\/p>\n<h2>6. Modalit\u00e9s du traitement des donn\u00e9es<\/h2>\n<p>Les donn\u00e9es peuvent \u00eatre trait\u00e9es au moyen d&#8217;outils manuels, informatiques ou t\u00e9l\u00e9matiques destin\u00e9s \u00e0 stocker, g\u00e9rer et transmettre les donn\u00e9es.<\/p>\n<p>La personne concern\u00e9e ne peut faire l&#8217;objet d&#8217;aucune d\u00e9cision fond\u00e9e exclusivement sur un traitement automatis\u00e9, y compris le profilage, produisant des effets juridiques \u00e0 son \u00e9gard ou l&#8217;affectant de mani\u00e8re sensiblement similaire.<\/p>\n<h2>7. Comment d\u00e9sactiver les cookies<\/h2>\n<p>En modifiant les param\u00e8tres de votre navigateur Internet, vous pouvez g\u00e9rer, limiter ou bloquer compl\u00e8tement les cookies. Nous vous informons toutefois que la d\u00e9sactivation compl\u00e8te des cookies peut affecter le bon fonctionnement du site. Nous vous renvoyons ci-dessous aux proc\u00e9dures de d\u00e9sactivation des cookies pour chaque navigateur :<\/p>\n<ul>\n<li><a href=\"https:\/\/support.google.com\/chrome\/answer\/95647?hl=it&amp;p=cpn_cookies\" target=\"_blank\" rel=\"nofollow noopener\">Chrome<\/a><\/li>\n<li><a href=\"http:\/\/windows.microsoft.com\/it-it\/windows-vista\/block-or-allow-cookies\" target=\"_blank\" rel=\"nofollow noopener\">Internet Explorer<\/a><\/li>\n<li><a href=\"https:\/\/support.microsoft.com\/it-it\/help\/4027947\/microsoft-edge-delete-cookies\" target=\"_blank\" rel=\"nofollow noopener\">Microsoft Edge<\/a><\/li>\n<li><a href=\"https:\/\/support.mozilla.org\/it\/kb\/Disattivare%20i%20cookie%20di%20terze%20parti\" target=\"_blank\" rel=\"nofollow noopener\">Firefox<\/a><\/li>\n<li><a href=\"https:\/\/support.apple.com\/it-it\/HT201265\" target=\"_blank\" rel=\"nofollow noopener\">Safari<\/a><\/li>\n<\/ul>\n<p>Pour supprimer les cookies du navigateur de votre smartphone ou de votre tablette, vous devez \u00e9galement vous r\u00e9f\u00e9rer au manuel d&#8217;utilisation de l&#8217;appareil en question.<\/p>\n<h2>8. Droits de la personne concern\u00e9e<\/h2>\n<p>Alice SRL, dans le respect des dispositions des articles 15, 16, 17, 18, 20 et 21 du R\u00e8glement sur la protection de la vie priv\u00e9e, vous informe que vous avez le droit :<\/p>\n<ul>\n<li>demander l&#8217;acc\u00e8s aux donn\u00e9es \u00e0 caract\u00e8re personnel (art. 15) et la rectification (art. 16) ou l&#8217;effacement des donn\u00e9es (Art. 17), ou la limitation du traitement (Art. 18) vous concernant, ou de vous opposer \u00e0 leur traitement (Art. 21), ainsi que le droit \u00e0 la portabilit\u00e9 des donn\u00e9es (Art. 20) ;<\/li>\n<li>de r\u00e9voquer le consentement \u00e0 tout moment sans pr\u00e9judice de la l\u00e9galit\u00e9 du traitement fond\u00e9 sur le consentement donn\u00e9 avant la r\u00e9vocation ;<\/li>\n<li>le droit de d\u00e9poser une plainte aupr\u00e8s de l&#8217;autorit\u00e9 charg\u00e9e de la protection des donn\u00e9es.<\/li>\n<\/ul>\n<p>Pour exercer les droits r\u00e9sum\u00e9s ci-dessus, les coordonn\u00e9es de l&#8217;entreprise sont les suivantes :<\/p>\n<p><strong>7Alice SRL<\/strong><\/p>\n<p>Alice SRL &#8211; Si\u00e8ge social : Via Cagnona 1253, 47030 San Mauro Pascoli (FC) &#8211; Bureau op\u00e9rationnel : Via Coriano 58, 47924, Rimini (RN) &#8211; Italie mondopelle.it@gmail.com, t\u00e9l. [+39] 3389475674  <\/p>\n<p>Informations mises \u00e0 jour le 14\/08\/2023<\/p>\n\t\t\t\t\t\t\t\t<\/div>\n\t\t\t\t<\/div>\n\t\t\t\t\t<\/div>\n\t\t\t\t<\/div>\n\t\t\t\t<\/div>\n\t\t","protected":false},"excerpt":{"rendered":"<p>Suivant une politique de transparence et de loyaut\u00e9, dans le respect de la r\u00e9glementation en vigueur et en r\u00e9f\u00e9rence notamment au R\u00e8glement UE 2016\/679 (ci-apr\u00e8s d\u00e9nomm\u00e9&#8221; R\u00e8glement sur la protection de la vie priv\u00e9e&#8220;) et, le cas \u00e9ch\u00e9ant, au d\u00e9cret l\u00e9gislatif. 30 juin 2003 no. 196 (ci-apr\u00e8s d\u00e9nomm\u00e9eCode de protection de la vie priv\u00e9e&#8220;), la soci\u00e9t\u00e9 Alice S.r.l. (ci-apr\u00e8s d\u00e9nomm\u00e9e la &#8221; Soci\u00e9t\u00e9 &#8221; ou &#8221; Alice SRL &#8220;), vous fournit un certain nombre d&#8217;informations&#8230;<\/p>\n","protected":false},"author":1,"featured_media":0,"parent":0,"menu_order":0,"comment_status":"closed","ping_status":"closed","template":"","meta":{"footnotes":""},"class_list":["post-27644","page","type-page","status-publish","hentry"],"yoast_head":"<!-- This site is optimized with the Yoast SEO plugin v27.3 - https:\/\/yoast.com\/product\/yoast-seo-wordpress\/ -->\n<title>Politique en mati\u00e8re de cookies - Mondopelle<\/title>\n<meta name=\"description\" content=\"Chaussures en cuir v\u00e9ritable \u00e0 la mode pour femmes Vente en ligne avec livraison gratuite et paiement \u00e0 la livraison\" \/>\n<meta name=\"robots\" content=\"index, follow, max-snippet:-1, max-image-preview:large, max-video-preview:-1\" \/>\n<link rel=\"canonical\" href=\"https:\/\/mondopelle.it\/fr\/politique-en-matiere-de-cookies\/\" \/>\n<meta property=\"og:locale\" content=\"fr_FR\" \/>\n<meta property=\"og:type\" content=\"article\" \/>\n<meta property=\"og:title\" content=\"Politique en mati\u00e8re de cookies - Mondopelle\" \/>\n<meta property=\"og:description\" content=\"Chaussures en cuir v\u00e9ritable \u00e0 la mode pour femmes Vente en ligne avec livraison gratuite et paiement \u00e0 la livraison\" \/>\n<meta property=\"og:url\" content=\"https:\/\/mondopelle.it\/fr\/politique-en-matiere-de-cookies\/\" \/>\n<meta property=\"og:site_name\" content=\"Mondopelle\" \/>\n<meta property=\"article:publisher\" content=\"https:\/\/www.facebook.com\/mondopelle\/\" \/>\n<meta property=\"article:modified_time\" content=\"2023-10-09T13:59:30+00:00\" \/>\n<meta name=\"twitter:card\" content=\"summary_large_image\" \/>\n<meta name=\"twitter:label1\" content=\"Dur\u00e9e de lecture estim\u00e9e\" \/>\n\t<meta name=\"twitter:data1\" content=\"7 minutes\" \/>\n<script type=\"application\/ld+json\" class=\"yoast-schema-graph\">{\"@context\":\"https:\\\/\\\/schema.org\",\"@graph\":[{\"@type\":\"WebPage\",\"@id\":\"https:\\\/\\\/mondopelle.it\\\/fr\\\/politique-en-matiere-de-cookies\\\/\",\"url\":\"https:\\\/\\\/mondopelle.it\\\/fr\\\/politique-en-matiere-de-cookies\\\/\",\"name\":\"Politique en mati\u00e8re de cookies - Mondopelle\",\"isPartOf\":{\"@id\":\"https:\\\/\\\/mondopelle.it\\\/fr\\\/#website\"},\"datePublished\":\"2023-08-14T22:17:36+00:00\",\"dateModified\":\"2023-10-09T13:59:30+00:00\",\"description\":\"Chaussures en cuir v\u00e9ritable \u00e0 la mode pour femmes Vente en ligne avec livraison gratuite et paiement \u00e0 la livraison\",\"breadcrumb\":{\"@id\":\"https:\\\/\\\/mondopelle.it\\\/fr\\\/politique-en-matiere-de-cookies\\\/#breadcrumb\"},\"inLanguage\":\"fr-FR\",\"potentialAction\":[{\"@type\":\"ReadAction\",\"target\":[\"https:\\\/\\\/mondopelle.it\\\/fr\\\/politique-en-matiere-de-cookies\\\/\"]}]},{\"@type\":\"BreadcrumbList\",\"@id\":\"https:\\\/\\\/mondopelle.it\\\/fr\\\/politique-en-matiere-de-cookies\\\/#breadcrumb\",\"itemListElement\":[{\"@type\":\"ListItem\",\"position\":1,\"name\":\"Page d'accueil\",\"item\":\"https:\\\/\\\/mondopelle.it\\\/fr\\\/home-new\\\/\"},{\"@type\":\"ListItem\",\"position\":2,\"name\":\"Politique en mati\u00e8re de cookies\"}]},{\"@type\":\"WebSite\",\"@id\":\"https:\\\/\\\/mondopelle.it\\\/fr\\\/#website\",\"url\":\"https:\\\/\\\/mondopelle.it\\\/fr\\\/\",\"name\":\"Mondopelle\",\"description\":\"\",\"publisher\":{\"@id\":\"https:\\\/\\\/mondopelle.it\\\/fr\\\/#organization\"},\"potentialAction\":[{\"@type\":\"SearchAction\",\"target\":{\"@type\":\"EntryPoint\",\"urlTemplate\":\"https:\\\/\\\/mondopelle.it\\\/fr\\\/?s={search_term_string}\"},\"query-input\":{\"@type\":\"PropertyValueSpecification\",\"valueRequired\":true,\"valueName\":\"search_term_string\"}}],\"inLanguage\":\"fr-FR\"},{\"@type\":\"Organization\",\"@id\":\"https:\\\/\\\/mondopelle.it\\\/fr\\\/#organization\",\"name\":\"Mondopelle\",\"url\":\"https:\\\/\\\/mondopelle.it\\\/fr\\\/\",\"logo\":{\"@type\":\"ImageObject\",\"inLanguage\":\"fr-FR\",\"@id\":\"https:\\\/\\\/mondopelle.it\\\/fr\\\/#\\\/schema\\\/logo\\\/image\\\/\",\"url\":\"https:\\\/\\\/mondopelle.it\\\/wp-content\\\/uploads\\\/2023\\\/07\\\/logo_mp-283x55-1.png\",\"contentUrl\":\"https:\\\/\\\/mondopelle.it\\\/wp-content\\\/uploads\\\/2023\\\/07\\\/logo_mp-283x55-1.png\",\"width\":283,\"height\":55,\"caption\":\"Mondopelle\"},\"image\":{\"@id\":\"https:\\\/\\\/mondopelle.it\\\/fr\\\/#\\\/schema\\\/logo\\\/image\\\/\"},\"sameAs\":[\"https:\\\/\\\/www.facebook.com\\\/mondopelle\\\/\",\"https:\\\/\\\/www.instagram.com\\\/mondopelle\\\/\"]}]}<\/script>\n<!-- \/ Yoast SEO plugin. -->","yoast_head_json":{"title":"Politique en mati\u00e8re de cookies - Mondopelle","description":"Chaussures en cuir v\u00e9ritable \u00e0 la mode pour femmes Vente en ligne avec livraison gratuite et paiement \u00e0 la livraison","robots":{"index":"index","follow":"follow","max-snippet":"max-snippet:-1","max-image-preview":"max-image-preview:large","max-video-preview":"max-video-preview:-1"},"canonical":"https:\/\/mondopelle.it\/fr\/politique-en-matiere-de-cookies\/","og_locale":"fr_FR","og_type":"article","og_title":"Politique en mati\u00e8re de cookies - Mondopelle","og_description":"Chaussures en cuir v\u00e9ritable \u00e0 la mode pour femmes Vente en ligne avec livraison gratuite et paiement \u00e0 la livraison","og_url":"https:\/\/mondopelle.it\/fr\/politique-en-matiere-de-cookies\/","og_site_name":"Mondopelle","article_publisher":"https:\/\/www.facebook.com\/mondopelle\/","article_modified_time":"2023-10-09T13:59:30+00:00","twitter_card":"summary_large_image","twitter_misc":{"Dur\u00e9e de lecture estim\u00e9e":"7 minutes"},"schema":{"@context":"https:\/\/schema.org","@graph":[{"@type":"WebPage","@id":"https:\/\/mondopelle.it\/fr\/politique-en-matiere-de-cookies\/","url":"https:\/\/mondopelle.it\/fr\/politique-en-matiere-de-cookies\/","name":"Politique en mati\u00e8re de cookies - Mondopelle","isPartOf":{"@id":"https:\/\/mondopelle.it\/fr\/#website"},"datePublished":"2023-08-14T22:17:36+00:00","dateModified":"2023-10-09T13:59:30+00:00","description":"Chaussures en cuir v\u00e9ritable \u00e0 la mode pour femmes Vente en ligne avec livraison gratuite et paiement \u00e0 la livraison","breadcrumb":{"@id":"https:\/\/mondopelle.it\/fr\/politique-en-matiere-de-cookies\/#breadcrumb"},"inLanguage":"fr-FR","potentialAction":[{"@type":"ReadAction","target":["https:\/\/mondopelle.it\/fr\/politique-en-matiere-de-cookies\/"]}]},{"@type":"BreadcrumbList","@id":"https:\/\/mondopelle.it\/fr\/politique-en-matiere-de-cookies\/#breadcrumb","itemListElement":[{"@type":"ListItem","position":1,"name":"Page d'accueil","item":"https:\/\/mondopelle.it\/fr\/home-new\/"},{"@type":"ListItem","position":2,"name":"Politique en mati\u00e8re de cookies"}]},{"@type":"WebSite","@id":"https:\/\/mondopelle.it\/fr\/#website","url":"https:\/\/mondopelle.it\/fr\/","name":"Mondopelle","description":"","publisher":{"@id":"https:\/\/mondopelle.it\/fr\/#organization"},"potentialAction":[{"@type":"SearchAction","target":{"@type":"EntryPoint","urlTemplate":"https:\/\/mondopelle.it\/fr\/?s={search_term_string}"},"query-input":{"@type":"PropertyValueSpecification","valueRequired":true,"valueName":"search_term_string"}}],"inLanguage":"fr-FR"},{"@type":"Organization","@id":"https:\/\/mondopelle.it\/fr\/#organization","name":"Mondopelle","url":"https:\/\/mondopelle.it\/fr\/","logo":{"@type":"ImageObject","inLanguage":"fr-FR","@id":"https:\/\/mondopelle.it\/fr\/#\/schema\/logo\/image\/","url":"https:\/\/mondopelle.it\/wp-content\/uploads\/2023\/07\/logo_mp-283x55-1.png","contentUrl":"https:\/\/mondopelle.it\/wp-content\/uploads\/2023\/07\/logo_mp-283x55-1.png","width":283,"height":55,"caption":"Mondopelle"},"image":{"@id":"https:\/\/mondopelle.it\/fr\/#\/schema\/logo\/image\/"},"sameAs":["https:\/\/www.facebook.com\/mondopelle\/","https:\/\/www.instagram.com\/mondopelle\/"]}]}},"_links":{"self":[{"href":"https:\/\/mondopelle.it\/fr\/wp-json\/wp\/v2\/pages\/27644","targetHints":{"allow":["GET"]}}],"collection":[{"href":"https:\/\/mondopelle.it\/fr\/wp-json\/wp\/v2\/pages"}],"about":[{"href":"https:\/\/mondopelle.it\/fr\/wp-json\/wp\/v2\/types\/page"}],"author":[{"embeddable":true,"href":"https:\/\/mondopelle.it\/fr\/wp-json\/wp\/v2\/users\/1"}],"replies":[{"embeddable":true,"href":"https:\/\/mondopelle.it\/fr\/wp-json\/wp\/v2\/comments?post=27644"}],"version-history":[{"count":0,"href":"https:\/\/mondopelle.it\/fr\/wp-json\/wp\/v2\/pages\/27644\/revisions"}],"wp:attachment":[{"href":"https:\/\/mondopelle.it\/fr\/wp-json\/wp\/v2\/media?parent=27644"}],"curies":[{"name":"wp","href":"https:\/\/api.w.org\/{rel}","templated":true}]}}