{"id":44704,"date":"2024-01-13T00:50:32","date_gmt":"2024-01-12T22:50:32","guid":{"rendered":"https:\/\/mondopelle.it\/shop\/non%20class\u00e9\/baskets-gio-pia144a\/"},"modified":"2025-07-16T21:53:55","modified_gmt":"2025-07-16T19:53:55","slug":"baskets-gio-pia144a","status":"publish","type":"product","link":"https:\/\/mondopelle.it\/fr\/shop\/chaussures\/baskets\/baskets-gio-pia144a\/","title":{"rendered":"Baskets Gio+ PIA144A"},"content":{"rendered":"<p>Cette derni\u00e8re mise \u00e0 jour de notre collection printemps\/\u00e9t\u00e9 2024 allie une esth\u00e9tique \u00e9l\u00e9gante \u00e0 un confort maximal ; Les baskets Gio Pi\u00f9 sont dot\u00e9es d&#8217;une tige en cuir de haute qualit\u00e9 et de d\u00e9tails en strass \u00e9tincelants, apportant une touche de glamour \u00e0 n&#8217;importe quelle tenue ; Que vous vous promeniez en ville ou que vous assistiez \u00e0 une occasion sp\u00e9ciale, ces baskets sont id\u00e9ales pour un look tendance et distinctif ;<\/p>\n","protected":false},"excerpt":{"rendered":"<p>Cette derni\u00e8re mise \u00e0 jour de notre collection printemps\/\u00e9t\u00e9 2024 allie une esth\u00e9tique \u00e9l\u00e9gante \u00e0 un confort maximal ; Les baskets Gio Pi\u00f9 sont dot\u00e9es d&#8217;une tige en cuir de haute qualit\u00e9 et de d\u00e9tails en strass \u00e9tincelants, apportant une touche de glamour \u00e0 n&#8217;importe quelle tenue ; Que vous vous promeniez en ville ou que vous assistiez \u00e0 une occasion sp\u00e9ciale, ces baskets sont id\u00e9ales pour un look tendance et distinctif ;<\/p>\n","protected":false},"featured_media":44255,"comment_status":"open","ping_status":"closed","template":"","meta":[],"etheme_brands":[{"term_id":947,"name":"Gio+","slug":"gio-fr","term_group":0,"term_taxonomy_id":947,"taxonomy":"brand","description":"Gio+, la marque italienne \u00e0 l'avant-garde du monde de la mode, est une expression authentique de l'\u00e9l\u00e9gance et du style. Sp\u00e9cialis\u00e9e dans la production de chaussures de haute qualit\u00e9, Gio+ se distingue par son attachement \u00e0 l'artisanat italien et \u00e0 l'utilisation exclusive de mat\u00e9riaux naturels tels que le cuir fin et le daim souple.\r\n\r\nLa vaste gamme de chaussures de Gio+ embrasse les derni\u00e8res tendances de la mode, offrant une s\u00e9lection \u00e9clectique qui comprend des baskets, des bottes, des bottines, des mocassins et bien d'autres choses encore. Chaque mod\u00e8le est un chef-d'\u0153uvre de design, avec des d\u00e9tails accrocheurs tels que des pierres brillantes, des strass, des perles et des d\u00e9corations originales. Les chaussures Gio+ sont une ode \u00e0 la cr\u00e9ativit\u00e9 et \u00e0 l'individualit\u00e9, exprimant un style unique \u00e0 chaque pas.\r\n\r\nDans notre boutique en ligne, mondopelle.it, vous pouvez vous immerger dans l'exp\u00e9rience Gio+ et d\u00e9couvrir la nouvelle collection. Les chaussures pour femmes Gio+ sont disponibles dans une vari\u00e9t\u00e9 de styles et de mod\u00e8les, garantissant un look sophistiqu\u00e9 et \u00e0 la mode pour chaque occasion. Gr\u00e2ce \u00e0 l'interface pratique de notre site, vous pouvez facilement explorer les derni\u00e8res nouveaut\u00e9s, lire les commentaires \u00e9logieux des clients et acheter les chaussures Gio+ \u00e0 des prix abordables.\r\n\r\nLes ventes p\u00e9riodiques propos\u00e9es sur notre site vous permettent de profiter de bonnes affaires pour agrandir votre collection de chaussures\u00a0\u00a0Gio+. Une qualit\u00e9 sup\u00e9rieure \u00e0 des prix avantageux\u00a0c'est ce qui caract\u00e9rise notre engagement \u00e0 fournir des produits exceptionnels \u00e0 nos clients.\r\n\r\nGr\u00e2ce \u00e0 leur conception innovante et \u00e0 leur souci du d\u00e9tail, les chaussures Gio+ s\u00e9duisent non seulement les jeunes \u00e0 la mode, mais aussi les femmes \u00e9l\u00e9gantes \u00e0 la recherche de chaussures alliant style et confort. La vari\u00e9t\u00e9 des styles permet \u00e0 Gio+ de r\u00e9pondre aux besoins d'un public vari\u00e9, en veillant \u00e0 ce que chacun puisse trouver la chaussure parfaite pour son style de vie..\r\n\r\nChoisir\u00a0la marque\u00a0Gio+\u00a0signifie faire partie d'un monde o\u00f9 le style rencontre la qualit\u00e9 et l'innovation. Gr\u00e2ce \u00e0 notre engagement \u00e0 maintenir Gio+\u00a0\u00e0 la pointe de la mode, nous pouvons offrir une exp\u00e9rience d'achat en ligne in\u00e9gal\u00e9e. Explorez la collection, trouvez la paire parfaite et plongez dans la beaut\u00e9 et l'originalit\u00e9 des chaussures Gio+ !\r\n\r\nEt n'oubliez pas de visiter notre page outlet pour d\u00e9couvrir des r\u00e9ductions incroyables sur beaucoup de vos chaussures Gio+ pr\u00e9f\u00e9r\u00e9es !","parent":0,"count":16,"filter":"raw"}],"product_brand":[],"product_cat":[1016,1013],"product_tag":[],"class_list":{"0":"post-44704","1":"product","2":"type-product","3":"status-publish","4":"has-post-thumbnail","6":"brand-gio-fr","7":"product_cat-baskets","8":"product_cat-chaussures","9":"pa_cvet-blanc","10":"pa_god-2024-fr-2","11":"pa_materialotdelkisnaruzhi-cuir","12":"pa_materialotdelkivnutri-cuir","13":"pa_materialpodoshv-caoutchouc","14":"pa_razmer-36-fr","15":"pa_razmer-37-fr-2","16":"pa_razmer-38-fr-2","17":"pa_razmer-39-fr","18":"pa_razmer-40-fr","19":"pa_razmer-41-fr","20":"pa_sezon-printemps-ete","21":"pa_stranaproizvoditelx-italie","23":"first","24":"instock","25":"sale","26":"shipping-taxable","27":"purchasable","28":"product-type-variable"},"yoast_head":"<!-- This site is optimized with the Yoast SEO plugin v27.5 - https:\/\/yoast.com\/product\/yoast-seo-wordpress\/ -->\n<title>Baskets Gio+ PIA144A - Mondopelle<\/title>\n<meta name=\"description\" content=\"Baskets Gio+ PIA144A Vente en ligne dans le monde entier. \u2713 Livraison gratuite et rapide, paiement \u00e0 la livraison et retours faciles. Commandez chez Mondopelle et recevez le meilleur de la mode !\" \/>\n<meta name=\"robots\" content=\"index, follow, max-snippet:-1, max-image-preview:large, max-video-preview:-1\" \/>\n<link rel=\"canonical\" href=\"https:\/\/mondopelle.it\/fr\/shop\/chaussures\/baskets\/baskets-gio-pia144a\/\" \/>\n<meta property=\"og:locale\" content=\"fr_FR\" \/>\n<meta property=\"og:type\" content=\"article\" \/>\n<meta property=\"og:title\" content=\"Baskets Gio+ PIA144A - Mondopelle\" \/>\n<meta property=\"og:description\" content=\"Baskets Gio+ PIA144A Vente en ligne dans le monde entier. \u2713 Livraison gratuite et rapide, paiement \u00e0 la livraison et retours faciles. Commandez chez Mondopelle et recevez le meilleur de la mode !\" \/>\n<meta property=\"og:url\" content=\"https:\/\/mondopelle.it\/fr\/shop\/chaussures\/baskets\/baskets-gio-pia144a\/\" \/>\n<meta property=\"og:site_name\" content=\"Mondopelle\" \/>\n<meta property=\"article:publisher\" content=\"https:\/\/www.facebook.com\/mondopelle\/\" \/>\n<meta property=\"article:modified_time\" content=\"2025-07-16T19:53:55+00:00\" \/>\n<meta property=\"og:image\" content=\"https:\/\/mondopelle.it\/wp-content\/uploads\/2024\/01\/foto-12-01-24-17-15-15.jpg\" \/>\n\t<meta property=\"og:image:width\" content=\"1512\" \/>\n\t<meta property=\"og:image:height\" content=\"1512\" \/>\n\t<meta property=\"og:image:type\" content=\"image\/jpeg\" \/>\n<meta name=\"twitter:card\" content=\"summary_large_image\" \/>\n<script type=\"application\/ld+json\" class=\"yoast-schema-graph\">{\"@context\":\"https:\\\/\\\/schema.org\",\"@graph\":[{\"@type\":\"WebPage\",\"@id\":\"https:\\\/\\\/mondopelle.it\\\/fr\\\/shop\\\/chaussures\\\/baskets\\\/baskets-gio-pia144a\\\/\",\"url\":\"https:\\\/\\\/mondopelle.it\\\/fr\\\/shop\\\/chaussures\\\/baskets\\\/baskets-gio-pia144a\\\/\",\"name\":\"Baskets Gio+ PIA144A - Mondopelle\",\"isPartOf\":{\"@id\":\"https:\\\/\\\/mondopelle.it\\\/fr\\\/#website\"},\"primaryImageOfPage\":{\"@id\":\"https:\\\/\\\/mondopelle.it\\\/fr\\\/shop\\\/chaussures\\\/baskets\\\/baskets-gio-pia144a\\\/#primaryimage\"},\"image\":{\"@id\":\"https:\\\/\\\/mondopelle.it\\\/fr\\\/shop\\\/chaussures\\\/baskets\\\/baskets-gio-pia144a\\\/#primaryimage\"},\"thumbnailUrl\":\"https:\\\/\\\/mondopelle.it\\\/wp-content\\\/uploads\\\/2024\\\/01\\\/foto-12-01-24-17-15-15.jpg\",\"datePublished\":\"2024-01-12T22:50:32+00:00\",\"dateModified\":\"2025-07-16T19:53:55+00:00\",\"description\":\"Baskets Gio+ PIA144A Vente en ligne dans le monde entier. \u2713 Livraison gratuite et rapide, paiement \u00e0 la livraison et retours faciles. Commandez chez Mondopelle et recevez le meilleur de la mode !\",\"breadcrumb\":{\"@id\":\"https:\\\/\\\/mondopelle.it\\\/fr\\\/shop\\\/chaussures\\\/baskets\\\/baskets-gio-pia144a\\\/#breadcrumb\"},\"inLanguage\":\"fr-FR\",\"potentialAction\":[{\"@type\":\"ReadAction\",\"target\":[\"https:\\\/\\\/mondopelle.it\\\/fr\\\/shop\\\/chaussures\\\/baskets\\\/baskets-gio-pia144a\\\/\"]}]},{\"@type\":\"ImageObject\",\"inLanguage\":\"fr-FR\",\"@id\":\"https:\\\/\\\/mondopelle.it\\\/fr\\\/shop\\\/chaussures\\\/baskets\\\/baskets-gio-pia144a\\\/#primaryimage\",\"url\":\"https:\\\/\\\/mondopelle.it\\\/wp-content\\\/uploads\\\/2024\\\/01\\\/foto-12-01-24-17-15-15.jpg\",\"contentUrl\":\"https:\\\/\\\/mondopelle.it\\\/wp-content\\\/uploads\\\/2024\\\/01\\\/foto-12-01-24-17-15-15.jpg\",\"width\":1512,\"height\":1512,\"caption\":\"Baskets Gio+ PIA156\"},{\"@type\":\"BreadcrumbList\",\"@id\":\"https:\\\/\\\/mondopelle.it\\\/fr\\\/shop\\\/chaussures\\\/baskets\\\/baskets-gio-pia144a\\\/#breadcrumb\",\"itemListElement\":[{\"@type\":\"ListItem\",\"position\":1,\"name\":\"Page d'accueil\",\"item\":\"https:\\\/\\\/mondopelle.it\\\/fr\\\/home-new\\\/\"},{\"@type\":\"ListItem\",\"position\":2,\"name\":\"Produits\",\"item\":\"https:\\\/\\\/mondopelle.it\\\/fr\\\/shop\\\/\"},{\"@type\":\"ListItem\",\"position\":3,\"name\":\"Baskets Gio+ PIA144A\"}]},{\"@type\":\"WebSite\",\"@id\":\"https:\\\/\\\/mondopelle.it\\\/fr\\\/#website\",\"url\":\"https:\\\/\\\/mondopelle.it\\\/fr\\\/\",\"name\":\"Mondopelle\",\"description\":\"\",\"publisher\":{\"@id\":\"https:\\\/\\\/mondopelle.it\\\/fr\\\/#organization\"},\"potentialAction\":[{\"@type\":\"SearchAction\",\"target\":{\"@type\":\"EntryPoint\",\"urlTemplate\":\"https:\\\/\\\/mondopelle.it\\\/fr\\\/?s={search_term_string}\"},\"query-input\":{\"@type\":\"PropertyValueSpecification\",\"valueRequired\":true,\"valueName\":\"search_term_string\"}}],\"inLanguage\":\"fr-FR\"},{\"@type\":\"Organization\",\"@id\":\"https:\\\/\\\/mondopelle.it\\\/fr\\\/#organization\",\"name\":\"Mondopelle\",\"url\":\"https:\\\/\\\/mondopelle.it\\\/fr\\\/\",\"logo\":{\"@type\":\"ImageObject\",\"inLanguage\":\"fr-FR\",\"@id\":\"https:\\\/\\\/mondopelle.it\\\/fr\\\/#\\\/schema\\\/logo\\\/image\\\/\",\"url\":\"https:\\\/\\\/mondopelle.it\\\/wp-content\\\/uploads\\\/2023\\\/07\\\/logo_mp-283x55-1.png\",\"contentUrl\":\"https:\\\/\\\/mondopelle.it\\\/wp-content\\\/uploads\\\/2023\\\/07\\\/logo_mp-283x55-1.png\",\"width\":283,\"height\":55,\"caption\":\"Mondopelle\"},\"image\":{\"@id\":\"https:\\\/\\\/mondopelle.it\\\/fr\\\/#\\\/schema\\\/logo\\\/image\\\/\"},\"sameAs\":[\"https:\\\/\\\/www.facebook.com\\\/mondopelle\\\/\",\"https:\\\/\\\/www.instagram.com\\\/mondopelle\\\/\"]}]}<\/script>\n<!-- \/ Yoast SEO plugin. -->","yoast_head_json":{"title":"Baskets Gio+ PIA144A - Mondopelle","description":"Baskets Gio+ PIA144A Vente en ligne dans le monde entier. \u2713 Livraison gratuite et rapide, paiement \u00e0 la livraison et retours faciles. Commandez chez Mondopelle et recevez le meilleur de la mode !","robots":{"index":"index","follow":"follow","max-snippet":"max-snippet:-1","max-image-preview":"max-image-preview:large","max-video-preview":"max-video-preview:-1"},"canonical":"https:\/\/mondopelle.it\/fr\/shop\/chaussures\/baskets\/baskets-gio-pia144a\/","og_locale":"fr_FR","og_type":"article","og_title":"Baskets Gio+ PIA144A - Mondopelle","og_description":"Baskets Gio+ PIA144A Vente en ligne dans le monde entier. \u2713 Livraison gratuite et rapide, paiement \u00e0 la livraison et retours faciles. Commandez chez Mondopelle et recevez le meilleur de la mode !","og_url":"https:\/\/mondopelle.it\/fr\/shop\/chaussures\/baskets\/baskets-gio-pia144a\/","og_site_name":"Mondopelle","article_publisher":"https:\/\/www.facebook.com\/mondopelle\/","article_modified_time":"2025-07-16T19:53:55+00:00","og_image":[{"width":1512,"height":1512,"url":"https:\/\/mondopelle.it\/wp-content\/uploads\/2024\/01\/foto-12-01-24-17-15-15.jpg","type":"image\/jpeg"}],"twitter_card":"summary_large_image","schema":{"@context":"https:\/\/schema.org","@graph":[{"@type":"WebPage","@id":"https:\/\/mondopelle.it\/fr\/shop\/chaussures\/baskets\/baskets-gio-pia144a\/","url":"https:\/\/mondopelle.it\/fr\/shop\/chaussures\/baskets\/baskets-gio-pia144a\/","name":"Baskets Gio+ PIA144A - Mondopelle","isPartOf":{"@id":"https:\/\/mondopelle.it\/fr\/#website"},"primaryImageOfPage":{"@id":"https:\/\/mondopelle.it\/fr\/shop\/chaussures\/baskets\/baskets-gio-pia144a\/#primaryimage"},"image":{"@id":"https:\/\/mondopelle.it\/fr\/shop\/chaussures\/baskets\/baskets-gio-pia144a\/#primaryimage"},"thumbnailUrl":"https:\/\/mondopelle.it\/wp-content\/uploads\/2024\/01\/foto-12-01-24-17-15-15.jpg","datePublished":"2024-01-12T22:50:32+00:00","dateModified":"2025-07-16T19:53:55+00:00","description":"Baskets Gio+ PIA144A Vente en ligne dans le monde entier. \u2713 Livraison gratuite et rapide, paiement \u00e0 la livraison et retours faciles. Commandez chez Mondopelle et recevez le meilleur de la mode !","breadcrumb":{"@id":"https:\/\/mondopelle.it\/fr\/shop\/chaussures\/baskets\/baskets-gio-pia144a\/#breadcrumb"},"inLanguage":"fr-FR","potentialAction":[{"@type":"ReadAction","target":["https:\/\/mondopelle.it\/fr\/shop\/chaussures\/baskets\/baskets-gio-pia144a\/"]}]},{"@type":"ImageObject","inLanguage":"fr-FR","@id":"https:\/\/mondopelle.it\/fr\/shop\/chaussures\/baskets\/baskets-gio-pia144a\/#primaryimage","url":"https:\/\/mondopelle.it\/wp-content\/uploads\/2024\/01\/foto-12-01-24-17-15-15.jpg","contentUrl":"https:\/\/mondopelle.it\/wp-content\/uploads\/2024\/01\/foto-12-01-24-17-15-15.jpg","width":1512,"height":1512,"caption":"Baskets Gio+ PIA156"},{"@type":"BreadcrumbList","@id":"https:\/\/mondopelle.it\/fr\/shop\/chaussures\/baskets\/baskets-gio-pia144a\/#breadcrumb","itemListElement":[{"@type":"ListItem","position":1,"name":"Page d'accueil","item":"https:\/\/mondopelle.it\/fr\/home-new\/"},{"@type":"ListItem","position":2,"name":"Produits","item":"https:\/\/mondopelle.it\/fr\/shop\/"},{"@type":"ListItem","position":3,"name":"Baskets Gio+ PIA144A"}]},{"@type":"WebSite","@id":"https:\/\/mondopelle.it\/fr\/#website","url":"https:\/\/mondopelle.it\/fr\/","name":"Mondopelle","description":"","publisher":{"@id":"https:\/\/mondopelle.it\/fr\/#organization"},"potentialAction":[{"@type":"SearchAction","target":{"@type":"EntryPoint","urlTemplate":"https:\/\/mondopelle.it\/fr\/?s={search_term_string}"},"query-input":{"@type":"PropertyValueSpecification","valueRequired":true,"valueName":"search_term_string"}}],"inLanguage":"fr-FR"},{"@type":"Organization","@id":"https:\/\/mondopelle.it\/fr\/#organization","name":"Mondopelle","url":"https:\/\/mondopelle.it\/fr\/","logo":{"@type":"ImageObject","inLanguage":"fr-FR","@id":"https:\/\/mondopelle.it\/fr\/#\/schema\/logo\/image\/","url":"https:\/\/mondopelle.it\/wp-content\/uploads\/2023\/07\/logo_mp-283x55-1.png","contentUrl":"https:\/\/mondopelle.it\/wp-content\/uploads\/2023\/07\/logo_mp-283x55-1.png","width":283,"height":55,"caption":"Mondopelle"},"image":{"@id":"https:\/\/mondopelle.it\/fr\/#\/schema\/logo\/image\/"},"sameAs":["https:\/\/www.facebook.com\/mondopelle\/","https:\/\/www.instagram.com\/mondopelle\/"]}]}},"_links":{"self":[{"href":"https:\/\/mondopelle.it\/fr\/wp-json\/wp\/v2\/product\/44704","targetHints":{"allow":["GET"]}}],"collection":[{"href":"https:\/\/mondopelle.it\/fr\/wp-json\/wp\/v2\/product"}],"about":[{"href":"https:\/\/mondopelle.it\/fr\/wp-json\/wp\/v2\/types\/product"}],"replies":[{"embeddable":true,"href":"https:\/\/mondopelle.it\/fr\/wp-json\/wp\/v2\/comments?post=44704"}],"version-history":[{"count":0,"href":"https:\/\/mondopelle.it\/fr\/wp-json\/wp\/v2\/product\/44704\/revisions"}],"wp:featuredmedia":[{"embeddable":true,"href":"https:\/\/mondopelle.it\/fr\/wp-json\/wp\/v2\/media\/44255"}],"wp:attachment":[{"href":"https:\/\/mondopelle.it\/fr\/wp-json\/wp\/v2\/media?parent=44704"}],"wp:term":[{"taxonomy":"brand","embeddable":true,"href":"https:\/\/mondopelle.it\/fr\/wp-json\/wp\/v2\/etheme_brands?post=44704"},{"taxonomy":"product_brand","embeddable":true,"href":"https:\/\/mondopelle.it\/fr\/wp-json\/wp\/v2\/product_brand?post=44704"},{"taxonomy":"product_cat","embeddable":true,"href":"https:\/\/mondopelle.it\/fr\/wp-json\/wp\/v2\/product_cat?post=44704"},{"taxonomy":"product_tag","embeddable":true,"href":"https:\/\/mondopelle.it\/fr\/wp-json\/wp\/v2\/product_tag?post=44704"}],"curies":[{"name":"wp","href":"https:\/\/api.w.org\/{rel}","templated":true}]}}