{"id":48993,"date":"2024-02-29T21:06:23","date_gmt":"2024-02-29T19:06:23","guid":{"rendered":"https:\/\/mondopelle.it\/?post_type=product&#038;p=48993"},"modified":"2025-04-09T22:36:18","modified_gmt":"2025-04-09T20:36:18","slug":"baskets-angelica-alana-01-panna-copia","status":"publish","type":"product","link":"https:\/\/mondopelle.it\/fr\/shop\/chaussures\/baskets\/baskets-angelica-alana-01-panna-copia\/","title":{"rendered":"Baskets Angelica Claire 18B"},"content":{"rendered":"<p>Baskets \u00e0 la mode et confortables de la nouvelle collection d&#8217;Angelica, en cuir v\u00e9ritable souple entrelac\u00e9 de cuir lamin\u00e9 ; Ces chaussures sont un excellent choix pour ceux qui appr\u00e9cient le confort et la qualit\u00e9, mais ne veulent pas faire de compromis sur les d\u00e9tails \u00e9l\u00e9gants de leur look ; Le cuir souple assure un confort maximal lors de l&#8217;utilisation, tandis que les couleurs lamin\u00e9es rendent les baskets encore plus raffin\u00e9es et spectaculaires ; Nous sommes certains que ces baskets plairont aux amateurs de simplicit\u00e9 et d&#8217;\u00e9l\u00e9gance ainsi qu&#8217;aux connaisseurs de l&#8217;exclusivit\u00e9 et du luxe ; Une fois que vous aurez achet\u00e9 une paire, vous serez satisfait et en redemanderez !<\/p>\n","protected":false},"excerpt":{"rendered":"<p>Baskets \u00e0 la mode et confortables de la nouvelle collection d&#8217;Angelica, en cuir v\u00e9ritable souple entrelac\u00e9 de cuir lamin\u00e9 ; Ces chaussures sont un excellent choix pour ceux qui appr\u00e9cient le confort et la qualit\u00e9, mais ne veulent pas faire de compromis sur les d\u00e9tails \u00e9l\u00e9gants de leur look ; Le cuir souple assure un confort maximal lors de l&#8217;utilisation, tandis que les couleurs lamin\u00e9es rendent les baskets encore plus raffin\u00e9es et spectaculaires ; Nous&#8230;<\/p>\n","protected":false},"featured_media":49027,"comment_status":"open","ping_status":"closed","template":"","meta":[],"etheme_brands":[{"term_id":1081,"name":"Angelica","slug":"angelique","term_group":0,"term_taxonomy_id":1081,"taxonomy":"brand","description":"Ia marque Angelica, bien qu'elle ne figure pas parmi les plus connues, est un joyau cach\u00e9 pour les fashionistas \u00e0 la recherche de chaussures confortables et abordables. Sa large gamme de chaussures pour femmes, comprenant des baskets, des escarpins et des bottines en fourrure, se distingue par son confort et son style, offrant une option tendance pour chaque occasion.\r\n\r\nAngelica s'engage \u00e0 proposer des chaussures pour femmes fabriqu\u00e9es exclusivement \u00e0 partir de mat\u00e9riaux naturels de haute qualit\u00e9. Chaque paire de chaussures est con\u00e7ue pour assurer non seulement le confort des pieds, mais aussi un style \u00e0 la mode qui convient \u00e0 chaque personnalit\u00e9.\r\n\r\nLa collection d'Angelica comprend une vari\u00e9t\u00e9 de styles, des bottes fourr\u00e9es polyvalentes aux mocassins \u00e9l\u00e9gants, tous propos\u00e9s \u00e0 des prix abordables. Gr\u00e2ce \u00e0 notre engagement en faveur de la qualit\u00e9 et de l'accessibilit\u00e9, nous voulons vous offrir la possibilit\u00e9 de porter des chaussures \u00e0 la mode sans avoir \u00e0 compromettre votre budget.\r\n\r\nD\u00e9couvrez le confort et le style des chaussures pour femmes de la marque Angelica en visitant notre outlet - mondopelle.it. Profitez des soldes et des offres sp\u00e9ciales dans notre magasin pour acheter des chaussures de qualit\u00e9 \u00e0 des prix abordables. Angelica : pour celles qui recherchent le confort sans sacrifier le style.","parent":0,"count":7,"filter":"raw"}],"product_brand":[],"product_cat":[1016,1013],"product_tag":[],"class_list":{"0":"post-48993","1":"product","2":"type-product","3":"status-publish","4":"has-post-thumbnail","6":"brand-angelique","7":"product_cat-baskets","8":"product_cat-chaussures","9":"pa_cvet-argent","10":"pa_cvet-beige","11":"pa_cvet-lazur","12":"pa_god-2024-fr-2","13":"pa_materialotdelkisnaruzhi-cuir","14":"pa_materialotdelkivnutri-cuir","15":"pa_materialpodoshv-caoutchouc","16":"pa_razmer-36-fr","17":"pa_razmer-37-fr-2","18":"pa_razmer-38-fr-2","19":"pa_razmer-39-fr","20":"pa_razmer-40-fr","21":"pa_razmer-41-fr","22":"pa_sezon-printemps-ete","23":"pa_stranaproizvoditelx-italie","25":"first","26":"instock","27":"sale","28":"shipping-taxable","29":"purchasable","30":"product-type-variable"},"yoast_head":"<!-- This site is optimized with the Yoast SEO plugin v27.5 - https:\/\/yoast.com\/product\/yoast-seo-wordpress\/ -->\n<title>Baskets Angelica Claire 18B - Mondopelle<\/title>\n<meta name=\"description\" content=\"Baskets Angelica Claire 18B Vente en ligne dans le monde entier. \u2713 Livraison gratuite et rapide, paiement \u00e0 la livraison et retours faciles. Commandez chez Mondopelle et recevez le meilleur de la mode !\" \/>\n<meta name=\"robots\" content=\"index, follow, max-snippet:-1, max-image-preview:large, max-video-preview:-1\" \/>\n<link rel=\"canonical\" href=\"https:\/\/mondopelle.it\/fr\/shop\/chaussures\/baskets\/baskets-angelica-alana-01-panna-copia\/\" \/>\n<meta property=\"og:locale\" content=\"fr_FR\" \/>\n<meta property=\"og:type\" content=\"article\" \/>\n<meta property=\"og:title\" content=\"Baskets Angelica Claire 18B - Mondopelle\" \/>\n<meta property=\"og:description\" content=\"Baskets Angelica Claire 18B Vente en ligne dans le monde entier. \u2713 Livraison gratuite et rapide, paiement \u00e0 la livraison et retours faciles. Commandez chez Mondopelle et recevez le meilleur de la mode !\" \/>\n<meta property=\"og:url\" content=\"https:\/\/mondopelle.it\/fr\/shop\/chaussures\/baskets\/baskets-angelica-alana-01-panna-copia\/\" \/>\n<meta property=\"og:site_name\" content=\"Mondopelle\" \/>\n<meta property=\"article:publisher\" content=\"https:\/\/www.facebook.com\/mondopelle\/\" \/>\n<meta property=\"article:modified_time\" content=\"2025-04-09T20:36:18+00:00\" \/>\n<meta property=\"og:image\" content=\"https:\/\/mondopelle.it\/wp-content\/uploads\/2024\/02\/Foto-29-02-24-20-04-31-1.jpg\" \/>\n\t<meta property=\"og:image:width\" content=\"1512\" \/>\n\t<meta property=\"og:image:height\" content=\"1512\" \/>\n\t<meta property=\"og:image:type\" content=\"image\/jpeg\" \/>\n<meta name=\"twitter:card\" content=\"summary_large_image\" \/>\n<meta name=\"twitter:label1\" content=\"Dur\u00e9e de lecture estim\u00e9e\" \/>\n\t<meta name=\"twitter:data1\" content=\"1 minute\" \/>\n<script type=\"application\/ld+json\" class=\"yoast-schema-graph\">{\"@context\":\"https:\\\/\\\/schema.org\",\"@graph\":[{\"@type\":\"WebPage\",\"@id\":\"https:\\\/\\\/mondopelle.it\\\/fr\\\/shop\\\/chaussures\\\/baskets\\\/baskets-angelica-alana-01-panna-copia\\\/\",\"url\":\"https:\\\/\\\/mondopelle.it\\\/fr\\\/shop\\\/chaussures\\\/baskets\\\/baskets-angelica-alana-01-panna-copia\\\/\",\"name\":\"Baskets Angelica Claire 18B - Mondopelle\",\"isPartOf\":{\"@id\":\"https:\\\/\\\/mondopelle.it\\\/fr\\\/#website\"},\"primaryImageOfPage\":{\"@id\":\"https:\\\/\\\/mondopelle.it\\\/fr\\\/shop\\\/chaussures\\\/baskets\\\/baskets-angelica-alana-01-panna-copia\\\/#primaryimage\"},\"image\":{\"@id\":\"https:\\\/\\\/mondopelle.it\\\/fr\\\/shop\\\/chaussures\\\/baskets\\\/baskets-angelica-alana-01-panna-copia\\\/#primaryimage\"},\"thumbnailUrl\":\"https:\\\/\\\/mondopelle.it\\\/wp-content\\\/uploads\\\/2024\\\/02\\\/Foto-29-02-24-20-04-31-1.jpg\",\"datePublished\":\"2024-02-29T19:06:23+00:00\",\"dateModified\":\"2025-04-09T20:36:18+00:00\",\"description\":\"Baskets Angelica Claire 18B Vente en ligne dans le monde entier. \u2713 Livraison gratuite et rapide, paiement \u00e0 la livraison et retours faciles. Commandez chez Mondopelle et recevez le meilleur de la mode !\",\"breadcrumb\":{\"@id\":\"https:\\\/\\\/mondopelle.it\\\/fr\\\/shop\\\/chaussures\\\/baskets\\\/baskets-angelica-alana-01-panna-copia\\\/#breadcrumb\"},\"inLanguage\":\"fr-FR\",\"potentialAction\":[{\"@type\":\"ReadAction\",\"target\":[\"https:\\\/\\\/mondopelle.it\\\/fr\\\/shop\\\/chaussures\\\/baskets\\\/baskets-angelica-alana-01-panna-copia\\\/\"]}]},{\"@type\":\"ImageObject\",\"inLanguage\":\"fr-FR\",\"@id\":\"https:\\\/\\\/mondopelle.it\\\/fr\\\/shop\\\/chaussures\\\/baskets\\\/baskets-angelica-alana-01-panna-copia\\\/#primaryimage\",\"url\":\"https:\\\/\\\/mondopelle.it\\\/wp-content\\\/uploads\\\/2024\\\/02\\\/Foto-29-02-24-20-04-31-1.jpg\",\"contentUrl\":\"https:\\\/\\\/mondopelle.it\\\/wp-content\\\/uploads\\\/2024\\\/02\\\/Foto-29-02-24-20-04-31-1.jpg\",\"width\":1512,\"height\":1512,\"caption\":\"Baskets Angelica Claire 18B\"},{\"@type\":\"BreadcrumbList\",\"@id\":\"https:\\\/\\\/mondopelle.it\\\/fr\\\/shop\\\/chaussures\\\/baskets\\\/baskets-angelica-alana-01-panna-copia\\\/#breadcrumb\",\"itemListElement\":[{\"@type\":\"ListItem\",\"position\":1,\"name\":\"Page d'accueil\",\"item\":\"https:\\\/\\\/mondopelle.it\\\/fr\\\/home-new\\\/\"},{\"@type\":\"ListItem\",\"position\":2,\"name\":\"Produits\",\"item\":\"https:\\\/\\\/mondopelle.it\\\/fr\\\/shop\\\/\"},{\"@type\":\"ListItem\",\"position\":3,\"name\":\"Baskets Angelica Claire 18B\"}]},{\"@type\":\"WebSite\",\"@id\":\"https:\\\/\\\/mondopelle.it\\\/fr\\\/#website\",\"url\":\"https:\\\/\\\/mondopelle.it\\\/fr\\\/\",\"name\":\"Mondopelle\",\"description\":\"\",\"publisher\":{\"@id\":\"https:\\\/\\\/mondopelle.it\\\/fr\\\/#organization\"},\"potentialAction\":[{\"@type\":\"SearchAction\",\"target\":{\"@type\":\"EntryPoint\",\"urlTemplate\":\"https:\\\/\\\/mondopelle.it\\\/fr\\\/?s={search_term_string}\"},\"query-input\":{\"@type\":\"PropertyValueSpecification\",\"valueRequired\":true,\"valueName\":\"search_term_string\"}}],\"inLanguage\":\"fr-FR\"},{\"@type\":\"Organization\",\"@id\":\"https:\\\/\\\/mondopelle.it\\\/fr\\\/#organization\",\"name\":\"Mondopelle\",\"url\":\"https:\\\/\\\/mondopelle.it\\\/fr\\\/\",\"logo\":{\"@type\":\"ImageObject\",\"inLanguage\":\"fr-FR\",\"@id\":\"https:\\\/\\\/mondopelle.it\\\/fr\\\/#\\\/schema\\\/logo\\\/image\\\/\",\"url\":\"https:\\\/\\\/mondopelle.it\\\/wp-content\\\/uploads\\\/2023\\\/07\\\/logo_mp-283x55-1.png\",\"contentUrl\":\"https:\\\/\\\/mondopelle.it\\\/wp-content\\\/uploads\\\/2023\\\/07\\\/logo_mp-283x55-1.png\",\"width\":283,\"height\":55,\"caption\":\"Mondopelle\"},\"image\":{\"@id\":\"https:\\\/\\\/mondopelle.it\\\/fr\\\/#\\\/schema\\\/logo\\\/image\\\/\"},\"sameAs\":[\"https:\\\/\\\/www.facebook.com\\\/mondopelle\\\/\",\"https:\\\/\\\/www.instagram.com\\\/mondopelle\\\/\"]}]}<\/script>\n<!-- \/ Yoast SEO plugin. -->","yoast_head_json":{"title":"Baskets Angelica Claire 18B - Mondopelle","description":"Baskets Angelica Claire 18B Vente en ligne dans le monde entier. \u2713 Livraison gratuite et rapide, paiement \u00e0 la livraison et retours faciles. Commandez chez Mondopelle et recevez le meilleur de la mode !","robots":{"index":"index","follow":"follow","max-snippet":"max-snippet:-1","max-image-preview":"max-image-preview:large","max-video-preview":"max-video-preview:-1"},"canonical":"https:\/\/mondopelle.it\/fr\/shop\/chaussures\/baskets\/baskets-angelica-alana-01-panna-copia\/","og_locale":"fr_FR","og_type":"article","og_title":"Baskets Angelica Claire 18B - Mondopelle","og_description":"Baskets Angelica Claire 18B Vente en ligne dans le monde entier. \u2713 Livraison gratuite et rapide, paiement \u00e0 la livraison et retours faciles. Commandez chez Mondopelle et recevez le meilleur de la mode !","og_url":"https:\/\/mondopelle.it\/fr\/shop\/chaussures\/baskets\/baskets-angelica-alana-01-panna-copia\/","og_site_name":"Mondopelle","article_publisher":"https:\/\/www.facebook.com\/mondopelle\/","article_modified_time":"2025-04-09T20:36:18+00:00","og_image":[{"width":1512,"height":1512,"url":"https:\/\/mondopelle.it\/wp-content\/uploads\/2024\/02\/Foto-29-02-24-20-04-31-1.jpg","type":"image\/jpeg"}],"twitter_card":"summary_large_image","twitter_misc":{"Dur\u00e9e de lecture estim\u00e9e":"1 minute"},"schema":{"@context":"https:\/\/schema.org","@graph":[{"@type":"WebPage","@id":"https:\/\/mondopelle.it\/fr\/shop\/chaussures\/baskets\/baskets-angelica-alana-01-panna-copia\/","url":"https:\/\/mondopelle.it\/fr\/shop\/chaussures\/baskets\/baskets-angelica-alana-01-panna-copia\/","name":"Baskets Angelica Claire 18B - Mondopelle","isPartOf":{"@id":"https:\/\/mondopelle.it\/fr\/#website"},"primaryImageOfPage":{"@id":"https:\/\/mondopelle.it\/fr\/shop\/chaussures\/baskets\/baskets-angelica-alana-01-panna-copia\/#primaryimage"},"image":{"@id":"https:\/\/mondopelle.it\/fr\/shop\/chaussures\/baskets\/baskets-angelica-alana-01-panna-copia\/#primaryimage"},"thumbnailUrl":"https:\/\/mondopelle.it\/wp-content\/uploads\/2024\/02\/Foto-29-02-24-20-04-31-1.jpg","datePublished":"2024-02-29T19:06:23+00:00","dateModified":"2025-04-09T20:36:18+00:00","description":"Baskets Angelica Claire 18B Vente en ligne dans le monde entier. \u2713 Livraison gratuite et rapide, paiement \u00e0 la livraison et retours faciles. Commandez chez Mondopelle et recevez le meilleur de la mode !","breadcrumb":{"@id":"https:\/\/mondopelle.it\/fr\/shop\/chaussures\/baskets\/baskets-angelica-alana-01-panna-copia\/#breadcrumb"},"inLanguage":"fr-FR","potentialAction":[{"@type":"ReadAction","target":["https:\/\/mondopelle.it\/fr\/shop\/chaussures\/baskets\/baskets-angelica-alana-01-panna-copia\/"]}]},{"@type":"ImageObject","inLanguage":"fr-FR","@id":"https:\/\/mondopelle.it\/fr\/shop\/chaussures\/baskets\/baskets-angelica-alana-01-panna-copia\/#primaryimage","url":"https:\/\/mondopelle.it\/wp-content\/uploads\/2024\/02\/Foto-29-02-24-20-04-31-1.jpg","contentUrl":"https:\/\/mondopelle.it\/wp-content\/uploads\/2024\/02\/Foto-29-02-24-20-04-31-1.jpg","width":1512,"height":1512,"caption":"Baskets Angelica Claire 18B"},{"@type":"BreadcrumbList","@id":"https:\/\/mondopelle.it\/fr\/shop\/chaussures\/baskets\/baskets-angelica-alana-01-panna-copia\/#breadcrumb","itemListElement":[{"@type":"ListItem","position":1,"name":"Page d'accueil","item":"https:\/\/mondopelle.it\/fr\/home-new\/"},{"@type":"ListItem","position":2,"name":"Produits","item":"https:\/\/mondopelle.it\/fr\/shop\/"},{"@type":"ListItem","position":3,"name":"Baskets Angelica Claire 18B"}]},{"@type":"WebSite","@id":"https:\/\/mondopelle.it\/fr\/#website","url":"https:\/\/mondopelle.it\/fr\/","name":"Mondopelle","description":"","publisher":{"@id":"https:\/\/mondopelle.it\/fr\/#organization"},"potentialAction":[{"@type":"SearchAction","target":{"@type":"EntryPoint","urlTemplate":"https:\/\/mondopelle.it\/fr\/?s={search_term_string}"},"query-input":{"@type":"PropertyValueSpecification","valueRequired":true,"valueName":"search_term_string"}}],"inLanguage":"fr-FR"},{"@type":"Organization","@id":"https:\/\/mondopelle.it\/fr\/#organization","name":"Mondopelle","url":"https:\/\/mondopelle.it\/fr\/","logo":{"@type":"ImageObject","inLanguage":"fr-FR","@id":"https:\/\/mondopelle.it\/fr\/#\/schema\/logo\/image\/","url":"https:\/\/mondopelle.it\/wp-content\/uploads\/2023\/07\/logo_mp-283x55-1.png","contentUrl":"https:\/\/mondopelle.it\/wp-content\/uploads\/2023\/07\/logo_mp-283x55-1.png","width":283,"height":55,"caption":"Mondopelle"},"image":{"@id":"https:\/\/mondopelle.it\/fr\/#\/schema\/logo\/image\/"},"sameAs":["https:\/\/www.facebook.com\/mondopelle\/","https:\/\/www.instagram.com\/mondopelle\/"]}]}},"_links":{"self":[{"href":"https:\/\/mondopelle.it\/fr\/wp-json\/wp\/v2\/product\/48993","targetHints":{"allow":["GET"]}}],"collection":[{"href":"https:\/\/mondopelle.it\/fr\/wp-json\/wp\/v2\/product"}],"about":[{"href":"https:\/\/mondopelle.it\/fr\/wp-json\/wp\/v2\/types\/product"}],"replies":[{"embeddable":true,"href":"https:\/\/mondopelle.it\/fr\/wp-json\/wp\/v2\/comments?post=48993"}],"version-history":[{"count":0,"href":"https:\/\/mondopelle.it\/fr\/wp-json\/wp\/v2\/product\/48993\/revisions"}],"wp:featuredmedia":[{"embeddable":true,"href":"https:\/\/mondopelle.it\/fr\/wp-json\/wp\/v2\/media\/49027"}],"wp:attachment":[{"href":"https:\/\/mondopelle.it\/fr\/wp-json\/wp\/v2\/media?parent=48993"}],"wp:term":[{"taxonomy":"brand","embeddable":true,"href":"https:\/\/mondopelle.it\/fr\/wp-json\/wp\/v2\/etheme_brands?post=48993"},{"taxonomy":"product_brand","embeddable":true,"href":"https:\/\/mondopelle.it\/fr\/wp-json\/wp\/v2\/product_brand?post=48993"},{"taxonomy":"product_cat","embeddable":true,"href":"https:\/\/mondopelle.it\/fr\/wp-json\/wp\/v2\/product_cat?post=48993"},{"taxonomy":"product_tag","embeddable":true,"href":"https:\/\/mondopelle.it\/fr\/wp-json\/wp\/v2\/product_tag?post=48993"}],"curies":[{"name":"wp","href":"https:\/\/api.w.org\/{rel}","templated":true}]}}