{"id":50899,"date":"2024-03-10T17:43:09","date_gmt":"2024-03-10T15:43:09","guid":{"rendered":"https:\/\/mondopelle.it\/?post_type=product&#038;p=50899"},"modified":"2024-06-02T14:43:05","modified_gmt":"2024-06-02T12:43:05","slug":"chaussures-matteo-pitti-2202-copia","status":"publish","type":"product","link":"https:\/\/mondopelle.it\/fr\/shop\/chaussures\/sandales\/chaussures-matteo-pitti-2202-copia\/","title":{"rendered":"Sandales Matteo Pitti 1803"},"content":{"rendered":"<p>Plongez dans un monde de style et de confort avec nos sandales \u00e0 la mode dot\u00e9es d&#8217;une plateforme haute et d&#8217;un talon \u00e9l\u00e9gant et confortable ; Ces chefs-d&#8217;\u0153uvre de la chaussure sont con\u00e7us pour que vous vous sentiez non seulement grand, mais aussi \u00e0 la mode ;<\/p>\n<p>Nos sandales sont dot\u00e9es d&#8217;une plateforme audacieuse qui met en valeur vos pieds et donne de la d\u00e9finition \u00e0 chacun de vos pas ; Un talon haut ne vous donne pas seulement des centim\u00e8tres suppl\u00e9mentaires, mais aussi de l&#8217;assurance, en soulignant votre personnalit\u00e9 ;<\/p>\n<p>En outre, nous accordons une attention particuli\u00e8re au confort ; Nos sandales offrent stabilit\u00e9 et soutien, pour que chaque pas soit s\u00fbr et confortable ; Les mat\u00e9riaux de haute qualit\u00e9 utilis\u00e9s garantissent une durabilit\u00e9 et un style in\u00e9gal\u00e9s ;<\/p>\n<p>Choisissez nos sandales pour ajouter une touche de style audacieux et \u00e0 la mode \u00e0 votre look, tout en conservant un sentiment de confort et de s\u00e9curit\u00e9 \u00e0 tout moment de la journ\u00e9e ; Les regards seront attir\u00e9s vers vous et vous appr\u00e9cierez non seulement la hauteur, mais aussi le style impeccable ;<\/p>\n","protected":false},"excerpt":{"rendered":"<p>Plongez dans un monde de style et de confort avec nos sandales \u00e0 la mode dot\u00e9es d&#8217;une plateforme haute et d&#8217;un talon \u00e9l\u00e9gant et confortable ; Ces chefs-d&#8217;\u0153uvre de la chaussure sont con\u00e7us pour que vous vous sentiez non seulement grand, mais aussi \u00e0 la mode ; Nos sandales sont dot\u00e9es d&#8217;une plateforme audacieuse qui met en valeur vos pieds et donne de la d\u00e9finition \u00e0 chacun de vos pas ; Un talon haut ne&#8230;<\/p>\n","protected":false},"featured_media":48692,"comment_status":"open","ping_status":"closed","template":"","meta":[],"etheme_brands":[{"term_id":1475,"name":"Matteo Pitti","slug":"matteo-pitti-fr","term_group":0,"term_taxonomy_id":1475,"taxonomy":"brand","description":"La marque italienne Matteo Pitti est un embl\u00e8me de sophistication et de qualit\u00e9 dans le monde de la chaussure f\u00e9minine. Avec une production qui met l'accent sur la haute qualit\u00e9, Matteo Pitti se distingue en cr\u00e9ant des mod\u00e8les extr\u00eamement int\u00e9ressants et \u00e0 la mode, incarnant les derni\u00e8res tendances avec des couleurs vives et des solutions de conception innovantes. Chaque chaussure est le r\u00e9sultat d'une recherche approfondie de l'excellence, visant \u00e0 r\u00e9pondre aux besoins d'une femme \u00e9l\u00e9gante qui ne veut pas faire de compromis sur le confort.\n\nLa collection de Matteo Pitti est une c\u00e9l\u00e9bration des formes, des textures et des couleurs, con\u00e7ue pour attirer le regard et compl\u00e9ter la tenue avec une touche distinctive. Les chaussures se distinguent par des lignes \u00e9pur\u00e9es et des solutions de conception uniques qui allient \u00e9l\u00e9gance et praticit\u00e9, ce qui les rend parfaites pour toutes les occasions. La palette de couleurs, toujours attentive aux tendances actuelles, offre des nuances audacieuses et sophistiqu\u00e9es qui peuvent ajouter un \u00e9l\u00e9ment de distinction \u00e0 n'importe quelle garde-robe.\n\nLe confort n'est jamais secondaire : chaque mod\u00e8le est d\u00e9velopp\u00e9 sur la base d'une coupe qui garantit un confort durable, permettant de porter les chaussures de l'aube au cr\u00e9puscule sans sacrifier le bien-\u00eatre du pied. Cela est possible gr\u00e2ce \u00e0 l'utilisation de mat\u00e9riaux de qualit\u00e9 sup\u00e9rieure et \u00e0 une coupe con\u00e7ue pour s'adapter parfaitement \u00e0 la forme du pied f\u00e9minin.\nMatteo Pitti est donc plus qu'une marque de chaussures : c'est une promesse de beaut\u00e9, de confort et de qualit\u00e9, enti\u00e8rement produite en Italie. Les chaussures Matteo Pitti sont d\u00e9di\u00e9es aux femmes qui recherchent dans le style une forme d'expression personnelle, leur offrant la possibilit\u00e9 de se distinguer avec \u00e9l\u00e9gance et originalit\u00e9 \u00e0 chaque instant de la journ\u00e9e.","parent":0,"count":1,"filter":"raw"}],"product_brand":[],"product_cat":[1013,1207],"product_tag":[],"class_list":{"0":"post-50899","1":"product","2":"type-product","3":"status-publish","4":"has-post-thumbnail","6":"brand-matteo-pitti-fr","7":"product_cat-chaussures","8":"product_cat-sandales","9":"pa_cvet-viola-fr","10":"pa_god-2024-fr-2","11":"pa_materialotdelkisnaruzhi-vernis","12":"pa_materialotdelkivnutri-cuir","13":"pa_materialpodoshv-caoutchouc","14":"pa_razmer-36-fr","15":"pa_razmer-37-fr-2","16":"pa_razmer-38-fr-2","17":"pa_razmer-39-fr","18":"pa_razmer-40-fr","19":"pa_sezon-printemps-ete","20":"pa_stranaproizvoditelx-italie","21":"pa_vsotakabluka_sm-8-fr","23":"first","24":"instock","25":"sale","26":"shipping-taxable","27":"purchasable","28":"product-type-variable","29":"has-default-attributes"},"yoast_head":"<!-- This site is optimized with the Yoast SEO plugin v27.5 - https:\/\/yoast.com\/product\/yoast-seo-wordpress\/ -->\n<title>Sandales Matteo Pitti 1803 - Mondopelle<\/title>\n<meta name=\"description\" content=\"Sandales Matteo Pitti 1803 Vente en ligne dans le monde entier. \u2713 Livraison gratuite et rapide, paiement \u00e0 la livraison et retours faciles. Commandez chez Mondopelle et recevez le meilleur de la mode !\" \/>\n<meta name=\"robots\" content=\"index, follow, max-snippet:-1, max-image-preview:large, max-video-preview:-1\" \/>\n<link rel=\"canonical\" href=\"https:\/\/mondopelle.it\/fr\/shop\/chaussures\/sandales\/chaussures-matteo-pitti-2202-copia\/\" \/>\n<meta property=\"og:locale\" content=\"fr_FR\" \/>\n<meta property=\"og:type\" content=\"article\" \/>\n<meta property=\"og:title\" content=\"Sandales Matteo Pitti 1803 - Mondopelle\" \/>\n<meta property=\"og:description\" content=\"Sandales Matteo Pitti 1803 Vente en ligne dans le monde entier. \u2713 Livraison gratuite et rapide, paiement \u00e0 la livraison et retours faciles. Commandez chez Mondopelle et recevez le meilleur de la mode !\" \/>\n<meta property=\"og:url\" content=\"https:\/\/mondopelle.it\/fr\/shop\/chaussures\/sandales\/chaussures-matteo-pitti-2202-copia\/\" \/>\n<meta property=\"og:site_name\" content=\"Mondopelle\" \/>\n<meta property=\"article:publisher\" content=\"https:\/\/www.facebook.com\/mondopelle\/\" \/>\n<meta property=\"article:modified_time\" content=\"2024-06-02T12:43:05+00:00\" \/>\n<meta property=\"og:image\" content=\"https:\/\/mondopelle.it\/wp-content\/uploads\/2024\/02\/Foto-26-02-24-21-59-38-8.jpg\" \/>\n\t<meta property=\"og:image:width\" content=\"1512\" \/>\n\t<meta property=\"og:image:height\" content=\"1512\" \/>\n\t<meta property=\"og:image:type\" content=\"image\/jpeg\" \/>\n<meta name=\"twitter:card\" content=\"summary_large_image\" \/>\n<meta name=\"twitter:label1\" content=\"Dur\u00e9e de lecture estim\u00e9e\" \/>\n\t<meta name=\"twitter:data1\" content=\"1 minute\" \/>\n<script type=\"application\/ld+json\" class=\"yoast-schema-graph\">{\"@context\":\"https:\\\/\\\/schema.org\",\"@graph\":[{\"@type\":\"WebPage\",\"@id\":\"https:\\\/\\\/mondopelle.it\\\/fr\\\/shop\\\/chaussures\\\/sandales\\\/chaussures-matteo-pitti-2202-copia\\\/\",\"url\":\"https:\\\/\\\/mondopelle.it\\\/fr\\\/shop\\\/chaussures\\\/sandales\\\/chaussures-matteo-pitti-2202-copia\\\/\",\"name\":\"Sandales Matteo Pitti 1803 - Mondopelle\",\"isPartOf\":{\"@id\":\"https:\\\/\\\/mondopelle.it\\\/fr\\\/#website\"},\"primaryImageOfPage\":{\"@id\":\"https:\\\/\\\/mondopelle.it\\\/fr\\\/shop\\\/chaussures\\\/sandales\\\/chaussures-matteo-pitti-2202-copia\\\/#primaryimage\"},\"image\":{\"@id\":\"https:\\\/\\\/mondopelle.it\\\/fr\\\/shop\\\/chaussures\\\/sandales\\\/chaussures-matteo-pitti-2202-copia\\\/#primaryimage\"},\"thumbnailUrl\":\"https:\\\/\\\/mondopelle.it\\\/wp-content\\\/uploads\\\/2024\\\/02\\\/Foto-26-02-24-21-59-38-8.jpg\",\"datePublished\":\"2024-03-10T15:43:09+00:00\",\"dateModified\":\"2024-06-02T12:43:05+00:00\",\"description\":\"Sandales Matteo Pitti 1803 Vente en ligne dans le monde entier. \u2713 Livraison gratuite et rapide, paiement \u00e0 la livraison et retours faciles. Commandez chez Mondopelle et recevez le meilleur de la mode !\",\"breadcrumb\":{\"@id\":\"https:\\\/\\\/mondopelle.it\\\/fr\\\/shop\\\/chaussures\\\/sandales\\\/chaussures-matteo-pitti-2202-copia\\\/#breadcrumb\"},\"inLanguage\":\"fr-FR\",\"potentialAction\":[{\"@type\":\"ReadAction\",\"target\":[\"https:\\\/\\\/mondopelle.it\\\/fr\\\/shop\\\/chaussures\\\/sandales\\\/chaussures-matteo-pitti-2202-copia\\\/\"]}]},{\"@type\":\"ImageObject\",\"inLanguage\":\"fr-FR\",\"@id\":\"https:\\\/\\\/mondopelle.it\\\/fr\\\/shop\\\/chaussures\\\/sandales\\\/chaussures-matteo-pitti-2202-copia\\\/#primaryimage\",\"url\":\"https:\\\/\\\/mondopelle.it\\\/wp-content\\\/uploads\\\/2024\\\/02\\\/Foto-26-02-24-21-59-38-8.jpg\",\"contentUrl\":\"https:\\\/\\\/mondopelle.it\\\/wp-content\\\/uploads\\\/2024\\\/02\\\/Foto-26-02-24-21-59-38-8.jpg\",\"width\":1512,\"height\":1512,\"caption\":\"Sandales Fratelli Russo Benny S2402 vert ;\"},{\"@type\":\"BreadcrumbList\",\"@id\":\"https:\\\/\\\/mondopelle.it\\\/fr\\\/shop\\\/chaussures\\\/sandales\\\/chaussures-matteo-pitti-2202-copia\\\/#breadcrumb\",\"itemListElement\":[{\"@type\":\"ListItem\",\"position\":1,\"name\":\"Page d'accueil\",\"item\":\"https:\\\/\\\/mondopelle.it\\\/fr\\\/home-new\\\/\"},{\"@type\":\"ListItem\",\"position\":2,\"name\":\"Produits\",\"item\":\"https:\\\/\\\/mondopelle.it\\\/fr\\\/shop\\\/\"},{\"@type\":\"ListItem\",\"position\":3,\"name\":\"Sandales Matteo Pitti 1803\"}]},{\"@type\":\"WebSite\",\"@id\":\"https:\\\/\\\/mondopelle.it\\\/fr\\\/#website\",\"url\":\"https:\\\/\\\/mondopelle.it\\\/fr\\\/\",\"name\":\"Mondopelle\",\"description\":\"\",\"publisher\":{\"@id\":\"https:\\\/\\\/mondopelle.it\\\/fr\\\/#organization\"},\"potentialAction\":[{\"@type\":\"SearchAction\",\"target\":{\"@type\":\"EntryPoint\",\"urlTemplate\":\"https:\\\/\\\/mondopelle.it\\\/fr\\\/?s={search_term_string}\"},\"query-input\":{\"@type\":\"PropertyValueSpecification\",\"valueRequired\":true,\"valueName\":\"search_term_string\"}}],\"inLanguage\":\"fr-FR\"},{\"@type\":\"Organization\",\"@id\":\"https:\\\/\\\/mondopelle.it\\\/fr\\\/#organization\",\"name\":\"Mondopelle\",\"url\":\"https:\\\/\\\/mondopelle.it\\\/fr\\\/\",\"logo\":{\"@type\":\"ImageObject\",\"inLanguage\":\"fr-FR\",\"@id\":\"https:\\\/\\\/mondopelle.it\\\/fr\\\/#\\\/schema\\\/logo\\\/image\\\/\",\"url\":\"https:\\\/\\\/mondopelle.it\\\/wp-content\\\/uploads\\\/2023\\\/07\\\/logo_mp-283x55-1.png\",\"contentUrl\":\"https:\\\/\\\/mondopelle.it\\\/wp-content\\\/uploads\\\/2023\\\/07\\\/logo_mp-283x55-1.png\",\"width\":283,\"height\":55,\"caption\":\"Mondopelle\"},\"image\":{\"@id\":\"https:\\\/\\\/mondopelle.it\\\/fr\\\/#\\\/schema\\\/logo\\\/image\\\/\"},\"sameAs\":[\"https:\\\/\\\/www.facebook.com\\\/mondopelle\\\/\",\"https:\\\/\\\/www.instagram.com\\\/mondopelle\\\/\"]}]}<\/script>\n<!-- \/ Yoast SEO plugin. -->","yoast_head_json":{"title":"Sandales Matteo Pitti 1803 - Mondopelle","description":"Sandales Matteo Pitti 1803 Vente en ligne dans le monde entier. \u2713 Livraison gratuite et rapide, paiement \u00e0 la livraison et retours faciles. Commandez chez Mondopelle et recevez le meilleur de la mode !","robots":{"index":"index","follow":"follow","max-snippet":"max-snippet:-1","max-image-preview":"max-image-preview:large","max-video-preview":"max-video-preview:-1"},"canonical":"https:\/\/mondopelle.it\/fr\/shop\/chaussures\/sandales\/chaussures-matteo-pitti-2202-copia\/","og_locale":"fr_FR","og_type":"article","og_title":"Sandales Matteo Pitti 1803 - Mondopelle","og_description":"Sandales Matteo Pitti 1803 Vente en ligne dans le monde entier. \u2713 Livraison gratuite et rapide, paiement \u00e0 la livraison et retours faciles. Commandez chez Mondopelle et recevez le meilleur de la mode !","og_url":"https:\/\/mondopelle.it\/fr\/shop\/chaussures\/sandales\/chaussures-matteo-pitti-2202-copia\/","og_site_name":"Mondopelle","article_publisher":"https:\/\/www.facebook.com\/mondopelle\/","article_modified_time":"2024-06-02T12:43:05+00:00","og_image":[{"width":1512,"height":1512,"url":"https:\/\/mondopelle.it\/wp-content\/uploads\/2024\/02\/Foto-26-02-24-21-59-38-8.jpg","type":"image\/jpeg"}],"twitter_card":"summary_large_image","twitter_misc":{"Dur\u00e9e de lecture estim\u00e9e":"1 minute"},"schema":{"@context":"https:\/\/schema.org","@graph":[{"@type":"WebPage","@id":"https:\/\/mondopelle.it\/fr\/shop\/chaussures\/sandales\/chaussures-matteo-pitti-2202-copia\/","url":"https:\/\/mondopelle.it\/fr\/shop\/chaussures\/sandales\/chaussures-matteo-pitti-2202-copia\/","name":"Sandales Matteo Pitti 1803 - Mondopelle","isPartOf":{"@id":"https:\/\/mondopelle.it\/fr\/#website"},"primaryImageOfPage":{"@id":"https:\/\/mondopelle.it\/fr\/shop\/chaussures\/sandales\/chaussures-matteo-pitti-2202-copia\/#primaryimage"},"image":{"@id":"https:\/\/mondopelle.it\/fr\/shop\/chaussures\/sandales\/chaussures-matteo-pitti-2202-copia\/#primaryimage"},"thumbnailUrl":"https:\/\/mondopelle.it\/wp-content\/uploads\/2024\/02\/Foto-26-02-24-21-59-38-8.jpg","datePublished":"2024-03-10T15:43:09+00:00","dateModified":"2024-06-02T12:43:05+00:00","description":"Sandales Matteo Pitti 1803 Vente en ligne dans le monde entier. \u2713 Livraison gratuite et rapide, paiement \u00e0 la livraison et retours faciles. Commandez chez Mondopelle et recevez le meilleur de la mode !","breadcrumb":{"@id":"https:\/\/mondopelle.it\/fr\/shop\/chaussures\/sandales\/chaussures-matteo-pitti-2202-copia\/#breadcrumb"},"inLanguage":"fr-FR","potentialAction":[{"@type":"ReadAction","target":["https:\/\/mondopelle.it\/fr\/shop\/chaussures\/sandales\/chaussures-matteo-pitti-2202-copia\/"]}]},{"@type":"ImageObject","inLanguage":"fr-FR","@id":"https:\/\/mondopelle.it\/fr\/shop\/chaussures\/sandales\/chaussures-matteo-pitti-2202-copia\/#primaryimage","url":"https:\/\/mondopelle.it\/wp-content\/uploads\/2024\/02\/Foto-26-02-24-21-59-38-8.jpg","contentUrl":"https:\/\/mondopelle.it\/wp-content\/uploads\/2024\/02\/Foto-26-02-24-21-59-38-8.jpg","width":1512,"height":1512,"caption":"Sandales Fratelli Russo Benny S2402 vert ;"},{"@type":"BreadcrumbList","@id":"https:\/\/mondopelle.it\/fr\/shop\/chaussures\/sandales\/chaussures-matteo-pitti-2202-copia\/#breadcrumb","itemListElement":[{"@type":"ListItem","position":1,"name":"Page d'accueil","item":"https:\/\/mondopelle.it\/fr\/home-new\/"},{"@type":"ListItem","position":2,"name":"Produits","item":"https:\/\/mondopelle.it\/fr\/shop\/"},{"@type":"ListItem","position":3,"name":"Sandales Matteo Pitti 1803"}]},{"@type":"WebSite","@id":"https:\/\/mondopelle.it\/fr\/#website","url":"https:\/\/mondopelle.it\/fr\/","name":"Mondopelle","description":"","publisher":{"@id":"https:\/\/mondopelle.it\/fr\/#organization"},"potentialAction":[{"@type":"SearchAction","target":{"@type":"EntryPoint","urlTemplate":"https:\/\/mondopelle.it\/fr\/?s={search_term_string}"},"query-input":{"@type":"PropertyValueSpecification","valueRequired":true,"valueName":"search_term_string"}}],"inLanguage":"fr-FR"},{"@type":"Organization","@id":"https:\/\/mondopelle.it\/fr\/#organization","name":"Mondopelle","url":"https:\/\/mondopelle.it\/fr\/","logo":{"@type":"ImageObject","inLanguage":"fr-FR","@id":"https:\/\/mondopelle.it\/fr\/#\/schema\/logo\/image\/","url":"https:\/\/mondopelle.it\/wp-content\/uploads\/2023\/07\/logo_mp-283x55-1.png","contentUrl":"https:\/\/mondopelle.it\/wp-content\/uploads\/2023\/07\/logo_mp-283x55-1.png","width":283,"height":55,"caption":"Mondopelle"},"image":{"@id":"https:\/\/mondopelle.it\/fr\/#\/schema\/logo\/image\/"},"sameAs":["https:\/\/www.facebook.com\/mondopelle\/","https:\/\/www.instagram.com\/mondopelle\/"]}]}},"_links":{"self":[{"href":"https:\/\/mondopelle.it\/fr\/wp-json\/wp\/v2\/product\/50899","targetHints":{"allow":["GET"]}}],"collection":[{"href":"https:\/\/mondopelle.it\/fr\/wp-json\/wp\/v2\/product"}],"about":[{"href":"https:\/\/mondopelle.it\/fr\/wp-json\/wp\/v2\/types\/product"}],"replies":[{"embeddable":true,"href":"https:\/\/mondopelle.it\/fr\/wp-json\/wp\/v2\/comments?post=50899"}],"version-history":[{"count":0,"href":"https:\/\/mondopelle.it\/fr\/wp-json\/wp\/v2\/product\/50899\/revisions"}],"wp:featuredmedia":[{"embeddable":true,"href":"https:\/\/mondopelle.it\/fr\/wp-json\/wp\/v2\/media\/48692"}],"wp:attachment":[{"href":"https:\/\/mondopelle.it\/fr\/wp-json\/wp\/v2\/media?parent=50899"}],"wp:term":[{"taxonomy":"brand","embeddable":true,"href":"https:\/\/mondopelle.it\/fr\/wp-json\/wp\/v2\/etheme_brands?post=50899"},{"taxonomy":"product_brand","embeddable":true,"href":"https:\/\/mondopelle.it\/fr\/wp-json\/wp\/v2\/product_brand?post=50899"},{"taxonomy":"product_cat","embeddable":true,"href":"https:\/\/mondopelle.it\/fr\/wp-json\/wp\/v2\/product_cat?post=50899"},{"taxonomy":"product_tag","embeddable":true,"href":"https:\/\/mondopelle.it\/fr\/wp-json\/wp\/v2\/product_tag?post=50899"}],"curies":[{"name":"wp","href":"https:\/\/api.w.org\/{rel}","templated":true}]}}