{"id":54911,"date":"2024-04-26T19:38:17","date_gmt":"2024-04-26T17:38:17","guid":{"rendered":"https:\/\/mondopelle.it\/?post_type=product&#038;p=54911"},"modified":"2025-04-09T20:05:08","modified_gmt":"2025-04-09T18:05:08","slug":"sandales-fratelli-russo-elvira-s2406-copia-2","status":"publish","type":"product","link":"https:\/\/mondopelle.it\/fr\/shop\/chaussures\/sandales\/sandales-fratelli-russo-elvira-s2406-copia-2\/","title":{"rendered":"Mules Fratelli Russo Anna S2405"},"content":{"rendered":"<p><span class=\"\">Les mules \u00e0 talon aiguille de 3 cm de la marque italienne Fratelli Russo sont un mod\u00e8le tr\u00e8s sp\u00e9cial et tr\u00e8s tendance. Disponibles en noir, ces mules se distinguent par leur forme unique et accrocheuse. <\/span><span class=\"\">Confectionn\u00e9es en cuir de haute qualit\u00e9, ces mules noires \u00e0 lani\u00e8res bleues sont un mod\u00e8le exclusif de Fratelli Russo. Le design distinctif et le m\u00e9lange des couleurs font de ces mules un accessoire tendance, parfait pour compl\u00e9ter vos looks les plus glamour. <\/span><span class=\"\">Que vous choisissiez le mod\u00e8le \u00e0 talon orange ou le mod\u00e8le \u00e0 talon vert, les mules Fratelli Russo sont le r\u00e9sultat d&#8217;un travail artisanal attentif aux d\u00e9tails et \u00e0 l&#8217;innovation stylistique. Portez-les pour ajouter une touche de style unique et personnelle \u00e0 vos tenues.<\/span><\/p>\n","protected":false},"excerpt":{"rendered":"<p>Les mules \u00e0 talon aiguille de 3 cm de la marque italienne Fratelli Russo sont un mod\u00e8le tr\u00e8s sp\u00e9cial et tr\u00e8s tendance. Disponibles en noir, ces mules se distinguent par leur forme unique et accrocheuse. Confectionn\u00e9es en cuir de haute qualit\u00e9, ces mules noires \u00e0 lani\u00e8res bleues sont un mod\u00e8le exclusif de Fratelli Russo. Le design distinctif et le m\u00e9lange des couleurs font de ces mules un accessoire tendance, parfait pour compl\u00e9ter vos looks les&#8230;<\/p>\n","protected":false},"featured_media":48762,"comment_status":"open","ping_status":"closed","template":"","meta":[],"etheme_brands":[{"term_id":1467,"name":"Fratelli Russo","slug":"fratelli-russo-fr","term_group":0,"term_taxonomy_id":1467,"taxonomy":"brand","description":"Fratelli Russo est une marque italienne de chaussures qui se distingue par la cr\u00e9ation de mod\u00e8les int\u00e9ressants, \u00e9l\u00e9gants et \u00e0 la mode qui attirent l'attention et gagnent le c\u0153ur des amateurs de chaussures de qualit\u00e9. Cette marque est synonyme d'excellence dans l'industrie de la chaussure, offrant des produits qui se distinguent non seulement par leur design unique et accrocheur, mais qui sont aussi incroyablement confortables et fabriqu\u00e9s avec un savoir-faire exceptionnel.Chaque paire de chaussures Fratelli Russo est le r\u00e9sultat d'un processus de production m\u00e9ticuleux, alliant techniques traditionnelles et innovation. Le choix des mat\u00e9riaux est au c\u0153ur des pr\u00e9occupations de la marque, qui ne s\u00e9lectionne que les cuirs les plus souples et les plus r\u00e9sistants, afin de garantir un produit final de qualit\u00e9 sup\u00e9rieure et durable.\n\nLe confort est un autre pilier fondamental pour Fratelli Russo. Chaque mod\u00e8le est con\u00e7u en tenant compte de l'ergonomie du pied, garantissant un ajustement confortable qui permet de porter les chaussures toute la journ\u00e9e sans aucune g\u00eane. Cela est possible gr\u00e2ce \u00e0 l'utilisation de semelles int\u00e9rieures innovantes et \u00e0 la conception minutieuse de la forme de la chaussure, qui, ensemble, cr\u00e9ent une exp\u00e9rience de confort in\u00e9gal\u00e9e.\n\nFratelli Russo est plus qu'une simple marque de chaussures ; c'est une d\u00e9claration de style et de qualit\u00e9 qui refl\u00e8te l'amour et la passion pour l'excellence italienne. Ses collections sont un \u00e9quilibre parfait entre la mode et la fonctionnalit\u00e9, offrant des chaussures qui ne se contentent pas de compl\u00e9ter une tenue, mais l'\u00e9l\u00e8vent et la rendent m\u00e9morable.\n\nPorter une paire de chaussures Fratelli Russo, c'est choisir l'\u00e9l\u00e9gance intemporelle, la qualit\u00e9 sans compromis et le confort que seul l'artisanat italien peut offrir. Cette marque continue d'inspirer et d'innover, en restant fid\u00e8le \u00e0 son h\u00e9ritage et \u00e0 ses valeurs, gagnant les pieds et les c\u0153urs des amoureux de la mode dans le monde entier.","parent":0,"count":5,"filter":"raw"}],"product_brand":[],"product_cat":[1013,1207],"product_tag":[],"class_list":{"0":"post-54911","1":"product","2":"type-product","3":"status-publish","4":"has-post-thumbnail","6":"brand-fratelli-russo-fr","7":"product_cat-chaussures","8":"product_cat-sandales","9":"pa_cvet-noir","10":"pa_god-2024-fr-2","11":"pa_materialotdelkisnaruzhi-cuir","12":"pa_materialotdelkivnutri-cuir","13":"pa_materialpodoshv-cuir","14":"pa_razmer-36-fr","15":"pa_razmer-38-fr-2","16":"pa_razmer-39-fr","17":"pa_razmer-40-fr","18":"pa_razmer-41-fr","19":"pa_sezon-printemps-ete","20":"pa_stranaproizvoditelx-italie","21":"pa_vsotakabluka_sm-3-fr","23":"first","24":"instock","25":"sale","26":"shipping-taxable","27":"purchasable","28":"product-type-variable","29":"has-default-attributes"},"yoast_head":"<!-- This site is optimized with the Yoast SEO plugin v27.5 - https:\/\/yoast.com\/product\/yoast-seo-wordpress\/ -->\n<title>Mules Fratelli Russo Anna S2405 - Mondopelle<\/title>\n<meta name=\"description\" content=\"Mules Fratelli Russo Anna S2405 Vente en ligne dans le monde entier. \u2713 Livraison gratuite et rapide, paiement \u00e0 la livraison et retours faciles. Commandez chez Mondopelle et recevez le meilleur de la mode !\" \/>\n<meta name=\"robots\" content=\"index, follow, max-snippet:-1, max-image-preview:large, max-video-preview:-1\" \/>\n<link rel=\"canonical\" href=\"https:\/\/mondopelle.it\/fr\/shop\/chaussures\/sandales\/sandales-fratelli-russo-elvira-s2406-copia-2\/\" \/>\n<meta property=\"og:locale\" content=\"fr_FR\" \/>\n<meta property=\"og:type\" content=\"article\" \/>\n<meta property=\"og:title\" content=\"Mules Fratelli Russo Anna S2405 - Mondopelle\" \/>\n<meta property=\"og:description\" content=\"Mules Fratelli Russo Anna S2405 Vente en ligne dans le monde entier. \u2713 Livraison gratuite et rapide, paiement \u00e0 la livraison et retours faciles. Commandez chez Mondopelle et recevez le meilleur de la mode !\" \/>\n<meta property=\"og:url\" content=\"https:\/\/mondopelle.it\/fr\/shop\/chaussures\/sandales\/sandales-fratelli-russo-elvira-s2406-copia-2\/\" \/>\n<meta property=\"og:site_name\" content=\"Mondopelle\" \/>\n<meta property=\"article:publisher\" content=\"https:\/\/www.facebook.com\/mondopelle\/\" \/>\n<meta property=\"article:modified_time\" content=\"2025-04-09T18:05:08+00:00\" \/>\n<meta property=\"og:image\" content=\"https:\/\/mondopelle.it\/wp-content\/uploads\/2024\/02\/Foto-27-02-24-22-25-44-1.jpg\" \/>\n\t<meta property=\"og:image:width\" content=\"1512\" \/>\n\t<meta property=\"og:image:height\" content=\"1512\" \/>\n\t<meta property=\"og:image:type\" content=\"image\/jpeg\" \/>\n<meta name=\"twitter:card\" content=\"summary_large_image\" \/>\n<meta name=\"twitter:label1\" content=\"Dur\u00e9e de lecture estim\u00e9e\" \/>\n\t<meta name=\"twitter:data1\" content=\"1 minute\" \/>\n<script type=\"application\/ld+json\" class=\"yoast-schema-graph\">{\"@context\":\"https:\\\/\\\/schema.org\",\"@graph\":[{\"@type\":\"WebPage\",\"@id\":\"https:\\\/\\\/mondopelle.it\\\/fr\\\/shop\\\/chaussures\\\/sandales\\\/sandales-fratelli-russo-elvira-s2406-copia-2\\\/\",\"url\":\"https:\\\/\\\/mondopelle.it\\\/fr\\\/shop\\\/chaussures\\\/sandales\\\/sandales-fratelli-russo-elvira-s2406-copia-2\\\/\",\"name\":\"Mules Fratelli Russo Anna S2405 - Mondopelle\",\"isPartOf\":{\"@id\":\"https:\\\/\\\/mondopelle.it\\\/fr\\\/#website\"},\"primaryImageOfPage\":{\"@id\":\"https:\\\/\\\/mondopelle.it\\\/fr\\\/shop\\\/chaussures\\\/sandales\\\/sandales-fratelli-russo-elvira-s2406-copia-2\\\/#primaryimage\"},\"image\":{\"@id\":\"https:\\\/\\\/mondopelle.it\\\/fr\\\/shop\\\/chaussures\\\/sandales\\\/sandales-fratelli-russo-elvira-s2406-copia-2\\\/#primaryimage\"},\"thumbnailUrl\":\"https:\\\/\\\/mondopelle.it\\\/wp-content\\\/uploads\\\/2024\\\/02\\\/Foto-27-02-24-22-25-44-1.jpg\",\"datePublished\":\"2024-04-26T17:38:17+00:00\",\"dateModified\":\"2025-04-09T18:05:08+00:00\",\"description\":\"Mules Fratelli Russo Anna S2405 Vente en ligne dans le monde entier. \u2713 Livraison gratuite et rapide, paiement \u00e0 la livraison et retours faciles. Commandez chez Mondopelle et recevez le meilleur de la mode !\",\"breadcrumb\":{\"@id\":\"https:\\\/\\\/mondopelle.it\\\/fr\\\/shop\\\/chaussures\\\/sandales\\\/sandales-fratelli-russo-elvira-s2406-copia-2\\\/#breadcrumb\"},\"inLanguage\":\"fr-FR\",\"potentialAction\":[{\"@type\":\"ReadAction\",\"target\":[\"https:\\\/\\\/mondopelle.it\\\/fr\\\/shop\\\/chaussures\\\/sandales\\\/sandales-fratelli-russo-elvira-s2406-copia-2\\\/\"]}]},{\"@type\":\"ImageObject\",\"inLanguage\":\"fr-FR\",\"@id\":\"https:\\\/\\\/mondopelle.it\\\/fr\\\/shop\\\/chaussures\\\/sandales\\\/sandales-fratelli-russo-elvira-s2406-copia-2\\\/#primaryimage\",\"url\":\"https:\\\/\\\/mondopelle.it\\\/wp-content\\\/uploads\\\/2024\\\/02\\\/Foto-27-02-24-22-25-44-1.jpg\",\"contentUrl\":\"https:\\\/\\\/mondopelle.it\\\/wp-content\\\/uploads\\\/2024\\\/02\\\/Foto-27-02-24-22-25-44-1.jpg\",\"width\":1512,\"height\":1512,\"caption\":\"Sandales Fratelli Russo Benny S2402 vert ;\"},{\"@type\":\"BreadcrumbList\",\"@id\":\"https:\\\/\\\/mondopelle.it\\\/fr\\\/shop\\\/chaussures\\\/sandales\\\/sandales-fratelli-russo-elvira-s2406-copia-2\\\/#breadcrumb\",\"itemListElement\":[{\"@type\":\"ListItem\",\"position\":1,\"name\":\"Page d'accueil\",\"item\":\"https:\\\/\\\/mondopelle.it\\\/fr\\\/home-new\\\/\"},{\"@type\":\"ListItem\",\"position\":2,\"name\":\"Produits\",\"item\":\"https:\\\/\\\/mondopelle.it\\\/fr\\\/shop\\\/\"},{\"@type\":\"ListItem\",\"position\":3,\"name\":\"Mules Fratelli Russo Anna S2405\"}]},{\"@type\":\"WebSite\",\"@id\":\"https:\\\/\\\/mondopelle.it\\\/fr\\\/#website\",\"url\":\"https:\\\/\\\/mondopelle.it\\\/fr\\\/\",\"name\":\"Mondopelle\",\"description\":\"\",\"publisher\":{\"@id\":\"https:\\\/\\\/mondopelle.it\\\/fr\\\/#organization\"},\"potentialAction\":[{\"@type\":\"SearchAction\",\"target\":{\"@type\":\"EntryPoint\",\"urlTemplate\":\"https:\\\/\\\/mondopelle.it\\\/fr\\\/?s={search_term_string}\"},\"query-input\":{\"@type\":\"PropertyValueSpecification\",\"valueRequired\":true,\"valueName\":\"search_term_string\"}}],\"inLanguage\":\"fr-FR\"},{\"@type\":\"Organization\",\"@id\":\"https:\\\/\\\/mondopelle.it\\\/fr\\\/#organization\",\"name\":\"Mondopelle\",\"url\":\"https:\\\/\\\/mondopelle.it\\\/fr\\\/\",\"logo\":{\"@type\":\"ImageObject\",\"inLanguage\":\"fr-FR\",\"@id\":\"https:\\\/\\\/mondopelle.it\\\/fr\\\/#\\\/schema\\\/logo\\\/image\\\/\",\"url\":\"https:\\\/\\\/mondopelle.it\\\/wp-content\\\/uploads\\\/2023\\\/07\\\/logo_mp-283x55-1.png\",\"contentUrl\":\"https:\\\/\\\/mondopelle.it\\\/wp-content\\\/uploads\\\/2023\\\/07\\\/logo_mp-283x55-1.png\",\"width\":283,\"height\":55,\"caption\":\"Mondopelle\"},\"image\":{\"@id\":\"https:\\\/\\\/mondopelle.it\\\/fr\\\/#\\\/schema\\\/logo\\\/image\\\/\"},\"sameAs\":[\"https:\\\/\\\/www.facebook.com\\\/mondopelle\\\/\",\"https:\\\/\\\/www.instagram.com\\\/mondopelle\\\/\"]}]}<\/script>\n<!-- \/ Yoast SEO plugin. -->","yoast_head_json":{"title":"Mules Fratelli Russo Anna S2405 - Mondopelle","description":"Mules Fratelli Russo Anna S2405 Vente en ligne dans le monde entier. \u2713 Livraison gratuite et rapide, paiement \u00e0 la livraison et retours faciles. Commandez chez Mondopelle et recevez le meilleur de la mode !","robots":{"index":"index","follow":"follow","max-snippet":"max-snippet:-1","max-image-preview":"max-image-preview:large","max-video-preview":"max-video-preview:-1"},"canonical":"https:\/\/mondopelle.it\/fr\/shop\/chaussures\/sandales\/sandales-fratelli-russo-elvira-s2406-copia-2\/","og_locale":"fr_FR","og_type":"article","og_title":"Mules Fratelli Russo Anna S2405 - Mondopelle","og_description":"Mules Fratelli Russo Anna S2405 Vente en ligne dans le monde entier. \u2713 Livraison gratuite et rapide, paiement \u00e0 la livraison et retours faciles. Commandez chez Mondopelle et recevez le meilleur de la mode !","og_url":"https:\/\/mondopelle.it\/fr\/shop\/chaussures\/sandales\/sandales-fratelli-russo-elvira-s2406-copia-2\/","og_site_name":"Mondopelle","article_publisher":"https:\/\/www.facebook.com\/mondopelle\/","article_modified_time":"2025-04-09T18:05:08+00:00","og_image":[{"width":1512,"height":1512,"url":"https:\/\/mondopelle.it\/wp-content\/uploads\/2024\/02\/Foto-27-02-24-22-25-44-1.jpg","type":"image\/jpeg"}],"twitter_card":"summary_large_image","twitter_misc":{"Dur\u00e9e de lecture estim\u00e9e":"1 minute"},"schema":{"@context":"https:\/\/schema.org","@graph":[{"@type":"WebPage","@id":"https:\/\/mondopelle.it\/fr\/shop\/chaussures\/sandales\/sandales-fratelli-russo-elvira-s2406-copia-2\/","url":"https:\/\/mondopelle.it\/fr\/shop\/chaussures\/sandales\/sandales-fratelli-russo-elvira-s2406-copia-2\/","name":"Mules Fratelli Russo Anna S2405 - Mondopelle","isPartOf":{"@id":"https:\/\/mondopelle.it\/fr\/#website"},"primaryImageOfPage":{"@id":"https:\/\/mondopelle.it\/fr\/shop\/chaussures\/sandales\/sandales-fratelli-russo-elvira-s2406-copia-2\/#primaryimage"},"image":{"@id":"https:\/\/mondopelle.it\/fr\/shop\/chaussures\/sandales\/sandales-fratelli-russo-elvira-s2406-copia-2\/#primaryimage"},"thumbnailUrl":"https:\/\/mondopelle.it\/wp-content\/uploads\/2024\/02\/Foto-27-02-24-22-25-44-1.jpg","datePublished":"2024-04-26T17:38:17+00:00","dateModified":"2025-04-09T18:05:08+00:00","description":"Mules Fratelli Russo Anna S2405 Vente en ligne dans le monde entier. \u2713 Livraison gratuite et rapide, paiement \u00e0 la livraison et retours faciles. Commandez chez Mondopelle et recevez le meilleur de la mode !","breadcrumb":{"@id":"https:\/\/mondopelle.it\/fr\/shop\/chaussures\/sandales\/sandales-fratelli-russo-elvira-s2406-copia-2\/#breadcrumb"},"inLanguage":"fr-FR","potentialAction":[{"@type":"ReadAction","target":["https:\/\/mondopelle.it\/fr\/shop\/chaussures\/sandales\/sandales-fratelli-russo-elvira-s2406-copia-2\/"]}]},{"@type":"ImageObject","inLanguage":"fr-FR","@id":"https:\/\/mondopelle.it\/fr\/shop\/chaussures\/sandales\/sandales-fratelli-russo-elvira-s2406-copia-2\/#primaryimage","url":"https:\/\/mondopelle.it\/wp-content\/uploads\/2024\/02\/Foto-27-02-24-22-25-44-1.jpg","contentUrl":"https:\/\/mondopelle.it\/wp-content\/uploads\/2024\/02\/Foto-27-02-24-22-25-44-1.jpg","width":1512,"height":1512,"caption":"Sandales Fratelli Russo Benny S2402 vert ;"},{"@type":"BreadcrumbList","@id":"https:\/\/mondopelle.it\/fr\/shop\/chaussures\/sandales\/sandales-fratelli-russo-elvira-s2406-copia-2\/#breadcrumb","itemListElement":[{"@type":"ListItem","position":1,"name":"Page d'accueil","item":"https:\/\/mondopelle.it\/fr\/home-new\/"},{"@type":"ListItem","position":2,"name":"Produits","item":"https:\/\/mondopelle.it\/fr\/shop\/"},{"@type":"ListItem","position":3,"name":"Mules Fratelli Russo Anna S2405"}]},{"@type":"WebSite","@id":"https:\/\/mondopelle.it\/fr\/#website","url":"https:\/\/mondopelle.it\/fr\/","name":"Mondopelle","description":"","publisher":{"@id":"https:\/\/mondopelle.it\/fr\/#organization"},"potentialAction":[{"@type":"SearchAction","target":{"@type":"EntryPoint","urlTemplate":"https:\/\/mondopelle.it\/fr\/?s={search_term_string}"},"query-input":{"@type":"PropertyValueSpecification","valueRequired":true,"valueName":"search_term_string"}}],"inLanguage":"fr-FR"},{"@type":"Organization","@id":"https:\/\/mondopelle.it\/fr\/#organization","name":"Mondopelle","url":"https:\/\/mondopelle.it\/fr\/","logo":{"@type":"ImageObject","inLanguage":"fr-FR","@id":"https:\/\/mondopelle.it\/fr\/#\/schema\/logo\/image\/","url":"https:\/\/mondopelle.it\/wp-content\/uploads\/2023\/07\/logo_mp-283x55-1.png","contentUrl":"https:\/\/mondopelle.it\/wp-content\/uploads\/2023\/07\/logo_mp-283x55-1.png","width":283,"height":55,"caption":"Mondopelle"},"image":{"@id":"https:\/\/mondopelle.it\/fr\/#\/schema\/logo\/image\/"},"sameAs":["https:\/\/www.facebook.com\/mondopelle\/","https:\/\/www.instagram.com\/mondopelle\/"]}]}},"_links":{"self":[{"href":"https:\/\/mondopelle.it\/fr\/wp-json\/wp\/v2\/product\/54911","targetHints":{"allow":["GET"]}}],"collection":[{"href":"https:\/\/mondopelle.it\/fr\/wp-json\/wp\/v2\/product"}],"about":[{"href":"https:\/\/mondopelle.it\/fr\/wp-json\/wp\/v2\/types\/product"}],"replies":[{"embeddable":true,"href":"https:\/\/mondopelle.it\/fr\/wp-json\/wp\/v2\/comments?post=54911"}],"version-history":[{"count":0,"href":"https:\/\/mondopelle.it\/fr\/wp-json\/wp\/v2\/product\/54911\/revisions"}],"wp:featuredmedia":[{"embeddable":true,"href":"https:\/\/mondopelle.it\/fr\/wp-json\/wp\/v2\/media\/48762"}],"wp:attachment":[{"href":"https:\/\/mondopelle.it\/fr\/wp-json\/wp\/v2\/media?parent=54911"}],"wp:term":[{"taxonomy":"brand","embeddable":true,"href":"https:\/\/mondopelle.it\/fr\/wp-json\/wp\/v2\/etheme_brands?post=54911"},{"taxonomy":"product_brand","embeddable":true,"href":"https:\/\/mondopelle.it\/fr\/wp-json\/wp\/v2\/product_brand?post=54911"},{"taxonomy":"product_cat","embeddable":true,"href":"https:\/\/mondopelle.it\/fr\/wp-json\/wp\/v2\/product_cat?post=54911"},{"taxonomy":"product_tag","embeddable":true,"href":"https:\/\/mondopelle.it\/fr\/wp-json\/wp\/v2\/product_tag?post=54911"}],"curies":[{"name":"wp","href":"https:\/\/api.w.org\/{rel}","templated":true}]}}