{"id":54976,"date":"2024-04-26T20:08:58","date_gmt":"2024-04-26T18:08:58","guid":{"rendered":"https:\/\/mondopelle.it\/?post_type=product&#038;p=54976"},"modified":"2024-05-01T14:15:18","modified_gmt":"2024-05-01T12:15:18","slug":"mules-fratelli-russo-anna-s2405-copia","status":"publish","type":"product","link":"https:\/\/mondopelle.it\/fr\/shop\/chaussures\/sandales\/mules-fratelli-russo-anna-s2405-copia\/","title":{"rendered":"Slingback Fratelli Russo Anna S2403"},"content":{"rendered":"<p><span class=\"\">Les escarpins en cuir noir \u00e0 lani\u00e8res blanches de la marque italienne Fratelli Russo sont une interpr\u00e9tation unique et raffin\u00e9e de l&#8217;\u00e9l\u00e9gance discr\u00e8te. Caract\u00e9ris\u00e9es par un talon \u00e9troit de 3 cm de couleur verte brillante, ces chaussures se distinguent par leur design distinctif et tendance. <\/span><span class=\"\">L&#8217;association du cuir noir et des lani\u00e8res blanches conf\u00e8re \u00e0 ces chaussures une \u00e9l\u00e9gance intemporelle, tandis que le talon vert brillant ajoute une touche d&#8217;originalit\u00e9 et de modernit\u00e9. Fabriqu\u00e9es avec des mat\u00e9riaux de haute qualit\u00e9 et un savoir-faire impeccable, les chaussures Fratelli Russo sont un symbole de style et de sophistication. <\/span><span class=\"\">Porter ces escarpins Fratelli Russo, c&#8217;est adopter une esth\u00e9tique sophistiqu\u00e9e et contemporaine, parfaite pour compl\u00e9ter vos looks les plus chics et les plus distinctifs. Gr\u00e2ce \u00e0 leur design unique et \u00e0 l&#8217;attention port\u00e9e aux d\u00e9tails, ces chaussures constituent un ajout pr\u00e9cieux \u00e0 la garde-robe de ceux qui recherchent l&#8217;\u00e9l\u00e9gance et un style intemporel.<\/span><\/p>\n","protected":false},"excerpt":{"rendered":"<p>Les escarpins en cuir noir \u00e0 lani\u00e8res blanches de la marque italienne Fratelli Russo sont une interpr\u00e9tation unique et raffin\u00e9e de l&#8217;\u00e9l\u00e9gance discr\u00e8te. Caract\u00e9ris\u00e9es par un talon \u00e9troit de 3 cm de couleur verte brillante, ces chaussures se distinguent par leur design distinctif et tendance. L&#8217;association du cuir noir et des lani\u00e8res blanches conf\u00e8re \u00e0 ces chaussures une \u00e9l\u00e9gance intemporelle, tandis que le talon vert brillant ajoute une touche d&#8217;originalit\u00e9 et de modernit\u00e9. Fabriqu\u00e9es avec&#8230;<\/p>\n","protected":false},"featured_media":48827,"comment_status":"open","ping_status":"closed","template":"","meta":[],"etheme_brands":[{"term_id":1467,"name":"Fratelli Russo","slug":"fratelli-russo-fr","term_group":0,"term_taxonomy_id":1467,"taxonomy":"brand","description":"Fratelli Russo est une marque italienne de chaussures qui se distingue par la cr\u00e9ation de mod\u00e8les int\u00e9ressants, \u00e9l\u00e9gants et \u00e0 la mode qui attirent l'attention et gagnent le c\u0153ur des amateurs de chaussures de qualit\u00e9. Cette marque est synonyme d'excellence dans l'industrie de la chaussure, offrant des produits qui se distinguent non seulement par leur design unique et accrocheur, mais qui sont aussi incroyablement confortables et fabriqu\u00e9s avec un savoir-faire exceptionnel.Chaque paire de chaussures Fratelli Russo est le r\u00e9sultat d'un processus de production m\u00e9ticuleux, alliant techniques traditionnelles et innovation. Le choix des mat\u00e9riaux est au c\u0153ur des pr\u00e9occupations de la marque, qui ne s\u00e9lectionne que les cuirs les plus souples et les plus r\u00e9sistants, afin de garantir un produit final de qualit\u00e9 sup\u00e9rieure et durable.\n\nLe confort est un autre pilier fondamental pour Fratelli Russo. Chaque mod\u00e8le est con\u00e7u en tenant compte de l'ergonomie du pied, garantissant un ajustement confortable qui permet de porter les chaussures toute la journ\u00e9e sans aucune g\u00eane. Cela est possible gr\u00e2ce \u00e0 l'utilisation de semelles int\u00e9rieures innovantes et \u00e0 la conception minutieuse de la forme de la chaussure, qui, ensemble, cr\u00e9ent une exp\u00e9rience de confort in\u00e9gal\u00e9e.\n\nFratelli Russo est plus qu'une simple marque de chaussures ; c'est une d\u00e9claration de style et de qualit\u00e9 qui refl\u00e8te l'amour et la passion pour l'excellence italienne. Ses collections sont un \u00e9quilibre parfait entre la mode et la fonctionnalit\u00e9, offrant des chaussures qui ne se contentent pas de compl\u00e9ter une tenue, mais l'\u00e9l\u00e8vent et la rendent m\u00e9morable.\n\nPorter une paire de chaussures Fratelli Russo, c'est choisir l'\u00e9l\u00e9gance intemporelle, la qualit\u00e9 sans compromis et le confort que seul l'artisanat italien peut offrir. Cette marque continue d'inspirer et d'innover, en restant fid\u00e8le \u00e0 son h\u00e9ritage et \u00e0 ses valeurs, gagnant les pieds et les c\u0153urs des amoureux de la mode dans le monde entier.","parent":0,"count":5,"filter":"raw"}],"product_brand":[],"product_cat":[1013,1207],"product_tag":[],"class_list":{"0":"post-54976","1":"product","2":"type-product","3":"status-publish","4":"has-post-thumbnail","6":"brand-fratelli-russo-fr","7":"product_cat-chaussures","8":"product_cat-sandales","9":"pa_cvet-noir","10":"pa_god-2024-fr-2","11":"pa_materialotdelkisnaruzhi-cuir","12":"pa_materialotdelkivnutri-cuir","13":"pa_materialpodoshv-cuir","14":"pa_razmer-36-fr","15":"pa_razmer-37-fr-2","16":"pa_razmer-38-fr-2","17":"pa_razmer-39-fr","18":"pa_razmer-40-fr","19":"pa_razmer-41-fr","20":"pa_sezon-printemps-ete","21":"pa_stranaproizvoditelx-italie","22":"pa_vsotakabluka_sm-3-fr","24":"first","25":"instock","26":"sale","27":"shipping-taxable","28":"purchasable","29":"product-type-variable","30":"has-default-attributes"},"yoast_head":"<!-- This site is optimized with the Yoast SEO plugin v27.5 - https:\/\/yoast.com\/product\/yoast-seo-wordpress\/ -->\n<title>Slingback Fratelli Russo Anna S2403 - Mondopelle<\/title>\n<meta name=\"description\" content=\"Slingback Fratelli Russo Anna S2403 Vente en ligne dans le monde entier. \u2713 Livraison gratuite et rapide, paiement \u00e0 la livraison et retours faciles. Commandez chez Mondopelle et recevez le meilleur de la mode !\" \/>\n<meta name=\"robots\" content=\"index, follow, max-snippet:-1, max-image-preview:large, max-video-preview:-1\" \/>\n<link rel=\"canonical\" href=\"https:\/\/mondopelle.it\/fr\/shop\/chaussures\/sandales\/mules-fratelli-russo-anna-s2405-copia\/\" \/>\n<meta property=\"og:locale\" content=\"fr_FR\" \/>\n<meta property=\"og:type\" content=\"article\" \/>\n<meta property=\"og:title\" content=\"Slingback Fratelli Russo Anna S2403 - Mondopelle\" \/>\n<meta property=\"og:description\" content=\"Slingback Fratelli Russo Anna S2403 Vente en ligne dans le monde entier. \u2713 Livraison gratuite et rapide, paiement \u00e0 la livraison et retours faciles. Commandez chez Mondopelle et recevez le meilleur de la mode !\" \/>\n<meta property=\"og:url\" content=\"https:\/\/mondopelle.it\/fr\/shop\/chaussures\/sandales\/mules-fratelli-russo-anna-s2405-copia\/\" \/>\n<meta property=\"og:site_name\" content=\"Mondopelle\" \/>\n<meta property=\"article:publisher\" content=\"https:\/\/www.facebook.com\/mondopelle\/\" \/>\n<meta property=\"article:modified_time\" content=\"2024-05-01T12:15:18+00:00\" \/>\n<meta property=\"og:image\" content=\"https:\/\/mondopelle.it\/wp-content\/uploads\/2024\/02\/Foto-27-02-24-22-25-45-6.jpg\" \/>\n\t<meta property=\"og:image:width\" content=\"1512\" \/>\n\t<meta property=\"og:image:height\" content=\"1512\" \/>\n\t<meta property=\"og:image:type\" content=\"image\/jpeg\" \/>\n<meta name=\"twitter:card\" content=\"summary_large_image\" \/>\n<meta name=\"twitter:label1\" content=\"Dur\u00e9e de lecture estim\u00e9e\" \/>\n\t<meta name=\"twitter:data1\" content=\"1 minute\" \/>\n<script type=\"application\/ld+json\" class=\"yoast-schema-graph\">{\"@context\":\"https:\\\/\\\/schema.org\",\"@graph\":[{\"@type\":\"WebPage\",\"@id\":\"https:\\\/\\\/mondopelle.it\\\/fr\\\/shop\\\/chaussures\\\/sandales\\\/mules-fratelli-russo-anna-s2405-copia\\\/\",\"url\":\"https:\\\/\\\/mondopelle.it\\\/fr\\\/shop\\\/chaussures\\\/sandales\\\/mules-fratelli-russo-anna-s2405-copia\\\/\",\"name\":\"Slingback Fratelli Russo Anna S2403 - Mondopelle\",\"isPartOf\":{\"@id\":\"https:\\\/\\\/mondopelle.it\\\/fr\\\/#website\"},\"primaryImageOfPage\":{\"@id\":\"https:\\\/\\\/mondopelle.it\\\/fr\\\/shop\\\/chaussures\\\/sandales\\\/mules-fratelli-russo-anna-s2405-copia\\\/#primaryimage\"},\"image\":{\"@id\":\"https:\\\/\\\/mondopelle.it\\\/fr\\\/shop\\\/chaussures\\\/sandales\\\/mules-fratelli-russo-anna-s2405-copia\\\/#primaryimage\"},\"thumbnailUrl\":\"https:\\\/\\\/mondopelle.it\\\/wp-content\\\/uploads\\\/2024\\\/02\\\/Foto-27-02-24-22-25-45-6.jpg\",\"datePublished\":\"2024-04-26T18:08:58+00:00\",\"dateModified\":\"2024-05-01T12:15:18+00:00\",\"description\":\"Slingback Fratelli Russo Anna S2403 Vente en ligne dans le monde entier. \u2713 Livraison gratuite et rapide, paiement \u00e0 la livraison et retours faciles. Commandez chez Mondopelle et recevez le meilleur de la mode !\",\"breadcrumb\":{\"@id\":\"https:\\\/\\\/mondopelle.it\\\/fr\\\/shop\\\/chaussures\\\/sandales\\\/mules-fratelli-russo-anna-s2405-copia\\\/#breadcrumb\"},\"inLanguage\":\"fr-FR\",\"potentialAction\":[{\"@type\":\"ReadAction\",\"target\":[\"https:\\\/\\\/mondopelle.it\\\/fr\\\/shop\\\/chaussures\\\/sandales\\\/mules-fratelli-russo-anna-s2405-copia\\\/\"]}]},{\"@type\":\"ImageObject\",\"inLanguage\":\"fr-FR\",\"@id\":\"https:\\\/\\\/mondopelle.it\\\/fr\\\/shop\\\/chaussures\\\/sandales\\\/mules-fratelli-russo-anna-s2405-copia\\\/#primaryimage\",\"url\":\"https:\\\/\\\/mondopelle.it\\\/wp-content\\\/uploads\\\/2024\\\/02\\\/Foto-27-02-24-22-25-45-6.jpg\",\"contentUrl\":\"https:\\\/\\\/mondopelle.it\\\/wp-content\\\/uploads\\\/2024\\\/02\\\/Foto-27-02-24-22-25-45-6.jpg\",\"width\":1512,\"height\":1512,\"caption\":\"Sandales Fratelli Russo Benny S2402 vert ;\"},{\"@type\":\"BreadcrumbList\",\"@id\":\"https:\\\/\\\/mondopelle.it\\\/fr\\\/shop\\\/chaussures\\\/sandales\\\/mules-fratelli-russo-anna-s2405-copia\\\/#breadcrumb\",\"itemListElement\":[{\"@type\":\"ListItem\",\"position\":1,\"name\":\"Page d'accueil\",\"item\":\"https:\\\/\\\/mondopelle.it\\\/fr\\\/home-new\\\/\"},{\"@type\":\"ListItem\",\"position\":2,\"name\":\"Produits\",\"item\":\"https:\\\/\\\/mondopelle.it\\\/fr\\\/shop\\\/\"},{\"@type\":\"ListItem\",\"position\":3,\"name\":\"Slingback Fratelli Russo Anna S2403\"}]},{\"@type\":\"WebSite\",\"@id\":\"https:\\\/\\\/mondopelle.it\\\/fr\\\/#website\",\"url\":\"https:\\\/\\\/mondopelle.it\\\/fr\\\/\",\"name\":\"Mondopelle\",\"description\":\"\",\"publisher\":{\"@id\":\"https:\\\/\\\/mondopelle.it\\\/fr\\\/#organization\"},\"potentialAction\":[{\"@type\":\"SearchAction\",\"target\":{\"@type\":\"EntryPoint\",\"urlTemplate\":\"https:\\\/\\\/mondopelle.it\\\/fr\\\/?s={search_term_string}\"},\"query-input\":{\"@type\":\"PropertyValueSpecification\",\"valueRequired\":true,\"valueName\":\"search_term_string\"}}],\"inLanguage\":\"fr-FR\"},{\"@type\":\"Organization\",\"@id\":\"https:\\\/\\\/mondopelle.it\\\/fr\\\/#organization\",\"name\":\"Mondopelle\",\"url\":\"https:\\\/\\\/mondopelle.it\\\/fr\\\/\",\"logo\":{\"@type\":\"ImageObject\",\"inLanguage\":\"fr-FR\",\"@id\":\"https:\\\/\\\/mondopelle.it\\\/fr\\\/#\\\/schema\\\/logo\\\/image\\\/\",\"url\":\"https:\\\/\\\/mondopelle.it\\\/wp-content\\\/uploads\\\/2023\\\/07\\\/logo_mp-283x55-1.png\",\"contentUrl\":\"https:\\\/\\\/mondopelle.it\\\/wp-content\\\/uploads\\\/2023\\\/07\\\/logo_mp-283x55-1.png\",\"width\":283,\"height\":55,\"caption\":\"Mondopelle\"},\"image\":{\"@id\":\"https:\\\/\\\/mondopelle.it\\\/fr\\\/#\\\/schema\\\/logo\\\/image\\\/\"},\"sameAs\":[\"https:\\\/\\\/www.facebook.com\\\/mondopelle\\\/\",\"https:\\\/\\\/www.instagram.com\\\/mondopelle\\\/\"]}]}<\/script>\n<!-- \/ Yoast SEO plugin. -->","yoast_head_json":{"title":"Slingback Fratelli Russo Anna S2403 - Mondopelle","description":"Slingback Fratelli Russo Anna S2403 Vente en ligne dans le monde entier. \u2713 Livraison gratuite et rapide, paiement \u00e0 la livraison et retours faciles. Commandez chez Mondopelle et recevez le meilleur de la mode !","robots":{"index":"index","follow":"follow","max-snippet":"max-snippet:-1","max-image-preview":"max-image-preview:large","max-video-preview":"max-video-preview:-1"},"canonical":"https:\/\/mondopelle.it\/fr\/shop\/chaussures\/sandales\/mules-fratelli-russo-anna-s2405-copia\/","og_locale":"fr_FR","og_type":"article","og_title":"Slingback Fratelli Russo Anna S2403 - Mondopelle","og_description":"Slingback Fratelli Russo Anna S2403 Vente en ligne dans le monde entier. \u2713 Livraison gratuite et rapide, paiement \u00e0 la livraison et retours faciles. Commandez chez Mondopelle et recevez le meilleur de la mode !","og_url":"https:\/\/mondopelle.it\/fr\/shop\/chaussures\/sandales\/mules-fratelli-russo-anna-s2405-copia\/","og_site_name":"Mondopelle","article_publisher":"https:\/\/www.facebook.com\/mondopelle\/","article_modified_time":"2024-05-01T12:15:18+00:00","og_image":[{"width":1512,"height":1512,"url":"https:\/\/mondopelle.it\/wp-content\/uploads\/2024\/02\/Foto-27-02-24-22-25-45-6.jpg","type":"image\/jpeg"}],"twitter_card":"summary_large_image","twitter_misc":{"Dur\u00e9e de lecture estim\u00e9e":"1 minute"},"schema":{"@context":"https:\/\/schema.org","@graph":[{"@type":"WebPage","@id":"https:\/\/mondopelle.it\/fr\/shop\/chaussures\/sandales\/mules-fratelli-russo-anna-s2405-copia\/","url":"https:\/\/mondopelle.it\/fr\/shop\/chaussures\/sandales\/mules-fratelli-russo-anna-s2405-copia\/","name":"Slingback Fratelli Russo Anna S2403 - Mondopelle","isPartOf":{"@id":"https:\/\/mondopelle.it\/fr\/#website"},"primaryImageOfPage":{"@id":"https:\/\/mondopelle.it\/fr\/shop\/chaussures\/sandales\/mules-fratelli-russo-anna-s2405-copia\/#primaryimage"},"image":{"@id":"https:\/\/mondopelle.it\/fr\/shop\/chaussures\/sandales\/mules-fratelli-russo-anna-s2405-copia\/#primaryimage"},"thumbnailUrl":"https:\/\/mondopelle.it\/wp-content\/uploads\/2024\/02\/Foto-27-02-24-22-25-45-6.jpg","datePublished":"2024-04-26T18:08:58+00:00","dateModified":"2024-05-01T12:15:18+00:00","description":"Slingback Fratelli Russo Anna S2403 Vente en ligne dans le monde entier. \u2713 Livraison gratuite et rapide, paiement \u00e0 la livraison et retours faciles. Commandez chez Mondopelle et recevez le meilleur de la mode !","breadcrumb":{"@id":"https:\/\/mondopelle.it\/fr\/shop\/chaussures\/sandales\/mules-fratelli-russo-anna-s2405-copia\/#breadcrumb"},"inLanguage":"fr-FR","potentialAction":[{"@type":"ReadAction","target":["https:\/\/mondopelle.it\/fr\/shop\/chaussures\/sandales\/mules-fratelli-russo-anna-s2405-copia\/"]}]},{"@type":"ImageObject","inLanguage":"fr-FR","@id":"https:\/\/mondopelle.it\/fr\/shop\/chaussures\/sandales\/mules-fratelli-russo-anna-s2405-copia\/#primaryimage","url":"https:\/\/mondopelle.it\/wp-content\/uploads\/2024\/02\/Foto-27-02-24-22-25-45-6.jpg","contentUrl":"https:\/\/mondopelle.it\/wp-content\/uploads\/2024\/02\/Foto-27-02-24-22-25-45-6.jpg","width":1512,"height":1512,"caption":"Sandales Fratelli Russo Benny S2402 vert ;"},{"@type":"BreadcrumbList","@id":"https:\/\/mondopelle.it\/fr\/shop\/chaussures\/sandales\/mules-fratelli-russo-anna-s2405-copia\/#breadcrumb","itemListElement":[{"@type":"ListItem","position":1,"name":"Page d'accueil","item":"https:\/\/mondopelle.it\/fr\/home-new\/"},{"@type":"ListItem","position":2,"name":"Produits","item":"https:\/\/mondopelle.it\/fr\/shop\/"},{"@type":"ListItem","position":3,"name":"Slingback Fratelli Russo Anna S2403"}]},{"@type":"WebSite","@id":"https:\/\/mondopelle.it\/fr\/#website","url":"https:\/\/mondopelle.it\/fr\/","name":"Mondopelle","description":"","publisher":{"@id":"https:\/\/mondopelle.it\/fr\/#organization"},"potentialAction":[{"@type":"SearchAction","target":{"@type":"EntryPoint","urlTemplate":"https:\/\/mondopelle.it\/fr\/?s={search_term_string}"},"query-input":{"@type":"PropertyValueSpecification","valueRequired":true,"valueName":"search_term_string"}}],"inLanguage":"fr-FR"},{"@type":"Organization","@id":"https:\/\/mondopelle.it\/fr\/#organization","name":"Mondopelle","url":"https:\/\/mondopelle.it\/fr\/","logo":{"@type":"ImageObject","inLanguage":"fr-FR","@id":"https:\/\/mondopelle.it\/fr\/#\/schema\/logo\/image\/","url":"https:\/\/mondopelle.it\/wp-content\/uploads\/2023\/07\/logo_mp-283x55-1.png","contentUrl":"https:\/\/mondopelle.it\/wp-content\/uploads\/2023\/07\/logo_mp-283x55-1.png","width":283,"height":55,"caption":"Mondopelle"},"image":{"@id":"https:\/\/mondopelle.it\/fr\/#\/schema\/logo\/image\/"},"sameAs":["https:\/\/www.facebook.com\/mondopelle\/","https:\/\/www.instagram.com\/mondopelle\/"]}]}},"_links":{"self":[{"href":"https:\/\/mondopelle.it\/fr\/wp-json\/wp\/v2\/product\/54976","targetHints":{"allow":["GET"]}}],"collection":[{"href":"https:\/\/mondopelle.it\/fr\/wp-json\/wp\/v2\/product"}],"about":[{"href":"https:\/\/mondopelle.it\/fr\/wp-json\/wp\/v2\/types\/product"}],"replies":[{"embeddable":true,"href":"https:\/\/mondopelle.it\/fr\/wp-json\/wp\/v2\/comments?post=54976"}],"version-history":[{"count":0,"href":"https:\/\/mondopelle.it\/fr\/wp-json\/wp\/v2\/product\/54976\/revisions"}],"wp:featuredmedia":[{"embeddable":true,"href":"https:\/\/mondopelle.it\/fr\/wp-json\/wp\/v2\/media\/48827"}],"wp:attachment":[{"href":"https:\/\/mondopelle.it\/fr\/wp-json\/wp\/v2\/media?parent=54976"}],"wp:term":[{"taxonomy":"brand","embeddable":true,"href":"https:\/\/mondopelle.it\/fr\/wp-json\/wp\/v2\/etheme_brands?post=54976"},{"taxonomy":"product_brand","embeddable":true,"href":"https:\/\/mondopelle.it\/fr\/wp-json\/wp\/v2\/product_brand?post=54976"},{"taxonomy":"product_cat","embeddable":true,"href":"https:\/\/mondopelle.it\/fr\/wp-json\/wp\/v2\/product_cat?post=54976"},{"taxonomy":"product_tag","embeddable":true,"href":"https:\/\/mondopelle.it\/fr\/wp-json\/wp\/v2\/product_tag?post=54976"}],"curies":[{"name":"wp","href":"https:\/\/api.w.org\/{rel}","templated":true}]}}