{"id":57352,"date":"2024-06-15T20:11:10","date_gmt":"2024-06-15T18:11:10","guid":{"rendered":"https:\/\/mondopelle.it\/?post_type=product&#038;p=57352"},"modified":"2024-06-15T20:28:33","modified_gmt":"2024-06-15T18:28:33","slug":"chaussures-luca-grossi-ch748-copia","status":"publish","type":"product","link":"https:\/\/mondopelle.it\/fr\/shop\/chaussures\/chaussures-fr\/chaussures-luca-grossi-ch748-copia\/","title":{"rendered":"Chaussures Luca Grossi CH615"},"content":{"rendered":"<p>La nouvelle collection automne-hiver de la marque toscane Luca Grossi pr\u00e9sente un mod\u00e8le de d\u00e9collet\u00e9 \u00e9l\u00e9gant et raffin\u00e9. R\u00e9alis\u00e9es en cuir verni souple, ces chaussures se distinguent par une \u00e9l\u00e9gante boucle dor\u00e9e.<br \/>\nLe talon confortable et carr\u00e9 de 2 cm conf\u00e8re \u00e0 ces chaussures une allure \u00e9l\u00e9gante et f\u00e9minine, ce qui les rend parfaites pour les occasions formelles et informelles. L&#8217;artisanat italien et l&#8217;utilisation de mat\u00e9riaux de haute qualit\u00e9 garantissent un produit d&#8217;excellence, destin\u00e9 \u00e0 devenir un incontournable de l&#8217;automne.<br \/>\nCes escarpins en cuir verni noir verlux sont id\u00e9aux pour celles qui recherchent un style sophistiqu\u00e9 et tendance. Leur design unique s&#8217;adapte \u00e0 diff\u00e9rents styles, ce qui les rend polyvalents et faciles \u00e0 assortir.<br \/>\nAjoutez une touche d&#8217;\u00e9l\u00e9gance \u00e0 votre garde-robe avec ces splendides chaussures de Luca Grossi, un investissement qui vous apportera style et confort tout au long de la saison.<\/p>\n","protected":false},"excerpt":{"rendered":"<p>La nouvelle collection automne-hiver de la marque toscane Luca Grossi pr\u00e9sente un mod\u00e8le de d\u00e9collet\u00e9 \u00e9l\u00e9gant et raffin\u00e9. R\u00e9alis\u00e9es en cuir verni souple, ces chaussures se distinguent par une \u00e9l\u00e9gante boucle dor\u00e9e. Le talon confortable et carr\u00e9 de 2 cm conf\u00e8re \u00e0 ces chaussures une allure \u00e9l\u00e9gante et f\u00e9minine, ce qui les rend parfaites pour les occasions formelles et informelles. L&#8217;artisanat italien et l&#8217;utilisation de mat\u00e9riaux de haute qualit\u00e9 garantissent un produit d&#8217;excellence, destin\u00e9 \u00e0&#8230;<\/p>\n","protected":false},"featured_media":57245,"comment_status":"open","ping_status":"closed","template":"","meta":[],"etheme_brands":[],"product_brand":[],"product_cat":[1021,1013],"product_tag":[],"class_list":{"0":"post-57352","1":"product","2":"type-product","3":"status-publish","4":"has-post-thumbnail","6":"product_cat-chaussures-fr","7":"product_cat-chaussures","8":"pa_cvet-noir","9":"pa_god-2024-fr-2","10":"pa_materialotdelkisnaruzhi-vernis","11":"pa_materialotdelkivnutri-cuir","12":"pa_materialpodoshv-caoutchouc","13":"pa_razmer-36-fr","14":"pa_razmer-37-fr-2","15":"pa_razmer-38-fr-2","16":"pa_razmer-39-fr","17":"pa_razmer-40-fr","18":"pa_razmer-41-fr","19":"pa_sezon-automne-hiver","20":"pa_stranaproizvoditelx-italie","21":"pa_vsotakabluka_sm-2-fr","23":"first","24":"instock","25":"sale","26":"shipping-taxable","27":"purchasable","28":"product-type-variable"},"yoast_head":"<!-- This site is optimized with the Yoast SEO plugin v27.5 - https:\/\/yoast.com\/product\/yoast-seo-wordpress\/ -->\n<title>Chaussures Luca Grossi CH615 - Mondopelle<\/title>\n<meta name=\"description\" content=\"Chaussures Luca Grossi CH615 Vente en ligne dans le monde entier. \u2713 Livraison gratuite et rapide, paiement \u00e0 la livraison et retours faciles. Commandez chez Mondopelle et recevez le meilleur de la mode !\" \/>\n<meta name=\"robots\" content=\"index, follow, max-snippet:-1, max-image-preview:large, max-video-preview:-1\" \/>\n<link rel=\"canonical\" href=\"https:\/\/mondopelle.it\/fr\/shop\/chaussures\/chaussures-fr\/chaussures-luca-grossi-ch748-copia\/\" \/>\n<meta property=\"og:locale\" content=\"fr_FR\" \/>\n<meta property=\"og:type\" content=\"article\" \/>\n<meta property=\"og:title\" content=\"Chaussures Luca Grossi CH615 - Mondopelle\" \/>\n<meta property=\"og:description\" content=\"Chaussures Luca Grossi CH615 Vente en ligne dans le monde entier. \u2713 Livraison gratuite et rapide, paiement \u00e0 la livraison et retours faciles. Commandez chez Mondopelle et recevez le meilleur de la mode !\" \/>\n<meta property=\"og:url\" content=\"https:\/\/mondopelle.it\/fr\/shop\/chaussures\/chaussures-fr\/chaussures-luca-grossi-ch748-copia\/\" \/>\n<meta property=\"og:site_name\" content=\"Mondopelle\" \/>\n<meta property=\"article:publisher\" content=\"https:\/\/www.facebook.com\/mondopelle\/\" \/>\n<meta property=\"article:modified_time\" content=\"2024-06-15T18:28:33+00:00\" \/>\n<meta property=\"og:image\" content=\"https:\/\/mondopelle.it\/wp-content\/uploads\/2024\/06\/Foto-14-06-24-19-48-54-4-1.jpg\" \/>\n\t<meta property=\"og:image:width\" content=\"1353\" \/>\n\t<meta property=\"og:image:height\" content=\"1353\" \/>\n\t<meta property=\"og:image:type\" content=\"image\/jpeg\" \/>\n<meta name=\"twitter:card\" content=\"summary_large_image\" \/>\n<meta name=\"twitter:label1\" content=\"Dur\u00e9e de lecture estim\u00e9e\" \/>\n\t<meta name=\"twitter:data1\" content=\"1 minute\" \/>\n<script type=\"application\/ld+json\" class=\"yoast-schema-graph\">{\"@context\":\"https:\\\/\\\/schema.org\",\"@graph\":[{\"@type\":\"WebPage\",\"@id\":\"https:\\\/\\\/mondopelle.it\\\/fr\\\/shop\\\/chaussures\\\/chaussures-fr\\\/chaussures-luca-grossi-ch748-copia\\\/\",\"url\":\"https:\\\/\\\/mondopelle.it\\\/fr\\\/shop\\\/chaussures\\\/chaussures-fr\\\/chaussures-luca-grossi-ch748-copia\\\/\",\"name\":\"Chaussures Luca Grossi CH615 - Mondopelle\",\"isPartOf\":{\"@id\":\"https:\\\/\\\/mondopelle.it\\\/fr\\\/#website\"},\"primaryImageOfPage\":{\"@id\":\"https:\\\/\\\/mondopelle.it\\\/fr\\\/shop\\\/chaussures\\\/chaussures-fr\\\/chaussures-luca-grossi-ch748-copia\\\/#primaryimage\"},\"image\":{\"@id\":\"https:\\\/\\\/mondopelle.it\\\/fr\\\/shop\\\/chaussures\\\/chaussures-fr\\\/chaussures-luca-grossi-ch748-copia\\\/#primaryimage\"},\"thumbnailUrl\":\"https:\\\/\\\/mondopelle.it\\\/wp-content\\\/uploads\\\/2024\\\/06\\\/Foto-14-06-24-19-48-54-4-1.jpg\",\"datePublished\":\"2024-06-15T18:11:10+00:00\",\"dateModified\":\"2024-06-15T18:28:33+00:00\",\"description\":\"Chaussures Luca Grossi CH615 Vente en ligne dans le monde entier. \u2713 Livraison gratuite et rapide, paiement \u00e0 la livraison et retours faciles. Commandez chez Mondopelle et recevez le meilleur de la mode !\",\"breadcrumb\":{\"@id\":\"https:\\\/\\\/mondopelle.it\\\/fr\\\/shop\\\/chaussures\\\/chaussures-fr\\\/chaussures-luca-grossi-ch748-copia\\\/#breadcrumb\"},\"inLanguage\":\"fr-FR\",\"potentialAction\":[{\"@type\":\"ReadAction\",\"target\":[\"https:\\\/\\\/mondopelle.it\\\/fr\\\/shop\\\/chaussures\\\/chaussures-fr\\\/chaussures-luca-grossi-ch748-copia\\\/\"]}]},{\"@type\":\"ImageObject\",\"inLanguage\":\"fr-FR\",\"@id\":\"https:\\\/\\\/mondopelle.it\\\/fr\\\/shop\\\/chaussures\\\/chaussures-fr\\\/chaussures-luca-grossi-ch748-copia\\\/#primaryimage\",\"url\":\"https:\\\/\\\/mondopelle.it\\\/wp-content\\\/uploads\\\/2024\\\/06\\\/Foto-14-06-24-19-48-54-4-1.jpg\",\"contentUrl\":\"https:\\\/\\\/mondopelle.it\\\/wp-content\\\/uploads\\\/2024\\\/06\\\/Foto-14-06-24-19-48-54-4-1.jpg\",\"width\":1353,\"height\":1353,\"caption\":\"Chaussures Luca Grossi CH615\"},{\"@type\":\"BreadcrumbList\",\"@id\":\"https:\\\/\\\/mondopelle.it\\\/fr\\\/shop\\\/chaussures\\\/chaussures-fr\\\/chaussures-luca-grossi-ch748-copia\\\/#breadcrumb\",\"itemListElement\":[{\"@type\":\"ListItem\",\"position\":1,\"name\":\"Page d'accueil\",\"item\":\"https:\\\/\\\/mondopelle.it\\\/fr\\\/home-new\\\/\"},{\"@type\":\"ListItem\",\"position\":2,\"name\":\"Produits\",\"item\":\"https:\\\/\\\/mondopelle.it\\\/fr\\\/shop\\\/\"},{\"@type\":\"ListItem\",\"position\":3,\"name\":\"Chaussures Luca Grossi CH615\"}]},{\"@type\":\"WebSite\",\"@id\":\"https:\\\/\\\/mondopelle.it\\\/fr\\\/#website\",\"url\":\"https:\\\/\\\/mondopelle.it\\\/fr\\\/\",\"name\":\"Mondopelle\",\"description\":\"\",\"publisher\":{\"@id\":\"https:\\\/\\\/mondopelle.it\\\/fr\\\/#organization\"},\"potentialAction\":[{\"@type\":\"SearchAction\",\"target\":{\"@type\":\"EntryPoint\",\"urlTemplate\":\"https:\\\/\\\/mondopelle.it\\\/fr\\\/?s={search_term_string}\"},\"query-input\":{\"@type\":\"PropertyValueSpecification\",\"valueRequired\":true,\"valueName\":\"search_term_string\"}}],\"inLanguage\":\"fr-FR\"},{\"@type\":\"Organization\",\"@id\":\"https:\\\/\\\/mondopelle.it\\\/fr\\\/#organization\",\"name\":\"Mondopelle\",\"url\":\"https:\\\/\\\/mondopelle.it\\\/fr\\\/\",\"logo\":{\"@type\":\"ImageObject\",\"inLanguage\":\"fr-FR\",\"@id\":\"https:\\\/\\\/mondopelle.it\\\/fr\\\/#\\\/schema\\\/logo\\\/image\\\/\",\"url\":\"https:\\\/\\\/mondopelle.it\\\/wp-content\\\/uploads\\\/2023\\\/07\\\/logo_mp-283x55-1.png\",\"contentUrl\":\"https:\\\/\\\/mondopelle.it\\\/wp-content\\\/uploads\\\/2023\\\/07\\\/logo_mp-283x55-1.png\",\"width\":283,\"height\":55,\"caption\":\"Mondopelle\"},\"image\":{\"@id\":\"https:\\\/\\\/mondopelle.it\\\/fr\\\/#\\\/schema\\\/logo\\\/image\\\/\"},\"sameAs\":[\"https:\\\/\\\/www.facebook.com\\\/mondopelle\\\/\",\"https:\\\/\\\/www.instagram.com\\\/mondopelle\\\/\"]}]}<\/script>\n<!-- \/ Yoast SEO plugin. -->","yoast_head_json":{"title":"Chaussures Luca Grossi CH615 - Mondopelle","description":"Chaussures Luca Grossi CH615 Vente en ligne dans le monde entier. \u2713 Livraison gratuite et rapide, paiement \u00e0 la livraison et retours faciles. Commandez chez Mondopelle et recevez le meilleur de la mode !","robots":{"index":"index","follow":"follow","max-snippet":"max-snippet:-1","max-image-preview":"max-image-preview:large","max-video-preview":"max-video-preview:-1"},"canonical":"https:\/\/mondopelle.it\/fr\/shop\/chaussures\/chaussures-fr\/chaussures-luca-grossi-ch748-copia\/","og_locale":"fr_FR","og_type":"article","og_title":"Chaussures Luca Grossi CH615 - Mondopelle","og_description":"Chaussures Luca Grossi CH615 Vente en ligne dans le monde entier. \u2713 Livraison gratuite et rapide, paiement \u00e0 la livraison et retours faciles. Commandez chez Mondopelle et recevez le meilleur de la mode !","og_url":"https:\/\/mondopelle.it\/fr\/shop\/chaussures\/chaussures-fr\/chaussures-luca-grossi-ch748-copia\/","og_site_name":"Mondopelle","article_publisher":"https:\/\/www.facebook.com\/mondopelle\/","article_modified_time":"2024-06-15T18:28:33+00:00","og_image":[{"width":1353,"height":1353,"url":"https:\/\/mondopelle.it\/wp-content\/uploads\/2024\/06\/Foto-14-06-24-19-48-54-4-1.jpg","type":"image\/jpeg"}],"twitter_card":"summary_large_image","twitter_misc":{"Dur\u00e9e de lecture estim\u00e9e":"1 minute"},"schema":{"@context":"https:\/\/schema.org","@graph":[{"@type":"WebPage","@id":"https:\/\/mondopelle.it\/fr\/shop\/chaussures\/chaussures-fr\/chaussures-luca-grossi-ch748-copia\/","url":"https:\/\/mondopelle.it\/fr\/shop\/chaussures\/chaussures-fr\/chaussures-luca-grossi-ch748-copia\/","name":"Chaussures Luca Grossi CH615 - Mondopelle","isPartOf":{"@id":"https:\/\/mondopelle.it\/fr\/#website"},"primaryImageOfPage":{"@id":"https:\/\/mondopelle.it\/fr\/shop\/chaussures\/chaussures-fr\/chaussures-luca-grossi-ch748-copia\/#primaryimage"},"image":{"@id":"https:\/\/mondopelle.it\/fr\/shop\/chaussures\/chaussures-fr\/chaussures-luca-grossi-ch748-copia\/#primaryimage"},"thumbnailUrl":"https:\/\/mondopelle.it\/wp-content\/uploads\/2024\/06\/Foto-14-06-24-19-48-54-4-1.jpg","datePublished":"2024-06-15T18:11:10+00:00","dateModified":"2024-06-15T18:28:33+00:00","description":"Chaussures Luca Grossi CH615 Vente en ligne dans le monde entier. \u2713 Livraison gratuite et rapide, paiement \u00e0 la livraison et retours faciles. Commandez chez Mondopelle et recevez le meilleur de la mode !","breadcrumb":{"@id":"https:\/\/mondopelle.it\/fr\/shop\/chaussures\/chaussures-fr\/chaussures-luca-grossi-ch748-copia\/#breadcrumb"},"inLanguage":"fr-FR","potentialAction":[{"@type":"ReadAction","target":["https:\/\/mondopelle.it\/fr\/shop\/chaussures\/chaussures-fr\/chaussures-luca-grossi-ch748-copia\/"]}]},{"@type":"ImageObject","inLanguage":"fr-FR","@id":"https:\/\/mondopelle.it\/fr\/shop\/chaussures\/chaussures-fr\/chaussures-luca-grossi-ch748-copia\/#primaryimage","url":"https:\/\/mondopelle.it\/wp-content\/uploads\/2024\/06\/Foto-14-06-24-19-48-54-4-1.jpg","contentUrl":"https:\/\/mondopelle.it\/wp-content\/uploads\/2024\/06\/Foto-14-06-24-19-48-54-4-1.jpg","width":1353,"height":1353,"caption":"Chaussures Luca Grossi CH615"},{"@type":"BreadcrumbList","@id":"https:\/\/mondopelle.it\/fr\/shop\/chaussures\/chaussures-fr\/chaussures-luca-grossi-ch748-copia\/#breadcrumb","itemListElement":[{"@type":"ListItem","position":1,"name":"Page d'accueil","item":"https:\/\/mondopelle.it\/fr\/home-new\/"},{"@type":"ListItem","position":2,"name":"Produits","item":"https:\/\/mondopelle.it\/fr\/shop\/"},{"@type":"ListItem","position":3,"name":"Chaussures Luca Grossi CH615"}]},{"@type":"WebSite","@id":"https:\/\/mondopelle.it\/fr\/#website","url":"https:\/\/mondopelle.it\/fr\/","name":"Mondopelle","description":"","publisher":{"@id":"https:\/\/mondopelle.it\/fr\/#organization"},"potentialAction":[{"@type":"SearchAction","target":{"@type":"EntryPoint","urlTemplate":"https:\/\/mondopelle.it\/fr\/?s={search_term_string}"},"query-input":{"@type":"PropertyValueSpecification","valueRequired":true,"valueName":"search_term_string"}}],"inLanguage":"fr-FR"},{"@type":"Organization","@id":"https:\/\/mondopelle.it\/fr\/#organization","name":"Mondopelle","url":"https:\/\/mondopelle.it\/fr\/","logo":{"@type":"ImageObject","inLanguage":"fr-FR","@id":"https:\/\/mondopelle.it\/fr\/#\/schema\/logo\/image\/","url":"https:\/\/mondopelle.it\/wp-content\/uploads\/2023\/07\/logo_mp-283x55-1.png","contentUrl":"https:\/\/mondopelle.it\/wp-content\/uploads\/2023\/07\/logo_mp-283x55-1.png","width":283,"height":55,"caption":"Mondopelle"},"image":{"@id":"https:\/\/mondopelle.it\/fr\/#\/schema\/logo\/image\/"},"sameAs":["https:\/\/www.facebook.com\/mondopelle\/","https:\/\/www.instagram.com\/mondopelle\/"]}]}},"_links":{"self":[{"href":"https:\/\/mondopelle.it\/fr\/wp-json\/wp\/v2\/product\/57352","targetHints":{"allow":["GET"]}}],"collection":[{"href":"https:\/\/mondopelle.it\/fr\/wp-json\/wp\/v2\/product"}],"about":[{"href":"https:\/\/mondopelle.it\/fr\/wp-json\/wp\/v2\/types\/product"}],"replies":[{"embeddable":true,"href":"https:\/\/mondopelle.it\/fr\/wp-json\/wp\/v2\/comments?post=57352"}],"version-history":[{"count":0,"href":"https:\/\/mondopelle.it\/fr\/wp-json\/wp\/v2\/product\/57352\/revisions"}],"wp:featuredmedia":[{"embeddable":true,"href":"https:\/\/mondopelle.it\/fr\/wp-json\/wp\/v2\/media\/57245"}],"wp:attachment":[{"href":"https:\/\/mondopelle.it\/fr\/wp-json\/wp\/v2\/media?parent=57352"}],"wp:term":[{"taxonomy":"brand","embeddable":true,"href":"https:\/\/mondopelle.it\/fr\/wp-json\/wp\/v2\/etheme_brands?post=57352"},{"taxonomy":"product_brand","embeddable":true,"href":"https:\/\/mondopelle.it\/fr\/wp-json\/wp\/v2\/product_brand?post=57352"},{"taxonomy":"product_cat","embeddable":true,"href":"https:\/\/mondopelle.it\/fr\/wp-json\/wp\/v2\/product_cat?post=57352"},{"taxonomy":"product_tag","embeddable":true,"href":"https:\/\/mondopelle.it\/fr\/wp-json\/wp\/v2\/product_tag?post=57352"}],"curies":[{"name":"wp","href":"https:\/\/api.w.org\/{rel}","templated":true}]}}