{"id":64719,"date":"2024-08-31T15:10:33","date_gmt":"2024-08-31T13:10:33","guid":{"rendered":"https:\/\/mondopelle.it\/?post_type=product&#038;p=64719"},"modified":"2025-04-10T19:51:12","modified_gmt":"2025-04-10T17:51:12","slug":"chaussures-luca-grossi-ch615-copia-copia-copia","status":"publish","type":"product","link":"https:\/\/mondopelle.it\/fr\/shop\/chaussures\/ballerines\/chaussures-luca-grossi-ch615-copia-copia-copia\/","title":{"rendered":"Ballerines Luca Grossi CH875"},"content":{"rendered":"<p>La nouvelle collection de la marque toscane Luca Grossi pr\u00e9sente d&#8217; \u00e9l\u00e9gantes ballerines en cuir verni noir, parfaites pour celles qui veulent une touche de classe dans leur vie quotidienne. Caract\u00e9ris\u00e9es par une silhouette raffin\u00e9e, ces ballerines allient le charme du cuir brillant \u00e0 la l\u00e9g\u00e8ret\u00e9 d&#8217; une semelle ultra-l\u00e9g\u00e8re, garantissant confort et style \u00e0 chaque pas. Le mod\u00e8le est orn\u00e9 d&#8217; un d\u00e9licat ruban et d&#8217;un bout laqu\u00e9 qui ajoutent un \u00e9l\u00e9ment de sophistication suppl\u00e9mentaire. Ces ballerines offrent non seulement une \u00e9l\u00e9gance intemporelle, mais elles sont aussi incroyablement polyvalentes, id\u00e9ales pour compl\u00e9ter n&#8217;importe quelle tenue, qu&#8217;elle soit d\u00e9contract\u00e9e ou \u00e9l\u00e9gante. La qualit\u00e9 de fabrication et le souci du d\u00e9tail typiques de Luca Grossi font de ces ballerines un must pour celles qui veulent allier style et praticit\u00e9 en toute saison.Ces ballerines sont un must pour celles qui veulent allier style et praticit\u00e9 en toute saison.    <\/p>\n","protected":false},"excerpt":{"rendered":"<p>La nouvelle collection de la marque toscane Luca Grossi pr\u00e9sente d&#8217; \u00e9l\u00e9gantes ballerines en cuir verni noir, parfaites pour celles qui veulent une touche de classe dans leur vie quotidienne. Caract\u00e9ris\u00e9es par une silhouette raffin\u00e9e, ces ballerines allient le charme du cuir brillant \u00e0 la l\u00e9g\u00e8ret\u00e9 d&#8217; une semelle ultra-l\u00e9g\u00e8re, garantissant confort et style \u00e0 chaque pas. Le mod\u00e8le est orn\u00e9 d&#8217; un d\u00e9licat ruban et d&#8217;un bout laqu\u00e9 qui ajoutent un \u00e9l\u00e9ment de sophistication&#8230;<\/p>\n","protected":false},"featured_media":64759,"comment_status":"open","ping_status":"closed","template":"","meta":[],"etheme_brands":[{"term_id":1566,"name":"Luca Grossi","slug":"luca-grossi-fr","term_group":0,"term_taxonomy_id":1566,"taxonomy":"brand","description":"Luca Grossi, marque italienne de haute qualit\u00e9 originaire de la r\u00e9gion de Toscane, est connue pour sa passion pour la cr\u00e9ation de chaussures f\u00e9minines de haute qualit\u00e9. Les produits Luca Grossi sont fabriqu\u00e9s \u00e0 partir des meilleurs mat\u00e9riaux naturels, tels que le cuir et la peau, qui garantissent une qualit\u00e9 unique et durable.\r\n\r\nLa Toscane, avec sa riche histoire et sa culture, est l'endroit id\u00e9al pour la cr\u00e9ation de produits de haute qualit\u00e9. La r\u00e9gion est r\u00e9put\u00e9e pour sa production de mat\u00e9riaux naturels, tels que le cuir et la peau, qui sont utilis\u00e9s pour cr\u00e9er des chaussures uniques et de grande qualit\u00e9.\r\n\r\nLes produits de Luca Grossi sont fabriqu\u00e9s avec le plus grand soin et avec des mat\u00e9riaux de haute qualit\u00e9. Le cuir et la peau utilis\u00e9s sont soigneusement s\u00e9lectionn\u00e9s pour garantir une qualit\u00e9 unique et durable. La production est r\u00e9alis\u00e9e \u00e0 l'aide de technologies de pointe et d'une main-d'\u0153uvre sp\u00e9cialis\u00e9e, ce qui garantit une qualit\u00e9 unique et personnalis\u00e9e.\r\n\r\nLes chaussures de Luca Grossi sont con\u00e7ues pour \u00eatre confortables et adapt\u00e9es \u00e0 diff\u00e9rentes occasions. La forme et la structure des chaussures sont con\u00e7ues pour assurer un plus grand confort et une plus grande s\u00e9curit\u00e9 lors du port. Le choix des mat\u00e9riaux et la technologie utilis\u00e9e garantissent une plus grande solidit\u00e9 et durabilit\u00e9 des chaussures.\r\n\r\nSi vous recherchez des chaussures de haute qualit\u00e9, Luca Grossi est le choix id\u00e9al. Les chaussures Luca Grossi sont fabriqu\u00e9es avec le plus grand soin et avec des mat\u00e9riaux de haute qualit\u00e9. La production est r\u00e9alis\u00e9e \u00e0 l'aide de technologies de pointe et d'une main-d'\u0153uvre sp\u00e9cialis\u00e9e, ce qui garantit une qualit\u00e9 unique et personnalis\u00e9e.\r\n","parent":0,"count":2,"filter":"raw"}],"product_brand":[],"product_cat":[1151,1013],"product_tag":[],"class_list":{"0":"post-64719","1":"product","2":"type-product","3":"status-publish","4":"has-post-thumbnail","6":"brand-luca-grossi-fr","7":"product_cat-ballerines","8":"product_cat-chaussures","9":"pa_cvet-noir","10":"pa_god-2024-fr-2","11":"pa_materialotdelkisnaruzhi-vernis","12":"pa_materialotdelkivnutri-tissu","13":"pa_materialpodoshv-caoutchouc","14":"pa_razmer-36-fr","15":"pa_razmer-37-fr-2","16":"pa_razmer-38-fr-2","17":"pa_razmer-39-fr","18":"pa_razmer-40-fr","19":"pa_razmer-41-fr","20":"pa_sezon-automne-hiver","21":"pa_stranaproizvoditelx-italie","23":"first","24":"instock","25":"sale","26":"shipping-taxable","27":"purchasable","28":"product-type-variable"},"yoast_head":"<!-- This site is optimized with the Yoast SEO plugin v27.5 - https:\/\/yoast.com\/product\/yoast-seo-wordpress\/ -->\n<title>Ballerines Luca Grossi CH875 - Mondopelle<\/title>\n<meta name=\"description\" content=\"Ballerines Luca Grossi CH875 Vente en ligne dans le monde entier. \u2713 Livraison gratuite et rapide, paiement \u00e0 la livraison et retours faciles. Commandez chez Mondopelle et recevez le meilleur de la mode !\" \/>\n<meta name=\"robots\" content=\"index, follow, max-snippet:-1, max-image-preview:large, max-video-preview:-1\" \/>\n<link rel=\"canonical\" href=\"https:\/\/mondopelle.it\/fr\/shop\/chaussures\/ballerines\/chaussures-luca-grossi-ch615-copia-copia-copia\/\" \/>\n<meta property=\"og:locale\" content=\"fr_FR\" \/>\n<meta property=\"og:type\" content=\"article\" \/>\n<meta property=\"og:title\" content=\"Ballerines Luca Grossi CH875 - Mondopelle\" \/>\n<meta property=\"og:description\" content=\"Ballerines Luca Grossi CH875 Vente en ligne dans le monde entier. \u2713 Livraison gratuite et rapide, paiement \u00e0 la livraison et retours faciles. Commandez chez Mondopelle et recevez le meilleur de la mode !\" \/>\n<meta property=\"og:url\" content=\"https:\/\/mondopelle.it\/fr\/shop\/chaussures\/ballerines\/chaussures-luca-grossi-ch615-copia-copia-copia\/\" \/>\n<meta property=\"og:site_name\" content=\"Mondopelle\" \/>\n<meta property=\"article:publisher\" content=\"https:\/\/www.facebook.com\/mondopelle\/\" \/>\n<meta property=\"article:modified_time\" content=\"2025-04-10T17:51:12+00:00\" \/>\n<meta property=\"og:image\" content=\"https:\/\/mondopelle.it\/wp-content\/uploads\/2024\/08\/Foto-31-08-24-15-20-08.jpg\" \/>\n\t<meta property=\"og:image:width\" content=\"1512\" \/>\n\t<meta property=\"og:image:height\" content=\"1512\" \/>\n\t<meta property=\"og:image:type\" content=\"image\/jpeg\" \/>\n<meta name=\"twitter:card\" content=\"summary_large_image\" \/>\n<meta name=\"twitter:label1\" content=\"Dur\u00e9e de lecture estim\u00e9e\" \/>\n\t<meta name=\"twitter:data1\" content=\"1 minute\" \/>\n<script type=\"application\/ld+json\" class=\"yoast-schema-graph\">{\"@context\":\"https:\\\/\\\/schema.org\",\"@graph\":[{\"@type\":\"WebPage\",\"@id\":\"https:\\\/\\\/mondopelle.it\\\/fr\\\/shop\\\/chaussures\\\/ballerines\\\/chaussures-luca-grossi-ch615-copia-copia-copia\\\/\",\"url\":\"https:\\\/\\\/mondopelle.it\\\/fr\\\/shop\\\/chaussures\\\/ballerines\\\/chaussures-luca-grossi-ch615-copia-copia-copia\\\/\",\"name\":\"Ballerines Luca Grossi CH875 - Mondopelle\",\"isPartOf\":{\"@id\":\"https:\\\/\\\/mondopelle.it\\\/fr\\\/#website\"},\"primaryImageOfPage\":{\"@id\":\"https:\\\/\\\/mondopelle.it\\\/fr\\\/shop\\\/chaussures\\\/ballerines\\\/chaussures-luca-grossi-ch615-copia-copia-copia\\\/#primaryimage\"},\"image\":{\"@id\":\"https:\\\/\\\/mondopelle.it\\\/fr\\\/shop\\\/chaussures\\\/ballerines\\\/chaussures-luca-grossi-ch615-copia-copia-copia\\\/#primaryimage\"},\"thumbnailUrl\":\"https:\\\/\\\/mondopelle.it\\\/wp-content\\\/uploads\\\/2024\\\/08\\\/Foto-31-08-24-15-20-08.jpg\",\"datePublished\":\"2024-08-31T13:10:33+00:00\",\"dateModified\":\"2025-04-10T17:51:12+00:00\",\"description\":\"Ballerines Luca Grossi CH875 Vente en ligne dans le monde entier. \u2713 Livraison gratuite et rapide, paiement \u00e0 la livraison et retours faciles. Commandez chez Mondopelle et recevez le meilleur de la mode !\",\"breadcrumb\":{\"@id\":\"https:\\\/\\\/mondopelle.it\\\/fr\\\/shop\\\/chaussures\\\/ballerines\\\/chaussures-luca-grossi-ch615-copia-copia-copia\\\/#breadcrumb\"},\"inLanguage\":\"fr-FR\",\"potentialAction\":[{\"@type\":\"ReadAction\",\"target\":[\"https:\\\/\\\/mondopelle.it\\\/fr\\\/shop\\\/chaussures\\\/ballerines\\\/chaussures-luca-grossi-ch615-copia-copia-copia\\\/\"]}]},{\"@type\":\"ImageObject\",\"inLanguage\":\"fr-FR\",\"@id\":\"https:\\\/\\\/mondopelle.it\\\/fr\\\/shop\\\/chaussures\\\/ballerines\\\/chaussures-luca-grossi-ch615-copia-copia-copia\\\/#primaryimage\",\"url\":\"https:\\\/\\\/mondopelle.it\\\/wp-content\\\/uploads\\\/2024\\\/08\\\/Foto-31-08-24-15-20-08.jpg\",\"contentUrl\":\"https:\\\/\\\/mondopelle.it\\\/wp-content\\\/uploads\\\/2024\\\/08\\\/Foto-31-08-24-15-20-08.jpg\",\"width\":1512,\"height\":1512,\"caption\":\"Ballerines Luca Grossi CH875\"},{\"@type\":\"BreadcrumbList\",\"@id\":\"https:\\\/\\\/mondopelle.it\\\/fr\\\/shop\\\/chaussures\\\/ballerines\\\/chaussures-luca-grossi-ch615-copia-copia-copia\\\/#breadcrumb\",\"itemListElement\":[{\"@type\":\"ListItem\",\"position\":1,\"name\":\"Page d'accueil\",\"item\":\"https:\\\/\\\/mondopelle.it\\\/fr\\\/home-new\\\/\"},{\"@type\":\"ListItem\",\"position\":2,\"name\":\"Produits\",\"item\":\"https:\\\/\\\/mondopelle.it\\\/fr\\\/shop\\\/\"},{\"@type\":\"ListItem\",\"position\":3,\"name\":\"Ballerines Luca Grossi CH875\"}]},{\"@type\":\"WebSite\",\"@id\":\"https:\\\/\\\/mondopelle.it\\\/fr\\\/#website\",\"url\":\"https:\\\/\\\/mondopelle.it\\\/fr\\\/\",\"name\":\"Mondopelle\",\"description\":\"\",\"publisher\":{\"@id\":\"https:\\\/\\\/mondopelle.it\\\/fr\\\/#organization\"},\"potentialAction\":[{\"@type\":\"SearchAction\",\"target\":{\"@type\":\"EntryPoint\",\"urlTemplate\":\"https:\\\/\\\/mondopelle.it\\\/fr\\\/?s={search_term_string}\"},\"query-input\":{\"@type\":\"PropertyValueSpecification\",\"valueRequired\":true,\"valueName\":\"search_term_string\"}}],\"inLanguage\":\"fr-FR\"},{\"@type\":\"Organization\",\"@id\":\"https:\\\/\\\/mondopelle.it\\\/fr\\\/#organization\",\"name\":\"Mondopelle\",\"url\":\"https:\\\/\\\/mondopelle.it\\\/fr\\\/\",\"logo\":{\"@type\":\"ImageObject\",\"inLanguage\":\"fr-FR\",\"@id\":\"https:\\\/\\\/mondopelle.it\\\/fr\\\/#\\\/schema\\\/logo\\\/image\\\/\",\"url\":\"https:\\\/\\\/mondopelle.it\\\/wp-content\\\/uploads\\\/2023\\\/07\\\/logo_mp-283x55-1.png\",\"contentUrl\":\"https:\\\/\\\/mondopelle.it\\\/wp-content\\\/uploads\\\/2023\\\/07\\\/logo_mp-283x55-1.png\",\"width\":283,\"height\":55,\"caption\":\"Mondopelle\"},\"image\":{\"@id\":\"https:\\\/\\\/mondopelle.it\\\/fr\\\/#\\\/schema\\\/logo\\\/image\\\/\"},\"sameAs\":[\"https:\\\/\\\/www.facebook.com\\\/mondopelle\\\/\",\"https:\\\/\\\/www.instagram.com\\\/mondopelle\\\/\"]}]}<\/script>\n<!-- \/ Yoast SEO plugin. -->","yoast_head_json":{"title":"Ballerines Luca Grossi CH875 - Mondopelle","description":"Ballerines Luca Grossi CH875 Vente en ligne dans le monde entier. \u2713 Livraison gratuite et rapide, paiement \u00e0 la livraison et retours faciles. Commandez chez Mondopelle et recevez le meilleur de la mode !","robots":{"index":"index","follow":"follow","max-snippet":"max-snippet:-1","max-image-preview":"max-image-preview:large","max-video-preview":"max-video-preview:-1"},"canonical":"https:\/\/mondopelle.it\/fr\/shop\/chaussures\/ballerines\/chaussures-luca-grossi-ch615-copia-copia-copia\/","og_locale":"fr_FR","og_type":"article","og_title":"Ballerines Luca Grossi CH875 - Mondopelle","og_description":"Ballerines Luca Grossi CH875 Vente en ligne dans le monde entier. \u2713 Livraison gratuite et rapide, paiement \u00e0 la livraison et retours faciles. Commandez chez Mondopelle et recevez le meilleur de la mode !","og_url":"https:\/\/mondopelle.it\/fr\/shop\/chaussures\/ballerines\/chaussures-luca-grossi-ch615-copia-copia-copia\/","og_site_name":"Mondopelle","article_publisher":"https:\/\/www.facebook.com\/mondopelle\/","article_modified_time":"2025-04-10T17:51:12+00:00","og_image":[{"width":1512,"height":1512,"url":"https:\/\/mondopelle.it\/wp-content\/uploads\/2024\/08\/Foto-31-08-24-15-20-08.jpg","type":"image\/jpeg"}],"twitter_card":"summary_large_image","twitter_misc":{"Dur\u00e9e de lecture estim\u00e9e":"1 minute"},"schema":{"@context":"https:\/\/schema.org","@graph":[{"@type":"WebPage","@id":"https:\/\/mondopelle.it\/fr\/shop\/chaussures\/ballerines\/chaussures-luca-grossi-ch615-copia-copia-copia\/","url":"https:\/\/mondopelle.it\/fr\/shop\/chaussures\/ballerines\/chaussures-luca-grossi-ch615-copia-copia-copia\/","name":"Ballerines Luca Grossi CH875 - Mondopelle","isPartOf":{"@id":"https:\/\/mondopelle.it\/fr\/#website"},"primaryImageOfPage":{"@id":"https:\/\/mondopelle.it\/fr\/shop\/chaussures\/ballerines\/chaussures-luca-grossi-ch615-copia-copia-copia\/#primaryimage"},"image":{"@id":"https:\/\/mondopelle.it\/fr\/shop\/chaussures\/ballerines\/chaussures-luca-grossi-ch615-copia-copia-copia\/#primaryimage"},"thumbnailUrl":"https:\/\/mondopelle.it\/wp-content\/uploads\/2024\/08\/Foto-31-08-24-15-20-08.jpg","datePublished":"2024-08-31T13:10:33+00:00","dateModified":"2025-04-10T17:51:12+00:00","description":"Ballerines Luca Grossi CH875 Vente en ligne dans le monde entier. \u2713 Livraison gratuite et rapide, paiement \u00e0 la livraison et retours faciles. Commandez chez Mondopelle et recevez le meilleur de la mode !","breadcrumb":{"@id":"https:\/\/mondopelle.it\/fr\/shop\/chaussures\/ballerines\/chaussures-luca-grossi-ch615-copia-copia-copia\/#breadcrumb"},"inLanguage":"fr-FR","potentialAction":[{"@type":"ReadAction","target":["https:\/\/mondopelle.it\/fr\/shop\/chaussures\/ballerines\/chaussures-luca-grossi-ch615-copia-copia-copia\/"]}]},{"@type":"ImageObject","inLanguage":"fr-FR","@id":"https:\/\/mondopelle.it\/fr\/shop\/chaussures\/ballerines\/chaussures-luca-grossi-ch615-copia-copia-copia\/#primaryimage","url":"https:\/\/mondopelle.it\/wp-content\/uploads\/2024\/08\/Foto-31-08-24-15-20-08.jpg","contentUrl":"https:\/\/mondopelle.it\/wp-content\/uploads\/2024\/08\/Foto-31-08-24-15-20-08.jpg","width":1512,"height":1512,"caption":"Ballerines Luca Grossi CH875"},{"@type":"BreadcrumbList","@id":"https:\/\/mondopelle.it\/fr\/shop\/chaussures\/ballerines\/chaussures-luca-grossi-ch615-copia-copia-copia\/#breadcrumb","itemListElement":[{"@type":"ListItem","position":1,"name":"Page d'accueil","item":"https:\/\/mondopelle.it\/fr\/home-new\/"},{"@type":"ListItem","position":2,"name":"Produits","item":"https:\/\/mondopelle.it\/fr\/shop\/"},{"@type":"ListItem","position":3,"name":"Ballerines Luca Grossi CH875"}]},{"@type":"WebSite","@id":"https:\/\/mondopelle.it\/fr\/#website","url":"https:\/\/mondopelle.it\/fr\/","name":"Mondopelle","description":"","publisher":{"@id":"https:\/\/mondopelle.it\/fr\/#organization"},"potentialAction":[{"@type":"SearchAction","target":{"@type":"EntryPoint","urlTemplate":"https:\/\/mondopelle.it\/fr\/?s={search_term_string}"},"query-input":{"@type":"PropertyValueSpecification","valueRequired":true,"valueName":"search_term_string"}}],"inLanguage":"fr-FR"},{"@type":"Organization","@id":"https:\/\/mondopelle.it\/fr\/#organization","name":"Mondopelle","url":"https:\/\/mondopelle.it\/fr\/","logo":{"@type":"ImageObject","inLanguage":"fr-FR","@id":"https:\/\/mondopelle.it\/fr\/#\/schema\/logo\/image\/","url":"https:\/\/mondopelle.it\/wp-content\/uploads\/2023\/07\/logo_mp-283x55-1.png","contentUrl":"https:\/\/mondopelle.it\/wp-content\/uploads\/2023\/07\/logo_mp-283x55-1.png","width":283,"height":55,"caption":"Mondopelle"},"image":{"@id":"https:\/\/mondopelle.it\/fr\/#\/schema\/logo\/image\/"},"sameAs":["https:\/\/www.facebook.com\/mondopelle\/","https:\/\/www.instagram.com\/mondopelle\/"]}]}},"_links":{"self":[{"href":"https:\/\/mondopelle.it\/fr\/wp-json\/wp\/v2\/product\/64719","targetHints":{"allow":["GET"]}}],"collection":[{"href":"https:\/\/mondopelle.it\/fr\/wp-json\/wp\/v2\/product"}],"about":[{"href":"https:\/\/mondopelle.it\/fr\/wp-json\/wp\/v2\/types\/product"}],"replies":[{"embeddable":true,"href":"https:\/\/mondopelle.it\/fr\/wp-json\/wp\/v2\/comments?post=64719"}],"version-history":[{"count":0,"href":"https:\/\/mondopelle.it\/fr\/wp-json\/wp\/v2\/product\/64719\/revisions"}],"wp:featuredmedia":[{"embeddable":true,"href":"https:\/\/mondopelle.it\/fr\/wp-json\/wp\/v2\/media\/64759"}],"wp:attachment":[{"href":"https:\/\/mondopelle.it\/fr\/wp-json\/wp\/v2\/media?parent=64719"}],"wp:term":[{"taxonomy":"brand","embeddable":true,"href":"https:\/\/mondopelle.it\/fr\/wp-json\/wp\/v2\/etheme_brands?post=64719"},{"taxonomy":"product_brand","embeddable":true,"href":"https:\/\/mondopelle.it\/fr\/wp-json\/wp\/v2\/product_brand?post=64719"},{"taxonomy":"product_cat","embeddable":true,"href":"https:\/\/mondopelle.it\/fr\/wp-json\/wp\/v2\/product_cat?post=64719"},{"taxonomy":"product_tag","embeddable":true,"href":"https:\/\/mondopelle.it\/fr\/wp-json\/wp\/v2\/product_tag?post=64719"}],"curies":[{"name":"wp","href":"https:\/\/api.w.org\/{rel}","templated":true}]}}