{"id":65178,"date":"2024-08-31T17:49:42","date_gmt":"2024-08-31T15:49:42","guid":{"rendered":"https:\/\/mondopelle.it\/?post_type=product&#038;p=65178"},"modified":"2025-04-10T19:51:29","modified_gmt":"2025-04-10T17:51:29","slug":"bottines-evaluna-5115-copia-copia-copia-copia-copia-copia-4","status":"publish","type":"product","link":"https:\/\/mondopelle.it\/fr\/shop\/chaussures\/bottines\/bottines-evaluna-5115-copia-copia-copia-copia-copia-copia-4\/","title":{"rendered":"Bottes Marino Fabiani 9008"},"content":{"rendered":"<p>La nouvelle collection de la c\u00e9l\u00e8bre marque italienne Marino Fabiani, nous vous pr\u00e9sentons d &#8216; \u00e9l\u00e9gantes bottines en cuir naturel dans une couleur bleue exclusive. Ces bottines d&#8217; automne allient sophistication et confort, Elles sont dot\u00e9es d&#8217;un empi\u00e8cement \u00e9lastique pratique sur la cheville , qui assure un maintien souple et agr\u00e9able lors de la marche. Le design distinctif se caract\u00e9rise par un bout pointu et un talon de 5 cm, qui conf\u00e8rent \u00e0 la chaussure un profil \u00e9l\u00e9gant et moderne. L&#8217;int\u00e9rieur est doubl\u00e9 de fourrure naturelle douce, offrant chaleur et confort luxueux lors des journ\u00e9es plus fra\u00eeches. Ces bottines de Marino Fabiani incarnent l&#8217;\u00e9l\u00e9gance et la qualit\u00e9 de fabrication typiques du design italien, Elles sont parfaites pour celles qui souhaitent ajouter une touche de couleur sophistiqu\u00e9e et de confort \u00e0 leur look d&#8217;automne.    <\/p>\n","protected":false},"excerpt":{"rendered":"<p>La nouvelle collection de la c\u00e9l\u00e8bre marque italienne Marino Fabiani, nous vous pr\u00e9sentons d &#8216; \u00e9l\u00e9gantes bottines en cuir naturel dans une couleur bleue exclusive. Ces bottines d&#8217; automne allient sophistication et confort, Elles sont dot\u00e9es d&#8217;un empi\u00e8cement \u00e9lastique pratique sur la cheville , qui assure un maintien souple et agr\u00e9able lors de la marche. Le design distinctif se caract\u00e9rise par un bout pointu et un talon de 5 cm, qui conf\u00e8rent \u00e0 la chaussure&#8230;<\/p>\n","protected":false},"featured_media":65130,"comment_status":"open","ping_status":"closed","template":"","meta":[],"etheme_brands":[{"term_id":1035,"name":"Marino Fabiani","slug":"marino-fabiani-fr","term_group":0,"term_taxonomy_id":1035,"taxonomy":"brand","description":"Marino Fabiani, la c\u00e9l\u00e8bre marque italienne, continue de dominer le monde de la mode avec ses collections extraordinaires qui enchantent les femmes \u00e9l\u00e9gantes depuis de nombreuses saisons. D\u00e9di\u00e9e \u00e0 celles qui recherchent le confort sans renoncer \u00e0 la sophistication, Marino Fabiani offre une combinaison unique de formes f\u00e9minines et de talons somptueux.\r\n\r\nLes chaussures Marino Fabiani\u00a0expriment un go\u00fbt pour la sophistication, avec des d\u00e9tails tels que d'\u00e9l\u00e9gants strass et une vari\u00e9t\u00e9 de formes de talons qui ajoutent une touche distinctive \u00e0 chaque paire. Chaque mod\u00e8le est con\u00e7u pour offrir un maximum de confort gr\u00e2ce \u00e0 des solutions de conception innovantes et \u00e0 un ajustement impeccable.\r\n\r\nCes chaussures Marino Fabiani expriment une beaut\u00e9 intemporelle, avec des mat\u00e9riaux de premi\u00e8re qualit\u00e9 qui garantissent la durabilit\u00e9 et la solidit\u00e9 de chaque paire. Avec un engagement de qualit\u00e9, Marino Fabiani cr\u00e9e des chaussures qui se distinguent par leur \u00e9l\u00e9gance et leur luxe.\r\n\r\nD\u00e9couvrez notre nouvelle collection sur notre site mondopelle.it, o\u00f9 vous pourrez acheter ces chaussures exclusives. Choisissez la sophistication intemporelle, avec Marino Fabiani, chaque pas est une d\u00e9claration de style et de confort in\u00e9gal\u00e9s.","parent":0,"count":2,"filter":"raw"}],"product_brand":[],"product_cat":[1041,1013],"product_tag":[],"class_list":{"0":"post-65178","1":"product","2":"type-product","3":"status-publish","4":"has-post-thumbnail","6":"brand-marino-fabiani-fr","7":"product_cat-bottines","8":"product_cat-chaussures","9":"pa_cvet-bleu","10":"pa_god-2024-fr-2","11":"pa_materialotdelkisnaruzhi-cuir","12":"pa_materialotdelkivnutri-naturalnaya-czigejka","13":"pa_materialpodoshv-caoutchouc","14":"pa_razmer-36-fr","15":"pa_razmer-37-fr-2","16":"pa_razmer-39-fr","17":"pa_razmer-41-fr","18":"pa_sezon-automne-hiver","19":"pa_stranaproizvoditelx-italie","20":"pa_vsotakabluka_sm-5-fr","22":"first","23":"instock","24":"sale","25":"shipping-taxable","26":"purchasable","27":"product-type-variable","28":"has-default-attributes"},"yoast_head":"<!-- This site is optimized with the Yoast SEO plugin v27.5 - https:\/\/yoast.com\/product\/yoast-seo-wordpress\/ -->\n<title>Bottes Marino Fabiani 9008 - Mondopelle<\/title>\n<meta name=\"description\" content=\"Bottes Marino Fabiani 9008 Vente en ligne dans le monde entier. \u2713 Livraison gratuite et rapide, paiement \u00e0 la livraison et retours faciles. Commandez chez Mondopelle et recevez le meilleur de la mode !\" \/>\n<meta name=\"robots\" content=\"index, follow, max-snippet:-1, max-image-preview:large, max-video-preview:-1\" \/>\n<link rel=\"canonical\" href=\"https:\/\/mondopelle.it\/fr\/shop\/chaussures\/bottines\/bottines-evaluna-5115-copia-copia-copia-copia-copia-copia-4\/\" \/>\n<meta property=\"og:locale\" content=\"fr_FR\" \/>\n<meta property=\"og:type\" content=\"article\" \/>\n<meta property=\"og:title\" content=\"Bottes Marino Fabiani 9008 - Mondopelle\" \/>\n<meta property=\"og:description\" content=\"Bottes Marino Fabiani 9008 Vente en ligne dans le monde entier. \u2713 Livraison gratuite et rapide, paiement \u00e0 la livraison et retours faciles. Commandez chez Mondopelle et recevez le meilleur de la mode !\" \/>\n<meta property=\"og:url\" content=\"https:\/\/mondopelle.it\/fr\/shop\/chaussures\/bottines\/bottines-evaluna-5115-copia-copia-copia-copia-copia-copia-4\/\" \/>\n<meta property=\"og:site_name\" content=\"Mondopelle\" \/>\n<meta property=\"article:publisher\" content=\"https:\/\/www.facebook.com\/mondopelle\/\" \/>\n<meta property=\"article:modified_time\" content=\"2025-04-10T17:51:29+00:00\" \/>\n<meta property=\"og:image\" content=\"https:\/\/mondopelle.it\/wp-content\/uploads\/2024\/08\/Foto-31-08-24-17-36-43-1.jpg\" \/>\n\t<meta property=\"og:image:width\" content=\"1512\" \/>\n\t<meta property=\"og:image:height\" content=\"1512\" \/>\n\t<meta property=\"og:image:type\" content=\"image\/jpeg\" \/>\n<meta name=\"twitter:card\" content=\"summary_large_image\" \/>\n<meta name=\"twitter:label1\" content=\"Dur\u00e9e de lecture estim\u00e9e\" \/>\n\t<meta name=\"twitter:data1\" content=\"2 minutes\" \/>\n<script type=\"application\/ld+json\" class=\"yoast-schema-graph\">{\"@context\":\"https:\\\/\\\/schema.org\",\"@graph\":[{\"@type\":\"WebPage\",\"@id\":\"https:\\\/\\\/mondopelle.it\\\/fr\\\/shop\\\/chaussures\\\/bottines\\\/bottines-evaluna-5115-copia-copia-copia-copia-copia-copia-4\\\/\",\"url\":\"https:\\\/\\\/mondopelle.it\\\/fr\\\/shop\\\/chaussures\\\/bottines\\\/bottines-evaluna-5115-copia-copia-copia-copia-copia-copia-4\\\/\",\"name\":\"Bottes Marino Fabiani 9008 - Mondopelle\",\"isPartOf\":{\"@id\":\"https:\\\/\\\/mondopelle.it\\\/fr\\\/#website\"},\"primaryImageOfPage\":{\"@id\":\"https:\\\/\\\/mondopelle.it\\\/fr\\\/shop\\\/chaussures\\\/bottines\\\/bottines-evaluna-5115-copia-copia-copia-copia-copia-copia-4\\\/#primaryimage\"},\"image\":{\"@id\":\"https:\\\/\\\/mondopelle.it\\\/fr\\\/shop\\\/chaussures\\\/bottines\\\/bottines-evaluna-5115-copia-copia-copia-copia-copia-copia-4\\\/#primaryimage\"},\"thumbnailUrl\":\"https:\\\/\\\/mondopelle.it\\\/wp-content\\\/uploads\\\/2024\\\/08\\\/Foto-31-08-24-17-36-43-1.jpg\",\"datePublished\":\"2024-08-31T15:49:42+00:00\",\"dateModified\":\"2025-04-10T17:51:29+00:00\",\"description\":\"Bottes Marino Fabiani 9008 Vente en ligne dans le monde entier. \u2713 Livraison gratuite et rapide, paiement \u00e0 la livraison et retours faciles. Commandez chez Mondopelle et recevez le meilleur de la mode !\",\"breadcrumb\":{\"@id\":\"https:\\\/\\\/mondopelle.it\\\/fr\\\/shop\\\/chaussures\\\/bottines\\\/bottines-evaluna-5115-copia-copia-copia-copia-copia-copia-4\\\/#breadcrumb\"},\"inLanguage\":\"fr-FR\",\"potentialAction\":[{\"@type\":\"ReadAction\",\"target\":[\"https:\\\/\\\/mondopelle.it\\\/fr\\\/shop\\\/chaussures\\\/bottines\\\/bottines-evaluna-5115-copia-copia-copia-copia-copia-copia-4\\\/\"]}]},{\"@type\":\"ImageObject\",\"inLanguage\":\"fr-FR\",\"@id\":\"https:\\\/\\\/mondopelle.it\\\/fr\\\/shop\\\/chaussures\\\/bottines\\\/bottines-evaluna-5115-copia-copia-copia-copia-copia-copia-4\\\/#primaryimage\",\"url\":\"https:\\\/\\\/mondopelle.it\\\/wp-content\\\/uploads\\\/2024\\\/08\\\/Foto-31-08-24-17-36-43-1.jpg\",\"contentUrl\":\"https:\\\/\\\/mondopelle.it\\\/wp-content\\\/uploads\\\/2024\\\/08\\\/Foto-31-08-24-17-36-43-1.jpg\",\"width\":1512,\"height\":1512,\"caption\":\"Bottes Marino Fabiani 3013\"},{\"@type\":\"BreadcrumbList\",\"@id\":\"https:\\\/\\\/mondopelle.it\\\/fr\\\/shop\\\/chaussures\\\/bottines\\\/bottines-evaluna-5115-copia-copia-copia-copia-copia-copia-4\\\/#breadcrumb\",\"itemListElement\":[{\"@type\":\"ListItem\",\"position\":1,\"name\":\"Page d'accueil\",\"item\":\"https:\\\/\\\/mondopelle.it\\\/fr\\\/home-new\\\/\"},{\"@type\":\"ListItem\",\"position\":2,\"name\":\"Produits\",\"item\":\"https:\\\/\\\/mondopelle.it\\\/fr\\\/shop\\\/\"},{\"@type\":\"ListItem\",\"position\":3,\"name\":\"Bottes Marino Fabiani 9008\"}]},{\"@type\":\"WebSite\",\"@id\":\"https:\\\/\\\/mondopelle.it\\\/fr\\\/#website\",\"url\":\"https:\\\/\\\/mondopelle.it\\\/fr\\\/\",\"name\":\"Mondopelle\",\"description\":\"\",\"publisher\":{\"@id\":\"https:\\\/\\\/mondopelle.it\\\/fr\\\/#organization\"},\"potentialAction\":[{\"@type\":\"SearchAction\",\"target\":{\"@type\":\"EntryPoint\",\"urlTemplate\":\"https:\\\/\\\/mondopelle.it\\\/fr\\\/?s={search_term_string}\"},\"query-input\":{\"@type\":\"PropertyValueSpecification\",\"valueRequired\":true,\"valueName\":\"search_term_string\"}}],\"inLanguage\":\"fr-FR\"},{\"@type\":\"Organization\",\"@id\":\"https:\\\/\\\/mondopelle.it\\\/fr\\\/#organization\",\"name\":\"Mondopelle\",\"url\":\"https:\\\/\\\/mondopelle.it\\\/fr\\\/\",\"logo\":{\"@type\":\"ImageObject\",\"inLanguage\":\"fr-FR\",\"@id\":\"https:\\\/\\\/mondopelle.it\\\/fr\\\/#\\\/schema\\\/logo\\\/image\\\/\",\"url\":\"https:\\\/\\\/mondopelle.it\\\/wp-content\\\/uploads\\\/2023\\\/07\\\/logo_mp-283x55-1.png\",\"contentUrl\":\"https:\\\/\\\/mondopelle.it\\\/wp-content\\\/uploads\\\/2023\\\/07\\\/logo_mp-283x55-1.png\",\"width\":283,\"height\":55,\"caption\":\"Mondopelle\"},\"image\":{\"@id\":\"https:\\\/\\\/mondopelle.it\\\/fr\\\/#\\\/schema\\\/logo\\\/image\\\/\"},\"sameAs\":[\"https:\\\/\\\/www.facebook.com\\\/mondopelle\\\/\",\"https:\\\/\\\/www.instagram.com\\\/mondopelle\\\/\"]}]}<\/script>\n<!-- \/ Yoast SEO plugin. -->","yoast_head_json":{"title":"Bottes Marino Fabiani 9008 - Mondopelle","description":"Bottes Marino Fabiani 9008 Vente en ligne dans le monde entier. \u2713 Livraison gratuite et rapide, paiement \u00e0 la livraison et retours faciles. Commandez chez Mondopelle et recevez le meilleur de la mode !","robots":{"index":"index","follow":"follow","max-snippet":"max-snippet:-1","max-image-preview":"max-image-preview:large","max-video-preview":"max-video-preview:-1"},"canonical":"https:\/\/mondopelle.it\/fr\/shop\/chaussures\/bottines\/bottines-evaluna-5115-copia-copia-copia-copia-copia-copia-4\/","og_locale":"fr_FR","og_type":"article","og_title":"Bottes Marino Fabiani 9008 - Mondopelle","og_description":"Bottes Marino Fabiani 9008 Vente en ligne dans le monde entier. \u2713 Livraison gratuite et rapide, paiement \u00e0 la livraison et retours faciles. Commandez chez Mondopelle et recevez le meilleur de la mode !","og_url":"https:\/\/mondopelle.it\/fr\/shop\/chaussures\/bottines\/bottines-evaluna-5115-copia-copia-copia-copia-copia-copia-4\/","og_site_name":"Mondopelle","article_publisher":"https:\/\/www.facebook.com\/mondopelle\/","article_modified_time":"2025-04-10T17:51:29+00:00","og_image":[{"width":1512,"height":1512,"url":"https:\/\/mondopelle.it\/wp-content\/uploads\/2024\/08\/Foto-31-08-24-17-36-43-1.jpg","type":"image\/jpeg"}],"twitter_card":"summary_large_image","twitter_misc":{"Dur\u00e9e de lecture estim\u00e9e":"2 minutes"},"schema":{"@context":"https:\/\/schema.org","@graph":[{"@type":"WebPage","@id":"https:\/\/mondopelle.it\/fr\/shop\/chaussures\/bottines\/bottines-evaluna-5115-copia-copia-copia-copia-copia-copia-4\/","url":"https:\/\/mondopelle.it\/fr\/shop\/chaussures\/bottines\/bottines-evaluna-5115-copia-copia-copia-copia-copia-copia-4\/","name":"Bottes Marino Fabiani 9008 - Mondopelle","isPartOf":{"@id":"https:\/\/mondopelle.it\/fr\/#website"},"primaryImageOfPage":{"@id":"https:\/\/mondopelle.it\/fr\/shop\/chaussures\/bottines\/bottines-evaluna-5115-copia-copia-copia-copia-copia-copia-4\/#primaryimage"},"image":{"@id":"https:\/\/mondopelle.it\/fr\/shop\/chaussures\/bottines\/bottines-evaluna-5115-copia-copia-copia-copia-copia-copia-4\/#primaryimage"},"thumbnailUrl":"https:\/\/mondopelle.it\/wp-content\/uploads\/2024\/08\/Foto-31-08-24-17-36-43-1.jpg","datePublished":"2024-08-31T15:49:42+00:00","dateModified":"2025-04-10T17:51:29+00:00","description":"Bottes Marino Fabiani 9008 Vente en ligne dans le monde entier. \u2713 Livraison gratuite et rapide, paiement \u00e0 la livraison et retours faciles. Commandez chez Mondopelle et recevez le meilleur de la mode !","breadcrumb":{"@id":"https:\/\/mondopelle.it\/fr\/shop\/chaussures\/bottines\/bottines-evaluna-5115-copia-copia-copia-copia-copia-copia-4\/#breadcrumb"},"inLanguage":"fr-FR","potentialAction":[{"@type":"ReadAction","target":["https:\/\/mondopelle.it\/fr\/shop\/chaussures\/bottines\/bottines-evaluna-5115-copia-copia-copia-copia-copia-copia-4\/"]}]},{"@type":"ImageObject","inLanguage":"fr-FR","@id":"https:\/\/mondopelle.it\/fr\/shop\/chaussures\/bottines\/bottines-evaluna-5115-copia-copia-copia-copia-copia-copia-4\/#primaryimage","url":"https:\/\/mondopelle.it\/wp-content\/uploads\/2024\/08\/Foto-31-08-24-17-36-43-1.jpg","contentUrl":"https:\/\/mondopelle.it\/wp-content\/uploads\/2024\/08\/Foto-31-08-24-17-36-43-1.jpg","width":1512,"height":1512,"caption":"Bottes Marino Fabiani 3013"},{"@type":"BreadcrumbList","@id":"https:\/\/mondopelle.it\/fr\/shop\/chaussures\/bottines\/bottines-evaluna-5115-copia-copia-copia-copia-copia-copia-4\/#breadcrumb","itemListElement":[{"@type":"ListItem","position":1,"name":"Page d'accueil","item":"https:\/\/mondopelle.it\/fr\/home-new\/"},{"@type":"ListItem","position":2,"name":"Produits","item":"https:\/\/mondopelle.it\/fr\/shop\/"},{"@type":"ListItem","position":3,"name":"Bottes Marino Fabiani 9008"}]},{"@type":"WebSite","@id":"https:\/\/mondopelle.it\/fr\/#website","url":"https:\/\/mondopelle.it\/fr\/","name":"Mondopelle","description":"","publisher":{"@id":"https:\/\/mondopelle.it\/fr\/#organization"},"potentialAction":[{"@type":"SearchAction","target":{"@type":"EntryPoint","urlTemplate":"https:\/\/mondopelle.it\/fr\/?s={search_term_string}"},"query-input":{"@type":"PropertyValueSpecification","valueRequired":true,"valueName":"search_term_string"}}],"inLanguage":"fr-FR"},{"@type":"Organization","@id":"https:\/\/mondopelle.it\/fr\/#organization","name":"Mondopelle","url":"https:\/\/mondopelle.it\/fr\/","logo":{"@type":"ImageObject","inLanguage":"fr-FR","@id":"https:\/\/mondopelle.it\/fr\/#\/schema\/logo\/image\/","url":"https:\/\/mondopelle.it\/wp-content\/uploads\/2023\/07\/logo_mp-283x55-1.png","contentUrl":"https:\/\/mondopelle.it\/wp-content\/uploads\/2023\/07\/logo_mp-283x55-1.png","width":283,"height":55,"caption":"Mondopelle"},"image":{"@id":"https:\/\/mondopelle.it\/fr\/#\/schema\/logo\/image\/"},"sameAs":["https:\/\/www.facebook.com\/mondopelle\/","https:\/\/www.instagram.com\/mondopelle\/"]}]}},"_links":{"self":[{"href":"https:\/\/mondopelle.it\/fr\/wp-json\/wp\/v2\/product\/65178","targetHints":{"allow":["GET"]}}],"collection":[{"href":"https:\/\/mondopelle.it\/fr\/wp-json\/wp\/v2\/product"}],"about":[{"href":"https:\/\/mondopelle.it\/fr\/wp-json\/wp\/v2\/types\/product"}],"replies":[{"embeddable":true,"href":"https:\/\/mondopelle.it\/fr\/wp-json\/wp\/v2\/comments?post=65178"}],"version-history":[{"count":0,"href":"https:\/\/mondopelle.it\/fr\/wp-json\/wp\/v2\/product\/65178\/revisions"}],"wp:featuredmedia":[{"embeddable":true,"href":"https:\/\/mondopelle.it\/fr\/wp-json\/wp\/v2\/media\/65130"}],"wp:attachment":[{"href":"https:\/\/mondopelle.it\/fr\/wp-json\/wp\/v2\/media?parent=65178"}],"wp:term":[{"taxonomy":"brand","embeddable":true,"href":"https:\/\/mondopelle.it\/fr\/wp-json\/wp\/v2\/etheme_brands?post=65178"},{"taxonomy":"product_brand","embeddable":true,"href":"https:\/\/mondopelle.it\/fr\/wp-json\/wp\/v2\/product_brand?post=65178"},{"taxonomy":"product_cat","embeddable":true,"href":"https:\/\/mondopelle.it\/fr\/wp-json\/wp\/v2\/product_cat?post=65178"},{"taxonomy":"product_tag","embeddable":true,"href":"https:\/\/mondopelle.it\/fr\/wp-json\/wp\/v2\/product_tag?post=65178"}],"curies":[{"name":"wp","href":"https:\/\/api.w.org\/{rel}","templated":true}]}}