{"id":65266,"date":"2024-08-31T18:15:30","date_gmt":"2024-08-31T16:15:30","guid":{"rendered":"https:\/\/mondopelle.it\/?post_type=product&#038;p=65266"},"modified":"2025-04-10T19:54:08","modified_gmt":"2025-04-10T17:54:08","slug":"bottines-evaluna-5115-copia-copia-copia-copia-copia-copia-copia-copia-2","status":"publish","type":"product","link":"https:\/\/mondopelle.it\/fr\/shop\/chaussures\/bottes\/bottines-evaluna-5115-copia-copia-copia-copia-copia-copia-copia-copia-2\/","title":{"rendered":"Bottes Marino Fabiani 3156"},"content":{"rendered":"<p>La nouvelle collection de la c\u00e9l\u00e8bre marque italienne Marino Fabiani, nous vous pr\u00e9sentons d&#8217; \u00e9l\u00e9gantes bottes au genou en cuir naturel de couleur cr\u00e8me . Ces bottes allient raffinement et confort, gr\u00e2ce \u00e0 un empi\u00e8cement en cuir \u00e9lastiqu\u00e9 qui garantit un ajustement parfait \u00e0 tout type de mollet. Le design minimaliste est caract\u00e9ris\u00e9 par un talon bas de 2 cm, qui offre un confort id\u00e9al pour une utilisation quotidienne sans sacrifier le style . La teinte cr\u00e8me apporte une touche de fra\u00eecheur et de polyvalence, parfaite pour compl\u00e9ter vos looks d&#8217;automne avec une\u00e9l\u00e9gance intemporelle. Ces bottes de Marino Fabiani incarnent l&#8217;excellence de l&#8217;artisanat italien, un choix parfait pour ceux qui recherchent des chaussures de haute qualit\u00e9 qui allient \u00e9l\u00e9gance et fonctionnalit\u00e9 \u00e0 chaque pas.    <\/p>\n","protected":false},"excerpt":{"rendered":"<p>La nouvelle collection de la c\u00e9l\u00e8bre marque italienne Marino Fabiani, nous vous pr\u00e9sentons d&#8217; \u00e9l\u00e9gantes bottes au genou en cuir naturel de couleur cr\u00e8me . Ces bottes allient raffinement et confort, gr\u00e2ce \u00e0 un empi\u00e8cement en cuir \u00e9lastiqu\u00e9 qui garantit un ajustement parfait \u00e0 tout type de mollet. Le design minimaliste est caract\u00e9ris\u00e9 par un talon bas de 2 cm, qui offre un confort id\u00e9al pour une utilisation quotidienne sans sacrifier le style . La&#8230;<\/p>\n","protected":false},"featured_media":65289,"comment_status":"open","ping_status":"closed","template":"","meta":[],"etheme_brands":[{"term_id":1035,"name":"Marino Fabiani","slug":"marino-fabiani-fr","term_group":0,"term_taxonomy_id":1035,"taxonomy":"brand","description":"Marino Fabiani, la c\u00e9l\u00e8bre marque italienne, continue de dominer le monde de la mode avec ses collections extraordinaires qui enchantent les femmes \u00e9l\u00e9gantes depuis de nombreuses saisons. D\u00e9di\u00e9e \u00e0 celles qui recherchent le confort sans renoncer \u00e0 la sophistication, Marino Fabiani offre une combinaison unique de formes f\u00e9minines et de talons somptueux.\r\n\r\nLes chaussures Marino Fabiani\u00a0expriment un go\u00fbt pour la sophistication, avec des d\u00e9tails tels que d'\u00e9l\u00e9gants strass et une vari\u00e9t\u00e9 de formes de talons qui ajoutent une touche distinctive \u00e0 chaque paire. Chaque mod\u00e8le est con\u00e7u pour offrir un maximum de confort gr\u00e2ce \u00e0 des solutions de conception innovantes et \u00e0 un ajustement impeccable.\r\n\r\nCes chaussures Marino Fabiani expriment une beaut\u00e9 intemporelle, avec des mat\u00e9riaux de premi\u00e8re qualit\u00e9 qui garantissent la durabilit\u00e9 et la solidit\u00e9 de chaque paire. Avec un engagement de qualit\u00e9, Marino Fabiani cr\u00e9e des chaussures qui se distinguent par leur \u00e9l\u00e9gance et leur luxe.\r\n\r\nD\u00e9couvrez notre nouvelle collection sur notre site mondopelle.it, o\u00f9 vous pourrez acheter ces chaussures exclusives. Choisissez la sophistication intemporelle, avec Marino Fabiani, chaque pas est une d\u00e9claration de style et de confort in\u00e9gal\u00e9s.","parent":0,"count":2,"filter":"raw"}],"product_brand":[],"product_cat":[1040,1013],"product_tag":[],"class_list":{"0":"post-65266","1":"product","2":"type-product","3":"status-publish","4":"has-post-thumbnail","6":"brand-marino-fabiani-fr","7":"product_cat-bottes","8":"product_cat-chaussures","9":"pa_cvet-lait","10":"pa_god-2024-fr-2","11":"pa_materialotdelkisnaruzhi-cuir","12":"pa_materialotdelkivnutri-cuir","13":"pa_materialpodoshv-caoutchouc","14":"pa_razmer-37-fr-2","15":"pa_razmer-39-fr","16":"pa_razmer-40-fr","17":"pa_sezon-automne-hiver","18":"pa_stranaproizvoditelx-italie","19":"pa_vsotakabluka_sm-2-fr","21":"first","22":"instock","23":"sale","24":"shipping-taxable","25":"purchasable","26":"product-type-variable","27":"has-default-attributes"},"yoast_head":"<!-- This site is optimized with the Yoast SEO plugin v27.5 - https:\/\/yoast.com\/product\/yoast-seo-wordpress\/ -->\n<title>Bottes Marino Fabiani 3156 - Mondopelle<\/title>\n<meta name=\"description\" content=\"Bottes Marino Fabiani 3156 Vente en ligne dans le monde entier. \u2713 Livraison gratuite et rapide, paiement \u00e0 la livraison et retours faciles. Commandez chez Mondopelle et recevez le meilleur de la mode !\" \/>\n<meta name=\"robots\" content=\"index, follow, max-snippet:-1, max-image-preview:large, max-video-preview:-1\" \/>\n<link rel=\"canonical\" href=\"https:\/\/mondopelle.it\/fr\/shop\/chaussures\/bottes\/bottines-evaluna-5115-copia-copia-copia-copia-copia-copia-copia-copia-2\/\" \/>\n<meta property=\"og:locale\" content=\"fr_FR\" \/>\n<meta property=\"og:type\" content=\"article\" \/>\n<meta property=\"og:title\" content=\"Bottes Marino Fabiani 3156 - Mondopelle\" \/>\n<meta property=\"og:description\" content=\"Bottes Marino Fabiani 3156 Vente en ligne dans le monde entier. \u2713 Livraison gratuite et rapide, paiement \u00e0 la livraison et retours faciles. Commandez chez Mondopelle et recevez le meilleur de la mode !\" \/>\n<meta property=\"og:url\" content=\"https:\/\/mondopelle.it\/fr\/shop\/chaussures\/bottes\/bottines-evaluna-5115-copia-copia-copia-copia-copia-copia-copia-copia-2\/\" \/>\n<meta property=\"og:site_name\" content=\"Mondopelle\" \/>\n<meta property=\"article:publisher\" content=\"https:\/\/www.facebook.com\/mondopelle\/\" \/>\n<meta property=\"article:modified_time\" content=\"2025-04-10T17:54:08+00:00\" \/>\n<meta property=\"og:image\" content=\"https:\/\/mondopelle.it\/wp-content\/uploads\/2024\/08\/Foto-31-08-24-18-05-59.jpg\" \/>\n\t<meta property=\"og:image:width\" content=\"1512\" \/>\n\t<meta property=\"og:image:height\" content=\"1512\" \/>\n\t<meta property=\"og:image:type\" content=\"image\/jpeg\" \/>\n<meta name=\"twitter:card\" content=\"summary_large_image\" \/>\n<meta name=\"twitter:label1\" content=\"Dur\u00e9e de lecture estim\u00e9e\" \/>\n\t<meta name=\"twitter:data1\" content=\"2 minutes\" \/>\n<script type=\"application\/ld+json\" class=\"yoast-schema-graph\">{\"@context\":\"https:\\\/\\\/schema.org\",\"@graph\":[{\"@type\":\"WebPage\",\"@id\":\"https:\\\/\\\/mondopelle.it\\\/fr\\\/shop\\\/chaussures\\\/bottes\\\/bottines-evaluna-5115-copia-copia-copia-copia-copia-copia-copia-copia-2\\\/\",\"url\":\"https:\\\/\\\/mondopelle.it\\\/fr\\\/shop\\\/chaussures\\\/bottes\\\/bottines-evaluna-5115-copia-copia-copia-copia-copia-copia-copia-copia-2\\\/\",\"name\":\"Bottes Marino Fabiani 3156 - Mondopelle\",\"isPartOf\":{\"@id\":\"https:\\\/\\\/mondopelle.it\\\/fr\\\/#website\"},\"primaryImageOfPage\":{\"@id\":\"https:\\\/\\\/mondopelle.it\\\/fr\\\/shop\\\/chaussures\\\/bottes\\\/bottines-evaluna-5115-copia-copia-copia-copia-copia-copia-copia-copia-2\\\/#primaryimage\"},\"image\":{\"@id\":\"https:\\\/\\\/mondopelle.it\\\/fr\\\/shop\\\/chaussures\\\/bottes\\\/bottines-evaluna-5115-copia-copia-copia-copia-copia-copia-copia-copia-2\\\/#primaryimage\"},\"thumbnailUrl\":\"https:\\\/\\\/mondopelle.it\\\/wp-content\\\/uploads\\\/2024\\\/08\\\/Foto-31-08-24-18-05-59.jpg\",\"datePublished\":\"2024-08-31T16:15:30+00:00\",\"dateModified\":\"2025-04-10T17:54:08+00:00\",\"description\":\"Bottes Marino Fabiani 3156 Vente en ligne dans le monde entier. \u2713 Livraison gratuite et rapide, paiement \u00e0 la livraison et retours faciles. Commandez chez Mondopelle et recevez le meilleur de la mode !\",\"breadcrumb\":{\"@id\":\"https:\\\/\\\/mondopelle.it\\\/fr\\\/shop\\\/chaussures\\\/bottes\\\/bottines-evaluna-5115-copia-copia-copia-copia-copia-copia-copia-copia-2\\\/#breadcrumb\"},\"inLanguage\":\"fr-FR\",\"potentialAction\":[{\"@type\":\"ReadAction\",\"target\":[\"https:\\\/\\\/mondopelle.it\\\/fr\\\/shop\\\/chaussures\\\/bottes\\\/bottines-evaluna-5115-copia-copia-copia-copia-copia-copia-copia-copia-2\\\/\"]}]},{\"@type\":\"ImageObject\",\"inLanguage\":\"fr-FR\",\"@id\":\"https:\\\/\\\/mondopelle.it\\\/fr\\\/shop\\\/chaussures\\\/bottes\\\/bottines-evaluna-5115-copia-copia-copia-copia-copia-copia-copia-copia-2\\\/#primaryimage\",\"url\":\"https:\\\/\\\/mondopelle.it\\\/wp-content\\\/uploads\\\/2024\\\/08\\\/Foto-31-08-24-18-05-59.jpg\",\"contentUrl\":\"https:\\\/\\\/mondopelle.it\\\/wp-content\\\/uploads\\\/2024\\\/08\\\/Foto-31-08-24-18-05-59.jpg\",\"width\":1512,\"height\":1512,\"caption\":\"Stivali Marino Fabiani 3026 (Copia)\"},{\"@type\":\"BreadcrumbList\",\"@id\":\"https:\\\/\\\/mondopelle.it\\\/fr\\\/shop\\\/chaussures\\\/bottes\\\/bottines-evaluna-5115-copia-copia-copia-copia-copia-copia-copia-copia-2\\\/#breadcrumb\",\"itemListElement\":[{\"@type\":\"ListItem\",\"position\":1,\"name\":\"Page d'accueil\",\"item\":\"https:\\\/\\\/mondopelle.it\\\/fr\\\/home-new\\\/\"},{\"@type\":\"ListItem\",\"position\":2,\"name\":\"Produits\",\"item\":\"https:\\\/\\\/mondopelle.it\\\/fr\\\/shop\\\/\"},{\"@type\":\"ListItem\",\"position\":3,\"name\":\"Bottes Marino Fabiani 3156\"}]},{\"@type\":\"WebSite\",\"@id\":\"https:\\\/\\\/mondopelle.it\\\/fr\\\/#website\",\"url\":\"https:\\\/\\\/mondopelle.it\\\/fr\\\/\",\"name\":\"Mondopelle\",\"description\":\"\",\"publisher\":{\"@id\":\"https:\\\/\\\/mondopelle.it\\\/fr\\\/#organization\"},\"potentialAction\":[{\"@type\":\"SearchAction\",\"target\":{\"@type\":\"EntryPoint\",\"urlTemplate\":\"https:\\\/\\\/mondopelle.it\\\/fr\\\/?s={search_term_string}\"},\"query-input\":{\"@type\":\"PropertyValueSpecification\",\"valueRequired\":true,\"valueName\":\"search_term_string\"}}],\"inLanguage\":\"fr-FR\"},{\"@type\":\"Organization\",\"@id\":\"https:\\\/\\\/mondopelle.it\\\/fr\\\/#organization\",\"name\":\"Mondopelle\",\"url\":\"https:\\\/\\\/mondopelle.it\\\/fr\\\/\",\"logo\":{\"@type\":\"ImageObject\",\"inLanguage\":\"fr-FR\",\"@id\":\"https:\\\/\\\/mondopelle.it\\\/fr\\\/#\\\/schema\\\/logo\\\/image\\\/\",\"url\":\"https:\\\/\\\/mondopelle.it\\\/wp-content\\\/uploads\\\/2023\\\/07\\\/logo_mp-283x55-1.png\",\"contentUrl\":\"https:\\\/\\\/mondopelle.it\\\/wp-content\\\/uploads\\\/2023\\\/07\\\/logo_mp-283x55-1.png\",\"width\":283,\"height\":55,\"caption\":\"Mondopelle\"},\"image\":{\"@id\":\"https:\\\/\\\/mondopelle.it\\\/fr\\\/#\\\/schema\\\/logo\\\/image\\\/\"},\"sameAs\":[\"https:\\\/\\\/www.facebook.com\\\/mondopelle\\\/\",\"https:\\\/\\\/www.instagram.com\\\/mondopelle\\\/\"]}]}<\/script>\n<!-- \/ Yoast SEO plugin. -->","yoast_head_json":{"title":"Bottes Marino Fabiani 3156 - Mondopelle","description":"Bottes Marino Fabiani 3156 Vente en ligne dans le monde entier. \u2713 Livraison gratuite et rapide, paiement \u00e0 la livraison et retours faciles. Commandez chez Mondopelle et recevez le meilleur de la mode !","robots":{"index":"index","follow":"follow","max-snippet":"max-snippet:-1","max-image-preview":"max-image-preview:large","max-video-preview":"max-video-preview:-1"},"canonical":"https:\/\/mondopelle.it\/fr\/shop\/chaussures\/bottes\/bottines-evaluna-5115-copia-copia-copia-copia-copia-copia-copia-copia-2\/","og_locale":"fr_FR","og_type":"article","og_title":"Bottes Marino Fabiani 3156 - Mondopelle","og_description":"Bottes Marino Fabiani 3156 Vente en ligne dans le monde entier. \u2713 Livraison gratuite et rapide, paiement \u00e0 la livraison et retours faciles. Commandez chez Mondopelle et recevez le meilleur de la mode !","og_url":"https:\/\/mondopelle.it\/fr\/shop\/chaussures\/bottes\/bottines-evaluna-5115-copia-copia-copia-copia-copia-copia-copia-copia-2\/","og_site_name":"Mondopelle","article_publisher":"https:\/\/www.facebook.com\/mondopelle\/","article_modified_time":"2025-04-10T17:54:08+00:00","og_image":[{"width":1512,"height":1512,"url":"https:\/\/mondopelle.it\/wp-content\/uploads\/2024\/08\/Foto-31-08-24-18-05-59.jpg","type":"image\/jpeg"}],"twitter_card":"summary_large_image","twitter_misc":{"Dur\u00e9e de lecture estim\u00e9e":"2 minutes"},"schema":{"@context":"https:\/\/schema.org","@graph":[{"@type":"WebPage","@id":"https:\/\/mondopelle.it\/fr\/shop\/chaussures\/bottes\/bottines-evaluna-5115-copia-copia-copia-copia-copia-copia-copia-copia-2\/","url":"https:\/\/mondopelle.it\/fr\/shop\/chaussures\/bottes\/bottines-evaluna-5115-copia-copia-copia-copia-copia-copia-copia-copia-2\/","name":"Bottes Marino Fabiani 3156 - Mondopelle","isPartOf":{"@id":"https:\/\/mondopelle.it\/fr\/#website"},"primaryImageOfPage":{"@id":"https:\/\/mondopelle.it\/fr\/shop\/chaussures\/bottes\/bottines-evaluna-5115-copia-copia-copia-copia-copia-copia-copia-copia-2\/#primaryimage"},"image":{"@id":"https:\/\/mondopelle.it\/fr\/shop\/chaussures\/bottes\/bottines-evaluna-5115-copia-copia-copia-copia-copia-copia-copia-copia-2\/#primaryimage"},"thumbnailUrl":"https:\/\/mondopelle.it\/wp-content\/uploads\/2024\/08\/Foto-31-08-24-18-05-59.jpg","datePublished":"2024-08-31T16:15:30+00:00","dateModified":"2025-04-10T17:54:08+00:00","description":"Bottes Marino Fabiani 3156 Vente en ligne dans le monde entier. \u2713 Livraison gratuite et rapide, paiement \u00e0 la livraison et retours faciles. Commandez chez Mondopelle et recevez le meilleur de la mode !","breadcrumb":{"@id":"https:\/\/mondopelle.it\/fr\/shop\/chaussures\/bottes\/bottines-evaluna-5115-copia-copia-copia-copia-copia-copia-copia-copia-2\/#breadcrumb"},"inLanguage":"fr-FR","potentialAction":[{"@type":"ReadAction","target":["https:\/\/mondopelle.it\/fr\/shop\/chaussures\/bottes\/bottines-evaluna-5115-copia-copia-copia-copia-copia-copia-copia-copia-2\/"]}]},{"@type":"ImageObject","inLanguage":"fr-FR","@id":"https:\/\/mondopelle.it\/fr\/shop\/chaussures\/bottes\/bottines-evaluna-5115-copia-copia-copia-copia-copia-copia-copia-copia-2\/#primaryimage","url":"https:\/\/mondopelle.it\/wp-content\/uploads\/2024\/08\/Foto-31-08-24-18-05-59.jpg","contentUrl":"https:\/\/mondopelle.it\/wp-content\/uploads\/2024\/08\/Foto-31-08-24-18-05-59.jpg","width":1512,"height":1512,"caption":"Stivali Marino Fabiani 3026 (Copia)"},{"@type":"BreadcrumbList","@id":"https:\/\/mondopelle.it\/fr\/shop\/chaussures\/bottes\/bottines-evaluna-5115-copia-copia-copia-copia-copia-copia-copia-copia-2\/#breadcrumb","itemListElement":[{"@type":"ListItem","position":1,"name":"Page d'accueil","item":"https:\/\/mondopelle.it\/fr\/home-new\/"},{"@type":"ListItem","position":2,"name":"Produits","item":"https:\/\/mondopelle.it\/fr\/shop\/"},{"@type":"ListItem","position":3,"name":"Bottes Marino Fabiani 3156"}]},{"@type":"WebSite","@id":"https:\/\/mondopelle.it\/fr\/#website","url":"https:\/\/mondopelle.it\/fr\/","name":"Mondopelle","description":"","publisher":{"@id":"https:\/\/mondopelle.it\/fr\/#organization"},"potentialAction":[{"@type":"SearchAction","target":{"@type":"EntryPoint","urlTemplate":"https:\/\/mondopelle.it\/fr\/?s={search_term_string}"},"query-input":{"@type":"PropertyValueSpecification","valueRequired":true,"valueName":"search_term_string"}}],"inLanguage":"fr-FR"},{"@type":"Organization","@id":"https:\/\/mondopelle.it\/fr\/#organization","name":"Mondopelle","url":"https:\/\/mondopelle.it\/fr\/","logo":{"@type":"ImageObject","inLanguage":"fr-FR","@id":"https:\/\/mondopelle.it\/fr\/#\/schema\/logo\/image\/","url":"https:\/\/mondopelle.it\/wp-content\/uploads\/2023\/07\/logo_mp-283x55-1.png","contentUrl":"https:\/\/mondopelle.it\/wp-content\/uploads\/2023\/07\/logo_mp-283x55-1.png","width":283,"height":55,"caption":"Mondopelle"},"image":{"@id":"https:\/\/mondopelle.it\/fr\/#\/schema\/logo\/image\/"},"sameAs":["https:\/\/www.facebook.com\/mondopelle\/","https:\/\/www.instagram.com\/mondopelle\/"]}]}},"_links":{"self":[{"href":"https:\/\/mondopelle.it\/fr\/wp-json\/wp\/v2\/product\/65266","targetHints":{"allow":["GET"]}}],"collection":[{"href":"https:\/\/mondopelle.it\/fr\/wp-json\/wp\/v2\/product"}],"about":[{"href":"https:\/\/mondopelle.it\/fr\/wp-json\/wp\/v2\/types\/product"}],"replies":[{"embeddable":true,"href":"https:\/\/mondopelle.it\/fr\/wp-json\/wp\/v2\/comments?post=65266"}],"version-history":[{"count":0,"href":"https:\/\/mondopelle.it\/fr\/wp-json\/wp\/v2\/product\/65266\/revisions"}],"wp:featuredmedia":[{"embeddable":true,"href":"https:\/\/mondopelle.it\/fr\/wp-json\/wp\/v2\/media\/65289"}],"wp:attachment":[{"href":"https:\/\/mondopelle.it\/fr\/wp-json\/wp\/v2\/media?parent=65266"}],"wp:term":[{"taxonomy":"brand","embeddable":true,"href":"https:\/\/mondopelle.it\/fr\/wp-json\/wp\/v2\/etheme_brands?post=65266"},{"taxonomy":"product_brand","embeddable":true,"href":"https:\/\/mondopelle.it\/fr\/wp-json\/wp\/v2\/product_brand?post=65266"},{"taxonomy":"product_cat","embeddable":true,"href":"https:\/\/mondopelle.it\/fr\/wp-json\/wp\/v2\/product_cat?post=65266"},{"taxonomy":"product_tag","embeddable":true,"href":"https:\/\/mondopelle.it\/fr\/wp-json\/wp\/v2\/product_tag?post=65266"}],"curies":[{"name":"wp","href":"https:\/\/api.w.org\/{rel}","templated":true}]}}