{"id":68065,"date":"2024-09-07T16:30:18","date_gmt":"2024-09-07T14:30:18","guid":{"rendered":"https:\/\/mondopelle.it\/?post_type=product&#038;p=68065"},"modified":"2024-12-14T13:18:55","modified_gmt":"2024-12-14T11:18:55","slug":"baskets-gio-rosa04-copia","status":"publish","type":"product","link":"https:\/\/mondopelle.it\/fr\/shop\/chaussures\/baskets\/baskets-gio-rosa04-copia\/","title":{"rendered":"Baskets Accademia 72 Ac040"},"content":{"rendered":"<p class=\"whitespace-pre-wrap break-words\">Ces baskets confortables sont con\u00e7ues pour ceux qui appr\u00e9cient le confort et le style. Elles sont dot\u00e9es d&#8217; une semelle \u00e0 la mode qui offre un excellent amorti et un bon maintien du pied. \u00c0 l&#8217;int\u00e9rieur, une semelle int\u00e9rieure en cuir souple et une doublure en textile respirant assurent un confort tout au long de la journ\u00e9e. L&#8217;ext\u00e9rieur en cuir avec des empi\u00e8cements en tissu conf\u00e8re au mod\u00e8le un look sportif et confortable et contribue \u00e0 sa durabilit\u00e9. Les baskets sont pr\u00e9sent\u00e9es dans une agr\u00e9able combinaison de couleurs beige, qui peut \u00eatre facilement combin\u00e9e avec n&#8217;importe quelle tenue, cr\u00e9ant ainsi un look harmonieux et moderne.    <\/p>\n","protected":false},"excerpt":{"rendered":"<p>Ces baskets confortables sont con\u00e7ues pour ceux qui appr\u00e9cient le confort et le style. Elles sont dot\u00e9es d&#8217; une semelle \u00e0 la mode qui offre un excellent amorti et un bon maintien du pied. \u00c0 l&#8217;int\u00e9rieur, une semelle int\u00e9rieure en cuir souple et une doublure en textile respirant assurent un confort tout au long de la journ\u00e9e. L&#8217;ext\u00e9rieur en cuir avec des empi\u00e8cements en tissu conf\u00e8re au mod\u00e8le un look sportif et confortable et contribue&#8230;<\/p>\n","protected":false},"featured_media":68081,"comment_status":"open","ping_status":"closed","template":"","meta":[],"etheme_brands":[{"term_id":1658,"name":"Accademia 72","slug":"accademia-72-fr","term_group":0,"term_taxonomy_id":1658,"taxonomy":"brand","description":"Accademia 72 - baskets en cuir pour femme : le confort italien au quotidien La ligne sportive d'Accademia 72 est con\u00e7ue pour celles qui recherchent des chaussures confortables et polyvalentes, \u00e0 porter toute la journ\u00e9e, sans renoncer au style. R\u00e9alis\u00e9es en cuir italien v\u00e9ritable, ces baskets pour femme allient l\u00e9g\u00e8ret\u00e9, maintien et look moderne, parfaites pour la ville ou pour les moments de d\u00e9tente. La semelle souple garantit une marche en douceur, tandis que le design avec empi\u00e8cements contrast\u00e9s ajoute de la personnalit\u00e9 \u00e0 votre tenue. Parfaites avec un jean, une robe d\u00e9contract\u00e9e ou un look sporty chic.","parent":0,"count":1,"filter":"raw"}],"product_brand":[],"product_cat":[1016,1013],"product_tag":[],"class_list":{"0":"post-68065","1":"product","2":"type-product","3":"status-publish","4":"has-post-thumbnail","6":"brand-accademia-72-fr","7":"product_cat-baskets","8":"product_cat-chaussures","9":"pa_cvet-beige","10":"pa_god-2024-fr-2","11":"pa_materialotdelkisnaruzhi-cuir","12":"pa_materialotdelkivnutri-tissu","13":"pa_materialpodoshv-caoutchouc","14":"pa_razmer-36-fr","15":"pa_razmer-37-fr-2","16":"pa_razmer-38-fr-2","17":"pa_razmer-39-fr","18":"pa_razmer-40-fr","19":"pa_razmer-41-fr","20":"pa_sezon-automne-hiver","21":"pa_stranaproizvoditelx-italie","23":"first","24":"instock","25":"sale","26":"shipping-taxable","27":"purchasable","28":"product-type-variable"},"yoast_head":"<!-- This site is optimized with the Yoast SEO plugin v27.5 - https:\/\/yoast.com\/product\/yoast-seo-wordpress\/ -->\n<title>Baskets Accademia 72 Ac040 - Mondopelle<\/title>\n<meta name=\"description\" content=\"Baskets Accademia 72 Ac040 Vente en ligne dans le monde entier. \u2713 Livraison gratuite et rapide, paiement \u00e0 la livraison et retours faciles. Commandez chez Mondopelle et recevez le meilleur de la mode !\" \/>\n<meta name=\"robots\" content=\"index, follow, max-snippet:-1, max-image-preview:large, max-video-preview:-1\" \/>\n<link rel=\"canonical\" href=\"https:\/\/mondopelle.it\/fr\/shop\/chaussures\/baskets\/baskets-gio-rosa04-copia\/\" \/>\n<meta property=\"og:locale\" content=\"fr_FR\" \/>\n<meta property=\"og:type\" content=\"article\" \/>\n<meta property=\"og:title\" content=\"Baskets Accademia 72 Ac040 - Mondopelle\" \/>\n<meta property=\"og:description\" content=\"Baskets Accademia 72 Ac040 Vente en ligne dans le monde entier. \u2713 Livraison gratuite et rapide, paiement \u00e0 la livraison et retours faciles. Commandez chez Mondopelle et recevez le meilleur de la mode !\" \/>\n<meta property=\"og:url\" content=\"https:\/\/mondopelle.it\/fr\/shop\/chaussures\/baskets\/baskets-gio-rosa04-copia\/\" \/>\n<meta property=\"og:site_name\" content=\"Mondopelle\" \/>\n<meta property=\"article:publisher\" content=\"https:\/\/www.facebook.com\/mondopelle\/\" \/>\n<meta property=\"article:modified_time\" content=\"2024-12-14T11:18:55+00:00\" \/>\n<meta property=\"og:image\" content=\"https:\/\/mondopelle.it\/wp-content\/uploads\/2024\/09\/Foto-07-09-24-14-05-37-5.jpg\" \/>\n\t<meta property=\"og:image:width\" content=\"1512\" \/>\n\t<meta property=\"og:image:height\" content=\"1512\" \/>\n\t<meta property=\"og:image:type\" content=\"image\/jpeg\" \/>\n<meta name=\"twitter:card\" content=\"summary_large_image\" \/>\n<meta name=\"twitter:label1\" content=\"Dur\u00e9e de lecture estim\u00e9e\" \/>\n\t<meta name=\"twitter:data1\" content=\"1 minute\" \/>\n<script type=\"application\/ld+json\" class=\"yoast-schema-graph\">{\"@context\":\"https:\\\/\\\/schema.org\",\"@graph\":[{\"@type\":\"WebPage\",\"@id\":\"https:\\\/\\\/mondopelle.it\\\/fr\\\/shop\\\/chaussures\\\/baskets\\\/baskets-gio-rosa04-copia\\\/\",\"url\":\"https:\\\/\\\/mondopelle.it\\\/fr\\\/shop\\\/chaussures\\\/baskets\\\/baskets-gio-rosa04-copia\\\/\",\"name\":\"Baskets Accademia 72 Ac040 - Mondopelle\",\"isPartOf\":{\"@id\":\"https:\\\/\\\/mondopelle.it\\\/fr\\\/#website\"},\"primaryImageOfPage\":{\"@id\":\"https:\\\/\\\/mondopelle.it\\\/fr\\\/shop\\\/chaussures\\\/baskets\\\/baskets-gio-rosa04-copia\\\/#primaryimage\"},\"image\":{\"@id\":\"https:\\\/\\\/mondopelle.it\\\/fr\\\/shop\\\/chaussures\\\/baskets\\\/baskets-gio-rosa04-copia\\\/#primaryimage\"},\"thumbnailUrl\":\"https:\\\/\\\/mondopelle.it\\\/wp-content\\\/uploads\\\/2024\\\/09\\\/Foto-07-09-24-14-05-37-5.jpg\",\"datePublished\":\"2024-09-07T14:30:18+00:00\",\"dateModified\":\"2024-12-14T11:18:55+00:00\",\"description\":\"Baskets Accademia 72 Ac040 Vente en ligne dans le monde entier. \u2713 Livraison gratuite et rapide, paiement \u00e0 la livraison et retours faciles. Commandez chez Mondopelle et recevez le meilleur de la mode !\",\"breadcrumb\":{\"@id\":\"https:\\\/\\\/mondopelle.it\\\/fr\\\/shop\\\/chaussures\\\/baskets\\\/baskets-gio-rosa04-copia\\\/#breadcrumb\"},\"inLanguage\":\"fr-FR\",\"potentialAction\":[{\"@type\":\"ReadAction\",\"target\":[\"https:\\\/\\\/mondopelle.it\\\/fr\\\/shop\\\/chaussures\\\/baskets\\\/baskets-gio-rosa04-copia\\\/\"]}]},{\"@type\":\"ImageObject\",\"inLanguage\":\"fr-FR\",\"@id\":\"https:\\\/\\\/mondopelle.it\\\/fr\\\/shop\\\/chaussures\\\/baskets\\\/baskets-gio-rosa04-copia\\\/#primaryimage\",\"url\":\"https:\\\/\\\/mondopelle.it\\\/wp-content\\\/uploads\\\/2024\\\/09\\\/Foto-07-09-24-14-05-37-5.jpg\",\"contentUrl\":\"https:\\\/\\\/mondopelle.it\\\/wp-content\\\/uploads\\\/2024\\\/09\\\/Foto-07-09-24-14-05-37-5.jpg\",\"width\":1512,\"height\":1512,\"caption\":\"Baskets Accademia 72 Ac040\"},{\"@type\":\"BreadcrumbList\",\"@id\":\"https:\\\/\\\/mondopelle.it\\\/fr\\\/shop\\\/chaussures\\\/baskets\\\/baskets-gio-rosa04-copia\\\/#breadcrumb\",\"itemListElement\":[{\"@type\":\"ListItem\",\"position\":1,\"name\":\"Page d'accueil\",\"item\":\"https:\\\/\\\/mondopelle.it\\\/fr\\\/home-new\\\/\"},{\"@type\":\"ListItem\",\"position\":2,\"name\":\"Produits\",\"item\":\"https:\\\/\\\/mondopelle.it\\\/fr\\\/shop\\\/\"},{\"@type\":\"ListItem\",\"position\":3,\"name\":\"Baskets Accademia 72 Ac040\"}]},{\"@type\":\"WebSite\",\"@id\":\"https:\\\/\\\/mondopelle.it\\\/fr\\\/#website\",\"url\":\"https:\\\/\\\/mondopelle.it\\\/fr\\\/\",\"name\":\"Mondopelle\",\"description\":\"\",\"publisher\":{\"@id\":\"https:\\\/\\\/mondopelle.it\\\/fr\\\/#organization\"},\"potentialAction\":[{\"@type\":\"SearchAction\",\"target\":{\"@type\":\"EntryPoint\",\"urlTemplate\":\"https:\\\/\\\/mondopelle.it\\\/fr\\\/?s={search_term_string}\"},\"query-input\":{\"@type\":\"PropertyValueSpecification\",\"valueRequired\":true,\"valueName\":\"search_term_string\"}}],\"inLanguage\":\"fr-FR\"},{\"@type\":\"Organization\",\"@id\":\"https:\\\/\\\/mondopelle.it\\\/fr\\\/#organization\",\"name\":\"Mondopelle\",\"url\":\"https:\\\/\\\/mondopelle.it\\\/fr\\\/\",\"logo\":{\"@type\":\"ImageObject\",\"inLanguage\":\"fr-FR\",\"@id\":\"https:\\\/\\\/mondopelle.it\\\/fr\\\/#\\\/schema\\\/logo\\\/image\\\/\",\"url\":\"https:\\\/\\\/mondopelle.it\\\/wp-content\\\/uploads\\\/2023\\\/07\\\/logo_mp-283x55-1.png\",\"contentUrl\":\"https:\\\/\\\/mondopelle.it\\\/wp-content\\\/uploads\\\/2023\\\/07\\\/logo_mp-283x55-1.png\",\"width\":283,\"height\":55,\"caption\":\"Mondopelle\"},\"image\":{\"@id\":\"https:\\\/\\\/mondopelle.it\\\/fr\\\/#\\\/schema\\\/logo\\\/image\\\/\"},\"sameAs\":[\"https:\\\/\\\/www.facebook.com\\\/mondopelle\\\/\",\"https:\\\/\\\/www.instagram.com\\\/mondopelle\\\/\"]}]}<\/script>\n<!-- \/ Yoast SEO plugin. -->","yoast_head_json":{"title":"Baskets Accademia 72 Ac040 - Mondopelle","description":"Baskets Accademia 72 Ac040 Vente en ligne dans le monde entier. \u2713 Livraison gratuite et rapide, paiement \u00e0 la livraison et retours faciles. Commandez chez Mondopelle et recevez le meilleur de la mode !","robots":{"index":"index","follow":"follow","max-snippet":"max-snippet:-1","max-image-preview":"max-image-preview:large","max-video-preview":"max-video-preview:-1"},"canonical":"https:\/\/mondopelle.it\/fr\/shop\/chaussures\/baskets\/baskets-gio-rosa04-copia\/","og_locale":"fr_FR","og_type":"article","og_title":"Baskets Accademia 72 Ac040 - Mondopelle","og_description":"Baskets Accademia 72 Ac040 Vente en ligne dans le monde entier. \u2713 Livraison gratuite et rapide, paiement \u00e0 la livraison et retours faciles. Commandez chez Mondopelle et recevez le meilleur de la mode !","og_url":"https:\/\/mondopelle.it\/fr\/shop\/chaussures\/baskets\/baskets-gio-rosa04-copia\/","og_site_name":"Mondopelle","article_publisher":"https:\/\/www.facebook.com\/mondopelle\/","article_modified_time":"2024-12-14T11:18:55+00:00","og_image":[{"width":1512,"height":1512,"url":"https:\/\/mondopelle.it\/wp-content\/uploads\/2024\/09\/Foto-07-09-24-14-05-37-5.jpg","type":"image\/jpeg"}],"twitter_card":"summary_large_image","twitter_misc":{"Dur\u00e9e de lecture estim\u00e9e":"1 minute"},"schema":{"@context":"https:\/\/schema.org","@graph":[{"@type":"WebPage","@id":"https:\/\/mondopelle.it\/fr\/shop\/chaussures\/baskets\/baskets-gio-rosa04-copia\/","url":"https:\/\/mondopelle.it\/fr\/shop\/chaussures\/baskets\/baskets-gio-rosa04-copia\/","name":"Baskets Accademia 72 Ac040 - Mondopelle","isPartOf":{"@id":"https:\/\/mondopelle.it\/fr\/#website"},"primaryImageOfPage":{"@id":"https:\/\/mondopelle.it\/fr\/shop\/chaussures\/baskets\/baskets-gio-rosa04-copia\/#primaryimage"},"image":{"@id":"https:\/\/mondopelle.it\/fr\/shop\/chaussures\/baskets\/baskets-gio-rosa04-copia\/#primaryimage"},"thumbnailUrl":"https:\/\/mondopelle.it\/wp-content\/uploads\/2024\/09\/Foto-07-09-24-14-05-37-5.jpg","datePublished":"2024-09-07T14:30:18+00:00","dateModified":"2024-12-14T11:18:55+00:00","description":"Baskets Accademia 72 Ac040 Vente en ligne dans le monde entier. \u2713 Livraison gratuite et rapide, paiement \u00e0 la livraison et retours faciles. Commandez chez Mondopelle et recevez le meilleur de la mode !","breadcrumb":{"@id":"https:\/\/mondopelle.it\/fr\/shop\/chaussures\/baskets\/baskets-gio-rosa04-copia\/#breadcrumb"},"inLanguage":"fr-FR","potentialAction":[{"@type":"ReadAction","target":["https:\/\/mondopelle.it\/fr\/shop\/chaussures\/baskets\/baskets-gio-rosa04-copia\/"]}]},{"@type":"ImageObject","inLanguage":"fr-FR","@id":"https:\/\/mondopelle.it\/fr\/shop\/chaussures\/baskets\/baskets-gio-rosa04-copia\/#primaryimage","url":"https:\/\/mondopelle.it\/wp-content\/uploads\/2024\/09\/Foto-07-09-24-14-05-37-5.jpg","contentUrl":"https:\/\/mondopelle.it\/wp-content\/uploads\/2024\/09\/Foto-07-09-24-14-05-37-5.jpg","width":1512,"height":1512,"caption":"Baskets Accademia 72 Ac040"},{"@type":"BreadcrumbList","@id":"https:\/\/mondopelle.it\/fr\/shop\/chaussures\/baskets\/baskets-gio-rosa04-copia\/#breadcrumb","itemListElement":[{"@type":"ListItem","position":1,"name":"Page d'accueil","item":"https:\/\/mondopelle.it\/fr\/home-new\/"},{"@type":"ListItem","position":2,"name":"Produits","item":"https:\/\/mondopelle.it\/fr\/shop\/"},{"@type":"ListItem","position":3,"name":"Baskets Accademia 72 Ac040"}]},{"@type":"WebSite","@id":"https:\/\/mondopelle.it\/fr\/#website","url":"https:\/\/mondopelle.it\/fr\/","name":"Mondopelle","description":"","publisher":{"@id":"https:\/\/mondopelle.it\/fr\/#organization"},"potentialAction":[{"@type":"SearchAction","target":{"@type":"EntryPoint","urlTemplate":"https:\/\/mondopelle.it\/fr\/?s={search_term_string}"},"query-input":{"@type":"PropertyValueSpecification","valueRequired":true,"valueName":"search_term_string"}}],"inLanguage":"fr-FR"},{"@type":"Organization","@id":"https:\/\/mondopelle.it\/fr\/#organization","name":"Mondopelle","url":"https:\/\/mondopelle.it\/fr\/","logo":{"@type":"ImageObject","inLanguage":"fr-FR","@id":"https:\/\/mondopelle.it\/fr\/#\/schema\/logo\/image\/","url":"https:\/\/mondopelle.it\/wp-content\/uploads\/2023\/07\/logo_mp-283x55-1.png","contentUrl":"https:\/\/mondopelle.it\/wp-content\/uploads\/2023\/07\/logo_mp-283x55-1.png","width":283,"height":55,"caption":"Mondopelle"},"image":{"@id":"https:\/\/mondopelle.it\/fr\/#\/schema\/logo\/image\/"},"sameAs":["https:\/\/www.facebook.com\/mondopelle\/","https:\/\/www.instagram.com\/mondopelle\/"]}]}},"_links":{"self":[{"href":"https:\/\/mondopelle.it\/fr\/wp-json\/wp\/v2\/product\/68065","targetHints":{"allow":["GET"]}}],"collection":[{"href":"https:\/\/mondopelle.it\/fr\/wp-json\/wp\/v2\/product"}],"about":[{"href":"https:\/\/mondopelle.it\/fr\/wp-json\/wp\/v2\/types\/product"}],"replies":[{"embeddable":true,"href":"https:\/\/mondopelle.it\/fr\/wp-json\/wp\/v2\/comments?post=68065"}],"version-history":[{"count":0,"href":"https:\/\/mondopelle.it\/fr\/wp-json\/wp\/v2\/product\/68065\/revisions"}],"wp:featuredmedia":[{"embeddable":true,"href":"https:\/\/mondopelle.it\/fr\/wp-json\/wp\/v2\/media\/68081"}],"wp:attachment":[{"href":"https:\/\/mondopelle.it\/fr\/wp-json\/wp\/v2\/media?parent=68065"}],"wp:term":[{"taxonomy":"brand","embeddable":true,"href":"https:\/\/mondopelle.it\/fr\/wp-json\/wp\/v2\/etheme_brands?post=68065"},{"taxonomy":"product_brand","embeddable":true,"href":"https:\/\/mondopelle.it\/fr\/wp-json\/wp\/v2\/product_brand?post=68065"},{"taxonomy":"product_cat","embeddable":true,"href":"https:\/\/mondopelle.it\/fr\/wp-json\/wp\/v2\/product_cat?post=68065"},{"taxonomy":"product_tag","embeddable":true,"href":"https:\/\/mondopelle.it\/fr\/wp-json\/wp\/v2\/product_tag?post=68065"}],"curies":[{"name":"wp","href":"https:\/\/api.w.org\/{rel}","templated":true}]}}