{"id":68944,"date":"2024-10-02T23:05:25","date_gmt":"2024-10-02T21:05:25","guid":{"rendered":"https:\/\/mondopelle.it\/?post_type=product&#038;p=68944"},"modified":"2025-04-14T17:41:00","modified_gmt":"2025-04-14T15:41:00","slug":"baskets-angelica-media-07f-copia","status":"publish","type":"product","link":"https:\/\/mondopelle.it\/fr\/shop\/chaussures\/bottes\/baskets-angelica-media-07f-copia\/","title":{"rendered":"Bottes Angelica Sole 02A"},"content":{"rendered":"<div class=\"font-claude-message pr-4 md:pr-9 relative leading-[1.65rem] [&amp;_pre&lt;encoded_tag_closed \/&gt;div]:bg-bg-300 [&amp;_pre]:-mr-4 md:[&amp;_pre]:-mr-9\">\n<div class=\"grid-col-1 grid gap-2.5 [&amp;_&lt;encoded_tag_closed \/&gt;_*]:min-w-0\">\n<p class=\"whitespace-pre-wrap break-words\">D\u00e9couvrez les toutes nouvelles bottes Texan de la collection Angelica, un chef-d&#8217;\u0153uvre de style et de confort qui red\u00e9finit l&#8217; \u00e9l\u00e9gance d\u00e9contract\u00e9e. Fabriqu\u00e9es en cuir velours souple, ces bottes capturent l&#8217;essence du glamour contemporain avec une touche de sophistication italienne. <\/p>\n<p class=\"whitespace-pre-wrap break-words\">Le d\u00e9tail qui les rend uniques, ce sont les minuscules strass de la m\u00eame couleur, savamment appliqu\u00e9s pour cr\u00e9er un effet \u00e0 la fois scintillant et discret, qui ajoute une aura de luxe sans compromettre la polyvalence du mod\u00e8le. Chaque pas devient une occasion de briller avec une \u00e9l\u00e9gance subtile. <\/p>\n<p class=\"whitespace-pre-wrap break-words\">Avec un talon confortable de 5 cm, ces Texans offrent la hauteur id\u00e9ale pour une \u00e9l\u00e9gante prestance sans sacrifier le confort au quotidien. La forme soigneusement \u00e9tudi\u00e9e de la chaussure assure un confort exceptionnel, m\u00eame apr\u00e8s des heures d&#8217; utilisation. <\/p>\n<p class=\"whitespace-pre-wrap break-words\">Fid\u00e8le \u00e0 la tradition de qualit\u00e9 de la marque, chaque \u00e9l\u00e9ment de ces bottes est fabriqu\u00e9 \u00e0 partir de mat\u00e9riaux naturels de premi\u00e8re qualit\u00e9, garantissant une durabilit\u00e9 et un confort in\u00e9gal\u00e9s.<\/p>\n<p class=\"whitespace-pre-wrap break-words\">Que vous les portiez avec un jean pour un look chic et d\u00e9contract\u00e9 ou avec une robe pour une occasion plus formelle, ces Texans Angelica sont destin\u00e9s \u00e0 devenir le point de mire de toute tenue, ces Angelica Texans sont destin\u00e9s \u00e0 devenir le point de mire de toute tenue, Elles combinent parfaitement l&#8217; esprit libre de l&#8217; Ouest et l&#8217;\u00e9l\u00e9gance sophistiqu\u00e9e du design italien.<\/p>\n<\/div>\n<\/div>\n","protected":false},"excerpt":{"rendered":"<p>D\u00e9couvrez les toutes nouvelles bottes Texan de la collection Angelica, un chef-d&#8217;\u0153uvre de style et de confort qui red\u00e9finit l&#8217; \u00e9l\u00e9gance d\u00e9contract\u00e9e. Fabriqu\u00e9es en cuir velours souple, ces bottes capturent l&#8217;essence du glamour contemporain avec une touche de sophistication italienne. Le d\u00e9tail qui les rend uniques, ce sont les minuscules strass de la m\u00eame couleur, savamment appliqu\u00e9s pour cr\u00e9er un effet \u00e0 la fois scintillant et discret, qui ajoute une aura de luxe sans compromettre&#8230;<\/p>\n","protected":false},"featured_media":68817,"comment_status":"open","ping_status":"closed","template":"","meta":[],"etheme_brands":[{"term_id":1081,"name":"Angelica","slug":"angelique","term_group":0,"term_taxonomy_id":1081,"taxonomy":"brand","description":"Ia marque Angelica, bien qu'elle ne figure pas parmi les plus connues, est un joyau cach\u00e9 pour les fashionistas \u00e0 la recherche de chaussures confortables et abordables. Sa large gamme de chaussures pour femmes, comprenant des baskets, des escarpins et des bottines en fourrure, se distingue par son confort et son style, offrant une option tendance pour chaque occasion.\r\n\r\nAngelica s'engage \u00e0 proposer des chaussures pour femmes fabriqu\u00e9es exclusivement \u00e0 partir de mat\u00e9riaux naturels de haute qualit\u00e9. Chaque paire de chaussures est con\u00e7ue pour assurer non seulement le confort des pieds, mais aussi un style \u00e0 la mode qui convient \u00e0 chaque personnalit\u00e9.\r\n\r\nLa collection d'Angelica comprend une vari\u00e9t\u00e9 de styles, des bottes fourr\u00e9es polyvalentes aux mocassins \u00e9l\u00e9gants, tous propos\u00e9s \u00e0 des prix abordables. Gr\u00e2ce \u00e0 notre engagement en faveur de la qualit\u00e9 et de l'accessibilit\u00e9, nous voulons vous offrir la possibilit\u00e9 de porter des chaussures \u00e0 la mode sans avoir \u00e0 compromettre votre budget.\r\n\r\nD\u00e9couvrez le confort et le style des chaussures pour femmes de la marque Angelica en visitant notre outlet - mondopelle.it. Profitez des soldes et des offres sp\u00e9ciales dans notre magasin pour acheter des chaussures de qualit\u00e9 \u00e0 des prix abordables. Angelica : pour celles qui recherchent le confort sans sacrifier le style.","parent":0,"count":7,"filter":"raw"}],"product_brand":[],"product_cat":[1040,1013],"product_tag":[],"class_list":{"0":"post-68944","1":"product","2":"type-product","3":"status-publish","4":"has-post-thumbnail","6":"brand-angelique","7":"product_cat-bottes","8":"product_cat-chaussures","9":"pa_cvet-le-vin","10":"pa_cvet-marron","11":"pa_god-2024-fr-2","12":"pa_materialotdelkisnaruzhi-daim","13":"pa_materialotdelkivnutri-cuir","14":"pa_materialpodoshv-caoutchouc","15":"pa_razmer-36-fr","16":"pa_razmer-37-fr-2","17":"pa_razmer-38-fr-2","18":"pa_razmer-39-fr","19":"pa_razmer-40-fr","20":"pa_razmer-41-fr","21":"pa_sezon-automne-hiver","22":"pa_stranaproizvoditelx-italie","23":"pa_vsotakabluka_sm-5-fr","25":"first","26":"instock","27":"sale","28":"shipping-taxable","29":"purchasable","30":"product-type-variable"},"yoast_head":"<!-- This site is optimized with the Yoast SEO plugin v27.5 - https:\/\/yoast.com\/product\/yoast-seo-wordpress\/ -->\n<title>Bottes Angelica Sole 02A - Mondopelle<\/title>\n<meta name=\"description\" content=\"Bottes Angelica Sole 02A Vente en ligne dans le monde entier. \u2713 Livraison gratuite et rapide, paiement \u00e0 la livraison et retours faciles. Commandez chez Mondopelle et recevez le meilleur de la mode !\" \/>\n<meta name=\"robots\" content=\"index, follow, max-snippet:-1, max-image-preview:large, max-video-preview:-1\" \/>\n<link rel=\"canonical\" href=\"https:\/\/mondopelle.it\/fr\/shop\/chaussures\/bottes\/baskets-angelica-media-07f-copia\/\" \/>\n<meta property=\"og:locale\" content=\"fr_FR\" \/>\n<meta property=\"og:type\" content=\"article\" \/>\n<meta property=\"og:title\" content=\"Bottes Angelica Sole 02A - Mondopelle\" \/>\n<meta property=\"og:description\" content=\"Bottes Angelica Sole 02A Vente en ligne dans le monde entier. \u2713 Livraison gratuite et rapide, paiement \u00e0 la livraison et retours faciles. Commandez chez Mondopelle et recevez le meilleur de la mode !\" \/>\n<meta property=\"og:url\" content=\"https:\/\/mondopelle.it\/fr\/shop\/chaussures\/bottes\/baskets-angelica-media-07f-copia\/\" \/>\n<meta property=\"og:site_name\" content=\"Mondopelle\" \/>\n<meta property=\"article:publisher\" content=\"https:\/\/www.facebook.com\/mondopelle\/\" \/>\n<meta property=\"article:modified_time\" content=\"2025-04-14T15:41:00+00:00\" \/>\n<meta property=\"og:image\" content=\"https:\/\/mondopelle.it\/wp-content\/uploads\/2024\/10\/Foto-02-10-24-18-55-23-10.jpg\" \/>\n\t<meta property=\"og:image:width\" content=\"1512\" \/>\n\t<meta property=\"og:image:height\" content=\"1512\" \/>\n\t<meta property=\"og:image:type\" content=\"image\/jpeg\" \/>\n<meta name=\"twitter:card\" content=\"summary_large_image\" \/>\n<meta name=\"twitter:label1\" content=\"Dur\u00e9e de lecture estim\u00e9e\" \/>\n\t<meta name=\"twitter:data1\" content=\"1 minute\" \/>\n<script type=\"application\/ld+json\" class=\"yoast-schema-graph\">{\"@context\":\"https:\\\/\\\/schema.org\",\"@graph\":[{\"@type\":\"WebPage\",\"@id\":\"https:\\\/\\\/mondopelle.it\\\/fr\\\/shop\\\/chaussures\\\/bottes\\\/baskets-angelica-media-07f-copia\\\/\",\"url\":\"https:\\\/\\\/mondopelle.it\\\/fr\\\/shop\\\/chaussures\\\/bottes\\\/baskets-angelica-media-07f-copia\\\/\",\"name\":\"Bottes Angelica Sole 02A - Mondopelle\",\"isPartOf\":{\"@id\":\"https:\\\/\\\/mondopelle.it\\\/fr\\\/#website\"},\"primaryImageOfPage\":{\"@id\":\"https:\\\/\\\/mondopelle.it\\\/fr\\\/shop\\\/chaussures\\\/bottes\\\/baskets-angelica-media-07f-copia\\\/#primaryimage\"},\"image\":{\"@id\":\"https:\\\/\\\/mondopelle.it\\\/fr\\\/shop\\\/chaussures\\\/bottes\\\/baskets-angelica-media-07f-copia\\\/#primaryimage\"},\"thumbnailUrl\":\"https:\\\/\\\/mondopelle.it\\\/wp-content\\\/uploads\\\/2024\\\/10\\\/Foto-02-10-24-18-55-23-10.jpg\",\"datePublished\":\"2024-10-02T21:05:25+00:00\",\"dateModified\":\"2025-04-14T15:41:00+00:00\",\"description\":\"Bottes Angelica Sole 02A Vente en ligne dans le monde entier. \u2713 Livraison gratuite et rapide, paiement \u00e0 la livraison et retours faciles. Commandez chez Mondopelle et recevez le meilleur de la mode !\",\"breadcrumb\":{\"@id\":\"https:\\\/\\\/mondopelle.it\\\/fr\\\/shop\\\/chaussures\\\/bottes\\\/baskets-angelica-media-07f-copia\\\/#breadcrumb\"},\"inLanguage\":\"fr-FR\",\"potentialAction\":[{\"@type\":\"ReadAction\",\"target\":[\"https:\\\/\\\/mondopelle.it\\\/fr\\\/shop\\\/chaussures\\\/bottes\\\/baskets-angelica-media-07f-copia\\\/\"]}]},{\"@type\":\"ImageObject\",\"inLanguage\":\"fr-FR\",\"@id\":\"https:\\\/\\\/mondopelle.it\\\/fr\\\/shop\\\/chaussures\\\/bottes\\\/baskets-angelica-media-07f-copia\\\/#primaryimage\",\"url\":\"https:\\\/\\\/mondopelle.it\\\/wp-content\\\/uploads\\\/2024\\\/10\\\/Foto-02-10-24-18-55-23-10.jpg\",\"contentUrl\":\"https:\\\/\\\/mondopelle.it\\\/wp-content\\\/uploads\\\/2024\\\/10\\\/Foto-02-10-24-18-55-23-10.jpg\",\"width\":1512,\"height\":1512,\"caption\":\"Baskets Angelica Media 07F cavallino\"},{\"@type\":\"BreadcrumbList\",\"@id\":\"https:\\\/\\\/mondopelle.it\\\/fr\\\/shop\\\/chaussures\\\/bottes\\\/baskets-angelica-media-07f-copia\\\/#breadcrumb\",\"itemListElement\":[{\"@type\":\"ListItem\",\"position\":1,\"name\":\"Page d'accueil\",\"item\":\"https:\\\/\\\/mondopelle.it\\\/fr\\\/home-new\\\/\"},{\"@type\":\"ListItem\",\"position\":2,\"name\":\"Produits\",\"item\":\"https:\\\/\\\/mondopelle.it\\\/fr\\\/shop\\\/\"},{\"@type\":\"ListItem\",\"position\":3,\"name\":\"Bottes Angelica Sole 02A\"}]},{\"@type\":\"WebSite\",\"@id\":\"https:\\\/\\\/mondopelle.it\\\/fr\\\/#website\",\"url\":\"https:\\\/\\\/mondopelle.it\\\/fr\\\/\",\"name\":\"Mondopelle\",\"description\":\"\",\"publisher\":{\"@id\":\"https:\\\/\\\/mondopelle.it\\\/fr\\\/#organization\"},\"potentialAction\":[{\"@type\":\"SearchAction\",\"target\":{\"@type\":\"EntryPoint\",\"urlTemplate\":\"https:\\\/\\\/mondopelle.it\\\/fr\\\/?s={search_term_string}\"},\"query-input\":{\"@type\":\"PropertyValueSpecification\",\"valueRequired\":true,\"valueName\":\"search_term_string\"}}],\"inLanguage\":\"fr-FR\"},{\"@type\":\"Organization\",\"@id\":\"https:\\\/\\\/mondopelle.it\\\/fr\\\/#organization\",\"name\":\"Mondopelle\",\"url\":\"https:\\\/\\\/mondopelle.it\\\/fr\\\/\",\"logo\":{\"@type\":\"ImageObject\",\"inLanguage\":\"fr-FR\",\"@id\":\"https:\\\/\\\/mondopelle.it\\\/fr\\\/#\\\/schema\\\/logo\\\/image\\\/\",\"url\":\"https:\\\/\\\/mondopelle.it\\\/wp-content\\\/uploads\\\/2023\\\/07\\\/logo_mp-283x55-1.png\",\"contentUrl\":\"https:\\\/\\\/mondopelle.it\\\/wp-content\\\/uploads\\\/2023\\\/07\\\/logo_mp-283x55-1.png\",\"width\":283,\"height\":55,\"caption\":\"Mondopelle\"},\"image\":{\"@id\":\"https:\\\/\\\/mondopelle.it\\\/fr\\\/#\\\/schema\\\/logo\\\/image\\\/\"},\"sameAs\":[\"https:\\\/\\\/www.facebook.com\\\/mondopelle\\\/\",\"https:\\\/\\\/www.instagram.com\\\/mondopelle\\\/\"]}]}<\/script>\n<!-- \/ Yoast SEO plugin. -->","yoast_head_json":{"title":"Bottes Angelica Sole 02A - Mondopelle","description":"Bottes Angelica Sole 02A Vente en ligne dans le monde entier. \u2713 Livraison gratuite et rapide, paiement \u00e0 la livraison et retours faciles. Commandez chez Mondopelle et recevez le meilleur de la mode !","robots":{"index":"index","follow":"follow","max-snippet":"max-snippet:-1","max-image-preview":"max-image-preview:large","max-video-preview":"max-video-preview:-1"},"canonical":"https:\/\/mondopelle.it\/fr\/shop\/chaussures\/bottes\/baskets-angelica-media-07f-copia\/","og_locale":"fr_FR","og_type":"article","og_title":"Bottes Angelica Sole 02A - Mondopelle","og_description":"Bottes Angelica Sole 02A Vente en ligne dans le monde entier. \u2713 Livraison gratuite et rapide, paiement \u00e0 la livraison et retours faciles. Commandez chez Mondopelle et recevez le meilleur de la mode !","og_url":"https:\/\/mondopelle.it\/fr\/shop\/chaussures\/bottes\/baskets-angelica-media-07f-copia\/","og_site_name":"Mondopelle","article_publisher":"https:\/\/www.facebook.com\/mondopelle\/","article_modified_time":"2025-04-14T15:41:00+00:00","og_image":[{"width":1512,"height":1512,"url":"https:\/\/mondopelle.it\/wp-content\/uploads\/2024\/10\/Foto-02-10-24-18-55-23-10.jpg","type":"image\/jpeg"}],"twitter_card":"summary_large_image","twitter_misc":{"Dur\u00e9e de lecture estim\u00e9e":"1 minute"},"schema":{"@context":"https:\/\/schema.org","@graph":[{"@type":"WebPage","@id":"https:\/\/mondopelle.it\/fr\/shop\/chaussures\/bottes\/baskets-angelica-media-07f-copia\/","url":"https:\/\/mondopelle.it\/fr\/shop\/chaussures\/bottes\/baskets-angelica-media-07f-copia\/","name":"Bottes Angelica Sole 02A - Mondopelle","isPartOf":{"@id":"https:\/\/mondopelle.it\/fr\/#website"},"primaryImageOfPage":{"@id":"https:\/\/mondopelle.it\/fr\/shop\/chaussures\/bottes\/baskets-angelica-media-07f-copia\/#primaryimage"},"image":{"@id":"https:\/\/mondopelle.it\/fr\/shop\/chaussures\/bottes\/baskets-angelica-media-07f-copia\/#primaryimage"},"thumbnailUrl":"https:\/\/mondopelle.it\/wp-content\/uploads\/2024\/10\/Foto-02-10-24-18-55-23-10.jpg","datePublished":"2024-10-02T21:05:25+00:00","dateModified":"2025-04-14T15:41:00+00:00","description":"Bottes Angelica Sole 02A Vente en ligne dans le monde entier. \u2713 Livraison gratuite et rapide, paiement \u00e0 la livraison et retours faciles. Commandez chez Mondopelle et recevez le meilleur de la mode !","breadcrumb":{"@id":"https:\/\/mondopelle.it\/fr\/shop\/chaussures\/bottes\/baskets-angelica-media-07f-copia\/#breadcrumb"},"inLanguage":"fr-FR","potentialAction":[{"@type":"ReadAction","target":["https:\/\/mondopelle.it\/fr\/shop\/chaussures\/bottes\/baskets-angelica-media-07f-copia\/"]}]},{"@type":"ImageObject","inLanguage":"fr-FR","@id":"https:\/\/mondopelle.it\/fr\/shop\/chaussures\/bottes\/baskets-angelica-media-07f-copia\/#primaryimage","url":"https:\/\/mondopelle.it\/wp-content\/uploads\/2024\/10\/Foto-02-10-24-18-55-23-10.jpg","contentUrl":"https:\/\/mondopelle.it\/wp-content\/uploads\/2024\/10\/Foto-02-10-24-18-55-23-10.jpg","width":1512,"height":1512,"caption":"Baskets Angelica Media 07F cavallino"},{"@type":"BreadcrumbList","@id":"https:\/\/mondopelle.it\/fr\/shop\/chaussures\/bottes\/baskets-angelica-media-07f-copia\/#breadcrumb","itemListElement":[{"@type":"ListItem","position":1,"name":"Page d'accueil","item":"https:\/\/mondopelle.it\/fr\/home-new\/"},{"@type":"ListItem","position":2,"name":"Produits","item":"https:\/\/mondopelle.it\/fr\/shop\/"},{"@type":"ListItem","position":3,"name":"Bottes Angelica Sole 02A"}]},{"@type":"WebSite","@id":"https:\/\/mondopelle.it\/fr\/#website","url":"https:\/\/mondopelle.it\/fr\/","name":"Mondopelle","description":"","publisher":{"@id":"https:\/\/mondopelle.it\/fr\/#organization"},"potentialAction":[{"@type":"SearchAction","target":{"@type":"EntryPoint","urlTemplate":"https:\/\/mondopelle.it\/fr\/?s={search_term_string}"},"query-input":{"@type":"PropertyValueSpecification","valueRequired":true,"valueName":"search_term_string"}}],"inLanguage":"fr-FR"},{"@type":"Organization","@id":"https:\/\/mondopelle.it\/fr\/#organization","name":"Mondopelle","url":"https:\/\/mondopelle.it\/fr\/","logo":{"@type":"ImageObject","inLanguage":"fr-FR","@id":"https:\/\/mondopelle.it\/fr\/#\/schema\/logo\/image\/","url":"https:\/\/mondopelle.it\/wp-content\/uploads\/2023\/07\/logo_mp-283x55-1.png","contentUrl":"https:\/\/mondopelle.it\/wp-content\/uploads\/2023\/07\/logo_mp-283x55-1.png","width":283,"height":55,"caption":"Mondopelle"},"image":{"@id":"https:\/\/mondopelle.it\/fr\/#\/schema\/logo\/image\/"},"sameAs":["https:\/\/www.facebook.com\/mondopelle\/","https:\/\/www.instagram.com\/mondopelle\/"]}]}},"_links":{"self":[{"href":"https:\/\/mondopelle.it\/fr\/wp-json\/wp\/v2\/product\/68944","targetHints":{"allow":["GET"]}}],"collection":[{"href":"https:\/\/mondopelle.it\/fr\/wp-json\/wp\/v2\/product"}],"about":[{"href":"https:\/\/mondopelle.it\/fr\/wp-json\/wp\/v2\/types\/product"}],"replies":[{"embeddable":true,"href":"https:\/\/mondopelle.it\/fr\/wp-json\/wp\/v2\/comments?post=68944"}],"version-history":[{"count":0,"href":"https:\/\/mondopelle.it\/fr\/wp-json\/wp\/v2\/product\/68944\/revisions"}],"wp:featuredmedia":[{"embeddable":true,"href":"https:\/\/mondopelle.it\/fr\/wp-json\/wp\/v2\/media\/68817"}],"wp:attachment":[{"href":"https:\/\/mondopelle.it\/fr\/wp-json\/wp\/v2\/media?parent=68944"}],"wp:term":[{"taxonomy":"brand","embeddable":true,"href":"https:\/\/mondopelle.it\/fr\/wp-json\/wp\/v2\/etheme_brands?post=68944"},{"taxonomy":"product_brand","embeddable":true,"href":"https:\/\/mondopelle.it\/fr\/wp-json\/wp\/v2\/product_brand?post=68944"},{"taxonomy":"product_cat","embeddable":true,"href":"https:\/\/mondopelle.it\/fr\/wp-json\/wp\/v2\/product_cat?post=68944"},{"taxonomy":"product_tag","embeddable":true,"href":"https:\/\/mondopelle.it\/fr\/wp-json\/wp\/v2\/product_tag?post=68944"}],"curies":[{"name":"wp","href":"https:\/\/api.w.org\/{rel}","templated":true}]}}