{"id":69549,"date":"2024-10-19T21:49:14","date_gmt":"2024-10-19T19:49:14","guid":{"rendered":"https:\/\/mondopelle.it\/?post_type=product&#038;p=69549"},"modified":"2024-10-19T22:27:45","modified_gmt":"2024-10-19T20:27:45","slug":"sac-tisse-ghibli-4507-copia-copia","status":"publish","type":"product","link":"https:\/\/mondopelle.it\/fr\/shop\/accessoires\/sacs\/sac-tisse-ghibli-4507-copia-copia\/","title":{"rendered":"Sac tress\u00e9 Ghibli 4738"},"content":{"rendered":"<p class=\"whitespace-pre-wrap break-words\">L&#8217;excellence artisanale : la collection Ghibli<\/p>\n<p class=\"whitespace-pre-wrap break-words\">Depuis les ateliers historiques de Toscane, Ghibli pr\u00e9sente une cr\u00e9ation qui incarne l&#8217;essence du luxe italien. Ce sac extraordinaire est le r\u00e9sultat d &#8216; un art transmis de g\u00e9n\u00e9ration en g\u00e9n\u00e9ration, o\u00f9 le cuir de reptile fin est magistralement travaill\u00e9 et tiss\u00e9 \u00e0 la main par nos artisans experts. <\/p>\n<p class=\"whitespace-pre-wrap break-words\">Chaque pi\u00e8ce est un t\u00e9moignage vivant de la perfection de l&#8217;artisanat toscan. Les tissages complexes et raffin\u00e9s, r\u00e9alis\u00e9s \u00e0 partir de cuirs exotiques s\u00e9lectionn\u00e9s, cr\u00e9ent des motifs uniques qui font de chaque sac une \u0153uvre d&#8217;art unique, cr\u00e9ent des motifs uniques qui font de chaque sac une \u0153uvre d&#8217;art unique. Le souci maniaque du d\u00e9tail se r\u00e9v\u00e8le dans les finitions impeccables et les formes harmonieuses.  <\/p>\n<p class=\"whitespace-pre-wrap break-words\">Cette cr\u00e9ation Ghibli repr\u00e9sente le mariage parfait entre la tradition s\u00e9culaire et le design contemporain. Un accessoire qui d\u00e9passe le concept de mode, devenant un symbole de statut et de raffinement intemporel. Son exclusivit\u00e9 est garantie par sa production limit\u00e9e et la pr\u00e9ciosit\u00e9 des mat\u00e9riaux utilis\u00e9s.  <\/p>\n<p class=\"whitespace-pre-wrap break-words\">Un objet de d\u00e9sir qui raconte une histoire d &#8216; excellence, con\u00e7u pour ceux qui savent reconna\u00eetre et appr\u00e9cier le vrai luxe italien.<\/p>\n","protected":false},"excerpt":{"rendered":"<p>L&#8217;excellence artisanale : la collection Ghibli Depuis les ateliers historiques de Toscane, Ghibli pr\u00e9sente une cr\u00e9ation qui incarne l&#8217;essence du luxe italien. Ce sac extraordinaire est le r\u00e9sultat d &#8216; un art transmis de g\u00e9n\u00e9ration en g\u00e9n\u00e9ration, o\u00f9 le cuir de reptile fin est magistralement travaill\u00e9 et tiss\u00e9 \u00e0 la main par nos artisans experts. Chaque pi\u00e8ce est un t\u00e9moignage vivant de la perfection de l&#8217;artisanat toscan. Les tissages complexes et raffin\u00e9s, r\u00e9alis\u00e9s \u00e0 partir&#8230;<\/p>\n","protected":false},"featured_media":69458,"comment_status":"open","ping_status":"closed","template":"","meta":[],"etheme_brands":[{"term_id":1497,"name":"Ghibli","slug":"ghibli-fr","term_group":0,"term_taxonomy_id":1497,"taxonomy":"brand","description":"Ghibli est une marque toscane qui se distingue par sa passion pour l'artisanat et la qualit\u00e9 dans la production de sacs \u00e0 main en cuir tiss\u00e9, python et autres peaux de serpent de grande qualit\u00e9. Ghibli est synonyme d'excellence en mati\u00e8re de maroquinerie, avec une tradition s\u00e9culaire d'artisanat et d'innovation qui se refl\u00e8te dans chaque sac fait \u00e0 la main. Leur sp\u00e9cialit\u00e9 est le tissage du cuir, un art ancien qui exige pr\u00e9cision et habilet\u00e9. Ils n'utilisent que des cuirs de haute qualit\u00e9, s\u00e9lectionn\u00e9s pour leur r\u00e9sistance et leur beaut\u00e9, pour cr\u00e9er des sacs tiss\u00e9s qui allient tradition et modernit\u00e9 en une seule cr\u00e9ation. Leur collection de sacs en peau de serpent, y compris le python, est tout aussi extraordinaire, avec une s\u00e9lection de mod\u00e8les uniques qui mettent en valeur la beaut\u00e9 et la sp\u00e9cificit\u00e9 de ce mat\u00e9riau.\nChaque sac Ghibli est fabriqu\u00e9 \u00e0 la main par des artisans experts qui consacrent du temps et du soin aux d\u00e9tails afin de garantir un produit de haute qualit\u00e9 et durable. La philosophie de la marque est bas\u00e9e sur l'artisanat et la passion pour la maroquinerie, avec une attention constante \u00e0 la tradition et \u00e0 l'innovation.\n\nLes sacs \u00e0 main Ghibli se caract\u00e9risent par un design \u00e9l\u00e9gant et raffin\u00e9 qui s'adapte \u00e0 toutes les occasions et \u00e0 tous les styles. Chaque mod\u00e8le est con\u00e7u pour mettre en valeur la beaut\u00e9 des mat\u00e9riaux et de l'artisanat, avec une s\u00e9lection de couleurs et de finitions qui s'adaptent \u00e0 tous les go\u00fbts et \u00e0 toutes les pr\u00e9f\u00e9rences.\n\nChoisir un sac Ghibli, c'est investir dans un produit de haute qualit\u00e9, fabriqu\u00e9 avec passion et savoir-faire. D\u00e9couvrez notre collection de sacs en cuir tress\u00e9 et en peau de serpent, et laissez-vous s\u00e9duire par la beaut\u00e9 et la sp\u00e9cificit\u00e9 des cr\u00e9ations Ghibli.","parent":0,"count":1,"filter":"raw"}],"product_brand":[],"product_cat":[991,997],"product_tag":[],"class_list":{"0":"post-69549","1":"product","2":"type-product","3":"status-publish","4":"has-post-thumbnail","6":"brand-ghibli-fr","7":"product_cat-accessoires","8":"product_cat-sacs","9":"pa_cvet-rose","10":"pa_god-2024-fr-2","11":"pa_materialotdelkisnaruzhi-cuir-tresse","12":"pa_razmer_sm-18x9x15-fr","13":"pa_stranaproizvoditelx-italie","15":"first","16":"instock","17":"shipping-taxable","18":"purchasable","19":"product-type-variable","20":"has-default-attributes"},"yoast_head":"<!-- This site is optimized with the Yoast SEO plugin v27.5 - https:\/\/yoast.com\/product\/yoast-seo-wordpress\/ -->\n<title>Sac tress\u00e9 Ghibli 4738 - Mondopelle<\/title>\n<meta name=\"description\" content=\"Sac tress\u00e9 Ghibli 4738 Vente en ligne dans le monde entier. \u2713 Livraison gratuite et rapide, paiement \u00e0 la livraison et retours faciles. Commandez chez Mondopelle et recevez le meilleur de la mode !\" \/>\n<meta name=\"robots\" content=\"index, follow, max-snippet:-1, max-image-preview:large, max-video-preview:-1\" \/>\n<link rel=\"canonical\" href=\"https:\/\/mondopelle.it\/fr\/shop\/accessoires\/sacs\/sac-tisse-ghibli-4507-copia-copia\/\" \/>\n<meta property=\"og:locale\" content=\"fr_FR\" \/>\n<meta property=\"og:type\" content=\"article\" \/>\n<meta property=\"og:title\" content=\"Sac tress\u00e9 Ghibli 4738 - Mondopelle\" \/>\n<meta property=\"og:description\" content=\"Sac tress\u00e9 Ghibli 4738 Vente en ligne dans le monde entier. \u2713 Livraison gratuite et rapide, paiement \u00e0 la livraison et retours faciles. Commandez chez Mondopelle et recevez le meilleur de la mode !\" \/>\n<meta property=\"og:url\" content=\"https:\/\/mondopelle.it\/fr\/shop\/accessoires\/sacs\/sac-tisse-ghibli-4507-copia-copia\/\" \/>\n<meta property=\"og:site_name\" content=\"Mondopelle\" \/>\n<meta property=\"article:publisher\" content=\"https:\/\/www.facebook.com\/mondopelle\/\" \/>\n<meta property=\"article:modified_time\" content=\"2024-10-19T20:27:45+00:00\" \/>\n<meta property=\"og:image\" content=\"https:\/\/mondopelle.it\/wp-content\/uploads\/2024\/10\/Foto-19-10-24-21-33-42-3-1-scaled.jpg\" \/>\n\t<meta property=\"og:image:width\" content=\"1920\" \/>\n\t<meta property=\"og:image:height\" content=\"1920\" \/>\n\t<meta property=\"og:image:type\" content=\"image\/jpeg\" \/>\n<meta name=\"twitter:card\" content=\"summary_large_image\" \/>\n<meta name=\"twitter:label1\" content=\"Dur\u00e9e de lecture estim\u00e9e\" \/>\n\t<meta name=\"twitter:data1\" content=\"1 minute\" \/>\n<script type=\"application\/ld+json\" class=\"yoast-schema-graph\">{\"@context\":\"https:\\\/\\\/schema.org\",\"@graph\":[{\"@type\":\"WebPage\",\"@id\":\"https:\\\/\\\/mondopelle.it\\\/fr\\\/shop\\\/accessoires\\\/sacs\\\/sac-tisse-ghibli-4507-copia-copia\\\/\",\"url\":\"https:\\\/\\\/mondopelle.it\\\/fr\\\/shop\\\/accessoires\\\/sacs\\\/sac-tisse-ghibli-4507-copia-copia\\\/\",\"name\":\"Sac tress\u00e9 Ghibli 4738 - Mondopelle\",\"isPartOf\":{\"@id\":\"https:\\\/\\\/mondopelle.it\\\/fr\\\/#website\"},\"primaryImageOfPage\":{\"@id\":\"https:\\\/\\\/mondopelle.it\\\/fr\\\/shop\\\/accessoires\\\/sacs\\\/sac-tisse-ghibli-4507-copia-copia\\\/#primaryimage\"},\"image\":{\"@id\":\"https:\\\/\\\/mondopelle.it\\\/fr\\\/shop\\\/accessoires\\\/sacs\\\/sac-tisse-ghibli-4507-copia-copia\\\/#primaryimage\"},\"thumbnailUrl\":\"https:\\\/\\\/mondopelle.it\\\/wp-content\\\/uploads\\\/2024\\\/10\\\/Foto-19-10-24-21-33-42-3-1-scaled.jpg\",\"datePublished\":\"2024-10-19T19:49:14+00:00\",\"dateModified\":\"2024-10-19T20:27:45+00:00\",\"description\":\"Sac tress\u00e9 Ghibli 4738 Vente en ligne dans le monde entier. \u2713 Livraison gratuite et rapide, paiement \u00e0 la livraison et retours faciles. Commandez chez Mondopelle et recevez le meilleur de la mode !\",\"breadcrumb\":{\"@id\":\"https:\\\/\\\/mondopelle.it\\\/fr\\\/shop\\\/accessoires\\\/sacs\\\/sac-tisse-ghibli-4507-copia-copia\\\/#breadcrumb\"},\"inLanguage\":\"fr-FR\",\"potentialAction\":[{\"@type\":\"ReadAction\",\"target\":[\"https:\\\/\\\/mondopelle.it\\\/fr\\\/shop\\\/accessoires\\\/sacs\\\/sac-tisse-ghibli-4507-copia-copia\\\/\"]}]},{\"@type\":\"ImageObject\",\"inLanguage\":\"fr-FR\",\"@id\":\"https:\\\/\\\/mondopelle.it\\\/fr\\\/shop\\\/accessoires\\\/sacs\\\/sac-tisse-ghibli-4507-copia-copia\\\/#primaryimage\",\"url\":\"https:\\\/\\\/mondopelle.it\\\/wp-content\\\/uploads\\\/2024\\\/10\\\/Foto-19-10-24-21-33-42-3-1-scaled.jpg\",\"contentUrl\":\"https:\\\/\\\/mondopelle.it\\\/wp-content\\\/uploads\\\/2024\\\/10\\\/Foto-19-10-24-21-33-42-3-1-scaled.jpg\",\"width\":1920,\"height\":1920,\"caption\":\"Sac tress\u00e9 Ghibli 4507 (Copie)\"},{\"@type\":\"BreadcrumbList\",\"@id\":\"https:\\\/\\\/mondopelle.it\\\/fr\\\/shop\\\/accessoires\\\/sacs\\\/sac-tisse-ghibli-4507-copia-copia\\\/#breadcrumb\",\"itemListElement\":[{\"@type\":\"ListItem\",\"position\":1,\"name\":\"Page d'accueil\",\"item\":\"https:\\\/\\\/mondopelle.it\\\/fr\\\/home-new\\\/\"},{\"@type\":\"ListItem\",\"position\":2,\"name\":\"Produits\",\"item\":\"https:\\\/\\\/mondopelle.it\\\/fr\\\/shop\\\/\"},{\"@type\":\"ListItem\",\"position\":3,\"name\":\"Sac tress\u00e9 Ghibli 4738\"}]},{\"@type\":\"WebSite\",\"@id\":\"https:\\\/\\\/mondopelle.it\\\/fr\\\/#website\",\"url\":\"https:\\\/\\\/mondopelle.it\\\/fr\\\/\",\"name\":\"Mondopelle\",\"description\":\"\",\"publisher\":{\"@id\":\"https:\\\/\\\/mondopelle.it\\\/fr\\\/#organization\"},\"potentialAction\":[{\"@type\":\"SearchAction\",\"target\":{\"@type\":\"EntryPoint\",\"urlTemplate\":\"https:\\\/\\\/mondopelle.it\\\/fr\\\/?s={search_term_string}\"},\"query-input\":{\"@type\":\"PropertyValueSpecification\",\"valueRequired\":true,\"valueName\":\"search_term_string\"}}],\"inLanguage\":\"fr-FR\"},{\"@type\":\"Organization\",\"@id\":\"https:\\\/\\\/mondopelle.it\\\/fr\\\/#organization\",\"name\":\"Mondopelle\",\"url\":\"https:\\\/\\\/mondopelle.it\\\/fr\\\/\",\"logo\":{\"@type\":\"ImageObject\",\"inLanguage\":\"fr-FR\",\"@id\":\"https:\\\/\\\/mondopelle.it\\\/fr\\\/#\\\/schema\\\/logo\\\/image\\\/\",\"url\":\"https:\\\/\\\/mondopelle.it\\\/wp-content\\\/uploads\\\/2023\\\/07\\\/logo_mp-283x55-1.png\",\"contentUrl\":\"https:\\\/\\\/mondopelle.it\\\/wp-content\\\/uploads\\\/2023\\\/07\\\/logo_mp-283x55-1.png\",\"width\":283,\"height\":55,\"caption\":\"Mondopelle\"},\"image\":{\"@id\":\"https:\\\/\\\/mondopelle.it\\\/fr\\\/#\\\/schema\\\/logo\\\/image\\\/\"},\"sameAs\":[\"https:\\\/\\\/www.facebook.com\\\/mondopelle\\\/\",\"https:\\\/\\\/www.instagram.com\\\/mondopelle\\\/\"]}]}<\/script>\n<!-- \/ Yoast SEO plugin. -->","yoast_head_json":{"title":"Sac tress\u00e9 Ghibli 4738 - Mondopelle","description":"Sac tress\u00e9 Ghibli 4738 Vente en ligne dans le monde entier. \u2713 Livraison gratuite et rapide, paiement \u00e0 la livraison et retours faciles. Commandez chez Mondopelle et recevez le meilleur de la mode !","robots":{"index":"index","follow":"follow","max-snippet":"max-snippet:-1","max-image-preview":"max-image-preview:large","max-video-preview":"max-video-preview:-1"},"canonical":"https:\/\/mondopelle.it\/fr\/shop\/accessoires\/sacs\/sac-tisse-ghibli-4507-copia-copia\/","og_locale":"fr_FR","og_type":"article","og_title":"Sac tress\u00e9 Ghibli 4738 - Mondopelle","og_description":"Sac tress\u00e9 Ghibli 4738 Vente en ligne dans le monde entier. \u2713 Livraison gratuite et rapide, paiement \u00e0 la livraison et retours faciles. Commandez chez Mondopelle et recevez le meilleur de la mode !","og_url":"https:\/\/mondopelle.it\/fr\/shop\/accessoires\/sacs\/sac-tisse-ghibli-4507-copia-copia\/","og_site_name":"Mondopelle","article_publisher":"https:\/\/www.facebook.com\/mondopelle\/","article_modified_time":"2024-10-19T20:27:45+00:00","og_image":[{"width":1920,"height":1920,"url":"https:\/\/mondopelle.it\/wp-content\/uploads\/2024\/10\/Foto-19-10-24-21-33-42-3-1-scaled.jpg","type":"image\/jpeg"}],"twitter_card":"summary_large_image","twitter_misc":{"Dur\u00e9e de lecture estim\u00e9e":"1 minute"},"schema":{"@context":"https:\/\/schema.org","@graph":[{"@type":"WebPage","@id":"https:\/\/mondopelle.it\/fr\/shop\/accessoires\/sacs\/sac-tisse-ghibli-4507-copia-copia\/","url":"https:\/\/mondopelle.it\/fr\/shop\/accessoires\/sacs\/sac-tisse-ghibli-4507-copia-copia\/","name":"Sac tress\u00e9 Ghibli 4738 - Mondopelle","isPartOf":{"@id":"https:\/\/mondopelle.it\/fr\/#website"},"primaryImageOfPage":{"@id":"https:\/\/mondopelle.it\/fr\/shop\/accessoires\/sacs\/sac-tisse-ghibli-4507-copia-copia\/#primaryimage"},"image":{"@id":"https:\/\/mondopelle.it\/fr\/shop\/accessoires\/sacs\/sac-tisse-ghibli-4507-copia-copia\/#primaryimage"},"thumbnailUrl":"https:\/\/mondopelle.it\/wp-content\/uploads\/2024\/10\/Foto-19-10-24-21-33-42-3-1-scaled.jpg","datePublished":"2024-10-19T19:49:14+00:00","dateModified":"2024-10-19T20:27:45+00:00","description":"Sac tress\u00e9 Ghibli 4738 Vente en ligne dans le monde entier. \u2713 Livraison gratuite et rapide, paiement \u00e0 la livraison et retours faciles. Commandez chez Mondopelle et recevez le meilleur de la mode !","breadcrumb":{"@id":"https:\/\/mondopelle.it\/fr\/shop\/accessoires\/sacs\/sac-tisse-ghibli-4507-copia-copia\/#breadcrumb"},"inLanguage":"fr-FR","potentialAction":[{"@type":"ReadAction","target":["https:\/\/mondopelle.it\/fr\/shop\/accessoires\/sacs\/sac-tisse-ghibli-4507-copia-copia\/"]}]},{"@type":"ImageObject","inLanguage":"fr-FR","@id":"https:\/\/mondopelle.it\/fr\/shop\/accessoires\/sacs\/sac-tisse-ghibli-4507-copia-copia\/#primaryimage","url":"https:\/\/mondopelle.it\/wp-content\/uploads\/2024\/10\/Foto-19-10-24-21-33-42-3-1-scaled.jpg","contentUrl":"https:\/\/mondopelle.it\/wp-content\/uploads\/2024\/10\/Foto-19-10-24-21-33-42-3-1-scaled.jpg","width":1920,"height":1920,"caption":"Sac tress\u00e9 Ghibli 4507 (Copie)"},{"@type":"BreadcrumbList","@id":"https:\/\/mondopelle.it\/fr\/shop\/accessoires\/sacs\/sac-tisse-ghibli-4507-copia-copia\/#breadcrumb","itemListElement":[{"@type":"ListItem","position":1,"name":"Page d'accueil","item":"https:\/\/mondopelle.it\/fr\/home-new\/"},{"@type":"ListItem","position":2,"name":"Produits","item":"https:\/\/mondopelle.it\/fr\/shop\/"},{"@type":"ListItem","position":3,"name":"Sac tress\u00e9 Ghibli 4738"}]},{"@type":"WebSite","@id":"https:\/\/mondopelle.it\/fr\/#website","url":"https:\/\/mondopelle.it\/fr\/","name":"Mondopelle","description":"","publisher":{"@id":"https:\/\/mondopelle.it\/fr\/#organization"},"potentialAction":[{"@type":"SearchAction","target":{"@type":"EntryPoint","urlTemplate":"https:\/\/mondopelle.it\/fr\/?s={search_term_string}"},"query-input":{"@type":"PropertyValueSpecification","valueRequired":true,"valueName":"search_term_string"}}],"inLanguage":"fr-FR"},{"@type":"Organization","@id":"https:\/\/mondopelle.it\/fr\/#organization","name":"Mondopelle","url":"https:\/\/mondopelle.it\/fr\/","logo":{"@type":"ImageObject","inLanguage":"fr-FR","@id":"https:\/\/mondopelle.it\/fr\/#\/schema\/logo\/image\/","url":"https:\/\/mondopelle.it\/wp-content\/uploads\/2023\/07\/logo_mp-283x55-1.png","contentUrl":"https:\/\/mondopelle.it\/wp-content\/uploads\/2023\/07\/logo_mp-283x55-1.png","width":283,"height":55,"caption":"Mondopelle"},"image":{"@id":"https:\/\/mondopelle.it\/fr\/#\/schema\/logo\/image\/"},"sameAs":["https:\/\/www.facebook.com\/mondopelle\/","https:\/\/www.instagram.com\/mondopelle\/"]}]}},"_links":{"self":[{"href":"https:\/\/mondopelle.it\/fr\/wp-json\/wp\/v2\/product\/69549","targetHints":{"allow":["GET"]}}],"collection":[{"href":"https:\/\/mondopelle.it\/fr\/wp-json\/wp\/v2\/product"}],"about":[{"href":"https:\/\/mondopelle.it\/fr\/wp-json\/wp\/v2\/types\/product"}],"replies":[{"embeddable":true,"href":"https:\/\/mondopelle.it\/fr\/wp-json\/wp\/v2\/comments?post=69549"}],"version-history":[{"count":0,"href":"https:\/\/mondopelle.it\/fr\/wp-json\/wp\/v2\/product\/69549\/revisions"}],"wp:featuredmedia":[{"embeddable":true,"href":"https:\/\/mondopelle.it\/fr\/wp-json\/wp\/v2\/media\/69458"}],"wp:attachment":[{"href":"https:\/\/mondopelle.it\/fr\/wp-json\/wp\/v2\/media?parent=69549"}],"wp:term":[{"taxonomy":"brand","embeddable":true,"href":"https:\/\/mondopelle.it\/fr\/wp-json\/wp\/v2\/etheme_brands?post=69549"},{"taxonomy":"product_brand","embeddable":true,"href":"https:\/\/mondopelle.it\/fr\/wp-json\/wp\/v2\/product_brand?post=69549"},{"taxonomy":"product_cat","embeddable":true,"href":"https:\/\/mondopelle.it\/fr\/wp-json\/wp\/v2\/product_cat?post=69549"},{"taxonomy":"product_tag","embeddable":true,"href":"https:\/\/mondopelle.it\/fr\/wp-json\/wp\/v2\/product_tag?post=69549"}],"curies":[{"name":"wp","href":"https:\/\/api.w.org\/{rel}","templated":true}]}}