{"id":72903,"date":"2025-01-19T22:26:29","date_gmt":"2025-01-19T20:26:29","guid":{"rendered":"https:\/\/mondopelle.it\/?post_type=product&#038;p=72903"},"modified":"2025-01-19T23:00:14","modified_gmt":"2025-01-19T21:00:14","slug":"chaussures-evaluna-4027","status":"publish","type":"product","link":"https:\/\/mondopelle.it\/fr\/shop\/chaussures\/chaussures-fr\/chaussures-evaluna-4027\/","title":{"rendered":"Slingbacks Evaluna 4027"},"content":{"rendered":"<p class=\"whitespace-pre-wrap break-words\">Les slingbacks raffin\u00e9s d&#8217;Evaluna repr\u00e9sentent l&#8217;essence m\u00eame de l&#8217;\u00e9l\u00e9gance italienne contemporaine. Cette chaussure f\u00e9minine de la nouvelle collection associe le beige classique \u00e0 des d\u00e9tails sophistiqu\u00e9s en cuir verni noir, cr\u00e9ant ainsi un mod\u00e8le intemporel parfait pour toutes les occasions. Le talon confortable de 5 cm garantit \u00e9l\u00e9gance et confort tout au long de la journ\u00e9e.<\/p>\n<p class=\"whitespace-pre-wrap break-words\">La tige en cuir de haute qualit\u00e9 avec une garniture en cuir verni noir brillant cr\u00e9e un contraste \u00e9l\u00e9gant et distinctif. La bride \u00e9lastique au talon assure un maintien parfait et confortable. La semelle en cuir et la doublure en cuir souple compl\u00e8tent cette cr\u00e9ation artisanale Made in Italy.<\/p>\n","protected":false},"excerpt":{"rendered":"<p>Les slingbacks raffin\u00e9s d&#8217;Evaluna repr\u00e9sentent l&#8217;essence m\u00eame de l&#8217;\u00e9l\u00e9gance italienne contemporaine. Cette chaussure f\u00e9minine de la nouvelle collection associe le beige classique \u00e0 des d\u00e9tails sophistiqu\u00e9s en cuir verni noir, cr\u00e9ant ainsi un mod\u00e8le intemporel parfait pour toutes les occasions. Le talon confortable de 5 cm garantit \u00e9l\u00e9gance et confort tout au long de la journ\u00e9e. La tige en cuir de haute qualit\u00e9 avec une garniture en cuir verni noir brillant cr\u00e9e un contraste \u00e9l\u00e9gant&#8230;<\/p>\n","protected":false},"featured_media":72942,"comment_status":"open","ping_status":"closed","template":"","meta":[],"etheme_brands":[{"term_id":1131,"name":"Evaluna","slug":"evaluna-fr","term_group":0,"term_taxonomy_id":1131,"taxonomy":"brand","description":"De l'excellence de l'artisanat italien na\u00eet Evaluna, la marque qui incarne l'\u00e9l\u00e9gance intemporelle et la cr\u00e9ativit\u00e9 distinctive dans le monde de la chaussure f\u00e9minine. Fond\u00e9e sur une passion pour la mode sophistiqu\u00e9e, Evaluna a acquis une position prestigieuse gr\u00e2ce \u00e0 sa haute qualit\u00e9 artisanale et \u00e0 son design innovant.\r\n\r\nLa collection de chaussures pour femmes Evaluna est un voyage \u00e0 travers la f\u00e9minit\u00e9, chaque paire combinant l'artisanat italien traditionnel avec une vision moderne. Chaque mod\u00e8le est le r\u00e9sultat d'une attention m\u00e9ticuleuse aux d\u00e9tails et \u00e0 l'utilisation de mat\u00e9riaux nobles, avec une pr\u00e9dilection pour les cuirs de haute qualit\u00e9 et les tissus exclusifs.\r\n\r\nDes bottes \u00e9l\u00e9gantes aux bottines raffin\u00e9es, des escarpins et ballerines chics aux mocassins confortables, chaque paire de chaussures Evaluna est une \u0153uvre d'art qui incarne la passion pour la mode et l'artisanat italien, cr\u00e9ant un \u00e9quilibre parfait entre confort et beaut\u00e9.\r\n\r\nChoisir la marque Evaluna, c'est s'immerger dans un monde de sophistication et de style italien. Les nouvelles collections sont disponibles sur notre site mondopelle.it, tandis que notre outlet offre des opportunit\u00e9s extraordinaires d'acheter des chaussures Evaluna \u00e0 des prix avantageux, garantissant une touche de luxe italien \u00e0 votre garde-robe \u00e0 des prix abordables.\r\n\r\nPour une exp\u00e9rience compl\u00e8te, visitez notre page d'avis, o\u00f9 vous pourrez lire des t\u00e9moignages authentiques de la satisfaction de ceux qui ont choisi les chaussures Evaluna. Avec la prestigieuse marque italienne, la commodit\u00e9 d'un magasin d'usine et des prix avantageux, Evaluna vous invite \u00e0 faire de chaque pas une d\u00e9claration d'\u00e9l\u00e9gance intemporelle.","parent":0,"count":13,"filter":"raw"}],"product_brand":[],"product_cat":[1021,1013],"product_tag":[],"class_list":{"0":"post-72903","1":"product","2":"type-product","3":"status-publish","4":"has-post-thumbnail","6":"brand-evaluna-fr","7":"product_cat-chaussures-fr","8":"product_cat-chaussures","9":"pa_cvet-beige","10":"pa_materialotdelkisnaruzhi-cuir","11":"pa_materialotdelkivnutri-cuir","12":"pa_materialpodoshv-cuir","13":"pa_razmer-36-fr","14":"pa_razmer-37-fr-2","15":"pa_razmer-38-fr-2","16":"pa_razmer-39-fr","17":"pa_razmer-40-fr","18":"pa_razmer-41-fr","19":"pa_sezon-printemps-ete","20":"pa_stranaproizvoditelx-italie","22":"first","23":"instock","24":"sale","25":"shipping-taxable","26":"purchasable","27":"product-type-variable","28":"has-default-attributes"},"yoast_head":"<!-- This site is optimized with the Yoast SEO plugin v27.5 - https:\/\/yoast.com\/product\/yoast-seo-wordpress\/ -->\n<title>Slingbacks Evaluna 4027 - Mondopelle<\/title>\n<meta name=\"description\" content=\"Slingbacks Evaluna 4027 Vente en ligne dans le monde entier. \u2713 Livraison gratuite et rapide, paiement \u00e0 la livraison et retours faciles. Commandez chez Mondopelle et recevez le meilleur de la mode !\" \/>\n<meta name=\"robots\" content=\"index, follow, max-snippet:-1, max-image-preview:large, max-video-preview:-1\" \/>\n<link rel=\"canonical\" href=\"https:\/\/mondopelle.it\/fr\/shop\/chaussures\/chaussures-fr\/chaussures-evaluna-4027\/\" \/>\n<meta property=\"og:locale\" content=\"fr_FR\" \/>\n<meta property=\"og:type\" content=\"article\" \/>\n<meta property=\"og:title\" content=\"Slingbacks Evaluna 4027 - Mondopelle\" \/>\n<meta property=\"og:description\" content=\"Slingbacks Evaluna 4027 Vente en ligne dans le monde entier. \u2713 Livraison gratuite et rapide, paiement \u00e0 la livraison et retours faciles. Commandez chez Mondopelle et recevez le meilleur de la mode !\" \/>\n<meta property=\"og:url\" content=\"https:\/\/mondopelle.it\/fr\/shop\/chaussures\/chaussures-fr\/chaussures-evaluna-4027\/\" \/>\n<meta property=\"og:site_name\" content=\"Mondopelle\" \/>\n<meta property=\"article:publisher\" content=\"https:\/\/www.facebook.com\/mondopelle\/\" \/>\n<meta property=\"article:modified_time\" content=\"2025-01-19T21:00:14+00:00\" \/>\n<meta property=\"og:image\" content=\"https:\/\/mondopelle.it\/wp-content\/uploads\/2025\/01\/Foto-19-01-25-21-32-26.jpg\" \/>\n\t<meta property=\"og:image:width\" content=\"1512\" \/>\n\t<meta property=\"og:image:height\" content=\"1512\" \/>\n\t<meta property=\"og:image:type\" content=\"image\/jpeg\" \/>\n<meta name=\"twitter:card\" content=\"summary_large_image\" \/>\n<meta name=\"twitter:label1\" content=\"Dur\u00e9e de lecture estim\u00e9e\" \/>\n\t<meta name=\"twitter:data1\" content=\"1 minute\" \/>\n<script type=\"application\/ld+json\" class=\"yoast-schema-graph\">{\"@context\":\"https:\\\/\\\/schema.org\",\"@graph\":[{\"@type\":\"WebPage\",\"@id\":\"https:\\\/\\\/mondopelle.it\\\/fr\\\/shop\\\/chaussures\\\/chaussures-fr\\\/chaussures-evaluna-4027\\\/\",\"url\":\"https:\\\/\\\/mondopelle.it\\\/fr\\\/shop\\\/chaussures\\\/chaussures-fr\\\/chaussures-evaluna-4027\\\/\",\"name\":\"Slingbacks Evaluna 4027 - Mondopelle\",\"isPartOf\":{\"@id\":\"https:\\\/\\\/mondopelle.it\\\/fr\\\/#website\"},\"primaryImageOfPage\":{\"@id\":\"https:\\\/\\\/mondopelle.it\\\/fr\\\/shop\\\/chaussures\\\/chaussures-fr\\\/chaussures-evaluna-4027\\\/#primaryimage\"},\"image\":{\"@id\":\"https:\\\/\\\/mondopelle.it\\\/fr\\\/shop\\\/chaussures\\\/chaussures-fr\\\/chaussures-evaluna-4027\\\/#primaryimage\"},\"thumbnailUrl\":\"https:\\\/\\\/mondopelle.it\\\/wp-content\\\/uploads\\\/2025\\\/01\\\/Foto-19-01-25-21-32-26.jpg\",\"datePublished\":\"2025-01-19T20:26:29+00:00\",\"dateModified\":\"2025-01-19T21:00:14+00:00\",\"description\":\"Slingbacks Evaluna 4027 Vente en ligne dans le monde entier. \u2713 Livraison gratuite et rapide, paiement \u00e0 la livraison et retours faciles. Commandez chez Mondopelle et recevez le meilleur de la mode !\",\"breadcrumb\":{\"@id\":\"https:\\\/\\\/mondopelle.it\\\/fr\\\/shop\\\/chaussures\\\/chaussures-fr\\\/chaussures-evaluna-4027\\\/#breadcrumb\"},\"inLanguage\":\"fr-FR\",\"potentialAction\":[{\"@type\":\"ReadAction\",\"target\":[\"https:\\\/\\\/mondopelle.it\\\/fr\\\/shop\\\/chaussures\\\/chaussures-fr\\\/chaussures-evaluna-4027\\\/\"]}]},{\"@type\":\"ImageObject\",\"inLanguage\":\"fr-FR\",\"@id\":\"https:\\\/\\\/mondopelle.it\\\/fr\\\/shop\\\/chaussures\\\/chaussures-fr\\\/chaussures-evaluna-4027\\\/#primaryimage\",\"url\":\"https:\\\/\\\/mondopelle.it\\\/wp-content\\\/uploads\\\/2025\\\/01\\\/Foto-19-01-25-21-32-26.jpg\",\"contentUrl\":\"https:\\\/\\\/mondopelle.it\\\/wp-content\\\/uploads\\\/2025\\\/01\\\/Foto-19-01-25-21-32-26.jpg\",\"width\":1512,\"height\":1512},{\"@type\":\"BreadcrumbList\",\"@id\":\"https:\\\/\\\/mondopelle.it\\\/fr\\\/shop\\\/chaussures\\\/chaussures-fr\\\/chaussures-evaluna-4027\\\/#breadcrumb\",\"itemListElement\":[{\"@type\":\"ListItem\",\"position\":1,\"name\":\"Page d'accueil\",\"item\":\"https:\\\/\\\/mondopelle.it\\\/fr\\\/home-new\\\/\"},{\"@type\":\"ListItem\",\"position\":2,\"name\":\"Produits\",\"item\":\"https:\\\/\\\/mondopelle.it\\\/fr\\\/shop\\\/\"},{\"@type\":\"ListItem\",\"position\":3,\"name\":\"Slingbacks Evaluna 4027\"}]},{\"@type\":\"WebSite\",\"@id\":\"https:\\\/\\\/mondopelle.it\\\/fr\\\/#website\",\"url\":\"https:\\\/\\\/mondopelle.it\\\/fr\\\/\",\"name\":\"Mondopelle\",\"description\":\"\",\"publisher\":{\"@id\":\"https:\\\/\\\/mondopelle.it\\\/fr\\\/#organization\"},\"potentialAction\":[{\"@type\":\"SearchAction\",\"target\":{\"@type\":\"EntryPoint\",\"urlTemplate\":\"https:\\\/\\\/mondopelle.it\\\/fr\\\/?s={search_term_string}\"},\"query-input\":{\"@type\":\"PropertyValueSpecification\",\"valueRequired\":true,\"valueName\":\"search_term_string\"}}],\"inLanguage\":\"fr-FR\"},{\"@type\":\"Organization\",\"@id\":\"https:\\\/\\\/mondopelle.it\\\/fr\\\/#organization\",\"name\":\"Mondopelle\",\"url\":\"https:\\\/\\\/mondopelle.it\\\/fr\\\/\",\"logo\":{\"@type\":\"ImageObject\",\"inLanguage\":\"fr-FR\",\"@id\":\"https:\\\/\\\/mondopelle.it\\\/fr\\\/#\\\/schema\\\/logo\\\/image\\\/\",\"url\":\"https:\\\/\\\/mondopelle.it\\\/wp-content\\\/uploads\\\/2023\\\/07\\\/logo_mp-283x55-1.png\",\"contentUrl\":\"https:\\\/\\\/mondopelle.it\\\/wp-content\\\/uploads\\\/2023\\\/07\\\/logo_mp-283x55-1.png\",\"width\":283,\"height\":55,\"caption\":\"Mondopelle\"},\"image\":{\"@id\":\"https:\\\/\\\/mondopelle.it\\\/fr\\\/#\\\/schema\\\/logo\\\/image\\\/\"},\"sameAs\":[\"https:\\\/\\\/www.facebook.com\\\/mondopelle\\\/\",\"https:\\\/\\\/www.instagram.com\\\/mondopelle\\\/\"]}]}<\/script>\n<!-- \/ Yoast SEO plugin. -->","yoast_head_json":{"title":"Slingbacks Evaluna 4027 - Mondopelle","description":"Slingbacks Evaluna 4027 Vente en ligne dans le monde entier. \u2713 Livraison gratuite et rapide, paiement \u00e0 la livraison et retours faciles. Commandez chez Mondopelle et recevez le meilleur de la mode !","robots":{"index":"index","follow":"follow","max-snippet":"max-snippet:-1","max-image-preview":"max-image-preview:large","max-video-preview":"max-video-preview:-1"},"canonical":"https:\/\/mondopelle.it\/fr\/shop\/chaussures\/chaussures-fr\/chaussures-evaluna-4027\/","og_locale":"fr_FR","og_type":"article","og_title":"Slingbacks Evaluna 4027 - Mondopelle","og_description":"Slingbacks Evaluna 4027 Vente en ligne dans le monde entier. \u2713 Livraison gratuite et rapide, paiement \u00e0 la livraison et retours faciles. Commandez chez Mondopelle et recevez le meilleur de la mode !","og_url":"https:\/\/mondopelle.it\/fr\/shop\/chaussures\/chaussures-fr\/chaussures-evaluna-4027\/","og_site_name":"Mondopelle","article_publisher":"https:\/\/www.facebook.com\/mondopelle\/","article_modified_time":"2025-01-19T21:00:14+00:00","og_image":[{"width":1512,"height":1512,"url":"https:\/\/mondopelle.it\/wp-content\/uploads\/2025\/01\/Foto-19-01-25-21-32-26.jpg","type":"image\/jpeg"}],"twitter_card":"summary_large_image","twitter_misc":{"Dur\u00e9e de lecture estim\u00e9e":"1 minute"},"schema":{"@context":"https:\/\/schema.org","@graph":[{"@type":"WebPage","@id":"https:\/\/mondopelle.it\/fr\/shop\/chaussures\/chaussures-fr\/chaussures-evaluna-4027\/","url":"https:\/\/mondopelle.it\/fr\/shop\/chaussures\/chaussures-fr\/chaussures-evaluna-4027\/","name":"Slingbacks Evaluna 4027 - Mondopelle","isPartOf":{"@id":"https:\/\/mondopelle.it\/fr\/#website"},"primaryImageOfPage":{"@id":"https:\/\/mondopelle.it\/fr\/shop\/chaussures\/chaussures-fr\/chaussures-evaluna-4027\/#primaryimage"},"image":{"@id":"https:\/\/mondopelle.it\/fr\/shop\/chaussures\/chaussures-fr\/chaussures-evaluna-4027\/#primaryimage"},"thumbnailUrl":"https:\/\/mondopelle.it\/wp-content\/uploads\/2025\/01\/Foto-19-01-25-21-32-26.jpg","datePublished":"2025-01-19T20:26:29+00:00","dateModified":"2025-01-19T21:00:14+00:00","description":"Slingbacks Evaluna 4027 Vente en ligne dans le monde entier. \u2713 Livraison gratuite et rapide, paiement \u00e0 la livraison et retours faciles. Commandez chez Mondopelle et recevez le meilleur de la mode !","breadcrumb":{"@id":"https:\/\/mondopelle.it\/fr\/shop\/chaussures\/chaussures-fr\/chaussures-evaluna-4027\/#breadcrumb"},"inLanguage":"fr-FR","potentialAction":[{"@type":"ReadAction","target":["https:\/\/mondopelle.it\/fr\/shop\/chaussures\/chaussures-fr\/chaussures-evaluna-4027\/"]}]},{"@type":"ImageObject","inLanguage":"fr-FR","@id":"https:\/\/mondopelle.it\/fr\/shop\/chaussures\/chaussures-fr\/chaussures-evaluna-4027\/#primaryimage","url":"https:\/\/mondopelle.it\/wp-content\/uploads\/2025\/01\/Foto-19-01-25-21-32-26.jpg","contentUrl":"https:\/\/mondopelle.it\/wp-content\/uploads\/2025\/01\/Foto-19-01-25-21-32-26.jpg","width":1512,"height":1512},{"@type":"BreadcrumbList","@id":"https:\/\/mondopelle.it\/fr\/shop\/chaussures\/chaussures-fr\/chaussures-evaluna-4027\/#breadcrumb","itemListElement":[{"@type":"ListItem","position":1,"name":"Page d'accueil","item":"https:\/\/mondopelle.it\/fr\/home-new\/"},{"@type":"ListItem","position":2,"name":"Produits","item":"https:\/\/mondopelle.it\/fr\/shop\/"},{"@type":"ListItem","position":3,"name":"Slingbacks Evaluna 4027"}]},{"@type":"WebSite","@id":"https:\/\/mondopelle.it\/fr\/#website","url":"https:\/\/mondopelle.it\/fr\/","name":"Mondopelle","description":"","publisher":{"@id":"https:\/\/mondopelle.it\/fr\/#organization"},"potentialAction":[{"@type":"SearchAction","target":{"@type":"EntryPoint","urlTemplate":"https:\/\/mondopelle.it\/fr\/?s={search_term_string}"},"query-input":{"@type":"PropertyValueSpecification","valueRequired":true,"valueName":"search_term_string"}}],"inLanguage":"fr-FR"},{"@type":"Organization","@id":"https:\/\/mondopelle.it\/fr\/#organization","name":"Mondopelle","url":"https:\/\/mondopelle.it\/fr\/","logo":{"@type":"ImageObject","inLanguage":"fr-FR","@id":"https:\/\/mondopelle.it\/fr\/#\/schema\/logo\/image\/","url":"https:\/\/mondopelle.it\/wp-content\/uploads\/2023\/07\/logo_mp-283x55-1.png","contentUrl":"https:\/\/mondopelle.it\/wp-content\/uploads\/2023\/07\/logo_mp-283x55-1.png","width":283,"height":55,"caption":"Mondopelle"},"image":{"@id":"https:\/\/mondopelle.it\/fr\/#\/schema\/logo\/image\/"},"sameAs":["https:\/\/www.facebook.com\/mondopelle\/","https:\/\/www.instagram.com\/mondopelle\/"]}]}},"_links":{"self":[{"href":"https:\/\/mondopelle.it\/fr\/wp-json\/wp\/v2\/product\/72903","targetHints":{"allow":["GET"]}}],"collection":[{"href":"https:\/\/mondopelle.it\/fr\/wp-json\/wp\/v2\/product"}],"about":[{"href":"https:\/\/mondopelle.it\/fr\/wp-json\/wp\/v2\/types\/product"}],"replies":[{"embeddable":true,"href":"https:\/\/mondopelle.it\/fr\/wp-json\/wp\/v2\/comments?post=72903"}],"version-history":[{"count":0,"href":"https:\/\/mondopelle.it\/fr\/wp-json\/wp\/v2\/product\/72903\/revisions"}],"wp:featuredmedia":[{"embeddable":true,"href":"https:\/\/mondopelle.it\/fr\/wp-json\/wp\/v2\/media\/72942"}],"wp:attachment":[{"href":"https:\/\/mondopelle.it\/fr\/wp-json\/wp\/v2\/media?parent=72903"}],"wp:term":[{"taxonomy":"brand","embeddable":true,"href":"https:\/\/mondopelle.it\/fr\/wp-json\/wp\/v2\/etheme_brands?post=72903"},{"taxonomy":"product_brand","embeddable":true,"href":"https:\/\/mondopelle.it\/fr\/wp-json\/wp\/v2\/product_brand?post=72903"},{"taxonomy":"product_cat","embeddable":true,"href":"https:\/\/mondopelle.it\/fr\/wp-json\/wp\/v2\/product_cat?post=72903"},{"taxonomy":"product_tag","embeddable":true,"href":"https:\/\/mondopelle.it\/fr\/wp-json\/wp\/v2\/product_tag?post=72903"}],"curies":[{"name":"wp","href":"https:\/\/api.w.org\/{rel}","templated":true}]}}