{"id":74871,"date":"2025-01-29T22:35:51","date_gmt":"2025-01-29T20:35:51","guid":{"rendered":"https:\/\/mondopelle.it\/?post_type=product&#038;p=74871"},"modified":"2025-01-29T22:47:14","modified_gmt":"2025-01-29T20:47:14","slug":"baskets-gio-pia306b","status":"publish","type":"product","link":"https:\/\/mondopelle.it\/fr\/shop\/chaussures\/baskets\/baskets-gio-pia306b\/","title":{"rendered":"Baskets Gio+ Pia306B"},"content":{"rendered":"<p class=\"whitespace-pre-wrap break-words\">Les baskets Gio+ de la nouvelle collection : un chef-d&#8217;\u0153uvre de style contemporain qui allie l&#8217;\u00e9l\u00e9gance du lilas m\u00e9tallis\u00e9 \u00e0 des d\u00e9tails pleins de vie. La semelle haute et moderne cr\u00e9e un design audacieux, tandis que les accessoires d\u00e9coratifs en strass multicolores ajoutent une touche d&#8217;originalit\u00e9 luxueuse.<\/p>\n<p class=\"whitespace-pre-wrap break-words\">Fabriqu\u00e9es en cuir italien fin, ces baskets repr\u00e9sentent l&#8217;\u00e9quilibre parfait entre confort et glamour. Les accessoires transforment une chaussure de sport classique en un accessoire exclusif, id\u00e9al pour les femmes qui aiment se distinguer par un style unique.<\/p>\n<p class=\"whitespace-pre-wrap break-words\">La semelle sur\u00e9lev\u00e9e ajoute non seulement une touche de modernit\u00e9, mais assure \u00e9galement un confort exceptionnel tout au long de la journ\u00e9e.<\/p>\n","protected":false},"excerpt":{"rendered":"<p>Les baskets Gio+ de la nouvelle collection : un chef-d&#8217;\u0153uvre de style contemporain qui allie l&#8217;\u00e9l\u00e9gance du lilas m\u00e9tallis\u00e9 \u00e0 des d\u00e9tails pleins de vie. La semelle haute et moderne cr\u00e9e un design audacieux, tandis que les accessoires d\u00e9coratifs en strass multicolores ajoutent une touche d&#8217;originalit\u00e9 luxueuse. Fabriqu\u00e9es en cuir italien fin, ces baskets repr\u00e9sentent l&#8217;\u00e9quilibre parfait entre confort et glamour. Les accessoires transforment une chaussure de sport classique en un accessoire exclusif, id\u00e9al pour&#8230;<\/p>\n","protected":false},"featured_media":74887,"comment_status":"open","ping_status":"closed","template":"","meta":[],"etheme_brands":[{"term_id":947,"name":"Gio+","slug":"gio-fr","term_group":0,"term_taxonomy_id":947,"taxonomy":"brand","description":"Gio+, la marque italienne \u00e0 l'avant-garde du monde de la mode, est une expression authentique de l'\u00e9l\u00e9gance et du style. Sp\u00e9cialis\u00e9e dans la production de chaussures de haute qualit\u00e9, Gio+ se distingue par son attachement \u00e0 l'artisanat italien et \u00e0 l'utilisation exclusive de mat\u00e9riaux naturels tels que le cuir fin et le daim souple.\r\n\r\nLa vaste gamme de chaussures de Gio+ embrasse les derni\u00e8res tendances de la mode, offrant une s\u00e9lection \u00e9clectique qui comprend des baskets, des bottes, des bottines, des mocassins et bien d'autres choses encore. Chaque mod\u00e8le est un chef-d'\u0153uvre de design, avec des d\u00e9tails accrocheurs tels que des pierres brillantes, des strass, des perles et des d\u00e9corations originales. Les chaussures Gio+ sont une ode \u00e0 la cr\u00e9ativit\u00e9 et \u00e0 l'individualit\u00e9, exprimant un style unique \u00e0 chaque pas.\r\n\r\nDans notre boutique en ligne, mondopelle.it, vous pouvez vous immerger dans l'exp\u00e9rience Gio+ et d\u00e9couvrir la nouvelle collection. Les chaussures pour femmes Gio+ sont disponibles dans une vari\u00e9t\u00e9 de styles et de mod\u00e8les, garantissant un look sophistiqu\u00e9 et \u00e0 la mode pour chaque occasion. Gr\u00e2ce \u00e0 l'interface pratique de notre site, vous pouvez facilement explorer les derni\u00e8res nouveaut\u00e9s, lire les commentaires \u00e9logieux des clients et acheter les chaussures Gio+ \u00e0 des prix abordables.\r\n\r\nLes ventes p\u00e9riodiques propos\u00e9es sur notre site vous permettent de profiter de bonnes affaires pour agrandir votre collection de chaussures\u00a0\u00a0Gio+. Une qualit\u00e9 sup\u00e9rieure \u00e0 des prix avantageux\u00a0c'est ce qui caract\u00e9rise notre engagement \u00e0 fournir des produits exceptionnels \u00e0 nos clients.\r\n\r\nGr\u00e2ce \u00e0 leur conception innovante et \u00e0 leur souci du d\u00e9tail, les chaussures Gio+ s\u00e9duisent non seulement les jeunes \u00e0 la mode, mais aussi les femmes \u00e9l\u00e9gantes \u00e0 la recherche de chaussures alliant style et confort. La vari\u00e9t\u00e9 des styles permet \u00e0 Gio+ de r\u00e9pondre aux besoins d'un public vari\u00e9, en veillant \u00e0 ce que chacun puisse trouver la chaussure parfaite pour son style de vie..\r\n\r\nChoisir\u00a0la marque\u00a0Gio+\u00a0signifie faire partie d'un monde o\u00f9 le style rencontre la qualit\u00e9 et l'innovation. Gr\u00e2ce \u00e0 notre engagement \u00e0 maintenir Gio+\u00a0\u00e0 la pointe de la mode, nous pouvons offrir une exp\u00e9rience d'achat en ligne in\u00e9gal\u00e9e. Explorez la collection, trouvez la paire parfaite et plongez dans la beaut\u00e9 et l'originalit\u00e9 des chaussures Gio+ !\r\n\r\nEt n'oubliez pas de visiter notre page outlet pour d\u00e9couvrir des r\u00e9ductions incroyables sur beaucoup de vos chaussures Gio+ pr\u00e9f\u00e9r\u00e9es !","parent":0,"count":16,"filter":"raw"}],"product_brand":[],"product_cat":[1016,1013],"product_tag":[],"class_list":{"0":"post-74871","1":"product","2":"type-product","3":"status-publish","4":"has-post-thumbnail","6":"brand-gio-fr","7":"product_cat-baskets","8":"product_cat-chaussures","9":"pa_cvet-lilas","10":"pa_materialotdelkisnaruzhi-cuir","11":"pa_materialotdelkivnutri-cuir","12":"pa_materialpodoshv-caoutchouc","13":"pa_razmer-36-fr","14":"pa_razmer-37-fr-2","15":"pa_razmer-38-fr-2","16":"pa_razmer-39-fr","17":"pa_razmer-40-fr","18":"pa_razmer-41-fr","19":"pa_sezon-printemps-ete","20":"pa_stranaproizvoditelx-italie","22":"first","23":"instock","24":"sale","25":"shipping-taxable","26":"purchasable","27":"product-type-variable"},"yoast_head":"<!-- This site is optimized with the Yoast SEO plugin v27.5 - https:\/\/yoast.com\/product\/yoast-seo-wordpress\/ -->\n<title>Baskets Gio+ Pia306B - Mondopelle<\/title>\n<meta name=\"description\" content=\"Baskets Gio+ Pia306B Vente en ligne dans le monde entier. \u2713 Livraison gratuite et rapide, paiement \u00e0 la livraison et retours faciles. Commandez chez Mondopelle et recevez le meilleur de la mode !\" \/>\n<meta name=\"robots\" content=\"index, follow, max-snippet:-1, max-image-preview:large, max-video-preview:-1\" \/>\n<link rel=\"canonical\" href=\"https:\/\/mondopelle.it\/fr\/shop\/chaussures\/baskets\/baskets-gio-pia306b\/\" \/>\n<meta property=\"og:locale\" content=\"fr_FR\" \/>\n<meta property=\"og:type\" content=\"article\" \/>\n<meta property=\"og:title\" content=\"Baskets Gio+ Pia306B - Mondopelle\" \/>\n<meta property=\"og:description\" content=\"Baskets Gio+ Pia306B Vente en ligne dans le monde entier. \u2713 Livraison gratuite et rapide, paiement \u00e0 la livraison et retours faciles. Commandez chez Mondopelle et recevez le meilleur de la mode !\" \/>\n<meta property=\"og:url\" content=\"https:\/\/mondopelle.it\/fr\/shop\/chaussures\/baskets\/baskets-gio-pia306b\/\" \/>\n<meta property=\"og:site_name\" content=\"Mondopelle\" \/>\n<meta property=\"article:publisher\" content=\"https:\/\/www.facebook.com\/mondopelle\/\" \/>\n<meta property=\"article:modified_time\" content=\"2025-01-29T20:47:14+00:00\" \/>\n<meta property=\"og:image\" content=\"https:\/\/mondopelle.it\/wp-content\/uploads\/2025\/01\/Foto-29-01-25-20-54-38-2.jpg\" \/>\n\t<meta property=\"og:image:width\" content=\"1512\" \/>\n\t<meta property=\"og:image:height\" content=\"1512\" \/>\n\t<meta property=\"og:image:type\" content=\"image\/jpeg\" \/>\n<meta name=\"twitter:card\" content=\"summary_large_image\" \/>\n<meta name=\"twitter:label1\" content=\"Dur\u00e9e de lecture estim\u00e9e\" \/>\n\t<meta name=\"twitter:data1\" content=\"1 minute\" \/>\n<script type=\"application\/ld+json\" class=\"yoast-schema-graph\">{\"@context\":\"https:\\\/\\\/schema.org\",\"@graph\":[{\"@type\":\"WebPage\",\"@id\":\"https:\\\/\\\/mondopelle.it\\\/fr\\\/shop\\\/chaussures\\\/baskets\\\/baskets-gio-pia306b\\\/\",\"url\":\"https:\\\/\\\/mondopelle.it\\\/fr\\\/shop\\\/chaussures\\\/baskets\\\/baskets-gio-pia306b\\\/\",\"name\":\"Baskets Gio+ Pia306B - Mondopelle\",\"isPartOf\":{\"@id\":\"https:\\\/\\\/mondopelle.it\\\/fr\\\/#website\"},\"primaryImageOfPage\":{\"@id\":\"https:\\\/\\\/mondopelle.it\\\/fr\\\/shop\\\/chaussures\\\/baskets\\\/baskets-gio-pia306b\\\/#primaryimage\"},\"image\":{\"@id\":\"https:\\\/\\\/mondopelle.it\\\/fr\\\/shop\\\/chaussures\\\/baskets\\\/baskets-gio-pia306b\\\/#primaryimage\"},\"thumbnailUrl\":\"https:\\\/\\\/mondopelle.it\\\/wp-content\\\/uploads\\\/2025\\\/01\\\/Foto-29-01-25-20-54-38-2.jpg\",\"datePublished\":\"2025-01-29T20:35:51+00:00\",\"dateModified\":\"2025-01-29T20:47:14+00:00\",\"description\":\"Baskets Gio+ Pia306B Vente en ligne dans le monde entier. \u2713 Livraison gratuite et rapide, paiement \u00e0 la livraison et retours faciles. Commandez chez Mondopelle et recevez le meilleur de la mode !\",\"breadcrumb\":{\"@id\":\"https:\\\/\\\/mondopelle.it\\\/fr\\\/shop\\\/chaussures\\\/baskets\\\/baskets-gio-pia306b\\\/#breadcrumb\"},\"inLanguage\":\"fr-FR\",\"potentialAction\":[{\"@type\":\"ReadAction\",\"target\":[\"https:\\\/\\\/mondopelle.it\\\/fr\\\/shop\\\/chaussures\\\/baskets\\\/baskets-gio-pia306b\\\/\"]}]},{\"@type\":\"ImageObject\",\"inLanguage\":\"fr-FR\",\"@id\":\"https:\\\/\\\/mondopelle.it\\\/fr\\\/shop\\\/chaussures\\\/baskets\\\/baskets-gio-pia306b\\\/#primaryimage\",\"url\":\"https:\\\/\\\/mondopelle.it\\\/wp-content\\\/uploads\\\/2025\\\/01\\\/Foto-29-01-25-20-54-38-2.jpg\",\"contentUrl\":\"https:\\\/\\\/mondopelle.it\\\/wp-content\\\/uploads\\\/2025\\\/01\\\/Foto-29-01-25-20-54-38-2.jpg\",\"width\":1512,\"height\":1512},{\"@type\":\"BreadcrumbList\",\"@id\":\"https:\\\/\\\/mondopelle.it\\\/fr\\\/shop\\\/chaussures\\\/baskets\\\/baskets-gio-pia306b\\\/#breadcrumb\",\"itemListElement\":[{\"@type\":\"ListItem\",\"position\":1,\"name\":\"Page d'accueil\",\"item\":\"https:\\\/\\\/mondopelle.it\\\/fr\\\/home-new\\\/\"},{\"@type\":\"ListItem\",\"position\":2,\"name\":\"Produits\",\"item\":\"https:\\\/\\\/mondopelle.it\\\/fr\\\/shop\\\/\"},{\"@type\":\"ListItem\",\"position\":3,\"name\":\"Baskets Gio+ Pia306B\"}]},{\"@type\":\"WebSite\",\"@id\":\"https:\\\/\\\/mondopelle.it\\\/fr\\\/#website\",\"url\":\"https:\\\/\\\/mondopelle.it\\\/fr\\\/\",\"name\":\"Mondopelle\",\"description\":\"\",\"publisher\":{\"@id\":\"https:\\\/\\\/mondopelle.it\\\/fr\\\/#organization\"},\"potentialAction\":[{\"@type\":\"SearchAction\",\"target\":{\"@type\":\"EntryPoint\",\"urlTemplate\":\"https:\\\/\\\/mondopelle.it\\\/fr\\\/?s={search_term_string}\"},\"query-input\":{\"@type\":\"PropertyValueSpecification\",\"valueRequired\":true,\"valueName\":\"search_term_string\"}}],\"inLanguage\":\"fr-FR\"},{\"@type\":\"Organization\",\"@id\":\"https:\\\/\\\/mondopelle.it\\\/fr\\\/#organization\",\"name\":\"Mondopelle\",\"url\":\"https:\\\/\\\/mondopelle.it\\\/fr\\\/\",\"logo\":{\"@type\":\"ImageObject\",\"inLanguage\":\"fr-FR\",\"@id\":\"https:\\\/\\\/mondopelle.it\\\/fr\\\/#\\\/schema\\\/logo\\\/image\\\/\",\"url\":\"https:\\\/\\\/mondopelle.it\\\/wp-content\\\/uploads\\\/2023\\\/07\\\/logo_mp-283x55-1.png\",\"contentUrl\":\"https:\\\/\\\/mondopelle.it\\\/wp-content\\\/uploads\\\/2023\\\/07\\\/logo_mp-283x55-1.png\",\"width\":283,\"height\":55,\"caption\":\"Mondopelle\"},\"image\":{\"@id\":\"https:\\\/\\\/mondopelle.it\\\/fr\\\/#\\\/schema\\\/logo\\\/image\\\/\"},\"sameAs\":[\"https:\\\/\\\/www.facebook.com\\\/mondopelle\\\/\",\"https:\\\/\\\/www.instagram.com\\\/mondopelle\\\/\"]}]}<\/script>\n<!-- \/ Yoast SEO plugin. -->","yoast_head_json":{"title":"Baskets Gio+ Pia306B - Mondopelle","description":"Baskets Gio+ Pia306B Vente en ligne dans le monde entier. \u2713 Livraison gratuite et rapide, paiement \u00e0 la livraison et retours faciles. Commandez chez Mondopelle et recevez le meilleur de la mode !","robots":{"index":"index","follow":"follow","max-snippet":"max-snippet:-1","max-image-preview":"max-image-preview:large","max-video-preview":"max-video-preview:-1"},"canonical":"https:\/\/mondopelle.it\/fr\/shop\/chaussures\/baskets\/baskets-gio-pia306b\/","og_locale":"fr_FR","og_type":"article","og_title":"Baskets Gio+ Pia306B - Mondopelle","og_description":"Baskets Gio+ Pia306B Vente en ligne dans le monde entier. \u2713 Livraison gratuite et rapide, paiement \u00e0 la livraison et retours faciles. Commandez chez Mondopelle et recevez le meilleur de la mode !","og_url":"https:\/\/mondopelle.it\/fr\/shop\/chaussures\/baskets\/baskets-gio-pia306b\/","og_site_name":"Mondopelle","article_publisher":"https:\/\/www.facebook.com\/mondopelle\/","article_modified_time":"2025-01-29T20:47:14+00:00","og_image":[{"width":1512,"height":1512,"url":"https:\/\/mondopelle.it\/wp-content\/uploads\/2025\/01\/Foto-29-01-25-20-54-38-2.jpg","type":"image\/jpeg"}],"twitter_card":"summary_large_image","twitter_misc":{"Dur\u00e9e de lecture estim\u00e9e":"1 minute"},"schema":{"@context":"https:\/\/schema.org","@graph":[{"@type":"WebPage","@id":"https:\/\/mondopelle.it\/fr\/shop\/chaussures\/baskets\/baskets-gio-pia306b\/","url":"https:\/\/mondopelle.it\/fr\/shop\/chaussures\/baskets\/baskets-gio-pia306b\/","name":"Baskets Gio+ Pia306B - Mondopelle","isPartOf":{"@id":"https:\/\/mondopelle.it\/fr\/#website"},"primaryImageOfPage":{"@id":"https:\/\/mondopelle.it\/fr\/shop\/chaussures\/baskets\/baskets-gio-pia306b\/#primaryimage"},"image":{"@id":"https:\/\/mondopelle.it\/fr\/shop\/chaussures\/baskets\/baskets-gio-pia306b\/#primaryimage"},"thumbnailUrl":"https:\/\/mondopelle.it\/wp-content\/uploads\/2025\/01\/Foto-29-01-25-20-54-38-2.jpg","datePublished":"2025-01-29T20:35:51+00:00","dateModified":"2025-01-29T20:47:14+00:00","description":"Baskets Gio+ Pia306B Vente en ligne dans le monde entier. \u2713 Livraison gratuite et rapide, paiement \u00e0 la livraison et retours faciles. Commandez chez Mondopelle et recevez le meilleur de la mode !","breadcrumb":{"@id":"https:\/\/mondopelle.it\/fr\/shop\/chaussures\/baskets\/baskets-gio-pia306b\/#breadcrumb"},"inLanguage":"fr-FR","potentialAction":[{"@type":"ReadAction","target":["https:\/\/mondopelle.it\/fr\/shop\/chaussures\/baskets\/baskets-gio-pia306b\/"]}]},{"@type":"ImageObject","inLanguage":"fr-FR","@id":"https:\/\/mondopelle.it\/fr\/shop\/chaussures\/baskets\/baskets-gio-pia306b\/#primaryimage","url":"https:\/\/mondopelle.it\/wp-content\/uploads\/2025\/01\/Foto-29-01-25-20-54-38-2.jpg","contentUrl":"https:\/\/mondopelle.it\/wp-content\/uploads\/2025\/01\/Foto-29-01-25-20-54-38-2.jpg","width":1512,"height":1512},{"@type":"BreadcrumbList","@id":"https:\/\/mondopelle.it\/fr\/shop\/chaussures\/baskets\/baskets-gio-pia306b\/#breadcrumb","itemListElement":[{"@type":"ListItem","position":1,"name":"Page d'accueil","item":"https:\/\/mondopelle.it\/fr\/home-new\/"},{"@type":"ListItem","position":2,"name":"Produits","item":"https:\/\/mondopelle.it\/fr\/shop\/"},{"@type":"ListItem","position":3,"name":"Baskets Gio+ Pia306B"}]},{"@type":"WebSite","@id":"https:\/\/mondopelle.it\/fr\/#website","url":"https:\/\/mondopelle.it\/fr\/","name":"Mondopelle","description":"","publisher":{"@id":"https:\/\/mondopelle.it\/fr\/#organization"},"potentialAction":[{"@type":"SearchAction","target":{"@type":"EntryPoint","urlTemplate":"https:\/\/mondopelle.it\/fr\/?s={search_term_string}"},"query-input":{"@type":"PropertyValueSpecification","valueRequired":true,"valueName":"search_term_string"}}],"inLanguage":"fr-FR"},{"@type":"Organization","@id":"https:\/\/mondopelle.it\/fr\/#organization","name":"Mondopelle","url":"https:\/\/mondopelle.it\/fr\/","logo":{"@type":"ImageObject","inLanguage":"fr-FR","@id":"https:\/\/mondopelle.it\/fr\/#\/schema\/logo\/image\/","url":"https:\/\/mondopelle.it\/wp-content\/uploads\/2023\/07\/logo_mp-283x55-1.png","contentUrl":"https:\/\/mondopelle.it\/wp-content\/uploads\/2023\/07\/logo_mp-283x55-1.png","width":283,"height":55,"caption":"Mondopelle"},"image":{"@id":"https:\/\/mondopelle.it\/fr\/#\/schema\/logo\/image\/"},"sameAs":["https:\/\/www.facebook.com\/mondopelle\/","https:\/\/www.instagram.com\/mondopelle\/"]}]}},"_links":{"self":[{"href":"https:\/\/mondopelle.it\/fr\/wp-json\/wp\/v2\/product\/74871","targetHints":{"allow":["GET"]}}],"collection":[{"href":"https:\/\/mondopelle.it\/fr\/wp-json\/wp\/v2\/product"}],"about":[{"href":"https:\/\/mondopelle.it\/fr\/wp-json\/wp\/v2\/types\/product"}],"replies":[{"embeddable":true,"href":"https:\/\/mondopelle.it\/fr\/wp-json\/wp\/v2\/comments?post=74871"}],"version-history":[{"count":0,"href":"https:\/\/mondopelle.it\/fr\/wp-json\/wp\/v2\/product\/74871\/revisions"}],"wp:featuredmedia":[{"embeddable":true,"href":"https:\/\/mondopelle.it\/fr\/wp-json\/wp\/v2\/media\/74887"}],"wp:attachment":[{"href":"https:\/\/mondopelle.it\/fr\/wp-json\/wp\/v2\/media?parent=74871"}],"wp:term":[{"taxonomy":"brand","embeddable":true,"href":"https:\/\/mondopelle.it\/fr\/wp-json\/wp\/v2\/etheme_brands?post=74871"},{"taxonomy":"product_brand","embeddable":true,"href":"https:\/\/mondopelle.it\/fr\/wp-json\/wp\/v2\/product_brand?post=74871"},{"taxonomy":"product_cat","embeddable":true,"href":"https:\/\/mondopelle.it\/fr\/wp-json\/wp\/v2\/product_cat?post=74871"},{"taxonomy":"product_tag","embeddable":true,"href":"https:\/\/mondopelle.it\/fr\/wp-json\/wp\/v2\/product_tag?post=74871"}],"curies":[{"name":"wp","href":"https:\/\/api.w.org\/{rel}","templated":true}]}}