{"id":75391,"date":"2025-02-09T17:12:10","date_gmt":"2025-02-09T15:12:10","guid":{"rendered":"https:\/\/mondopelle.it\/?post_type=product&#038;p=75391"},"modified":"2025-02-09T17:36:01","modified_gmt":"2025-02-09T15:36:01","slug":"mocassins-letizia-ferrari-ox10","status":"publish","type":"product","link":"https:\/\/mondopelle.it\/fr\/shop\/chaussures\/mocassins\/mocassins-letizia-ferrari-ox10\/","title":{"rendered":"Mocassins Letizia Ferrari Ox10"},"content":{"rendered":"<p class=\"whitespace-pre-wrap break-words\">Mocassins Letizia Ferrari de la nouvelle collection printemps : une \u00e9l\u00e9gante fusion de turquoise vif et de beige clair en cuir verni naplak. Le design sophistiqu\u00e9 est rehauss\u00e9 par la semelle raffin\u00e9e qui donne de la l\u00e9g\u00e8ret\u00e9 et du style \u00e0 la d\u00e9marche.<\/p>\n<p class=\"whitespace-pre-wrap break-words\">Fabriqu\u00e9s en cuir verni souple de haute qualit\u00e9, ces mocassins bicolores incarnent l&#8217;essence du printemps italien. La combinaison de couleurs fra\u00eeches et la fabrication artisanale cr\u00e9ent un accessoire polyvalent et distinctif.<\/p>\n<p class=\"whitespace-pre-wrap break-words\">L&#8217;\u00e9l\u00e9gante semelle fine garantit confort et f\u00e9minit\u00e9, ce qui rend ces mocassins parfaits pour toutes les occasions printani\u00e8res, du travail aux loisirs.<\/p>\n","protected":false},"excerpt":{"rendered":"<p>Mocassins Letizia Ferrari de la nouvelle collection printemps : une \u00e9l\u00e9gante fusion de turquoise vif et de beige clair en cuir verni naplak. Le design sophistiqu\u00e9 est rehauss\u00e9 par la semelle raffin\u00e9e qui donne de la l\u00e9g\u00e8ret\u00e9 et du style \u00e0 la d\u00e9marche. Fabriqu\u00e9s en cuir verni souple de haute qualit\u00e9, ces mocassins bicolores incarnent l&#8217;essence du printemps italien. La combinaison de couleurs fra\u00eeches et la fabrication artisanale cr\u00e9ent un accessoire polyvalent et distinctif. L&#8217;\u00e9l\u00e9gante&#8230;<\/p>\n","protected":false},"featured_media":75443,"comment_status":"open","ping_status":"closed","template":"","meta":[],"etheme_brands":[{"term_id":1449,"name":"Letizia Ferrari","slug":"letizia-ferrari-fr","term_group":0,"term_taxonomy_id":1449,"taxonomy":"brand","description":"Letizia Ferrari est l'un de nos fournisseurs de confiance, offrant une large s\u00e9lection de chaussures confortables de qualit\u00e9 sup\u00e9rieure.\r\n\r\nNous sommes passionn\u00e9s par la mode italienne et nous croyons fermement que les chaussures sont un \u00e9l\u00e9ment essentiel pour compl\u00e9ter n'importe quel look. Avec Letizia Ferrari, vous \u00eates s\u00fbre de trouver des chaussures qui allient parfaitement style et confort.\r\n\r\nLes mocassins Letizia Ferrari sont un classique intemporel. Fabriqu\u00e9s de mani\u00e8re artisanale et avec les meilleurs mat\u00e9riaux, ces mocassins sont le choix id\u00e9al pour ceux qui recherchent un look \u00e9l\u00e9gant et sophistiqu\u00e9. Leur confort est imbattable, gr\u00e2ce \u00e0 la semelle souple et au design ergonomique qui garantit un soutien optimal de vos pieds.\r\n\r\nSi vous recherchez une option plus polyvalente, les sandales Letizia Ferrari sont ce qu'il vous faut. Elles sont parfaites pour l'\u00e9t\u00e9 et peuvent \u00eatre associ\u00e9es \u00e0 n'importe quelle tenue. Avec une large gamme de couleurs et de styles disponibles, vous \u00eates s\u00fbre de trouver la paire de sandales qui convient \u00e0 votre style personnel.\r\n\r\nPour les journ\u00e9es d'\u00e9t\u00e9, les tongs Letizia Ferrari sont incontournables. Fabriqu\u00e9es dans des mat\u00e9riaux l\u00e9gers et respirants, elles offrent un maximum de confort et permettent d'arborer un style frais et \u00e0 la mode. Des sandales compens\u00e9es aux tongs \u00e9l\u00e9gantes, Letizia Ferrari offre une vari\u00e9t\u00e9 d'options pour chaque occasion.\r\n\r\nChoisissez Letizia Ferrari sur Mondopelle.it et d\u00e9couvrez la qualit\u00e9 et l'\u00e9l\u00e9gance des chaussures italiennes. Avec une large s\u00e9lection de mocassins, de bottines, de sandales et de pantoufles, Letizia Ferrari vous offre une exp\u00e9rience de shopping unique. Faites une d\u00e9claration de style avec les produits Letizia Ferrari et profitez du confort sans compromis que vos pieds m\u00e9ritent.","parent":0,"count":7,"filter":"raw"}],"product_brand":[],"product_cat":[1013,1074],"product_tag":[],"class_list":{"0":"post-75391","1":"product","2":"type-product","3":"status-publish","4":"has-post-thumbnail","6":"brand-letizia-ferrari-fr","7":"product_cat-chaussures","8":"product_cat-mocassins","9":"pa_cvet-beige","10":"pa_cvet-lazur","11":"pa_materialotdelkisnaruzhi-naplak-fr","12":"pa_materialotdelkivnutri-non-double-fr","13":"pa_materialpodoshv-cuir","14":"pa_razmer-36-fr","15":"pa_razmer-37-fr-2","16":"pa_razmer-38-fr-2","17":"pa_razmer-39-fr","18":"pa_razmer-40-fr","19":"pa_razmer-41-fr","20":"pa_sezon-printemps-ete","21":"pa_stranaproizvoditelx-italie","23":"first","24":"instock","25":"sale","26":"shipping-taxable","27":"purchasable","28":"product-type-variable"},"yoast_head":"<!-- This site is optimized with the Yoast SEO plugin v27.5 - https:\/\/yoast.com\/product\/yoast-seo-wordpress\/ -->\n<title>Mocassins Letizia Ferrari Ox10 - Mondopelle<\/title>\n<meta name=\"description\" content=\"Mocassins Letizia Ferrari Ox10 Vente en ligne dans le monde entier. \u2713 Livraison gratuite et rapide, paiement \u00e0 la livraison et retours faciles. Commandez chez Mondopelle et recevez le meilleur de la mode !\" \/>\n<meta name=\"robots\" content=\"index, follow, max-snippet:-1, max-image-preview:large, max-video-preview:-1\" \/>\n<link rel=\"canonical\" href=\"https:\/\/mondopelle.it\/fr\/shop\/chaussures\/mocassins\/mocassins-letizia-ferrari-ox10\/\" \/>\n<meta property=\"og:locale\" content=\"fr_FR\" \/>\n<meta property=\"og:type\" content=\"article\" \/>\n<meta property=\"og:title\" content=\"Mocassins Letizia Ferrari Ox10 - Mondopelle\" \/>\n<meta property=\"og:description\" content=\"Mocassins Letizia Ferrari Ox10 Vente en ligne dans le monde entier. \u2713 Livraison gratuite et rapide, paiement \u00e0 la livraison et retours faciles. Commandez chez Mondopelle et recevez le meilleur de la mode !\" \/>\n<meta property=\"og:url\" content=\"https:\/\/mondopelle.it\/fr\/shop\/chaussures\/mocassins\/mocassins-letizia-ferrari-ox10\/\" \/>\n<meta property=\"og:site_name\" content=\"Mondopelle\" \/>\n<meta property=\"article:publisher\" content=\"https:\/\/www.facebook.com\/mondopelle\/\" \/>\n<meta property=\"article:modified_time\" content=\"2025-02-09T15:36:01+00:00\" \/>\n<meta property=\"og:image\" content=\"https:\/\/mondopelle.it\/wp-content\/uploads\/2025\/02\/Foto-07-02-25-21-03-04-11.jpg\" \/>\n\t<meta property=\"og:image:width\" content=\"1512\" \/>\n\t<meta property=\"og:image:height\" content=\"1512\" \/>\n\t<meta property=\"og:image:type\" content=\"image\/jpeg\" \/>\n<meta name=\"twitter:card\" content=\"summary_large_image\" \/>\n<meta name=\"twitter:label1\" content=\"Dur\u00e9e de lecture estim\u00e9e\" \/>\n\t<meta name=\"twitter:data1\" content=\"1 minute\" \/>\n<script type=\"application\/ld+json\" class=\"yoast-schema-graph\">{\"@context\":\"https:\\\/\\\/schema.org\",\"@graph\":[{\"@type\":\"WebPage\",\"@id\":\"https:\\\/\\\/mondopelle.it\\\/fr\\\/shop\\\/chaussures\\\/mocassins\\\/mocassins-letizia-ferrari-ox10\\\/\",\"url\":\"https:\\\/\\\/mondopelle.it\\\/fr\\\/shop\\\/chaussures\\\/mocassins\\\/mocassins-letizia-ferrari-ox10\\\/\",\"name\":\"Mocassins Letizia Ferrari Ox10 - Mondopelle\",\"isPartOf\":{\"@id\":\"https:\\\/\\\/mondopelle.it\\\/fr\\\/#website\"},\"primaryImageOfPage\":{\"@id\":\"https:\\\/\\\/mondopelle.it\\\/fr\\\/shop\\\/chaussures\\\/mocassins\\\/mocassins-letizia-ferrari-ox10\\\/#primaryimage\"},\"image\":{\"@id\":\"https:\\\/\\\/mondopelle.it\\\/fr\\\/shop\\\/chaussures\\\/mocassins\\\/mocassins-letizia-ferrari-ox10\\\/#primaryimage\"},\"thumbnailUrl\":\"https:\\\/\\\/mondopelle.it\\\/wp-content\\\/uploads\\\/2025\\\/02\\\/Foto-07-02-25-21-03-04-11.jpg\",\"datePublished\":\"2025-02-09T15:12:10+00:00\",\"dateModified\":\"2025-02-09T15:36:01+00:00\",\"description\":\"Mocassins Letizia Ferrari Ox10 Vente en ligne dans le monde entier. \u2713 Livraison gratuite et rapide, paiement \u00e0 la livraison et retours faciles. Commandez chez Mondopelle et recevez le meilleur de la mode !\",\"breadcrumb\":{\"@id\":\"https:\\\/\\\/mondopelle.it\\\/fr\\\/shop\\\/chaussures\\\/mocassins\\\/mocassins-letizia-ferrari-ox10\\\/#breadcrumb\"},\"inLanguage\":\"fr-FR\",\"potentialAction\":[{\"@type\":\"ReadAction\",\"target\":[\"https:\\\/\\\/mondopelle.it\\\/fr\\\/shop\\\/chaussures\\\/mocassins\\\/mocassins-letizia-ferrari-ox10\\\/\"]}]},{\"@type\":\"ImageObject\",\"inLanguage\":\"fr-FR\",\"@id\":\"https:\\\/\\\/mondopelle.it\\\/fr\\\/shop\\\/chaussures\\\/mocassins\\\/mocassins-letizia-ferrari-ox10\\\/#primaryimage\",\"url\":\"https:\\\/\\\/mondopelle.it\\\/wp-content\\\/uploads\\\/2025\\\/02\\\/Foto-07-02-25-21-03-04-11.jpg\",\"contentUrl\":\"https:\\\/\\\/mondopelle.it\\\/wp-content\\\/uploads\\\/2025\\\/02\\\/Foto-07-02-25-21-03-04-11.jpg\",\"width\":1512,\"height\":1512},{\"@type\":\"BreadcrumbList\",\"@id\":\"https:\\\/\\\/mondopelle.it\\\/fr\\\/shop\\\/chaussures\\\/mocassins\\\/mocassins-letizia-ferrari-ox10\\\/#breadcrumb\",\"itemListElement\":[{\"@type\":\"ListItem\",\"position\":1,\"name\":\"Page d'accueil\",\"item\":\"https:\\\/\\\/mondopelle.it\\\/fr\\\/home-new\\\/\"},{\"@type\":\"ListItem\",\"position\":2,\"name\":\"Produits\",\"item\":\"https:\\\/\\\/mondopelle.it\\\/fr\\\/shop\\\/\"},{\"@type\":\"ListItem\",\"position\":3,\"name\":\"Mocassins Letizia Ferrari Ox10\"}]},{\"@type\":\"WebSite\",\"@id\":\"https:\\\/\\\/mondopelle.it\\\/fr\\\/#website\",\"url\":\"https:\\\/\\\/mondopelle.it\\\/fr\\\/\",\"name\":\"Mondopelle\",\"description\":\"\",\"publisher\":{\"@id\":\"https:\\\/\\\/mondopelle.it\\\/fr\\\/#organization\"},\"potentialAction\":[{\"@type\":\"SearchAction\",\"target\":{\"@type\":\"EntryPoint\",\"urlTemplate\":\"https:\\\/\\\/mondopelle.it\\\/fr\\\/?s={search_term_string}\"},\"query-input\":{\"@type\":\"PropertyValueSpecification\",\"valueRequired\":true,\"valueName\":\"search_term_string\"}}],\"inLanguage\":\"fr-FR\"},{\"@type\":\"Organization\",\"@id\":\"https:\\\/\\\/mondopelle.it\\\/fr\\\/#organization\",\"name\":\"Mondopelle\",\"url\":\"https:\\\/\\\/mondopelle.it\\\/fr\\\/\",\"logo\":{\"@type\":\"ImageObject\",\"inLanguage\":\"fr-FR\",\"@id\":\"https:\\\/\\\/mondopelle.it\\\/fr\\\/#\\\/schema\\\/logo\\\/image\\\/\",\"url\":\"https:\\\/\\\/mondopelle.it\\\/wp-content\\\/uploads\\\/2023\\\/07\\\/logo_mp-283x55-1.png\",\"contentUrl\":\"https:\\\/\\\/mondopelle.it\\\/wp-content\\\/uploads\\\/2023\\\/07\\\/logo_mp-283x55-1.png\",\"width\":283,\"height\":55,\"caption\":\"Mondopelle\"},\"image\":{\"@id\":\"https:\\\/\\\/mondopelle.it\\\/fr\\\/#\\\/schema\\\/logo\\\/image\\\/\"},\"sameAs\":[\"https:\\\/\\\/www.facebook.com\\\/mondopelle\\\/\",\"https:\\\/\\\/www.instagram.com\\\/mondopelle\\\/\"]}]}<\/script>\n<!-- \/ Yoast SEO plugin. -->","yoast_head_json":{"title":"Mocassins Letizia Ferrari Ox10 - Mondopelle","description":"Mocassins Letizia Ferrari Ox10 Vente en ligne dans le monde entier. \u2713 Livraison gratuite et rapide, paiement \u00e0 la livraison et retours faciles. Commandez chez Mondopelle et recevez le meilleur de la mode !","robots":{"index":"index","follow":"follow","max-snippet":"max-snippet:-1","max-image-preview":"max-image-preview:large","max-video-preview":"max-video-preview:-1"},"canonical":"https:\/\/mondopelle.it\/fr\/shop\/chaussures\/mocassins\/mocassins-letizia-ferrari-ox10\/","og_locale":"fr_FR","og_type":"article","og_title":"Mocassins Letizia Ferrari Ox10 - Mondopelle","og_description":"Mocassins Letizia Ferrari Ox10 Vente en ligne dans le monde entier. \u2713 Livraison gratuite et rapide, paiement \u00e0 la livraison et retours faciles. Commandez chez Mondopelle et recevez le meilleur de la mode !","og_url":"https:\/\/mondopelle.it\/fr\/shop\/chaussures\/mocassins\/mocassins-letizia-ferrari-ox10\/","og_site_name":"Mondopelle","article_publisher":"https:\/\/www.facebook.com\/mondopelle\/","article_modified_time":"2025-02-09T15:36:01+00:00","og_image":[{"width":1512,"height":1512,"url":"https:\/\/mondopelle.it\/wp-content\/uploads\/2025\/02\/Foto-07-02-25-21-03-04-11.jpg","type":"image\/jpeg"}],"twitter_card":"summary_large_image","twitter_misc":{"Dur\u00e9e de lecture estim\u00e9e":"1 minute"},"schema":{"@context":"https:\/\/schema.org","@graph":[{"@type":"WebPage","@id":"https:\/\/mondopelle.it\/fr\/shop\/chaussures\/mocassins\/mocassins-letizia-ferrari-ox10\/","url":"https:\/\/mondopelle.it\/fr\/shop\/chaussures\/mocassins\/mocassins-letizia-ferrari-ox10\/","name":"Mocassins Letizia Ferrari Ox10 - Mondopelle","isPartOf":{"@id":"https:\/\/mondopelle.it\/fr\/#website"},"primaryImageOfPage":{"@id":"https:\/\/mondopelle.it\/fr\/shop\/chaussures\/mocassins\/mocassins-letizia-ferrari-ox10\/#primaryimage"},"image":{"@id":"https:\/\/mondopelle.it\/fr\/shop\/chaussures\/mocassins\/mocassins-letizia-ferrari-ox10\/#primaryimage"},"thumbnailUrl":"https:\/\/mondopelle.it\/wp-content\/uploads\/2025\/02\/Foto-07-02-25-21-03-04-11.jpg","datePublished":"2025-02-09T15:12:10+00:00","dateModified":"2025-02-09T15:36:01+00:00","description":"Mocassins Letizia Ferrari Ox10 Vente en ligne dans le monde entier. \u2713 Livraison gratuite et rapide, paiement \u00e0 la livraison et retours faciles. Commandez chez Mondopelle et recevez le meilleur de la mode !","breadcrumb":{"@id":"https:\/\/mondopelle.it\/fr\/shop\/chaussures\/mocassins\/mocassins-letizia-ferrari-ox10\/#breadcrumb"},"inLanguage":"fr-FR","potentialAction":[{"@type":"ReadAction","target":["https:\/\/mondopelle.it\/fr\/shop\/chaussures\/mocassins\/mocassins-letizia-ferrari-ox10\/"]}]},{"@type":"ImageObject","inLanguage":"fr-FR","@id":"https:\/\/mondopelle.it\/fr\/shop\/chaussures\/mocassins\/mocassins-letizia-ferrari-ox10\/#primaryimage","url":"https:\/\/mondopelle.it\/wp-content\/uploads\/2025\/02\/Foto-07-02-25-21-03-04-11.jpg","contentUrl":"https:\/\/mondopelle.it\/wp-content\/uploads\/2025\/02\/Foto-07-02-25-21-03-04-11.jpg","width":1512,"height":1512},{"@type":"BreadcrumbList","@id":"https:\/\/mondopelle.it\/fr\/shop\/chaussures\/mocassins\/mocassins-letizia-ferrari-ox10\/#breadcrumb","itemListElement":[{"@type":"ListItem","position":1,"name":"Page d'accueil","item":"https:\/\/mondopelle.it\/fr\/home-new\/"},{"@type":"ListItem","position":2,"name":"Produits","item":"https:\/\/mondopelle.it\/fr\/shop\/"},{"@type":"ListItem","position":3,"name":"Mocassins Letizia Ferrari Ox10"}]},{"@type":"WebSite","@id":"https:\/\/mondopelle.it\/fr\/#website","url":"https:\/\/mondopelle.it\/fr\/","name":"Mondopelle","description":"","publisher":{"@id":"https:\/\/mondopelle.it\/fr\/#organization"},"potentialAction":[{"@type":"SearchAction","target":{"@type":"EntryPoint","urlTemplate":"https:\/\/mondopelle.it\/fr\/?s={search_term_string}"},"query-input":{"@type":"PropertyValueSpecification","valueRequired":true,"valueName":"search_term_string"}}],"inLanguage":"fr-FR"},{"@type":"Organization","@id":"https:\/\/mondopelle.it\/fr\/#organization","name":"Mondopelle","url":"https:\/\/mondopelle.it\/fr\/","logo":{"@type":"ImageObject","inLanguage":"fr-FR","@id":"https:\/\/mondopelle.it\/fr\/#\/schema\/logo\/image\/","url":"https:\/\/mondopelle.it\/wp-content\/uploads\/2023\/07\/logo_mp-283x55-1.png","contentUrl":"https:\/\/mondopelle.it\/wp-content\/uploads\/2023\/07\/logo_mp-283x55-1.png","width":283,"height":55,"caption":"Mondopelle"},"image":{"@id":"https:\/\/mondopelle.it\/fr\/#\/schema\/logo\/image\/"},"sameAs":["https:\/\/www.facebook.com\/mondopelle\/","https:\/\/www.instagram.com\/mondopelle\/"]}]}},"_links":{"self":[{"href":"https:\/\/mondopelle.it\/fr\/wp-json\/wp\/v2\/product\/75391","targetHints":{"allow":["GET"]}}],"collection":[{"href":"https:\/\/mondopelle.it\/fr\/wp-json\/wp\/v2\/product"}],"about":[{"href":"https:\/\/mondopelle.it\/fr\/wp-json\/wp\/v2\/types\/product"}],"replies":[{"embeddable":true,"href":"https:\/\/mondopelle.it\/fr\/wp-json\/wp\/v2\/comments?post=75391"}],"version-history":[{"count":0,"href":"https:\/\/mondopelle.it\/fr\/wp-json\/wp\/v2\/product\/75391\/revisions"}],"wp:featuredmedia":[{"embeddable":true,"href":"https:\/\/mondopelle.it\/fr\/wp-json\/wp\/v2\/media\/75443"}],"wp:attachment":[{"href":"https:\/\/mondopelle.it\/fr\/wp-json\/wp\/v2\/media?parent=75391"}],"wp:term":[{"taxonomy":"brand","embeddable":true,"href":"https:\/\/mondopelle.it\/fr\/wp-json\/wp\/v2\/etheme_brands?post=75391"},{"taxonomy":"product_brand","embeddable":true,"href":"https:\/\/mondopelle.it\/fr\/wp-json\/wp\/v2\/product_brand?post=75391"},{"taxonomy":"product_cat","embeddable":true,"href":"https:\/\/mondopelle.it\/fr\/wp-json\/wp\/v2\/product_cat?post=75391"},{"taxonomy":"product_tag","embeddable":true,"href":"https:\/\/mondopelle.it\/fr\/wp-json\/wp\/v2\/product_tag?post=75391"}],"curies":[{"name":"wp","href":"https:\/\/api.w.org\/{rel}","templated":true}]}}