{"id":75787,"date":"2025-02-09T18:48:38","date_gmt":"2025-02-09T16:48:38","guid":{"rendered":"https:\/\/mondopelle.it\/?post_type=product&#038;p=75787"},"modified":"2025-04-12T17:23:45","modified_gmt":"2025-04-12T15:23:45","slug":"sabot-letizia-ferrari-lns02-intrec","status":"publish","type":"product","link":"https:\/\/mondopelle.it\/fr\/shop\/chaussures\/sandales\/sabot-letizia-ferrari-lns02-intrec\/","title":{"rendered":"Sabot Letizia Ferrari Lns02 intrec"},"content":{"rendered":"<p class=\"whitespace-pre-wrap break-words\">Sabot Letizia Ferrari de la nouvelle collection : une interpr\u00e9tation minimaliste du luxe contemporain. Le design \u00e9pur\u00e9 et essentiel en version tiss\u00e9e s&#8217;inspire des tendances les plus sophistiqu\u00e9es de Jil Sander et JW Anderson, cr\u00e9ant un accessoire d&#8217;une beaut\u00e9 intemporelle.<\/p>\n<p class=\"whitespace-pre-wrap break-words\">Fabriqu\u00e9es en cuir bleu et en daim ultra-doux, ces sabots allient confort ergonomique et style minimaliste. L&#8217;assise plantaire anatomique avec soutien de la vo\u00fbte plantaire garantit un confort exceptionnel, tandis que les lignes pures et modernes d\u00e9finissent un design d&#8217;avant-garde.<\/p>\n<p class=\"whitespace-pre-wrap break-words\">La silhouette essentielle et la qualit\u00e9 de l&#8217;artisanat italien cr\u00e9ent un accessoire polyvalent \u00e0 l&#8217;\u00e9l\u00e9gance discr\u00e8te, parfait pour la femme qui appr\u00e9cie le luxe discret et le design contemporain.<\/p>\n","protected":false},"excerpt":{"rendered":"<p>Sabot Letizia Ferrari de la nouvelle collection : une interpr\u00e9tation minimaliste du luxe contemporain. Le design \u00e9pur\u00e9 et essentiel en version tiss\u00e9e s&#8217;inspire des tendances les plus sophistiqu\u00e9es de Jil Sander et JW Anderson, cr\u00e9ant un accessoire d&#8217;une beaut\u00e9 intemporelle. Fabriqu\u00e9es en cuir bleu et en daim ultra-doux, ces sabots allient confort ergonomique et style minimaliste. L&#8217;assise plantaire anatomique avec soutien de la vo\u00fbte plantaire garantit un confort exceptionnel, tandis que les lignes pures et&#8230;<\/p>\n","protected":false},"featured_media":75816,"comment_status":"open","ping_status":"closed","template":"","meta":[],"etheme_brands":[{"term_id":1449,"name":"Letizia Ferrari","slug":"letizia-ferrari-fr","term_group":0,"term_taxonomy_id":1449,"taxonomy":"brand","description":"Letizia Ferrari est l'un de nos fournisseurs de confiance, offrant une large s\u00e9lection de chaussures confortables de qualit\u00e9 sup\u00e9rieure.\r\n\r\nNous sommes passionn\u00e9s par la mode italienne et nous croyons fermement que les chaussures sont un \u00e9l\u00e9ment essentiel pour compl\u00e9ter n'importe quel look. Avec Letizia Ferrari, vous \u00eates s\u00fbre de trouver des chaussures qui allient parfaitement style et confort.\r\n\r\nLes mocassins Letizia Ferrari sont un classique intemporel. Fabriqu\u00e9s de mani\u00e8re artisanale et avec les meilleurs mat\u00e9riaux, ces mocassins sont le choix id\u00e9al pour ceux qui recherchent un look \u00e9l\u00e9gant et sophistiqu\u00e9. Leur confort est imbattable, gr\u00e2ce \u00e0 la semelle souple et au design ergonomique qui garantit un soutien optimal de vos pieds.\r\n\r\nSi vous recherchez une option plus polyvalente, les sandales Letizia Ferrari sont ce qu'il vous faut. Elles sont parfaites pour l'\u00e9t\u00e9 et peuvent \u00eatre associ\u00e9es \u00e0 n'importe quelle tenue. Avec une large gamme de couleurs et de styles disponibles, vous \u00eates s\u00fbre de trouver la paire de sandales qui convient \u00e0 votre style personnel.\r\n\r\nPour les journ\u00e9es d'\u00e9t\u00e9, les tongs Letizia Ferrari sont incontournables. Fabriqu\u00e9es dans des mat\u00e9riaux l\u00e9gers et respirants, elles offrent un maximum de confort et permettent d'arborer un style frais et \u00e0 la mode. Des sandales compens\u00e9es aux tongs \u00e9l\u00e9gantes, Letizia Ferrari offre une vari\u00e9t\u00e9 d'options pour chaque occasion.\r\n\r\nChoisissez Letizia Ferrari sur Mondopelle.it et d\u00e9couvrez la qualit\u00e9 et l'\u00e9l\u00e9gance des chaussures italiennes. Avec une large s\u00e9lection de mocassins, de bottines, de sandales et de pantoufles, Letizia Ferrari vous offre une exp\u00e9rience de shopping unique. Faites une d\u00e9claration de style avec les produits Letizia Ferrari et profitez du confort sans compromis que vos pieds m\u00e9ritent.","parent":0,"count":7,"filter":"raw"}],"product_brand":[],"product_cat":[1013,1207],"product_tag":[],"class_list":{"0":"post-75787","1":"product","2":"type-product","3":"status-publish","4":"has-post-thumbnail","6":"brand-letizia-ferrari-fr","7":"product_cat-chaussures","8":"product_cat-sandales","9":"pa_cvet-lazur","10":"pa_materialotdelkisnaruzhi-cuir-tresse","11":"pa_materialotdelkivnutri-non-double-fr","12":"pa_materialpodoshv-caoutchouc","13":"pa_razmer-36-fr","14":"pa_razmer-37-fr-2","15":"pa_razmer-38-fr-2","16":"pa_razmer-39-fr","17":"pa_sezon-printemps-ete","18":"pa_stranaproizvoditelx-italie","20":"first","21":"instock","22":"sale","23":"shipping-taxable","24":"purchasable","25":"product-type-variable","26":"has-default-attributes"},"yoast_head":"<!-- This site is optimized with the Yoast SEO plugin v27.5 - https:\/\/yoast.com\/product\/yoast-seo-wordpress\/ -->\n<title>Sabot Letizia Ferrari Lns02 intrec - Mondopelle<\/title>\n<meta name=\"description\" content=\"Sabot Letizia Ferrari Lns02 intrec Vente en ligne dans le monde entier. \u2713 Livraison gratuite et rapide, paiement \u00e0 la livraison et retours faciles. Commandez chez Mondopelle et recevez le meilleur de la mode !\" \/>\n<meta name=\"robots\" content=\"index, follow, max-snippet:-1, max-image-preview:large, max-video-preview:-1\" \/>\n<link rel=\"canonical\" href=\"https:\/\/mondopelle.it\/fr\/shop\/chaussures\/sandales\/sabot-letizia-ferrari-lns02-intrec\/\" \/>\n<meta property=\"og:locale\" content=\"fr_FR\" \/>\n<meta property=\"og:type\" content=\"article\" \/>\n<meta property=\"og:title\" content=\"Sabot Letizia Ferrari Lns02 intrec - Mondopelle\" \/>\n<meta property=\"og:description\" content=\"Sabot Letizia Ferrari Lns02 intrec Vente en ligne dans le monde entier. \u2713 Livraison gratuite et rapide, paiement \u00e0 la livraison et retours faciles. Commandez chez Mondopelle et recevez le meilleur de la mode !\" \/>\n<meta property=\"og:url\" content=\"https:\/\/mondopelle.it\/fr\/shop\/chaussures\/sandales\/sabot-letizia-ferrari-lns02-intrec\/\" \/>\n<meta property=\"og:site_name\" content=\"Mondopelle\" \/>\n<meta property=\"article:publisher\" content=\"https:\/\/www.facebook.com\/mondopelle\/\" \/>\n<meta property=\"article:modified_time\" content=\"2025-04-12T15:23:45+00:00\" \/>\n<meta property=\"og:image\" content=\"https:\/\/mondopelle.it\/wp-content\/uploads\/2025\/02\/Foto-09-02-25-17-54-05.jpg\" \/>\n\t<meta property=\"og:image:width\" content=\"1512\" \/>\n\t<meta property=\"og:image:height\" content=\"1512\" \/>\n\t<meta property=\"og:image:type\" content=\"image\/jpeg\" \/>\n<meta name=\"twitter:card\" content=\"summary_large_image\" \/>\n<meta name=\"twitter:label1\" content=\"Dur\u00e9e de lecture estim\u00e9e\" \/>\n\t<meta name=\"twitter:data1\" content=\"1 minute\" \/>\n<script type=\"application\/ld+json\" class=\"yoast-schema-graph\">{\"@context\":\"https:\\\/\\\/schema.org\",\"@graph\":[{\"@type\":\"WebPage\",\"@id\":\"https:\\\/\\\/mondopelle.it\\\/fr\\\/shop\\\/chaussures\\\/sandales\\\/sabot-letizia-ferrari-lns02-intrec\\\/\",\"url\":\"https:\\\/\\\/mondopelle.it\\\/fr\\\/shop\\\/chaussures\\\/sandales\\\/sabot-letizia-ferrari-lns02-intrec\\\/\",\"name\":\"Sabot Letizia Ferrari Lns02 intrec - Mondopelle\",\"isPartOf\":{\"@id\":\"https:\\\/\\\/mondopelle.it\\\/fr\\\/#website\"},\"primaryImageOfPage\":{\"@id\":\"https:\\\/\\\/mondopelle.it\\\/fr\\\/shop\\\/chaussures\\\/sandales\\\/sabot-letizia-ferrari-lns02-intrec\\\/#primaryimage\"},\"image\":{\"@id\":\"https:\\\/\\\/mondopelle.it\\\/fr\\\/shop\\\/chaussures\\\/sandales\\\/sabot-letizia-ferrari-lns02-intrec\\\/#primaryimage\"},\"thumbnailUrl\":\"https:\\\/\\\/mondopelle.it\\\/wp-content\\\/uploads\\\/2025\\\/02\\\/Foto-09-02-25-17-54-05.jpg\",\"datePublished\":\"2025-02-09T16:48:38+00:00\",\"dateModified\":\"2025-04-12T15:23:45+00:00\",\"description\":\"Sabot Letizia Ferrari Lns02 intrec Vente en ligne dans le monde entier. \u2713 Livraison gratuite et rapide, paiement \u00e0 la livraison et retours faciles. Commandez chez Mondopelle et recevez le meilleur de la mode !\",\"breadcrumb\":{\"@id\":\"https:\\\/\\\/mondopelle.it\\\/fr\\\/shop\\\/chaussures\\\/sandales\\\/sabot-letizia-ferrari-lns02-intrec\\\/#breadcrumb\"},\"inLanguage\":\"fr-FR\",\"potentialAction\":[{\"@type\":\"ReadAction\",\"target\":[\"https:\\\/\\\/mondopelle.it\\\/fr\\\/shop\\\/chaussures\\\/sandales\\\/sabot-letizia-ferrari-lns02-intrec\\\/\"]}]},{\"@type\":\"ImageObject\",\"inLanguage\":\"fr-FR\",\"@id\":\"https:\\\/\\\/mondopelle.it\\\/fr\\\/shop\\\/chaussures\\\/sandales\\\/sabot-letizia-ferrari-lns02-intrec\\\/#primaryimage\",\"url\":\"https:\\\/\\\/mondopelle.it\\\/wp-content\\\/uploads\\\/2025\\\/02\\\/Foto-09-02-25-17-54-05.jpg\",\"contentUrl\":\"https:\\\/\\\/mondopelle.it\\\/wp-content\\\/uploads\\\/2025\\\/02\\\/Foto-09-02-25-17-54-05.jpg\",\"width\":1512,\"height\":1512},{\"@type\":\"BreadcrumbList\",\"@id\":\"https:\\\/\\\/mondopelle.it\\\/fr\\\/shop\\\/chaussures\\\/sandales\\\/sabot-letizia-ferrari-lns02-intrec\\\/#breadcrumb\",\"itemListElement\":[{\"@type\":\"ListItem\",\"position\":1,\"name\":\"Page d'accueil\",\"item\":\"https:\\\/\\\/mondopelle.it\\\/fr\\\/home-new\\\/\"},{\"@type\":\"ListItem\",\"position\":2,\"name\":\"Produits\",\"item\":\"https:\\\/\\\/mondopelle.it\\\/fr\\\/shop\\\/\"},{\"@type\":\"ListItem\",\"position\":3,\"name\":\"Sabot Letizia Ferrari Lns02 intrec\"}]},{\"@type\":\"WebSite\",\"@id\":\"https:\\\/\\\/mondopelle.it\\\/fr\\\/#website\",\"url\":\"https:\\\/\\\/mondopelle.it\\\/fr\\\/\",\"name\":\"Mondopelle\",\"description\":\"\",\"publisher\":{\"@id\":\"https:\\\/\\\/mondopelle.it\\\/fr\\\/#organization\"},\"potentialAction\":[{\"@type\":\"SearchAction\",\"target\":{\"@type\":\"EntryPoint\",\"urlTemplate\":\"https:\\\/\\\/mondopelle.it\\\/fr\\\/?s={search_term_string}\"},\"query-input\":{\"@type\":\"PropertyValueSpecification\",\"valueRequired\":true,\"valueName\":\"search_term_string\"}}],\"inLanguage\":\"fr-FR\"},{\"@type\":\"Organization\",\"@id\":\"https:\\\/\\\/mondopelle.it\\\/fr\\\/#organization\",\"name\":\"Mondopelle\",\"url\":\"https:\\\/\\\/mondopelle.it\\\/fr\\\/\",\"logo\":{\"@type\":\"ImageObject\",\"inLanguage\":\"fr-FR\",\"@id\":\"https:\\\/\\\/mondopelle.it\\\/fr\\\/#\\\/schema\\\/logo\\\/image\\\/\",\"url\":\"https:\\\/\\\/mondopelle.it\\\/wp-content\\\/uploads\\\/2023\\\/07\\\/logo_mp-283x55-1.png\",\"contentUrl\":\"https:\\\/\\\/mondopelle.it\\\/wp-content\\\/uploads\\\/2023\\\/07\\\/logo_mp-283x55-1.png\",\"width\":283,\"height\":55,\"caption\":\"Mondopelle\"},\"image\":{\"@id\":\"https:\\\/\\\/mondopelle.it\\\/fr\\\/#\\\/schema\\\/logo\\\/image\\\/\"},\"sameAs\":[\"https:\\\/\\\/www.facebook.com\\\/mondopelle\\\/\",\"https:\\\/\\\/www.instagram.com\\\/mondopelle\\\/\"]}]}<\/script>\n<!-- \/ Yoast SEO plugin. -->","yoast_head_json":{"title":"Sabot Letizia Ferrari Lns02 intrec - Mondopelle","description":"Sabot Letizia Ferrari Lns02 intrec Vente en ligne dans le monde entier. \u2713 Livraison gratuite et rapide, paiement \u00e0 la livraison et retours faciles. Commandez chez Mondopelle et recevez le meilleur de la mode !","robots":{"index":"index","follow":"follow","max-snippet":"max-snippet:-1","max-image-preview":"max-image-preview:large","max-video-preview":"max-video-preview:-1"},"canonical":"https:\/\/mondopelle.it\/fr\/shop\/chaussures\/sandales\/sabot-letizia-ferrari-lns02-intrec\/","og_locale":"fr_FR","og_type":"article","og_title":"Sabot Letizia Ferrari Lns02 intrec - Mondopelle","og_description":"Sabot Letizia Ferrari Lns02 intrec Vente en ligne dans le monde entier. \u2713 Livraison gratuite et rapide, paiement \u00e0 la livraison et retours faciles. Commandez chez Mondopelle et recevez le meilleur de la mode !","og_url":"https:\/\/mondopelle.it\/fr\/shop\/chaussures\/sandales\/sabot-letizia-ferrari-lns02-intrec\/","og_site_name":"Mondopelle","article_publisher":"https:\/\/www.facebook.com\/mondopelle\/","article_modified_time":"2025-04-12T15:23:45+00:00","og_image":[{"width":1512,"height":1512,"url":"https:\/\/mondopelle.it\/wp-content\/uploads\/2025\/02\/Foto-09-02-25-17-54-05.jpg","type":"image\/jpeg"}],"twitter_card":"summary_large_image","twitter_misc":{"Dur\u00e9e de lecture estim\u00e9e":"1 minute"},"schema":{"@context":"https:\/\/schema.org","@graph":[{"@type":"WebPage","@id":"https:\/\/mondopelle.it\/fr\/shop\/chaussures\/sandales\/sabot-letizia-ferrari-lns02-intrec\/","url":"https:\/\/mondopelle.it\/fr\/shop\/chaussures\/sandales\/sabot-letizia-ferrari-lns02-intrec\/","name":"Sabot Letizia Ferrari Lns02 intrec - Mondopelle","isPartOf":{"@id":"https:\/\/mondopelle.it\/fr\/#website"},"primaryImageOfPage":{"@id":"https:\/\/mondopelle.it\/fr\/shop\/chaussures\/sandales\/sabot-letizia-ferrari-lns02-intrec\/#primaryimage"},"image":{"@id":"https:\/\/mondopelle.it\/fr\/shop\/chaussures\/sandales\/sabot-letizia-ferrari-lns02-intrec\/#primaryimage"},"thumbnailUrl":"https:\/\/mondopelle.it\/wp-content\/uploads\/2025\/02\/Foto-09-02-25-17-54-05.jpg","datePublished":"2025-02-09T16:48:38+00:00","dateModified":"2025-04-12T15:23:45+00:00","description":"Sabot Letizia Ferrari Lns02 intrec Vente en ligne dans le monde entier. \u2713 Livraison gratuite et rapide, paiement \u00e0 la livraison et retours faciles. Commandez chez Mondopelle et recevez le meilleur de la mode !","breadcrumb":{"@id":"https:\/\/mondopelle.it\/fr\/shop\/chaussures\/sandales\/sabot-letizia-ferrari-lns02-intrec\/#breadcrumb"},"inLanguage":"fr-FR","potentialAction":[{"@type":"ReadAction","target":["https:\/\/mondopelle.it\/fr\/shop\/chaussures\/sandales\/sabot-letizia-ferrari-lns02-intrec\/"]}]},{"@type":"ImageObject","inLanguage":"fr-FR","@id":"https:\/\/mondopelle.it\/fr\/shop\/chaussures\/sandales\/sabot-letizia-ferrari-lns02-intrec\/#primaryimage","url":"https:\/\/mondopelle.it\/wp-content\/uploads\/2025\/02\/Foto-09-02-25-17-54-05.jpg","contentUrl":"https:\/\/mondopelle.it\/wp-content\/uploads\/2025\/02\/Foto-09-02-25-17-54-05.jpg","width":1512,"height":1512},{"@type":"BreadcrumbList","@id":"https:\/\/mondopelle.it\/fr\/shop\/chaussures\/sandales\/sabot-letizia-ferrari-lns02-intrec\/#breadcrumb","itemListElement":[{"@type":"ListItem","position":1,"name":"Page d'accueil","item":"https:\/\/mondopelle.it\/fr\/home-new\/"},{"@type":"ListItem","position":2,"name":"Produits","item":"https:\/\/mondopelle.it\/fr\/shop\/"},{"@type":"ListItem","position":3,"name":"Sabot Letizia Ferrari Lns02 intrec"}]},{"@type":"WebSite","@id":"https:\/\/mondopelle.it\/fr\/#website","url":"https:\/\/mondopelle.it\/fr\/","name":"Mondopelle","description":"","publisher":{"@id":"https:\/\/mondopelle.it\/fr\/#organization"},"potentialAction":[{"@type":"SearchAction","target":{"@type":"EntryPoint","urlTemplate":"https:\/\/mondopelle.it\/fr\/?s={search_term_string}"},"query-input":{"@type":"PropertyValueSpecification","valueRequired":true,"valueName":"search_term_string"}}],"inLanguage":"fr-FR"},{"@type":"Organization","@id":"https:\/\/mondopelle.it\/fr\/#organization","name":"Mondopelle","url":"https:\/\/mondopelle.it\/fr\/","logo":{"@type":"ImageObject","inLanguage":"fr-FR","@id":"https:\/\/mondopelle.it\/fr\/#\/schema\/logo\/image\/","url":"https:\/\/mondopelle.it\/wp-content\/uploads\/2023\/07\/logo_mp-283x55-1.png","contentUrl":"https:\/\/mondopelle.it\/wp-content\/uploads\/2023\/07\/logo_mp-283x55-1.png","width":283,"height":55,"caption":"Mondopelle"},"image":{"@id":"https:\/\/mondopelle.it\/fr\/#\/schema\/logo\/image\/"},"sameAs":["https:\/\/www.facebook.com\/mondopelle\/","https:\/\/www.instagram.com\/mondopelle\/"]}]}},"_links":{"self":[{"href":"https:\/\/mondopelle.it\/fr\/wp-json\/wp\/v2\/product\/75787","targetHints":{"allow":["GET"]}}],"collection":[{"href":"https:\/\/mondopelle.it\/fr\/wp-json\/wp\/v2\/product"}],"about":[{"href":"https:\/\/mondopelle.it\/fr\/wp-json\/wp\/v2\/types\/product"}],"replies":[{"embeddable":true,"href":"https:\/\/mondopelle.it\/fr\/wp-json\/wp\/v2\/comments?post=75787"}],"version-history":[{"count":0,"href":"https:\/\/mondopelle.it\/fr\/wp-json\/wp\/v2\/product\/75787\/revisions"}],"wp:featuredmedia":[{"embeddable":true,"href":"https:\/\/mondopelle.it\/fr\/wp-json\/wp\/v2\/media\/75816"}],"wp:attachment":[{"href":"https:\/\/mondopelle.it\/fr\/wp-json\/wp\/v2\/media?parent=75787"}],"wp:term":[{"taxonomy":"brand","embeddable":true,"href":"https:\/\/mondopelle.it\/fr\/wp-json\/wp\/v2\/etheme_brands?post=75787"},{"taxonomy":"product_brand","embeddable":true,"href":"https:\/\/mondopelle.it\/fr\/wp-json\/wp\/v2\/product_brand?post=75787"},{"taxonomy":"product_cat","embeddable":true,"href":"https:\/\/mondopelle.it\/fr\/wp-json\/wp\/v2\/product_cat?post=75787"},{"taxonomy":"product_tag","embeddable":true,"href":"https:\/\/mondopelle.it\/fr\/wp-json\/wp\/v2\/product_tag?post=75787"}],"curies":[{"name":"wp","href":"https:\/\/api.w.org\/{rel}","templated":true}]}}