{"id":76241,"date":"2025-02-12T10:08:12","date_gmt":"2025-02-12T08:08:12","guid":{"rendered":"https:\/\/mondopelle.it\/?post_type=product&#038;p=76241"},"modified":"2025-02-12T10:25:25","modified_gmt":"2025-02-12T08:25:25","slug":"slingback-malu-3781fr","status":"publish","type":"product","link":"https:\/\/mondopelle.it\/fr\/shop\/chaussures\/chaussures-fr\/slingback-malu-3781fr\/","title":{"rendered":"Slingback Mal\u00f9 3781"},"content":{"rendered":"<p class=\"whitespace-pre-wrap break-words\">Slingback Mal\u00f9 en rose tendance : l&#8217;essence d&#8217;une \u00e9l\u00e9gante simplicit\u00e9. Le design \u00e9pur\u00e9 et essentiel met en valeur la couleur tendance, cr\u00e9ant une chaussure raffin\u00e9e et polyvalente pour la femme contemporaine.<\/p>\n<p class=\"whitespace-pre-wrap break-words\">Fabriqu\u00e9s en cuir souple de haute qualit\u00e9, ces escarpins incarnent l&#8217;\u00e9l\u00e9gance intemporelle du Made in Italy. La silhouette minimaliste convient parfaitement \u00e0 toutes les occasions, du bureau \u00e0 l&#8217;ap\u00e9ritif du soir.<\/p>\n","protected":false},"excerpt":{"rendered":"<p>Slingback Mal\u00f9 en rose tendance : l&#8217;essence d&#8217;une \u00e9l\u00e9gante simplicit\u00e9. Le design \u00e9pur\u00e9 et essentiel met en valeur la couleur tendance, cr\u00e9ant une chaussure raffin\u00e9e et polyvalente pour la femme contemporaine. Fabriqu\u00e9s en cuir souple de haute qualit\u00e9, ces escarpins incarnent l&#8217;\u00e9l\u00e9gance intemporelle du Made in Italy. La silhouette minimaliste convient parfaitement \u00e0 toutes les occasions, du bureau \u00e0 l&#8217;ap\u00e9ritif du soir.<\/p>\n","protected":false},"featured_media":76278,"comment_status":"open","ping_status":"closed","template":"","meta":[],"etheme_brands":[{"term_id":1446,"name":"Malu","slug":"malu-fr","term_group":0,"term_taxonomy_id":1446,"taxonomy":"brand","description":"Mal\u00f9 : L'\u00e9l\u00e9gance qui vous accompagne.\r\n\r\nMal\u00f9 est une marque italienne qui cr\u00e9e des chaussures de qualit\u00e9, confortables et belles, parfaites pour toutes les occasions. Sa mission est d'offrir \u00e0 ses clients des chaussures qui allient style et confort, afin de garantir une exp\u00e9rience de marche agr\u00e9able et sans compromis.\r\n\r\nChaque paire de chaussures Mal\u00f9 est soigneusement fabriqu\u00e9e \u00e0 partir des meilleurs mat\u00e9riaux italiens. Son \u00e9quipe d'artisans exp\u00e9riment\u00e9s travaille avec passion pour garantir des d\u00e9tails impeccables et un ajustement parfait.\r\n\r\nSes collections comprennent un large \u00e9ventail de styles, des escarpins classiques aux ballerines \u00e9l\u00e9gantes, des mocassins confortables aux sandales sophistiqu\u00e9es. Chaque mod\u00e8le est con\u00e7u pour mettre en valeur la f\u00e9minit\u00e9 et ajouter une touche de classe \u00e0 chaque tenue.\r\n\r\nLe confort est une priorit\u00e9 absolue. Les chaussures Mal\u00f9 sont dot\u00e9es de semelles int\u00e9rieures rembourr\u00e9es et de semelles flexibles qui garantissent un soutien optimal et un confort durable. Qu'il s'agisse d'une longue journ\u00e9e de travail ou d'une soir\u00e9e sp\u00e9ciale, les chaussures Mal\u00f9 vous permettent de marcher sans effort et avec style.\r\n\r\nChoisissez Mal\u00f9 et d\u00e9couvrez la fusion parfaite de la qualit\u00e9, du confort et de l'\u00e9l\u00e9gance. Chacun de vos pas sera l'occasion d'exprimer votre personnalit\u00e9 et de laisser votre empreinte avec style.","parent":0,"count":3,"filter":"raw"}],"product_brand":[],"product_cat":[1021,1013],"product_tag":[],"class_list":{"0":"post-76241","1":"product","2":"type-product","3":"status-publish","4":"has-post-thumbnail","6":"brand-malu-fr","7":"product_cat-chaussures-fr","8":"product_cat-chaussures","9":"pa_cvet-rose","10":"pa_materialotdelkisnaruzhi-cuir","11":"pa_materialotdelkivnutri-cuir","12":"pa_materialpodoshv-cuir","13":"pa_razmer-36-fr","14":"pa_razmer-37-fr-2","15":"pa_razmer-38-fr-2","16":"pa_razmer-39-fr","17":"pa_razmer-40-fr","18":"pa_razmer-41-fr","19":"pa_sezon-printemps-ete","20":"pa_stranaproizvoditelx-italie","21":"pa_vsotakabluka_sm-7-fr","23":"first","24":"instock","25":"sale","26":"shipping-taxable","27":"purchasable","28":"product-type-variable"},"yoast_head":"<!-- This site is optimized with the Yoast SEO plugin v27.5 - https:\/\/yoast.com\/product\/yoast-seo-wordpress\/ -->\n<title>Slingback Mal\u00f9 3781 - Mondopelle<\/title>\n<meta name=\"description\" content=\"Slingback Mal\u00f9 3781 Vente en ligne dans le monde entier. \u2713 Livraison gratuite et rapide, paiement \u00e0 la livraison et retours faciles. Commandez chez Mondopelle et recevez le meilleur de la mode !\" \/>\n<meta name=\"robots\" content=\"index, follow, max-snippet:-1, max-image-preview:large, max-video-preview:-1\" \/>\n<link rel=\"canonical\" href=\"https:\/\/mondopelle.it\/fr\/shop\/chaussures\/chaussures-fr\/slingback-malu-3781fr\/\" \/>\n<meta property=\"og:locale\" content=\"fr_FR\" \/>\n<meta property=\"og:type\" content=\"article\" \/>\n<meta property=\"og:title\" content=\"Slingback Mal\u00f9 3781 - Mondopelle\" \/>\n<meta property=\"og:description\" content=\"Slingback Mal\u00f9 3781 Vente en ligne dans le monde entier. \u2713 Livraison gratuite et rapide, paiement \u00e0 la livraison et retours faciles. Commandez chez Mondopelle et recevez le meilleur de la mode !\" \/>\n<meta property=\"og:url\" content=\"https:\/\/mondopelle.it\/fr\/shop\/chaussures\/chaussures-fr\/slingback-malu-3781fr\/\" \/>\n<meta property=\"og:site_name\" content=\"Mondopelle\" \/>\n<meta property=\"article:publisher\" content=\"https:\/\/www.facebook.com\/mondopelle\/\" \/>\n<meta property=\"article:modified_time\" content=\"2025-02-12T08:25:25+00:00\" \/>\n<meta property=\"og:image\" content=\"https:\/\/mondopelle.it\/wp-content\/uploads\/2025\/02\/Foto-12-02-25-09-07-21.jpg\" \/>\n\t<meta property=\"og:image:width\" content=\"1512\" \/>\n\t<meta property=\"og:image:height\" content=\"1512\" \/>\n\t<meta property=\"og:image:type\" content=\"image\/jpeg\" \/>\n<meta name=\"twitter:card\" content=\"summary_large_image\" \/>\n<meta name=\"twitter:label1\" content=\"Dur\u00e9e de lecture estim\u00e9e\" \/>\n\t<meta name=\"twitter:data1\" content=\"1 minute\" \/>\n<script type=\"application\/ld+json\" class=\"yoast-schema-graph\">{\"@context\":\"https:\\\/\\\/schema.org\",\"@graph\":[{\"@type\":\"WebPage\",\"@id\":\"https:\\\/\\\/mondopelle.it\\\/fr\\\/shop\\\/chaussures\\\/chaussures-fr\\\/slingback-malu-3781fr\\\/\",\"url\":\"https:\\\/\\\/mondopelle.it\\\/fr\\\/shop\\\/chaussures\\\/chaussures-fr\\\/slingback-malu-3781fr\\\/\",\"name\":\"Slingback Mal\u00f9 3781 - Mondopelle\",\"isPartOf\":{\"@id\":\"https:\\\/\\\/mondopelle.it\\\/fr\\\/#website\"},\"primaryImageOfPage\":{\"@id\":\"https:\\\/\\\/mondopelle.it\\\/fr\\\/shop\\\/chaussures\\\/chaussures-fr\\\/slingback-malu-3781fr\\\/#primaryimage\"},\"image\":{\"@id\":\"https:\\\/\\\/mondopelle.it\\\/fr\\\/shop\\\/chaussures\\\/chaussures-fr\\\/slingback-malu-3781fr\\\/#primaryimage\"},\"thumbnailUrl\":\"https:\\\/\\\/mondopelle.it\\\/wp-content\\\/uploads\\\/2025\\\/02\\\/Foto-12-02-25-09-07-21.jpg\",\"datePublished\":\"2025-02-12T08:08:12+00:00\",\"dateModified\":\"2025-02-12T08:25:25+00:00\",\"description\":\"Slingback Mal\u00f9 3781 Vente en ligne dans le monde entier. \u2713 Livraison gratuite et rapide, paiement \u00e0 la livraison et retours faciles. Commandez chez Mondopelle et recevez le meilleur de la mode !\",\"breadcrumb\":{\"@id\":\"https:\\\/\\\/mondopelle.it\\\/fr\\\/shop\\\/chaussures\\\/chaussures-fr\\\/slingback-malu-3781fr\\\/#breadcrumb\"},\"inLanguage\":\"fr-FR\",\"potentialAction\":[{\"@type\":\"ReadAction\",\"target\":[\"https:\\\/\\\/mondopelle.it\\\/fr\\\/shop\\\/chaussures\\\/chaussures-fr\\\/slingback-malu-3781fr\\\/\"]}]},{\"@type\":\"ImageObject\",\"inLanguage\":\"fr-FR\",\"@id\":\"https:\\\/\\\/mondopelle.it\\\/fr\\\/shop\\\/chaussures\\\/chaussures-fr\\\/slingback-malu-3781fr\\\/#primaryimage\",\"url\":\"https:\\\/\\\/mondopelle.it\\\/wp-content\\\/uploads\\\/2025\\\/02\\\/Foto-12-02-25-09-07-21.jpg\",\"contentUrl\":\"https:\\\/\\\/mondopelle.it\\\/wp-content\\\/uploads\\\/2025\\\/02\\\/Foto-12-02-25-09-07-21.jpg\",\"width\":1512,\"height\":1512},{\"@type\":\"BreadcrumbList\",\"@id\":\"https:\\\/\\\/mondopelle.it\\\/fr\\\/shop\\\/chaussures\\\/chaussures-fr\\\/slingback-malu-3781fr\\\/#breadcrumb\",\"itemListElement\":[{\"@type\":\"ListItem\",\"position\":1,\"name\":\"Page d'accueil\",\"item\":\"https:\\\/\\\/mondopelle.it\\\/fr\\\/home-new\\\/\"},{\"@type\":\"ListItem\",\"position\":2,\"name\":\"Produits\",\"item\":\"https:\\\/\\\/mondopelle.it\\\/fr\\\/shop\\\/\"},{\"@type\":\"ListItem\",\"position\":3,\"name\":\"Slingback Mal\u00f9 3781\"}]},{\"@type\":\"WebSite\",\"@id\":\"https:\\\/\\\/mondopelle.it\\\/fr\\\/#website\",\"url\":\"https:\\\/\\\/mondopelle.it\\\/fr\\\/\",\"name\":\"Mondopelle\",\"description\":\"\",\"publisher\":{\"@id\":\"https:\\\/\\\/mondopelle.it\\\/fr\\\/#organization\"},\"potentialAction\":[{\"@type\":\"SearchAction\",\"target\":{\"@type\":\"EntryPoint\",\"urlTemplate\":\"https:\\\/\\\/mondopelle.it\\\/fr\\\/?s={search_term_string}\"},\"query-input\":{\"@type\":\"PropertyValueSpecification\",\"valueRequired\":true,\"valueName\":\"search_term_string\"}}],\"inLanguage\":\"fr-FR\"},{\"@type\":\"Organization\",\"@id\":\"https:\\\/\\\/mondopelle.it\\\/fr\\\/#organization\",\"name\":\"Mondopelle\",\"url\":\"https:\\\/\\\/mondopelle.it\\\/fr\\\/\",\"logo\":{\"@type\":\"ImageObject\",\"inLanguage\":\"fr-FR\",\"@id\":\"https:\\\/\\\/mondopelle.it\\\/fr\\\/#\\\/schema\\\/logo\\\/image\\\/\",\"url\":\"https:\\\/\\\/mondopelle.it\\\/wp-content\\\/uploads\\\/2023\\\/07\\\/logo_mp-283x55-1.png\",\"contentUrl\":\"https:\\\/\\\/mondopelle.it\\\/wp-content\\\/uploads\\\/2023\\\/07\\\/logo_mp-283x55-1.png\",\"width\":283,\"height\":55,\"caption\":\"Mondopelle\"},\"image\":{\"@id\":\"https:\\\/\\\/mondopelle.it\\\/fr\\\/#\\\/schema\\\/logo\\\/image\\\/\"},\"sameAs\":[\"https:\\\/\\\/www.facebook.com\\\/mondopelle\\\/\",\"https:\\\/\\\/www.instagram.com\\\/mondopelle\\\/\"]}]}<\/script>\n<!-- \/ Yoast SEO plugin. -->","yoast_head_json":{"title":"Slingback Mal\u00f9 3781 - Mondopelle","description":"Slingback Mal\u00f9 3781 Vente en ligne dans le monde entier. \u2713 Livraison gratuite et rapide, paiement \u00e0 la livraison et retours faciles. Commandez chez Mondopelle et recevez le meilleur de la mode !","robots":{"index":"index","follow":"follow","max-snippet":"max-snippet:-1","max-image-preview":"max-image-preview:large","max-video-preview":"max-video-preview:-1"},"canonical":"https:\/\/mondopelle.it\/fr\/shop\/chaussures\/chaussures-fr\/slingback-malu-3781fr\/","og_locale":"fr_FR","og_type":"article","og_title":"Slingback Mal\u00f9 3781 - Mondopelle","og_description":"Slingback Mal\u00f9 3781 Vente en ligne dans le monde entier. \u2713 Livraison gratuite et rapide, paiement \u00e0 la livraison et retours faciles. Commandez chez Mondopelle et recevez le meilleur de la mode !","og_url":"https:\/\/mondopelle.it\/fr\/shop\/chaussures\/chaussures-fr\/slingback-malu-3781fr\/","og_site_name":"Mondopelle","article_publisher":"https:\/\/www.facebook.com\/mondopelle\/","article_modified_time":"2025-02-12T08:25:25+00:00","og_image":[{"width":1512,"height":1512,"url":"https:\/\/mondopelle.it\/wp-content\/uploads\/2025\/02\/Foto-12-02-25-09-07-21.jpg","type":"image\/jpeg"}],"twitter_card":"summary_large_image","twitter_misc":{"Dur\u00e9e de lecture estim\u00e9e":"1 minute"},"schema":{"@context":"https:\/\/schema.org","@graph":[{"@type":"WebPage","@id":"https:\/\/mondopelle.it\/fr\/shop\/chaussures\/chaussures-fr\/slingback-malu-3781fr\/","url":"https:\/\/mondopelle.it\/fr\/shop\/chaussures\/chaussures-fr\/slingback-malu-3781fr\/","name":"Slingback Mal\u00f9 3781 - Mondopelle","isPartOf":{"@id":"https:\/\/mondopelle.it\/fr\/#website"},"primaryImageOfPage":{"@id":"https:\/\/mondopelle.it\/fr\/shop\/chaussures\/chaussures-fr\/slingback-malu-3781fr\/#primaryimage"},"image":{"@id":"https:\/\/mondopelle.it\/fr\/shop\/chaussures\/chaussures-fr\/slingback-malu-3781fr\/#primaryimage"},"thumbnailUrl":"https:\/\/mondopelle.it\/wp-content\/uploads\/2025\/02\/Foto-12-02-25-09-07-21.jpg","datePublished":"2025-02-12T08:08:12+00:00","dateModified":"2025-02-12T08:25:25+00:00","description":"Slingback Mal\u00f9 3781 Vente en ligne dans le monde entier. \u2713 Livraison gratuite et rapide, paiement \u00e0 la livraison et retours faciles. Commandez chez Mondopelle et recevez le meilleur de la mode !","breadcrumb":{"@id":"https:\/\/mondopelle.it\/fr\/shop\/chaussures\/chaussures-fr\/slingback-malu-3781fr\/#breadcrumb"},"inLanguage":"fr-FR","potentialAction":[{"@type":"ReadAction","target":["https:\/\/mondopelle.it\/fr\/shop\/chaussures\/chaussures-fr\/slingback-malu-3781fr\/"]}]},{"@type":"ImageObject","inLanguage":"fr-FR","@id":"https:\/\/mondopelle.it\/fr\/shop\/chaussures\/chaussures-fr\/slingback-malu-3781fr\/#primaryimage","url":"https:\/\/mondopelle.it\/wp-content\/uploads\/2025\/02\/Foto-12-02-25-09-07-21.jpg","contentUrl":"https:\/\/mondopelle.it\/wp-content\/uploads\/2025\/02\/Foto-12-02-25-09-07-21.jpg","width":1512,"height":1512},{"@type":"BreadcrumbList","@id":"https:\/\/mondopelle.it\/fr\/shop\/chaussures\/chaussures-fr\/slingback-malu-3781fr\/#breadcrumb","itemListElement":[{"@type":"ListItem","position":1,"name":"Page d'accueil","item":"https:\/\/mondopelle.it\/fr\/home-new\/"},{"@type":"ListItem","position":2,"name":"Produits","item":"https:\/\/mondopelle.it\/fr\/shop\/"},{"@type":"ListItem","position":3,"name":"Slingback Mal\u00f9 3781"}]},{"@type":"WebSite","@id":"https:\/\/mondopelle.it\/fr\/#website","url":"https:\/\/mondopelle.it\/fr\/","name":"Mondopelle","description":"","publisher":{"@id":"https:\/\/mondopelle.it\/fr\/#organization"},"potentialAction":[{"@type":"SearchAction","target":{"@type":"EntryPoint","urlTemplate":"https:\/\/mondopelle.it\/fr\/?s={search_term_string}"},"query-input":{"@type":"PropertyValueSpecification","valueRequired":true,"valueName":"search_term_string"}}],"inLanguage":"fr-FR"},{"@type":"Organization","@id":"https:\/\/mondopelle.it\/fr\/#organization","name":"Mondopelle","url":"https:\/\/mondopelle.it\/fr\/","logo":{"@type":"ImageObject","inLanguage":"fr-FR","@id":"https:\/\/mondopelle.it\/fr\/#\/schema\/logo\/image\/","url":"https:\/\/mondopelle.it\/wp-content\/uploads\/2023\/07\/logo_mp-283x55-1.png","contentUrl":"https:\/\/mondopelle.it\/wp-content\/uploads\/2023\/07\/logo_mp-283x55-1.png","width":283,"height":55,"caption":"Mondopelle"},"image":{"@id":"https:\/\/mondopelle.it\/fr\/#\/schema\/logo\/image\/"},"sameAs":["https:\/\/www.facebook.com\/mondopelle\/","https:\/\/www.instagram.com\/mondopelle\/"]}]}},"_links":{"self":[{"href":"https:\/\/mondopelle.it\/fr\/wp-json\/wp\/v2\/product\/76241","targetHints":{"allow":["GET"]}}],"collection":[{"href":"https:\/\/mondopelle.it\/fr\/wp-json\/wp\/v2\/product"}],"about":[{"href":"https:\/\/mondopelle.it\/fr\/wp-json\/wp\/v2\/types\/product"}],"replies":[{"embeddable":true,"href":"https:\/\/mondopelle.it\/fr\/wp-json\/wp\/v2\/comments?post=76241"}],"version-history":[{"count":0,"href":"https:\/\/mondopelle.it\/fr\/wp-json\/wp\/v2\/product\/76241\/revisions"}],"wp:featuredmedia":[{"embeddable":true,"href":"https:\/\/mondopelle.it\/fr\/wp-json\/wp\/v2\/media\/76278"}],"wp:attachment":[{"href":"https:\/\/mondopelle.it\/fr\/wp-json\/wp\/v2\/media?parent=76241"}],"wp:term":[{"taxonomy":"brand","embeddable":true,"href":"https:\/\/mondopelle.it\/fr\/wp-json\/wp\/v2\/etheme_brands?post=76241"},{"taxonomy":"product_brand","embeddable":true,"href":"https:\/\/mondopelle.it\/fr\/wp-json\/wp\/v2\/product_brand?post=76241"},{"taxonomy":"product_cat","embeddable":true,"href":"https:\/\/mondopelle.it\/fr\/wp-json\/wp\/v2\/product_cat?post=76241"},{"taxonomy":"product_tag","embeddable":true,"href":"https:\/\/mondopelle.it\/fr\/wp-json\/wp\/v2\/product_tag?post=76241"}],"curies":[{"name":"wp","href":"https:\/\/api.w.org\/{rel}","templated":true}]}}