{"id":80106,"date":"2025-04-21T17:25:34","date_gmt":"2025-04-21T15:25:34","guid":{"rendered":"https:\/\/mondopelle.it\/?post_type=product&#038;p=80106"},"modified":"2025-04-21T18:05:56","modified_gmt":"2025-04-21T16:05:56","slug":"sac-a-dos-bruno-rossi-ml216","status":"publish","type":"product","link":"https:\/\/mondopelle.it\/fr\/shop\/accessoires\/sacs\/sac-a-dos-bruno-rossi-ml216\/","title":{"rendered":"Sac \u00e0 dos Bruno Rossi ML216"},"content":{"rendered":"<p class=\"\" data-end=\"225\" data-start=\"143\"><strong data-end=\"225\" data-start=\"143\">Bruno Rossi &#8211; sac \u00e0 dos convertible : 2 en 1, cuir toscan, style absolu<\/strong><\/p>\n<p class=\"\" data-end=\"500\" data-start=\"227\">Fonctionnalit\u00e9 et savoir-faire se rencontrent dans le nouveau <strong data-end=\"324\" data-start=\"280\">sac \u00e0 dos en cuir de Bruno Rossi<\/strong>.<br data-end=\"328\" data-start=\"325\" \/>Un mod\u00e8le astucieux qui se transforme en un geste d&#8217;un \u00e9l\u00e9gant sac \u00e0 main en un <strong data-end=\"435\" data-start=\"409\">sac \u00e0 dos de ville pratique<\/strong> &#8211; id\u00e9al pour celles qui vivent en mouvement sans sacrifier le style.<\/p>\n<p class=\"\" data-end=\"761\" data-start=\"502\">R\u00e9alis\u00e9 en <strong data-end=\"550\" data-start=\"516\">v\u00e9ritable cuir grain\u00e9 italien<\/strong>, avec des d\u00e9tails en m\u00e9tal dor\u00e9 et une double fermeture \u00e0 glissi\u00e8re, ce sac est compact mais spacieux, parfait pour un usage quotidien. Disponible en trois coloris : <strong data-end=\"760\" data-start=\"708\">noir classique, blanc \u00e9clatant et caramel chaud<\/strong>.<\/p>\n<p class=\"\" data-end=\"786\" data-start=\"768\"><strong data-end=\"786\" data-start=\"768\">Pourquoi l&#8217;aimer ?<\/strong><\/p>\n<ul data-end=\"952\" data-start=\"787\">\n<li class=\"\" data-end=\"819\" data-start=\"787\">\n<p class=\"\" data-end=\"819\" data-start=\"789\">Conception 2 en 1 : sac et sac \u00e0 dos<\/p>\n<\/li>\n<li class=\"\" data-end=\"856\" data-start=\"820\">\n<p class=\"\" data-end=\"856\" data-start=\"822\">Bretelles r\u00e9glables et amovibles<\/p>\n<\/li>\n<li class=\"\" data-end=\"897\" data-start=\"857\">\n<p class=\"\" data-end=\"897\" data-start=\"859\">Int\u00e9rieur bien organis\u00e9 et fonctionnel<\/p>\n<\/li>\n<li class=\"\" data-end=\"921\" data-start=\"898\">\n<p class=\"\" data-end=\"921\" data-start=\"900\">100% cuir italien<\/p>\n<\/li>\n<li class=\"\" data-end=\"952\" data-start=\"922\">\n<p class=\"\" data-end=\"952\" data-start=\"924\">Artisanat toscan<\/p>\n<\/li>\n<\/ul>\n<p class=\"\" data-end=\"1093\" data-start=\"959\">D\u00e9couvrez la praticit\u00e9 r\u00e9invent\u00e9e par <strong data-end=\"1009\" data-start=\"994\">Bruno Rossi<\/strong> chez Mondopelle &#8211; avec <strong data-end=\"1063\" data-start=\"1030\">livraison gratuite en Italie<\/strong> et dans le monde entier.<\/p>\n","protected":false},"excerpt":{"rendered":"<p>Bruno Rossi &#8211; sac \u00e0 dos convertible : 2 en 1, cuir toscan, style absolu Fonctionnalit\u00e9 et savoir-faire se rencontrent dans le nouveau sac \u00e0 dos en cuir de Bruno Rossi.Un mod\u00e8le astucieux qui se transforme en un geste d&#8217;un \u00e9l\u00e9gant sac \u00e0 main en un sac \u00e0 dos de ville pratique &#8211; id\u00e9al pour celles qui vivent en mouvement sans sacrifier le style. R\u00e9alis\u00e9 en v\u00e9ritable cuir grain\u00e9 italien, avec des d\u00e9tails en m\u00e9tal&#8230;<\/p>\n","protected":false},"featured_media":80213,"comment_status":"open","ping_status":"closed","template":"","meta":[],"etheme_brands":[{"term_id":1487,"name":"Bruno Rossi","slug":"bruno-rossi-fr","term_group":0,"term_taxonomy_id":1487,"taxonomy":"brand","description":"Bienvenue dans l'univers de Bruno Rossi Pelletterie, l'excellence toscane en mati\u00e8re de maroquinerie artisanale. Fond\u00e9e \u00e0 Florence, au c\u0153ur de la Toscane, notre entreprise perp\u00e9tue une tradition s\u00e9culaire d'artisanat et de passion pour la cr\u00e9ation de sacs \u00e0 main de haute qualit\u00e9. Les sacs \u00e0 main Bruno Rossi sont le r\u00e9sultat d'une combinaison unique de design italien raffin\u00e9 et d'artisanat traditionnel. Chaque pi\u00e8ce est fabriqu\u00e9e \u00e0 la main par nos artisans experts, qui consacrent soin et attention aux d\u00e9tails pour garantir un produit luxueux et durable. Les sacs sont fabriqu\u00e9s en utilisant uniquement les meilleurs mat\u00e9riaux italiens, soigneusement s\u00e9lectionn\u00e9s pour garantir la durabilit\u00e9, l'\u00e9l\u00e9gance et la fonctionnalit\u00e9. Chaque mod\u00e8le est con\u00e7u pour r\u00e9pondre aux besoins de ceux qui recherchent un accessoire de classe, capable de compl\u00e9ter chaque tenue avec style et personnalit\u00e9. Choisir un sac Bruno Rossi, c'est s'inscrire dans une tradition d'excellence et de passion pour la maroquinerie. Avec un souci constant de la satisfaction du client, nous offrons une exp\u00e9rience d'achat personnalis\u00e9e et un service client attentif et serviable. Explorez notre collection de sacs et d'accessoires et laissez-vous s\u00e9duire par la beaut\u00e9 et la qualit\u00e9 des cr\u00e9ations de la Pelletterie Bruno Rossi. Choisissez l'authenticit\u00e9 et l'\u00e9l\u00e9gance de la maroquinerie toscane, choisissez Bruno Rossi.","parent":0,"count":2,"filter":"raw"}],"product_brand":[],"product_cat":[991,997,1120],"product_tag":[],"class_list":{"0":"post-80106","1":"product","2":"type-product","3":"status-publish","4":"has-post-thumbnail","6":"brand-bruno-rossi-fr","7":"product_cat-accessoires","8":"product_cat-sacs","9":"product_cat-sacs-a-dos","10":"pa_cvet-blanc","11":"pa_cvet-bleu","12":"pa_cvet-noir","13":"pa_cvet-orange-fr","14":"pa_materialotdelkisnaruzhi-cuir","15":"pa_razmer_sm-24x16x7-fr","16":"pa_sezon-printemps-ete","17":"pa_stranaproizvoditelx-italie","19":"first","20":"instock","21":"sale","22":"shipping-taxable","23":"purchasable","24":"product-type-variable"},"yoast_head":"<!-- This site is optimized with the Yoast SEO plugin v27.5 - https:\/\/yoast.com\/product\/yoast-seo-wordpress\/ -->\n<title>Sac \u00e0 dos Bruno Rossi ML216 - Mondopelle<\/title>\n<meta name=\"description\" content=\"Sac \u00e0 dos Bruno Rossi ML216 Vente en ligne dans le monde entier. \u2713 Livraison gratuite et rapide, paiement \u00e0 la livraison et retours faciles. Commandez chez Mondopelle et recevez le meilleur de la mode !\" \/>\n<meta name=\"robots\" content=\"index, follow, max-snippet:-1, max-image-preview:large, max-video-preview:-1\" \/>\n<link rel=\"canonical\" href=\"https:\/\/mondopelle.it\/fr\/shop\/accessoires\/sacs\/sac-a-dos-bruno-rossi-ml216\/\" \/>\n<meta property=\"og:locale\" content=\"fr_FR\" \/>\n<meta property=\"og:type\" content=\"article\" \/>\n<meta property=\"og:title\" content=\"Sac \u00e0 dos Bruno Rossi ML216 - Mondopelle\" \/>\n<meta property=\"og:description\" content=\"Sac \u00e0 dos Bruno Rossi ML216 Vente en ligne dans le monde entier. \u2713 Livraison gratuite et rapide, paiement \u00e0 la livraison et retours faciles. Commandez chez Mondopelle et recevez le meilleur de la mode !\" \/>\n<meta property=\"og:url\" content=\"https:\/\/mondopelle.it\/fr\/shop\/accessoires\/sacs\/sac-a-dos-bruno-rossi-ml216\/\" \/>\n<meta property=\"og:site_name\" content=\"Mondopelle\" \/>\n<meta property=\"article:publisher\" content=\"https:\/\/www.facebook.com\/mondopelle\/\" \/>\n<meta property=\"article:modified_time\" content=\"2025-04-21T16:05:56+00:00\" \/>\n<meta property=\"og:image\" content=\"https:\/\/mondopelle.it\/wp-content\/uploads\/2025\/04\/Foto-21-04-25-17-49-47-17.jpg\" \/>\n\t<meta property=\"og:image:width\" content=\"1512\" \/>\n\t<meta property=\"og:image:height\" content=\"1512\" \/>\n\t<meta property=\"og:image:type\" content=\"image\/jpeg\" \/>\n<meta name=\"twitter:card\" content=\"summary_large_image\" \/>\n<meta name=\"twitter:label1\" content=\"Dur\u00e9e de lecture estim\u00e9e\" \/>\n\t<meta name=\"twitter:data1\" content=\"1 minute\" \/>\n<script type=\"application\/ld+json\" class=\"yoast-schema-graph\">{\"@context\":\"https:\\\/\\\/schema.org\",\"@graph\":[{\"@type\":\"WebPage\",\"@id\":\"https:\\\/\\\/mondopelle.it\\\/fr\\\/shop\\\/accessoires\\\/sacs\\\/sac-a-dos-bruno-rossi-ml216\\\/\",\"url\":\"https:\\\/\\\/mondopelle.it\\\/fr\\\/shop\\\/accessoires\\\/sacs\\\/sac-a-dos-bruno-rossi-ml216\\\/\",\"name\":\"Sac \u00e0 dos Bruno Rossi ML216 - Mondopelle\",\"isPartOf\":{\"@id\":\"https:\\\/\\\/mondopelle.it\\\/fr\\\/#website\"},\"primaryImageOfPage\":{\"@id\":\"https:\\\/\\\/mondopelle.it\\\/fr\\\/shop\\\/accessoires\\\/sacs\\\/sac-a-dos-bruno-rossi-ml216\\\/#primaryimage\"},\"image\":{\"@id\":\"https:\\\/\\\/mondopelle.it\\\/fr\\\/shop\\\/accessoires\\\/sacs\\\/sac-a-dos-bruno-rossi-ml216\\\/#primaryimage\"},\"thumbnailUrl\":\"https:\\\/\\\/mondopelle.it\\\/wp-content\\\/uploads\\\/2025\\\/04\\\/Foto-21-04-25-17-49-47-17.jpg\",\"datePublished\":\"2025-04-21T15:25:34+00:00\",\"dateModified\":\"2025-04-21T16:05:56+00:00\",\"description\":\"Sac \u00e0 dos Bruno Rossi ML216 Vente en ligne dans le monde entier. \u2713 Livraison gratuite et rapide, paiement \u00e0 la livraison et retours faciles. Commandez chez Mondopelle et recevez le meilleur de la mode !\",\"breadcrumb\":{\"@id\":\"https:\\\/\\\/mondopelle.it\\\/fr\\\/shop\\\/accessoires\\\/sacs\\\/sac-a-dos-bruno-rossi-ml216\\\/#breadcrumb\"},\"inLanguage\":\"fr-FR\",\"potentialAction\":[{\"@type\":\"ReadAction\",\"target\":[\"https:\\\/\\\/mondopelle.it\\\/fr\\\/shop\\\/accessoires\\\/sacs\\\/sac-a-dos-bruno-rossi-ml216\\\/\"]}]},{\"@type\":\"ImageObject\",\"inLanguage\":\"fr-FR\",\"@id\":\"https:\\\/\\\/mondopelle.it\\\/fr\\\/shop\\\/accessoires\\\/sacs\\\/sac-a-dos-bruno-rossi-ml216\\\/#primaryimage\",\"url\":\"https:\\\/\\\/mondopelle.it\\\/wp-content\\\/uploads\\\/2025\\\/04\\\/Foto-21-04-25-17-49-47-17.jpg\",\"contentUrl\":\"https:\\\/\\\/mondopelle.it\\\/wp-content\\\/uploads\\\/2025\\\/04\\\/Foto-21-04-25-17-49-47-17.jpg\",\"width\":1512,\"height\":1512},{\"@type\":\"BreadcrumbList\",\"@id\":\"https:\\\/\\\/mondopelle.it\\\/fr\\\/shop\\\/accessoires\\\/sacs\\\/sac-a-dos-bruno-rossi-ml216\\\/#breadcrumb\",\"itemListElement\":[{\"@type\":\"ListItem\",\"position\":1,\"name\":\"Page d'accueil\",\"item\":\"https:\\\/\\\/mondopelle.it\\\/fr\\\/home-new\\\/\"},{\"@type\":\"ListItem\",\"position\":2,\"name\":\"Produits\",\"item\":\"https:\\\/\\\/mondopelle.it\\\/fr\\\/shop\\\/\"},{\"@type\":\"ListItem\",\"position\":3,\"name\":\"Sac \u00e0 dos Bruno Rossi ML216\"}]},{\"@type\":\"WebSite\",\"@id\":\"https:\\\/\\\/mondopelle.it\\\/fr\\\/#website\",\"url\":\"https:\\\/\\\/mondopelle.it\\\/fr\\\/\",\"name\":\"Mondopelle\",\"description\":\"\",\"publisher\":{\"@id\":\"https:\\\/\\\/mondopelle.it\\\/fr\\\/#organization\"},\"potentialAction\":[{\"@type\":\"SearchAction\",\"target\":{\"@type\":\"EntryPoint\",\"urlTemplate\":\"https:\\\/\\\/mondopelle.it\\\/fr\\\/?s={search_term_string}\"},\"query-input\":{\"@type\":\"PropertyValueSpecification\",\"valueRequired\":true,\"valueName\":\"search_term_string\"}}],\"inLanguage\":\"fr-FR\"},{\"@type\":\"Organization\",\"@id\":\"https:\\\/\\\/mondopelle.it\\\/fr\\\/#organization\",\"name\":\"Mondopelle\",\"url\":\"https:\\\/\\\/mondopelle.it\\\/fr\\\/\",\"logo\":{\"@type\":\"ImageObject\",\"inLanguage\":\"fr-FR\",\"@id\":\"https:\\\/\\\/mondopelle.it\\\/fr\\\/#\\\/schema\\\/logo\\\/image\\\/\",\"url\":\"https:\\\/\\\/mondopelle.it\\\/wp-content\\\/uploads\\\/2023\\\/07\\\/logo_mp-283x55-1.png\",\"contentUrl\":\"https:\\\/\\\/mondopelle.it\\\/wp-content\\\/uploads\\\/2023\\\/07\\\/logo_mp-283x55-1.png\",\"width\":283,\"height\":55,\"caption\":\"Mondopelle\"},\"image\":{\"@id\":\"https:\\\/\\\/mondopelle.it\\\/fr\\\/#\\\/schema\\\/logo\\\/image\\\/\"},\"sameAs\":[\"https:\\\/\\\/www.facebook.com\\\/mondopelle\\\/\",\"https:\\\/\\\/www.instagram.com\\\/mondopelle\\\/\"]}]}<\/script>\n<!-- \/ Yoast SEO plugin. -->","yoast_head_json":{"title":"Sac \u00e0 dos Bruno Rossi ML216 - Mondopelle","description":"Sac \u00e0 dos Bruno Rossi ML216 Vente en ligne dans le monde entier. \u2713 Livraison gratuite et rapide, paiement \u00e0 la livraison et retours faciles. Commandez chez Mondopelle et recevez le meilleur de la mode !","robots":{"index":"index","follow":"follow","max-snippet":"max-snippet:-1","max-image-preview":"max-image-preview:large","max-video-preview":"max-video-preview:-1"},"canonical":"https:\/\/mondopelle.it\/fr\/shop\/accessoires\/sacs\/sac-a-dos-bruno-rossi-ml216\/","og_locale":"fr_FR","og_type":"article","og_title":"Sac \u00e0 dos Bruno Rossi ML216 - Mondopelle","og_description":"Sac \u00e0 dos Bruno Rossi ML216 Vente en ligne dans le monde entier. \u2713 Livraison gratuite et rapide, paiement \u00e0 la livraison et retours faciles. Commandez chez Mondopelle et recevez le meilleur de la mode !","og_url":"https:\/\/mondopelle.it\/fr\/shop\/accessoires\/sacs\/sac-a-dos-bruno-rossi-ml216\/","og_site_name":"Mondopelle","article_publisher":"https:\/\/www.facebook.com\/mondopelle\/","article_modified_time":"2025-04-21T16:05:56+00:00","og_image":[{"width":1512,"height":1512,"url":"https:\/\/mondopelle.it\/wp-content\/uploads\/2025\/04\/Foto-21-04-25-17-49-47-17.jpg","type":"image\/jpeg"}],"twitter_card":"summary_large_image","twitter_misc":{"Dur\u00e9e de lecture estim\u00e9e":"1 minute"},"schema":{"@context":"https:\/\/schema.org","@graph":[{"@type":"WebPage","@id":"https:\/\/mondopelle.it\/fr\/shop\/accessoires\/sacs\/sac-a-dos-bruno-rossi-ml216\/","url":"https:\/\/mondopelle.it\/fr\/shop\/accessoires\/sacs\/sac-a-dos-bruno-rossi-ml216\/","name":"Sac \u00e0 dos Bruno Rossi ML216 - Mondopelle","isPartOf":{"@id":"https:\/\/mondopelle.it\/fr\/#website"},"primaryImageOfPage":{"@id":"https:\/\/mondopelle.it\/fr\/shop\/accessoires\/sacs\/sac-a-dos-bruno-rossi-ml216\/#primaryimage"},"image":{"@id":"https:\/\/mondopelle.it\/fr\/shop\/accessoires\/sacs\/sac-a-dos-bruno-rossi-ml216\/#primaryimage"},"thumbnailUrl":"https:\/\/mondopelle.it\/wp-content\/uploads\/2025\/04\/Foto-21-04-25-17-49-47-17.jpg","datePublished":"2025-04-21T15:25:34+00:00","dateModified":"2025-04-21T16:05:56+00:00","description":"Sac \u00e0 dos Bruno Rossi ML216 Vente en ligne dans le monde entier. \u2713 Livraison gratuite et rapide, paiement \u00e0 la livraison et retours faciles. Commandez chez Mondopelle et recevez le meilleur de la mode !","breadcrumb":{"@id":"https:\/\/mondopelle.it\/fr\/shop\/accessoires\/sacs\/sac-a-dos-bruno-rossi-ml216\/#breadcrumb"},"inLanguage":"fr-FR","potentialAction":[{"@type":"ReadAction","target":["https:\/\/mondopelle.it\/fr\/shop\/accessoires\/sacs\/sac-a-dos-bruno-rossi-ml216\/"]}]},{"@type":"ImageObject","inLanguage":"fr-FR","@id":"https:\/\/mondopelle.it\/fr\/shop\/accessoires\/sacs\/sac-a-dos-bruno-rossi-ml216\/#primaryimage","url":"https:\/\/mondopelle.it\/wp-content\/uploads\/2025\/04\/Foto-21-04-25-17-49-47-17.jpg","contentUrl":"https:\/\/mondopelle.it\/wp-content\/uploads\/2025\/04\/Foto-21-04-25-17-49-47-17.jpg","width":1512,"height":1512},{"@type":"BreadcrumbList","@id":"https:\/\/mondopelle.it\/fr\/shop\/accessoires\/sacs\/sac-a-dos-bruno-rossi-ml216\/#breadcrumb","itemListElement":[{"@type":"ListItem","position":1,"name":"Page d'accueil","item":"https:\/\/mondopelle.it\/fr\/home-new\/"},{"@type":"ListItem","position":2,"name":"Produits","item":"https:\/\/mondopelle.it\/fr\/shop\/"},{"@type":"ListItem","position":3,"name":"Sac \u00e0 dos Bruno Rossi ML216"}]},{"@type":"WebSite","@id":"https:\/\/mondopelle.it\/fr\/#website","url":"https:\/\/mondopelle.it\/fr\/","name":"Mondopelle","description":"","publisher":{"@id":"https:\/\/mondopelle.it\/fr\/#organization"},"potentialAction":[{"@type":"SearchAction","target":{"@type":"EntryPoint","urlTemplate":"https:\/\/mondopelle.it\/fr\/?s={search_term_string}"},"query-input":{"@type":"PropertyValueSpecification","valueRequired":true,"valueName":"search_term_string"}}],"inLanguage":"fr-FR"},{"@type":"Organization","@id":"https:\/\/mondopelle.it\/fr\/#organization","name":"Mondopelle","url":"https:\/\/mondopelle.it\/fr\/","logo":{"@type":"ImageObject","inLanguage":"fr-FR","@id":"https:\/\/mondopelle.it\/fr\/#\/schema\/logo\/image\/","url":"https:\/\/mondopelle.it\/wp-content\/uploads\/2023\/07\/logo_mp-283x55-1.png","contentUrl":"https:\/\/mondopelle.it\/wp-content\/uploads\/2023\/07\/logo_mp-283x55-1.png","width":283,"height":55,"caption":"Mondopelle"},"image":{"@id":"https:\/\/mondopelle.it\/fr\/#\/schema\/logo\/image\/"},"sameAs":["https:\/\/www.facebook.com\/mondopelle\/","https:\/\/www.instagram.com\/mondopelle\/"]}]}},"_links":{"self":[{"href":"https:\/\/mondopelle.it\/fr\/wp-json\/wp\/v2\/product\/80106","targetHints":{"allow":["GET"]}}],"collection":[{"href":"https:\/\/mondopelle.it\/fr\/wp-json\/wp\/v2\/product"}],"about":[{"href":"https:\/\/mondopelle.it\/fr\/wp-json\/wp\/v2\/types\/product"}],"replies":[{"embeddable":true,"href":"https:\/\/mondopelle.it\/fr\/wp-json\/wp\/v2\/comments?post=80106"}],"version-history":[{"count":0,"href":"https:\/\/mondopelle.it\/fr\/wp-json\/wp\/v2\/product\/80106\/revisions"}],"wp:featuredmedia":[{"embeddable":true,"href":"https:\/\/mondopelle.it\/fr\/wp-json\/wp\/v2\/media\/80213"}],"wp:attachment":[{"href":"https:\/\/mondopelle.it\/fr\/wp-json\/wp\/v2\/media?parent=80106"}],"wp:term":[{"taxonomy":"brand","embeddable":true,"href":"https:\/\/mondopelle.it\/fr\/wp-json\/wp\/v2\/etheme_brands?post=80106"},{"taxonomy":"product_brand","embeddable":true,"href":"https:\/\/mondopelle.it\/fr\/wp-json\/wp\/v2\/product_brand?post=80106"},{"taxonomy":"product_cat","embeddable":true,"href":"https:\/\/mondopelle.it\/fr\/wp-json\/wp\/v2\/product_cat?post=80106"},{"taxonomy":"product_tag","embeddable":true,"href":"https:\/\/mondopelle.it\/fr\/wp-json\/wp\/v2\/product_tag?post=80106"}],"curies":[{"name":"wp","href":"https:\/\/api.w.org\/{rel}","templated":true}]}}