{"id":80631,"date":"2025-04-25T10:45:39","date_gmt":"2025-04-25T08:45:39","guid":{"rendered":"https:\/\/mondopelle.it\/?post_type=product&#038;p=80631"},"modified":"2025-04-25T10:57:10","modified_gmt":"2025-04-25T08:57:10","slug":"sac-sara-burglar-tania-leaf-2527","status":"publish","type":"product","link":"https:\/\/mondopelle.it\/fr\/shop\/accessoires\/sacs\/sac-sara-burglar-tania-leaf-2527\/","title":{"rendered":"Sac Sara Burglar Tania leaf 2527"},"content":{"rendered":"<p class=\"\" data-end=\"201\" data-start=\"86\"><strong data-end=\"201\" data-start=\"86\">Sara Burglar &#8211; Sac \u00e0 main avec relief et cadenas : le d\u00e9tail qui fait la diff\u00e9rence<\/strong><\/p>\n<p class=\"\" data-end=\"544\" data-start=\"203\">Quand le cuir rencontre le design, quelque chose de sp\u00e9cial na\u00eet.<br data-end=\"269\" data-start=\"266\" \/>Ce <strong data-end=\"313\" data-start=\"276\">sac \u00e0 main Sara Burglar<\/strong> est r\u00e9alis\u00e9 en <strong data-end=\"353\" data-start=\"330\">cuir italien v\u00e9ritable<\/strong> avec un gaufrage raffin\u00e9 \u00e0 effet feuille, symbole du savoir-faire de la marque.<br data-end=\"450\" data-start=\"447\" \/>Le cadenas dor\u00e9 d\u00e9coratif ajoute une touche de bijou qui le rend unique et inimitable.<\/p>\n<p class=\"\" data-end=\"786\" data-start=\"546\">Compact et spacieux, il est dot\u00e9 d&#8217;une <strong data-end=\"604\" data-start=\"580\">double poign\u00e9e rigide<\/strong> et d&#8217;une <strong data-end=\"643\" data-start=\"607\">bandouli\u00e8re r\u00e9glable et amovible<\/strong> qui permet de le porter \u00e0 la main ou \u00e0 l&#8217;\u00e9paule.<br data-end=\"685\" data-start=\"682\" \/>Disponible en <strong data-end=\"716\" data-start=\"700\">blanc cr\u00e8me<\/strong> et en <strong data-end=\"734\" data-start=\"719\">cuir miel<\/strong>, deux teintes polyvalentes parfaites pour toutes les saisons.<\/p>\n<p class=\"\" data-end=\"806\" data-start=\"793\"><strong data-end=\"806\" data-start=\"793\">D\u00e9tails :<\/strong><\/p>\n<ul data-end=\"1007\" data-start=\"807\">\n<li class=\"\" data-end=\"851\" data-start=\"807\">\n<p class=\"\" data-end=\"851\" data-start=\"809\">Cuir v\u00e9ritable gaufr\u00e9 et martel\u00e9<\/p>\n<\/li>\n<li class=\"\" data-end=\"900\" data-start=\"852\">\n<p class=\"\" data-end=\"900\" data-start=\"854\">Cadenas d\u00e9coratif avec fermoir en m\u00e9tal<\/p>\n<\/li>\n<li class=\"\" data-end=\"937\" data-start=\"901\">\n<p class=\"\" data-end=\"937\" data-start=\"903\">Double poign\u00e9e et bandouli\u00e8re incluses<\/p>\n<\/li>\n<li class=\"\" data-end=\"969\" data-start=\"938\">\n<p class=\"\" data-end=\"969\" data-start=\"940\">Int\u00e9rieur doubl\u00e9 avec poches<\/p>\n<\/li>\n<li class=\"\" data-end=\"1007\" data-start=\"970\">\n<p class=\"\" data-end=\"1007\" data-start=\"972\">Logo Sara Burglar en m\u00e9tal dor\u00e9<\/p>\n<\/li>\n<\/ul>\n<p class=\"\" data-end=\"1185\" data-start=\"1014\">Un accessoire qui exprime le caract\u00e8re, la f\u00e9minit\u00e9 et la qualit\u00e9.<br data-end=\"1076\" data-start=\"1073\" \/>Disponible d\u00e8s maintenant chez <strong data-end=\"1109\" data-start=\"1095\">Mondopelle<\/strong> &#8211; <strong data-end=\"1151\" data-start=\"1112\">livraison gratuite dans toute l&#8217;Italie<\/strong> et rapide \u00e0 l&#8217;international.<\/p>\n","protected":false},"excerpt":{"rendered":"<p>Sara Burglar &#8211; Sac \u00e0 main avec relief et cadenas : le d\u00e9tail qui fait la diff\u00e9rence Quand le cuir rencontre le design, quelque chose de sp\u00e9cial na\u00eet.Ce sac \u00e0 main Sara Burglar est r\u00e9alis\u00e9 en cuir italien v\u00e9ritable avec un gaufrage raffin\u00e9 \u00e0 effet feuille, symbole du savoir-faire de la marque.Le cadenas dor\u00e9 d\u00e9coratif ajoute une touche de bijou qui le rend unique et inimitable. Compact et spacieux, il est dot\u00e9 d&#8217;une double poign\u00e9e&#8230;<\/p>\n","protected":false},"featured_media":82416,"comment_status":"open","ping_status":"closed","template":"","meta":[],"etheme_brands":[{"term_id":948,"name":"Sara Burglar","slug":"sara-burglar-fr","term_group":0,"term_taxonomy_id":948,"taxonomy":"brand","description":"<strong>L'excellence des sacs Sara Burglar : l\u00e0 o\u00f9 l'Art rencontre le Style<\/strong>\r\n\r\nAu c\u0153ur de l'Italie, na\u00eet une ic\u00f4ne de la mode : la marque Sara Burglar. Ses sacs, de v\u00e9ritables \u0153uvres d'art, sont le fruit d'une tradition artisanale transmise de g\u00e9n\u00e9ration en g\u00e9n\u00e9ration. Acheter un sac Sara Burglar, c'est plonger dans une \u00e9l\u00e9gance intemporelle o\u00f9 chaque d\u00e9tail est une d\u00e9claration de style.\r\n\r\n<strong>Sacs Sara Burglar : Pure Raffinement Made in Italy<\/strong>\r\n\r\nLes collections de la marque Sara Burglar, issues d'un savoir-faire in\u00e9gal\u00e9, incarnent l'authenticit\u00e9 du \"Made in Italy\". Fabriqu\u00e9s exclusivement avec des mat\u00e9riaux naturels de haute qualit\u00e9, chaque sac estampill\u00e9 Sara Burglar est un chef-d'\u0153uvre qui s'int\u00e8gre parfaitement \u00e0 votre quotidien, garantissant style et confort en toute occasion.\r\n\r\n<strong>D\u00e9couvrez notre collection compl\u00e8te :<\/strong>\r\n<ul>\r\n \t<li>Sacs \u00e9l\u00e9gants : Pour les femmes raffin\u00e9es en qu\u00eate d'une touche de glamour \u00e0 tout moment.<\/li>\r\n \t<li>Sacs d\u00e9contract\u00e9s pour le quotidien : Des designs con\u00e7us pour les jeunes dynamiques qui ne veulent pas sacrifier le style au quotidien.<\/li>\r\n \t<li>Porte-documents pour femmes d'affaires : Fonctionnalit\u00e9 et \u00e9l\u00e9gance r\u00e9unies pour vous accompagner dans vos journ\u00e9es de travail.<\/li>\r\n \t<li>Sacs de voyage et valises : Confort et style sans compromis pour chaque aventure.<\/li>\r\n<\/ul>\r\n<strong>Portez l'\u00e9l\u00e9gance avec vous : Accessoires pour chaque occasion<\/strong>\r\n\r\nMais Sara Burglar offre bien plus que de simples sacs. Explorez notre gamme d'accessoires :\r\n<ul>\r\n \t<li>Portefeuilles et porte-monnaie pour femmes et hommes : Parfaits pour ceux qui recherchent la fonctionnalit\u00e9 sans sacrifier le style.<\/li>\r\n \t<li>Sacs \u00e0 dos \u00e9l\u00e9gants : Pour les femmes et les hommes, alliant praticit\u00e9 et design tendance.<\/li>\r\n<\/ul>\r\n<strong>D\u00e9couvrez Sara Burglar : Achats en magasin et en ligne<\/strong>\r\n\r\nDans notre magasin mondopelle.it, plongez dans l'univers des collections Sara Burglar. Explorez la large gamme de mod\u00e8les, des designs d\u00e9contract\u00e9s pour un usage quotidien aux \u00e9l\u00e9gants sacs de soir\u00e9e, des porte-documents aux sacs de voyage et valises. Chaque visite est un voyage \u00e0 travers les nouvelles collections de la marque Sara Burglar, o\u00f9 la qualit\u00e9 et l'esth\u00e9tique convergent. Et pour plus de commodit\u00e9, explorez et achetez dans notre boutique en ligne pour acc\u00e9der aux collections exclusives et aux offres sp\u00e9ciales, y compris les r\u00e9ductions dans notre outlet. Jetez un \u0153il aux propositions avec des remises irr\u00e9sistibles et d\u00e9couvrez la vari\u00e9t\u00e9 de mod\u00e8les disponibles \u00e0 un prix avantageux.\r\n\r\n<strong>Exp\u00e9riences authentiques : D\u00e9couvrez ce que disent nos clients<\/strong>\r\n\r\nLaissez-vous inspirer par les exp\u00e9riences de nos clients. Les commentaires enthousiastes se trouvent sur notre page d\u00e9di\u00e9e aux t\u00e9moignages, o\u00f9 la satisfaction de ceux qui ont choisi Sara Burglar parle d'elle-m\u00eame.\r\n\r\n<strong>Ventes de Sara Burglar dans notre outlet<\/strong>\r\n\r\nPour ceux qui recherchent une bonne affaire, visitez notre section outlet. Vous trouverez des r\u00e9ductions et des ventes sur de nombreux de nos sacs exclusifs. \u00c9conomisez sans compromettre le style, vous pouvez faire votre achat depuis notre page de ventes.\r\n\r\n<strong>Sara Burglar : l\u00e0 o\u00f9 la qualit\u00e9 rencontre la polyvalence<\/strong>\r\n\r\nSara Burglar cr\u00e9e non seulement des sacs, mais des exp\u00e9riences de style. Notre production comprend les sacs de soir\u00e9e les plus raffin\u00e9s, des portefeuilles exclusifs, des sacs \u00e0 dos pratiques et des sacs de voyage sophistiqu\u00e9s, tous fabriqu\u00e9s en cuir de qualit\u00e9 sup\u00e9rieure. Chaque pi\u00e8ce est une \u0153uvre d'art, une fusion de mode, de fonctionnalit\u00e9 et de durabilit\u00e9. Sara Burglar : Plus qu'un sac, un symbole de votre style.","parent":0,"count":3,"filter":"raw"}],"product_brand":[],"product_cat":[991,997],"product_tag":[],"class_list":{"0":"post-80631","1":"product","2":"type-product","3":"status-publish","4":"has-post-thumbnail","6":"brand-sara-burglar-fr","7":"product_cat-accessoires","8":"product_cat-sacs","9":"pa_cvet-beige","10":"pa_cvet-blanc","11":"pa_materialotdelkisnaruzhi-cuir","12":"pa_sezon-printemps-ete","13":"pa_stranaproizvoditelx-italie","15":"first","16":"instock","17":"sale","18":"shipping-taxable","19":"purchasable","20":"product-type-variable"},"yoast_head":"<!-- This site is optimized with the Yoast SEO plugin v27.5 - https:\/\/yoast.com\/product\/yoast-seo-wordpress\/ -->\n<title>Sac Sara Burglar Tania leaf 2527 - Mondopelle<\/title>\n<meta name=\"description\" content=\"Sac Sara Burglar Tania leaf 2527 Vente en ligne dans le monde entier. \u2713 Livraison gratuite et rapide, paiement \u00e0 la livraison et retours faciles. Commandez chez Mondopelle et recevez le meilleur de la mode !\" \/>\n<meta name=\"robots\" content=\"index, follow, max-snippet:-1, max-image-preview:large, max-video-preview:-1\" \/>\n<link rel=\"canonical\" href=\"https:\/\/mondopelle.it\/fr\/shop\/accessoires\/sacs\/sac-sara-burglar-tania-leaf-2527\/\" \/>\n<meta property=\"og:locale\" content=\"fr_FR\" \/>\n<meta property=\"og:type\" content=\"article\" \/>\n<meta property=\"og:title\" content=\"Sac Sara Burglar Tania leaf 2527 - Mondopelle\" \/>\n<meta property=\"og:description\" content=\"Sac Sara Burglar Tania leaf 2527 Vente en ligne dans le monde entier. \u2713 Livraison gratuite et rapide, paiement \u00e0 la livraison et retours faciles. Commandez chez Mondopelle et recevez le meilleur de la mode !\" \/>\n<meta property=\"og:url\" content=\"https:\/\/mondopelle.it\/fr\/shop\/accessoires\/sacs\/sac-sara-burglar-tania-leaf-2527\/\" \/>\n<meta property=\"og:site_name\" content=\"Mondopelle\" \/>\n<meta property=\"article:publisher\" content=\"https:\/\/www.facebook.com\/mondopelle\/\" \/>\n<meta property=\"article:modified_time\" content=\"2025-04-25T08:57:10+00:00\" \/>\n<meta property=\"og:image\" content=\"https:\/\/mondopelle.it\/wp-content\/uploads\/2025\/04\/Foto-25-04-25-10-44-01-1.jpg\" \/>\n\t<meta property=\"og:image:width\" content=\"1512\" \/>\n\t<meta property=\"og:image:height\" content=\"1512\" \/>\n\t<meta property=\"og:image:type\" content=\"image\/jpeg\" \/>\n<meta name=\"twitter:card\" content=\"summary_large_image\" \/>\n<meta name=\"twitter:label1\" content=\"Dur\u00e9e de lecture estim\u00e9e\" \/>\n\t<meta name=\"twitter:data1\" content=\"2 minutes\" \/>\n<script type=\"application\/ld+json\" class=\"yoast-schema-graph\">{\"@context\":\"https:\\\/\\\/schema.org\",\"@graph\":[{\"@type\":\"WebPage\",\"@id\":\"https:\\\/\\\/mondopelle.it\\\/fr\\\/shop\\\/accessoires\\\/sacs\\\/sac-sara-burglar-tania-leaf-2527\\\/\",\"url\":\"https:\\\/\\\/mondopelle.it\\\/fr\\\/shop\\\/accessoires\\\/sacs\\\/sac-sara-burglar-tania-leaf-2527\\\/\",\"name\":\"Sac Sara Burglar Tania leaf 2527 - Mondopelle\",\"isPartOf\":{\"@id\":\"https:\\\/\\\/mondopelle.it\\\/fr\\\/#website\"},\"primaryImageOfPage\":{\"@id\":\"https:\\\/\\\/mondopelle.it\\\/fr\\\/shop\\\/accessoires\\\/sacs\\\/sac-sara-burglar-tania-leaf-2527\\\/#primaryimage\"},\"image\":{\"@id\":\"https:\\\/\\\/mondopelle.it\\\/fr\\\/shop\\\/accessoires\\\/sacs\\\/sac-sara-burglar-tania-leaf-2527\\\/#primaryimage\"},\"thumbnailUrl\":\"https:\\\/\\\/mondopelle.it\\\/wp-content\\\/uploads\\\/2025\\\/04\\\/Photoroom-20260227-075401.jpeg\",\"datePublished\":\"2025-04-25T08:45:39+00:00\",\"dateModified\":\"2025-04-25T08:57:10+00:00\",\"description\":\"Sac Sara Burglar Tania leaf 2527 Vente en ligne dans le monde entier. \u2713 Livraison gratuite et rapide, paiement \u00e0 la livraison et retours faciles. Commandez chez Mondopelle et recevez le meilleur de la mode !\",\"breadcrumb\":{\"@id\":\"https:\\\/\\\/mondopelle.it\\\/fr\\\/shop\\\/accessoires\\\/sacs\\\/sac-sara-burglar-tania-leaf-2527\\\/#breadcrumb\"},\"inLanguage\":\"fr-FR\",\"potentialAction\":[{\"@type\":\"ReadAction\",\"target\":[\"https:\\\/\\\/mondopelle.it\\\/fr\\\/shop\\\/accessoires\\\/sacs\\\/sac-sara-burglar-tania-leaf-2527\\\/\"]}]},{\"@type\":\"ImageObject\",\"inLanguage\":\"fr-FR\",\"@id\":\"https:\\\/\\\/mondopelle.it\\\/fr\\\/shop\\\/accessoires\\\/sacs\\\/sac-sara-burglar-tania-leaf-2527\\\/#primaryimage\",\"url\":\"https:\\\/\\\/mondopelle.it\\\/wp-content\\\/uploads\\\/2025\\\/04\\\/Photoroom-20260227-075401.jpeg\",\"contentUrl\":\"https:\\\/\\\/mondopelle.it\\\/wp-content\\\/uploads\\\/2025\\\/04\\\/Photoroom-20260227-075401.jpeg\",\"width\":1512,\"height\":1512},{\"@type\":\"BreadcrumbList\",\"@id\":\"https:\\\/\\\/mondopelle.it\\\/fr\\\/shop\\\/accessoires\\\/sacs\\\/sac-sara-burglar-tania-leaf-2527\\\/#breadcrumb\",\"itemListElement\":[{\"@type\":\"ListItem\",\"position\":1,\"name\":\"Page d'accueil\",\"item\":\"https:\\\/\\\/mondopelle.it\\\/fr\\\/home-new\\\/\"},{\"@type\":\"ListItem\",\"position\":2,\"name\":\"Produits\",\"item\":\"https:\\\/\\\/mondopelle.it\\\/fr\\\/shop\\\/\"},{\"@type\":\"ListItem\",\"position\":3,\"name\":\"Sac Sara Burglar Tania leaf 2527\"}]},{\"@type\":\"WebSite\",\"@id\":\"https:\\\/\\\/mondopelle.it\\\/fr\\\/#website\",\"url\":\"https:\\\/\\\/mondopelle.it\\\/fr\\\/\",\"name\":\"Mondopelle\",\"description\":\"\",\"publisher\":{\"@id\":\"https:\\\/\\\/mondopelle.it\\\/fr\\\/#organization\"},\"potentialAction\":[{\"@type\":\"SearchAction\",\"target\":{\"@type\":\"EntryPoint\",\"urlTemplate\":\"https:\\\/\\\/mondopelle.it\\\/fr\\\/?s={search_term_string}\"},\"query-input\":{\"@type\":\"PropertyValueSpecification\",\"valueRequired\":true,\"valueName\":\"search_term_string\"}}],\"inLanguage\":\"fr-FR\"},{\"@type\":\"Organization\",\"@id\":\"https:\\\/\\\/mondopelle.it\\\/fr\\\/#organization\",\"name\":\"Mondopelle\",\"url\":\"https:\\\/\\\/mondopelle.it\\\/fr\\\/\",\"logo\":{\"@type\":\"ImageObject\",\"inLanguage\":\"fr-FR\",\"@id\":\"https:\\\/\\\/mondopelle.it\\\/fr\\\/#\\\/schema\\\/logo\\\/image\\\/\",\"url\":\"https:\\\/\\\/mondopelle.it\\\/wp-content\\\/uploads\\\/2023\\\/07\\\/logo_mp-283x55-1.png\",\"contentUrl\":\"https:\\\/\\\/mondopelle.it\\\/wp-content\\\/uploads\\\/2023\\\/07\\\/logo_mp-283x55-1.png\",\"width\":283,\"height\":55,\"caption\":\"Mondopelle\"},\"image\":{\"@id\":\"https:\\\/\\\/mondopelle.it\\\/fr\\\/#\\\/schema\\\/logo\\\/image\\\/\"},\"sameAs\":[\"https:\\\/\\\/www.facebook.com\\\/mondopelle\\\/\",\"https:\\\/\\\/www.instagram.com\\\/mondopelle\\\/\"]}]}<\/script>\n<!-- \/ Yoast SEO plugin. -->","yoast_head_json":{"title":"Sac Sara Burglar Tania leaf 2527 - Mondopelle","description":"Sac Sara Burglar Tania leaf 2527 Vente en ligne dans le monde entier. \u2713 Livraison gratuite et rapide, paiement \u00e0 la livraison et retours faciles. Commandez chez Mondopelle et recevez le meilleur de la mode !","robots":{"index":"index","follow":"follow","max-snippet":"max-snippet:-1","max-image-preview":"max-image-preview:large","max-video-preview":"max-video-preview:-1"},"canonical":"https:\/\/mondopelle.it\/fr\/shop\/accessoires\/sacs\/sac-sara-burglar-tania-leaf-2527\/","og_locale":"fr_FR","og_type":"article","og_title":"Sac Sara Burglar Tania leaf 2527 - Mondopelle","og_description":"Sac Sara Burglar Tania leaf 2527 Vente en ligne dans le monde entier. \u2713 Livraison gratuite et rapide, paiement \u00e0 la livraison et retours faciles. Commandez chez Mondopelle et recevez le meilleur de la mode !","og_url":"https:\/\/mondopelle.it\/fr\/shop\/accessoires\/sacs\/sac-sara-burglar-tania-leaf-2527\/","og_site_name":"Mondopelle","article_publisher":"https:\/\/www.facebook.com\/mondopelle\/","article_modified_time":"2025-04-25T08:57:10+00:00","og_image":[{"width":1512,"height":1512,"url":"https:\/\/mondopelle.it\/wp-content\/uploads\/2025\/04\/Foto-25-04-25-10-44-01-1.jpg","type":"image\/jpeg"}],"twitter_card":"summary_large_image","twitter_misc":{"Dur\u00e9e de lecture estim\u00e9e":"2 minutes"},"schema":{"@context":"https:\/\/schema.org","@graph":[{"@type":"WebPage","@id":"https:\/\/mondopelle.it\/fr\/shop\/accessoires\/sacs\/sac-sara-burglar-tania-leaf-2527\/","url":"https:\/\/mondopelle.it\/fr\/shop\/accessoires\/sacs\/sac-sara-burglar-tania-leaf-2527\/","name":"Sac Sara Burglar Tania leaf 2527 - Mondopelle","isPartOf":{"@id":"https:\/\/mondopelle.it\/fr\/#website"},"primaryImageOfPage":{"@id":"https:\/\/mondopelle.it\/fr\/shop\/accessoires\/sacs\/sac-sara-burglar-tania-leaf-2527\/#primaryimage"},"image":{"@id":"https:\/\/mondopelle.it\/fr\/shop\/accessoires\/sacs\/sac-sara-burglar-tania-leaf-2527\/#primaryimage"},"thumbnailUrl":"https:\/\/mondopelle.it\/wp-content\/uploads\/2025\/04\/Photoroom-20260227-075401.jpeg","datePublished":"2025-04-25T08:45:39+00:00","dateModified":"2025-04-25T08:57:10+00:00","description":"Sac Sara Burglar Tania leaf 2527 Vente en ligne dans le monde entier. \u2713 Livraison gratuite et rapide, paiement \u00e0 la livraison et retours faciles. Commandez chez Mondopelle et recevez le meilleur de la mode !","breadcrumb":{"@id":"https:\/\/mondopelle.it\/fr\/shop\/accessoires\/sacs\/sac-sara-burglar-tania-leaf-2527\/#breadcrumb"},"inLanguage":"fr-FR","potentialAction":[{"@type":"ReadAction","target":["https:\/\/mondopelle.it\/fr\/shop\/accessoires\/sacs\/sac-sara-burglar-tania-leaf-2527\/"]}]},{"@type":"ImageObject","inLanguage":"fr-FR","@id":"https:\/\/mondopelle.it\/fr\/shop\/accessoires\/sacs\/sac-sara-burglar-tania-leaf-2527\/#primaryimage","url":"https:\/\/mondopelle.it\/wp-content\/uploads\/2025\/04\/Photoroom-20260227-075401.jpeg","contentUrl":"https:\/\/mondopelle.it\/wp-content\/uploads\/2025\/04\/Photoroom-20260227-075401.jpeg","width":1512,"height":1512},{"@type":"BreadcrumbList","@id":"https:\/\/mondopelle.it\/fr\/shop\/accessoires\/sacs\/sac-sara-burglar-tania-leaf-2527\/#breadcrumb","itemListElement":[{"@type":"ListItem","position":1,"name":"Page d'accueil","item":"https:\/\/mondopelle.it\/fr\/home-new\/"},{"@type":"ListItem","position":2,"name":"Produits","item":"https:\/\/mondopelle.it\/fr\/shop\/"},{"@type":"ListItem","position":3,"name":"Sac Sara Burglar Tania leaf 2527"}]},{"@type":"WebSite","@id":"https:\/\/mondopelle.it\/fr\/#website","url":"https:\/\/mondopelle.it\/fr\/","name":"Mondopelle","description":"","publisher":{"@id":"https:\/\/mondopelle.it\/fr\/#organization"},"potentialAction":[{"@type":"SearchAction","target":{"@type":"EntryPoint","urlTemplate":"https:\/\/mondopelle.it\/fr\/?s={search_term_string}"},"query-input":{"@type":"PropertyValueSpecification","valueRequired":true,"valueName":"search_term_string"}}],"inLanguage":"fr-FR"},{"@type":"Organization","@id":"https:\/\/mondopelle.it\/fr\/#organization","name":"Mondopelle","url":"https:\/\/mondopelle.it\/fr\/","logo":{"@type":"ImageObject","inLanguage":"fr-FR","@id":"https:\/\/mondopelle.it\/fr\/#\/schema\/logo\/image\/","url":"https:\/\/mondopelle.it\/wp-content\/uploads\/2023\/07\/logo_mp-283x55-1.png","contentUrl":"https:\/\/mondopelle.it\/wp-content\/uploads\/2023\/07\/logo_mp-283x55-1.png","width":283,"height":55,"caption":"Mondopelle"},"image":{"@id":"https:\/\/mondopelle.it\/fr\/#\/schema\/logo\/image\/"},"sameAs":["https:\/\/www.facebook.com\/mondopelle\/","https:\/\/www.instagram.com\/mondopelle\/"]}]}},"_links":{"self":[{"href":"https:\/\/mondopelle.it\/fr\/wp-json\/wp\/v2\/product\/80631","targetHints":{"allow":["GET"]}}],"collection":[{"href":"https:\/\/mondopelle.it\/fr\/wp-json\/wp\/v2\/product"}],"about":[{"href":"https:\/\/mondopelle.it\/fr\/wp-json\/wp\/v2\/types\/product"}],"replies":[{"embeddable":true,"href":"https:\/\/mondopelle.it\/fr\/wp-json\/wp\/v2\/comments?post=80631"}],"version-history":[{"count":0,"href":"https:\/\/mondopelle.it\/fr\/wp-json\/wp\/v2\/product\/80631\/revisions"}],"wp:featuredmedia":[{"embeddable":true,"href":"https:\/\/mondopelle.it\/fr\/wp-json\/wp\/v2\/media\/82416"}],"wp:attachment":[{"href":"https:\/\/mondopelle.it\/fr\/wp-json\/wp\/v2\/media?parent=80631"}],"wp:term":[{"taxonomy":"brand","embeddable":true,"href":"https:\/\/mondopelle.it\/fr\/wp-json\/wp\/v2\/etheme_brands?post=80631"},{"taxonomy":"product_brand","embeddable":true,"href":"https:\/\/mondopelle.it\/fr\/wp-json\/wp\/v2\/product_brand?post=80631"},{"taxonomy":"product_cat","embeddable":true,"href":"https:\/\/mondopelle.it\/fr\/wp-json\/wp\/v2\/product_cat?post=80631"},{"taxonomy":"product_tag","embeddable":true,"href":"https:\/\/mondopelle.it\/fr\/wp-json\/wp\/v2\/product_tag?post=80631"}],"curies":[{"name":"wp","href":"https:\/\/api.w.org\/{rel}","templated":true}]}}